{"id":11745,"date":"2017-06-22T09:11:07","date_gmt":"2017-06-22T07:11:07","guid":{"rendered":"https:\/\/zkeshop.sk\/produkt\/exactme-hydratacni-krem-nizkomolekularni-kys-ha-arganovy-olej-50ml\/"},"modified":"2025-02-17T14:35:34","modified_gmt":"2025-02-17T13:35:34","slug":"exactme-hydratacni-krem-nizkomolekularni-kys-ha-arganovy-olej-50ml","status":"publish","type":"product","link":"https:\/\/zkeshop.sk\/cs\/produkt\/exactme-hydratacni-krem-nizkomolekularni-kys-ha-arganovy-olej-50ml\/","title":{"rendered":"ExactME &#8211; hydrata\u010dn\u00ed ple\u0165ov\u00fd kr\u00e9m s arganov\u00fdm olejem a skvalanem 50ml"},"content":{"rendered":"<div class=\"wpb-content-wrapper\"><p><strong>Hydrata\u010dn\u00ed kr\u00e9m na obli\u010dej ExactME<\/strong> obsahuje:<\/p>\n<p>Vy\u017eivuj\u00edc\u00ed arganov\u00fd olej a skvalan, kter\u00e9 pom\u00e1haj\u00ed udr\u017eovat poko\u017eku hydratovanou a podporuj\u00ed jej\u00ed plnost a hebkost. P\u0159\u00edrodn\u00ed vitamin E je vynikaj\u00edc\u00edm antioxidantem. Hydrata\u010dn\u00ed glycerin a hydrata\u010dn\u00ed slo\u017eka p\u0159\u00edrodn\u00edho p\u016fvodu betain tak\u00e9 chr\u00e1n\u00ed ko\u017en\u00ed bu\u0148ky p\u0159ed vysou\u0161en\u00edm.<br \/>\nKlinicky ov\u011b\u0159en\u00e9 \u00fa\u010dinn\u00e9 l\u00e1tky, kyselina hyaluronov\u00e1 s velmi n\u00edzkou molekulovou hmotnost\u00ed, kter\u00e1 podle klinick\u00fdch studi\u00ed dok\u00e1\u017ee proniknout do spodn\u00edch vrstev poko\u017eky, pom\u00e1h\u00e1 redukovat vr\u00e1sky, zlep\u0161uje strukturu pleti a zlep\u0161uje funkci ko\u017en\u00ed bari\u00e9ry.<\/p>\n<p><strong>BENEFITY<\/strong><\/p>\n<ul>\n<li>Kr\u00e9m pro ka\u017edodenn\u00ed pou\u017eit\u00ed<\/li>\n<li>Pou\u017eit\u00ed r\u00e1no a ve\u010der<\/li>\n<li>Slo\u017een\u00ed sv\u011btla<\/li>\n<li>Vhodn\u00e9 pro v\u0161echny typy pleti<\/li>\n<li>a\u017e o 92 % hydratovan\u011bj\u0161\u00ed ple\u0165 po pravideln\u00e9m pou\u017e\u00edv\u00e1n\u00ed<\/li>\n<\/ul>\n<h5><strong>APLIKACE<\/strong><\/h5>\n<ul>\n<li>Pou\u017e\u00edvejte r\u00e1no a ve\u010der na d\u016fkladn\u011b odl\u00ed\u010denou a vy\u010di\u0161t\u011bnou ple\u0165, v\u017edy v kroku p\u0159ed s\u00e9rem ExactYOU.<\/li>\n<li>Pro zv\u00fd\u0161en\u00ed \u00fa\u010dinku doporu\u010dujeme kombinovat se s\u00e9rem ExactYOU.<\/li>\n<li>Nikdy nem\u00edchejte kr\u00e9m se s\u00e9rem<\/li>\n<li>Rozet\u0159ete jemn\u00fdm vtla\u010den\u00edm do poko\u017eky.<\/li>\n<li>P\u0159i zasa\u017een\u00ed o\u010d\u00ed d\u016fkladn\u011b vypl\u00e1chn\u011bte dostate\u010dn\u00fdm mno\u017estv\u00edm vody.<\/li>\n<li>Skladujte p\u0159i teplot\u011b 20 &#8211; 25 \u00b0C mimo dosah d\u011bt\u00ed.<\/li>\n<\/ul>\n<p>P\u0159ed ka\u017ed\u00fdm pou\u017eit\u00edm kr\u00e9m prot\u0159epejte.<\/p>\n<p>P\u0159ed nanesen\u00edm kr\u00e9mu ple\u0165 d\u016fkladn\u011b exfoliujte (exfoliace + \u010di\u0161t\u011bn\u00ed + tonizace) a po vst\u0159eb\u00e1n\u00ed kr\u00e9mu do pleti naneste s\u00e9rum ExactYOU.<\/p>\n<p><strong>Slo\u017een\u00ed:<\/strong> Stearoylglutam\u00e1t sodn\u00fd, polyglycerin-3, skvalan., voda, betain, glycerin, hydrogenovan\u00fd ethylhexyloliv\u00e1t, hydrogenovan\u00fd olivov\u00fd olej bez m\u00fddla, cetearyl alkohol, glyceryl stear\u00e1t, jojobov\u00e9 estery, vosk ze semen Helianthus Annuus, skvalan, Argania Spinosa Kernel Oil, Xylitylglukosid, Anhydroxylitol, Xylitol, Fenoxyethanol, Brassicyl Isoleucinate Esylate, Brassica Alcohol, Sodium Hyaluronate, Tocopherol, Parfum, Beta-Sitosterol, Squalene, Ethylhexylglycerin.[\/vc_column_text][\/vc_column][\/vc_row]<\/p>\n<\/div>","protected":false},"excerpt":{"rendered":"<p>Lehk\u00fd hydrata\u010dn\u00ed kr\u00e9m s p\u0159\u00edjemnou texturou a v\u016fn\u00ed, rychle se vst\u0159eb\u00e1vaj\u00edc\u00ed konzistenc\u00ed, zanech\u00e1v\u00e1 poko\u017eku sametov\u011b hebkou a vl\u00e1\u010dnou.<\/p>\n","protected":false},"featured_media":11581,"comment_status":"open","ping_status":"closed","template":"","meta":[],"product_brand":[],"product_cat":[87],"product_tag":[153],"class_list":{"0":"post-11745","1":"product","2":"type-product","3":"status-publish","4":"has-post-thumbnail","6":"product_cat-pletova-kosmetika","7":"product_tag-akce50","9":"first","10":"outofstock","11":"taxable","12":"shipping-taxable","13":"purchasable","14":"product-type-simple"},"yoast_head":"<!-- This site is optimized with the Yoast SEO Premium plugin v27.3 (Yoast SEO v27.3) - https:\/\/yoast.com\/product\/yoast-seo-premium-wordpress\/ -->\n<title>ExactME - ple\u0165ov\u00fd kr\u00e9m s arganov\u00fdm olejem a skvalanem<\/title>\n<meta name=\"description\" content=\"ExactME hydrata\u010dn\u00ed kr\u00e9m s arganov\u00fdm olejem, skvalanem a vitam\u00ednem E - pom\u00e1h\u00e1 udr\u017eovat ple\u0165 hydratovanou a podporuje jej\u00ed plnost a hebkost.\" \/>\n<meta name=\"robots\" content=\"index, follow, max-snippet:-1, max-image-preview:large, max-video-preview:-1\" \/>\n<link rel=\"canonical\" href=\"https:\/\/zkeshop.sk\/produkt\/exactme-hydratacny-krem\/\" \/>\n<meta property=\"og:locale\" content=\"cs_CZ\" \/>\n<meta property=\"og:type\" content=\"article\" \/>\n<meta property=\"og:title\" content=\"ExactME - hydrata\u010dn\u00ed ple\u0165ov\u00fd kr\u00e9m s arganov\u00fdm olejem a skvalanem 50ml\" \/>\n<meta property=\"og:description\" content=\"ExactME hydrata\u010dn\u00ed kr\u00e9m s arganov\u00fdm olejem, skvalanem a vitam\u00ednem E - pom\u00e1h\u00e1 udr\u017eovat ple\u0165 hydratovanou a podporuje jej\u00ed plnost a hebkost.\" \/>\n<meta property=\"og:url\" content=\"https:\/\/zkeshop.sk\/produkt\/exactme-hydratacny-krem\/\" \/>\n<meta property=\"og:site_name\" content=\"ZK company\" \/>\n<meta property=\"article:modified_time\" content=\"2025-02-17T13:35:34+00:00\" \/>\n<meta property=\"og:image\" content=\"https:\/\/zkeshop.sk\/wp-content\/uploads\/2017\/06\/exactme1.jpg\" \/>\n\t<meta property=\"og:image:width\" content=\"1080\" \/>\n\t<meta property=\"og:image:height\" content=\"1080\" \/>\n\t<meta property=\"og:image:type\" content=\"image\/jpeg\" \/>\n<meta name=\"twitter:card\" content=\"summary_large_image\" \/>\n<meta name=\"twitter:label1\" content=\"Cena\" \/>\n\t<meta name=\"twitter:data1\" content=\"32,00&nbsp;&euro;\" \/>\n\t<meta name=\"twitter:label2\" content=\"Dostupnost\" \/>\n\t<meta name=\"twitter:data2\" content=\"Vyprod\u00e1no\" \/>\n<script type=\"application\/ld+json\" class=\"yoast-schema-graph\">{\"@context\":\"https:\\\/\\\/schema.org\",\"@graph\":[{\"@type\":\"WebPage\",\"@id\":\"https:\\\/\\\/zkeshop.sk\\\/produkt\\\/exactme-hydratacny-krem\\\/\",\"url\":\"https:\\\/\\\/zkeshop.sk\\\/produkt\\\/exactme-hydratacny-krem\\\/\",\"name\":\"ExactME - ple\u0165ov\u00fd kr\u00e9m s arganov\u00fdm olejem a skvalanem\",\"isPartOf\":{\"@id\":\"https:\\\/\\\/zkeshop.sk\\\/#website\"},\"primaryImageOfPage\":{\"@id\":\"https:\\\/\\\/zkeshop.sk\\\/produkt\\\/exactme-hydratacny-krem\\\/#primaryimage\"},\"image\":{\"@id\":\"https:\\\/\\\/zkeshop.sk\\\/produkt\\\/exactme-hydratacny-krem\\\/#primaryimage\"},\"thumbnailUrl\":\"https:\\\/\\\/zkeshop.sk\\\/wp-content\\\/uploads\\\/2017\\\/06\\\/exactme1.jpg\",\"datePublished\":\"2017-06-22T07:11:07+00:00\",\"dateModified\":\"2025-02-17T13:35:34+00:00\",\"description\":\"ExactME hydrata\u010dn\u00ed kr\u00e9m s arganov\u00fdm olejem, skvalanem a vitam\u00ednem E - pom\u00e1h\u00e1 udr\u017eovat ple\u0165 hydratovanou a podporuje jej\u00ed plnost a hebkost.\",\"breadcrumb\":{\"@id\":\"https:\\\/\\\/zkeshop.sk\\\/produkt\\\/exactme-hydratacny-krem\\\/#breadcrumb\"},\"inLanguage\":\"cs\",\"potentialAction\":[{\"@type\":\"ReadAction\",\"target\":[\"https:\\\/\\\/zkeshop.sk\\\/produkt\\\/exactme-hydratacny-krem\\\/\"]}]},{\"@type\":\"ImageObject\",\"inLanguage\":\"cs\",\"@id\":\"https:\\\/\\\/zkeshop.sk\\\/produkt\\\/exactme-hydratacny-krem\\\/#primaryimage\",\"url\":\"https:\\\/\\\/zkeshop.sk\\\/wp-content\\\/uploads\\\/2017\\\/06\\\/exactme1.jpg\",\"contentUrl\":\"https:\\\/\\\/zkeshop.sk\\\/wp-content\\\/uploads\\\/2017\\\/06\\\/exactme1.jpg\",\"width\":1080,\"height\":1080,\"caption\":\"ExactME hydrata\u010dn\u00fd kr\u00e9m s obsahom arg\u00e1nov\u00e9ho oleja, skval\u00e1nu a vitam\u00ednu E - pom\u00e1haj\u00fa udr\u017eiava\u0165 poko\u017eku hydratovan\u00fa a podporuj\u00fa jej plnos\u0165 a m\u00e4kkos\u0165.\"},{\"@type\":\"BreadcrumbList\",\"@id\":\"https:\\\/\\\/zkeshop.sk\\\/produkt\\\/exactme-hydratacny-krem\\\/#breadcrumb\",\"itemListElement\":[{\"@type\":\"ListItem\",\"position\":1,\"name\":\"Dom\u016f\",\"item\":\"https:\\\/\\\/zkeshop.sk\\\/\"},{\"@type\":\"ListItem\",\"position\":2,\"name\":\"Obchod\",\"item\":\"https:\\\/\\\/zkeshop.sk\\\/obchod\\\/\"},{\"@type\":\"ListItem\",\"position\":3,\"name\":\"ExactME &#8211; hydrata\u010dn\u00ed ple\u0165ov\u00fd kr\u00e9m s arganov\u00fdm olejem a skvalanem 50ml\"}]},{\"@type\":\"WebSite\",\"@id\":\"https:\\\/\\\/zkeshop.sk\\\/#website\",\"url\":\"https:\\\/\\\/zkeshop.sk\\\/\",\"name\":\"ZK company\",\"description\":\"Kvalitn\u00e1 kozmetika pre ka\u017edodenn\u00e9 pou\u017eitie\",\"potentialAction\":[{\"@type\":\"SearchAction\",\"target\":{\"@type\":\"EntryPoint\",\"urlTemplate\":\"https:\\\/\\\/zkeshop.sk\\\/?s={search_term_string}\"},\"query-input\":{\"@type\":\"PropertyValueSpecification\",\"valueRequired\":true,\"valueName\":\"search_term_string\"}}],\"inLanguage\":\"cs\"}]}<\/script>\n<meta property=\"product:price:amount\" content=\"32.00\" \/>\n<meta property=\"product:price:currency\" content=\"EUR\" \/>\n<meta property=\"og:availability\" content=\"out of stock\" \/>\n<meta property=\"product:availability\" content=\"out of stock\" \/>\n<meta property=\"product:retailer_item_id\" content=\"2\" \/>\n<meta property=\"product:condition\" content=\"new\" \/>\n<!-- \/ Yoast SEO Premium plugin. -->","yoast_head_json":{"title":"ExactME - ple\u0165ov\u00fd kr\u00e9m s arganov\u00fdm olejem a skvalanem","description":"ExactME hydrata\u010dn\u00ed kr\u00e9m s arganov\u00fdm olejem, skvalanem a vitam\u00ednem E - pom\u00e1h\u00e1 udr\u017eovat ple\u0165 hydratovanou a podporuje jej\u00ed plnost a hebkost.","robots":{"index":"index","follow":"follow","max-snippet":"max-snippet:-1","max-image-preview":"max-image-preview:large","max-video-preview":"max-video-preview:-1"},"canonical":"https:\/\/zkeshop.sk\/produkt\/exactme-hydratacny-krem\/","og_locale":"cs_CZ","og_type":"article","og_title":"ExactME - hydrata\u010dn\u00ed ple\u0165ov\u00fd kr\u00e9m s arganov\u00fdm olejem a skvalanem 50ml","og_description":"ExactME hydrata\u010dn\u00ed kr\u00e9m s arganov\u00fdm olejem, skvalanem a vitam\u00ednem E - pom\u00e1h\u00e1 udr\u017eovat ple\u0165 hydratovanou a podporuje jej\u00ed plnost a hebkost.","og_url":"https:\/\/zkeshop.sk\/produkt\/exactme-hydratacny-krem\/","og_site_name":"ZK company","article_modified_time":"2025-02-17T13:35:34+00:00","og_image":[{"width":1080,"height":1080,"url":"https:\/\/zkeshop.sk\/wp-content\/uploads\/2017\/06\/exactme1.jpg","type":"image\/jpeg"}],"twitter_card":"summary_large_image","twitter_misc":{"Cena":"32,00&nbsp;&euro;","Dostupnost":"Vyprod\u00e1no"},"schema":{"@context":"https:\/\/schema.org","@graph":[{"@type":"WebPage","@id":"https:\/\/zkeshop.sk\/produkt\/exactme-hydratacny-krem\/","url":"https:\/\/zkeshop.sk\/produkt\/exactme-hydratacny-krem\/","name":"ExactME - ple\u0165ov\u00fd kr\u00e9m s arganov\u00fdm olejem a skvalanem","isPartOf":{"@id":"https:\/\/zkeshop.sk\/#website"},"primaryImageOfPage":{"@id":"https:\/\/zkeshop.sk\/produkt\/exactme-hydratacny-krem\/#primaryimage"},"image":{"@id":"https:\/\/zkeshop.sk\/produkt\/exactme-hydratacny-krem\/#primaryimage"},"thumbnailUrl":"https:\/\/zkeshop.sk\/wp-content\/uploads\/2017\/06\/exactme1.jpg","datePublished":"2017-06-22T07:11:07+00:00","dateModified":"2025-02-17T13:35:34+00:00","description":"ExactME hydrata\u010dn\u00ed kr\u00e9m s arganov\u00fdm olejem, skvalanem a vitam\u00ednem E - pom\u00e1h\u00e1 udr\u017eovat ple\u0165 hydratovanou a podporuje jej\u00ed plnost a hebkost.","breadcrumb":{"@id":"https:\/\/zkeshop.sk\/produkt\/exactme-hydratacny-krem\/#breadcrumb"},"inLanguage":"cs","potentialAction":[{"@type":"ReadAction","target":["https:\/\/zkeshop.sk\/produkt\/exactme-hydratacny-krem\/"]}]},{"@type":"ImageObject","inLanguage":"cs","@id":"https:\/\/zkeshop.sk\/produkt\/exactme-hydratacny-krem\/#primaryimage","url":"https:\/\/zkeshop.sk\/wp-content\/uploads\/2017\/06\/exactme1.jpg","contentUrl":"https:\/\/zkeshop.sk\/wp-content\/uploads\/2017\/06\/exactme1.jpg","width":1080,"height":1080,"caption":"ExactME hydrata\u010dn\u00fd kr\u00e9m s obsahom arg\u00e1nov\u00e9ho oleja, skval\u00e1nu a vitam\u00ednu E - pom\u00e1haj\u00fa udr\u017eiava\u0165 poko\u017eku hydratovan\u00fa a podporuj\u00fa jej plnos\u0165 a m\u00e4kkos\u0165."},{"@type":"BreadcrumbList","@id":"https:\/\/zkeshop.sk\/produkt\/exactme-hydratacny-krem\/#breadcrumb","itemListElement":[{"@type":"ListItem","position":1,"name":"Dom\u016f","item":"https:\/\/zkeshop.sk\/"},{"@type":"ListItem","position":2,"name":"Obchod","item":"https:\/\/zkeshop.sk\/obchod\/"},{"@type":"ListItem","position":3,"name":"ExactME &#8211; hydrata\u010dn\u00ed ple\u0165ov\u00fd kr\u00e9m s arganov\u00fdm olejem a skvalanem 50ml"}]},{"@type":"WebSite","@id":"https:\/\/zkeshop.sk\/#website","url":"https:\/\/zkeshop.sk\/","name":"ZK company","description":"Kvalitn\u00e1 kozmetika pre ka\u017edodenn\u00e9 pou\u017eitie","potentialAction":[{"@type":"SearchAction","target":{"@type":"EntryPoint","urlTemplate":"https:\/\/zkeshop.sk\/?s={search_term_string}"},"query-input":{"@type":"PropertyValueSpecification","valueRequired":true,"valueName":"search_term_string"}}],"inLanguage":"cs"}]},"product_price_amount":"32.00","product_price_currency":"EUR","og_availability":"out of stock","product_availability":"out of stock","product_retailer_item_id":"2","product_condition":"new"},"_links":{"self":[{"href":"https:\/\/zkeshop.sk\/cs\/wp-json\/wp\/v2\/product\/11745","targetHints":{"allow":["GET"]}}],"collection":[{"href":"https:\/\/zkeshop.sk\/cs\/wp-json\/wp\/v2\/product"}],"about":[{"href":"https:\/\/zkeshop.sk\/cs\/wp-json\/wp\/v2\/types\/product"}],"replies":[{"embeddable":true,"href":"https:\/\/zkeshop.sk\/cs\/wp-json\/wp\/v2\/comments?post=11745"}],"version-history":[{"count":0,"href":"https:\/\/zkeshop.sk\/cs\/wp-json\/wp\/v2\/product\/11745\/revisions"}],"wp:featuredmedia":[{"embeddable":true,"href":"https:\/\/zkeshop.sk\/cs\/wp-json\/wp\/v2\/media\/11581"}],"wp:attachment":[{"href":"https:\/\/zkeshop.sk\/cs\/wp-json\/wp\/v2\/media?parent=11745"}],"wp:term":[{"taxonomy":"product_brand","embeddable":true,"href":"https:\/\/zkeshop.sk\/cs\/wp-json\/wp\/v2\/product_brand?post=11745"},{"taxonomy":"product_cat","embeddable":true,"href":"https:\/\/zkeshop.sk\/cs\/wp-json\/wp\/v2\/product_cat?post=11745"},{"taxonomy":"product_tag","embeddable":true,"href":"https:\/\/zkeshop.sk\/cs\/wp-json\/wp\/v2\/product_tag?post=11745"}],"curies":[{"name":"wp","href":"https:\/\/api.w.org\/{rel}","templated":true}]}}