{"id":11750,"date":"2021-08-30T14:28:50","date_gmt":"2021-08-30T12:28:50","guid":{"rendered":"https:\/\/zkeshop.sk\/produkt\/exactyou-serum-okamzity-matujici-ucinek-lifting-effect-15-ml\/"},"modified":"2025-02-17T14:35:33","modified_gmt":"2025-02-17T13:35:33","slug":"exactyou-serum-okamzity-matujici-ucinek-lifting-effect-15-ml","status":"publish","type":"product","link":"https:\/\/zkeshop.sk\/cs\/produkt\/exactyou-serum-okamzity-matujici-ucinek-lifting-effect-15-ml\/","title":{"rendered":"ExactYOU &#8211; S\u00e9rum s okam\u017eit\u00fdm matuj\u00edc\u00edm \u00fa\u010dinkem \/ liftingov\u00fdm efektem \/ 15 ml"},"content":{"rendered":"<h4>S\u00e9rum ExactYOU s okam\u017eit\u00fdm matuj\u00edc\u00edm a liftingov\u00fdm \u00fa\u010dinkem, \u00fa\u010dinn\u00e9 ve <strong>2 kroc\u00edch<\/strong>, obsahuj\u00edc\u00ed patentovan\u00fd peptid Matrixyl 3000.<\/h4>\n<p><strong>1.<\/strong><br \/>\nToto s\u00e9rum m\u00e1 okam\u017eit\u00fd zmat\u0148uj\u00edc\u00ed \u00fa\u010dinek, v\u0161echna leskl\u00e1 (mastn\u00e1) m\u00edsta jsou dokonale zmatn\u011bn\u00e1, p\u00f3ry jsou m\u00e9n\u011b viditeln\u00e9, ple\u0165 je na dotek sat\u00e9nov\u011b hladk\u00e1 a\u017e po dobu 6 hodin. Vhodn\u00e9 tak\u00e9 jako podklad pod make-up.<\/p>\n<p><strong>2.<\/strong> P\u0159i pravideln\u00e9m pou\u017e\u00edv\u00e1n\u00ed dlouhodob\u00fd \u00fa\u010dinek na pru\u017enost, hydrataci a jemnost pleti.Vyhlazen\u00ed jemn\u00fdch vr\u00e1sek kolem o\u010d\u00ed.<\/p>\n<p><strong>BENEFITY<\/strong><\/p>\n<ul>\n<li>okam\u017eit\u00fd matuj\u00edc\u00ed \u00fa\u010dinek<\/li>\n<li>Sjednocen\u00fd t\u00f3n pleti<\/li>\n<li>regenera\u010dn\u00ed procesy v k\u016f\u017ei<\/li>\n<li>komplexn\u00ed \u0159e\u0161en\u00ed pro suchou poko\u017eku<\/li>\n<li>okam\u017eit\u011b hydratovan\u00e1 poko\u017eka i na dotek , po dobu del\u0161\u00ed ne\u017e 6 hodin<\/li>\n<li>leskl\u00e1 m\u00edsta na obli\u010deji jsou okam\u017eit\u011b zmatn\u011bna<\/li>\n<li>vhodn\u00e9 pro v\u0161echny typy pleti<\/li>\n<li>s\u00e9rum ExactYOU vhodn\u00e9 jako z\u00e1v\u011bre\u010dn\u00fd matn\u00fd pudr<\/li>\n<\/ul>\n<p>Obsahuje patentovan\u00fd komplex p\u0159\u00edrodn\u00edch cukr\u016f, kter\u00e9 zvy\u0161uj\u00ed p\u0159irozenou hydrataci pomoc\u00ed 3 mechanism\u016f:<\/p>\n<ul>\n<li>posiluj\u00ed bari\u00e9rovou funkci poko\u017eky<\/li>\n<li>optimalizuj\u00ed z\u00e1soby vody t\u00edm, \u017ee posiluj\u00ed \u00fa\u010dinky kyseliny hyaluronov\u00e9 a NMF, kter\u00e9 jsou p\u0159irozen\u011b p\u0159\u00edtomn\u00e9 v poko\u017ece.<\/li>\n<li>maximalizuje cirkulaci vody v epidermis &#8211; univerz\u00e1ln\u00ed a komplexn\u00ed \u0159e\u0161en\u00ed pro suchou poko\u017eku.<\/li>\n<\/ul>\n<p>Nav\u00edc obsahuje <strong>patentovan\u00fd peptid Matrixyl 3000<\/strong>, kter\u00fd podle klinick\u00fdch studi\u00ed podporuje regenera\u010dn\u00ed procesy v poko\u017ece, vyhlazuje vr\u00e1sky, zlep\u0161uje tonus a pru\u017enost pleti. Jeho slo\u017een\u00ed je tak\u00e9 obohaceno o p\u0159\u00edrodn\u00ed vitamin E, kter\u00fd je vynikaj\u00edc\u00edm antioxidantem. <\/p>\n<hr>\n<h5><strong>APLIKACE<\/strong><\/h5>\n<ul>\n<li>ExactYOU s\u00e9rum pro ka\u017edodenn\u00ed pou\u017eit\u00ed<\/li>\n<li>v mal\u00e9m mno\u017estv\u00ed naneste na suchou vy\u010di\u0161t\u011bnou poko\u017eku.<\/li>\n<li>jemn\u011b rozet\u0159ete na problematick\u00e1 m\u00edsta kolem o\u010d\u00ed, nosu, T-z\u00f3ny a \u010dela.<\/li>\n<li>S\u00e9rum ExactYOU je posledn\u00edm krokem \u0159ady p\u00e9\u010de o ple\u0165 EXACTLY 1. tonikum 2. kr\u00e9m 3. s\u00e9rum   <\/li>\n<li>p\u0159i zasa\u017een\u00ed o\u010d\u00ed d\u016fkladn\u011b vypl\u00e1chn\u011bte dostate\u010dn\u00fdm mno\u017estv\u00edm vody.<\/li>\n<li>nikdy nem\u00edchejte s\u00e9rum ExactYOU s kr\u00e9mem ( na suchou poko\u017eku nan\u00e1\u0161ejte \u0161etrn\u011b ).<\/li>\n<li>Skladujte p\u0159i teplot\u011b 20-25 \u00b0C mimo dosah d\u011bt\u00edP\u0159ed pou\u017eit\u00edm s\u00e9rum prot\u0159epejte.<\/li>\n<\/ul>\n<hr>\n<p><strong>Slo\u017een\u00ed:<\/strong><br \/>\nXylitylglukosid, kopolymer kyseliny sebakov\u00e9, kopolymer kyseliny sebakov\u00e9, kopolymer kyseliny sebakov\u00e9, kopolymer kyseliny sebakov\u00e9, kopolymer kyseliny sebakov\u00e9, kopolymer kyseliny sebakov\u00e9, kopolymer kyseliny sebakov\u00e9, kopolymer kyseliny sebakov\u00e9, kopolymer kyseliny sebakov\u00e9, kopolymer kyseliny sebakov\u00e9, kopolymer kyseliny sebakov\u00e9, kopolymer kyseliny sebakov\u00e9, kopolymer kyseliny sebakov\u00e9, Anhydroxylitol, Xylitol, Glycerin, Aqua, Butylene Glycol, Carbomer, Polysorbate 20, Palmitoyl Oligopeptide, Palmitoyl Tetrapeptide-7, Tocopherol, Beta-Sitosterol, Squalene, Parfum.<\/p>\n","protected":false},"excerpt":{"rendered":"<p>D\u00edky sv\u00e9mu speci\u00e1ln\u00edmu slo\u017een\u00ed m\u00e1 dvoj\u00ed \u00fa\u010dinek: okam\u017eit\u00fd pudrov\u00fd efekt ihned po nanesen\u00ed na ple\u0165 a p\u0159i pravideln\u00e9m pou\u017e\u00edv\u00e1n\u00ed dlouhodob\u00fd \u00fa\u010dinek na pru\u017enost, hydrataci a jemnost pleti.<\/p>\n","protected":false},"featured_media":12587,"comment_status":"open","ping_status":"closed","template":"","meta":[],"product_brand":[],"product_cat":[87],"product_tag":[153,151,150],"class_list":{"0":"post-11750","1":"product","2":"type-product","3":"status-publish","4":"has-post-thumbnail","6":"product_cat-pletova-kosmetika","7":"product_tag-akce50","8":"product_tag-dokonalost-cs","9":"product_tag-pozemek","11":"first","12":"outofstock","13":"taxable","14":"shipping-taxable","15":"purchasable","16":"product-type-simple"},"yoast_head":"<!-- This site is optimized with the Yoast SEO Premium plugin v27.3 (Yoast SEO v27.3) - https:\/\/yoast.com\/product\/yoast-seo-premium-wordpress\/ -->\n<title>ExactYOU - s\u00e9rum s okam\u017eit\u00fdm matuj\u00edc\u00edm a liftingov\u00fdm \u00fa\u010dinkem<\/title>\n<meta name=\"description\" content=\"Okam\u017eit\u00fd \u00fa\u010dinek s\u00e9ra zmat\u0148uje ple\u0165, p\u00f3ry jsou m\u00e9n\u011b viditeln\u00e9 a ple\u0165 je na dotek hlad\u0161\u00ed a\u017e po dobu 6 hodin. Vhodn\u00e9 tak\u00e9 jako podklad pod make-up.\" \/>\n<meta name=\"robots\" content=\"index, follow, max-snippet:-1, max-image-preview:large, max-video-preview:-1\" \/>\n<link rel=\"canonical\" href=\"https:\/\/zkeshop.sk\/produkt\/exactyou-serum-okamzity-zmatnujuci-ucinok-lifting-effect\/\" \/>\n<meta property=\"og:locale\" content=\"cs_CZ\" \/>\n<meta property=\"og:type\" content=\"article\" \/>\n<meta property=\"og:title\" content=\"ExactYOU - S\u00e9rum s okam\u017eit\u00fdm matuj\u00edc\u00edm \u00fa\u010dinkem \/ liftingov\u00fdm efektem \/ 15 ml\" \/>\n<meta property=\"og:description\" content=\"Okam\u017eit\u00fd \u00fa\u010dinek s\u00e9ra zmat\u0148uje ple\u0165, p\u00f3ry jsou m\u00e9n\u011b viditeln\u00e9 a ple\u0165 je na dotek hlad\u0161\u00ed a\u017e po dobu 6 hodin. Vhodn\u00e9 tak\u00e9 jako podklad pod make-up.\" \/>\n<meta property=\"og:url\" content=\"https:\/\/zkeshop.sk\/produkt\/exactyou-serum-okamzity-zmatnujuci-ucinok-lifting-effect\/\" \/>\n<meta property=\"og:site_name\" content=\"ZK company\" \/>\n<meta property=\"article:modified_time\" content=\"2025-02-17T13:35:33+00:00\" \/>\n<meta property=\"og:image\" content=\"https:\/\/zkeshop.sk\/wp-content\/uploads\/2021\/08\/ExactYOU-spolocna_NOVE-LOGO-scaled-e1707050487852.jpg\" \/>\n\t<meta property=\"og:image:width\" content=\"2560\" \/>\n\t<meta property=\"og:image:height\" content=\"1709\" \/>\n\t<meta property=\"og:image:type\" content=\"image\/jpeg\" \/>\n<meta name=\"twitter:card\" content=\"summary_large_image\" \/>\n<meta name=\"twitter:label1\" content=\"Cena\" \/>\n\t<meta name=\"twitter:data1\" content=\"38,00&nbsp;&euro;\" \/>\n\t<meta name=\"twitter:label2\" content=\"Dostupnost\" \/>\n\t<meta name=\"twitter:data2\" content=\"Vyprod\u00e1no\" \/>\n<script type=\"application\/ld+json\" class=\"yoast-schema-graph\">{\"@context\":\"https:\\\/\\\/schema.org\",\"@graph\":[{\"@type\":\"WebPage\",\"@id\":\"https:\\\/\\\/zkeshop.sk\\\/produkt\\\/exactyou-serum-okamzity-zmatnujuci-ucinok-lifting-effect\\\/\",\"url\":\"https:\\\/\\\/zkeshop.sk\\\/produkt\\\/exactyou-serum-okamzity-zmatnujuci-ucinok-lifting-effect\\\/\",\"name\":\"ExactYOU - s\u00e9rum s okam\u017eit\u00fdm matuj\u00edc\u00edm a liftingov\u00fdm \u00fa\u010dinkem\",\"isPartOf\":{\"@id\":\"https:\\\/\\\/zkeshop.sk\\\/#website\"},\"primaryImageOfPage\":{\"@id\":\"https:\\\/\\\/zkeshop.sk\\\/produkt\\\/exactyou-serum-okamzity-zmatnujuci-ucinok-lifting-effect\\\/#primaryimage\"},\"image\":{\"@id\":\"https:\\\/\\\/zkeshop.sk\\\/produkt\\\/exactyou-serum-okamzity-zmatnujuci-ucinok-lifting-effect\\\/#primaryimage\"},\"thumbnailUrl\":\"https:\\\/\\\/zkeshop.sk\\\/wp-content\\\/uploads\\\/2021\\\/08\\\/ExactYOU-spolocna_NOVE-LOGO-scaled-e1707050487852.jpg\",\"datePublished\":\"2021-08-30T12:28:50+00:00\",\"dateModified\":\"2025-02-17T13:35:33+00:00\",\"description\":\"Okam\u017eit\u00fd \u00fa\u010dinek s\u00e9ra zmat\u0148uje ple\u0165, p\u00f3ry jsou m\u00e9n\u011b viditeln\u00e9 a ple\u0165 je na dotek hlad\u0161\u00ed a\u017e po dobu 6 hodin. Vhodn\u00e9 tak\u00e9 jako podklad pod make-up.\",\"breadcrumb\":{\"@id\":\"https:\\\/\\\/zkeshop.sk\\\/produkt\\\/exactyou-serum-okamzity-zmatnujuci-ucinok-lifting-effect\\\/#breadcrumb\"},\"inLanguage\":\"cs\",\"potentialAction\":[{\"@type\":\"ReadAction\",\"target\":[\"https:\\\/\\\/zkeshop.sk\\\/produkt\\\/exactyou-serum-okamzity-zmatnujuci-ucinok-lifting-effect\\\/\"]}]},{\"@type\":\"ImageObject\",\"inLanguage\":\"cs\",\"@id\":\"https:\\\/\\\/zkeshop.sk\\\/produkt\\\/exactyou-serum-okamzity-zmatnujuci-ucinok-lifting-effect\\\/#primaryimage\",\"url\":\"https:\\\/\\\/zkeshop.sk\\\/wp-content\\\/uploads\\\/2021\\\/08\\\/ExactYOU-spolocna_NOVE-LOGO-scaled-e1707050487852.jpg\",\"contentUrl\":\"https:\\\/\\\/zkeshop.sk\\\/wp-content\\\/uploads\\\/2021\\\/08\\\/ExactYOU-spolocna_NOVE-LOGO-scaled-e1707050487852.jpg\",\"width\":2560,\"height\":1709,\"caption\":\"S\u00e9rum s okam\u017eit\u00fdm \u00fa\u010dinkom zmat\u0148uje va\u0161u ple\u0165, p\u00f3ry s\u00fa menej vidite\u013en\u00e9 a na dotyk je va\u0161a ple\u0165 hlad\u0161ia a\u017e na 6 hod\u00edn. Vhodn\u00e9 aj ako podklad pod make-up\"},{\"@type\":\"BreadcrumbList\",\"@id\":\"https:\\\/\\\/zkeshop.sk\\\/produkt\\\/exactyou-serum-okamzity-zmatnujuci-ucinok-lifting-effect\\\/#breadcrumb\",\"itemListElement\":[{\"@type\":\"ListItem\",\"position\":1,\"name\":\"Dom\u016f\",\"item\":\"https:\\\/\\\/zkeshop.sk\\\/\"},{\"@type\":\"ListItem\",\"position\":2,\"name\":\"Obchod\",\"item\":\"https:\\\/\\\/zkeshop.sk\\\/obchod\\\/\"},{\"@type\":\"ListItem\",\"position\":3,\"name\":\"ExactYOU &#8211; S\u00e9rum s okam\u017eit\u00fdm matuj\u00edc\u00edm \u00fa\u010dinkem \\\/ liftingov\u00fdm efektem \\\/ 15 ml\"}]},{\"@type\":\"WebSite\",\"@id\":\"https:\\\/\\\/zkeshop.sk\\\/#website\",\"url\":\"https:\\\/\\\/zkeshop.sk\\\/\",\"name\":\"ZK company\",\"description\":\"Kvalitn\u00e1 kozmetika pre ka\u017edodenn\u00e9 pou\u017eitie\",\"potentialAction\":[{\"@type\":\"SearchAction\",\"target\":{\"@type\":\"EntryPoint\",\"urlTemplate\":\"https:\\\/\\\/zkeshop.sk\\\/?s={search_term_string}\"},\"query-input\":{\"@type\":\"PropertyValueSpecification\",\"valueRequired\":true,\"valueName\":\"search_term_string\"}}],\"inLanguage\":\"cs\"}]}<\/script>\n<meta property=\"product:price:amount\" content=\"38.00\" \/>\n<meta property=\"product:price:currency\" content=\"EUR\" \/>\n<meta property=\"og:availability\" content=\"out of stock\" \/>\n<meta property=\"product:availability\" content=\"out of stock\" \/>\n<meta property=\"product:retailer_item_id\" content=\"3\" \/>\n<meta property=\"product:condition\" content=\"new\" \/>\n<!-- \/ Yoast SEO Premium plugin. -->","yoast_head_json":{"title":"ExactYOU - s\u00e9rum s okam\u017eit\u00fdm matuj\u00edc\u00edm a liftingov\u00fdm \u00fa\u010dinkem","description":"Okam\u017eit\u00fd \u00fa\u010dinek s\u00e9ra zmat\u0148uje ple\u0165, p\u00f3ry jsou m\u00e9n\u011b viditeln\u00e9 a ple\u0165 je na dotek hlad\u0161\u00ed a\u017e po dobu 6 hodin. Vhodn\u00e9 tak\u00e9 jako podklad pod make-up.","robots":{"index":"index","follow":"follow","max-snippet":"max-snippet:-1","max-image-preview":"max-image-preview:large","max-video-preview":"max-video-preview:-1"},"canonical":"https:\/\/zkeshop.sk\/produkt\/exactyou-serum-okamzity-zmatnujuci-ucinok-lifting-effect\/","og_locale":"cs_CZ","og_type":"article","og_title":"ExactYOU - S\u00e9rum s okam\u017eit\u00fdm matuj\u00edc\u00edm \u00fa\u010dinkem \/ liftingov\u00fdm efektem \/ 15 ml","og_description":"Okam\u017eit\u00fd \u00fa\u010dinek s\u00e9ra zmat\u0148uje ple\u0165, p\u00f3ry jsou m\u00e9n\u011b viditeln\u00e9 a ple\u0165 je na dotek hlad\u0161\u00ed a\u017e po dobu 6 hodin. Vhodn\u00e9 tak\u00e9 jako podklad pod make-up.","og_url":"https:\/\/zkeshop.sk\/produkt\/exactyou-serum-okamzity-zmatnujuci-ucinok-lifting-effect\/","og_site_name":"ZK company","article_modified_time":"2025-02-17T13:35:33+00:00","og_image":[{"width":2560,"height":1709,"url":"https:\/\/zkeshop.sk\/wp-content\/uploads\/2021\/08\/ExactYOU-spolocna_NOVE-LOGO-scaled-e1707050487852.jpg","type":"image\/jpeg"}],"twitter_card":"summary_large_image","twitter_misc":{"Cena":"38,00&nbsp;&euro;","Dostupnost":"Vyprod\u00e1no"},"schema":{"@context":"https:\/\/schema.org","@graph":[{"@type":"WebPage","@id":"https:\/\/zkeshop.sk\/produkt\/exactyou-serum-okamzity-zmatnujuci-ucinok-lifting-effect\/","url":"https:\/\/zkeshop.sk\/produkt\/exactyou-serum-okamzity-zmatnujuci-ucinok-lifting-effect\/","name":"ExactYOU - s\u00e9rum s okam\u017eit\u00fdm matuj\u00edc\u00edm a liftingov\u00fdm \u00fa\u010dinkem","isPartOf":{"@id":"https:\/\/zkeshop.sk\/#website"},"primaryImageOfPage":{"@id":"https:\/\/zkeshop.sk\/produkt\/exactyou-serum-okamzity-zmatnujuci-ucinok-lifting-effect\/#primaryimage"},"image":{"@id":"https:\/\/zkeshop.sk\/produkt\/exactyou-serum-okamzity-zmatnujuci-ucinok-lifting-effect\/#primaryimage"},"thumbnailUrl":"https:\/\/zkeshop.sk\/wp-content\/uploads\/2021\/08\/ExactYOU-spolocna_NOVE-LOGO-scaled-e1707050487852.jpg","datePublished":"2021-08-30T12:28:50+00:00","dateModified":"2025-02-17T13:35:33+00:00","description":"Okam\u017eit\u00fd \u00fa\u010dinek s\u00e9ra zmat\u0148uje ple\u0165, p\u00f3ry jsou m\u00e9n\u011b viditeln\u00e9 a ple\u0165 je na dotek hlad\u0161\u00ed a\u017e po dobu 6 hodin. Vhodn\u00e9 tak\u00e9 jako podklad pod make-up.","breadcrumb":{"@id":"https:\/\/zkeshop.sk\/produkt\/exactyou-serum-okamzity-zmatnujuci-ucinok-lifting-effect\/#breadcrumb"},"inLanguage":"cs","potentialAction":[{"@type":"ReadAction","target":["https:\/\/zkeshop.sk\/produkt\/exactyou-serum-okamzity-zmatnujuci-ucinok-lifting-effect\/"]}]},{"@type":"ImageObject","inLanguage":"cs","@id":"https:\/\/zkeshop.sk\/produkt\/exactyou-serum-okamzity-zmatnujuci-ucinok-lifting-effect\/#primaryimage","url":"https:\/\/zkeshop.sk\/wp-content\/uploads\/2021\/08\/ExactYOU-spolocna_NOVE-LOGO-scaled-e1707050487852.jpg","contentUrl":"https:\/\/zkeshop.sk\/wp-content\/uploads\/2021\/08\/ExactYOU-spolocna_NOVE-LOGO-scaled-e1707050487852.jpg","width":2560,"height":1709,"caption":"S\u00e9rum s okam\u017eit\u00fdm \u00fa\u010dinkom zmat\u0148uje va\u0161u ple\u0165, p\u00f3ry s\u00fa menej vidite\u013en\u00e9 a na dotyk je va\u0161a ple\u0165 hlad\u0161ia a\u017e na 6 hod\u00edn. Vhodn\u00e9 aj ako podklad pod make-up"},{"@type":"BreadcrumbList","@id":"https:\/\/zkeshop.sk\/produkt\/exactyou-serum-okamzity-zmatnujuci-ucinok-lifting-effect\/#breadcrumb","itemListElement":[{"@type":"ListItem","position":1,"name":"Dom\u016f","item":"https:\/\/zkeshop.sk\/"},{"@type":"ListItem","position":2,"name":"Obchod","item":"https:\/\/zkeshop.sk\/obchod\/"},{"@type":"ListItem","position":3,"name":"ExactYOU &#8211; S\u00e9rum s okam\u017eit\u00fdm matuj\u00edc\u00edm \u00fa\u010dinkem \/ liftingov\u00fdm efektem \/ 15 ml"}]},{"@type":"WebSite","@id":"https:\/\/zkeshop.sk\/#website","url":"https:\/\/zkeshop.sk\/","name":"ZK company","description":"Kvalitn\u00e1 kozmetika pre ka\u017edodenn\u00e9 pou\u017eitie","potentialAction":[{"@type":"SearchAction","target":{"@type":"EntryPoint","urlTemplate":"https:\/\/zkeshop.sk\/?s={search_term_string}"},"query-input":{"@type":"PropertyValueSpecification","valueRequired":true,"valueName":"search_term_string"}}],"inLanguage":"cs"}]},"product_price_amount":"38.00","product_price_currency":"EUR","og_availability":"out of stock","product_availability":"out of stock","product_retailer_item_id":"3","product_condition":"new"},"_links":{"self":[{"href":"https:\/\/zkeshop.sk\/cs\/wp-json\/wp\/v2\/product\/11750","targetHints":{"allow":["GET"]}}],"collection":[{"href":"https:\/\/zkeshop.sk\/cs\/wp-json\/wp\/v2\/product"}],"about":[{"href":"https:\/\/zkeshop.sk\/cs\/wp-json\/wp\/v2\/types\/product"}],"replies":[{"embeddable":true,"href":"https:\/\/zkeshop.sk\/cs\/wp-json\/wp\/v2\/comments?post=11750"}],"version-history":[{"count":0,"href":"https:\/\/zkeshop.sk\/cs\/wp-json\/wp\/v2\/product\/11750\/revisions"}],"wp:featuredmedia":[{"embeddable":true,"href":"https:\/\/zkeshop.sk\/cs\/wp-json\/wp\/v2\/media\/12587"}],"wp:attachment":[{"href":"https:\/\/zkeshop.sk\/cs\/wp-json\/wp\/v2\/media?parent=11750"}],"wp:term":[{"taxonomy":"product_brand","embeddable":true,"href":"https:\/\/zkeshop.sk\/cs\/wp-json\/wp\/v2\/product_brand?post=11750"},{"taxonomy":"product_cat","embeddable":true,"href":"https:\/\/zkeshop.sk\/cs\/wp-json\/wp\/v2\/product_cat?post=11750"},{"taxonomy":"product_tag","embeddable":true,"href":"https:\/\/zkeshop.sk\/cs\/wp-json\/wp\/v2\/product_tag?post=11750"}],"curies":[{"name":"wp","href":"https:\/\/api.w.org\/{rel}","templated":true}]}}