{"id":11762,"date":"2022-11-02T23:23:55","date_gmt":"2022-11-02T22:23:55","guid":{"rendered":"https:\/\/zkeshop.sk\/produkt\/vyhodny-set-3x-exactgen-patentovany-bioaktivni-kolagen-peptan-maracuja-mandarinka-300-g\/"},"modified":"2025-09-30T11:21:40","modified_gmt":"2025-09-30T09:21:40","slug":"vyhodny-set-3x-exactgen-patentovany-bioaktivni-kolagen-peptan-maracuja-mandarinka-300-g","status":"publish","type":"product","link":"https:\/\/zkeshop.sk\/cs\/produkt\/vyhodny-set-3x-exactgen-patentovany-bioaktivni-kolagen-peptan-maracuja-mandarinka-300-g\/","title":{"rendered":"V\u00fdhodn\u00fd set 3x ExactGEN Patentovan\u00fd bioaktivn\u00ed kolagen Peptan\u00ae\/ Maracuja-Mandarinka 300 g"},"content":{"rendered":"<blockquote>\n<h4>Bioaktivn\u00ed kolagenn\u00ed peptidy Peptan\u00ae jsou v\u011bdecky ov\u011b\u0159eny. Jejich pozitivn\u00ed \u00fa\u010dinky potvrzuj\u00ed v\u00fdsledky studi\u00ed:<br \/>\n65% nav\u00fd\u0161en\u00ed kolagenu v poko\u017ece \/ 32% redukci o\u010dn\u00edch vr\u00e1sek \/ 18% nav\u00fd\u0161en\u00ed elastinu v poko\u017ece<\/h4>\n<\/blockquote>\n<p>Bioaktivn\u00ed kolagen Peptan\u00ae protein se specifick\u00fdm slo\u017een\u00edm aminokyselin a dobrou biologickou dostupnost\u00ed. <strong>Obsahuje mal\u00e9 molekuly kolagenu<\/strong>, kter\u00e9 se \u00fa\u010dinn\u011b absorbuj\u00ed do poko\u017eky a pod\u00e1vaj\u00ed se zevnit\u0159. Kyselina hyaluronov\u00e1 vypl\u0148 je prostor mezi kolagenov\u00fdmi vl\u00e1kny a p\u0159isp\u00edv\u00e1 k udr\u017een\u00ed zdrav\u00e9 poko\u017eky. M\u00e1 blahod\u00e1rn\u00e9 \u00fa\u010dinky <strong>proti st\u00e1rnut\u00ed poko\u017eky<\/strong>. Tvo\u0159\u00ed jednu z hlavn\u00edch slo\u017eek mezibun\u011b\u010dn\u00e9 hmoty a je sou\u010d\u00e1st\u00ed pojivov\u00fdch, epiteli\u00e1ln\u00edch a nervov\u00fdch tk\u00e1n\u00ed. Kolagen obsahuje komplex vitam\u00edn\u016f a miner\u00e1l\u016f. Bioaktivn\u00ed kolagen je nejreprezentativn\u011bj\u0161\u00edm proteinem v lidsk\u00e9m t\u011ble a pat\u0159\u00ed do strukturn\u00edch protein\u016f s funkc\u00ed poskytov\u00e1n\u00ed podpory a tvaru. Je to d\u016fle\u017eit\u00e1 sou\u010d\u00e1st <strong>k\u016f\u017ee, neht\u016f a vlas\u016f<\/strong>.<\/p>\n<p>&nbsp;<\/p>\n<p><!--more--><\/p>\n<p>Po <strong>20. roce \u017eivota<\/strong> se proces tvorby kolagenu v t\u011ble zpomaluje, tak\u017ee poko\u017eka ztr\u00e1c\u00ed svou pevnost a pru\u017enost v pr\u016fb\u011bhu let a za\u010dnou se objevovat prvn\u00ed vr\u00e1sky. <strong>Sn\u00ed\u017een\u00ed mno\u017estv\u00ed kyseliny hyaluronov\u00e9 zp\u016fsobuje to, \u017ee se poko\u017eka dehydruje a opadne.<\/strong><\/p>\n<p>Kolagen Drink obsahuje hydrolyzovan\u00fd kolagen tzv. <strong>kolagenov\u00e9 peptidy, kyselinu hyaluronovou, vitam\u00edny C, E a vitam\u00edny skupiny B.<\/strong> D\u00e1le obsahuje miner\u00e1ln\u00ed l\u00e1tky zinek, ho\u0159\u010d\u00edk a vl\u00e1kninu inulin.<\/p>\n<p><strong>Dopln\u011bk stravy vitam\u00ednov\u011b-miner\u00e1ln\u00ed.<\/strong><\/p>\n","protected":false},"excerpt":{"rendered":"<p>Bioaktivn\u00ed kolagenn\u00ed peptidy Peptan\u00ae jsou v\u011bdecky ov\u011b\u0159eny. Jejich pozitivn\u00ed \u00fa\u010dinky potvrzuj\u00ed v\u00fdsledky studi\u00ed: 65% nav\u00fd\u0161en\u00ed kolagenu v poko\u017ece \/ 32%<\/p>\n","protected":false},"featured_media":12557,"comment_status":"open","ping_status":"closed","template":"","meta":[],"product_brand":[],"product_cat":[89],"product_tag":[],"class_list":{"0":"post-11762","1":"product","2":"type-product","3":"status-publish","4":"has-post-thumbnail","6":"product_cat-doplnky-stravy","8":"first","9":"outofstock","10":"taxable","11":"shipping-taxable","12":"purchasable","13":"product-type-simple"},"yoast_head":"<!-- This site is optimized with the Yoast SEO Premium plugin v27.3 (Yoast SEO v27.3) - https:\/\/yoast.com\/product\/yoast-seo-premium-wordpress\/ -->\n<title>V\u00fdhodn\u00fd set 3x ExactGEN Patentovan\u00fd bioaktivn\u00ed kolagen Peptan\u00ae\/ Maracuja-Mandarinka 300 g - ZK company<\/title>\n<meta name=\"description\" content=\"V\u00fdhodn\u00fd set - 65% nav\u00fd\u0161en\u00ed kolagenu v poko\u017ece \/ 32% redukci o\u010dn\u00edch vr\u00e1sek \/ 18% nav\u00fd\u0161en\u00ed elastinu v poko\u017ece. Maracuja-Mandarinka.\" \/>\n<meta name=\"robots\" content=\"index, follow, max-snippet:-1, max-image-preview:large, max-video-preview:-1\" \/>\n<link rel=\"canonical\" href=\"https:\/\/zkeshop.sk\/cs\/produkt\/vyhodny-set-3x-exactgen-patentovany-bioaktivni-kolagen-peptan-maracuja-mandarinka-300-g\/\" \/>\n<meta property=\"og:locale\" content=\"cs_CZ\" \/>\n<meta property=\"og:type\" content=\"article\" \/>\n<meta property=\"og:title\" content=\"V\u00fdhodn\u00fd set 3x ExactGEN Patentovan\u00fd bioaktivn\u00ed kolagen Peptan\u00ae\/ Maracuja-Mandarinka 300 g\" \/>\n<meta property=\"og:description\" content=\"V\u00fdhodn\u00fd set - 65% nav\u00fd\u0161en\u00ed kolagenu v poko\u017ece \/ 32% redukci o\u010dn\u00edch vr\u00e1sek \/ 18% nav\u00fd\u0161en\u00ed elastinu v poko\u017ece. Maracuja-Mandarinka.\" \/>\n<meta property=\"og:url\" content=\"https:\/\/zkeshop.sk\/cs\/produkt\/vyhodny-set-3x-exactgen-patentovany-bioaktivni-kolagen-peptan-maracuja-mandarinka-300-g\/\" \/>\n<meta property=\"og:site_name\" content=\"ZK company\" \/>\n<meta property=\"article:modified_time\" content=\"2025-09-30T09:21:40+00:00\" \/>\n<meta property=\"og:image\" content=\"https:\/\/zkeshop.sk\/wp-content\/uploads\/2022\/11\/ExactGEN-3pack-WEB_NOVE-LOGO.jpg\" \/>\n\t<meta property=\"og:image:width\" content=\"2560\" \/>\n\t<meta property=\"og:image:height\" content=\"1709\" \/>\n\t<meta property=\"og:image:type\" content=\"image\/jpeg\" \/>\n<meta name=\"twitter:card\" content=\"summary_large_image\" \/>\n<meta name=\"twitter:label1\" content=\"Cena\" \/>\n\t<meta name=\"twitter:data1\" content=\"105,00&nbsp;&euro;\" \/>\n\t<meta name=\"twitter:label2\" content=\"Dostupnost\" \/>\n\t<meta name=\"twitter:data2\" content=\"Vyprod\u00e1no\" \/>\n<script type=\"application\/ld+json\" class=\"yoast-schema-graph\">{\"@context\":\"https:\\\/\\\/schema.org\",\"@graph\":[{\"@type\":\"WebPage\",\"@id\":\"https:\\\/\\\/zkeshop.sk\\\/cs\\\/produkt\\\/vyhodny-set-3x-exactgen-patentovany-bioaktivni-kolagen-peptan-maracuja-mandarinka-300-g\\\/\",\"url\":\"https:\\\/\\\/zkeshop.sk\\\/cs\\\/produkt\\\/vyhodny-set-3x-exactgen-patentovany-bioaktivni-kolagen-peptan-maracuja-mandarinka-300-g\\\/\",\"name\":\"V\u00fdhodn\u00fd set 3x ExactGEN Patentovan\u00fd bioaktivn\u00ed kolagen Peptan\u00ae\\\/ Maracuja-Mandarinka 300 g - ZK company\",\"isPartOf\":{\"@id\":\"https:\\\/\\\/zkeshop.sk\\\/#website\"},\"primaryImageOfPage\":{\"@id\":\"https:\\\/\\\/zkeshop.sk\\\/cs\\\/produkt\\\/vyhodny-set-3x-exactgen-patentovany-bioaktivni-kolagen-peptan-maracuja-mandarinka-300-g\\\/#primaryimage\"},\"image\":{\"@id\":\"https:\\\/\\\/zkeshop.sk\\\/cs\\\/produkt\\\/vyhodny-set-3x-exactgen-patentovany-bioaktivni-kolagen-peptan-maracuja-mandarinka-300-g\\\/#primaryimage\"},\"thumbnailUrl\":\"https:\\\/\\\/zkeshop.sk\\\/wp-content\\\/uploads\\\/2022\\\/11\\\/ExactGEN-3pack-WEB_NOVE-LOGO.jpg\",\"datePublished\":\"2022-11-02T22:23:55+00:00\",\"dateModified\":\"2025-09-30T09:21:40+00:00\",\"description\":\"V\u00fdhodn\u00fd set - 65% nav\u00fd\u0161en\u00ed kolagenu v poko\u017ece \\\/ 32% redukci o\u010dn\u00edch vr\u00e1sek \\\/ 18% nav\u00fd\u0161en\u00ed elastinu v poko\u017ece. Maracuja-Mandarinka.\",\"breadcrumb\":{\"@id\":\"https:\\\/\\\/zkeshop.sk\\\/cs\\\/produkt\\\/vyhodny-set-3x-exactgen-patentovany-bioaktivni-kolagen-peptan-maracuja-mandarinka-300-g\\\/#breadcrumb\"},\"inLanguage\":\"cs\",\"potentialAction\":[{\"@type\":\"ReadAction\",\"target\":[\"https:\\\/\\\/zkeshop.sk\\\/cs\\\/produkt\\\/vyhodny-set-3x-exactgen-patentovany-bioaktivni-kolagen-peptan-maracuja-mandarinka-300-g\\\/\"]}]},{\"@type\":\"ImageObject\",\"inLanguage\":\"cs\",\"@id\":\"https:\\\/\\\/zkeshop.sk\\\/cs\\\/produkt\\\/vyhodny-set-3x-exactgen-patentovany-bioaktivni-kolagen-peptan-maracuja-mandarinka-300-g\\\/#primaryimage\",\"url\":\"https:\\\/\\\/zkeshop.sk\\\/wp-content\\\/uploads\\\/2022\\\/11\\\/ExactGEN-3pack-WEB_NOVE-LOGO.jpg\",\"contentUrl\":\"https:\\\/\\\/zkeshop.sk\\\/wp-content\\\/uploads\\\/2022\\\/11\\\/ExactGEN-3pack-WEB_NOVE-LOGO.jpg\",\"width\":2560,\"height\":1709,\"caption\":\"V\u00fdhodn\u00fd set 3\u00d7 ExactGEN kolag\u00e9n Peptan\u00ae s pr\u00edchu\u0165ou maracuja & mandar\u00ednka. Bioakt\u00edvne peptidy pre kr\u00e1snu ple\u0165, vlasy a nechty.\"},{\"@type\":\"BreadcrumbList\",\"@id\":\"https:\\\/\\\/zkeshop.sk\\\/cs\\\/produkt\\\/vyhodny-set-3x-exactgen-patentovany-bioaktivni-kolagen-peptan-maracuja-mandarinka-300-g\\\/#breadcrumb\",\"itemListElement\":[{\"@type\":\"ListItem\",\"position\":1,\"name\":\"Dom\u016f\",\"item\":\"https:\\\/\\\/zkeshop.sk\\\/\"},{\"@type\":\"ListItem\",\"position\":2,\"name\":\"Obchod\",\"item\":\"https:\\\/\\\/zkeshop.sk\\\/obchod\\\/\"},{\"@type\":\"ListItem\",\"position\":3,\"name\":\"V\u00fdhodn\u00fd set 3x ExactGEN Patentovan\u00fd bioaktivn\u00ed kolagen Peptan\u00ae\\\/ Maracuja-Mandarinka 300 g\"}]},{\"@type\":\"WebSite\",\"@id\":\"https:\\\/\\\/zkeshop.sk\\\/#website\",\"url\":\"https:\\\/\\\/zkeshop.sk\\\/\",\"name\":\"ZK company\",\"description\":\"Kvalitn\u00e1 kozmetika pre ka\u017edodenn\u00e9 pou\u017eitie\",\"potentialAction\":[{\"@type\":\"SearchAction\",\"target\":{\"@type\":\"EntryPoint\",\"urlTemplate\":\"https:\\\/\\\/zkeshop.sk\\\/?s={search_term_string}\"},\"query-input\":{\"@type\":\"PropertyValueSpecification\",\"valueRequired\":true,\"valueName\":\"search_term_string\"}}],\"inLanguage\":\"cs\"}]}<\/script>\n<meta property=\"product:price:amount\" content=\"105.00\" \/>\n<meta property=\"product:price:currency\" content=\"EUR\" \/>\n<meta property=\"og:availability\" content=\"out of stock\" \/>\n<meta property=\"product:availability\" content=\"out of stock\" \/>\n<meta property=\"product:condition\" content=\"new\" \/>\n<!-- \/ Yoast SEO Premium plugin. -->","yoast_head_json":{"title":"V\u00fdhodn\u00fd set 3x ExactGEN Patentovan\u00fd bioaktivn\u00ed kolagen Peptan\u00ae\/ Maracuja-Mandarinka 300 g - ZK company","description":"V\u00fdhodn\u00fd set - 65% nav\u00fd\u0161en\u00ed kolagenu v poko\u017ece \/ 32% redukci o\u010dn\u00edch vr\u00e1sek \/ 18% nav\u00fd\u0161en\u00ed elastinu v poko\u017ece. Maracuja-Mandarinka.","robots":{"index":"index","follow":"follow","max-snippet":"max-snippet:-1","max-image-preview":"max-image-preview:large","max-video-preview":"max-video-preview:-1"},"canonical":"https:\/\/zkeshop.sk\/cs\/produkt\/vyhodny-set-3x-exactgen-patentovany-bioaktivni-kolagen-peptan-maracuja-mandarinka-300-g\/","og_locale":"cs_CZ","og_type":"article","og_title":"V\u00fdhodn\u00fd set 3x ExactGEN Patentovan\u00fd bioaktivn\u00ed kolagen Peptan\u00ae\/ Maracuja-Mandarinka 300 g","og_description":"V\u00fdhodn\u00fd set - 65% nav\u00fd\u0161en\u00ed kolagenu v poko\u017ece \/ 32% redukci o\u010dn\u00edch vr\u00e1sek \/ 18% nav\u00fd\u0161en\u00ed elastinu v poko\u017ece. Maracuja-Mandarinka.","og_url":"https:\/\/zkeshop.sk\/cs\/produkt\/vyhodny-set-3x-exactgen-patentovany-bioaktivni-kolagen-peptan-maracuja-mandarinka-300-g\/","og_site_name":"ZK company","article_modified_time":"2025-09-30T09:21:40+00:00","og_image":[{"width":2560,"height":1709,"url":"https:\/\/zkeshop.sk\/wp-content\/uploads\/2022\/11\/ExactGEN-3pack-WEB_NOVE-LOGO.jpg","type":"image\/jpeg"}],"twitter_card":"summary_large_image","twitter_misc":{"Cena":"105,00&nbsp;&euro;","Dostupnost":"Vyprod\u00e1no"},"schema":{"@context":"https:\/\/schema.org","@graph":[{"@type":"WebPage","@id":"https:\/\/zkeshop.sk\/cs\/produkt\/vyhodny-set-3x-exactgen-patentovany-bioaktivni-kolagen-peptan-maracuja-mandarinka-300-g\/","url":"https:\/\/zkeshop.sk\/cs\/produkt\/vyhodny-set-3x-exactgen-patentovany-bioaktivni-kolagen-peptan-maracuja-mandarinka-300-g\/","name":"V\u00fdhodn\u00fd set 3x ExactGEN Patentovan\u00fd bioaktivn\u00ed kolagen Peptan\u00ae\/ Maracuja-Mandarinka 300 g - ZK company","isPartOf":{"@id":"https:\/\/zkeshop.sk\/#website"},"primaryImageOfPage":{"@id":"https:\/\/zkeshop.sk\/cs\/produkt\/vyhodny-set-3x-exactgen-patentovany-bioaktivni-kolagen-peptan-maracuja-mandarinka-300-g\/#primaryimage"},"image":{"@id":"https:\/\/zkeshop.sk\/cs\/produkt\/vyhodny-set-3x-exactgen-patentovany-bioaktivni-kolagen-peptan-maracuja-mandarinka-300-g\/#primaryimage"},"thumbnailUrl":"https:\/\/zkeshop.sk\/wp-content\/uploads\/2022\/11\/ExactGEN-3pack-WEB_NOVE-LOGO.jpg","datePublished":"2022-11-02T22:23:55+00:00","dateModified":"2025-09-30T09:21:40+00:00","description":"V\u00fdhodn\u00fd set - 65% nav\u00fd\u0161en\u00ed kolagenu v poko\u017ece \/ 32% redukci o\u010dn\u00edch vr\u00e1sek \/ 18% nav\u00fd\u0161en\u00ed elastinu v poko\u017ece. Maracuja-Mandarinka.","breadcrumb":{"@id":"https:\/\/zkeshop.sk\/cs\/produkt\/vyhodny-set-3x-exactgen-patentovany-bioaktivni-kolagen-peptan-maracuja-mandarinka-300-g\/#breadcrumb"},"inLanguage":"cs","potentialAction":[{"@type":"ReadAction","target":["https:\/\/zkeshop.sk\/cs\/produkt\/vyhodny-set-3x-exactgen-patentovany-bioaktivni-kolagen-peptan-maracuja-mandarinka-300-g\/"]}]},{"@type":"ImageObject","inLanguage":"cs","@id":"https:\/\/zkeshop.sk\/cs\/produkt\/vyhodny-set-3x-exactgen-patentovany-bioaktivni-kolagen-peptan-maracuja-mandarinka-300-g\/#primaryimage","url":"https:\/\/zkeshop.sk\/wp-content\/uploads\/2022\/11\/ExactGEN-3pack-WEB_NOVE-LOGO.jpg","contentUrl":"https:\/\/zkeshop.sk\/wp-content\/uploads\/2022\/11\/ExactGEN-3pack-WEB_NOVE-LOGO.jpg","width":2560,"height":1709,"caption":"V\u00fdhodn\u00fd set 3\u00d7 ExactGEN kolag\u00e9n Peptan\u00ae s pr\u00edchu\u0165ou maracuja & mandar\u00ednka. Bioakt\u00edvne peptidy pre kr\u00e1snu ple\u0165, vlasy a nechty."},{"@type":"BreadcrumbList","@id":"https:\/\/zkeshop.sk\/cs\/produkt\/vyhodny-set-3x-exactgen-patentovany-bioaktivni-kolagen-peptan-maracuja-mandarinka-300-g\/#breadcrumb","itemListElement":[{"@type":"ListItem","position":1,"name":"Dom\u016f","item":"https:\/\/zkeshop.sk\/"},{"@type":"ListItem","position":2,"name":"Obchod","item":"https:\/\/zkeshop.sk\/obchod\/"},{"@type":"ListItem","position":3,"name":"V\u00fdhodn\u00fd set 3x ExactGEN Patentovan\u00fd bioaktivn\u00ed kolagen Peptan\u00ae\/ Maracuja-Mandarinka 300 g"}]},{"@type":"WebSite","@id":"https:\/\/zkeshop.sk\/#website","url":"https:\/\/zkeshop.sk\/","name":"ZK company","description":"Kvalitn\u00e1 kozmetika pre ka\u017edodenn\u00e9 pou\u017eitie","potentialAction":[{"@type":"SearchAction","target":{"@type":"EntryPoint","urlTemplate":"https:\/\/zkeshop.sk\/?s={search_term_string}"},"query-input":{"@type":"PropertyValueSpecification","valueRequired":true,"valueName":"search_term_string"}}],"inLanguage":"cs"}]},"product_price_amount":"105.00","product_price_currency":"EUR","og_availability":"out of stock","product_availability":"out of stock","product_condition":"new"},"_links":{"self":[{"href":"https:\/\/zkeshop.sk\/cs\/wp-json\/wp\/v2\/product\/11762","targetHints":{"allow":["GET"]}}],"collection":[{"href":"https:\/\/zkeshop.sk\/cs\/wp-json\/wp\/v2\/product"}],"about":[{"href":"https:\/\/zkeshop.sk\/cs\/wp-json\/wp\/v2\/types\/product"}],"replies":[{"embeddable":true,"href":"https:\/\/zkeshop.sk\/cs\/wp-json\/wp\/v2\/comments?post=11762"}],"version-history":[{"count":0,"href":"https:\/\/zkeshop.sk\/cs\/wp-json\/wp\/v2\/product\/11762\/revisions"}],"wp:featuredmedia":[{"embeddable":true,"href":"https:\/\/zkeshop.sk\/cs\/wp-json\/wp\/v2\/media\/12557"}],"wp:attachment":[{"href":"https:\/\/zkeshop.sk\/cs\/wp-json\/wp\/v2\/media?parent=11762"}],"wp:term":[{"taxonomy":"product_brand","embeddable":true,"href":"https:\/\/zkeshop.sk\/cs\/wp-json\/wp\/v2\/product_brand?post=11762"},{"taxonomy":"product_cat","embeddable":true,"href":"https:\/\/zkeshop.sk\/cs\/wp-json\/wp\/v2\/product_cat?post=11762"},{"taxonomy":"product_tag","embeddable":true,"href":"https:\/\/zkeshop.sk\/cs\/wp-json\/wp\/v2\/product_tag?post=11762"}],"curies":[{"name":"wp","href":"https:\/\/api.w.org\/{rel}","templated":true}]}}