{"id":11765,"date":"2023-06-20T20:21:51","date_gmt":"2023-06-20T18:21:51","guid":{"rendered":"https:\/\/zkeshop.sk\/produkt\/vite-anti-aging-vyzivujici-pletova-maska-100ml\/"},"modified":"2025-11-03T12:51:55","modified_gmt":"2025-11-03T11:51:55","slug":"vite-anti-aging-vyzivujici-pletova-maska-100ml","status":"publish","type":"product","link":"https:\/\/zkeshop.sk\/cs\/produkt\/vite-anti-aging-vyzivujici-pletova-maska-100ml\/","title":{"rendered":"vitE &#8211; vy\u017eivuj\u00edc\u00ed ple\u0165ov\u00e1 maska proti st\u00e1rnut\u00ed 100ml"},"content":{"rendered":"<p>P\u0159edstavujeme <strong>vitE &#8211; vy\u017eivuj\u00edc\u00ed ple\u0165ovou masku proti st\u00e1rnut\u00ed<\/strong><\/p>\n<p>&#8211; je p\u0159esn\u011b to, co va\u0161e unaven\u00e1 ple\u0165 pot\u0159ebuje, aby z\u00edskala zp\u011bt sv\u016fj z\u00e1\u0159iv\u00fd a sv\u011b\u017e\u00ed vzhled. VitE je v\u00edc ne\u017e jen hydrata\u010dn\u00ed maska, je to z\u00e1zrak proti st\u00e1rnut\u00ed pleti v jednoduch\u00e9 aplikaci, kter\u00fd pe\u010duje o v\u00e1\u0161 mladistv\u00fd vzhled. <\/p>\n<ul>\n<li>obsahuje <strong>vitamin E<\/strong>, siln\u00fd antioxidant, kter\u00fd chr\u00e1n\u00ed poko\u017eku p\u0159ed \u0161kodliv\u00fdmi vn\u011bj\u0161\u00edmi vlivy.<\/li>\n<li><strong>Bambuck\u00e9 m\u00e1slo<\/strong> dod\u00e1v\u00e1 poko\u017ece pot\u0159ebnou v\u00fd\u017eivu a hydrataci.<\/li>\n<li><strong>Skvalan<\/strong> a<strong> betain<\/strong> dod\u00e1vaj\u00ed pleti extra d\u00e1vku hydratace a zlep\u0161uj\u00ed jej\u00ed pru\u017enost.<\/li>\n<li>Jako bonus obsahuje vitE &#8211; vy\u017eivuj\u00edc\u00ed ple\u0165ov\u00e1 maska proti st\u00e1rnut\u00ed <strong>panthenol<\/strong>, kter\u00fd podporuje regeneraci pleti, a <strong>aloe vera<\/strong>, kter\u00e9 dod\u00e1v\u00e1 pleti zklid\u0148uj\u00edc\u00ed \u00fa\u010dinky.<\/li>\n<li>T\u0159e\u0161ni\u010dkou na dortu je <strong>n\u00edzkomolekul\u00e1rn\u00ed kyselina hyaluronov\u00e1<\/strong>, kter\u00e1 pronik\u00e1 hluboko do poko\u017eky a pom\u00e1h\u00e1 ji vyhladit a zjemnit.<\/li>\n<\/ul>\n<p><strong>VitE &#8211; vy\u017eivuj\u00edc\u00ed ple\u0165ov\u00e1 maska proti st\u00e1rnut\u00ed<\/strong> se snadno nan\u00e1\u0161\u00ed. Sta\u010d\u00ed ji nan\u00e9st na ple\u0165 a nechat p\u016fsobit 20 minut. Pot\u00e9 ji jednodu\u0161e o\u010dist\u011bte vlhk\u00fdm ru\u010dn\u00edkem a vychutnejte si okam\u017eit\u00fd pocit sv\u011b\u017eesti a omlazen\u00ed.  <\/p>\n<h3>5 p\u0159esv\u011bd\u010div\u00fdch v\u00fdhod vitE &#8211; v\u00fd\u017eivn\u00e9 ple\u0165ov\u00e9 masky proti st\u00e1rnut\u00ed:<\/h3>\n<ol>\n<li>Intenzivn\u00ed v\u00fd\u017eiva a hydratace: vitam\u00edn E, bambuck\u00e9 m\u00e1slo a skvalen poskytuj\u00ed pleti hloubkovou hydrataci a v\u00fd\u017eivu.<\/li>\n<li>\u00da\u010dinek proti st\u00e1rnut\u00ed: VitE pom\u00e1h\u00e1 bojovat proti zn\u00e1mk\u00e1m st\u00e1rnut\u00ed a udr\u017euje va\u0161i ple\u0165 mladistvou.<\/li>\n<li>Snadn\u00e1 aplikace: VitE se snadno nan\u00e1\u0161\u00ed a \u010dist\u00ed, tak\u017ee jej m\u016f\u017eete pou\u017e\u00edt kdykoli a kdekoli.<\/li>\n<li>\u0160etrn\u00fd k poko\u017ece d\u00edky p\u0159\u00edrodn\u00edm slo\u017ek\u00e1m<\/li>\n<li>Okam\u017eit\u00fd \u00fa\u010dinek: ji\u017e po prvn\u00edm pou\u017eit\u00ed c\u00edt\u00edte, \u017ee je va\u0161e ple\u0165 sv\u011b\u017e\u00ed, hydratovan\u00e1 a z\u00e1\u0159iv\u00e1.<\/li>\n<\/ol>\n<p>N<strong>\u00e1vod k pou\u017eit\u00ed:<\/strong> Naneste dostate\u010dn\u00e9 mno\u017estv\u00ed masky na poko\u017eku obli\u010deje a nechte p\u016fsobit 15 a\u017e 20 minut. Pot\u00e9 ji set\u0159ete vlhk\u00fdm ru\u010dn\u00edkem. V\u017edy nan\u00e1\u0161ejte na \u010distou ple\u0165. Doporu\u010dujeme pou\u017e\u00edvat p\u0159\u00edpravek pravideln\u011b.   <\/p>\n<p>P\u0159ed ka\u017ed\u00fdm pou\u017eit\u00edm masku prom\u00edchejte.<\/p>\n<p>U<strong>pozorn\u011bn\u00ed<\/strong>: V\u00fdrobek je ur\u010den pro vn\u011bj\u0161\u00ed pou\u017eit\u00ed. Uchov\u00e1vejte mimo dosah d\u011bt\u00ed. Chra\u0148te p\u0159ed p\u0159\u00edm\u00fdm slune\u010dn\u00edm z\u00e1\u0159en\u00edm a mrazem. Skladujte p\u0159i pokojov\u00e9 teplot\u011b, na such\u00e9m a tmav\u00e9m m\u00edst\u011b.   <\/p>\n<p><strong>Slo\u017een\u00ed:<\/strong><br \/>\nGlycerin, olej ze semen Helianthus Annuus, m\u00e1slo Butyrospermum Parkii, olej ze semen Ricinus Communis, hydrogenovan\u00fd ricinov\u00fd olej, vosk Copernicia Cerifera, skvalen, betain, fenoxyethanol, cetearylalkohol, kyselina stearov\u00e1, panthenol, tokoferol, beta-sitosterol, kyselina ml\u00e9\u010dn\u00e1, hyaluron\u00e1t sodn\u00fd, pr\u00e1\u0161ek z list\u016f Aloe Barbadensis, skvalen, ethylhexylglycerin, parf\u00e9m<\/p>\n","protected":false},"excerpt":{"rendered":"<p><strong><span style=\"color: #ff0000;\">1+1 VOLN\u00c1 AKCE. P\u0159idejte do ko\u0161\u00edku 2 produkty a jeden automaticky z\u00edsk\u00e1te ZDARMA. <\/span><\/strong><\/p>\n<p>vitE &#8211; intenzivn\u00ed vy\u017eivuj\u00edc\u00ed hydrata\u010dn\u00ed ple\u0165ov\u00e1 maska, kter\u00e1 je p\u0159esn\u011b to, co va\u0161e unaven\u00e1 ple\u0165 pot\u0159ebuje, aby z\u00edskala zp\u011bt sv\u016fj z\u00e1\u0159iv\u00fd a sv\u011b\u017e\u00ed vzhled. VitE je v\u00edc ne\u017e jen maska, je to z\u00e1zrak proti st\u00e1rnut\u00ed prezentovan\u00fd v jednoduch\u00e9 aplikaci, kter\u00fd pe\u010duje o v\u00e1\u0161 mladistv\u00fd vzhled a takt. <\/p>\n","protected":false},"featured_media":12515,"comment_status":"open","ping_status":"closed","template":"","meta":[],"product_brand":[],"product_cat":[87],"product_tag":[],"class_list":{"0":"post-11765","1":"product","2":"type-product","3":"status-publish","4":"has-post-thumbnail","6":"product_cat-pletova-kosmetika","8":"first","9":"outofstock","10":"taxable","11":"shipping-taxable","12":"purchasable","13":"product-type-simple"},"yoast_head":"<!-- This site is optimized with the Yoast SEO Premium plugin v27.3 (Yoast SEO v27.3) - https:\/\/yoast.com\/product\/yoast-seo-premium-wordpress\/ -->\n<title>vitE - vy\u017eivuj\u00edc\u00ed ple\u0165ov\u00e1 maska proti st\u00e1rnut\u00ed - ZK company<\/title>\n<meta name=\"description\" content=\"vitE - vy\u017eivuj\u00edc\u00ed hydrata\u010dn\u00ed ple\u0165ov\u00e1 maska a z\u00e1zrak proti st\u00e1rnut\u00ed ve form\u011b jednoduch\u00e9 aplikace, kter\u00e1 pe\u010duje o v\u00e1\u0161 mladistv\u00fd vzhled.\" \/>\n<meta name=\"robots\" content=\"index, follow, max-snippet:-1, max-image-preview:large, max-video-preview:-1\" \/>\n<link rel=\"canonical\" href=\"https:\/\/zkeshop.sk\/produkt\/vite-anti-aging-vyzivujuca-pletova-maska-100ml-zk-company\/\" \/>\n<meta property=\"og:locale\" content=\"cs_CZ\" \/>\n<meta property=\"og:type\" content=\"article\" \/>\n<meta property=\"og:title\" content=\"vitE - vy\u017eivuj\u00edc\u00ed ple\u0165ov\u00e1 maska proti st\u00e1rnut\u00ed 100ml\" \/>\n<meta property=\"og:description\" content=\"vitE - vy\u017eivuj\u00edc\u00ed hydrata\u010dn\u00ed ple\u0165ov\u00e1 maska a z\u00e1zrak proti st\u00e1rnut\u00ed ve form\u011b jednoduch\u00e9 aplikace, kter\u00e1 pe\u010duje o v\u00e1\u0161 mladistv\u00fd vzhled.\" \/>\n<meta property=\"og:url\" content=\"https:\/\/zkeshop.sk\/produkt\/vite-anti-aging-vyzivujuca-pletova-maska-100ml-zk-company\/\" \/>\n<meta property=\"og:site_name\" content=\"ZK company\" \/>\n<meta property=\"article:modified_time\" content=\"2025-11-03T11:51:55+00:00\" \/>\n<meta property=\"og:image\" content=\"https:\/\/zkeshop.sk\/wp-content\/uploads\/2023\/06\/vitE-spolocna-Web_NOVE-LOGO-e1707054398841.jpg\" \/>\n\t<meta property=\"og:image:width\" content=\"2560\" \/>\n\t<meta property=\"og:image:height\" content=\"1709\" \/>\n\t<meta property=\"og:image:type\" content=\"image\/jpeg\" \/>\n<meta name=\"twitter:card\" content=\"summary_large_image\" \/>\n<meta name=\"twitter:label1\" content=\"Cena\" \/>\n\t<meta name=\"twitter:data1\" content=\"29,00&nbsp;&euro;\" \/>\n\t<meta name=\"twitter:label2\" content=\"Dostupnost\" \/>\n\t<meta name=\"twitter:data2\" content=\"Vyprod\u00e1no\" \/>\n<script type=\"application\/ld+json\" class=\"yoast-schema-graph\">{\"@context\":\"https:\\\/\\\/schema.org\",\"@graph\":[{\"@type\":\"WebPage\",\"@id\":\"https:\\\/\\\/zkeshop.sk\\\/produkt\\\/vite-anti-aging-vyzivujuca-pletova-maska-100ml-zk-company\\\/\",\"url\":\"https:\\\/\\\/zkeshop.sk\\\/produkt\\\/vite-anti-aging-vyzivujuca-pletova-maska-100ml-zk-company\\\/\",\"name\":\"vitE - vy\u017eivuj\u00edc\u00ed ple\u0165ov\u00e1 maska proti st\u00e1rnut\u00ed - ZK company\",\"isPartOf\":{\"@id\":\"https:\\\/\\\/zkeshop.sk\\\/#website\"},\"primaryImageOfPage\":{\"@id\":\"https:\\\/\\\/zkeshop.sk\\\/produkt\\\/vite-anti-aging-vyzivujuca-pletova-maska-100ml-zk-company\\\/#primaryimage\"},\"image\":{\"@id\":\"https:\\\/\\\/zkeshop.sk\\\/produkt\\\/vite-anti-aging-vyzivujuca-pletova-maska-100ml-zk-company\\\/#primaryimage\"},\"thumbnailUrl\":\"https:\\\/\\\/zkeshop.sk\\\/wp-content\\\/uploads\\\/2023\\\/06\\\/vitE-spolocna-Web_NOVE-LOGO-e1707054398841.jpg\",\"datePublished\":\"2023-06-20T18:21:51+00:00\",\"dateModified\":\"2025-11-03T11:51:55+00:00\",\"description\":\"vitE - vy\u017eivuj\u00edc\u00ed hydrata\u010dn\u00ed ple\u0165ov\u00e1 maska a z\u00e1zrak proti st\u00e1rnut\u00ed ve form\u011b jednoduch\u00e9 aplikace, kter\u00e1 pe\u010duje o v\u00e1\u0161 mladistv\u00fd vzhled.\",\"breadcrumb\":{\"@id\":\"https:\\\/\\\/zkeshop.sk\\\/produkt\\\/vite-anti-aging-vyzivujuca-pletova-maska-100ml-zk-company\\\/#breadcrumb\"},\"inLanguage\":\"cs\",\"potentialAction\":[{\"@type\":\"ReadAction\",\"target\":[\"https:\\\/\\\/zkeshop.sk\\\/produkt\\\/vite-anti-aging-vyzivujuca-pletova-maska-100ml-zk-company\\\/\"]}]},{\"@type\":\"ImageObject\",\"inLanguage\":\"cs\",\"@id\":\"https:\\\/\\\/zkeshop.sk\\\/produkt\\\/vite-anti-aging-vyzivujuca-pletova-maska-100ml-zk-company\\\/#primaryimage\",\"url\":\"https:\\\/\\\/zkeshop.sk\\\/wp-content\\\/uploads\\\/2023\\\/06\\\/vitE-spolocna-Web_NOVE-LOGO-e1707054398841.jpg\",\"contentUrl\":\"https:\\\/\\\/zkeshop.sk\\\/wp-content\\\/uploads\\\/2023\\\/06\\\/vitE-spolocna-Web_NOVE-LOGO-e1707054398841.jpg\",\"width\":2560,\"height\":1709},{\"@type\":\"BreadcrumbList\",\"@id\":\"https:\\\/\\\/zkeshop.sk\\\/produkt\\\/vite-anti-aging-vyzivujuca-pletova-maska-100ml-zk-company\\\/#breadcrumb\",\"itemListElement\":[{\"@type\":\"ListItem\",\"position\":1,\"name\":\"Dom\u016f\",\"item\":\"https:\\\/\\\/zkeshop.sk\\\/\"},{\"@type\":\"ListItem\",\"position\":2,\"name\":\"Obchod\",\"item\":\"https:\\\/\\\/zkeshop.sk\\\/obchod\\\/\"},{\"@type\":\"ListItem\",\"position\":3,\"name\":\"vitE &#8211; vy\u017eivuj\u00edc\u00ed ple\u0165ov\u00e1 maska proti st\u00e1rnut\u00ed 100ml\"}]},{\"@type\":\"WebSite\",\"@id\":\"https:\\\/\\\/zkeshop.sk\\\/#website\",\"url\":\"https:\\\/\\\/zkeshop.sk\\\/\",\"name\":\"ZK company\",\"description\":\"Kvalitn\u00e1 kozmetika pre ka\u017edodenn\u00e9 pou\u017eitie\",\"potentialAction\":[{\"@type\":\"SearchAction\",\"target\":{\"@type\":\"EntryPoint\",\"urlTemplate\":\"https:\\\/\\\/zkeshop.sk\\\/?s={search_term_string}\"},\"query-input\":{\"@type\":\"PropertyValueSpecification\",\"valueRequired\":true,\"valueName\":\"search_term_string\"}}],\"inLanguage\":\"cs\"}]}<\/script>\n<meta property=\"product:price:amount\" content=\"29.00\" \/>\n<meta property=\"product:price:currency\" content=\"EUR\" \/>\n<meta property=\"og:availability\" content=\"out of stock\" \/>\n<meta property=\"product:availability\" content=\"out of stock\" \/>\n<meta property=\"product:condition\" content=\"new\" \/>\n<!-- \/ Yoast SEO Premium plugin. -->","yoast_head_json":{"title":"vitE - vy\u017eivuj\u00edc\u00ed ple\u0165ov\u00e1 maska proti st\u00e1rnut\u00ed - ZK company","description":"vitE - vy\u017eivuj\u00edc\u00ed hydrata\u010dn\u00ed ple\u0165ov\u00e1 maska a z\u00e1zrak proti st\u00e1rnut\u00ed ve form\u011b jednoduch\u00e9 aplikace, kter\u00e1 pe\u010duje o v\u00e1\u0161 mladistv\u00fd vzhled.","robots":{"index":"index","follow":"follow","max-snippet":"max-snippet:-1","max-image-preview":"max-image-preview:large","max-video-preview":"max-video-preview:-1"},"canonical":"https:\/\/zkeshop.sk\/produkt\/vite-anti-aging-vyzivujuca-pletova-maska-100ml-zk-company\/","og_locale":"cs_CZ","og_type":"article","og_title":"vitE - vy\u017eivuj\u00edc\u00ed ple\u0165ov\u00e1 maska proti st\u00e1rnut\u00ed 100ml","og_description":"vitE - vy\u017eivuj\u00edc\u00ed hydrata\u010dn\u00ed ple\u0165ov\u00e1 maska a z\u00e1zrak proti st\u00e1rnut\u00ed ve form\u011b jednoduch\u00e9 aplikace, kter\u00e1 pe\u010duje o v\u00e1\u0161 mladistv\u00fd vzhled.","og_url":"https:\/\/zkeshop.sk\/produkt\/vite-anti-aging-vyzivujuca-pletova-maska-100ml-zk-company\/","og_site_name":"ZK company","article_modified_time":"2025-11-03T11:51:55+00:00","og_image":[{"width":2560,"height":1709,"url":"https:\/\/zkeshop.sk\/wp-content\/uploads\/2023\/06\/vitE-spolocna-Web_NOVE-LOGO-e1707054398841.jpg","type":"image\/jpeg"}],"twitter_card":"summary_large_image","twitter_misc":{"Cena":"29,00&nbsp;&euro;","Dostupnost":"Vyprod\u00e1no"},"schema":{"@context":"https:\/\/schema.org","@graph":[{"@type":"WebPage","@id":"https:\/\/zkeshop.sk\/produkt\/vite-anti-aging-vyzivujuca-pletova-maska-100ml-zk-company\/","url":"https:\/\/zkeshop.sk\/produkt\/vite-anti-aging-vyzivujuca-pletova-maska-100ml-zk-company\/","name":"vitE - vy\u017eivuj\u00edc\u00ed ple\u0165ov\u00e1 maska proti st\u00e1rnut\u00ed - ZK company","isPartOf":{"@id":"https:\/\/zkeshop.sk\/#website"},"primaryImageOfPage":{"@id":"https:\/\/zkeshop.sk\/produkt\/vite-anti-aging-vyzivujuca-pletova-maska-100ml-zk-company\/#primaryimage"},"image":{"@id":"https:\/\/zkeshop.sk\/produkt\/vite-anti-aging-vyzivujuca-pletova-maska-100ml-zk-company\/#primaryimage"},"thumbnailUrl":"https:\/\/zkeshop.sk\/wp-content\/uploads\/2023\/06\/vitE-spolocna-Web_NOVE-LOGO-e1707054398841.jpg","datePublished":"2023-06-20T18:21:51+00:00","dateModified":"2025-11-03T11:51:55+00:00","description":"vitE - vy\u017eivuj\u00edc\u00ed hydrata\u010dn\u00ed ple\u0165ov\u00e1 maska a z\u00e1zrak proti st\u00e1rnut\u00ed ve form\u011b jednoduch\u00e9 aplikace, kter\u00e1 pe\u010duje o v\u00e1\u0161 mladistv\u00fd vzhled.","breadcrumb":{"@id":"https:\/\/zkeshop.sk\/produkt\/vite-anti-aging-vyzivujuca-pletova-maska-100ml-zk-company\/#breadcrumb"},"inLanguage":"cs","potentialAction":[{"@type":"ReadAction","target":["https:\/\/zkeshop.sk\/produkt\/vite-anti-aging-vyzivujuca-pletova-maska-100ml-zk-company\/"]}]},{"@type":"ImageObject","inLanguage":"cs","@id":"https:\/\/zkeshop.sk\/produkt\/vite-anti-aging-vyzivujuca-pletova-maska-100ml-zk-company\/#primaryimage","url":"https:\/\/zkeshop.sk\/wp-content\/uploads\/2023\/06\/vitE-spolocna-Web_NOVE-LOGO-e1707054398841.jpg","contentUrl":"https:\/\/zkeshop.sk\/wp-content\/uploads\/2023\/06\/vitE-spolocna-Web_NOVE-LOGO-e1707054398841.jpg","width":2560,"height":1709},{"@type":"BreadcrumbList","@id":"https:\/\/zkeshop.sk\/produkt\/vite-anti-aging-vyzivujuca-pletova-maska-100ml-zk-company\/#breadcrumb","itemListElement":[{"@type":"ListItem","position":1,"name":"Dom\u016f","item":"https:\/\/zkeshop.sk\/"},{"@type":"ListItem","position":2,"name":"Obchod","item":"https:\/\/zkeshop.sk\/obchod\/"},{"@type":"ListItem","position":3,"name":"vitE &#8211; vy\u017eivuj\u00edc\u00ed ple\u0165ov\u00e1 maska proti st\u00e1rnut\u00ed 100ml"}]},{"@type":"WebSite","@id":"https:\/\/zkeshop.sk\/#website","url":"https:\/\/zkeshop.sk\/","name":"ZK company","description":"Kvalitn\u00e1 kozmetika pre ka\u017edodenn\u00e9 pou\u017eitie","potentialAction":[{"@type":"SearchAction","target":{"@type":"EntryPoint","urlTemplate":"https:\/\/zkeshop.sk\/?s={search_term_string}"},"query-input":{"@type":"PropertyValueSpecification","valueRequired":true,"valueName":"search_term_string"}}],"inLanguage":"cs"}]},"product_price_amount":"29.00","product_price_currency":"EUR","og_availability":"out of stock","product_availability":"out of stock","product_condition":"new"},"_links":{"self":[{"href":"https:\/\/zkeshop.sk\/cs\/wp-json\/wp\/v2\/product\/11765","targetHints":{"allow":["GET"]}}],"collection":[{"href":"https:\/\/zkeshop.sk\/cs\/wp-json\/wp\/v2\/product"}],"about":[{"href":"https:\/\/zkeshop.sk\/cs\/wp-json\/wp\/v2\/types\/product"}],"replies":[{"embeddable":true,"href":"https:\/\/zkeshop.sk\/cs\/wp-json\/wp\/v2\/comments?post=11765"}],"version-history":[{"count":0,"href":"https:\/\/zkeshop.sk\/cs\/wp-json\/wp\/v2\/product\/11765\/revisions"}],"wp:featuredmedia":[{"embeddable":true,"href":"https:\/\/zkeshop.sk\/cs\/wp-json\/wp\/v2\/media\/12515"}],"wp:attachment":[{"href":"https:\/\/zkeshop.sk\/cs\/wp-json\/wp\/v2\/media?parent=11765"}],"wp:term":[{"taxonomy":"product_brand","embeddable":true,"href":"https:\/\/zkeshop.sk\/cs\/wp-json\/wp\/v2\/product_brand?post=11765"},{"taxonomy":"product_cat","embeddable":true,"href":"https:\/\/zkeshop.sk\/cs\/wp-json\/wp\/v2\/product_cat?post=11765"},{"taxonomy":"product_tag","embeddable":true,"href":"https:\/\/zkeshop.sk\/cs\/wp-json\/wp\/v2\/product_tag?post=11765"}],"curies":[{"name":"wp","href":"https:\/\/api.w.org\/{rel}","templated":true}]}}