{"id":11766,"date":"2023-06-20T20:29:21","date_gmt":"2023-06-20T18:29:21","guid":{"rendered":"https:\/\/zkeshop.sk\/produkt\/vitc-denni-rozjasnujici-pletovy-krem-s-vitaminem-c-50ml\/"},"modified":"2026-03-02T10:43:25","modified_gmt":"2026-03-02T09:43:25","slug":"vitc-denni-rozjasnujici-pletovy-krem-s-vitaminem-c-50ml","status":"publish","type":"product","link":"https:\/\/zkeshop.sk\/cs\/produkt\/vitc-denni-rozjasnujici-pletovy-krem-s-vitaminem-c-50ml\/","title":{"rendered":"vitC &#8211; denn\u00ed rozjas\u0148uj\u00edc\u00ed ple\u0165ov\u00fd kr\u00e9m s vitam\u00ednem C 50ml"},"content":{"rendered":"<p>Zapome\u0148te na nep\u0159\u00edjemn\u011b suchou poko\u017eku a matn\u00fd v\u00fdraz. VitC je v\u00e1\u0161 nov\u00fd superhrdina v boji proti nerovnom\u011brn\u00e9mu t\u00f3nu pleti a tmav\u00fdm skvrn\u00e1m. Rozjas\u0148uj\u00edc\u00ed denn\u00ed kr\u00e9m s vitam\u00ednem C a betainem je jako va\u0161e denn\u00ed slunce v tubi\u010dce, kter\u00e9 p\u0159in\u00e1\u0161\u00ed sv\u011b\u017eest a z\u00e1\u0159i do ka\u017ed\u00e9ho dne.<\/p>\n<p>Vitamin C je d\u016fle\u017eit\u00fdm antioxidantem, kter\u00fd bojuje proti po\u0161kozen\u00ed pleti zp\u016fsoben\u00e9mu voln\u00fdmi radik\u00e1ly a pom\u00e1h\u00e1 zlep\u0161it vzhled jemn\u00fdch lini\u00ed a vr\u00e1sek. Tento denn\u00ed kr\u00e9m je pln\u00fd tohoto siln\u00e9ho vitam\u00ednu, aby va\u0161e ple\u0165 z\u016fstala sv\u011b\u017e\u00ed, jasn\u00e1 a pevn\u00e1.<\/p>\n<p>Betain zase zvy\u0161uje hydrataci pleti, reguluje produkci mazu a sni\u017euje pravd\u011bpodobnost akn\u00e9. Je to ide\u00e1ln\u00ed spole\u010dn\u00edk vitam\u00ednu C, proto\u017ee spolu pracuj\u00ed na tom, aby va\u0161e ple\u0165 vypadala a c\u00edtila se co nejl\u00e9pe.<\/p>\n<p>Nez\u00e1le\u017e\u00ed na tom, jestli m\u00e1te norm\u00e1ln\u00ed, suchou, mastnou nebo sm\u00ed\u0161enou ple\u0165. VitC je formulov\u00e1n tak, aby byl ide\u00e1ln\u00ed pro v\u0161echny typy pleti. VitC je jako denn\u00ed detox pro va\u0161i ple\u0165, kter\u00fd pom\u00e1h\u00e1 odstranit toxiny a ne\u010distoty, kter\u00e9 by mohly zap\u0159\u00ed\u010dinit v\u00fdskyt nedokonalost\u00ed.<\/p>\n<p>VitC je v\u00edc ne\u017e jen kr\u00e9m. Je to kl\u00ed\u010d k z\u00e1\u0159iv\u00e9 a zdrav\u00e9 pleti.<\/p>\n<p><strong>5 p\u0159esv\u011bd\u010div\u00fdch v\u00fdhod produktu vitC:<\/strong><\/p>\n<p>1. Rozjas\u0148uje ple\u0165: Vitamin C dod\u00e1v\u00e1 pleti zdrav\u00fd lesk a pom\u00e1h\u00e1 zm\u00edrnit tmav\u00e9 skvrny a nerovnom\u011brn\u00fd odst\u00edn pleti.<\/p>\n<p>2. Hydratuje a dettoxikuje: Betain hydratuje ple\u0165 a pom\u00e1h\u00e1 odstra\u0148ovat toxiny a ne\u010distoty.<\/p>\n<p>3. Bojuje proti st\u00e1rnut\u00ed: Vitamin C pracuje jako siln\u00fd antioxidant, kter\u00fd pom\u00e1h\u00e1 zlep\u0161it vzhled jemn\u00fdch lini\u00ed a vr\u00e1sek.<\/p>\n<p>4. Vhodn\u00fd pro v\u0161echny typy pleti: VitC je ide\u00e1ln\u00ed pro v\u0161echny typy pleti, a\u0165 u\u017e m\u00e1te norm\u00e1ln\u00ed, suchou, mastnou nebo sm\u00ed\u0161enou ple\u0165.<\/p>\n<p>5. Bezpe\u010dn\u00fd a efektivn\u00ed: VitC je bezpe\u010dn\u00fd a efektivn\u00ed zp\u016fsob, jak zlep\u0161it vzhled a pocit va\u0161\u00ed pleti.<\/p>\n<p>&nbsp;<\/p>\n<p><strong>N\u00e1vod k pou\u017eit\u00ed:<\/strong><\/p>\n<p>Dostate\u010dn\u00e9 mno\u017estv\u00ed kr\u00e9mu naneste na poko\u017eku obli\u010deje a krku. Aplikujte v\u017edy na \u010distou poko\u017eku. Doporu\u010dujeme p\u0159\u00edpravek pou\u017e\u00edvat ka\u017ed\u00e9 r\u00e1no a\/nebo ve\u010der.<\/p>\n<p><strong>Upozorn\u011bn\u00ed:<\/strong><\/p>\n<p>P\u0159\u00edpravek je ur\u010den k zevn\u00edmu pou\u017eit\u00ed. Uchov\u00e1vejte mimo dosah d\u011bt\u00ed. Chra\u0148te p\u0159ed p\u0159\u00edm\u00fdm slune\u010dn\u00edm z\u00e1\u0159en\u00edm a mrazem. Skladujte p\u0159i pokojov\u00e9 teplot\u011b, na such\u00e9m a tmav\u00e9m m\u00edst\u011b.<\/p>\n<p><span style=\"font-family: Times New Roman, serif;\"><span style=\"font-size: medium;\"><span style=\"color: #000000;\"><b>Slo\u017eky \/ Ingredients: <\/b><\/span><span style=\"color: #000000;\">Aqua, Magnesium Ascorbyl Phosphate, Polyglyceryl-6 Distearate, Sodium Acrylates Copolymer, Lecithin, Squalane, Betaine, Ricinus Communis Seed Oil, Hydrogenated Castor Oil, Copernicia Cerifera Wax, Glyceryl Behenate, Phenoxyethanol, Ethylhexylglycerin, Litsea Cubeba Fruit Oil, Citral, Limonene.<\/span><\/span><\/span><\/p>\n","protected":false},"excerpt":{"rendered":"<p>Nez\u00e1le\u017e\u00ed na tom, jestli m\u00e1te norm\u00e1ln\u00ed, suchou, mastnou nebo sm\u00ed\u0161enou ple\u0165. VitC je formulov\u00e1n tak, aby byl ide\u00e1ln\u00ed pro v\u0161echny typy pleti. VitC je v\u00e1\u0161 nov\u00fd superhrdina v boji proti nerovnom\u011brn\u00e9mu t\u00f3nu pleti a tmav\u00fdm skvrn\u00e1m. Rozjas\u0148uj\u00edc\u00ed denn\u00ed kr\u00e9m s vitam\u00ednem C s obsahem betainu je jako va\u0161e denn\u00ed slunce v tubi\u010dce, kter\u00e9 p\u0159in\u00e1\u0161\u00ed sv\u011b\u017eest a z\u00e1\u0159i do ka\u017ed\u00e9ho dne.<\/p>\n","protected":false},"featured_media":12506,"comment_status":"open","ping_status":"closed","template":"","meta":[],"product_brand":[],"product_cat":[179,183,185,87,188],"product_tag":[],"class_list":{"0":"post-11766","1":"product","2":"type-product","3":"status-publish","4":"has-post-thumbnail","6":"product_cat-citliva-plet-cs","7":"product_cat-nadmerna-pigmentace","8":"product_cat-normalni-plet","9":"product_cat-pletova-kosmetika","10":"product_cat-sucha-plet-cs","12":"first","13":"outofstock","14":"sale","15":"taxable","16":"shipping-taxable","17":"purchasable","18":"product-type-simple"},"yoast_head":"<!-- This site is optimized with the Yoast SEO Premium plugin v27.3 (Yoast SEO v27.3) - https:\/\/yoast.com\/product\/yoast-seo-premium-wordpress\/ -->\n<title>vitC - denn\u00ed rozjas\u0148uj\u00edc\u00ed ple\u0165ov\u00fd kr\u00e9m s vitam\u00ednem C 50ml - ZK company<\/title>\n<meta name=\"description\" content=\"VitC je v\u00e1\u0161 nov\u00fd superhrdina v boji proti nerovnom\u011brn\u00e9mu t\u00f3nu pleti a tmav\u00fdm skvrn\u00e1m. Je to kl\u00ed\u010d k z\u00e1\u0159iv\u00e9 a zdrav\u00e9 pleti.\" \/>\n<meta name=\"robots\" content=\"index, follow, max-snippet:-1, max-image-preview:large, max-video-preview:-1\" \/>\n<link rel=\"canonical\" href=\"https:\/\/zkeshop.sk\/cs\/produkt\/vitc-denni-rozjasnujici-pletovy-krem-s-vitaminem-c-50ml\/\" \/>\n<meta property=\"og:locale\" content=\"cs_CZ\" \/>\n<meta property=\"og:type\" content=\"article\" \/>\n<meta property=\"og:title\" content=\"vitC - denn\u00ed rozjas\u0148uj\u00edc\u00ed ple\u0165ov\u00fd kr\u00e9m s vitam\u00ednem C 50ml\" \/>\n<meta property=\"og:description\" content=\"VitC je v\u00e1\u0161 nov\u00fd superhrdina v boji proti nerovnom\u011brn\u00e9mu t\u00f3nu pleti a tmav\u00fdm skvrn\u00e1m. Je to kl\u00ed\u010d k z\u00e1\u0159iv\u00e9 a zdrav\u00e9 pleti.\" \/>\n<meta property=\"og:url\" content=\"https:\/\/zkeshop.sk\/cs\/produkt\/vitc-denni-rozjasnujici-pletovy-krem-s-vitaminem-c-50ml\/\" \/>\n<meta property=\"og:site_name\" content=\"ZK company\" \/>\n<meta property=\"article:modified_time\" content=\"2026-03-02T09:43:25+00:00\" \/>\n<meta property=\"og:image\" content=\"https:\/\/zkeshop.sk\/wp-content\/uploads\/2023\/06\/vitC-spolocna-Web_NOVE-LOGO-1-e1707053877199.jpg\" \/>\n\t<meta property=\"og:image:width\" content=\"2560\" \/>\n\t<meta property=\"og:image:height\" content=\"1709\" \/>\n\t<meta property=\"og:image:type\" content=\"image\/jpeg\" \/>\n<meta name=\"twitter:card\" content=\"summary_large_image\" \/>\n<meta name=\"twitter:label1\" content=\"Cena\" \/>\n\t<meta name=\"twitter:data1\" content=\"17,00&nbsp;&euro;\" \/>\n\t<meta name=\"twitter:label2\" content=\"Dostupnost\" \/>\n\t<meta name=\"twitter:data2\" content=\"Vyprod\u00e1no\" \/>\n<script type=\"application\/ld+json\" class=\"yoast-schema-graph\">{\"@context\":\"https:\\\/\\\/schema.org\",\"@graph\":[{\"@type\":\"WebPage\",\"@id\":\"https:\\\/\\\/zkeshop.sk\\\/cs\\\/produkt\\\/vitc-denni-rozjasnujici-pletovy-krem-s-vitaminem-c-50ml\\\/\",\"url\":\"https:\\\/\\\/zkeshop.sk\\\/cs\\\/produkt\\\/vitc-denni-rozjasnujici-pletovy-krem-s-vitaminem-c-50ml\\\/\",\"name\":\"vitC - denn\u00ed rozjas\u0148uj\u00edc\u00ed ple\u0165ov\u00fd kr\u00e9m s vitam\u00ednem C 50ml - ZK company\",\"isPartOf\":{\"@id\":\"https:\\\/\\\/zkeshop.sk\\\/#website\"},\"primaryImageOfPage\":{\"@id\":\"https:\\\/\\\/zkeshop.sk\\\/cs\\\/produkt\\\/vitc-denni-rozjasnujici-pletovy-krem-s-vitaminem-c-50ml\\\/#primaryimage\"},\"image\":{\"@id\":\"https:\\\/\\\/zkeshop.sk\\\/cs\\\/produkt\\\/vitc-denni-rozjasnujici-pletovy-krem-s-vitaminem-c-50ml\\\/#primaryimage\"},\"thumbnailUrl\":\"https:\\\/\\\/zkeshop.sk\\\/wp-content\\\/uploads\\\/2023\\\/06\\\/vitC-spolocna-Web_NOVE-LOGO-1-e1707053877199.jpg\",\"datePublished\":\"2023-06-20T18:29:21+00:00\",\"dateModified\":\"2026-03-02T09:43:25+00:00\",\"description\":\"VitC je v\u00e1\u0161 nov\u00fd superhrdina v boji proti nerovnom\u011brn\u00e9mu t\u00f3nu pleti a tmav\u00fdm skvrn\u00e1m. Je to kl\u00ed\u010d k z\u00e1\u0159iv\u00e9 a zdrav\u00e9 pleti.\",\"breadcrumb\":{\"@id\":\"https:\\\/\\\/zkeshop.sk\\\/cs\\\/produkt\\\/vitc-denni-rozjasnujici-pletovy-krem-s-vitaminem-c-50ml\\\/#breadcrumb\"},\"inLanguage\":\"cs\",\"potentialAction\":[{\"@type\":\"ReadAction\",\"target\":[\"https:\\\/\\\/zkeshop.sk\\\/cs\\\/produkt\\\/vitc-denni-rozjasnujici-pletovy-krem-s-vitaminem-c-50ml\\\/\"]}]},{\"@type\":\"ImageObject\",\"inLanguage\":\"cs\",\"@id\":\"https:\\\/\\\/zkeshop.sk\\\/cs\\\/produkt\\\/vitc-denni-rozjasnujici-pletovy-krem-s-vitaminem-c-50ml\\\/#primaryimage\",\"url\":\"https:\\\/\\\/zkeshop.sk\\\/wp-content\\\/uploads\\\/2023\\\/06\\\/vitC-spolocna-Web_NOVE-LOGO-1-e1707053877199.jpg\",\"contentUrl\":\"https:\\\/\\\/zkeshop.sk\\\/wp-content\\\/uploads\\\/2023\\\/06\\\/vitC-spolocna-Web_NOVE-LOGO-1-e1707053877199.jpg\",\"width\":2560,\"height\":1709,\"caption\":\"vitC rozjas\u0148uj\u00faci ple\u0165ov\u00fd kr\u00e9m s vitam\u00ednom C\"},{\"@type\":\"BreadcrumbList\",\"@id\":\"https:\\\/\\\/zkeshop.sk\\\/cs\\\/produkt\\\/vitc-denni-rozjasnujici-pletovy-krem-s-vitaminem-c-50ml\\\/#breadcrumb\",\"itemListElement\":[{\"@type\":\"ListItem\",\"position\":1,\"name\":\"Dom\u016f\",\"item\":\"https:\\\/\\\/zkeshop.sk\\\/\"},{\"@type\":\"ListItem\",\"position\":2,\"name\":\"Obchod\",\"item\":\"https:\\\/\\\/zkeshop.sk\\\/obchod\\\/\"},{\"@type\":\"ListItem\",\"position\":3,\"name\":\"vitC &#8211; denn\u00ed rozjas\u0148uj\u00edc\u00ed ple\u0165ov\u00fd kr\u00e9m s vitam\u00ednem C 50ml\"}]},{\"@type\":\"WebSite\",\"@id\":\"https:\\\/\\\/zkeshop.sk\\\/#website\",\"url\":\"https:\\\/\\\/zkeshop.sk\\\/\",\"name\":\"ZK company\",\"description\":\"Kvalitn\u00e1 kozmetika pre ka\u017edodenn\u00e9 pou\u017eitie\",\"potentialAction\":[{\"@type\":\"SearchAction\",\"target\":{\"@type\":\"EntryPoint\",\"urlTemplate\":\"https:\\\/\\\/zkeshop.sk\\\/?s={search_term_string}\"},\"query-input\":{\"@type\":\"PropertyValueSpecification\",\"valueRequired\":true,\"valueName\":\"search_term_string\"}}],\"inLanguage\":\"cs\"}]}<\/script>\n<meta property=\"product:price:amount\" content=\"17.00\" \/>\n<meta property=\"product:price:currency\" content=\"EUR\" \/>\n<meta property=\"og:availability\" content=\"out of stock\" \/>\n<meta property=\"product:availability\" content=\"out of stock\" \/>\n<meta property=\"product:condition\" content=\"new\" \/>\n<!-- \/ Yoast SEO Premium plugin. -->","yoast_head_json":{"title":"vitC - denn\u00ed rozjas\u0148uj\u00edc\u00ed ple\u0165ov\u00fd kr\u00e9m s vitam\u00ednem C 50ml - ZK company","description":"VitC je v\u00e1\u0161 nov\u00fd superhrdina v boji proti nerovnom\u011brn\u00e9mu t\u00f3nu pleti a tmav\u00fdm skvrn\u00e1m. Je to kl\u00ed\u010d k z\u00e1\u0159iv\u00e9 a zdrav\u00e9 pleti.","robots":{"index":"index","follow":"follow","max-snippet":"max-snippet:-1","max-image-preview":"max-image-preview:large","max-video-preview":"max-video-preview:-1"},"canonical":"https:\/\/zkeshop.sk\/cs\/produkt\/vitc-denni-rozjasnujici-pletovy-krem-s-vitaminem-c-50ml\/","og_locale":"cs_CZ","og_type":"article","og_title":"vitC - denn\u00ed rozjas\u0148uj\u00edc\u00ed ple\u0165ov\u00fd kr\u00e9m s vitam\u00ednem C 50ml","og_description":"VitC je v\u00e1\u0161 nov\u00fd superhrdina v boji proti nerovnom\u011brn\u00e9mu t\u00f3nu pleti a tmav\u00fdm skvrn\u00e1m. Je to kl\u00ed\u010d k z\u00e1\u0159iv\u00e9 a zdrav\u00e9 pleti.","og_url":"https:\/\/zkeshop.sk\/cs\/produkt\/vitc-denni-rozjasnujici-pletovy-krem-s-vitaminem-c-50ml\/","og_site_name":"ZK company","article_modified_time":"2026-03-02T09:43:25+00:00","og_image":[{"width":2560,"height":1709,"url":"https:\/\/zkeshop.sk\/wp-content\/uploads\/2023\/06\/vitC-spolocna-Web_NOVE-LOGO-1-e1707053877199.jpg","type":"image\/jpeg"}],"twitter_card":"summary_large_image","twitter_misc":{"Cena":"17,00&nbsp;&euro;","Dostupnost":"Vyprod\u00e1no"},"schema":{"@context":"https:\/\/schema.org","@graph":[{"@type":"WebPage","@id":"https:\/\/zkeshop.sk\/cs\/produkt\/vitc-denni-rozjasnujici-pletovy-krem-s-vitaminem-c-50ml\/","url":"https:\/\/zkeshop.sk\/cs\/produkt\/vitc-denni-rozjasnujici-pletovy-krem-s-vitaminem-c-50ml\/","name":"vitC - denn\u00ed rozjas\u0148uj\u00edc\u00ed ple\u0165ov\u00fd kr\u00e9m s vitam\u00ednem C 50ml - ZK company","isPartOf":{"@id":"https:\/\/zkeshop.sk\/#website"},"primaryImageOfPage":{"@id":"https:\/\/zkeshop.sk\/cs\/produkt\/vitc-denni-rozjasnujici-pletovy-krem-s-vitaminem-c-50ml\/#primaryimage"},"image":{"@id":"https:\/\/zkeshop.sk\/cs\/produkt\/vitc-denni-rozjasnujici-pletovy-krem-s-vitaminem-c-50ml\/#primaryimage"},"thumbnailUrl":"https:\/\/zkeshop.sk\/wp-content\/uploads\/2023\/06\/vitC-spolocna-Web_NOVE-LOGO-1-e1707053877199.jpg","datePublished":"2023-06-20T18:29:21+00:00","dateModified":"2026-03-02T09:43:25+00:00","description":"VitC je v\u00e1\u0161 nov\u00fd superhrdina v boji proti nerovnom\u011brn\u00e9mu t\u00f3nu pleti a tmav\u00fdm skvrn\u00e1m. Je to kl\u00ed\u010d k z\u00e1\u0159iv\u00e9 a zdrav\u00e9 pleti.","breadcrumb":{"@id":"https:\/\/zkeshop.sk\/cs\/produkt\/vitc-denni-rozjasnujici-pletovy-krem-s-vitaminem-c-50ml\/#breadcrumb"},"inLanguage":"cs","potentialAction":[{"@type":"ReadAction","target":["https:\/\/zkeshop.sk\/cs\/produkt\/vitc-denni-rozjasnujici-pletovy-krem-s-vitaminem-c-50ml\/"]}]},{"@type":"ImageObject","inLanguage":"cs","@id":"https:\/\/zkeshop.sk\/cs\/produkt\/vitc-denni-rozjasnujici-pletovy-krem-s-vitaminem-c-50ml\/#primaryimage","url":"https:\/\/zkeshop.sk\/wp-content\/uploads\/2023\/06\/vitC-spolocna-Web_NOVE-LOGO-1-e1707053877199.jpg","contentUrl":"https:\/\/zkeshop.sk\/wp-content\/uploads\/2023\/06\/vitC-spolocna-Web_NOVE-LOGO-1-e1707053877199.jpg","width":2560,"height":1709,"caption":"vitC rozjas\u0148uj\u00faci ple\u0165ov\u00fd kr\u00e9m s vitam\u00ednom C"},{"@type":"BreadcrumbList","@id":"https:\/\/zkeshop.sk\/cs\/produkt\/vitc-denni-rozjasnujici-pletovy-krem-s-vitaminem-c-50ml\/#breadcrumb","itemListElement":[{"@type":"ListItem","position":1,"name":"Dom\u016f","item":"https:\/\/zkeshop.sk\/"},{"@type":"ListItem","position":2,"name":"Obchod","item":"https:\/\/zkeshop.sk\/obchod\/"},{"@type":"ListItem","position":3,"name":"vitC &#8211; denn\u00ed rozjas\u0148uj\u00edc\u00ed ple\u0165ov\u00fd kr\u00e9m s vitam\u00ednem C 50ml"}]},{"@type":"WebSite","@id":"https:\/\/zkeshop.sk\/#website","url":"https:\/\/zkeshop.sk\/","name":"ZK company","description":"Kvalitn\u00e1 kozmetika pre ka\u017edodenn\u00e9 pou\u017eitie","potentialAction":[{"@type":"SearchAction","target":{"@type":"EntryPoint","urlTemplate":"https:\/\/zkeshop.sk\/?s={search_term_string}"},"query-input":{"@type":"PropertyValueSpecification","valueRequired":true,"valueName":"search_term_string"}}],"inLanguage":"cs"}]},"product_price_amount":"17.00","product_price_currency":"EUR","og_availability":"out of stock","product_availability":"out of stock","product_condition":"new"},"_links":{"self":[{"href":"https:\/\/zkeshop.sk\/cs\/wp-json\/wp\/v2\/product\/11766","targetHints":{"allow":["GET"]}}],"collection":[{"href":"https:\/\/zkeshop.sk\/cs\/wp-json\/wp\/v2\/product"}],"about":[{"href":"https:\/\/zkeshop.sk\/cs\/wp-json\/wp\/v2\/types\/product"}],"replies":[{"embeddable":true,"href":"https:\/\/zkeshop.sk\/cs\/wp-json\/wp\/v2\/comments?post=11766"}],"version-history":[{"count":0,"href":"https:\/\/zkeshop.sk\/cs\/wp-json\/wp\/v2\/product\/11766\/revisions"}],"wp:featuredmedia":[{"embeddable":true,"href":"https:\/\/zkeshop.sk\/cs\/wp-json\/wp\/v2\/media\/12506"}],"wp:attachment":[{"href":"https:\/\/zkeshop.sk\/cs\/wp-json\/wp\/v2\/media?parent=11766"}],"wp:term":[{"taxonomy":"product_brand","embeddable":true,"href":"https:\/\/zkeshop.sk\/cs\/wp-json\/wp\/v2\/product_brand?post=11766"},{"taxonomy":"product_cat","embeddable":true,"href":"https:\/\/zkeshop.sk\/cs\/wp-json\/wp\/v2\/product_cat?post=11766"},{"taxonomy":"product_tag","embeddable":true,"href":"https:\/\/zkeshop.sk\/cs\/wp-json\/wp\/v2\/product_tag?post=11766"}],"curies":[{"name":"wp","href":"https:\/\/api.w.org\/{rel}","templated":true}]}}