{"id":12012,"date":"2023-10-12T15:53:11","date_gmt":"2023-10-12T13:53:11","guid":{"rendered":"https:\/\/zkeshop.sk\/?post_type=product&#038;p=12012"},"modified":"2025-03-03T10:29:11","modified_gmt":"2025-03-03T09:29:11","slug":"chlorella-spirulina-zk-company","status":"publish","type":"product","link":"https:\/\/zkeshop.sk\/cs\/produkt\/chlorella-spirulina-zk-company\/","title":{"rendered":"ZK Chlorella Spirulina 150 tablet"},"content":{"rendered":"<p><strong>Chlorella Spirulina<\/strong>: p\u0159\u00edrodn\u00ed zdroje zdrav\u00ed a vitality<\/p>\n<p><strong>Chlorella Spirulina<\/strong> &#8211; jsou dv\u011b \u00fa\u017easn\u00e9 p\u0159\u00edrodn\u00ed superpotraviny, kter\u00e9 spole\u010dn\u011b tvo\u0159\u00ed silnou kombinaci pro va\u0161e zdrav\u00ed. Tato superpotravina je bohat\u00e1 na vl\u00e1kninu a obsahuje celou \u0159adu vitam\u00edn\u016f, miner\u00e1l\u016f a dal\u0161\u00edch p\u0159\u00edrodn\u00edch l\u00e1tek. To znamen\u00e1, \u017ee va\u0161e t\u011blo p\u0159ij\u00edm\u00e1 prosp\u011b\u0161n\u00e9 slo\u017eky v jejich p\u0159irozen\u00e9m stavu, nikoliv v synteticky vyroben\u00e9 form\u011b. Tyto superpotraviny podporuj\u00ed siln\u00fd imunitn\u00ed syst\u00e9m a p\u0159irozenou obranyschopnost va\u0161eho t\u011bla, co\u017e je kl\u00ed\u010dov\u00e9 pro udr\u017een\u00ed zdrav\u00ed.   <\/p>\n<p><strong>Chlorella Spirulina<\/strong> tablety obsahuj\u00ed speci\u00e1ln\u00ed kmen Chlorella vulgaris, kter\u00fd se p\u011bstuje v modern\u00edch uzav\u0159en\u00fdch n\u00e1dr\u017e\u00edch tzv. heterotrofn\u00ed metodou. <\/p>\n<p>Pro\u010d s\u00e1hnout po <strong>Chlorella Spirulina <\/strong>:<\/p>\n<ul>\n<li><strong>Podpora tr\u00e1ven\u00ed<\/strong>: ob\u011b \u0159asy spole\u010dn\u011b p\u0159isp\u00edvaj\u00ed ke spr\u00e1vn\u00e9mu tr\u00e1ven\u00ed a zaji\u0161\u0165uj\u00ed, aby va\u0161e t\u011blo z\u00edskalo z potravy maximum \u017eivin.<\/li>\n<li><strong>Detoxikace organismu<\/strong>: <strong>Chlorella<\/strong> m\u00e1 schopnost absorbovat toxiny z t\u011bla, \u010d\u00edm\u017e p\u0159isp\u00edv\u00e1 k jeho pro\u010di\u0161t\u011bn\u00ed a zv\u00fd\u0161en\u00ed vitality.<\/li>\n<li><strong>Kontrola hmotnosti<\/strong>: <strong>Spirulina<\/strong> je va\u0161\u00edm spojencem na cest\u011b ke kontrole hmotnosti a podporuje proces hubnut\u00ed.<\/li>\n<li><strong>Zdrav\u00e1 hladina cukru v krvi<\/strong>: <strong>Spirulina<\/strong> se pod\u00edl\u00ed na udr\u017eov\u00e1n\u00ed norm\u00e1ln\u00ed hladiny cukru v krvi.<\/li>\n<\/ul>\n<p>S\u00e1hn\u011bte po <strong>Chlorelle a Spirulin\u011b<\/strong> a investujte do sv\u00e9ho zdrav\u00ed je\u0161t\u011b dnes!<\/p>\n<hr>\n<p><strong>Slo\u017een\u00ed v 1 tablet\u011b<\/strong>: chlorella 375 mg, spirulina 360 mg.<\/p>\n<p><strong>D\u00e1vkov\u00e1n\u00ed:<\/strong> 3 &#8211; 5 tablet denn\u011b<\/p>\n<p><strong>Balen\u00ed<\/strong>: 150 tablet<\/p>\n<p>U<strong>pozorn\u011bn\u00ed<\/strong>: Stanoven\u00e1 doporu\u010den\u00e1 denn\u00ed d\u00e1vka nesm\u00ed b\u00fdt p\u0159ekro\u010dena. Dopln\u011bk stravy se nesm\u00ed pou\u017e\u00edvat jako n\u00e1hrada pestr\u00e9 a rozmanit\u00e9 stravy! Nen\u00ed vhodn\u00e9 pro d\u011bti, t\u011bhotn\u00e9 a koj\u00edc\u00ed \u017eeny. Uchov\u00e1vejte mimo dosah d\u011bt\u00ed.   <\/p>\n<p>Skladujte na such\u00e9m m\u00edst\u011b p\u0159i teplot\u011b do 25 \u00b0C.<\/p>\n","protected":false},"excerpt":{"rendered":"<h4><strong><span style=\"color: #ff0000;\">3+1 VOLN\u00c1 AKCE. Vlo\u017ete do ko\u0161\u00edku 3 produkty a \u010dtvrt\u00fd automaticky z\u00edsk\u00e1te ZDARMA. <\/span><\/strong><\/h4>\n<ul>\n<li>Podpora tr\u00e1ven\u00ed: ob\u011b \u0159asy spole\u010dn\u011b p\u0159isp\u00edvaj\u00ed ke spr\u00e1vn\u00e9mu tr\u00e1ven\u00ed.<\/li>\n<li>Chlorella m\u00e1 schopnost absorbovat toxiny z t\u011bla, \u010d\u00edm\u017e p\u0159isp\u00edv\u00e1 k jeho pro\u010di\u0161t\u011bn\u00ed a zv\u00fd\u0161en\u00ed vitality.<\/li>\n<li>Spirulina: kontrola hmotnosti<\/li>\n<li>Spirulina se pod\u00edl\u00ed na udr\u017eov\u00e1n\u00ed norm\u00e1ln\u00ed hladiny cukru v krvi.<\/li>\n<\/ul>\n<p>Tyto \u0159asy jsou bohat\u00e9 na vl\u00e1kninu a obsahuj\u00ed celou \u0159adu vitamin\u016f, miner\u00e1l\u016f a dal\u0161\u00edch p\u0159\u00edrodn\u00edch l\u00e1tek. To znamen\u00e1, \u017ee va\u0161e t\u011blo p\u0159ij\u00edm\u00e1 prosp\u011b\u0161n\u00e9 l\u00e1tky v jejich p\u0159irozen\u00e9m stavu, nikoliv v synteticky vyroben\u00e9 form\u011b. <\/p>\n","protected":false},"featured_media":12015,"comment_status":"open","ping_status":"closed","template":"","meta":[],"product_brand":[],"product_cat":[89,122,220],"product_tag":[],"class_list":{"0":"post-12012","1":"product","2":"type-product","3":"status-publish","4":"has-post-thumbnail","6":"product_cat-doplnky-stravy","7":"product_cat-doplnky-stravy-pro-dospele","8":"product_cat-travenie-cs","10":"first","11":"instock","12":"taxable","13":"shipping-taxable","14":"purchasable","15":"product-type-simple"},"yoast_head":"<!-- This site is optimized with the Yoast SEO Premium plugin v27.3 (Yoast SEO v27.3) - https:\/\/yoast.com\/product\/yoast-seo-premium-wordpress\/ -->\n<title>Chlorella Spirulina - Spole\u010dnost ZK<\/title>\n<meta name=\"description\" content=\"P\u0159\u00edrodn\u00ed s\u00edla Chlorelly Spiruliny ZK - podpora imunity, tr\u00e1ven\u00ed, detoxikace a celkov\u00e9ho zdrav\u00ed. Cesta ke zdrav\u00ed se superpotravinami.\" \/>\n<meta name=\"robots\" content=\"index, follow, max-snippet:-1, max-image-preview:large, max-video-preview:-1\" \/>\n<link rel=\"canonical\" href=\"https:\/\/zkeshop.sk\/cs\/produkt\/chlorella-spirulina-zk-company\/\" \/>\n<meta property=\"og:locale\" content=\"cs_CZ\" \/>\n<meta property=\"og:type\" content=\"article\" \/>\n<meta property=\"og:title\" content=\"ZK Chlorella Spirulina 150 tablet\" \/>\n<meta property=\"og:description\" content=\"P\u0159\u00edrodn\u00ed s\u00edla Chlorelly Spiruliny ZK - podpora imunity, tr\u00e1ven\u00ed, detoxikace a celkov\u00e9ho zdrav\u00ed. Cesta ke zdrav\u00ed se superpotravinami.\" \/>\n<meta property=\"og:url\" content=\"https:\/\/zkeshop.sk\/cs\/produkt\/chlorella-spirulina-zk-company\/\" \/>\n<meta property=\"og:site_name\" content=\"ZK company\" \/>\n<meta property=\"article:modified_time\" content=\"2025-03-03T09:29:11+00:00\" \/>\n<meta property=\"og:image\" content=\"https:\/\/zkeshop.sk\/wp-content\/uploads\/2023\/10\/Chlorella-spirulina-WEB-e1697118664426.jpg\" \/>\n\t<meta property=\"og:image:width\" content=\"1709\" \/>\n\t<meta property=\"og:image:height\" content=\"2560\" \/>\n\t<meta property=\"og:image:type\" content=\"image\/jpeg\" \/>\n<meta name=\"twitter:card\" content=\"summary_large_image\" \/>\n<meta name=\"twitter:label1\" content=\"Cena\" \/>\n\t<meta name=\"twitter:data1\" content=\"14,90&nbsp;&euro;\" \/>\n\t<meta name=\"twitter:label2\" content=\"Dostupnost\" \/>\n\t<meta name=\"twitter:data2\" content=\"Skladem\" \/>\n<script type=\"application\/ld+json\" class=\"yoast-schema-graph\">{\"@context\":\"https:\\\/\\\/schema.org\",\"@graph\":[{\"@type\":\"WebPage\",\"@id\":\"https:\\\/\\\/zkeshop.sk\\\/cs\\\/produkt\\\/chlorella-spirulina-zk-company\\\/\",\"url\":\"https:\\\/\\\/zkeshop.sk\\\/cs\\\/produkt\\\/chlorella-spirulina-zk-company\\\/\",\"name\":\"Chlorella Spirulina - Spole\u010dnost ZK\",\"isPartOf\":{\"@id\":\"https:\\\/\\\/zkeshop.sk\\\/#website\"},\"primaryImageOfPage\":{\"@id\":\"https:\\\/\\\/zkeshop.sk\\\/cs\\\/produkt\\\/chlorella-spirulina-zk-company\\\/#primaryimage\"},\"image\":{\"@id\":\"https:\\\/\\\/zkeshop.sk\\\/cs\\\/produkt\\\/chlorella-spirulina-zk-company\\\/#primaryimage\"},\"thumbnailUrl\":\"https:\\\/\\\/zkeshop.sk\\\/wp-content\\\/uploads\\\/2023\\\/10\\\/Chlorella-spirulina-WEB-e1697118664426.jpg\",\"datePublished\":\"2023-10-12T13:53:11+00:00\",\"dateModified\":\"2025-03-03T09:29:11+00:00\",\"description\":\"P\u0159\u00edrodn\u00ed s\u00edla Chlorelly Spiruliny ZK - podpora imunity, tr\u00e1ven\u00ed, detoxikace a celkov\u00e9ho zdrav\u00ed. Cesta ke zdrav\u00ed se superpotravinami.\",\"breadcrumb\":{\"@id\":\"https:\\\/\\\/zkeshop.sk\\\/cs\\\/produkt\\\/chlorella-spirulina-zk-company\\\/#breadcrumb\"},\"inLanguage\":\"cs\",\"potentialAction\":[{\"@type\":\"ReadAction\",\"target\":[\"https:\\\/\\\/zkeshop.sk\\\/cs\\\/produkt\\\/chlorella-spirulina-zk-company\\\/\"]}]},{\"@type\":\"ImageObject\",\"inLanguage\":\"cs\",\"@id\":\"https:\\\/\\\/zkeshop.sk\\\/cs\\\/produkt\\\/chlorella-spirulina-zk-company\\\/#primaryimage\",\"url\":\"https:\\\/\\\/zkeshop.sk\\\/wp-content\\\/uploads\\\/2023\\\/10\\\/Chlorella-spirulina-WEB-e1697118664426.jpg\",\"contentUrl\":\"https:\\\/\\\/zkeshop.sk\\\/wp-content\\\/uploads\\\/2023\\\/10\\\/Chlorella-spirulina-WEB-e1697118664426.jpg\",\"width\":1709,\"height\":2560,\"caption\":\"Pr\u00edrodn\u00e1 sila Chlorella Spirulina ZK - podpora imunity, tr\u00e1venia, detoxik\u00e1cia a celkov\u00e9 zdravie. Va\u0161a cesta k zdraviu so superpotravinami.\"},{\"@type\":\"BreadcrumbList\",\"@id\":\"https:\\\/\\\/zkeshop.sk\\\/cs\\\/produkt\\\/chlorella-spirulina-zk-company\\\/#breadcrumb\",\"itemListElement\":[{\"@type\":\"ListItem\",\"position\":1,\"name\":\"Dom\u016f\",\"item\":\"https:\\\/\\\/zkeshop.sk\\\/\"},{\"@type\":\"ListItem\",\"position\":2,\"name\":\"Obchod\",\"item\":\"https:\\\/\\\/zkeshop.sk\\\/obchod\\\/\"},{\"@type\":\"ListItem\",\"position\":3,\"name\":\"ZK Chlorella Spirulina 150 tablet\"}]},{\"@type\":\"WebSite\",\"@id\":\"https:\\\/\\\/zkeshop.sk\\\/#website\",\"url\":\"https:\\\/\\\/zkeshop.sk\\\/\",\"name\":\"ZK company\",\"description\":\"Kvalitn\u00e1 kozmetika pre ka\u017edodenn\u00e9 pou\u017eitie\",\"potentialAction\":[{\"@type\":\"SearchAction\",\"target\":{\"@type\":\"EntryPoint\",\"urlTemplate\":\"https:\\\/\\\/zkeshop.sk\\\/?s={search_term_string}\"},\"query-input\":{\"@type\":\"PropertyValueSpecification\",\"valueRequired\":true,\"valueName\":\"search_term_string\"}}],\"inLanguage\":\"cs\"}]}<\/script>\n<meta property=\"product:price:amount\" content=\"14.90\" \/>\n<meta property=\"product:price:currency\" content=\"EUR\" \/>\n<meta property=\"og:availability\" content=\"instock\" \/>\n<meta property=\"product:availability\" content=\"instock\" \/>\n<meta property=\"product:condition\" content=\"new\" \/>\n<!-- \/ Yoast SEO Premium plugin. -->","yoast_head_json":{"title":"Chlorella Spirulina - Spole\u010dnost ZK","description":"P\u0159\u00edrodn\u00ed s\u00edla Chlorelly Spiruliny ZK - podpora imunity, tr\u00e1ven\u00ed, detoxikace a celkov\u00e9ho zdrav\u00ed. Cesta ke zdrav\u00ed se superpotravinami.","robots":{"index":"index","follow":"follow","max-snippet":"max-snippet:-1","max-image-preview":"max-image-preview:large","max-video-preview":"max-video-preview:-1"},"canonical":"https:\/\/zkeshop.sk\/cs\/produkt\/chlorella-spirulina-zk-company\/","og_locale":"cs_CZ","og_type":"article","og_title":"ZK Chlorella Spirulina 150 tablet","og_description":"P\u0159\u00edrodn\u00ed s\u00edla Chlorelly Spiruliny ZK - podpora imunity, tr\u00e1ven\u00ed, detoxikace a celkov\u00e9ho zdrav\u00ed. Cesta ke zdrav\u00ed se superpotravinami.","og_url":"https:\/\/zkeshop.sk\/cs\/produkt\/chlorella-spirulina-zk-company\/","og_site_name":"ZK company","article_modified_time":"2025-03-03T09:29:11+00:00","og_image":[{"width":1709,"height":2560,"url":"https:\/\/zkeshop.sk\/wp-content\/uploads\/2023\/10\/Chlorella-spirulina-WEB-e1697118664426.jpg","type":"image\/jpeg"}],"twitter_card":"summary_large_image","twitter_misc":{"Cena":"14,90&nbsp;&euro;","Dostupnost":"Skladem"},"schema":{"@context":"https:\/\/schema.org","@graph":[{"@type":"WebPage","@id":"https:\/\/zkeshop.sk\/cs\/produkt\/chlorella-spirulina-zk-company\/","url":"https:\/\/zkeshop.sk\/cs\/produkt\/chlorella-spirulina-zk-company\/","name":"Chlorella Spirulina - Spole\u010dnost ZK","isPartOf":{"@id":"https:\/\/zkeshop.sk\/#website"},"primaryImageOfPage":{"@id":"https:\/\/zkeshop.sk\/cs\/produkt\/chlorella-spirulina-zk-company\/#primaryimage"},"image":{"@id":"https:\/\/zkeshop.sk\/cs\/produkt\/chlorella-spirulina-zk-company\/#primaryimage"},"thumbnailUrl":"https:\/\/zkeshop.sk\/wp-content\/uploads\/2023\/10\/Chlorella-spirulina-WEB-e1697118664426.jpg","datePublished":"2023-10-12T13:53:11+00:00","dateModified":"2025-03-03T09:29:11+00:00","description":"P\u0159\u00edrodn\u00ed s\u00edla Chlorelly Spiruliny ZK - podpora imunity, tr\u00e1ven\u00ed, detoxikace a celkov\u00e9ho zdrav\u00ed. Cesta ke zdrav\u00ed se superpotravinami.","breadcrumb":{"@id":"https:\/\/zkeshop.sk\/cs\/produkt\/chlorella-spirulina-zk-company\/#breadcrumb"},"inLanguage":"cs","potentialAction":[{"@type":"ReadAction","target":["https:\/\/zkeshop.sk\/cs\/produkt\/chlorella-spirulina-zk-company\/"]}]},{"@type":"ImageObject","inLanguage":"cs","@id":"https:\/\/zkeshop.sk\/cs\/produkt\/chlorella-spirulina-zk-company\/#primaryimage","url":"https:\/\/zkeshop.sk\/wp-content\/uploads\/2023\/10\/Chlorella-spirulina-WEB-e1697118664426.jpg","contentUrl":"https:\/\/zkeshop.sk\/wp-content\/uploads\/2023\/10\/Chlorella-spirulina-WEB-e1697118664426.jpg","width":1709,"height":2560,"caption":"Pr\u00edrodn\u00e1 sila Chlorella Spirulina ZK - podpora imunity, tr\u00e1venia, detoxik\u00e1cia a celkov\u00e9 zdravie. Va\u0161a cesta k zdraviu so superpotravinami."},{"@type":"BreadcrumbList","@id":"https:\/\/zkeshop.sk\/cs\/produkt\/chlorella-spirulina-zk-company\/#breadcrumb","itemListElement":[{"@type":"ListItem","position":1,"name":"Dom\u016f","item":"https:\/\/zkeshop.sk\/"},{"@type":"ListItem","position":2,"name":"Obchod","item":"https:\/\/zkeshop.sk\/obchod\/"},{"@type":"ListItem","position":3,"name":"ZK Chlorella Spirulina 150 tablet"}]},{"@type":"WebSite","@id":"https:\/\/zkeshop.sk\/#website","url":"https:\/\/zkeshop.sk\/","name":"ZK company","description":"Kvalitn\u00e1 kozmetika pre ka\u017edodenn\u00e9 pou\u017eitie","potentialAction":[{"@type":"SearchAction","target":{"@type":"EntryPoint","urlTemplate":"https:\/\/zkeshop.sk\/?s={search_term_string}"},"query-input":{"@type":"PropertyValueSpecification","valueRequired":true,"valueName":"search_term_string"}}],"inLanguage":"cs"}]},"product_price_amount":"14.90","product_price_currency":"EUR","og_availability":"instock","product_availability":"instock","product_condition":"new"},"_links":{"self":[{"href":"https:\/\/zkeshop.sk\/cs\/wp-json\/wp\/v2\/product\/12012","targetHints":{"allow":["GET"]}}],"collection":[{"href":"https:\/\/zkeshop.sk\/cs\/wp-json\/wp\/v2\/product"}],"about":[{"href":"https:\/\/zkeshop.sk\/cs\/wp-json\/wp\/v2\/types\/product"}],"replies":[{"embeddable":true,"href":"https:\/\/zkeshop.sk\/cs\/wp-json\/wp\/v2\/comments?post=12012"}],"version-history":[{"count":0,"href":"https:\/\/zkeshop.sk\/cs\/wp-json\/wp\/v2\/product\/12012\/revisions"}],"wp:featuredmedia":[{"embeddable":true,"href":"https:\/\/zkeshop.sk\/cs\/wp-json\/wp\/v2\/media\/12015"}],"wp:attachment":[{"href":"https:\/\/zkeshop.sk\/cs\/wp-json\/wp\/v2\/media?parent=12012"}],"wp:term":[{"taxonomy":"product_brand","embeddable":true,"href":"https:\/\/zkeshop.sk\/cs\/wp-json\/wp\/v2\/product_brand?post=12012"},{"taxonomy":"product_cat","embeddable":true,"href":"https:\/\/zkeshop.sk\/cs\/wp-json\/wp\/v2\/product_cat?post=12012"},{"taxonomy":"product_tag","embeddable":true,"href":"https:\/\/zkeshop.sk\/cs\/wp-json\/wp\/v2\/product_tag?post=12012"}],"curies":[{"name":"wp","href":"https:\/\/api.w.org\/{rel}","templated":true}]}}