{"id":12018,"date":"2023-10-12T15:58:31","date_gmt":"2023-10-12T13:58:31","guid":{"rendered":"https:\/\/zkeshop.sk\/?post_type=product&#038;p=12018"},"modified":"2025-10-30T21:48:11","modified_gmt":"2025-10-30T20:48:11","slug":"kolostrum-kozie-zk-company","status":"publish","type":"product","link":"https:\/\/zkeshop.sk\/cs\/produkt\/kolostrum-kozie-zk-company\/","title":{"rendered":"ZK Koz\u00ed kolostrum 60 kapsl\u00ed"},"content":{"rendered":"<p><strong>Jak se z\u00edsk\u00e1v\u00e1 na\u0161e koz\u00ed kolostrum<\/strong>:<\/p>\n<p>z\u00edskan\u00e9 zmrazen\u00edm (lyofilizac\u00ed) &#8211; kapalina se zmraz\u00ed na teplotu p\u0159ibli\u017en\u011b -40 \u00b0C. P\u0159i n\u00edzk\u00e9m tlaku (bl\u00edzk\u00e9m vakuu) pak vlhk\u00e1 slo\u017eka sublimuje a z\u016fstane pouze pevn\u00e1 l\u00e1tka. Proces kon\u010d\u00ed p\u0159i teplot\u011b kolem +40 \u00b0C, tak\u017ee se jedn\u00e1 o nej\u0161etrn\u011bj\u0161\u00ed zp\u016fsob v\u016fbec, i kdy\u017e ekonomicky pom\u011brn\u011b n\u00e1kladn\u00fd. <\/p>\n<ul>\n<li><strong>Koz\u00ed mlezivo<\/strong>, zn\u00e1m\u00e9 tak\u00e9 jako kolostrum, je jedine\u010dn\u00fdm darem matky p\u0159\u00edrody. Vytv\u00e1\u0159\u00ed se b\u011bhem prvn\u00edch dvan\u00e1cti hodin po porodu a obsahuje mno\u017estv\u00ed \u00fa\u010dinn\u00fdch l\u00e1tek, kter\u00e9 jsou pro na\u0161e t\u011blo nesm\u00edrn\u011b prosp\u011b\u0161n\u00e9. D\u00edky sv\u00e9mu p\u0159\u00edrodn\u00edmu p\u016fvodu se tyto l\u00e1tky v koz\u00edm kolostru snadno vst\u0159eb\u00e1vaj\u00ed, co\u017e z n\u011bj \u010din\u00ed cenn\u00fd dopln\u011bk stravy.  <\/li>\n<li><strong>Koz\u00ed kolostrum<\/strong> je bohat\u00fdm zdrojem d\u016fle\u017eit\u00fdch \u017eivin a bioaktivn\u00edch l\u00e1tek, v\u010detn\u011b imunoglobulin\u016f (IgG, IgM, IgA), alfa-laktalbuminu, laktoferinu, transferov\u00fdch faktor\u016f, enzym\u016f a dal\u0161\u00edch. Tyto slo\u017eky pom\u00e1haj\u00ed podporovat va\u0161e zdrav\u00ed a kr\u00e1su. <\/li>\n<\/ul>\n<p>Imunoglobuliny obsa\u017een\u00e9 v koz\u00edm kolostru pom\u00e1haj\u00ed posilovat imunitn\u00ed syst\u00e9m, chr\u00e1n\u00ed v\u00e1s p\u0159ed r\u016fzn\u00fdmi nemocemi a podporuj\u00ed obranyschopnost organismu. Alfa-laktalbumin a laktoferin p\u0159isp\u00edvaj\u00ed ke spr\u00e1vn\u00e9mu metabolismu, zat\u00edmco transfer faktory podporuj\u00ed komunikaci mezi bu\u0148kami a zlep\u0161uj\u00ed imunitu. <\/p>\n<p>Enzymy obsa\u017een\u00e9 v <strong>koz\u00edm mlezivu<\/strong> pom\u00e1haj\u00ed p\u0159i tr\u00e1ven\u00ed potravy a vst\u0159eb\u00e1v\u00e1n\u00ed \u017eivin z potravy. Dal\u0161\u00ed bioaktivn\u00ed l\u00e1tky v tomto p\u0159\u00edrodn\u00edm produktu maj\u00ed pozitivn\u00ed vliv na va\u0161i poko\u017eku, vlasy a celkovou kr\u00e1su. <\/p>\n<p><strong>Koz\u00ed kolostrum<\/strong> je v\u00fdjime\u010dn\u00fd dar matky p\u0159\u00edrody pro va\u0161e zdrav\u00ed a kr\u00e1su. D\u00edky sv\u00e9mu jedine\u010dn\u00e9mu slo\u017een\u00ed se stalo cenn\u00fdm partnerem pro va\u0161i celkovou pohodu. <\/p>\n<p><strong>Co obsahuje koz\u00ed mlezivo?  <\/strong><\/p>\n<ul>\n<li><strong>a\u017e 130 \u00fa\u010dinn\u00fdch l\u00e1tek<\/strong> obsa\u017een\u00fdch v kolostru pom\u00e1h\u00e1 p\u0159irozen\u011b posilovat imunitu. Pat\u0159\u00ed mezi n\u011b nap\u0159: <\/li>\n<li><strong>Imunoglobuliny<\/strong> &#8211; pom\u00e1haj\u00ed bojovat a chr\u00e1nit p\u0159ed patogenn\u00edmi organismy.<\/li>\n<li><strong>Laktoferin<\/strong> &#8211; zaji\u0161\u0165uje transport \u017eeleza, podporuje r\u016fst zdrav\u00e9 st\u0159evn\u00ed mikrofl\u00f3ry a posiluje imunitu.<\/li>\n<li><strong>Vitam\u00edny<\/strong> &#8211; zejm\u00e9na A, C, E a vitam\u00edny skupiny B.<\/li>\n<li><strong>R\u016fstov\u00e9 faktory<\/strong> &#8211; pod\u00edlej\u00ed se na spr\u00e1vn\u00e9m r\u016fstu a v\u00fdvoji kost\u00ed, chrupavek, k\u016f\u017ee a nervov\u00e9 tk\u00e1n\u011b a podporuj\u00ed tvorbu vlastn\u00edch imunoglobulin\u016f. Zaji\u0161\u0165uj\u00ed tak\u00e9 regeneraci bun\u011bk, reguluj\u00ed p\u0159\u00edsun energie a zvy\u0161uj\u00ed koncentraci. <\/li>\n<li>D\u016fle\u017eit\u00e9 \u017eiviny &#8211; b\u00edlkoviny, tuky a cukry.<\/li>\n<\/ul>\n<h5><strong>ZK &#8211; <\/strong>: Zdrav\u00ed a kr\u00e1sa v ka\u017ed\u00e9m balen\u00ed, p\u0159\u00edmo z p\u0159\u00edrody.<\/h5>\n<hr>\n<p><strong>Slo\u017een\u00ed 1 kapsle:<\/strong> koz\u00ed kolostrum 300 mg, potahov\u00e1 l\u00e1tka: hydroxypropylmethylcelul\u00f3za.<\/p>\n<p><strong>Balen\u00ed:<\/strong> 60 kapsl\u00ed<\/p>\n<p><strong>Upozorn\u011bn\u00ed<\/strong>: Nevhodn\u00e9 pro d\u011bti do 3 let. Nevhodn\u00e9 pro d\u011bti do 3 let Dopln\u011bk stravy by nem\u011bl b\u00fdt pou\u017e\u00edv\u00e1n jako n\u00e1hrada pestr\u00e9 stravy. Skladujte na such\u00e9m m\u00edst\u011b p\u0159i teplot\u011b do 25C\u00b0, uchov\u00e1vejte mimo dosah mal\u00fdch d\u011bt\u00ed. Nep\u0159ekra\u010dujte doporu\u010denou denn\u00ed d\u00e1vku.   <\/p>\n<p><strong>D\u00e1vkov\u00e1n\u00ed:<\/strong> 1 &#8211; 2 kapsle denn\u011b zap\u00edt dostate\u010dn\u00fdm mno\u017estv\u00edm vody. Nejl\u00e9pe p\u0159ed j\u00eddlem na la\u010dn\u00fd \u017ealudek. <\/p>\n","protected":false},"excerpt":{"rendered":"<h4><strong><span style=\"color: #ff0000;\">3+1 VOLN\u00c1 AKCE. Vlo\u017ete do ko\u0161\u00edku 3 produkty a \u010dtvrt\u00fd automaticky z\u00edsk\u00e1te ZDARMA. <\/span><\/strong><\/h4>\n<ul>\n<li>100% p\u0159\u00edrodn\u00ed dopln\u011bk stravy na <strong>podporu imunitn\u00edho syst\u00e9mu<\/strong> a zdrav\u00e9ho <strong>tr\u00e1ven\u00ed<\/strong><\/li>\n<li><strong>a\u017e 300 mg<\/strong> koz\u00edho kolostra <strong>v 1 kapsli<\/strong><\/li>\n<li>z etick\u00fdch zdroj\u016f z \u010desk\u00fdch a slovensk\u00fdch farem<\/li>\n<li>koz\u00ed mlezivo se z\u00edsk\u00e1v\u00e1 <strong>zmrazen\u00edm<\/strong> (lyofilizac\u00ed).<\/li>\n<li>koz\u00ed <strong>mlezivo<\/strong> obsahuje vysok\u00e9 mno\u017estv\u00ed <strong>\u00fa\u010dinn\u00fdch l\u00e1tek<\/strong>, d\u016fle\u017eit\u00fdch <strong>\u017eivin, vitam\u00edn\u016f <\/strong>a <strong>bioaktivn\u00edch l\u00e1tek<\/strong>.<\/li>\n<li><strong>ZK &#8211; <\/strong> Zdrav\u00ed a kr\u00e1sa v ka\u017ed\u00e9m balen\u00ed, p\u0159\u00edmo z p\u0159\u00edrody<\/li>\n<\/ul>\n","protected":false},"featured_media":12021,"comment_status":"open","ping_status":"closed","template":"","meta":[],"product_brand":[],"product_cat":[89,122],"product_tag":[],"class_list":{"0":"post-12018","1":"product","2":"type-product","3":"status-publish","4":"has-post-thumbnail","6":"product_cat-doplnky-stravy","7":"product_cat-doplnky-stravy-pro-dospele","9":"first","10":"instock","11":"taxable","12":"shipping-taxable","13":"purchasable","14":"product-type-simple"},"yoast_head":"<!-- This site is optimized with the Yoast SEO Premium plugin v27.3 (Yoast SEO v27.3) - https:\/\/yoast.com\/product\/yoast-seo-premium-wordpress\/ -->\n<title>Koz\u00ed mlezivo - ZK company<\/title>\n<meta name=\"description\" content=\"Koz\u00ed kolostrum: jedine\u010dn\u00fd p\u0159\u00edrodn\u00ed dar pln\u00fd prosp\u011b\u0161n\u00fdch l\u00e1tek. Podporuje zdrav\u00ed a kr\u00e1su v ka\u017ed\u00e9m balen\u00ed. Koz\u00ed kolostrum - pro va\u0161e pohodl\u00ed z p\u0159\u00edrody.\" \/>\n<meta name=\"robots\" content=\"index, follow, max-snippet:-1, max-image-preview:large, max-video-preview:-1\" \/>\n<link rel=\"canonical\" href=\"https:\/\/zkeshop.sk\/cs\/produkt\/kolostrum-kozie-zk-company\/\" \/>\n<meta property=\"og:locale\" content=\"cs_CZ\" \/>\n<meta property=\"og:type\" content=\"article\" \/>\n<meta property=\"og:title\" content=\"ZK Koz\u00ed kolostrum 60 kapsl\u00ed\" \/>\n<meta property=\"og:description\" content=\"Koz\u00ed kolostrum: jedine\u010dn\u00fd p\u0159\u00edrodn\u00ed dar pln\u00fd prosp\u011b\u0161n\u00fdch l\u00e1tek. Podporuje zdrav\u00ed a kr\u00e1su v ka\u017ed\u00e9m balen\u00ed. Koz\u00ed kolostrum - pro va\u0161e pohodl\u00ed z p\u0159\u00edrody.\" \/>\n<meta property=\"og:url\" content=\"https:\/\/zkeshop.sk\/cs\/produkt\/kolostrum-kozie-zk-company\/\" \/>\n<meta property=\"og:site_name\" content=\"ZK company\" \/>\n<meta property=\"article:modified_time\" content=\"2025-10-30T20:48:11+00:00\" \/>\n<meta property=\"og:image\" content=\"https:\/\/zkeshop.sk\/wp-content\/uploads\/2023\/10\/Kolostrum-kozie-WEB-e1697119089738.jpg\" \/>\n\t<meta property=\"og:image:width\" content=\"1709\" \/>\n\t<meta property=\"og:image:height\" content=\"2560\" \/>\n\t<meta property=\"og:image:type\" content=\"image\/jpeg\" \/>\n<meta name=\"twitter:card\" content=\"summary_large_image\" \/>\n<meta name=\"twitter:label1\" content=\"Cena\" \/>\n\t<meta name=\"twitter:data1\" content=\"28,50&nbsp;&euro;\" \/>\n\t<meta name=\"twitter:label2\" content=\"Dostupnost\" \/>\n\t<meta name=\"twitter:data2\" content=\"Skladem\" \/>\n<script type=\"application\/ld+json\" class=\"yoast-schema-graph\">{\"@context\":\"https:\\\/\\\/schema.org\",\"@graph\":[{\"@type\":\"WebPage\",\"@id\":\"https:\\\/\\\/zkeshop.sk\\\/cs\\\/produkt\\\/kolostrum-kozie-zk-company\\\/\",\"url\":\"https:\\\/\\\/zkeshop.sk\\\/cs\\\/produkt\\\/kolostrum-kozie-zk-company\\\/\",\"name\":\"Koz\u00ed mlezivo - ZK company\",\"isPartOf\":{\"@id\":\"https:\\\/\\\/zkeshop.sk\\\/#website\"},\"primaryImageOfPage\":{\"@id\":\"https:\\\/\\\/zkeshop.sk\\\/cs\\\/produkt\\\/kolostrum-kozie-zk-company\\\/#primaryimage\"},\"image\":{\"@id\":\"https:\\\/\\\/zkeshop.sk\\\/cs\\\/produkt\\\/kolostrum-kozie-zk-company\\\/#primaryimage\"},\"thumbnailUrl\":\"https:\\\/\\\/zkeshop.sk\\\/wp-content\\\/uploads\\\/2023\\\/10\\\/Kolostrum-kozie-WEB-e1697119089738.jpg\",\"datePublished\":\"2023-10-12T13:58:31+00:00\",\"dateModified\":\"2025-10-30T20:48:11+00:00\",\"description\":\"Koz\u00ed kolostrum: jedine\u010dn\u00fd p\u0159\u00edrodn\u00ed dar pln\u00fd prosp\u011b\u0161n\u00fdch l\u00e1tek. Podporuje zdrav\u00ed a kr\u00e1su v ka\u017ed\u00e9m balen\u00ed. Koz\u00ed kolostrum - pro va\u0161e pohodl\u00ed z p\u0159\u00edrody.\",\"breadcrumb\":{\"@id\":\"https:\\\/\\\/zkeshop.sk\\\/cs\\\/produkt\\\/kolostrum-kozie-zk-company\\\/#breadcrumb\"},\"inLanguage\":\"cs\",\"potentialAction\":[{\"@type\":\"ReadAction\",\"target\":[\"https:\\\/\\\/zkeshop.sk\\\/cs\\\/produkt\\\/kolostrum-kozie-zk-company\\\/\"]}]},{\"@type\":\"ImageObject\",\"inLanguage\":\"cs\",\"@id\":\"https:\\\/\\\/zkeshop.sk\\\/cs\\\/produkt\\\/kolostrum-kozie-zk-company\\\/#primaryimage\",\"url\":\"https:\\\/\\\/zkeshop.sk\\\/wp-content\\\/uploads\\\/2023\\\/10\\\/Kolostrum-kozie-WEB-e1697119089738.jpg\",\"contentUrl\":\"https:\\\/\\\/zkeshop.sk\\\/wp-content\\\/uploads\\\/2023\\\/10\\\/Kolostrum-kozie-WEB-e1697119089738.jpg\",\"width\":1709,\"height\":2560,\"caption\":\"Kozie kolostrum: Unik\u00e1tny pr\u00edrodn\u00fd dar pln\u00fd prospe\u0161n\u00fdch l\u00e1tok. Podporuje zdravie a kr\u00e1su v ka\u017edom balen\u00ed. Kolostrum Kozie - pre va\u0161e pohodlie z pr\u00edrody.\"},{\"@type\":\"BreadcrumbList\",\"@id\":\"https:\\\/\\\/zkeshop.sk\\\/cs\\\/produkt\\\/kolostrum-kozie-zk-company\\\/#breadcrumb\",\"itemListElement\":[{\"@type\":\"ListItem\",\"position\":1,\"name\":\"Dom\u016f\",\"item\":\"https:\\\/\\\/zkeshop.sk\\\/\"},{\"@type\":\"ListItem\",\"position\":2,\"name\":\"Obchod\",\"item\":\"https:\\\/\\\/zkeshop.sk\\\/obchod\\\/\"},{\"@type\":\"ListItem\",\"position\":3,\"name\":\"ZK Koz\u00ed kolostrum 60 kapsl\u00ed\"}]},{\"@type\":\"WebSite\",\"@id\":\"https:\\\/\\\/zkeshop.sk\\\/#website\",\"url\":\"https:\\\/\\\/zkeshop.sk\\\/\",\"name\":\"ZK company\",\"description\":\"Kvalitn\u00e1 kozmetika pre ka\u017edodenn\u00e9 pou\u017eitie\",\"potentialAction\":[{\"@type\":\"SearchAction\",\"target\":{\"@type\":\"EntryPoint\",\"urlTemplate\":\"https:\\\/\\\/zkeshop.sk\\\/?s={search_term_string}\"},\"query-input\":{\"@type\":\"PropertyValueSpecification\",\"valueRequired\":true,\"valueName\":\"search_term_string\"}}],\"inLanguage\":\"cs\"}]}<\/script>\n<meta property=\"product:price:amount\" content=\"28.50\" \/>\n<meta property=\"product:price:currency\" content=\"EUR\" \/>\n<meta property=\"og:availability\" content=\"instock\" \/>\n<meta property=\"product:availability\" content=\"instock\" \/>\n<meta property=\"product:condition\" content=\"new\" \/>\n<!-- \/ Yoast SEO Premium plugin. -->","yoast_head_json":{"title":"Koz\u00ed mlezivo - ZK company","description":"Koz\u00ed kolostrum: jedine\u010dn\u00fd p\u0159\u00edrodn\u00ed dar pln\u00fd prosp\u011b\u0161n\u00fdch l\u00e1tek. Podporuje zdrav\u00ed a kr\u00e1su v ka\u017ed\u00e9m balen\u00ed. Koz\u00ed kolostrum - pro va\u0161e pohodl\u00ed z p\u0159\u00edrody.","robots":{"index":"index","follow":"follow","max-snippet":"max-snippet:-1","max-image-preview":"max-image-preview:large","max-video-preview":"max-video-preview:-1"},"canonical":"https:\/\/zkeshop.sk\/cs\/produkt\/kolostrum-kozie-zk-company\/","og_locale":"cs_CZ","og_type":"article","og_title":"ZK Koz\u00ed kolostrum 60 kapsl\u00ed","og_description":"Koz\u00ed kolostrum: jedine\u010dn\u00fd p\u0159\u00edrodn\u00ed dar pln\u00fd prosp\u011b\u0161n\u00fdch l\u00e1tek. Podporuje zdrav\u00ed a kr\u00e1su v ka\u017ed\u00e9m balen\u00ed. Koz\u00ed kolostrum - pro va\u0161e pohodl\u00ed z p\u0159\u00edrody.","og_url":"https:\/\/zkeshop.sk\/cs\/produkt\/kolostrum-kozie-zk-company\/","og_site_name":"ZK company","article_modified_time":"2025-10-30T20:48:11+00:00","og_image":[{"width":1709,"height":2560,"url":"https:\/\/zkeshop.sk\/wp-content\/uploads\/2023\/10\/Kolostrum-kozie-WEB-e1697119089738.jpg","type":"image\/jpeg"}],"twitter_card":"summary_large_image","twitter_misc":{"Cena":"28,50&nbsp;&euro;","Dostupnost":"Skladem"},"schema":{"@context":"https:\/\/schema.org","@graph":[{"@type":"WebPage","@id":"https:\/\/zkeshop.sk\/cs\/produkt\/kolostrum-kozie-zk-company\/","url":"https:\/\/zkeshop.sk\/cs\/produkt\/kolostrum-kozie-zk-company\/","name":"Koz\u00ed mlezivo - ZK company","isPartOf":{"@id":"https:\/\/zkeshop.sk\/#website"},"primaryImageOfPage":{"@id":"https:\/\/zkeshop.sk\/cs\/produkt\/kolostrum-kozie-zk-company\/#primaryimage"},"image":{"@id":"https:\/\/zkeshop.sk\/cs\/produkt\/kolostrum-kozie-zk-company\/#primaryimage"},"thumbnailUrl":"https:\/\/zkeshop.sk\/wp-content\/uploads\/2023\/10\/Kolostrum-kozie-WEB-e1697119089738.jpg","datePublished":"2023-10-12T13:58:31+00:00","dateModified":"2025-10-30T20:48:11+00:00","description":"Koz\u00ed kolostrum: jedine\u010dn\u00fd p\u0159\u00edrodn\u00ed dar pln\u00fd prosp\u011b\u0161n\u00fdch l\u00e1tek. Podporuje zdrav\u00ed a kr\u00e1su v ka\u017ed\u00e9m balen\u00ed. Koz\u00ed kolostrum - pro va\u0161e pohodl\u00ed z p\u0159\u00edrody.","breadcrumb":{"@id":"https:\/\/zkeshop.sk\/cs\/produkt\/kolostrum-kozie-zk-company\/#breadcrumb"},"inLanguage":"cs","potentialAction":[{"@type":"ReadAction","target":["https:\/\/zkeshop.sk\/cs\/produkt\/kolostrum-kozie-zk-company\/"]}]},{"@type":"ImageObject","inLanguage":"cs","@id":"https:\/\/zkeshop.sk\/cs\/produkt\/kolostrum-kozie-zk-company\/#primaryimage","url":"https:\/\/zkeshop.sk\/wp-content\/uploads\/2023\/10\/Kolostrum-kozie-WEB-e1697119089738.jpg","contentUrl":"https:\/\/zkeshop.sk\/wp-content\/uploads\/2023\/10\/Kolostrum-kozie-WEB-e1697119089738.jpg","width":1709,"height":2560,"caption":"Kozie kolostrum: Unik\u00e1tny pr\u00edrodn\u00fd dar pln\u00fd prospe\u0161n\u00fdch l\u00e1tok. Podporuje zdravie a kr\u00e1su v ka\u017edom balen\u00ed. Kolostrum Kozie - pre va\u0161e pohodlie z pr\u00edrody."},{"@type":"BreadcrumbList","@id":"https:\/\/zkeshop.sk\/cs\/produkt\/kolostrum-kozie-zk-company\/#breadcrumb","itemListElement":[{"@type":"ListItem","position":1,"name":"Dom\u016f","item":"https:\/\/zkeshop.sk\/"},{"@type":"ListItem","position":2,"name":"Obchod","item":"https:\/\/zkeshop.sk\/obchod\/"},{"@type":"ListItem","position":3,"name":"ZK Koz\u00ed kolostrum 60 kapsl\u00ed"}]},{"@type":"WebSite","@id":"https:\/\/zkeshop.sk\/#website","url":"https:\/\/zkeshop.sk\/","name":"ZK company","description":"Kvalitn\u00e1 kozmetika pre ka\u017edodenn\u00e9 pou\u017eitie","potentialAction":[{"@type":"SearchAction","target":{"@type":"EntryPoint","urlTemplate":"https:\/\/zkeshop.sk\/?s={search_term_string}"},"query-input":{"@type":"PropertyValueSpecification","valueRequired":true,"valueName":"search_term_string"}}],"inLanguage":"cs"}]},"product_price_amount":"28.50","product_price_currency":"EUR","og_availability":"instock","product_availability":"instock","product_condition":"new"},"_links":{"self":[{"href":"https:\/\/zkeshop.sk\/cs\/wp-json\/wp\/v2\/product\/12018","targetHints":{"allow":["GET"]}}],"collection":[{"href":"https:\/\/zkeshop.sk\/cs\/wp-json\/wp\/v2\/product"}],"about":[{"href":"https:\/\/zkeshop.sk\/cs\/wp-json\/wp\/v2\/types\/product"}],"replies":[{"embeddable":true,"href":"https:\/\/zkeshop.sk\/cs\/wp-json\/wp\/v2\/comments?post=12018"}],"version-history":[{"count":0,"href":"https:\/\/zkeshop.sk\/cs\/wp-json\/wp\/v2\/product\/12018\/revisions"}],"wp:featuredmedia":[{"embeddable":true,"href":"https:\/\/zkeshop.sk\/cs\/wp-json\/wp\/v2\/media\/12021"}],"wp:attachment":[{"href":"https:\/\/zkeshop.sk\/cs\/wp-json\/wp\/v2\/media?parent=12018"}],"wp:term":[{"taxonomy":"product_brand","embeddable":true,"href":"https:\/\/zkeshop.sk\/cs\/wp-json\/wp\/v2\/product_brand?post=12018"},{"taxonomy":"product_cat","embeddable":true,"href":"https:\/\/zkeshop.sk\/cs\/wp-json\/wp\/v2\/product_cat?post=12018"},{"taxonomy":"product_tag","embeddable":true,"href":"https:\/\/zkeshop.sk\/cs\/wp-json\/wp\/v2\/product_tag?post=12018"}],"curies":[{"name":"wp","href":"https:\/\/api.w.org\/{rel}","templated":true}]}}