{"id":12028,"date":"2023-10-12T16:10:38","date_gmt":"2023-10-12T14:10:38","guid":{"rendered":"https:\/\/zkeshop.sk\/?post_type=product&#038;p=12028"},"modified":"2025-06-21T12:03:15","modified_gmt":"2025-06-21T10:03:15","slug":"zinek-selen-zk-company","status":"publish","type":"product","link":"https:\/\/zkeshop.sk\/cs\/produkt\/zinek-selen-zk-company\/","title":{"rendered":"ZK Zinek Selen 100 tablet"},"content":{"rendered":"<p><strong>ZK &#8211; Zinek Selen<\/strong> je dopln\u011bk stravy, kter\u00fd byl navr\u017een tak, aby podpo\u0159il va\u0161e celkov\u00e9 zdrav\u00ed a kr\u00e1su. Toto jedine\u010dn\u00e9 slo\u017een\u00ed obsahuje dva kl\u00ed\u010dov\u00e9 miner\u00e1ly &#8211; <strong>ZINEK<\/strong> <strong>a<\/strong> <strong>SELEN<\/strong> &#8211; kter\u00e9 maj\u00ed pozitivn\u00ed vliv na v\u00edce aspekt\u016f va\u0161eho t\u011bla. <\/p>\n<p><strong>Zinek<\/strong> je neoceniteln\u00fdm prvkem pro podporu imunitn\u00edho syst\u00e9mu a ochranu p\u0159ed oxidativn\u00edm stresem. Krom\u011b toho zinek podporuje zdravou poko\u017eku. Pro mu\u017ee je tak\u00e9 d\u016fle\u017eit\u00fd pro udr\u017een\u00ed norm\u00e1ln\u00ed hladiny testosteronu v krvi.  <\/p>\n<p><strong>Selen<\/strong> je dal\u0161\u00ed slo\u017ekou tohoto dopl\u0148ku stravy, kter\u00fd p\u0159isp\u00edv\u00e1 ke spr\u00e1vn\u00e9 spermatogenezi, podporuje zdrav\u00e9 <strong>vlasy<\/strong> a <strong>nehty<\/strong> a hraje kl\u00ed\u010dovou roli v podpo\u0159e imunitn\u00edho syst\u00e9mu a \u0161t\u00edtn\u00e9 \u017el\u00e1zy. Krom\u011b toho pom\u00e1h\u00e1 p\u0159i ochran\u011b va\u0161ich bun\u011bk p\u0159ed oxida\u010dn\u00edm stresem. <\/p>\n<p>Za\u0159a\u010fte tuto kombinaci <strong>zinku<\/strong> a <strong>selenu<\/strong> do sv\u00e9ho denn\u00edho re\u017eimu a poznejte jej\u00ed pozitivn\u00ed vliv na sv\u00e9 zdrav\u00ed a kr\u00e1su.<\/p>\n<p>Spole\u010dnost ZK &#8211; Va\u0161e cesta ke zdrav\u00ed a kr\u00e1se v jednoduch\u00e9 a \u00fa\u010dinn\u00e9 form\u011b.<\/p>\n<p><strong>Slo\u017een\u00ed 1 tablety: <\/strong>zinek ve form\u011b glukon\u00e1tu zine\u010dnat\u00e9ho 15 mg \u010dist\u00e9ho zinku (150 % RH), selen ve form\u011b seleni\u010ditanu sodn\u00e9ho 50 \u00b5g \u010dist\u00e9ho selenu \/91 % RH\/.<\/p>\n<p><strong>Balen\u00ed<\/strong>: 100 tablet<\/p>\n<p><strong>D\u00e1vkov\u00e1n\u00ed: <\/strong>1 tableta denn\u011b v\u017edy po j\u00eddle a zap\u00edt dostate\u010dn\u00fdm mno\u017estv\u00edm vody.<\/p>\n<p><strong>Pozn\u00e1mka<\/strong>: Stanoven\u00e1 doporu\u010den\u00e1 denn\u00ed d\u00e1vka nesm\u00ed b\u00fdt p\u0159ekro\u010dena! Dopln\u011bk stravy se nesm\u00ed pou\u017e\u00edvat jako n\u00e1hrada pestr\u00e9 a rozmanit\u00e9 stravy!  Nevhodn\u00e9 pro d\u011bti do 3 let.<\/p>\n<p>Dopln\u011bk stravy se doporu\u010duje uchov\u00e1vat mimo dosah mal\u00fdch d\u011bt\u00ed.<\/p>\n<p>Skladujte na such\u00e9m m\u00edst\u011b p\u0159i teplot\u011b do 25 \u00b0C.<\/p>\n","protected":false},"excerpt":{"rendered":"<h4><strong><span style=\"color: #ff0000;\">3+1 VOLN\u00c1 AKCE. Vlo\u017ete do ko\u0161\u00edku 3 produkty a \u010dtvrt\u00fd automaticky z\u00edsk\u00e1te ZDARMA. <\/span><\/strong><\/h4>\n<ul>\n<li>p\u0159isp\u00edv\u00e1 ke spr\u00e1vn\u00e9mu fungov\u00e1n\u00ed <strong>imunitn\u00edho syst\u00e9mu<\/strong>.<\/li>\n<li>dod\u00e1vaj\u00ed <strong>vlas\u016fm, neht\u016fm<\/strong> a poko\u017ece z\u00e1kladn\u00ed \u017eiviny.<\/li>\n<li>podporuj\u00ed norm\u00e1ln\u00ed stav <strong>neht\u016f, vlas\u016f a poko\u017eky<\/strong>.<\/li>\n<li>pom\u00e1h\u00e1 <strong>sni\u017eovat m\u00edru \u00fanavy<\/strong> a vy\u010derp\u00e1n\u00ed.<\/li>\n<li>p\u0159isp\u00edvaj\u00ed k ochran\u011b bun\u011bk p\u0159ed <strong>oxida\u010dn\u00edm stresem<\/strong>.<\/li>\n<li>zabra\u0148uj\u00ed \u0161t\u011bpen\u00ed a l\u00e1m\u00e1n\u00ed neht\u016f<\/li>\n<li>p\u0159isp\u00edv\u00e1 k udr\u017een\u00ed <strong>dobr\u00e9ho zraku<\/strong><\/li>\n<li>p\u0159isp\u00edv\u00e1 ke <strong>spr\u00e1vn\u00e9 spermatogenezi<\/strong><\/li>\n<li>p\u0159isp\u00edv\u00e1 ke spr\u00e1vn\u00e9 funkci <strong>\u0161t\u00edtn\u00e9 \u017el\u00e1zy<\/strong>.<\/li>\n<\/ul>\n","protected":false},"featured_media":12031,"comment_status":"open","ping_status":"closed","template":"","meta":[],"product_brand":[],"product_cat":[89,122],"product_tag":[],"class_list":{"0":"post-12028","1":"product","2":"type-product","3":"status-publish","4":"has-post-thumbnail","6":"product_cat-doplnky-stravy","7":"product_cat-doplnky-stravy-pro-dospele","9":"first","10":"instock","11":"taxable","12":"shipping-taxable","13":"purchasable","14":"product-type-simple"},"yoast_head":"<!-- This site is optimized with the Yoast SEO Premium plugin v27.3 (Yoast SEO v27.3) - https:\/\/yoast.com\/product\/yoast-seo-premium-wordpress\/ -->\n<title>Zinok Sel\u00e9n - Spole\u010dnost ZK<\/title>\n<meta name=\"description\" content=\"Na\u0161e firemn\u00ed slo\u017een\u00ed Zinek Selen ZK poskytuje ochranu proti oxida\u010dn\u00edmu stresu, podporuje imunitn\u00ed syst\u00e9m a udr\u017euje va\u0161i poko\u017eku zdravou a kr\u00e1snou.\" \/>\n<meta name=\"robots\" content=\"index, follow, max-snippet:-1, max-image-preview:large, max-video-preview:-1\" \/>\n<link rel=\"canonical\" href=\"https:\/\/zkeshop.sk\/cs\/produkt\/zinek-selen-zk-company\/\" \/>\n<meta property=\"og:locale\" content=\"cs_CZ\" \/>\n<meta property=\"og:type\" content=\"article\" \/>\n<meta property=\"og:title\" content=\"ZK Zinek Selen 100 tablet\" \/>\n<meta property=\"og:description\" content=\"Na\u0161e firemn\u00ed slo\u017een\u00ed Zinek Selen ZK poskytuje ochranu proti oxida\u010dn\u00edmu stresu, podporuje imunitn\u00ed syst\u00e9m a udr\u017euje va\u0161i poko\u017eku zdravou a kr\u00e1snou.\" \/>\n<meta property=\"og:url\" content=\"https:\/\/zkeshop.sk\/cs\/produkt\/zinek-selen-zk-company\/\" \/>\n<meta property=\"og:site_name\" content=\"ZK company\" \/>\n<meta property=\"article:modified_time\" content=\"2025-06-21T10:03:15+00:00\" \/>\n<meta property=\"og:image\" content=\"https:\/\/zkeshop.sk\/wp-content\/uploads\/2023\/10\/Zinok-Selen-WEB-e1697186207248.jpg\" \/>\n\t<meta property=\"og:image:width\" content=\"1709\" \/>\n\t<meta property=\"og:image:height\" content=\"2560\" \/>\n\t<meta property=\"og:image:type\" content=\"image\/jpeg\" \/>\n<meta name=\"twitter:card\" content=\"summary_large_image\" \/>\n<meta name=\"twitter:label1\" content=\"Cena\" \/>\n\t<meta name=\"twitter:data1\" content=\"7,50&nbsp;&euro;\" \/>\n\t<meta name=\"twitter:label2\" content=\"Dostupnost\" \/>\n\t<meta name=\"twitter:data2\" content=\"Skladem\" \/>\n<script type=\"application\/ld+json\" class=\"yoast-schema-graph\">{\"@context\":\"https:\\\/\\\/schema.org\",\"@graph\":[{\"@type\":\"WebPage\",\"@id\":\"https:\\\/\\\/zkeshop.sk\\\/cs\\\/produkt\\\/zinek-selen-zk-company\\\/\",\"url\":\"https:\\\/\\\/zkeshop.sk\\\/cs\\\/produkt\\\/zinek-selen-zk-company\\\/\",\"name\":\"Zinok Sel\u00e9n - Spole\u010dnost ZK\",\"isPartOf\":{\"@id\":\"https:\\\/\\\/zkeshop.sk\\\/#website\"},\"primaryImageOfPage\":{\"@id\":\"https:\\\/\\\/zkeshop.sk\\\/cs\\\/produkt\\\/zinek-selen-zk-company\\\/#primaryimage\"},\"image\":{\"@id\":\"https:\\\/\\\/zkeshop.sk\\\/cs\\\/produkt\\\/zinek-selen-zk-company\\\/#primaryimage\"},\"thumbnailUrl\":\"https:\\\/\\\/zkeshop.sk\\\/wp-content\\\/uploads\\\/2023\\\/10\\\/Zinok-Selen-WEB-e1697186207248.jpg\",\"datePublished\":\"2023-10-12T14:10:38+00:00\",\"dateModified\":\"2025-06-21T10:03:15+00:00\",\"description\":\"Na\u0161e firemn\u00ed slo\u017een\u00ed Zinek Selen ZK poskytuje ochranu proti oxida\u010dn\u00edmu stresu, podporuje imunitn\u00ed syst\u00e9m a udr\u017euje va\u0161i poko\u017eku zdravou a kr\u00e1snou.\",\"breadcrumb\":{\"@id\":\"https:\\\/\\\/zkeshop.sk\\\/cs\\\/produkt\\\/zinek-selen-zk-company\\\/#breadcrumb\"},\"inLanguage\":\"cs\",\"potentialAction\":[{\"@type\":\"ReadAction\",\"target\":[\"https:\\\/\\\/zkeshop.sk\\\/cs\\\/produkt\\\/zinek-selen-zk-company\\\/\"]}]},{\"@type\":\"ImageObject\",\"inLanguage\":\"cs\",\"@id\":\"https:\\\/\\\/zkeshop.sk\\\/cs\\\/produkt\\\/zinek-selen-zk-company\\\/#primaryimage\",\"url\":\"https:\\\/\\\/zkeshop.sk\\\/wp-content\\\/uploads\\\/2023\\\/10\\\/Zinok-Selen-WEB-e1697186207248.jpg\",\"contentUrl\":\"https:\\\/\\\/zkeshop.sk\\\/wp-content\\\/uploads\\\/2023\\\/10\\\/Zinok-Selen-WEB-e1697186207248.jpg\",\"width\":1709,\"height\":2560,\"caption\":\"Na\u0161a formula Zinok Sel\u00e9n ZK company poskytuje ochranu pred oxida\u010dn\u00fdm stresom, podporuje imunitn\u00fd syst\u00e9m a udr\u017euje va\u0161u zdrav\u00fa a kr\u00e1snu poko\u017eku.\"},{\"@type\":\"BreadcrumbList\",\"@id\":\"https:\\\/\\\/zkeshop.sk\\\/cs\\\/produkt\\\/zinek-selen-zk-company\\\/#breadcrumb\",\"itemListElement\":[{\"@type\":\"ListItem\",\"position\":1,\"name\":\"Dom\u016f\",\"item\":\"https:\\\/\\\/zkeshop.sk\\\/\"},{\"@type\":\"ListItem\",\"position\":2,\"name\":\"Obchod\",\"item\":\"https:\\\/\\\/zkeshop.sk\\\/obchod\\\/\"},{\"@type\":\"ListItem\",\"position\":3,\"name\":\"ZK Zinek Selen 100 tablet\"}]},{\"@type\":\"WebSite\",\"@id\":\"https:\\\/\\\/zkeshop.sk\\\/#website\",\"url\":\"https:\\\/\\\/zkeshop.sk\\\/\",\"name\":\"ZK company\",\"description\":\"Kvalitn\u00e1 kozmetika pre ka\u017edodenn\u00e9 pou\u017eitie\",\"potentialAction\":[{\"@type\":\"SearchAction\",\"target\":{\"@type\":\"EntryPoint\",\"urlTemplate\":\"https:\\\/\\\/zkeshop.sk\\\/?s={search_term_string}\"},\"query-input\":{\"@type\":\"PropertyValueSpecification\",\"valueRequired\":true,\"valueName\":\"search_term_string\"}}],\"inLanguage\":\"cs\"}]}<\/script>\n<meta property=\"product:price:amount\" content=\"7.50\" \/>\n<meta property=\"product:price:currency\" content=\"EUR\" \/>\n<meta property=\"og:availability\" content=\"instock\" \/>\n<meta property=\"product:availability\" content=\"instock\" \/>\n<meta property=\"product:condition\" content=\"new\" \/>\n<!-- \/ Yoast SEO Premium plugin. -->","yoast_head_json":{"title":"Zinok Sel\u00e9n - Spole\u010dnost ZK","description":"Na\u0161e firemn\u00ed slo\u017een\u00ed Zinek Selen ZK poskytuje ochranu proti oxida\u010dn\u00edmu stresu, podporuje imunitn\u00ed syst\u00e9m a udr\u017euje va\u0161i poko\u017eku zdravou a kr\u00e1snou.","robots":{"index":"index","follow":"follow","max-snippet":"max-snippet:-1","max-image-preview":"max-image-preview:large","max-video-preview":"max-video-preview:-1"},"canonical":"https:\/\/zkeshop.sk\/cs\/produkt\/zinek-selen-zk-company\/","og_locale":"cs_CZ","og_type":"article","og_title":"ZK Zinek Selen 100 tablet","og_description":"Na\u0161e firemn\u00ed slo\u017een\u00ed Zinek Selen ZK poskytuje ochranu proti oxida\u010dn\u00edmu stresu, podporuje imunitn\u00ed syst\u00e9m a udr\u017euje va\u0161i poko\u017eku zdravou a kr\u00e1snou.","og_url":"https:\/\/zkeshop.sk\/cs\/produkt\/zinek-selen-zk-company\/","og_site_name":"ZK company","article_modified_time":"2025-06-21T10:03:15+00:00","og_image":[{"width":1709,"height":2560,"url":"https:\/\/zkeshop.sk\/wp-content\/uploads\/2023\/10\/Zinok-Selen-WEB-e1697186207248.jpg","type":"image\/jpeg"}],"twitter_card":"summary_large_image","twitter_misc":{"Cena":"7,50&nbsp;&euro;","Dostupnost":"Skladem"},"schema":{"@context":"https:\/\/schema.org","@graph":[{"@type":"WebPage","@id":"https:\/\/zkeshop.sk\/cs\/produkt\/zinek-selen-zk-company\/","url":"https:\/\/zkeshop.sk\/cs\/produkt\/zinek-selen-zk-company\/","name":"Zinok Sel\u00e9n - Spole\u010dnost ZK","isPartOf":{"@id":"https:\/\/zkeshop.sk\/#website"},"primaryImageOfPage":{"@id":"https:\/\/zkeshop.sk\/cs\/produkt\/zinek-selen-zk-company\/#primaryimage"},"image":{"@id":"https:\/\/zkeshop.sk\/cs\/produkt\/zinek-selen-zk-company\/#primaryimage"},"thumbnailUrl":"https:\/\/zkeshop.sk\/wp-content\/uploads\/2023\/10\/Zinok-Selen-WEB-e1697186207248.jpg","datePublished":"2023-10-12T14:10:38+00:00","dateModified":"2025-06-21T10:03:15+00:00","description":"Na\u0161e firemn\u00ed slo\u017een\u00ed Zinek Selen ZK poskytuje ochranu proti oxida\u010dn\u00edmu stresu, podporuje imunitn\u00ed syst\u00e9m a udr\u017euje va\u0161i poko\u017eku zdravou a kr\u00e1snou.","breadcrumb":{"@id":"https:\/\/zkeshop.sk\/cs\/produkt\/zinek-selen-zk-company\/#breadcrumb"},"inLanguage":"cs","potentialAction":[{"@type":"ReadAction","target":["https:\/\/zkeshop.sk\/cs\/produkt\/zinek-selen-zk-company\/"]}]},{"@type":"ImageObject","inLanguage":"cs","@id":"https:\/\/zkeshop.sk\/cs\/produkt\/zinek-selen-zk-company\/#primaryimage","url":"https:\/\/zkeshop.sk\/wp-content\/uploads\/2023\/10\/Zinok-Selen-WEB-e1697186207248.jpg","contentUrl":"https:\/\/zkeshop.sk\/wp-content\/uploads\/2023\/10\/Zinok-Selen-WEB-e1697186207248.jpg","width":1709,"height":2560,"caption":"Na\u0161a formula Zinok Sel\u00e9n ZK company poskytuje ochranu pred oxida\u010dn\u00fdm stresom, podporuje imunitn\u00fd syst\u00e9m a udr\u017euje va\u0161u zdrav\u00fa a kr\u00e1snu poko\u017eku."},{"@type":"BreadcrumbList","@id":"https:\/\/zkeshop.sk\/cs\/produkt\/zinek-selen-zk-company\/#breadcrumb","itemListElement":[{"@type":"ListItem","position":1,"name":"Dom\u016f","item":"https:\/\/zkeshop.sk\/"},{"@type":"ListItem","position":2,"name":"Obchod","item":"https:\/\/zkeshop.sk\/obchod\/"},{"@type":"ListItem","position":3,"name":"ZK Zinek Selen 100 tablet"}]},{"@type":"WebSite","@id":"https:\/\/zkeshop.sk\/#website","url":"https:\/\/zkeshop.sk\/","name":"ZK company","description":"Kvalitn\u00e1 kozmetika pre ka\u017edodenn\u00e9 pou\u017eitie","potentialAction":[{"@type":"SearchAction","target":{"@type":"EntryPoint","urlTemplate":"https:\/\/zkeshop.sk\/?s={search_term_string}"},"query-input":{"@type":"PropertyValueSpecification","valueRequired":true,"valueName":"search_term_string"}}],"inLanguage":"cs"}]},"product_price_amount":"7.50","product_price_currency":"EUR","og_availability":"instock","product_availability":"instock","product_condition":"new"},"_links":{"self":[{"href":"https:\/\/zkeshop.sk\/cs\/wp-json\/wp\/v2\/product\/12028","targetHints":{"allow":["GET"]}}],"collection":[{"href":"https:\/\/zkeshop.sk\/cs\/wp-json\/wp\/v2\/product"}],"about":[{"href":"https:\/\/zkeshop.sk\/cs\/wp-json\/wp\/v2\/types\/product"}],"replies":[{"embeddable":true,"href":"https:\/\/zkeshop.sk\/cs\/wp-json\/wp\/v2\/comments?post=12028"}],"version-history":[{"count":0,"href":"https:\/\/zkeshop.sk\/cs\/wp-json\/wp\/v2\/product\/12028\/revisions"}],"wp:featuredmedia":[{"embeddable":true,"href":"https:\/\/zkeshop.sk\/cs\/wp-json\/wp\/v2\/media\/12031"}],"wp:attachment":[{"href":"https:\/\/zkeshop.sk\/cs\/wp-json\/wp\/v2\/media?parent=12028"}],"wp:term":[{"taxonomy":"product_brand","embeddable":true,"href":"https:\/\/zkeshop.sk\/cs\/wp-json\/wp\/v2\/product_brand?post=12028"},{"taxonomy":"product_cat","embeddable":true,"href":"https:\/\/zkeshop.sk\/cs\/wp-json\/wp\/v2\/product_cat?post=12028"},{"taxonomy":"product_tag","embeddable":true,"href":"https:\/\/zkeshop.sk\/cs\/wp-json\/wp\/v2\/product_tag?post=12028"}],"curies":[{"name":"wp","href":"https:\/\/api.w.org\/{rel}","templated":true}]}}