{"id":12038,"date":"2023-10-12T16:25:31","date_gmt":"2023-10-12T14:25:31","guid":{"rendered":"https:\/\/zkeshop.sk\/produkt\/vitamin-c-s-postupnym-uvolnovanim-zk-company\/"},"modified":"2025-03-23T18:54:38","modified_gmt":"2025-03-23T17:54:38","slug":"vitamin-c-s-postupnym-uvolnovanim-zk-company","status":"publish","type":"product","link":"https:\/\/zkeshop.sk\/cs\/produkt\/vitamin-c-s-postupnym-uvolnovanim-zk-company\/","title":{"rendered":"ZK Vitamin C 1000 mg s postupn\u00fdm uvol\u0148ov\u00e1n\u00edm 100 tablet"},"content":{"rendered":"<p><strong>Vitamin C 1000 mg Gradual Release<\/strong> je v\u00edc ne\u017e jen dopln\u011bk stravy &#8211; tento v\u00fdjime\u010dn\u00fd p\u0159\u00edpravek s postupn\u00fdm uvol\u0148ov\u00e1n\u00edm vitaminu C dok\u00e1\u017ee v\u00edc ne\u017e jen dodat t\u011blu zv\u00fd\u0161en\u00fd p\u0159\u00edsun tohoto d\u016fle\u017eit\u00e9ho vitaminu.<\/p>\n<p><strong>Vitamin C<\/strong> je zn\u00e1m\u00fd sv\u00fdm pozitivn\u00edm vlivem na imunitn\u00ed a nervov\u00fd syst\u00e9m, tak\u017ee je d\u016fle\u017eit\u00fdm partnerem pro va\u0161e zdrav\u00ed.<br \/>\nChr\u00e1n\u00ed tak\u00e9 bu\u0148ky p\u0159ed oxida\u010dn\u00edm stresem, \u010d\u00edm\u017e chr\u00e1n\u00ed organismus p\u0159ed voln\u00fdmi radik\u00e1ly. Vitamin C hraje tak\u00e9 kl\u00ed\u010dovou roli p\u0159i tvorb\u011b kolagenu, \u010d\u00edm\u017e podporuje zdrav\u00ed kost\u00ed, chrupavek, zub\u016f a poko\u017eky. A to nen\u00ed v\u0161e &#8211; napom\u00e1h\u00e1 tak\u00e9 regeneraci redukovan\u00e9 formy vitaminu E a zvy\u0161uje vst\u0159eb\u00e1v\u00e1n\u00ed \u017eeleza.  <\/p>\n<ul>\n<li><strong>Vitamin C 1000 mg s postupn\u00fdm uvol\u0148ov\u00e1n\u00edm <\/strong>je vynikaj\u00edc\u00edm zp\u016fsobem podpory zdrav\u00ed a kr\u00e1sy. Sledujte, jak se va\u0161e t\u011blo postupn\u011b obohacuje o tento kl\u00ed\u010dov\u00fd vitamin. <\/li>\n<\/ul>\n<p>Zapome\u0148te na stres z nedostate\u010dn\u00e9ho p\u0159\u00edjmu vitaminu C a za\u010dn\u011bte sledovat sv\u00e9 zdrav\u00ed a kr\u00e1su s <strong>Vitaminem C 1000 mg<\/strong> <strong>Gradual Release<\/strong> &#8211; va\u0161\u00edm spolehliv\u00fdm partnerem v ka\u017edodenn\u00edm \u017eivot\u011b.<\/p>\n<p><strong>Slo\u017een\u00ed v 1 tablet\u011b<\/strong>: vitamin C ve form\u011b kyseliny askorbov\u00e9 1000 mg \/1250 % RH\/, extrakt ze \u0161\u00edpk\u016f 25 mg. Objemov\u00e9 l\u00e1tky (mikrokrystalick\u00e1 celul\u00f3za, hydroxypropylmethylcelul\u00f3za, kyselina vinn\u00e1), potahov\u00e9 l\u00e1tky (hydroxypropylmethylcelul\u00f3za, polyvinylalkohol), protisp\u00e9kav\u00e9 l\u00e1tky (oxid k\u0159emi\u010dit\u00fd, stearan ho\u0159e\u010dnat\u00fd). <\/p>\n<p>RVH &#8211; referen\u010dn\u00ed v\u00fd\u017eivov\u00e1 hodnota.<\/p>\n<p><strong>Balen\u00ed:<\/strong> 100 tablet<\/p>\n<p><strong><br \/>\nD\u00e1vkov\u00e1n\u00ed:<\/strong>1 tableta denn\u011b s dostate\u010dn\u00fdm mno\u017estv\u00edm vody<strong><\/strong><\/p>\n<p><strong>Pozn\u00e1mka<\/strong>: Stanoven\u00e1 doporu\u010den\u00e1 denn\u00ed d\u00e1vka nesm\u00ed b\u00fdt p\u0159ekro\u010dena! Dopln\u011bk stravy se nesm\u00ed pou\u017e\u00edvat jako n\u00e1hrada pestr\u00e9 a rozmanit\u00e9 stravy!  Nevhodn\u00e9 pro d\u011bti do 3 let.<\/p>\n<p>Dopln\u011bk stravy se doporu\u010duje uchov\u00e1vat mimo dosah mal\u00fdch d\u011bt\u00ed.<\/p>\n<p>Skladujte na such\u00e9m m\u00edst\u011b p\u0159i teplot\u011b do 25 \u00b0C.<\/p>\n","protected":false},"excerpt":{"rendered":"<h4><span style=\"color: #ff0000;\">3+1 VOLN\u00c1 AKCE. Vlo\u017ete do ko\u0161\u00edku 3 produkty a \u010dtvrt\u00fd automaticky z\u00edsk\u00e1te ZDARMA. <\/span><\/h4>\n<ul>\n<li><strong>s postupn\u00fdm uvol\u0148ov\u00e1n\u00edm a \u0161\u00edpkov\u00fdm extraktem<\/strong><\/li>\n<li>k norm\u00e1ln\u00ed funkci <strong>imunitn\u00edho syst\u00e9mu<\/strong><\/li>\n<li>k du\u0161evn\u00ed rovnov\u00e1ze, <strong>norm\u00e1ln\u00ed du\u0161evn\u00ed \u010dinnosti<\/strong> a funkci nervov\u00e9ho syst\u00e9mu.<\/li>\n<li>pro antioxida\u010dn\u00ed <strong>ochranu bun\u011bk<\/strong> p\u0159ed oxida\u010dn\u00edm stresem<\/li>\n<li>sn\u00ed\u017een\u00ed m\u00edry <strong>\u00fanavy a vy\u010derp\u00e1n\u00ed<\/strong>.<\/li>\n<li>pro norm\u00e1ln\u00ed <strong>tvorbu kolagenu<\/strong> pro norm\u00e1ln\u00ed funkci c\u00e9v, kost\u00ed, chrupavek, d\u00e1sn\u00ed, k\u016f\u017ee a zub\u016f.<\/li>\n<li>zv\u00fd\u0161en\u00e1 <strong>absorpce \u017eeleza<\/strong><\/li>\n<\/ul>\n","protected":false},"featured_media":12036,"comment_status":"open","ping_status":"closed","template":"","meta":[],"product_brand":[],"product_cat":[89,122],"product_tag":[],"class_list":{"0":"post-12038","1":"product","2":"type-product","3":"status-publish","4":"has-post-thumbnail","6":"product_cat-doplnky-stravy","7":"product_cat-doplnky-stravy-pro-dospele","9":"first","10":"instock","11":"taxable","12":"shipping-taxable","13":"purchasable","14":"product-type-simple"},"yoast_head":"<!-- This site is optimized with the Yoast SEO Premium plugin v27.3 (Yoast SEO v27.3) - https:\/\/yoast.com\/product\/yoast-seo-premium-wordpress\/ -->\n<title>Vitamin C 1000 mg s postupn\u00fdm uvol\u0148ov\u00e1n\u00edm - ZK company<\/title>\n<meta name=\"description\" content=\"Vitamin C 1000 mg s postupn\u00fdm uvol\u0148ov\u00e1n\u00edm - kl\u00ed\u010d ke zdrav\u00ed a kr\u00e1se. Podporuje imunitn\u00ed syst\u00e9m, ochranu bun\u011bk a zdravou poko\u017eku.\" \/>\n<meta name=\"robots\" content=\"index, follow, max-snippet:-1, max-image-preview:large, max-video-preview:-1\" \/>\n<link rel=\"canonical\" href=\"https:\/\/zkeshop.sk\/cs\/produkt\/vitamin-c-s-postupnym-uvolnovanim-zk-company\/\" \/>\n<meta property=\"og:locale\" content=\"cs_CZ\" \/>\n<meta property=\"og:type\" content=\"article\" \/>\n<meta property=\"og:title\" content=\"ZK Vitamin C 1000 mg s postupn\u00fdm uvol\u0148ov\u00e1n\u00edm 100 tablet\" \/>\n<meta property=\"og:description\" content=\"Vitamin C 1000 mg s postupn\u00fdm uvol\u0148ov\u00e1n\u00edm - kl\u00ed\u010d ke zdrav\u00ed a kr\u00e1se. Podporuje imunitn\u00ed syst\u00e9m, ochranu bun\u011bk a zdravou poko\u017eku.\" \/>\n<meta property=\"og:url\" content=\"https:\/\/zkeshop.sk\/cs\/produkt\/vitamin-c-s-postupnym-uvolnovanim-zk-company\/\" \/>\n<meta property=\"og:site_name\" content=\"ZK company\" \/>\n<meta property=\"article:modified_time\" content=\"2025-03-23T17:54:38+00:00\" \/>\n<meta property=\"og:image\" content=\"https:\/\/zkeshop.sk\/wp-content\/uploads\/2023\/10\/Vitamin-C-1000mg-WEB-e1697120705641.jpg\" \/>\n\t<meta property=\"og:image:width\" content=\"1709\" \/>\n\t<meta property=\"og:image:height\" content=\"2560\" \/>\n\t<meta property=\"og:image:type\" content=\"image\/jpeg\" \/>\n<meta name=\"twitter:card\" content=\"summary_large_image\" \/>\n<meta name=\"twitter:label1\" content=\"Cena\" \/>\n\t<meta name=\"twitter:data1\" content=\"12,00&nbsp;&euro;\" \/>\n\t<meta name=\"twitter:label2\" content=\"Dostupnost\" \/>\n\t<meta name=\"twitter:data2\" content=\"Skladem\" \/>\n<script type=\"application\/ld+json\" class=\"yoast-schema-graph\">{\"@context\":\"https:\\\/\\\/schema.org\",\"@graph\":[{\"@type\":\"WebPage\",\"@id\":\"https:\\\/\\\/zkeshop.sk\\\/cs\\\/produkt\\\/vitamin-c-s-postupnym-uvolnovanim-zk-company\\\/\",\"url\":\"https:\\\/\\\/zkeshop.sk\\\/cs\\\/produkt\\\/vitamin-c-s-postupnym-uvolnovanim-zk-company\\\/\",\"name\":\"Vitamin C 1000 mg s postupn\u00fdm uvol\u0148ov\u00e1n\u00edm - ZK company\",\"isPartOf\":{\"@id\":\"https:\\\/\\\/zkeshop.sk\\\/#website\"},\"primaryImageOfPage\":{\"@id\":\"https:\\\/\\\/zkeshop.sk\\\/cs\\\/produkt\\\/vitamin-c-s-postupnym-uvolnovanim-zk-company\\\/#primaryimage\"},\"image\":{\"@id\":\"https:\\\/\\\/zkeshop.sk\\\/cs\\\/produkt\\\/vitamin-c-s-postupnym-uvolnovanim-zk-company\\\/#primaryimage\"},\"thumbnailUrl\":\"https:\\\/\\\/zkeshop.sk\\\/wp-content\\\/uploads\\\/2023\\\/10\\\/Vitamin-C-1000mg-WEB-e1697120705641.jpg\",\"datePublished\":\"2023-10-12T14:25:31+00:00\",\"dateModified\":\"2025-03-23T17:54:38+00:00\",\"description\":\"Vitamin C 1000 mg s postupn\u00fdm uvol\u0148ov\u00e1n\u00edm - kl\u00ed\u010d ke zdrav\u00ed a kr\u00e1se. Podporuje imunitn\u00ed syst\u00e9m, ochranu bun\u011bk a zdravou poko\u017eku.\",\"breadcrumb\":{\"@id\":\"https:\\\/\\\/zkeshop.sk\\\/cs\\\/produkt\\\/vitamin-c-s-postupnym-uvolnovanim-zk-company\\\/#breadcrumb\"},\"inLanguage\":\"cs\",\"potentialAction\":[{\"@type\":\"ReadAction\",\"target\":[\"https:\\\/\\\/zkeshop.sk\\\/cs\\\/produkt\\\/vitamin-c-s-postupnym-uvolnovanim-zk-company\\\/\"]}]},{\"@type\":\"ImageObject\",\"inLanguage\":\"cs\",\"@id\":\"https:\\\/\\\/zkeshop.sk\\\/cs\\\/produkt\\\/vitamin-c-s-postupnym-uvolnovanim-zk-company\\\/#primaryimage\",\"url\":\"https:\\\/\\\/zkeshop.sk\\\/wp-content\\\/uploads\\\/2023\\\/10\\\/Vitamin-C-1000mg-WEB-e1697120705641.jpg\",\"contentUrl\":\"https:\\\/\\\/zkeshop.sk\\\/wp-content\\\/uploads\\\/2023\\\/10\\\/Vitamin-C-1000mg-WEB-e1697120705641.jpg\",\"width\":1709,\"height\":2560,\"caption\":\"Vitam\u00edn C 1000 mg s postupn\u00fdm uvo\u013e\u0148ovan\u00edm - k\u013e\u00fa\u010d k zdraviu a kr\u00e1se. Podporuje imunitn\u00fd syst\u00e9m, ochranu buniek a zdrav\u00fa poko\u017eku.\"},{\"@type\":\"BreadcrumbList\",\"@id\":\"https:\\\/\\\/zkeshop.sk\\\/cs\\\/produkt\\\/vitamin-c-s-postupnym-uvolnovanim-zk-company\\\/#breadcrumb\",\"itemListElement\":[{\"@type\":\"ListItem\",\"position\":1,\"name\":\"Dom\u016f\",\"item\":\"https:\\\/\\\/zkeshop.sk\\\/\"},{\"@type\":\"ListItem\",\"position\":2,\"name\":\"Obchod\",\"item\":\"https:\\\/\\\/zkeshop.sk\\\/obchod\\\/\"},{\"@type\":\"ListItem\",\"position\":3,\"name\":\"ZK Vitamin C 1000 mg s postupn\u00fdm uvol\u0148ov\u00e1n\u00edm 100 tablet\"}]},{\"@type\":\"WebSite\",\"@id\":\"https:\\\/\\\/zkeshop.sk\\\/#website\",\"url\":\"https:\\\/\\\/zkeshop.sk\\\/\",\"name\":\"ZK company\",\"description\":\"Kvalitn\u00e1 kozmetika pre ka\u017edodenn\u00e9 pou\u017eitie\",\"potentialAction\":[{\"@type\":\"SearchAction\",\"target\":{\"@type\":\"EntryPoint\",\"urlTemplate\":\"https:\\\/\\\/zkeshop.sk\\\/?s={search_term_string}\"},\"query-input\":{\"@type\":\"PropertyValueSpecification\",\"valueRequired\":true,\"valueName\":\"search_term_string\"}}],\"inLanguage\":\"cs\"}]}<\/script>\n<meta property=\"product:price:amount\" content=\"12.00\" \/>\n<meta property=\"product:price:currency\" content=\"EUR\" \/>\n<meta property=\"og:availability\" content=\"instock\" \/>\n<meta property=\"product:availability\" content=\"instock\" \/>\n<meta property=\"product:condition\" content=\"new\" \/>\n<!-- \/ Yoast SEO Premium plugin. -->","yoast_head_json":{"title":"Vitamin C 1000 mg s postupn\u00fdm uvol\u0148ov\u00e1n\u00edm - ZK company","description":"Vitamin C 1000 mg s postupn\u00fdm uvol\u0148ov\u00e1n\u00edm - kl\u00ed\u010d ke zdrav\u00ed a kr\u00e1se. Podporuje imunitn\u00ed syst\u00e9m, ochranu bun\u011bk a zdravou poko\u017eku.","robots":{"index":"index","follow":"follow","max-snippet":"max-snippet:-1","max-image-preview":"max-image-preview:large","max-video-preview":"max-video-preview:-1"},"canonical":"https:\/\/zkeshop.sk\/cs\/produkt\/vitamin-c-s-postupnym-uvolnovanim-zk-company\/","og_locale":"cs_CZ","og_type":"article","og_title":"ZK Vitamin C 1000 mg s postupn\u00fdm uvol\u0148ov\u00e1n\u00edm 100 tablet","og_description":"Vitamin C 1000 mg s postupn\u00fdm uvol\u0148ov\u00e1n\u00edm - kl\u00ed\u010d ke zdrav\u00ed a kr\u00e1se. Podporuje imunitn\u00ed syst\u00e9m, ochranu bun\u011bk a zdravou poko\u017eku.","og_url":"https:\/\/zkeshop.sk\/cs\/produkt\/vitamin-c-s-postupnym-uvolnovanim-zk-company\/","og_site_name":"ZK company","article_modified_time":"2025-03-23T17:54:38+00:00","og_image":[{"width":1709,"height":2560,"url":"https:\/\/zkeshop.sk\/wp-content\/uploads\/2023\/10\/Vitamin-C-1000mg-WEB-e1697120705641.jpg","type":"image\/jpeg"}],"twitter_card":"summary_large_image","twitter_misc":{"Cena":"12,00&nbsp;&euro;","Dostupnost":"Skladem"},"schema":{"@context":"https:\/\/schema.org","@graph":[{"@type":"WebPage","@id":"https:\/\/zkeshop.sk\/cs\/produkt\/vitamin-c-s-postupnym-uvolnovanim-zk-company\/","url":"https:\/\/zkeshop.sk\/cs\/produkt\/vitamin-c-s-postupnym-uvolnovanim-zk-company\/","name":"Vitamin C 1000 mg s postupn\u00fdm uvol\u0148ov\u00e1n\u00edm - ZK company","isPartOf":{"@id":"https:\/\/zkeshop.sk\/#website"},"primaryImageOfPage":{"@id":"https:\/\/zkeshop.sk\/cs\/produkt\/vitamin-c-s-postupnym-uvolnovanim-zk-company\/#primaryimage"},"image":{"@id":"https:\/\/zkeshop.sk\/cs\/produkt\/vitamin-c-s-postupnym-uvolnovanim-zk-company\/#primaryimage"},"thumbnailUrl":"https:\/\/zkeshop.sk\/wp-content\/uploads\/2023\/10\/Vitamin-C-1000mg-WEB-e1697120705641.jpg","datePublished":"2023-10-12T14:25:31+00:00","dateModified":"2025-03-23T17:54:38+00:00","description":"Vitamin C 1000 mg s postupn\u00fdm uvol\u0148ov\u00e1n\u00edm - kl\u00ed\u010d ke zdrav\u00ed a kr\u00e1se. Podporuje imunitn\u00ed syst\u00e9m, ochranu bun\u011bk a zdravou poko\u017eku.","breadcrumb":{"@id":"https:\/\/zkeshop.sk\/cs\/produkt\/vitamin-c-s-postupnym-uvolnovanim-zk-company\/#breadcrumb"},"inLanguage":"cs","potentialAction":[{"@type":"ReadAction","target":["https:\/\/zkeshop.sk\/cs\/produkt\/vitamin-c-s-postupnym-uvolnovanim-zk-company\/"]}]},{"@type":"ImageObject","inLanguage":"cs","@id":"https:\/\/zkeshop.sk\/cs\/produkt\/vitamin-c-s-postupnym-uvolnovanim-zk-company\/#primaryimage","url":"https:\/\/zkeshop.sk\/wp-content\/uploads\/2023\/10\/Vitamin-C-1000mg-WEB-e1697120705641.jpg","contentUrl":"https:\/\/zkeshop.sk\/wp-content\/uploads\/2023\/10\/Vitamin-C-1000mg-WEB-e1697120705641.jpg","width":1709,"height":2560,"caption":"Vitam\u00edn C 1000 mg s postupn\u00fdm uvo\u013e\u0148ovan\u00edm - k\u013e\u00fa\u010d k zdraviu a kr\u00e1se. Podporuje imunitn\u00fd syst\u00e9m, ochranu buniek a zdrav\u00fa poko\u017eku."},{"@type":"BreadcrumbList","@id":"https:\/\/zkeshop.sk\/cs\/produkt\/vitamin-c-s-postupnym-uvolnovanim-zk-company\/#breadcrumb","itemListElement":[{"@type":"ListItem","position":1,"name":"Dom\u016f","item":"https:\/\/zkeshop.sk\/"},{"@type":"ListItem","position":2,"name":"Obchod","item":"https:\/\/zkeshop.sk\/obchod\/"},{"@type":"ListItem","position":3,"name":"ZK Vitamin C 1000 mg s postupn\u00fdm uvol\u0148ov\u00e1n\u00edm 100 tablet"}]},{"@type":"WebSite","@id":"https:\/\/zkeshop.sk\/#website","url":"https:\/\/zkeshop.sk\/","name":"ZK company","description":"Kvalitn\u00e1 kozmetika pre ka\u017edodenn\u00e9 pou\u017eitie","potentialAction":[{"@type":"SearchAction","target":{"@type":"EntryPoint","urlTemplate":"https:\/\/zkeshop.sk\/?s={search_term_string}"},"query-input":{"@type":"PropertyValueSpecification","valueRequired":true,"valueName":"search_term_string"}}],"inLanguage":"cs"}]},"product_price_amount":"12.00","product_price_currency":"EUR","og_availability":"instock","product_availability":"instock","product_condition":"new"},"_links":{"self":[{"href":"https:\/\/zkeshop.sk\/cs\/wp-json\/wp\/v2\/product\/12038","targetHints":{"allow":["GET"]}}],"collection":[{"href":"https:\/\/zkeshop.sk\/cs\/wp-json\/wp\/v2\/product"}],"about":[{"href":"https:\/\/zkeshop.sk\/cs\/wp-json\/wp\/v2\/types\/product"}],"replies":[{"embeddable":true,"href":"https:\/\/zkeshop.sk\/cs\/wp-json\/wp\/v2\/comments?post=12038"}],"version-history":[{"count":0,"href":"https:\/\/zkeshop.sk\/cs\/wp-json\/wp\/v2\/product\/12038\/revisions"}],"wp:featuredmedia":[{"embeddable":true,"href":"https:\/\/zkeshop.sk\/cs\/wp-json\/wp\/v2\/media\/12036"}],"wp:attachment":[{"href":"https:\/\/zkeshop.sk\/cs\/wp-json\/wp\/v2\/media?parent=12038"}],"wp:term":[{"taxonomy":"product_brand","embeddable":true,"href":"https:\/\/zkeshop.sk\/cs\/wp-json\/wp\/v2\/product_brand?post=12038"},{"taxonomy":"product_cat","embeddable":true,"href":"https:\/\/zkeshop.sk\/cs\/wp-json\/wp\/v2\/product_cat?post=12038"},{"taxonomy":"product_tag","embeddable":true,"href":"https:\/\/zkeshop.sk\/cs\/wp-json\/wp\/v2\/product_tag?post=12038"}],"curies":[{"name":"wp","href":"https:\/\/api.w.org\/{rel}","templated":true}]}}