{"id":12058,"date":"2023-08-02T12:17:29","date_gmt":"2023-08-02T10:17:29","guid":{"rendered":"https:\/\/zkeshop.sk\/produkt\/zk-balik-dokonalej-pletovej-starostlivosti-o-citlivu-plet\/"},"modified":"2025-01-02T13:51:29","modified_gmt":"2025-01-02T12:51:29","slug":"zk-balik-dokonalej-pletovej-starostlivosti-o-citlivu-plet","status":"publish","type":"product","link":"https:\/\/zkeshop.sk\/cs\/produkt\/zk-balik-dokonalej-pletovej-starostlivosti-o-citlivu-plet\/","title":{"rendered":"ZK bal\u00ed\u010dek dokonal\u00e9 p\u00e9\u010di o citlivou ple\u0165"},"content":{"rendered":"<p><strong>ZK bal\u00ed\u010dek dokonal\u00e9 p\u00e9\u010de o citlivou ple\u0165<\/strong> obsahuje:<\/p>\n<ol>\n<li>Aktivn\u00ed a uklid\u0148uj\u00edc\u00ed ple\u0165ov\u00e9 tonikum ZK <a href=\"https:\/\/zkeshop.sk\/cs\/produkt\/exactus-aktivni-tonizujici-voda-vitamin-b3-zinek-panthenol-200-ml\/\"><strong>ExactUS<\/strong><\/a>: Obnovte svou ple\u0165 s na\u0161\u00edm \u00fa\u010dinn\u00fdm a uklid\u0148uj\u00edc\u00edm ple\u0165ov\u00fdm tonikem. Navr\u017een\u00fdm tak, aby zm\u00edrnil podr\u00e1\u017ed\u011bn\u00ed a dodal va\u0161\u00ed pleti okouzluj\u00edc\u00ed pocit sv\u011b\u017eesti.<\/li>\n<li>Ple\u0165ov\u00e9 s\u00e9rum s okam\u017eit\u00fdm matuj\u00edc\u00edm a liftingov\u00fdm \u00fa\u010dinkem ZK <a href=\"https:\/\/zkeshop.sk\/cs\/produkt\/exactyou-serum-okamzity-matujici-ucinek-lifting-effect-15-ml\/\"><strong>ExactYOU<\/strong><\/a>. Z\u00edskejte okam\u017eit\u011b n\u00e1dhernou poko\u017eku s na\u0161\u00edm ple\u0165ov\u00fdm s\u00e9rem s okam\u017eit\u00fdm matuj\u00edc\u00edm a liftingov\u00fdm \u00fa\u010dinkem. Jeho jedine\u010dn\u00e1 formula d\u00edky patentovan\u00e9mu peptidu <strong>Metrixyl 3000<\/strong> pom\u00e1h\u00e1 zjemnit a zmatnit ple\u0165, poskytuj\u00edc dlouhotrvaj\u00edc\u00ed pocit jemn\u00e9 poko\u017eky pro pocit dokonal\u00e9 p\u00e9\u010de o ple\u0165.<\/li>\n<li><a href=\"https:\/\/zkeshop.sk\/cs\/produkt\/postbio-krem-pro-rovnovahu-citlive-pleti-50ml\/\"><strong>PostBIO<\/strong><\/a> &#8211; postbiotick\u00fd ple\u0165ov\u00fd kr\u00e9m na citlivou ple\u0165 n\u00e1chylnou k zarudnut\u00ed. Prople\u0165te se jemn\u00fdm dotykem s na\u0161\u00edm postbiotick\u00fdm kr\u00e9mem, navr\u017een\u00fdm speci\u00e1ln\u011b pro citlivou ple\u0165 se sklonem k zarudnut\u00ed. Na\u0161e vzdu\u0161n\u00e1 a hydrata\u010dn\u00ed slo\u017een\u00ed okam\u017eit\u011b uklid\u0148uje poko\u017eku, abyste z\u00edskali harmonizovan\u00fd a zdrav\u00fd vzhled.<\/li>\n<\/ol>\n<p>Dop\u0159ejte sv\u00e9 citliv\u00e9 pleti perfektn\u00ed p\u00e9\u010di d\u00edky na\u0161emu <strong>ZK BAL\u00cd\u010cKU DOKONAL\u00c9 P\u00c9\u010cE O CITLIVOU PLE\u0164<\/strong> &#8211; odvd\u011b\u010d\u00ed se v\u00e1m sv\u00fdm zdrav\u00fdm vzhledem.<\/p>\n","protected":false},"excerpt":{"rendered":"<p>Obnovte a zjemn\u011bte svou ple\u0165 v\u00fdhodn\u00fdm bal\u00ed\u010dkem dokonal\u00e9 p\u00e9\u010de o ple\u0165 od ZK obsahuj\u00edc\u00edm produkty pro okam\u017eit\u00fd pocit sv\u011b\u017eesti a jemnosti. Tento bal\u00ed\u010dek obsahuje v\u0161e, co pot\u0159ebujete pro dokonalou p\u00e9\u010di o citlivou ple\u0165.<\/p>\n","protected":false},"featured_media":11963,"comment_status":"open","ping_status":"closed","template":"","meta":[],"product_brand":[],"product_cat":[87],"product_tag":[153],"class_list":{"0":"post-12058","1":"product","2":"type-product","3":"status-publish","4":"has-post-thumbnail","6":"product_cat-pletova-kosmetika","7":"product_tag-akce50","9":"first","10":"outofstock","11":"sale","12":"taxable","13":"shipping-taxable","14":"purchasable","15":"product-type-simple"},"yoast_head":"<!-- This site is optimized with the Yoast SEO Premium plugin v27.3 (Yoast SEO v27.3) - https:\/\/yoast.com\/product\/yoast-seo-premium-wordpress\/ -->\n<title>Bal\u00ed\u010dek pro dokonalou p\u00e9\u010di o citlivou ple\u0165 ZK eshop<\/title>\n<meta name=\"description\" content=\"Bal\u00ed\u010dek pro dokonalou p\u00e9\u010di o ple\u0165 s aktivn\u00edm uklid\u0148uj\u00edc\u00edm tonikem, s\u00e9rem s okam\u017eit\u00fdm matuj\u00edc\u00edm a liftingov\u00fdm \u00fa\u010dinkem a kr\u00e9mem pro citlivou ple\u0165.\" \/>\n<meta name=\"robots\" content=\"index, follow, max-snippet:-1, max-image-preview:large, max-video-preview:-1\" \/>\n<link rel=\"canonical\" href=\"https:\/\/zkeshop.sk\/?post_type=product&p=11859\" \/>\n<meta property=\"og:locale\" content=\"cs_CZ\" \/>\n<meta property=\"og:type\" content=\"article\" \/>\n<meta property=\"og:title\" content=\"ZK bal\u00ed\u010dek dokonal\u00e9 p\u00e9\u010di o citlivou ple\u0165\" \/>\n<meta property=\"og:description\" content=\"Bal\u00ed\u010dek pro dokonalou p\u00e9\u010di o ple\u0165 s aktivn\u00edm uklid\u0148uj\u00edc\u00edm tonikem, s\u00e9rem s okam\u017eit\u00fdm matuj\u00edc\u00edm a liftingov\u00fdm \u00fa\u010dinkem a kr\u00e9mem pro citlivou ple\u0165.\" \/>\n<meta property=\"og:url\" content=\"https:\/\/zkeshop.sk\/?post_type=product&amp;p=11859\" \/>\n<meta property=\"og:site_name\" content=\"ZK company\" \/>\n<meta property=\"article:modified_time\" content=\"2025-01-02T12:51:29+00:00\" \/>\n<meta property=\"og:image\" content=\"https:\/\/zkeshop.sk\/wp-content\/uploads\/2023\/08\/akcia-1.webp\" \/>\n\t<meta property=\"og:image:width\" content=\"600\" \/>\n\t<meta property=\"og:image:height\" content=\"600\" \/>\n\t<meta property=\"og:image:type\" content=\"image\/webp\" \/>\n<meta name=\"twitter:card\" content=\"summary_large_image\" \/>\n<meta name=\"twitter:label1\" content=\"Cena\" \/>\n\t<meta name=\"twitter:data1\" content=\"65,00&nbsp;&euro;\" \/>\n\t<meta name=\"twitter:label2\" content=\"Dostupnost\" \/>\n\t<meta name=\"twitter:data2\" content=\"Vyprod\u00e1no\" \/>\n<script type=\"application\/ld+json\" class=\"yoast-schema-graph\">{\"@context\":\"https:\\\/\\\/schema.org\",\"@graph\":[{\"@type\":\"WebPage\",\"@id\":\"https:\\\/\\\/zkeshop.sk\\\/?post_type=product&p=11859\",\"url\":\"https:\\\/\\\/zkeshop.sk\\\/?post_type=product&p=11859\",\"name\":\"Bal\u00ed\u010dek pro dokonalou p\u00e9\u010di o citlivou ple\u0165 ZK eshop\",\"isPartOf\":{\"@id\":\"https:\\\/\\\/zkeshop.sk\\\/#website\"},\"primaryImageOfPage\":{\"@id\":\"https:\\\/\\\/zkeshop.sk\\\/?post_type=product&p=11859#primaryimage\"},\"image\":{\"@id\":\"https:\\\/\\\/zkeshop.sk\\\/?post_type=product&p=11859#primaryimage\"},\"thumbnailUrl\":\"https:\\\/\\\/zkeshop.sk\\\/wp-content\\\/uploads\\\/2023\\\/08\\\/akcia-1.webp\",\"datePublished\":\"2023-08-02T10:17:29+00:00\",\"dateModified\":\"2025-01-02T12:51:29+00:00\",\"description\":\"Bal\u00ed\u010dek pro dokonalou p\u00e9\u010di o ple\u0165 s aktivn\u00edm uklid\u0148uj\u00edc\u00edm tonikem, s\u00e9rem s okam\u017eit\u00fdm matuj\u00edc\u00edm a liftingov\u00fdm \u00fa\u010dinkem a kr\u00e9mem pro citlivou ple\u0165.\",\"breadcrumb\":{\"@id\":\"https:\\\/\\\/zkeshop.sk\\\/?post_type=product&p=11859#breadcrumb\"},\"inLanguage\":\"cs\",\"potentialAction\":[{\"@type\":\"ReadAction\",\"target\":[\"https:\\\/\\\/zkeshop.sk\\\/?post_type=product&p=11859\"]}]},{\"@type\":\"ImageObject\",\"inLanguage\":\"cs\",\"@id\":\"https:\\\/\\\/zkeshop.sk\\\/?post_type=product&p=11859#primaryimage\",\"url\":\"https:\\\/\\\/zkeshop.sk\\\/wp-content\\\/uploads\\\/2023\\\/08\\\/akcia-1.webp\",\"contentUrl\":\"https:\\\/\\\/zkeshop.sk\\\/wp-content\\\/uploads\\\/2023\\\/08\\\/akcia-1.webp\",\"width\":600,\"height\":600},{\"@type\":\"BreadcrumbList\",\"@id\":\"https:\\\/\\\/zkeshop.sk\\\/?post_type=product&p=11859#breadcrumb\",\"itemListElement\":[{\"@type\":\"ListItem\",\"position\":1,\"name\":\"Dom\u016f\",\"item\":\"https:\\\/\\\/zkeshop.sk\\\/\"},{\"@type\":\"ListItem\",\"position\":2,\"name\":\"Obchod\",\"item\":\"https:\\\/\\\/zkeshop.sk\\\/obchod\\\/\"},{\"@type\":\"ListItem\",\"position\":3,\"name\":\"S\u00fakromn\u00e9: ZK bal\u00ed\u010dek dokonal\u00e9 p\u00e9\u010di o citlivou ple\u0165\"}]},{\"@type\":\"WebSite\",\"@id\":\"https:\\\/\\\/zkeshop.sk\\\/#website\",\"url\":\"https:\\\/\\\/zkeshop.sk\\\/\",\"name\":\"ZK company\",\"description\":\"Kvalitn\u00e1 kozmetika pre ka\u017edodenn\u00e9 pou\u017eitie\",\"potentialAction\":[{\"@type\":\"SearchAction\",\"target\":{\"@type\":\"EntryPoint\",\"urlTemplate\":\"https:\\\/\\\/zkeshop.sk\\\/?s={search_term_string}\"},\"query-input\":{\"@type\":\"PropertyValueSpecification\",\"valueRequired\":true,\"valueName\":\"search_term_string\"}}],\"inLanguage\":\"cs\"}]}<\/script>\n<meta property=\"product:price:amount\" content=\"65.00\" \/>\n<meta property=\"product:price:currency\" content=\"EUR\" \/>\n<meta property=\"og:availability\" content=\"out of stock\" \/>\n<meta property=\"product:availability\" content=\"out of stock\" \/>\n<meta property=\"product:condition\" content=\"new\" \/>\n<!-- \/ Yoast SEO Premium plugin. -->","yoast_head_json":{"title":"Bal\u00ed\u010dek pro dokonalou p\u00e9\u010di o citlivou ple\u0165 ZK eshop","description":"Bal\u00ed\u010dek pro dokonalou p\u00e9\u010di o ple\u0165 s aktivn\u00edm uklid\u0148uj\u00edc\u00edm tonikem, s\u00e9rem s okam\u017eit\u00fdm matuj\u00edc\u00edm a liftingov\u00fdm \u00fa\u010dinkem a kr\u00e9mem pro citlivou ple\u0165.","robots":{"index":"index","follow":"follow","max-snippet":"max-snippet:-1","max-image-preview":"max-image-preview:large","max-video-preview":"max-video-preview:-1"},"canonical":"https:\/\/zkeshop.sk\/?post_type=product&p=11859","og_locale":"cs_CZ","og_type":"article","og_title":"ZK bal\u00ed\u010dek dokonal\u00e9 p\u00e9\u010di o citlivou ple\u0165","og_description":"Bal\u00ed\u010dek pro dokonalou p\u00e9\u010di o ple\u0165 s aktivn\u00edm uklid\u0148uj\u00edc\u00edm tonikem, s\u00e9rem s okam\u017eit\u00fdm matuj\u00edc\u00edm a liftingov\u00fdm \u00fa\u010dinkem a kr\u00e9mem pro citlivou ple\u0165.","og_url":"https:\/\/zkeshop.sk\/?post_type=product&p=11859","og_site_name":"ZK company","article_modified_time":"2025-01-02T12:51:29+00:00","og_image":[{"width":600,"height":600,"url":"https:\/\/zkeshop.sk\/wp-content\/uploads\/2023\/08\/akcia-1.webp","type":"image\/webp"}],"twitter_card":"summary_large_image","twitter_misc":{"Cena":"65,00&nbsp;&euro;","Dostupnost":"Vyprod\u00e1no"},"schema":{"@context":"https:\/\/schema.org","@graph":[{"@type":"WebPage","@id":"https:\/\/zkeshop.sk\/?post_type=product&p=11859","url":"https:\/\/zkeshop.sk\/?post_type=product&p=11859","name":"Bal\u00ed\u010dek pro dokonalou p\u00e9\u010di o citlivou ple\u0165 ZK eshop","isPartOf":{"@id":"https:\/\/zkeshop.sk\/#website"},"primaryImageOfPage":{"@id":"https:\/\/zkeshop.sk\/?post_type=product&p=11859#primaryimage"},"image":{"@id":"https:\/\/zkeshop.sk\/?post_type=product&p=11859#primaryimage"},"thumbnailUrl":"https:\/\/zkeshop.sk\/wp-content\/uploads\/2023\/08\/akcia-1.webp","datePublished":"2023-08-02T10:17:29+00:00","dateModified":"2025-01-02T12:51:29+00:00","description":"Bal\u00ed\u010dek pro dokonalou p\u00e9\u010di o ple\u0165 s aktivn\u00edm uklid\u0148uj\u00edc\u00edm tonikem, s\u00e9rem s okam\u017eit\u00fdm matuj\u00edc\u00edm a liftingov\u00fdm \u00fa\u010dinkem a kr\u00e9mem pro citlivou ple\u0165.","breadcrumb":{"@id":"https:\/\/zkeshop.sk\/?post_type=product&p=11859#breadcrumb"},"inLanguage":"cs","potentialAction":[{"@type":"ReadAction","target":["https:\/\/zkeshop.sk\/?post_type=product&p=11859"]}]},{"@type":"ImageObject","inLanguage":"cs","@id":"https:\/\/zkeshop.sk\/?post_type=product&p=11859#primaryimage","url":"https:\/\/zkeshop.sk\/wp-content\/uploads\/2023\/08\/akcia-1.webp","contentUrl":"https:\/\/zkeshop.sk\/wp-content\/uploads\/2023\/08\/akcia-1.webp","width":600,"height":600},{"@type":"BreadcrumbList","@id":"https:\/\/zkeshop.sk\/?post_type=product&p=11859#breadcrumb","itemListElement":[{"@type":"ListItem","position":1,"name":"Dom\u016f","item":"https:\/\/zkeshop.sk\/"},{"@type":"ListItem","position":2,"name":"Obchod","item":"https:\/\/zkeshop.sk\/obchod\/"},{"@type":"ListItem","position":3,"name":"S\u00fakromn\u00e9: ZK bal\u00ed\u010dek dokonal\u00e9 p\u00e9\u010di o citlivou ple\u0165"}]},{"@type":"WebSite","@id":"https:\/\/zkeshop.sk\/#website","url":"https:\/\/zkeshop.sk\/","name":"ZK company","description":"Kvalitn\u00e1 kozmetika pre ka\u017edodenn\u00e9 pou\u017eitie","potentialAction":[{"@type":"SearchAction","target":{"@type":"EntryPoint","urlTemplate":"https:\/\/zkeshop.sk\/?s={search_term_string}"},"query-input":{"@type":"PropertyValueSpecification","valueRequired":true,"valueName":"search_term_string"}}],"inLanguage":"cs"}]},"product_price_amount":"65.00","product_price_currency":"EUR","og_availability":"out of stock","product_availability":"out of stock","product_condition":"new"},"_links":{"self":[{"href":"https:\/\/zkeshop.sk\/cs\/wp-json\/wp\/v2\/product\/12058","targetHints":{"allow":["GET"]}}],"collection":[{"href":"https:\/\/zkeshop.sk\/cs\/wp-json\/wp\/v2\/product"}],"about":[{"href":"https:\/\/zkeshop.sk\/cs\/wp-json\/wp\/v2\/types\/product"}],"replies":[{"embeddable":true,"href":"https:\/\/zkeshop.sk\/cs\/wp-json\/wp\/v2\/comments?post=12058"}],"version-history":[{"count":1,"href":"https:\/\/zkeshop.sk\/cs\/wp-json\/wp\/v2\/product\/12058\/revisions"}],"predecessor-version":[{"id":12062,"href":"https:\/\/zkeshop.sk\/cs\/wp-json\/wp\/v2\/product\/12058\/revisions\/12062"}],"wp:featuredmedia":[{"embeddable":true,"href":"https:\/\/zkeshop.sk\/cs\/wp-json\/wp\/v2\/media\/11963"}],"wp:attachment":[{"href":"https:\/\/zkeshop.sk\/cs\/wp-json\/wp\/v2\/media?parent=12058"}],"wp:term":[{"taxonomy":"product_brand","embeddable":true,"href":"https:\/\/zkeshop.sk\/cs\/wp-json\/wp\/v2\/product_brand?post=12058"},{"taxonomy":"product_cat","embeddable":true,"href":"https:\/\/zkeshop.sk\/cs\/wp-json\/wp\/v2\/product_cat?post=12058"},{"taxonomy":"product_tag","embeddable":true,"href":"https:\/\/zkeshop.sk\/cs\/wp-json\/wp\/v2\/product_tag?post=12058"}],"curies":[{"name":"wp","href":"https:\/\/api.w.org\/{rel}","templated":true}]}}