{"id":13015,"date":"2024-06-22T12:58:40","date_gmt":"2024-06-22T10:58:40","guid":{"rendered":"https:\/\/zkeshop.sk\/produkt\/ostropestrec-mariansky-100-plod\/"},"modified":"2026-02-01T16:24:30","modified_gmt":"2026-02-01T15:24:30","slug":"ostropestrec-mariansky","status":"publish","type":"product","link":"https:\/\/zkeshop.sk\/cs\/produkt\/ostropestrec-mariansky\/","title":{"rendered":"Ostropestrec mariansky 100% plod"},"content":{"rendered":"<h2 data-start=\"0\" data-end=\"363\"><strong data-start=\"3\" data-end=\"65\">Ostropestrec mari\u00e1nsky \u2013 Pr\u00edrodn\u00e1 podpora pre zdrav\u00fa pe\u010de\u0148<\/strong><\/h2>\n<p data-start=\"0\" data-end=\"363\">Doprajte svojmu telu silu pr\u00edrody s vysoko kvalitn\u00fdm Ostropestrecom mari\u00e1nskym. T\u00e1to \u0161peci\u00e1lne \u0161\u013eachten\u00e1 odroda s vysok\u00fdm obsahom silymar\u00ednu prispieva k spr\u00e1vnemu fungovaniu pe\u010dene a podporuje jej prirodzen\u00e9 \u010distenie. Granulovan\u00e1 forma zabezpe\u010duje r\u00fdchle a efekt\u00edvne vstreb\u00e1vanie \u00fa\u010dinn\u00fdch l\u00e1tok.<\/p>\n<p data-start=\"0\" data-end=\"363\">Viac o d\u00f4le\u017eitosti detoxik\u00e1cie organizmu a jej pr\u00ednosoch sa dozviete v na\u0161om \u010dl\u00e1nku <a class=\"\" href=\"https:\/\/zkeshop.sk\/detoxikacia-organizmu\/\" target=\"_new\" rel=\"noopener\" data-start=\"174\" data-end=\"265\">Detoxik\u00e1cia organizmu \u2013 pre\u010do je tak\u00e1 d\u00f4le\u017eit\u00e1<\/a>.<\/p>\n<h3 data-start=\"365\" data-end=\"502\"><strong data-start=\"365\" data-end=\"413\">Pre\u010do zaradi\u0165 Ostropestrec do dennej rutiny?<\/strong><\/h3>\n<p data-start=\"365\" data-end=\"502\">Zistite viac v na\u0161om blogovom \u010dl\u00e1nku: <em data-start=\"454\" data-end=\"502\">Ako Ostropestrec podporuje detoxik\u00e1ciu pe\u010dene?<\/em><\/p>\n<h3>Hlavn\u00e9 v\u00fdhody Ostropestreca mari\u00e1nskeho<\/h3>\n<ul>\n<li data-start=\"557\" data-end=\"619\"><strong data-start=\"557\" data-end=\"584\">Vysok\u00fd obsah silymar\u00ednu<\/strong> \u2013 k\u013e\u00fa\u010dov\u00fd pre detoxik\u00e1ciu pe\u010dene<\/li>\n<li data-start=\"557\" data-end=\"619\"><strong data-start=\"622\" data-end=\"649\">100 % pr\u00edrodn\u00e9 zlo\u017eenie<\/strong> \u2013 bez konzerva\u010dn\u00fdch l\u00e1tok, farb\u00edv a alerg\u00e9nov<\/li>\n<li data-start=\"557\" data-end=\"619\"><strong data-start=\"700\" data-end=\"763\">Obsahuje omega-6 mastn\u00e9 kyseliny, fytosteroly a fosfolipidy<\/strong><\/li>\n<li data-start=\"557\" data-end=\"619\"><strong data-start=\"768\" data-end=\"803\">Nulov\u00e1 koncentr\u00e1cia mykotox\u00ednov<\/strong> \u2013 bezpe\u010dnos\u0165 a kvalita na prvom mieste<\/li>\n<li data-start=\"557\" data-end=\"619\"><strong data-start=\"847\" data-end=\"870\">Jednoduch\u00e9 pou\u017eitie<\/strong> \u2013 pridajte do jogurtu, ka\u0161e, cesta alebo u\u017eite samostatne<\/li>\n<\/ul>\n<h3 data-start=\"935\" data-end=\"953\">Ako u\u017e\u00edva\u0165?<\/h3>\n<p data-start=\"954\" data-end=\"1251\">Odpor\u00fa\u010dan\u00e1 denn\u00e1 d\u00e1vka: <strong data-start=\"978\" data-end=\"1005\">7 g granulovan\u00e9ho plodu<\/strong> (cca 3 ml v prilo\u017eenej odmerke alebo mal\u00e1 k\u00e1vov\u00e1 ly\u017ei\u010dka), \u010do zodpoved\u00e1 cca <strong data-start=\"1082\" data-end=\"1102\">60 mg silymar\u00ednu<\/strong>.<br data-start=\"1103\" data-end=\"1106\" \/>D\u00e1vku je mo\u017en\u00e9 rozdeli\u0165 na dve \u010dasti po\u010das d\u0148a.<br data-start=\"1153\" data-end=\"1156\" \/>M\u00f4\u017eete konzumova\u0165 samostatne alebo prida\u0165 do ob\u013e\u00faben\u00e9ho jedla \u2013 jogurtu, m\u00fcsli, ka\u0161e \u010di pe\u010diva.<\/p>\n<p data-start=\"954\" data-end=\"1251\"><strong data-start=\"1034\" data-end=\"1046\">Balenie:<\/strong> 150 g granulovan\u00e9ho plodu Ostropestreca mari\u00e1nskeho<\/p>\n<h4 data-start=\"1338\" data-end=\"1358\">Upozornenie<\/h4>\n<p>Ustanoven\u00e1 odpor\u00fa\u010dan\u00e1 denn\u00e1 d\u00e1vka sa nesmie presiahnu\u0165! V\u00fd\u017eivov\u00fd doplnok sa nesmie pou\u017e\u00edva\u0165 ako n\u00e1hrada pestrej a rozmanitej stravy! Nevhodn\u00e9 pre deti, tehotn\u00e9 a doj\u010diace \u017eeny. V\u00fd\u017eivov\u00fd doplnok sa odpor\u00fa\u010da skladova\u0165 mimo dosahu mal\u00fdch det\u00ed. Skladujte na suchom mieste, pri teplote do 25 \u00b0C<\/p>\n<p data-start=\"1591\" data-end=\"1674\"><strong data-start=\"1594\" data-end=\"1674\" data-is-last-node=\"\">Podporte zdravie svojej pe\u010dene pr\u00edrodnou cestou s Ostropestrecom mari\u00e1nskym.<\/strong><\/p>\n<p data-start=\"1591\" data-end=\"1674\">V\u00fdrobca: EDENPharma s.r.o., M.Galandu 10, 036 01 Martin<\/p>\n","protected":false},"excerpt":{"rendered":"<p>Granulovan\u00e1 forma ostropestreca mari\u00e1nskeho zabezpe\u010duje r\u00fdchlu vstrebate\u013enos\u0165 \u00fa\u010dinn\u00fdch l\u00e1tok. Ide o \u0161peci\u00e1lne \u0161\u013eachten\u00fa odrodu s vysok\u00fdm obsahom silymar\u00ednu, bez mykotox\u00ednov. Obsahuje cenn\u00e9 omega-6 mastn\u00e9 kyseliny, fytosteroly a fosfolipidy, ktor\u00e9 podporuj\u00fa prirodzen\u00fa detoxik\u00e1ciu organizmu.<\/p>\n","protected":false},"featured_media":12930,"comment_status":"open","ping_status":"closed","template":"","meta":[],"product_brand":[],"product_cat":[89,122,220],"product_tag":[],"class_list":{"0":"post-13015","1":"product","2":"type-product","3":"status-publish","4":"has-post-thumbnail","6":"product_cat-doplnky-stravy","7":"product_cat-doplnky-stravy-pro-dospele","8":"product_cat-travenie-cs","10":"first","11":"instock","12":"taxable","13":"shipping-taxable","14":"purchasable","15":"product-type-simple"},"yoast_head":"<!-- This site is optimized with the Yoast SEO Premium plugin v27.3 (Yoast SEO v27.3) - https:\/\/yoast.com\/product\/yoast-seo-premium-wordpress\/ -->\n<title>Ostropestrec mariansky 100% plod<\/title>\n<meta name=\"description\" content=\"Ostropestrec mari\u00e1nsky pr\u00edrodn\u00e1 podpora pre zdravie pe\u010dene. Obsahuje vysok\u00fd podiel silymar\u00ednu, podporuje detoxik\u00e1ciu a regener\u00e1ciu pe\u010dene.\" \/>\n<meta name=\"robots\" content=\"index, follow, max-snippet:-1, max-image-preview:large, max-video-preview:-1\" \/>\n<link rel=\"canonical\" href=\"https:\/\/zkeshop.sk\/cs\/produkt\/ostropestrec-mariansky\/\" \/>\n<meta property=\"og:locale\" content=\"cs_CZ\" \/>\n<meta property=\"og:type\" content=\"article\" \/>\n<meta property=\"og:title\" content=\"Ostropestrec mariansky 100% plod\" \/>\n<meta property=\"og:description\" content=\"Ostropestrec mari\u00e1nsky pr\u00edrodn\u00e1 podpora pre zdravie pe\u010dene. Obsahuje vysok\u00fd podiel silymar\u00ednu, podporuje detoxik\u00e1ciu a regener\u00e1ciu pe\u010dene.\" \/>\n<meta property=\"og:url\" content=\"https:\/\/zkeshop.sk\/cs\/produkt\/ostropestrec-mariansky\/\" \/>\n<meta property=\"og:site_name\" content=\"ZK company\" \/>\n<meta property=\"article:modified_time\" content=\"2026-02-01T15:24:30+00:00\" \/>\n<meta property=\"og:image\" content=\"https:\/\/zkeshop.sk\/wp-content\/uploads\/2024\/06\/Ostropestrec-150-g-SK.jpg\" \/>\n\t<meta property=\"og:image:width\" content=\"1080\" \/>\n\t<meta property=\"og:image:height\" content=\"1080\" \/>\n\t<meta property=\"og:image:type\" content=\"image\/jpeg\" \/>\n<meta name=\"twitter:card\" content=\"summary_large_image\" \/>\n<meta name=\"twitter:label1\" content=\"Cena\" \/>\n\t<meta name=\"twitter:data1\" content=\"10,00&nbsp;&euro;\" \/>\n\t<meta name=\"twitter:label2\" content=\"Dostupnost\" \/>\n\t<meta name=\"twitter:data2\" content=\"Skladem\" \/>\n<script type=\"application\/ld+json\" class=\"yoast-schema-graph\">{\"@context\":\"https:\\\/\\\/schema.org\",\"@graph\":[{\"@type\":\"WebPage\",\"@id\":\"https:\\\/\\\/zkeshop.sk\\\/cs\\\/produkt\\\/ostropestrec-mariansky\\\/\",\"url\":\"https:\\\/\\\/zkeshop.sk\\\/cs\\\/produkt\\\/ostropestrec-mariansky\\\/\",\"name\":\"Ostropestrec mariansky 100% plod\",\"isPartOf\":{\"@id\":\"https:\\\/\\\/zkeshop.sk\\\/#website\"},\"primaryImageOfPage\":{\"@id\":\"https:\\\/\\\/zkeshop.sk\\\/cs\\\/produkt\\\/ostropestrec-mariansky\\\/#primaryimage\"},\"image\":{\"@id\":\"https:\\\/\\\/zkeshop.sk\\\/cs\\\/produkt\\\/ostropestrec-mariansky\\\/#primaryimage\"},\"thumbnailUrl\":\"https:\\\/\\\/zkeshop.sk\\\/wp-content\\\/uploads\\\/2024\\\/06\\\/Ostropestrec-150-g-SK.jpg\",\"datePublished\":\"2024-06-22T10:58:40+00:00\",\"dateModified\":\"2026-02-01T15:24:30+00:00\",\"description\":\"Ostropestrec mari\u00e1nsky pr\u00edrodn\u00e1 podpora pre zdravie pe\u010dene. Obsahuje vysok\u00fd podiel silymar\u00ednu, podporuje detoxik\u00e1ciu a regener\u00e1ciu pe\u010dene.\",\"breadcrumb\":{\"@id\":\"https:\\\/\\\/zkeshop.sk\\\/cs\\\/produkt\\\/ostropestrec-mariansky\\\/#breadcrumb\"},\"inLanguage\":\"cs\",\"potentialAction\":[{\"@type\":\"ReadAction\",\"target\":[\"https:\\\/\\\/zkeshop.sk\\\/cs\\\/produkt\\\/ostropestrec-mariansky\\\/\"]}]},{\"@type\":\"ImageObject\",\"inLanguage\":\"cs\",\"@id\":\"https:\\\/\\\/zkeshop.sk\\\/cs\\\/produkt\\\/ostropestrec-mariansky\\\/#primaryimage\",\"url\":\"https:\\\/\\\/zkeshop.sk\\\/wp-content\\\/uploads\\\/2024\\\/06\\\/Ostropestrec-150-g-SK.jpg\",\"contentUrl\":\"https:\\\/\\\/zkeshop.sk\\\/wp-content\\\/uploads\\\/2024\\\/06\\\/Ostropestrec-150-g-SK.jpg\",\"width\":1080,\"height\":1080,\"caption\":\"Pestrec mari\u00e1nsky pr\u00edrodn\u00e1 podpora pre zdravie pe\u010dene. Obsahuje vysok\u00fd podiel silymar\u00ednu, podporuje detoxik\u00e1ciu a regener\u00e1ciu pe\u010dene.\"},{\"@type\":\"BreadcrumbList\",\"@id\":\"https:\\\/\\\/zkeshop.sk\\\/cs\\\/produkt\\\/ostropestrec-mariansky\\\/#breadcrumb\",\"itemListElement\":[{\"@type\":\"ListItem\",\"position\":1,\"name\":\"Dom\u016f\",\"item\":\"https:\\\/\\\/zkeshop.sk\\\/\"},{\"@type\":\"ListItem\",\"position\":2,\"name\":\"Obchod\",\"item\":\"https:\\\/\\\/zkeshop.sk\\\/obchod\\\/\"},{\"@type\":\"ListItem\",\"position\":3,\"name\":\"Ostropestrec mariansky 100% plod\"}]},{\"@type\":\"WebSite\",\"@id\":\"https:\\\/\\\/zkeshop.sk\\\/#website\",\"url\":\"https:\\\/\\\/zkeshop.sk\\\/\",\"name\":\"ZK company\",\"description\":\"Kvalitn\u00e1 kozmetika pre ka\u017edodenn\u00e9 pou\u017eitie\",\"potentialAction\":[{\"@type\":\"SearchAction\",\"target\":{\"@type\":\"EntryPoint\",\"urlTemplate\":\"https:\\\/\\\/zkeshop.sk\\\/?s={search_term_string}\"},\"query-input\":{\"@type\":\"PropertyValueSpecification\",\"valueRequired\":true,\"valueName\":\"search_term_string\"}}],\"inLanguage\":\"cs\"}]}<\/script>\n<meta property=\"product:price:amount\" content=\"10.00\" \/>\n<meta property=\"product:price:currency\" content=\"EUR\" \/>\n<meta property=\"og:availability\" content=\"instock\" \/>\n<meta property=\"product:availability\" content=\"instock\" \/>\n<meta property=\"product:condition\" content=\"new\" \/>\n<!-- \/ Yoast SEO Premium plugin. -->","yoast_head_json":{"title":"Ostropestrec mariansky 100% plod","description":"Ostropestrec mari\u00e1nsky pr\u00edrodn\u00e1 podpora pre zdravie pe\u010dene. Obsahuje vysok\u00fd podiel silymar\u00ednu, podporuje detoxik\u00e1ciu a regener\u00e1ciu pe\u010dene.","robots":{"index":"index","follow":"follow","max-snippet":"max-snippet:-1","max-image-preview":"max-image-preview:large","max-video-preview":"max-video-preview:-1"},"canonical":"https:\/\/zkeshop.sk\/cs\/produkt\/ostropestrec-mariansky\/","og_locale":"cs_CZ","og_type":"article","og_title":"Ostropestrec mariansky 100% plod","og_description":"Ostropestrec mari\u00e1nsky pr\u00edrodn\u00e1 podpora pre zdravie pe\u010dene. Obsahuje vysok\u00fd podiel silymar\u00ednu, podporuje detoxik\u00e1ciu a regener\u00e1ciu pe\u010dene.","og_url":"https:\/\/zkeshop.sk\/cs\/produkt\/ostropestrec-mariansky\/","og_site_name":"ZK company","article_modified_time":"2026-02-01T15:24:30+00:00","og_image":[{"width":1080,"height":1080,"url":"https:\/\/zkeshop.sk\/wp-content\/uploads\/2024\/06\/Ostropestrec-150-g-SK.jpg","type":"image\/jpeg"}],"twitter_card":"summary_large_image","twitter_misc":{"Cena":"10,00&nbsp;&euro;","Dostupnost":"Skladem"},"schema":{"@context":"https:\/\/schema.org","@graph":[{"@type":"WebPage","@id":"https:\/\/zkeshop.sk\/cs\/produkt\/ostropestrec-mariansky\/","url":"https:\/\/zkeshop.sk\/cs\/produkt\/ostropestrec-mariansky\/","name":"Ostropestrec mariansky 100% plod","isPartOf":{"@id":"https:\/\/zkeshop.sk\/#website"},"primaryImageOfPage":{"@id":"https:\/\/zkeshop.sk\/cs\/produkt\/ostropestrec-mariansky\/#primaryimage"},"image":{"@id":"https:\/\/zkeshop.sk\/cs\/produkt\/ostropestrec-mariansky\/#primaryimage"},"thumbnailUrl":"https:\/\/zkeshop.sk\/wp-content\/uploads\/2024\/06\/Ostropestrec-150-g-SK.jpg","datePublished":"2024-06-22T10:58:40+00:00","dateModified":"2026-02-01T15:24:30+00:00","description":"Ostropestrec mari\u00e1nsky pr\u00edrodn\u00e1 podpora pre zdravie pe\u010dene. Obsahuje vysok\u00fd podiel silymar\u00ednu, podporuje detoxik\u00e1ciu a regener\u00e1ciu pe\u010dene.","breadcrumb":{"@id":"https:\/\/zkeshop.sk\/cs\/produkt\/ostropestrec-mariansky\/#breadcrumb"},"inLanguage":"cs","potentialAction":[{"@type":"ReadAction","target":["https:\/\/zkeshop.sk\/cs\/produkt\/ostropestrec-mariansky\/"]}]},{"@type":"ImageObject","inLanguage":"cs","@id":"https:\/\/zkeshop.sk\/cs\/produkt\/ostropestrec-mariansky\/#primaryimage","url":"https:\/\/zkeshop.sk\/wp-content\/uploads\/2024\/06\/Ostropestrec-150-g-SK.jpg","contentUrl":"https:\/\/zkeshop.sk\/wp-content\/uploads\/2024\/06\/Ostropestrec-150-g-SK.jpg","width":1080,"height":1080,"caption":"Pestrec mari\u00e1nsky pr\u00edrodn\u00e1 podpora pre zdravie pe\u010dene. Obsahuje vysok\u00fd podiel silymar\u00ednu, podporuje detoxik\u00e1ciu a regener\u00e1ciu pe\u010dene."},{"@type":"BreadcrumbList","@id":"https:\/\/zkeshop.sk\/cs\/produkt\/ostropestrec-mariansky\/#breadcrumb","itemListElement":[{"@type":"ListItem","position":1,"name":"Dom\u016f","item":"https:\/\/zkeshop.sk\/"},{"@type":"ListItem","position":2,"name":"Obchod","item":"https:\/\/zkeshop.sk\/obchod\/"},{"@type":"ListItem","position":3,"name":"Ostropestrec mariansky 100% plod"}]},{"@type":"WebSite","@id":"https:\/\/zkeshop.sk\/#website","url":"https:\/\/zkeshop.sk\/","name":"ZK company","description":"Kvalitn\u00e1 kozmetika pre ka\u017edodenn\u00e9 pou\u017eitie","potentialAction":[{"@type":"SearchAction","target":{"@type":"EntryPoint","urlTemplate":"https:\/\/zkeshop.sk\/?s={search_term_string}"},"query-input":{"@type":"PropertyValueSpecification","valueRequired":true,"valueName":"search_term_string"}}],"inLanguage":"cs"}]},"product_price_amount":"10.00","product_price_currency":"EUR","og_availability":"instock","product_availability":"instock","product_condition":"new"},"_links":{"self":[{"href":"https:\/\/zkeshop.sk\/cs\/wp-json\/wp\/v2\/product\/13015","targetHints":{"allow":["GET"]}}],"collection":[{"href":"https:\/\/zkeshop.sk\/cs\/wp-json\/wp\/v2\/product"}],"about":[{"href":"https:\/\/zkeshop.sk\/cs\/wp-json\/wp\/v2\/types\/product"}],"replies":[{"embeddable":true,"href":"https:\/\/zkeshop.sk\/cs\/wp-json\/wp\/v2\/comments?post=13015"}],"version-history":[{"count":1,"href":"https:\/\/zkeshop.sk\/cs\/wp-json\/wp\/v2\/product\/13015\/revisions"}],"predecessor-version":[{"id":17596,"href":"https:\/\/zkeshop.sk\/cs\/wp-json\/wp\/v2\/product\/13015\/revisions\/17596"}],"wp:featuredmedia":[{"embeddable":true,"href":"https:\/\/zkeshop.sk\/cs\/wp-json\/wp\/v2\/media\/12930"}],"wp:attachment":[{"href":"https:\/\/zkeshop.sk\/cs\/wp-json\/wp\/v2\/media?parent=13015"}],"wp:term":[{"taxonomy":"product_brand","embeddable":true,"href":"https:\/\/zkeshop.sk\/cs\/wp-json\/wp\/v2\/product_brand?post=13015"},{"taxonomy":"product_cat","embeddable":true,"href":"https:\/\/zkeshop.sk\/cs\/wp-json\/wp\/v2\/product_cat?post=13015"},{"taxonomy":"product_tag","embeddable":true,"href":"https:\/\/zkeshop.sk\/cs\/wp-json\/wp\/v2\/product_tag?post=13015"}],"curies":[{"name":"wp","href":"https:\/\/api.w.org\/{rel}","templated":true}]}}