{"id":14863,"date":"2024-06-22T12:19:30","date_gmt":"2024-06-22T10:19:30","guid":{"rendered":"https:\/\/zkeshop.sk\/produkt\/bulharsky-tribulus\/"},"modified":"2025-08-18T19:35:26","modified_gmt":"2025-08-18T17:35:26","slug":"bulharsky-tribulus","status":"publish","type":"product","link":"https:\/\/zkeshop.sk\/cs\/produkt\/bulharsky-tribulus\/","title":{"rendered":"Bulharsk\u00fd Tribulus"},"content":{"rendered":"<p>Bulharsk\u00fd Tribulus je pova\u017eov\u00e1n za nejsiln\u011bj\u0161\u00ed produkt na b\u00e1zi tribulusu na trhu. Toto prvenstv\u00ed je d\u00e1no a\u017e 60% obsahem protodioscinu, kter\u00fd je nejsiln\u011bj\u0161\u00edm ze saponin\u016f v Tribulu a pom\u00e1h\u00e1 p\u016fsobit na zv\u00fd\u0161en\u00ed testosteronu i libida. <\/p>\n<p><strong>Slo\u017een\u00ed 1 kapsle<\/strong>: bulharsk\u00fd extrakt Tribulus Terrestris \/Ground Anemone\/ standardizovan\u00fd na 60 % protodioscinu 220 mg, objemov\u00e9 \u010dinidlo &#8211; mikrokrystalick\u00e1 celul\u00f3za, emulg\u00e1tor &#8211; stear\u00e1t z v\u0159esu \/rostlinn\u00fd\/, obalov\u00e9 \u010dinidlo &#8211; \u017eelatina.<\/p>\n<p><strong>D\u00e1vkov\u00e1n\u00ed:<\/strong> 1 &#8211; 2 tobolky 3x denn\u011b po j\u00eddle a zap\u00edt dostate\u010dn\u00fdm mno\u017estv\u00edm tekutin.<\/p>\n<p><strong>Balen\u00ed: 90 kapsl\u00ed<\/strong><\/p>\n<p>Minim\u00e1ln\u00ed trvanlivost: viz obal. Nen\u00ed ur\u010deno pro d\u011bti do 18 let, t\u011bhotn\u00e9 a koj\u00edc\u00ed \u017eeny.<\/p>\n<p>Dopln\u011bk stravy se nesm\u00ed pou\u017e\u00edvat jako n\u00e1hrada pestr\u00e9 stravy.<\/p>\n<p>Skladujte na such\u00e9m m\u00edst\u011b p\u0159i teplot\u011b do 25 \u00b0C, uchov\u00e1vejte mimo dosah mal\u00fdch d\u011bt\u00ed.<\/p>\n<p>Stanoven\u00e1 doporu\u010den\u00e1 denn\u00ed d\u00e1vka nesm\u00ed b\u00fdt p\u0159ekro\u010dena.<\/p>\n<p>Po 6-8 t\u00fddnech u\u017e\u00edv\u00e1n\u00ed se doporu\u010duje za\u0159adit 1-2t\u00fddenn\u00ed p\u0159est\u00e1vku.<\/p>\n","protected":false},"excerpt":{"rendered":"<h4><span style=\"color: #ff0000;\"><strong>3+1 VOLN\u00c1 AKCE. Vlo\u017ete do ko\u0161\u00edku 3 produkty a \u010dtvrt\u00fd automaticky z\u00edsk\u00e1te ZDARMA. <\/strong><\/span><\/h4>\n<p>Pro v\u00fdrobu extraktu se pou\u017e\u00edv\u00e1 divoce rostouc\u00ed Tribulus terrestris sklizen\u00fd v Bulharsku. Z\u00edskan\u00fd extrakt je standardizov\u00e1n na 60 % protodioscinu. Bulharsk\u00fd Tribulus je nav\u00edc standardizov\u00e1n na 10 % t\u0159\u00edslovin a 10 % flavonoid\u016f, co\u017e zaji\u0161\u0165uje pln\u00e9 spektrum p\u0159\u00ednos\u016f, kter\u00e9 tato bylina nab\u00edz\u00ed.  <\/p>\n","protected":false},"featured_media":12917,"comment_status":"open","ping_status":"closed","template":"","meta":[],"product_brand":[],"product_cat":[89,122],"product_tag":[],"class_list":{"0":"post-14863","1":"product","2":"type-product","3":"status-publish","4":"has-post-thumbnail","6":"product_cat-doplnky-stravy","7":"product_cat-doplnky-stravy-pro-dospele","9":"first","10":"instock","11":"sale","12":"taxable","13":"shipping-taxable","14":"purchasable","15":"product-type-simple"},"yoast_head":"<!-- This site is optimized with the Yoast SEO Premium plugin v27.3 (Yoast SEO v27.3) - https:\/\/yoast.com\/product\/yoast-seo-premium-wordpress\/ -->\n<title>Bulharsk\u00fd Tribulus - ZK company<\/title>\n<meta name=\"robots\" content=\"index, follow, max-snippet:-1, max-image-preview:large, max-video-preview:-1\" \/>\n<link rel=\"canonical\" href=\"https:\/\/zkeshop.sk\/produkt\/12915\/\" \/>\n<meta property=\"og:locale\" content=\"cs_CZ\" \/>\n<meta property=\"og:type\" content=\"article\" \/>\n<meta property=\"og:title\" content=\"Bulharsk\u00fd Tribulus\" \/>\n<meta property=\"og:description\" content=\"3+1 VOLN\u00c1 AKCE. Vlo\u017ete do ko\u0161\u00edku 3 produkty a \u010dtvrt\u00fd automaticky z\u00edsk\u00e1te ZDARMA. Pro v\u00fdrobu extraktu se pou\u017e\u00edv\u00e1 divoce rostouc\u00ed Tribulus terrestris sklizen\u00fd v Bulharsku. Z\u00edskan\u00fd extrakt je standardizov\u00e1n na 60 % protodioscinu. Bulharsk\u00fd Tribulus je nav\u00edc standardizov\u00e1n na 10 % t\u0159\u00edslovin a 10 % flavonoid\u016f, co\u017e zaji\u0161\u0165uje pln\u00e9 spektrum p\u0159\u00ednos\u016f, kter\u00e9 tato bylina nab\u00edz\u00ed.\" \/>\n<meta property=\"og:url\" content=\"https:\/\/zkeshop.sk\/produkt\/12915\/\" \/>\n<meta property=\"og:site_name\" content=\"ZK company\" \/>\n<meta property=\"article:modified_time\" content=\"2025-08-18T17:35:26+00:00\" \/>\n<meta property=\"og:image\" content=\"https:\/\/zkeshop.sk\/wp-content\/uploads\/2024\/06\/Bulharsky-Tribulus-90-cps-SK.jpg\" \/>\n\t<meta property=\"og:image:width\" content=\"1080\" \/>\n\t<meta property=\"og:image:height\" content=\"1080\" \/>\n\t<meta property=\"og:image:type\" content=\"image\/jpeg\" \/>\n<meta name=\"twitter:card\" content=\"summary_large_image\" \/>\n<meta name=\"twitter:label1\" content=\"Cena\" \/>\n\t<meta name=\"twitter:data1\" content=\"20,00&nbsp;&euro;\" \/>\n\t<meta name=\"twitter:label2\" content=\"Dostupnost\" \/>\n\t<meta name=\"twitter:data2\" content=\"Skladem\" \/>\n<script type=\"application\/ld+json\" class=\"yoast-schema-graph\">{\"@context\":\"https:\\\/\\\/schema.org\",\"@graph\":[{\"@type\":\"WebPage\",\"@id\":\"https:\\\/\\\/zkeshop.sk\\\/produkt\\\/12915\\\/\",\"url\":\"https:\\\/\\\/zkeshop.sk\\\/produkt\\\/12915\\\/\",\"name\":\"Bulharsk\u00fd Tribulus - ZK company\",\"isPartOf\":{\"@id\":\"https:\\\/\\\/zkeshop.sk\\\/#website\"},\"primaryImageOfPage\":{\"@id\":\"https:\\\/\\\/zkeshop.sk\\\/produkt\\\/12915\\\/#primaryimage\"},\"image\":{\"@id\":\"https:\\\/\\\/zkeshop.sk\\\/produkt\\\/12915\\\/#primaryimage\"},\"thumbnailUrl\":\"https:\\\/\\\/zkeshop.sk\\\/wp-content\\\/uploads\\\/2024\\\/06\\\/Bulharsky-Tribulus-90-cps-SK.jpg\",\"datePublished\":\"2024-06-22T10:19:30+00:00\",\"dateModified\":\"2025-08-18T17:35:26+00:00\",\"breadcrumb\":{\"@id\":\"https:\\\/\\\/zkeshop.sk\\\/produkt\\\/12915\\\/#breadcrumb\"},\"inLanguage\":\"cs\",\"potentialAction\":[{\"@type\":\"ReadAction\",\"target\":[\"https:\\\/\\\/zkeshop.sk\\\/produkt\\\/12915\\\/\"]}]},{\"@type\":\"ImageObject\",\"inLanguage\":\"cs\",\"@id\":\"https:\\\/\\\/zkeshop.sk\\\/produkt\\\/12915\\\/#primaryimage\",\"url\":\"https:\\\/\\\/zkeshop.sk\\\/wp-content\\\/uploads\\\/2024\\\/06\\\/Bulharsky-Tribulus-90-cps-SK.jpg\",\"contentUrl\":\"https:\\\/\\\/zkeshop.sk\\\/wp-content\\\/uploads\\\/2024\\\/06\\\/Bulharsky-Tribulus-90-cps-SK.jpg\",\"width\":1080,\"height\":1080,\"caption\":\"Bulharsk\u00fd Tribulus s 60 % protodiosc\u00ednu pre podporu testoster\u00f3nu a v\u00fdkonu.\"},{\"@type\":\"BreadcrumbList\",\"@id\":\"https:\\\/\\\/zkeshop.sk\\\/produkt\\\/12915\\\/#breadcrumb\",\"itemListElement\":[{\"@type\":\"ListItem\",\"position\":1,\"name\":\"Dom\u016f\",\"item\":\"https:\\\/\\\/zkeshop.sk\\\/\"},{\"@type\":\"ListItem\",\"position\":2,\"name\":\"Obchod\",\"item\":\"https:\\\/\\\/zkeshop.sk\\\/obchod\\\/\"},{\"@type\":\"ListItem\",\"position\":3,\"name\":\"Bulharsk\u00fd Tribulus\"}]},{\"@type\":\"WebSite\",\"@id\":\"https:\\\/\\\/zkeshop.sk\\\/#website\",\"url\":\"https:\\\/\\\/zkeshop.sk\\\/\",\"name\":\"ZK company\",\"description\":\"Kvalitn\u00e1 kozmetika pre ka\u017edodenn\u00e9 pou\u017eitie\",\"potentialAction\":[{\"@type\":\"SearchAction\",\"target\":{\"@type\":\"EntryPoint\",\"urlTemplate\":\"https:\\\/\\\/zkeshop.sk\\\/?s={search_term_string}\"},\"query-input\":{\"@type\":\"PropertyValueSpecification\",\"valueRequired\":true,\"valueName\":\"search_term_string\"}}],\"inLanguage\":\"cs\"}]}<\/script>\n<meta property=\"product:price:amount\" content=\"20.00\" \/>\n<meta property=\"product:price:currency\" content=\"EUR\" \/>\n<meta property=\"og:availability\" content=\"instock\" \/>\n<meta property=\"product:availability\" content=\"instock\" \/>\n<meta property=\"product:condition\" content=\"new\" \/>\n<!-- \/ Yoast SEO Premium plugin. -->","yoast_head_json":{"title":"Bulharsk\u00fd Tribulus - ZK company","robots":{"index":"index","follow":"follow","max-snippet":"max-snippet:-1","max-image-preview":"max-image-preview:large","max-video-preview":"max-video-preview:-1"},"canonical":"https:\/\/zkeshop.sk\/produkt\/12915\/","og_locale":"cs_CZ","og_type":"article","og_title":"Bulharsk\u00fd Tribulus","og_description":"3+1 VOLN\u00c1 AKCE. Vlo\u017ete do ko\u0161\u00edku 3 produkty a \u010dtvrt\u00fd automaticky z\u00edsk\u00e1te ZDARMA. Pro v\u00fdrobu extraktu se pou\u017e\u00edv\u00e1 divoce rostouc\u00ed Tribulus terrestris sklizen\u00fd v Bulharsku. Z\u00edskan\u00fd extrakt je standardizov\u00e1n na 60 % protodioscinu. Bulharsk\u00fd Tribulus je nav\u00edc standardizov\u00e1n na 10 % t\u0159\u00edslovin a 10 % flavonoid\u016f, co\u017e zaji\u0161\u0165uje pln\u00e9 spektrum p\u0159\u00ednos\u016f, kter\u00e9 tato bylina nab\u00edz\u00ed.","og_url":"https:\/\/zkeshop.sk\/produkt\/12915\/","og_site_name":"ZK company","article_modified_time":"2025-08-18T17:35:26+00:00","og_image":[{"width":1080,"height":1080,"url":"https:\/\/zkeshop.sk\/wp-content\/uploads\/2024\/06\/Bulharsky-Tribulus-90-cps-SK.jpg","type":"image\/jpeg"}],"twitter_card":"summary_large_image","twitter_misc":{"Cena":"20,00&nbsp;&euro;","Dostupnost":"Skladem"},"schema":{"@context":"https:\/\/schema.org","@graph":[{"@type":"WebPage","@id":"https:\/\/zkeshop.sk\/produkt\/12915\/","url":"https:\/\/zkeshop.sk\/produkt\/12915\/","name":"Bulharsk\u00fd Tribulus - ZK company","isPartOf":{"@id":"https:\/\/zkeshop.sk\/#website"},"primaryImageOfPage":{"@id":"https:\/\/zkeshop.sk\/produkt\/12915\/#primaryimage"},"image":{"@id":"https:\/\/zkeshop.sk\/produkt\/12915\/#primaryimage"},"thumbnailUrl":"https:\/\/zkeshop.sk\/wp-content\/uploads\/2024\/06\/Bulharsky-Tribulus-90-cps-SK.jpg","datePublished":"2024-06-22T10:19:30+00:00","dateModified":"2025-08-18T17:35:26+00:00","breadcrumb":{"@id":"https:\/\/zkeshop.sk\/produkt\/12915\/#breadcrumb"},"inLanguage":"cs","potentialAction":[{"@type":"ReadAction","target":["https:\/\/zkeshop.sk\/produkt\/12915\/"]}]},{"@type":"ImageObject","inLanguage":"cs","@id":"https:\/\/zkeshop.sk\/produkt\/12915\/#primaryimage","url":"https:\/\/zkeshop.sk\/wp-content\/uploads\/2024\/06\/Bulharsky-Tribulus-90-cps-SK.jpg","contentUrl":"https:\/\/zkeshop.sk\/wp-content\/uploads\/2024\/06\/Bulharsky-Tribulus-90-cps-SK.jpg","width":1080,"height":1080,"caption":"Bulharsk\u00fd Tribulus s 60 % protodiosc\u00ednu pre podporu testoster\u00f3nu a v\u00fdkonu."},{"@type":"BreadcrumbList","@id":"https:\/\/zkeshop.sk\/produkt\/12915\/#breadcrumb","itemListElement":[{"@type":"ListItem","position":1,"name":"Dom\u016f","item":"https:\/\/zkeshop.sk\/"},{"@type":"ListItem","position":2,"name":"Obchod","item":"https:\/\/zkeshop.sk\/obchod\/"},{"@type":"ListItem","position":3,"name":"Bulharsk\u00fd Tribulus"}]},{"@type":"WebSite","@id":"https:\/\/zkeshop.sk\/#website","url":"https:\/\/zkeshop.sk\/","name":"ZK company","description":"Kvalitn\u00e1 kozmetika pre ka\u017edodenn\u00e9 pou\u017eitie","potentialAction":[{"@type":"SearchAction","target":{"@type":"EntryPoint","urlTemplate":"https:\/\/zkeshop.sk\/?s={search_term_string}"},"query-input":{"@type":"PropertyValueSpecification","valueRequired":true,"valueName":"search_term_string"}}],"inLanguage":"cs"}]},"product_price_amount":"20.00","product_price_currency":"EUR","og_availability":"instock","product_availability":"instock","product_condition":"new"},"_links":{"self":[{"href":"https:\/\/zkeshop.sk\/cs\/wp-json\/wp\/v2\/product\/14863","targetHints":{"allow":["GET"]}}],"collection":[{"href":"https:\/\/zkeshop.sk\/cs\/wp-json\/wp\/v2\/product"}],"about":[{"href":"https:\/\/zkeshop.sk\/cs\/wp-json\/wp\/v2\/types\/product"}],"replies":[{"embeddable":true,"href":"https:\/\/zkeshop.sk\/cs\/wp-json\/wp\/v2\/comments?post=14863"}],"version-history":[{"count":0,"href":"https:\/\/zkeshop.sk\/cs\/wp-json\/wp\/v2\/product\/14863\/revisions"}],"wp:featuredmedia":[{"embeddable":true,"href":"https:\/\/zkeshop.sk\/cs\/wp-json\/wp\/v2\/media\/12917"}],"wp:attachment":[{"href":"https:\/\/zkeshop.sk\/cs\/wp-json\/wp\/v2\/media?parent=14863"}],"wp:term":[{"taxonomy":"product_brand","embeddable":true,"href":"https:\/\/zkeshop.sk\/cs\/wp-json\/wp\/v2\/product_brand?post=14863"},{"taxonomy":"product_cat","embeddable":true,"href":"https:\/\/zkeshop.sk\/cs\/wp-json\/wp\/v2\/product_cat?post=14863"},{"taxonomy":"product_tag","embeddable":true,"href":"https:\/\/zkeshop.sk\/cs\/wp-json\/wp\/v2\/product_tag?post=14863"}],"curies":[{"name":"wp","href":"https:\/\/api.w.org\/{rel}","templated":true}]}}