{"id":14867,"date":"2024-06-22T12:17:14","date_gmt":"2024-06-22T10:17:14","guid":{"rendered":"https:\/\/zkeshop.sk\/produkt\/kolostrum\/"},"modified":"2025-02-17T14:35:13","modified_gmt":"2025-02-17T13:35:13","slug":"kolostrum","status":"publish","type":"product","link":"https:\/\/zkeshop.sk\/cs\/produkt\/kolostrum\/","title":{"rendered":"Kolostrum"},"content":{"rendered":"<p>Bovinn\u00ed (kravsk\u00e9) mlezivo obsahuje protil\u00e1tky, \u0159adu imunitn\u00edch a r\u016fstov\u00fdch faktor\u016f. Kolostrum m\u00e1 prok\u00e1zan\u00fd p\u016fvod, z\u00edsk\u00e1v\u00e1 se v\u00fdhradn\u011b od speci\u00e1ln\u011b vybran\u00fdch, zcela zdrav\u00fdch krav z \u010cesk\u00e9 republiky a Slovenska. P\u0159\u00edpravek obsahuje p\u0159esn\u011b definovan\u00e9 mno\u017estv\u00ed \u00fa\u010dinn\u00fdch l\u00e1tek (min. 30 % imunoglobulin\u016f v jedn\u00e9 kapsli). Kolostrum neboli mlezivo je tekutina, kterou vylu\u010duje ml\u00e9\u010dn\u00e1 \u017el\u00e1za matky do 48 hodin po porodu. Je jedine\u010dn\u00fdm zdrojem \u017eivin, kter\u00e9 novorozenec pot\u0159ebuje v prvn\u00edch kritick\u00fdch dnech po narozen\u00ed.    <\/p>\n<p>&nbsp;<\/p>\n<p><strong>Slo\u017een\u00ed v 1 kapsli:<\/strong> kolostrum (hov\u011bz\u00ed) 100% 500 mg, vitamin C ve form\u011b kyseliny askorbov\u00e9 45 mg \/50% RH\/, obal &#8211; \u017eelatina. Obsahuje nejm\u00e9n\u011b 30 % imunoglobulin\u016f. <\/p>\n<p><strong>D\u00e1vkov\u00e1n\u00ed: <\/strong>1 &#8211; 2 kapsle denn\u011b a zap\u00edt dostate\u010dn\u00fdm mno\u017estv\u00edm tekutin.<\/p>\n<p><strong>Balen\u00ed: 30 kapsl\u00ed<\/strong><\/p>\n<p>Upozorn\u011bn\u00ed: Stanoven\u00e1 doporu\u010den\u00e1 denn\u00ed d\u00e1vka nesm\u00ed b\u00fdt p\u0159ekro\u010dena! Dopln\u011bk stravy se nesm\u00ed pou\u017e\u00edvat jako n\u00e1hrada pestr\u00e9 a rozmanit\u00e9 stravy! Nevhodn\u00e9 pro d\u011bti do 3 let.  <\/p>\n<p>Dopln\u011bk stravy se doporu\u010duje uchov\u00e1vat mimo dosah mal\u00fdch d\u011bt\u00ed.<\/p>\n<p>Skladujte na such\u00e9m m\u00edst\u011b p\u0159i teplot\u011b do 25 \u00b0C.<\/p>\n","protected":false},"excerpt":{"rendered":"<p>Kolostrum m\u00e1 prok\u00e1zan\u00fd p\u016fvod, z\u00edsk\u00e1v\u00e1 se v\u00fdhradn\u011b od speci\u00e1ln\u011b vybran\u00fdch, zcela zdrav\u00fdch krav. Obsah 1 kapsle s minim\u00e1ln\u011b 30 % imunoglobulin\u016f a vitaminem C. <\/p>\n","protected":false},"featured_media":12863,"comment_status":"open","ping_status":"closed","template":"","meta":[],"product_brand":[],"product_cat":[89,122],"product_tag":[],"class_list":{"0":"post-14867","1":"product","2":"type-product","3":"status-publish","4":"has-post-thumbnail","6":"product_cat-doplnky-stravy","7":"product_cat-doplnky-stravy-pro-dospele","9":"first","10":"instock","11":"taxable","12":"shipping-taxable","13":"purchasable","14":"product-type-simple"},"yoast_head":"<!-- This site is optimized with the Yoast SEO Premium plugin v27.3 (Yoast SEO v27.3) - https:\/\/yoast.com\/product\/yoast-seo-premium-wordpress\/ -->\n<title>Kolostrum - ZK company<\/title>\n<meta name=\"robots\" content=\"index, follow, max-snippet:-1, max-image-preview:large, max-video-preview:-1\" \/>\n<link rel=\"canonical\" href=\"https:\/\/zkeshop.sk\/produkt\/12914\/\" \/>\n<meta property=\"og:locale\" content=\"cs_CZ\" \/>\n<meta property=\"og:type\" content=\"article\" \/>\n<meta property=\"og:title\" content=\"Kolostrum\" \/>\n<meta property=\"og:description\" content=\"Kolostrum m\u00e1 prok\u00e1zan\u00fd p\u016fvod, z\u00edsk\u00e1v\u00e1 se v\u00fdhradn\u011b od speci\u00e1ln\u011b vybran\u00fdch, zcela zdrav\u00fdch krav. Obsah 1 kapsle s minim\u00e1ln\u011b 30 % imunoglobulin\u016f a vitaminem C.\" \/>\n<meta property=\"og:url\" content=\"https:\/\/zkeshop.sk\/produkt\/12914\/\" \/>\n<meta property=\"og:site_name\" content=\"ZK company\" \/>\n<meta property=\"article:modified_time\" content=\"2025-02-17T13:35:13+00:00\" \/>\n<meta property=\"og:image\" content=\"https:\/\/zkeshop.sk\/wp-content\/uploads\/2024\/06\/Kolostrum-30-cps-SK.jpg\" \/>\n\t<meta property=\"og:image:width\" content=\"1080\" \/>\n\t<meta property=\"og:image:height\" content=\"1080\" \/>\n\t<meta property=\"og:image:type\" content=\"image\/jpeg\" \/>\n<meta name=\"twitter:card\" content=\"summary_large_image\" \/>\n<meta name=\"twitter:label1\" content=\"Cena\" \/>\n\t<meta name=\"twitter:data1\" content=\"12,50&nbsp;&euro;\" \/>\n\t<meta name=\"twitter:label2\" content=\"Dostupnost\" \/>\n\t<meta name=\"twitter:data2\" content=\"Skladem\" \/>\n<script type=\"application\/ld+json\" class=\"yoast-schema-graph\">{\"@context\":\"https:\\\/\\\/schema.org\",\"@graph\":[{\"@type\":\"WebPage\",\"@id\":\"https:\\\/\\\/zkeshop.sk\\\/produkt\\\/12914\\\/\",\"url\":\"https:\\\/\\\/zkeshop.sk\\\/produkt\\\/12914\\\/\",\"name\":\"Kolostrum - ZK company\",\"isPartOf\":{\"@id\":\"https:\\\/\\\/zkeshop.sk\\\/#website\"},\"primaryImageOfPage\":{\"@id\":\"https:\\\/\\\/zkeshop.sk\\\/produkt\\\/12914\\\/#primaryimage\"},\"image\":{\"@id\":\"https:\\\/\\\/zkeshop.sk\\\/produkt\\\/12914\\\/#primaryimage\"},\"thumbnailUrl\":\"https:\\\/\\\/zkeshop.sk\\\/wp-content\\\/uploads\\\/2024\\\/06\\\/Kolostrum-30-cps-SK.jpg\",\"datePublished\":\"2024-06-22T10:17:14+00:00\",\"dateModified\":\"2025-02-17T13:35:13+00:00\",\"breadcrumb\":{\"@id\":\"https:\\\/\\\/zkeshop.sk\\\/produkt\\\/12914\\\/#breadcrumb\"},\"inLanguage\":\"cs\",\"potentialAction\":[{\"@type\":\"ReadAction\",\"target\":[\"https:\\\/\\\/zkeshop.sk\\\/produkt\\\/12914\\\/\"]}]},{\"@type\":\"ImageObject\",\"inLanguage\":\"cs\",\"@id\":\"https:\\\/\\\/zkeshop.sk\\\/produkt\\\/12914\\\/#primaryimage\",\"url\":\"https:\\\/\\\/zkeshop.sk\\\/wp-content\\\/uploads\\\/2024\\\/06\\\/Kolostrum-30-cps-SK.jpg\",\"contentUrl\":\"https:\\\/\\\/zkeshop.sk\\\/wp-content\\\/uploads\\\/2024\\\/06\\\/Kolostrum-30-cps-SK.jpg\",\"width\":1080,\"height\":1080,\"caption\":\"Kolostrum s vysok\u00fdm obsahom imunoglobul\u00ednov pre prirodzen\u00fa podporu imunity a regener\u00e1cie. Podporte svoju obranyschopnos\u0165 prirodzenou cestou.\"},{\"@type\":\"BreadcrumbList\",\"@id\":\"https:\\\/\\\/zkeshop.sk\\\/produkt\\\/12914\\\/#breadcrumb\",\"itemListElement\":[{\"@type\":\"ListItem\",\"position\":1,\"name\":\"Dom\u016f\",\"item\":\"https:\\\/\\\/zkeshop.sk\\\/\"},{\"@type\":\"ListItem\",\"position\":2,\"name\":\"Obchod\",\"item\":\"https:\\\/\\\/zkeshop.sk\\\/obchod\\\/\"},{\"@type\":\"ListItem\",\"position\":3,\"name\":\"Kolostrum\"}]},{\"@type\":\"WebSite\",\"@id\":\"https:\\\/\\\/zkeshop.sk\\\/#website\",\"url\":\"https:\\\/\\\/zkeshop.sk\\\/\",\"name\":\"ZK company\",\"description\":\"Kvalitn\u00e1 kozmetika pre ka\u017edodenn\u00e9 pou\u017eitie\",\"potentialAction\":[{\"@type\":\"SearchAction\",\"target\":{\"@type\":\"EntryPoint\",\"urlTemplate\":\"https:\\\/\\\/zkeshop.sk\\\/?s={search_term_string}\"},\"query-input\":{\"@type\":\"PropertyValueSpecification\",\"valueRequired\":true,\"valueName\":\"search_term_string\"}}],\"inLanguage\":\"cs\"}]}<\/script>\n<meta property=\"product:price:amount\" content=\"12.50\" \/>\n<meta property=\"product:price:currency\" content=\"EUR\" \/>\n<meta property=\"og:availability\" content=\"instock\" \/>\n<meta property=\"product:availability\" content=\"instock\" \/>\n<meta property=\"product:condition\" content=\"new\" \/>\n<!-- \/ Yoast SEO Premium plugin. -->","yoast_head_json":{"title":"Kolostrum - ZK company","robots":{"index":"index","follow":"follow","max-snippet":"max-snippet:-1","max-image-preview":"max-image-preview:large","max-video-preview":"max-video-preview:-1"},"canonical":"https:\/\/zkeshop.sk\/produkt\/12914\/","og_locale":"cs_CZ","og_type":"article","og_title":"Kolostrum","og_description":"Kolostrum m\u00e1 prok\u00e1zan\u00fd p\u016fvod, z\u00edsk\u00e1v\u00e1 se v\u00fdhradn\u011b od speci\u00e1ln\u011b vybran\u00fdch, zcela zdrav\u00fdch krav. Obsah 1 kapsle s minim\u00e1ln\u011b 30 % imunoglobulin\u016f a vitaminem C.","og_url":"https:\/\/zkeshop.sk\/produkt\/12914\/","og_site_name":"ZK company","article_modified_time":"2025-02-17T13:35:13+00:00","og_image":[{"width":1080,"height":1080,"url":"https:\/\/zkeshop.sk\/wp-content\/uploads\/2024\/06\/Kolostrum-30-cps-SK.jpg","type":"image\/jpeg"}],"twitter_card":"summary_large_image","twitter_misc":{"Cena":"12,50&nbsp;&euro;","Dostupnost":"Skladem"},"schema":{"@context":"https:\/\/schema.org","@graph":[{"@type":"WebPage","@id":"https:\/\/zkeshop.sk\/produkt\/12914\/","url":"https:\/\/zkeshop.sk\/produkt\/12914\/","name":"Kolostrum - ZK company","isPartOf":{"@id":"https:\/\/zkeshop.sk\/#website"},"primaryImageOfPage":{"@id":"https:\/\/zkeshop.sk\/produkt\/12914\/#primaryimage"},"image":{"@id":"https:\/\/zkeshop.sk\/produkt\/12914\/#primaryimage"},"thumbnailUrl":"https:\/\/zkeshop.sk\/wp-content\/uploads\/2024\/06\/Kolostrum-30-cps-SK.jpg","datePublished":"2024-06-22T10:17:14+00:00","dateModified":"2025-02-17T13:35:13+00:00","breadcrumb":{"@id":"https:\/\/zkeshop.sk\/produkt\/12914\/#breadcrumb"},"inLanguage":"cs","potentialAction":[{"@type":"ReadAction","target":["https:\/\/zkeshop.sk\/produkt\/12914\/"]}]},{"@type":"ImageObject","inLanguage":"cs","@id":"https:\/\/zkeshop.sk\/produkt\/12914\/#primaryimage","url":"https:\/\/zkeshop.sk\/wp-content\/uploads\/2024\/06\/Kolostrum-30-cps-SK.jpg","contentUrl":"https:\/\/zkeshop.sk\/wp-content\/uploads\/2024\/06\/Kolostrum-30-cps-SK.jpg","width":1080,"height":1080,"caption":"Kolostrum s vysok\u00fdm obsahom imunoglobul\u00ednov pre prirodzen\u00fa podporu imunity a regener\u00e1cie. Podporte svoju obranyschopnos\u0165 prirodzenou cestou."},{"@type":"BreadcrumbList","@id":"https:\/\/zkeshop.sk\/produkt\/12914\/#breadcrumb","itemListElement":[{"@type":"ListItem","position":1,"name":"Dom\u016f","item":"https:\/\/zkeshop.sk\/"},{"@type":"ListItem","position":2,"name":"Obchod","item":"https:\/\/zkeshop.sk\/obchod\/"},{"@type":"ListItem","position":3,"name":"Kolostrum"}]},{"@type":"WebSite","@id":"https:\/\/zkeshop.sk\/#website","url":"https:\/\/zkeshop.sk\/","name":"ZK company","description":"Kvalitn\u00e1 kozmetika pre ka\u017edodenn\u00e9 pou\u017eitie","potentialAction":[{"@type":"SearchAction","target":{"@type":"EntryPoint","urlTemplate":"https:\/\/zkeshop.sk\/?s={search_term_string}"},"query-input":{"@type":"PropertyValueSpecification","valueRequired":true,"valueName":"search_term_string"}}],"inLanguage":"cs"}]},"product_price_amount":"12.50","product_price_currency":"EUR","og_availability":"instock","product_availability":"instock","product_condition":"new"},"_links":{"self":[{"href":"https:\/\/zkeshop.sk\/cs\/wp-json\/wp\/v2\/product\/14867","targetHints":{"allow":["GET"]}}],"collection":[{"href":"https:\/\/zkeshop.sk\/cs\/wp-json\/wp\/v2\/product"}],"about":[{"href":"https:\/\/zkeshop.sk\/cs\/wp-json\/wp\/v2\/types\/product"}],"replies":[{"embeddable":true,"href":"https:\/\/zkeshop.sk\/cs\/wp-json\/wp\/v2\/comments?post=14867"}],"version-history":[{"count":0,"href":"https:\/\/zkeshop.sk\/cs\/wp-json\/wp\/v2\/product\/14867\/revisions"}],"wp:featuredmedia":[{"embeddable":true,"href":"https:\/\/zkeshop.sk\/cs\/wp-json\/wp\/v2\/media\/12863"}],"wp:attachment":[{"href":"https:\/\/zkeshop.sk\/cs\/wp-json\/wp\/v2\/media?parent=14867"}],"wp:term":[{"taxonomy":"product_brand","embeddable":true,"href":"https:\/\/zkeshop.sk\/cs\/wp-json\/wp\/v2\/product_brand?post=14867"},{"taxonomy":"product_cat","embeddable":true,"href":"https:\/\/zkeshop.sk\/cs\/wp-json\/wp\/v2\/product_cat?post=14867"},{"taxonomy":"product_tag","embeddable":true,"href":"https:\/\/zkeshop.sk\/cs\/wp-json\/wp\/v2\/product_tag?post=14867"}],"curies":[{"name":"wp","href":"https:\/\/api.w.org\/{rel}","templated":true}]}}