{"id":14868,"date":"2024-06-22T12:21:32","date_gmt":"2024-06-22T10:21:32","guid":{"rendered":"https:\/\/zkeshop.sk\/produkt\/tribulus-terrestris\/"},"modified":"2025-03-03T10:21:58","modified_gmt":"2025-03-03T09:21:58","slug":"tribulus-terrestris","status":"publish","type":"product","link":"https:\/\/zkeshop.sk\/cs\/produkt\/tribulus-terrestris\/","title":{"rendered":"Tribulus terrestris"},"content":{"rendered":"<p>P\u0159\u00edpravek obsahuje extrakt z rostliny Tribulus terrestris. Tribulus zvy\u0161uje s\u00edlu a je vhodn\u00fd i pro v\u00fdbu\u0161n\u00e9 tr\u00e9ninky. Je vhodn\u00fd i pro vegany.  <\/p>\n<p><strong>Slo\u017een\u00ed v jedn\u00e9 tablet\u011b <\/strong>:Tribulus Terrestris 500 mg, obsahuje 40 % saponin\u016f<\/p>\n<p><strong>D\u00e1vkov\u00e1n\u00ed: <\/strong>2 &#8211; 3 tablety denn\u011b<\/p>\n<p><strong>Balen\u00ed:<\/strong> 120 + 30 tablet zdarma<\/p>\n<p>Upozorn\u011bn\u00ed: Stanoven\u00e1 doporu\u010den\u00e1 denn\u00ed d\u00e1vka nesm\u00ed b\u00fdt p\u0159ekro\u010dena! Dopln\u011bk stravy se nesm\u00ed pou\u017e\u00edvat jako n\u00e1hrada pestr\u00e9 a rozmanit\u00e9 stravy!  Nevhodn\u00e9 pro d\u011bti do 18 let , t\u011bhotn\u00e9 a koj\u00edc\u00ed \u017eeny.<\/p>\n<p>Dopln\u011bk stravy se doporu\u010duje uchov\u00e1vat mimo dosah mal\u00fdch d\u011bt\u00ed.<\/p>\n<p>Skladujte na such\u00e9m m\u00edst\u011b p\u0159i teplot\u011b do 25 \u00b0C.<\/p>\n","protected":false},"excerpt":{"rendered":"<h4><span style=\"color: #ff0000;\"><strong>3+1 VOLN\u00c1 AKCE. Vlo\u017ete do ko\u0161\u00edku 3 produkty a \u010dtvrt\u00fd automaticky z\u00edsk\u00e1te ZDARMA. <\/strong><\/span><\/h4>\n<p>Tribulus Terrestris je siln\u00fd extrakt z rostliny sasanky zemn\u00ed zn\u00e1m\u00e9 ve sv\u011bt\u011b fitness. Jeho \u00fa\u010dinn\u00fdmi l\u00e1tkami jsou saponiny, kter\u00e9 jsou zn\u00e1m\u00e9 jako p\u0159\u00edrodn\u00ed n\u00e1hrada steroid\u016f. B\u011b\u017en\u011b se p\u0159id\u00e1v\u00e1 do produkt\u016f ur\u010den\u00fdch ke zv\u00fd\u0161en\u00ed v\u00fdkonu a s\u00edly. Tribulus Terrestris je tak obl\u00edben\u00fd zejm\u00e9na mezi mu\u017ei, kte\u0159\u00ed usiluj\u00ed o zv\u00fd\u0161en\u00ed hladiny testosteronu, lep\u0161\u00ed sportovn\u00ed v\u00fdkon, regeneraci nebo r\u016fst sval\u016f.   <\/p>\n","protected":false},"featured_media":12890,"comment_status":"open","ping_status":"closed","template":"","meta":[],"product_brand":[],"product_cat":[89,122],"product_tag":[],"class_list":{"0":"post-14868","1":"product","2":"type-product","3":"status-publish","4":"has-post-thumbnail","6":"product_cat-doplnky-stravy","7":"product_cat-doplnky-stravy-pro-dospele","9":"first","10":"instock","11":"taxable","12":"shipping-taxable","13":"purchasable","14":"product-type-simple"},"yoast_head":"<!-- This site is optimized with the Yoast SEO Premium plugin v27.3 (Yoast SEO v27.3) - https:\/\/yoast.com\/product\/yoast-seo-premium-wordpress\/ -->\n<title>Tribulus terrestris - ZK company<\/title>\n<meta name=\"robots\" content=\"index, follow, max-snippet:-1, max-image-preview:large, max-video-preview:-1\" \/>\n<link rel=\"canonical\" href=\"https:\/\/zkeshop.sk\/produkt\/12919\/\" \/>\n<meta property=\"og:locale\" content=\"cs_CZ\" \/>\n<meta property=\"og:type\" content=\"article\" \/>\n<meta property=\"og:title\" content=\"Tribulus terrestris\" \/>\n<meta property=\"og:description\" content=\"3+1 VOLN\u00c1 AKCE. Vlo\u017ete do ko\u0161\u00edku 3 produkty a \u010dtvrt\u00fd automaticky z\u00edsk\u00e1te ZDARMA. Tribulus Terrestris je siln\u00fd extrakt z rostliny sasanky zemn\u00ed zn\u00e1m\u00e9 ve sv\u011bt\u011b fitness. Jeho \u00fa\u010dinn\u00fdmi l\u00e1tkami jsou saponiny, kter\u00e9 jsou zn\u00e1m\u00e9 jako p\u0159\u00edrodn\u00ed n\u00e1hrada steroid\u016f. B\u011b\u017en\u011b se p\u0159id\u00e1v\u00e1 do produkt\u016f ur\u010den\u00fdch ke zv\u00fd\u0161en\u00ed v\u00fdkonu a s\u00edly. Tribulus Terrestris je tak obl\u00edben\u00fd zejm\u00e9na mezi mu\u017ei, kte\u0159\u00ed usiluj\u00ed o zv\u00fd\u0161en\u00ed hladiny testosteronu, lep\u0161\u00ed sportovn\u00ed v\u00fdkon, regeneraci nebo r\u016fst sval\u016f.\" \/>\n<meta property=\"og:url\" content=\"https:\/\/zkeshop.sk\/produkt\/12919\/\" \/>\n<meta property=\"og:site_name\" content=\"ZK company\" \/>\n<meta property=\"article:modified_time\" content=\"2025-03-03T09:21:58+00:00\" \/>\n<meta property=\"og:image\" content=\"https:\/\/zkeshop.sk\/wp-content\/uploads\/2024\/06\/Tribulus-12030-tbl-SK.jpg\" \/>\n\t<meta property=\"og:image:width\" content=\"1080\" \/>\n\t<meta property=\"og:image:height\" content=\"1080\" \/>\n\t<meta property=\"og:image:type\" content=\"image\/jpeg\" \/>\n<meta name=\"twitter:card\" content=\"summary_large_image\" \/>\n<meta name=\"twitter:label1\" content=\"Cena\" \/>\n\t<meta name=\"twitter:data1\" content=\"20,00&nbsp;&euro;\" \/>\n\t<meta name=\"twitter:label2\" content=\"Dostupnost\" \/>\n\t<meta name=\"twitter:data2\" content=\"Skladem\" \/>\n<script type=\"application\/ld+json\" class=\"yoast-schema-graph\">{\"@context\":\"https:\\\/\\\/schema.org\",\"@graph\":[{\"@type\":\"WebPage\",\"@id\":\"https:\\\/\\\/zkeshop.sk\\\/produkt\\\/12919\\\/\",\"url\":\"https:\\\/\\\/zkeshop.sk\\\/produkt\\\/12919\\\/\",\"name\":\"Tribulus terrestris - ZK company\",\"isPartOf\":{\"@id\":\"https:\\\/\\\/zkeshop.sk\\\/#website\"},\"primaryImageOfPage\":{\"@id\":\"https:\\\/\\\/zkeshop.sk\\\/produkt\\\/12919\\\/#primaryimage\"},\"image\":{\"@id\":\"https:\\\/\\\/zkeshop.sk\\\/produkt\\\/12919\\\/#primaryimage\"},\"thumbnailUrl\":\"https:\\\/\\\/zkeshop.sk\\\/wp-content\\\/uploads\\\/2024\\\/06\\\/Tribulus-12030-tbl-SK.jpg\",\"datePublished\":\"2024-06-22T10:21:32+00:00\",\"dateModified\":\"2025-03-03T09:21:58+00:00\",\"breadcrumb\":{\"@id\":\"https:\\\/\\\/zkeshop.sk\\\/produkt\\\/12919\\\/#breadcrumb\"},\"inLanguage\":\"cs\",\"potentialAction\":[{\"@type\":\"ReadAction\",\"target\":[\"https:\\\/\\\/zkeshop.sk\\\/produkt\\\/12919\\\/\"]}]},{\"@type\":\"ImageObject\",\"inLanguage\":\"cs\",\"@id\":\"https:\\\/\\\/zkeshop.sk\\\/produkt\\\/12919\\\/#primaryimage\",\"url\":\"https:\\\/\\\/zkeshop.sk\\\/wp-content\\\/uploads\\\/2024\\\/06\\\/Tribulus-12030-tbl-SK.jpg\",\"contentUrl\":\"https:\\\/\\\/zkeshop.sk\\\/wp-content\\\/uploads\\\/2024\\\/06\\\/Tribulus-12030-tbl-SK.jpg\",\"width\":1080,\"height\":1080,\"caption\":\"Pr\u00edrodn\u00e1 podpora testoster\u00f3nu a fyzick\u00e9ho v\u00fdkonu. Tribulus Terrestris so 40 % sapon\u00ednmi pre silu, rast svalov a lep\u0161iu regener\u00e1ciu.\"},{\"@type\":\"BreadcrumbList\",\"@id\":\"https:\\\/\\\/zkeshop.sk\\\/produkt\\\/12919\\\/#breadcrumb\",\"itemListElement\":[{\"@type\":\"ListItem\",\"position\":1,\"name\":\"Dom\u016f\",\"item\":\"https:\\\/\\\/zkeshop.sk\\\/\"},{\"@type\":\"ListItem\",\"position\":2,\"name\":\"Obchod\",\"item\":\"https:\\\/\\\/zkeshop.sk\\\/obchod\\\/\"},{\"@type\":\"ListItem\",\"position\":3,\"name\":\"Tribulus terrestris\"}]},{\"@type\":\"WebSite\",\"@id\":\"https:\\\/\\\/zkeshop.sk\\\/#website\",\"url\":\"https:\\\/\\\/zkeshop.sk\\\/\",\"name\":\"ZK company\",\"description\":\"Kvalitn\u00e1 kozmetika pre ka\u017edodenn\u00e9 pou\u017eitie\",\"potentialAction\":[{\"@type\":\"SearchAction\",\"target\":{\"@type\":\"EntryPoint\",\"urlTemplate\":\"https:\\\/\\\/zkeshop.sk\\\/?s={search_term_string}\"},\"query-input\":{\"@type\":\"PropertyValueSpecification\",\"valueRequired\":true,\"valueName\":\"search_term_string\"}}],\"inLanguage\":\"cs\"}]}<\/script>\n<meta property=\"product:price:amount\" content=\"20.00\" \/>\n<meta property=\"product:price:currency\" content=\"EUR\" \/>\n<meta property=\"og:availability\" content=\"instock\" \/>\n<meta property=\"product:availability\" content=\"instock\" \/>\n<meta property=\"product:condition\" content=\"new\" \/>\n<!-- \/ Yoast SEO Premium plugin. -->","yoast_head_json":{"title":"Tribulus terrestris - ZK company","robots":{"index":"index","follow":"follow","max-snippet":"max-snippet:-1","max-image-preview":"max-image-preview:large","max-video-preview":"max-video-preview:-1"},"canonical":"https:\/\/zkeshop.sk\/produkt\/12919\/","og_locale":"cs_CZ","og_type":"article","og_title":"Tribulus terrestris","og_description":"3+1 VOLN\u00c1 AKCE. Vlo\u017ete do ko\u0161\u00edku 3 produkty a \u010dtvrt\u00fd automaticky z\u00edsk\u00e1te ZDARMA. Tribulus Terrestris je siln\u00fd extrakt z rostliny sasanky zemn\u00ed zn\u00e1m\u00e9 ve sv\u011bt\u011b fitness. Jeho \u00fa\u010dinn\u00fdmi l\u00e1tkami jsou saponiny, kter\u00e9 jsou zn\u00e1m\u00e9 jako p\u0159\u00edrodn\u00ed n\u00e1hrada steroid\u016f. B\u011b\u017en\u011b se p\u0159id\u00e1v\u00e1 do produkt\u016f ur\u010den\u00fdch ke zv\u00fd\u0161en\u00ed v\u00fdkonu a s\u00edly. Tribulus Terrestris je tak obl\u00edben\u00fd zejm\u00e9na mezi mu\u017ei, kte\u0159\u00ed usiluj\u00ed o zv\u00fd\u0161en\u00ed hladiny testosteronu, lep\u0161\u00ed sportovn\u00ed v\u00fdkon, regeneraci nebo r\u016fst sval\u016f.","og_url":"https:\/\/zkeshop.sk\/produkt\/12919\/","og_site_name":"ZK company","article_modified_time":"2025-03-03T09:21:58+00:00","og_image":[{"width":1080,"height":1080,"url":"https:\/\/zkeshop.sk\/wp-content\/uploads\/2024\/06\/Tribulus-12030-tbl-SK.jpg","type":"image\/jpeg"}],"twitter_card":"summary_large_image","twitter_misc":{"Cena":"20,00&nbsp;&euro;","Dostupnost":"Skladem"},"schema":{"@context":"https:\/\/schema.org","@graph":[{"@type":"WebPage","@id":"https:\/\/zkeshop.sk\/produkt\/12919\/","url":"https:\/\/zkeshop.sk\/produkt\/12919\/","name":"Tribulus terrestris - ZK company","isPartOf":{"@id":"https:\/\/zkeshop.sk\/#website"},"primaryImageOfPage":{"@id":"https:\/\/zkeshop.sk\/produkt\/12919\/#primaryimage"},"image":{"@id":"https:\/\/zkeshop.sk\/produkt\/12919\/#primaryimage"},"thumbnailUrl":"https:\/\/zkeshop.sk\/wp-content\/uploads\/2024\/06\/Tribulus-12030-tbl-SK.jpg","datePublished":"2024-06-22T10:21:32+00:00","dateModified":"2025-03-03T09:21:58+00:00","breadcrumb":{"@id":"https:\/\/zkeshop.sk\/produkt\/12919\/#breadcrumb"},"inLanguage":"cs","potentialAction":[{"@type":"ReadAction","target":["https:\/\/zkeshop.sk\/produkt\/12919\/"]}]},{"@type":"ImageObject","inLanguage":"cs","@id":"https:\/\/zkeshop.sk\/produkt\/12919\/#primaryimage","url":"https:\/\/zkeshop.sk\/wp-content\/uploads\/2024\/06\/Tribulus-12030-tbl-SK.jpg","contentUrl":"https:\/\/zkeshop.sk\/wp-content\/uploads\/2024\/06\/Tribulus-12030-tbl-SK.jpg","width":1080,"height":1080,"caption":"Pr\u00edrodn\u00e1 podpora testoster\u00f3nu a fyzick\u00e9ho v\u00fdkonu. Tribulus Terrestris so 40 % sapon\u00ednmi pre silu, rast svalov a lep\u0161iu regener\u00e1ciu."},{"@type":"BreadcrumbList","@id":"https:\/\/zkeshop.sk\/produkt\/12919\/#breadcrumb","itemListElement":[{"@type":"ListItem","position":1,"name":"Dom\u016f","item":"https:\/\/zkeshop.sk\/"},{"@type":"ListItem","position":2,"name":"Obchod","item":"https:\/\/zkeshop.sk\/obchod\/"},{"@type":"ListItem","position":3,"name":"Tribulus terrestris"}]},{"@type":"WebSite","@id":"https:\/\/zkeshop.sk\/#website","url":"https:\/\/zkeshop.sk\/","name":"ZK company","description":"Kvalitn\u00e1 kozmetika pre ka\u017edodenn\u00e9 pou\u017eitie","potentialAction":[{"@type":"SearchAction","target":{"@type":"EntryPoint","urlTemplate":"https:\/\/zkeshop.sk\/?s={search_term_string}"},"query-input":{"@type":"PropertyValueSpecification","valueRequired":true,"valueName":"search_term_string"}}],"inLanguage":"cs"}]},"product_price_amount":"20.00","product_price_currency":"EUR","og_availability":"instock","product_availability":"instock","product_condition":"new"},"_links":{"self":[{"href":"https:\/\/zkeshop.sk\/cs\/wp-json\/wp\/v2\/product\/14868","targetHints":{"allow":["GET"]}}],"collection":[{"href":"https:\/\/zkeshop.sk\/cs\/wp-json\/wp\/v2\/product"}],"about":[{"href":"https:\/\/zkeshop.sk\/cs\/wp-json\/wp\/v2\/types\/product"}],"replies":[{"embeddable":true,"href":"https:\/\/zkeshop.sk\/cs\/wp-json\/wp\/v2\/comments?post=14868"}],"version-history":[{"count":0,"href":"https:\/\/zkeshop.sk\/cs\/wp-json\/wp\/v2\/product\/14868\/revisions"}],"wp:featuredmedia":[{"embeddable":true,"href":"https:\/\/zkeshop.sk\/cs\/wp-json\/wp\/v2\/media\/12890"}],"wp:attachment":[{"href":"https:\/\/zkeshop.sk\/cs\/wp-json\/wp\/v2\/media?parent=14868"}],"wp:term":[{"taxonomy":"product_brand","embeddable":true,"href":"https:\/\/zkeshop.sk\/cs\/wp-json\/wp\/v2\/product_brand?post=14868"},{"taxonomy":"product_cat","embeddable":true,"href":"https:\/\/zkeshop.sk\/cs\/wp-json\/wp\/v2\/product_cat?post=14868"},{"taxonomy":"product_tag","embeddable":true,"href":"https:\/\/zkeshop.sk\/cs\/wp-json\/wp\/v2\/product_tag?post=14868"}],"curies":[{"name":"wp","href":"https:\/\/api.w.org\/{rel}","templated":true}]}}