{"id":14871,"date":"2024-06-22T12:15:33","date_gmt":"2024-06-22T10:15:33","guid":{"rendered":"https:\/\/zkeshop.sk\/produkt\/colostrum-junior\/"},"modified":"2025-02-17T14:35:14","modified_gmt":"2025-02-17T13:35:14","slug":"colostrum-junior","status":"publish","type":"product","link":"https:\/\/zkeshop.sk\/cs\/produkt\/colostrum-junior\/","title":{"rendered":"Colostrum junior"},"content":{"rendered":"<p>Bovinn\u00ed (kravsk\u00e9) mlezivo obsahuje protil\u00e1tky, \u0159adu imunitn\u00edch a r\u016fstov\u00fdch faktor\u016f. Kolostrum m\u00e1 prok\u00e1zan\u00fd p\u016fvod, z\u00edsk\u00e1v\u00e1 se v\u00fdhradn\u011b od speci\u00e1ln\u011b vybran\u00fdch, zcela zdrav\u00fdch krav z \u010cesk\u00e9 republiky a Slovenska. P\u0159\u00edpravek obsahuje p\u0159esn\u011b definovan\u00e9 mno\u017estv\u00ed \u00fa\u010dinn\u00fdch l\u00e1tek (min. 30 % imunoglobulin\u016f v jedn\u00e9 kapsli). Kolostrum neboli mlezivo je tekutina, kterou vylu\u010duje ml\u00e9\u010dn\u00e1 \u017el\u00e1za matky do 48 hodin po porodu. Je jedine\u010dn\u00fdm zdrojem \u017eivin, kter\u00e9 novorozenec pot\u0159ebuje v prvn\u00edch kritick\u00fdch dnech po narozen\u00ed.    <\/p>\n<p><strong>Slo\u017een\u00ed v 1 tablet\u011b:<\/strong> kolostrum (hov\u011bz\u00ed) 100% 250 mg, vitamin C ve form\u011b kyseliny askorbov\u00e9 30 mg \/33% RH\/ &#8211; jahodov\u00e1 p\u0159\u00edchu\u0165. Obsahuje nejm\u00e9n\u011b 30 % imunoglobulin\u016f.<\/p>\n<p><strong>D\u00e1vkov\u00e1n\u00ed<\/strong>: 1 &#8211; 2 tablety denn\u011b zap\u00edt dostate\u010dn\u00fdm mno\u017estv\u00edm tekutiny nebo rozkousat, rozm\u011blnit a spolknout.<\/p>\n<p><strong>Balen\u00ed : 30 tablet<\/strong><\/p>\n<p>Upozorn\u011bn\u00ed: Stanoven\u00e1 doporu\u010den\u00e1 denn\u00ed d\u00e1vka nesm\u00ed b\u00fdt p\u0159ekro\u010dena! Dopln\u011bk stravy se nesm\u00ed pou\u017e\u00edvat jako n\u00e1hrada pestr\u00e9 a rozmanit\u00e9 stravy! Nevhodn\u00e9 pro d\u011bti do 3 let.  <\/p>\n<p>Dopln\u011bk stravy se doporu\u010duje uchov\u00e1vat mimo dosah mal\u00fdch d\u011bt\u00ed.<\/p>\n<p>Skladujte na such\u00e9m m\u00edst\u011b p\u0159i teplot\u011b do 25 \u00b0C.<\/p>\n","protected":false},"excerpt":{"rendered":"<p>Hov\u011bz\u00ed (kravsk\u00e9) kolostrum obsahuje protil\u00e1tky, \u0159adu imunitn\u00edch a r\u016fstov\u00fdch faktor\u016f.1 tableta obsahuje nejm\u00e9n\u011b 30 % imunoglobulin\u016f a vitamin C. <\/p>\n","protected":false},"featured_media":12866,"comment_status":"open","ping_status":"closed","template":"","meta":[],"product_brand":[],"product_cat":[89,119],"product_tag":[],"class_list":{"0":"post-14871","1":"product","2":"type-product","3":"status-publish","4":"has-post-thumbnail","6":"product_cat-doplnky-stravy","7":"product_cat-doplnky-stravy-pro-deti","9":"first","10":"instock","11":"taxable","12":"shipping-taxable","13":"purchasable","14":"product-type-simple"},"yoast_head":"<!-- This site is optimized with the Yoast SEO Premium plugin v27.3 (Yoast SEO v27.3) - https:\/\/yoast.com\/product\/yoast-seo-premium-wordpress\/ -->\n<title>Colostrum junior - ZK company<\/title>\n<meta name=\"robots\" content=\"index, follow, max-snippet:-1, max-image-preview:large, max-video-preview:-1\" \/>\n<link rel=\"canonical\" href=\"https:\/\/zkeshop.sk\/produkt\/kolostrum-junior\/\" \/>\n<meta property=\"og:locale\" content=\"cs_CZ\" \/>\n<meta property=\"og:type\" content=\"article\" \/>\n<meta property=\"og:title\" content=\"Colostrum junior\" \/>\n<meta property=\"og:description\" content=\"Hov\u011bz\u00ed (kravsk\u00e9) kolostrum obsahuje protil\u00e1tky, \u0159adu imunitn\u00edch a r\u016fstov\u00fdch faktor\u016f.1 tableta obsahuje nejm\u00e9n\u011b 30 % imunoglobulin\u016f a vitamin C.\" \/>\n<meta property=\"og:url\" content=\"https:\/\/zkeshop.sk\/produkt\/kolostrum-junior\/\" \/>\n<meta property=\"og:site_name\" content=\"ZK company\" \/>\n<meta property=\"article:modified_time\" content=\"2025-02-17T13:35:14+00:00\" \/>\n<meta property=\"og:image\" content=\"https:\/\/zkeshop.sk\/wp-content\/uploads\/2024\/06\/Kolostrum-junior-30-tbl-SK.jpg\" \/>\n\t<meta property=\"og:image:width\" content=\"1080\" \/>\n\t<meta property=\"og:image:height\" content=\"1080\" \/>\n\t<meta property=\"og:image:type\" content=\"image\/jpeg\" \/>\n<meta name=\"twitter:card\" content=\"summary_large_image\" \/>\n<meta name=\"twitter:label1\" content=\"Cena\" \/>\n\t<meta name=\"twitter:data1\" content=\"9,20&nbsp;&euro;\" \/>\n\t<meta name=\"twitter:label2\" content=\"Dostupnost\" \/>\n\t<meta name=\"twitter:data2\" content=\"Skladem\" \/>\n<script type=\"application\/ld+json\" class=\"yoast-schema-graph\">{\"@context\":\"https:\\\/\\\/schema.org\",\"@graph\":[{\"@type\":\"WebPage\",\"@id\":\"https:\\\/\\\/zkeshop.sk\\\/produkt\\\/kolostrum-junior\\\/\",\"url\":\"https:\\\/\\\/zkeshop.sk\\\/produkt\\\/kolostrum-junior\\\/\",\"name\":\"Colostrum junior - ZK company\",\"isPartOf\":{\"@id\":\"https:\\\/\\\/zkeshop.sk\\\/#website\"},\"primaryImageOfPage\":{\"@id\":\"https:\\\/\\\/zkeshop.sk\\\/produkt\\\/kolostrum-junior\\\/#primaryimage\"},\"image\":{\"@id\":\"https:\\\/\\\/zkeshop.sk\\\/produkt\\\/kolostrum-junior\\\/#primaryimage\"},\"thumbnailUrl\":\"https:\\\/\\\/zkeshop.sk\\\/wp-content\\\/uploads\\\/2024\\\/06\\\/Kolostrum-junior-30-tbl-SK.jpg\",\"datePublished\":\"2024-06-22T10:15:33+00:00\",\"dateModified\":\"2025-02-17T13:35:14+00:00\",\"breadcrumb\":{\"@id\":\"https:\\\/\\\/zkeshop.sk\\\/produkt\\\/kolostrum-junior\\\/#breadcrumb\"},\"inLanguage\":\"cs\",\"potentialAction\":[{\"@type\":\"ReadAction\",\"target\":[\"https:\\\/\\\/zkeshop.sk\\\/produkt\\\/kolostrum-junior\\\/\"]}]},{\"@type\":\"ImageObject\",\"inLanguage\":\"cs\",\"@id\":\"https:\\\/\\\/zkeshop.sk\\\/produkt\\\/kolostrum-junior\\\/#primaryimage\",\"url\":\"https:\\\/\\\/zkeshop.sk\\\/wp-content\\\/uploads\\\/2024\\\/06\\\/Kolostrum-junior-30-tbl-SK.jpg\",\"contentUrl\":\"https:\\\/\\\/zkeshop.sk\\\/wp-content\\\/uploads\\\/2024\\\/06\\\/Kolostrum-junior-30-tbl-SK.jpg\",\"width\":1080,\"height\":1080,\"caption\":\"Kvalitn\u00e9 bovinn\u00e9 kolostrum s minim\u00e1lne 30 % imunoglobul\u00ednov podporuje imunitu a zdravie. Obsahuje vitam\u00edn C, jahodov\u00fa ar\u00f3mu, bez konzervantov.\"},{\"@type\":\"BreadcrumbList\",\"@id\":\"https:\\\/\\\/zkeshop.sk\\\/produkt\\\/kolostrum-junior\\\/#breadcrumb\",\"itemListElement\":[{\"@type\":\"ListItem\",\"position\":1,\"name\":\"Dom\u016f\",\"item\":\"https:\\\/\\\/zkeshop.sk\\\/\"},{\"@type\":\"ListItem\",\"position\":2,\"name\":\"Obchod\",\"item\":\"https:\\\/\\\/zkeshop.sk\\\/obchod\\\/\"},{\"@type\":\"ListItem\",\"position\":3,\"name\":\"Colostrum junior\"}]},{\"@type\":\"WebSite\",\"@id\":\"https:\\\/\\\/zkeshop.sk\\\/#website\",\"url\":\"https:\\\/\\\/zkeshop.sk\\\/\",\"name\":\"ZK company\",\"description\":\"Kvalitn\u00e1 kozmetika pre ka\u017edodenn\u00e9 pou\u017eitie\",\"potentialAction\":[{\"@type\":\"SearchAction\",\"target\":{\"@type\":\"EntryPoint\",\"urlTemplate\":\"https:\\\/\\\/zkeshop.sk\\\/?s={search_term_string}\"},\"query-input\":{\"@type\":\"PropertyValueSpecification\",\"valueRequired\":true,\"valueName\":\"search_term_string\"}}],\"inLanguage\":\"cs\"}]}<\/script>\n<meta property=\"product:price:amount\" content=\"9.20\" \/>\n<meta property=\"product:price:currency\" content=\"EUR\" \/>\n<meta property=\"og:availability\" content=\"instock\" \/>\n<meta property=\"product:availability\" content=\"instock\" \/>\n<meta property=\"product:condition\" content=\"new\" \/>\n<!-- \/ Yoast SEO Premium plugin. -->","yoast_head_json":{"title":"Colostrum junior - ZK company","robots":{"index":"index","follow":"follow","max-snippet":"max-snippet:-1","max-image-preview":"max-image-preview:large","max-video-preview":"max-video-preview:-1"},"canonical":"https:\/\/zkeshop.sk\/produkt\/kolostrum-junior\/","og_locale":"cs_CZ","og_type":"article","og_title":"Colostrum junior","og_description":"Hov\u011bz\u00ed (kravsk\u00e9) kolostrum obsahuje protil\u00e1tky, \u0159adu imunitn\u00edch a r\u016fstov\u00fdch faktor\u016f.1 tableta obsahuje nejm\u00e9n\u011b 30 % imunoglobulin\u016f a vitamin C.","og_url":"https:\/\/zkeshop.sk\/produkt\/kolostrum-junior\/","og_site_name":"ZK company","article_modified_time":"2025-02-17T13:35:14+00:00","og_image":[{"width":1080,"height":1080,"url":"https:\/\/zkeshop.sk\/wp-content\/uploads\/2024\/06\/Kolostrum-junior-30-tbl-SK.jpg","type":"image\/jpeg"}],"twitter_card":"summary_large_image","twitter_misc":{"Cena":"9,20&nbsp;&euro;","Dostupnost":"Skladem"},"schema":{"@context":"https:\/\/schema.org","@graph":[{"@type":"WebPage","@id":"https:\/\/zkeshop.sk\/produkt\/kolostrum-junior\/","url":"https:\/\/zkeshop.sk\/produkt\/kolostrum-junior\/","name":"Colostrum junior - ZK company","isPartOf":{"@id":"https:\/\/zkeshop.sk\/#website"},"primaryImageOfPage":{"@id":"https:\/\/zkeshop.sk\/produkt\/kolostrum-junior\/#primaryimage"},"image":{"@id":"https:\/\/zkeshop.sk\/produkt\/kolostrum-junior\/#primaryimage"},"thumbnailUrl":"https:\/\/zkeshop.sk\/wp-content\/uploads\/2024\/06\/Kolostrum-junior-30-tbl-SK.jpg","datePublished":"2024-06-22T10:15:33+00:00","dateModified":"2025-02-17T13:35:14+00:00","breadcrumb":{"@id":"https:\/\/zkeshop.sk\/produkt\/kolostrum-junior\/#breadcrumb"},"inLanguage":"cs","potentialAction":[{"@type":"ReadAction","target":["https:\/\/zkeshop.sk\/produkt\/kolostrum-junior\/"]}]},{"@type":"ImageObject","inLanguage":"cs","@id":"https:\/\/zkeshop.sk\/produkt\/kolostrum-junior\/#primaryimage","url":"https:\/\/zkeshop.sk\/wp-content\/uploads\/2024\/06\/Kolostrum-junior-30-tbl-SK.jpg","contentUrl":"https:\/\/zkeshop.sk\/wp-content\/uploads\/2024\/06\/Kolostrum-junior-30-tbl-SK.jpg","width":1080,"height":1080,"caption":"Kvalitn\u00e9 bovinn\u00e9 kolostrum s minim\u00e1lne 30 % imunoglobul\u00ednov podporuje imunitu a zdravie. Obsahuje vitam\u00edn C, jahodov\u00fa ar\u00f3mu, bez konzervantov."},{"@type":"BreadcrumbList","@id":"https:\/\/zkeshop.sk\/produkt\/kolostrum-junior\/#breadcrumb","itemListElement":[{"@type":"ListItem","position":1,"name":"Dom\u016f","item":"https:\/\/zkeshop.sk\/"},{"@type":"ListItem","position":2,"name":"Obchod","item":"https:\/\/zkeshop.sk\/obchod\/"},{"@type":"ListItem","position":3,"name":"Colostrum junior"}]},{"@type":"WebSite","@id":"https:\/\/zkeshop.sk\/#website","url":"https:\/\/zkeshop.sk\/","name":"ZK company","description":"Kvalitn\u00e1 kozmetika pre ka\u017edodenn\u00e9 pou\u017eitie","potentialAction":[{"@type":"SearchAction","target":{"@type":"EntryPoint","urlTemplate":"https:\/\/zkeshop.sk\/?s={search_term_string}"},"query-input":{"@type":"PropertyValueSpecification","valueRequired":true,"valueName":"search_term_string"}}],"inLanguage":"cs"}]},"product_price_amount":"9.20","product_price_currency":"EUR","og_availability":"instock","product_availability":"instock","product_condition":"new"},"_links":{"self":[{"href":"https:\/\/zkeshop.sk\/cs\/wp-json\/wp\/v2\/product\/14871","targetHints":{"allow":["GET"]}}],"collection":[{"href":"https:\/\/zkeshop.sk\/cs\/wp-json\/wp\/v2\/product"}],"about":[{"href":"https:\/\/zkeshop.sk\/cs\/wp-json\/wp\/v2\/types\/product"}],"replies":[{"embeddable":true,"href":"https:\/\/zkeshop.sk\/cs\/wp-json\/wp\/v2\/comments?post=14871"}],"version-history":[{"count":0,"href":"https:\/\/zkeshop.sk\/cs\/wp-json\/wp\/v2\/product\/14871\/revisions"}],"wp:featuredmedia":[{"embeddable":true,"href":"https:\/\/zkeshop.sk\/cs\/wp-json\/wp\/v2\/media\/12866"}],"wp:attachment":[{"href":"https:\/\/zkeshop.sk\/cs\/wp-json\/wp\/v2\/media?parent=14871"}],"wp:term":[{"taxonomy":"product_brand","embeddable":true,"href":"https:\/\/zkeshop.sk\/cs\/wp-json\/wp\/v2\/product_brand?post=14871"},{"taxonomy":"product_cat","embeddable":true,"href":"https:\/\/zkeshop.sk\/cs\/wp-json\/wp\/v2\/product_cat?post=14871"},{"taxonomy":"product_tag","embeddable":true,"href":"https:\/\/zkeshop.sk\/cs\/wp-json\/wp\/v2\/product_tag?post=14871"}],"curies":[{"name":"wp","href":"https:\/\/api.w.org\/{rel}","templated":true}]}}