{"id":14872,"date":"2024-06-22T12:08:31","date_gmt":"2024-06-22T10:08:31","guid":{"rendered":"https:\/\/zkeshop.sk\/produkt\/opice-kapucinska-vetsi-akut-forte\/"},"modified":"2025-05-05T22:36:00","modified_gmt":"2025-05-05T20:36:00","slug":"lichorerisnice-vetsi-akut-forte","status":"publish","type":"product","link":"https:\/\/zkeshop.sk\/cs\/produkt\/lichorerisnice-vetsi-akut-forte\/","title":{"rendered":"Licho\u0159e\u0159i\u0161nice v\u011bt\u0161\u00ed Akut Forte"},"content":{"rendered":"<p>P\u0159\u00edpravek obsahuje mikronizovan\u00fd extrakt z rostliny Licho\u0159e\u0159i\u0161nice v\u011bt\u0161\u00ed, co\u017e znamen\u00e1, \u017ee jeho \u010d\u00e1stice jsou dostate\u010dn\u011b mal\u00e9 na to, aby pro\u0161ly tenk\u00fdm st\u0159evem do cel\u00e9ho t\u011bla. D\u00e1le obsahuje extrakt z kanadsk\u00fdch brusinek, kter\u00fd je prosp\u011b\u0161n\u00fd pro norm\u00e1ln\u00ed funkci mo\u010dov\u00fdch cest, a l\u00e1tku D-man\u00f3zu. D-man\u00f3za je jednoduch\u00fd monosacharid podobn\u00fd gluk\u00f3ze. P\u0159irozen\u011b se vyskytuje v r\u016fzn\u00fdch druz\u00edch ovoce, bobulovin a rostlin. Po po\u017eit\u00ed je t\u00e9m\u011b\u0159 nemetabolizovan\u00e1, snadno se vst\u0159eb\u00e1v\u00e1 do krve a z krve je filtrov\u00e1na ledvinami p\u0159\u00edmo do mo\u010di, kde p\u016fsob\u00ed.<\/p>\n<p><strong>Slo\u017een\u00ed v 1 tablet\u011b: <\/strong> kapuc\u00ednka \/Tropaeolum majus\/ 100 mg. (mikronizovan\u00e1), extrakt z kanadsk\u00fdch brusinek 200 mg, D-man\u00f3za 300 mg, mikrokrystalick\u00e1 celul\u00f3za, stearan ho\u0159e\u010dnat\u00fd.<\/p>\n<p><strong>D\u00e1vkov\u00e1n\u00ed: <\/strong>2-3 tablety denn\u011b<\/p>\n<p><strong>Balen\u00ed: 20 tablet<\/strong><\/p>\n<p>Upozorn\u011bn\u00ed: Stanoven\u00e1 doporu\u010den\u00e1 denn\u00ed d\u00e1vka nesm\u00ed b\u00fdt p\u0159ekro\u010dena! Dopln\u011bk stravy se nesm\u00ed pou\u017e\u00edvat jako n\u00e1hrada pestr\u00e9 a rozmanit\u00e9 stravy! Nevhodn\u00e9 pro d\u011bti do 3 let.<\/p>\n<p>Dopln\u011bk stravy se doporu\u010duje uchov\u00e1vat mimo dosah mal\u00fdch d\u011bt\u00ed.<\/p>\n<p>Skladujte na such\u00e9m m\u00edst\u011b p\u0159i teplot\u011b do 25 \u00b0C.<\/p>\n","protected":false},"excerpt":{"rendered":"<h4><strong><span style=\"color: #ff0000;\">3+1 VOLN\u00c1 AKCE. Vlo\u017ete do ko\u0161\u00edku 3 produkty a \u010dtvrt\u00fd automaticky z\u00edsk\u00e1te ZDARMA. <\/span><\/strong><\/h4>\n<p>Tento produkt obsahuje mikronizovan\u00fd v\u00fdta\u017eek z rostliny Licho\u0159e\u0159i\u0161nice v\u011bt\u0161\u00ed.<\/p>\n","protected":false},"featured_media":12851,"comment_status":"open","ping_status":"closed","template":"","meta":[],"product_brand":[],"product_cat":[89,122],"product_tag":[],"class_list":{"0":"post-14872","1":"product","2":"type-product","3":"status-publish","4":"has-post-thumbnail","6":"product_cat-doplnky-stravy","7":"product_cat-doplnky-stravy-pro-dospele","9":"first","10":"instock","11":"taxable","12":"shipping-taxable","13":"purchasable","14":"product-type-simple"},"yoast_head":"<!-- This site is optimized with the Yoast SEO Premium plugin v27.3 (Yoast SEO v27.3) - https:\/\/yoast.com\/product\/yoast-seo-premium-wordpress\/ -->\n<title>Licho\u0159e\u0159i\u0161nice v\u011bt\u0161\u00ed Akut Forte - ZK company<\/title>\n<meta name=\"robots\" content=\"index, follow, max-snippet:-1, max-image-preview:large, max-video-preview:-1\" \/>\n<link rel=\"canonical\" href=\"https:\/\/zkeshop.sk\/cs\/produkt\/lichorerisnice-vetsi-akut-forte\/\" \/>\n<meta property=\"og:locale\" content=\"cs_CZ\" \/>\n<meta property=\"og:type\" content=\"article\" \/>\n<meta property=\"og:title\" content=\"Licho\u0159e\u0159i\u0161nice v\u011bt\u0161\u00ed Akut Forte\" \/>\n<meta property=\"og:description\" content=\"3+1 VOLN\u00c1 AKCE. Vlo\u017ete do ko\u0161\u00edku 3 produkty a \u010dtvrt\u00fd automaticky z\u00edsk\u00e1te ZDARMA.  Tento produkt obsahuje mikronizovan\u00fd v\u00fdta\u017eek z rostliny Licho\u0159e\u0159i\u0161nice v\u011bt\u0161\u00ed.\" \/>\n<meta property=\"og:url\" content=\"https:\/\/zkeshop.sk\/cs\/produkt\/lichorerisnice-vetsi-akut-forte\/\" \/>\n<meta property=\"og:site_name\" content=\"ZK company\" \/>\n<meta property=\"article:modified_time\" content=\"2025-05-05T20:36:00+00:00\" \/>\n<meta property=\"og:image\" content=\"https:\/\/zkeshop.sk\/wp-content\/uploads\/2024\/06\/Kapucinka-akut-forte-20-tbl-SK.jpg\" \/>\n\t<meta property=\"og:image:width\" content=\"1080\" \/>\n\t<meta property=\"og:image:height\" content=\"1080\" \/>\n\t<meta property=\"og:image:type\" content=\"image\/jpeg\" \/>\n<meta name=\"twitter:card\" content=\"summary_large_image\" \/>\n<meta name=\"twitter:label1\" content=\"Cena\" \/>\n\t<meta name=\"twitter:data1\" content=\"9,90&nbsp;&euro;\" \/>\n\t<meta name=\"twitter:label2\" content=\"Dostupnost\" \/>\n\t<meta name=\"twitter:data2\" content=\"Skladem\" \/>\n<script type=\"application\/ld+json\" class=\"yoast-schema-graph\">{\"@context\":\"https:\\\/\\\/schema.org\",\"@graph\":[{\"@type\":\"WebPage\",\"@id\":\"https:\\\/\\\/zkeshop.sk\\\/cs\\\/produkt\\\/lichorerisnice-vetsi-akut-forte\\\/\",\"url\":\"https:\\\/\\\/zkeshop.sk\\\/cs\\\/produkt\\\/lichorerisnice-vetsi-akut-forte\\\/\",\"name\":\"Licho\u0159e\u0159i\u0161nice v\u011bt\u0161\u00ed Akut Forte - ZK company\",\"isPartOf\":{\"@id\":\"https:\\\/\\\/zkeshop.sk\\\/#website\"},\"primaryImageOfPage\":{\"@id\":\"https:\\\/\\\/zkeshop.sk\\\/cs\\\/produkt\\\/lichorerisnice-vetsi-akut-forte\\\/#primaryimage\"},\"image\":{\"@id\":\"https:\\\/\\\/zkeshop.sk\\\/cs\\\/produkt\\\/lichorerisnice-vetsi-akut-forte\\\/#primaryimage\"},\"thumbnailUrl\":\"https:\\\/\\\/zkeshop.sk\\\/wp-content\\\/uploads\\\/2024\\\/06\\\/Kapucinka-akut-forte-20-tbl-SK.jpg\",\"datePublished\":\"2024-06-22T10:08:31+00:00\",\"dateModified\":\"2025-05-05T20:36:00+00:00\",\"breadcrumb\":{\"@id\":\"https:\\\/\\\/zkeshop.sk\\\/cs\\\/produkt\\\/lichorerisnice-vetsi-akut-forte\\\/#breadcrumb\"},\"inLanguage\":\"cs\",\"potentialAction\":[{\"@type\":\"ReadAction\",\"target\":[\"https:\\\/\\\/zkeshop.sk\\\/cs\\\/produkt\\\/lichorerisnice-vetsi-akut-forte\\\/\"]}]},{\"@type\":\"ImageObject\",\"inLanguage\":\"cs\",\"@id\":\"https:\\\/\\\/zkeshop.sk\\\/cs\\\/produkt\\\/lichorerisnice-vetsi-akut-forte\\\/#primaryimage\",\"url\":\"https:\\\/\\\/zkeshop.sk\\\/wp-content\\\/uploads\\\/2024\\\/06\\\/Kapucinka-akut-forte-20-tbl-SK.jpg\",\"contentUrl\":\"https:\\\/\\\/zkeshop.sk\\\/wp-content\\\/uploads\\\/2024\\\/06\\\/Kapucinka-akut-forte-20-tbl-SK.jpg\",\"width\":1080,\"height\":1080,\"caption\":\"Kapuc\u00ednka v\u00e4\u010d\u0161ia Akut Forte pr\u00edrodn\u00fd doplnok s mikronizovan\u00fdm extraktom kapuc\u00ednky, kanadskou brusnicou a D-man\u00f3zou pre podporu zdrav\u00fdch mo\u010dov\u00fdch ciest.\"},{\"@type\":\"BreadcrumbList\",\"@id\":\"https:\\\/\\\/zkeshop.sk\\\/cs\\\/produkt\\\/lichorerisnice-vetsi-akut-forte\\\/#breadcrumb\",\"itemListElement\":[{\"@type\":\"ListItem\",\"position\":1,\"name\":\"Dom\u016f\",\"item\":\"https:\\\/\\\/zkeshop.sk\\\/\"},{\"@type\":\"ListItem\",\"position\":2,\"name\":\"Obchod\",\"item\":\"https:\\\/\\\/zkeshop.sk\\\/obchod\\\/\"},{\"@type\":\"ListItem\",\"position\":3,\"name\":\"Licho\u0159e\u0159i\u0161nice v\u011bt\u0161\u00ed Akut Forte\"}]},{\"@type\":\"WebSite\",\"@id\":\"https:\\\/\\\/zkeshop.sk\\\/#website\",\"url\":\"https:\\\/\\\/zkeshop.sk\\\/\",\"name\":\"ZK company\",\"description\":\"Kvalitn\u00e1 kozmetika pre ka\u017edodenn\u00e9 pou\u017eitie\",\"potentialAction\":[{\"@type\":\"SearchAction\",\"target\":{\"@type\":\"EntryPoint\",\"urlTemplate\":\"https:\\\/\\\/zkeshop.sk\\\/?s={search_term_string}\"},\"query-input\":{\"@type\":\"PropertyValueSpecification\",\"valueRequired\":true,\"valueName\":\"search_term_string\"}}],\"inLanguage\":\"cs\"}]}<\/script>\n<meta property=\"product:price:amount\" content=\"9.90\" \/>\n<meta property=\"product:price:currency\" content=\"EUR\" \/>\n<meta property=\"og:availability\" content=\"instock\" \/>\n<meta property=\"product:availability\" content=\"instock\" \/>\n<meta property=\"product:condition\" content=\"new\" \/>\n<!-- \/ Yoast SEO Premium plugin. -->","yoast_head_json":{"title":"Licho\u0159e\u0159i\u0161nice v\u011bt\u0161\u00ed Akut Forte - ZK company","robots":{"index":"index","follow":"follow","max-snippet":"max-snippet:-1","max-image-preview":"max-image-preview:large","max-video-preview":"max-video-preview:-1"},"canonical":"https:\/\/zkeshop.sk\/cs\/produkt\/lichorerisnice-vetsi-akut-forte\/","og_locale":"cs_CZ","og_type":"article","og_title":"Licho\u0159e\u0159i\u0161nice v\u011bt\u0161\u00ed Akut Forte","og_description":"3+1 VOLN\u00c1 AKCE. Vlo\u017ete do ko\u0161\u00edku 3 produkty a \u010dtvrt\u00fd automaticky z\u00edsk\u00e1te ZDARMA.  Tento produkt obsahuje mikronizovan\u00fd v\u00fdta\u017eek z rostliny Licho\u0159e\u0159i\u0161nice v\u011bt\u0161\u00ed.","og_url":"https:\/\/zkeshop.sk\/cs\/produkt\/lichorerisnice-vetsi-akut-forte\/","og_site_name":"ZK company","article_modified_time":"2025-05-05T20:36:00+00:00","og_image":[{"width":1080,"height":1080,"url":"https:\/\/zkeshop.sk\/wp-content\/uploads\/2024\/06\/Kapucinka-akut-forte-20-tbl-SK.jpg","type":"image\/jpeg"}],"twitter_card":"summary_large_image","twitter_misc":{"Cena":"9,90&nbsp;&euro;","Dostupnost":"Skladem"},"schema":{"@context":"https:\/\/schema.org","@graph":[{"@type":"WebPage","@id":"https:\/\/zkeshop.sk\/cs\/produkt\/lichorerisnice-vetsi-akut-forte\/","url":"https:\/\/zkeshop.sk\/cs\/produkt\/lichorerisnice-vetsi-akut-forte\/","name":"Licho\u0159e\u0159i\u0161nice v\u011bt\u0161\u00ed Akut Forte - ZK company","isPartOf":{"@id":"https:\/\/zkeshop.sk\/#website"},"primaryImageOfPage":{"@id":"https:\/\/zkeshop.sk\/cs\/produkt\/lichorerisnice-vetsi-akut-forte\/#primaryimage"},"image":{"@id":"https:\/\/zkeshop.sk\/cs\/produkt\/lichorerisnice-vetsi-akut-forte\/#primaryimage"},"thumbnailUrl":"https:\/\/zkeshop.sk\/wp-content\/uploads\/2024\/06\/Kapucinka-akut-forte-20-tbl-SK.jpg","datePublished":"2024-06-22T10:08:31+00:00","dateModified":"2025-05-05T20:36:00+00:00","breadcrumb":{"@id":"https:\/\/zkeshop.sk\/cs\/produkt\/lichorerisnice-vetsi-akut-forte\/#breadcrumb"},"inLanguage":"cs","potentialAction":[{"@type":"ReadAction","target":["https:\/\/zkeshop.sk\/cs\/produkt\/lichorerisnice-vetsi-akut-forte\/"]}]},{"@type":"ImageObject","inLanguage":"cs","@id":"https:\/\/zkeshop.sk\/cs\/produkt\/lichorerisnice-vetsi-akut-forte\/#primaryimage","url":"https:\/\/zkeshop.sk\/wp-content\/uploads\/2024\/06\/Kapucinka-akut-forte-20-tbl-SK.jpg","contentUrl":"https:\/\/zkeshop.sk\/wp-content\/uploads\/2024\/06\/Kapucinka-akut-forte-20-tbl-SK.jpg","width":1080,"height":1080,"caption":"Kapuc\u00ednka v\u00e4\u010d\u0161ia Akut Forte pr\u00edrodn\u00fd doplnok s mikronizovan\u00fdm extraktom kapuc\u00ednky, kanadskou brusnicou a D-man\u00f3zou pre podporu zdrav\u00fdch mo\u010dov\u00fdch ciest."},{"@type":"BreadcrumbList","@id":"https:\/\/zkeshop.sk\/cs\/produkt\/lichorerisnice-vetsi-akut-forte\/#breadcrumb","itemListElement":[{"@type":"ListItem","position":1,"name":"Dom\u016f","item":"https:\/\/zkeshop.sk\/"},{"@type":"ListItem","position":2,"name":"Obchod","item":"https:\/\/zkeshop.sk\/obchod\/"},{"@type":"ListItem","position":3,"name":"Licho\u0159e\u0159i\u0161nice v\u011bt\u0161\u00ed Akut Forte"}]},{"@type":"WebSite","@id":"https:\/\/zkeshop.sk\/#website","url":"https:\/\/zkeshop.sk\/","name":"ZK company","description":"Kvalitn\u00e1 kozmetika pre ka\u017edodenn\u00e9 pou\u017eitie","potentialAction":[{"@type":"SearchAction","target":{"@type":"EntryPoint","urlTemplate":"https:\/\/zkeshop.sk\/?s={search_term_string}"},"query-input":{"@type":"PropertyValueSpecification","valueRequired":true,"valueName":"search_term_string"}}],"inLanguage":"cs"}]},"product_price_amount":"9.90","product_price_currency":"EUR","og_availability":"instock","product_availability":"instock","product_condition":"new"},"_links":{"self":[{"href":"https:\/\/zkeshop.sk\/cs\/wp-json\/wp\/v2\/product\/14872","targetHints":{"allow":["GET"]}}],"collection":[{"href":"https:\/\/zkeshop.sk\/cs\/wp-json\/wp\/v2\/product"}],"about":[{"href":"https:\/\/zkeshop.sk\/cs\/wp-json\/wp\/v2\/types\/product"}],"replies":[{"embeddable":true,"href":"https:\/\/zkeshop.sk\/cs\/wp-json\/wp\/v2\/comments?post=14872"}],"version-history":[{"count":1,"href":"https:\/\/zkeshop.sk\/cs\/wp-json\/wp\/v2\/product\/14872\/revisions"}],"predecessor-version":[{"id":15958,"href":"https:\/\/zkeshop.sk\/cs\/wp-json\/wp\/v2\/product\/14872\/revisions\/15958"}],"wp:featuredmedia":[{"embeddable":true,"href":"https:\/\/zkeshop.sk\/cs\/wp-json\/wp\/v2\/media\/12851"}],"wp:attachment":[{"href":"https:\/\/zkeshop.sk\/cs\/wp-json\/wp\/v2\/media?parent=14872"}],"wp:term":[{"taxonomy":"product_brand","embeddable":true,"href":"https:\/\/zkeshop.sk\/cs\/wp-json\/wp\/v2\/product_brand?post=14872"},{"taxonomy":"product_cat","embeddable":true,"href":"https:\/\/zkeshop.sk\/cs\/wp-json\/wp\/v2\/product_cat?post=14872"},{"taxonomy":"product_tag","embeddable":true,"href":"https:\/\/zkeshop.sk\/cs\/wp-json\/wp\/v2\/product_tag?post=14872"}],"curies":[{"name":"wp","href":"https:\/\/api.w.org\/{rel}","templated":true}]}}