{"id":14885,"date":"2024-02-07T16:28:48","date_gmt":"2024-02-07T15:28:48","guid":{"rendered":"https:\/\/zkeshop.sk\/produkt\/boosthair\/"},"modified":"2025-12-05T21:47:32","modified_gmt":"2025-12-05T20:47:32","slug":"boosthair","status":"publish","type":"product","link":"https:\/\/zkeshop.sk\/cs\/produkt\/boosthair\/","title":{"rendered":"boostHAIR"},"content":{"rendered":"<p>Z\u00edskejte kr\u00e1sn\u00e9 a zdrav\u00e9 vlasy s na\u0161imi vitam\u00edny &#8211; BoostHair. Speci\u00e1ln\u00ed kombinace p\u0159\u00edrodn\u00edch slo\u017eek je pe\u010dliv\u011b vybr\u00e1na tak, aby podporovala r\u016fst a posilovala vlasy od ko\u0159\u00ednk\u016f a\u017e ke kone\u010dk\u016fm. <\/p>\n<p>D\u00edky slo\u017een\u00ed v denn\u00ed d\u00e1vce (4 kapsle) m\u016f\u017eete dos\u00e1hnout maxim\u00e1ln\u00edho prosp\u011bchu pro va\u0161e vlasy:<\/p>\n<p>&#8211; <strong> L-methionin (1360 mg)<\/strong>: Tato aminokyselina je nezbytn\u00e1 pro tvorbu keratinu, z\u00e1kladn\u00edho stavebn\u00edho kamene vlas\u016f, a pom\u00e1h\u00e1 podporovat r\u016fst.<\/p>\n<p>&#8211; <strong> Extrakt z p\u0159esli\u010dky roln\u00ed (Equisetum arvense) 10% k\u0159em\u00edku (440 mg)<\/strong>: P\u0159esli\u010dka roln\u00ed obsahuje k\u0159em\u00edk, miner\u00e1l zn\u00e1m\u00fd svou schopnost\u00ed posilovat vlasy a zlep\u0161ovat jejich strukturu.<\/p>\n<p>&#8211; <strong> L-cystein (310 mg)<\/strong>: Aminokyselina d\u016fle\u017eit\u00e1 pro tvorbu keratinu a pom\u00e1h\u00e1 zlep\u0161ovat pevnost a pru\u017enost vlas\u016f.<\/p>\n<p>&#8211; <strong> Saw Palmetto (Serenoa repens) (160 mg)<\/strong>: Extrakt ze Saw Palmetto \u00fadajn\u011b podporuje zdrav\u00ed vlas\u016f a m\u016f\u017ee pomoci udr\u017eet zdravou poko\u017eku hlavy.<\/p>\n<p>&#8211; <strong> L-Tyrosin (100 mg)<\/strong>: Aminokyselina L-Tyrosin m\u016f\u017ee p\u0159isp\u00edvat k celkov\u00e9mu zdrav\u00ed a podporovat r\u016fst siln\u00fdch a pru\u017en\u00fdch vlas\u016f.<\/p>\n<p>&#8211; <strong> Zinek (glukon\u00e1t zine\u010dnat\u00fd) (10 mg)<\/strong>: Zinek je d\u016fle\u017eit\u00fd pro zdrav\u00ed vlas\u016f a vlasov\u00e9 poko\u017eky a pom\u00e1h\u00e1 proti vypad\u00e1v\u00e1n\u00ed vlas\u016f.<\/p>\n<p>&#8211; <strong> M\u011b\u010f (glukon\u00e1t m\u011b\u010fnat\u00fd) (2,0 mg)<\/strong>: M\u011b\u010f je kl\u00ed\u010dov\u00fdm miner\u00e1lem pro tvorbu melaninu, pigmentu ve vlasech, a pom\u00e1h\u00e1 udr\u017eovat jejich p\u0159irozenou barvu.<\/p>\n<p>&#8211; <strong> Biotin (D-biotin) (300 \u00b5g <\/strong>) : Biotin, zn\u00e1m\u00fd tak\u00e9 jako vitamin B7, je zn\u00e1m\u00fd svou \u00falohou p\u0159i podpo\u0159e zdrav\u00ed vlas\u016f a neht\u016f a m\u016f\u017ee p\u0159isp\u011bt ke zlep\u0161en\u00ed r\u016fstu a struktury vlas\u016f.<\/p>\n<p>Slo\u017een\u00ed <strong>boostHAIR<\/strong> je navr\u017eeno tak, aby optim\u00e1ln\u011b podporovalo r\u016fst vlas\u016f. P\u0159\u00edzniv\u00e9 \u00fa\u010dinky na r\u016fst, hustotu a kvalitu vlas\u016f jsou v\u00fdsledkem pe\u010dliv\u011b vybran\u00e9 kombinace p\u0159\u00edrodn\u00edch slo\u017eek. <\/p>\n<h4>V\u00fdhody pravideln\u00e9ho pou\u017e\u00edv\u00e1n\u00ed boostHAIR :<\/h4>\n<ul>\n<li><strong>Pos\u00edlen\u00ed vlasov\u00fdch folikul\u016f<\/strong>: Pom\u00e1h\u00e1 posilovat vlasov\u00e9 folikuly, co\u017e vede k v\u011bt\u0161\u00ed odolnosti vlas\u016f a men\u0161\u00edmu vypad\u00e1v\u00e1n\u00ed vlas\u016f.<\/li>\n<li><strong>Podpora r\u016fstu vlas\u016f<\/strong>: Zlep\u0161uje r\u016fst vlas\u016f a pom\u00e1h\u00e1 dos\u00e1hnout del\u0161\u00edch a siln\u011bj\u0161\u00edch vlas\u016f.<\/li>\n<li><strong>Zlep\u0161en\u00ed struktury a struktury vlas\u016f<\/strong>: Pom\u00e1h\u00e1 zlep\u0161it strukturu a strukturu vlas\u016f, co\u017e vede ke zdrav\u00fdm a leskl\u00fdm vlas\u016fm.<\/li>\n<li><strong>Regulace tvorby ko\u017en\u00edho mazu<\/strong>: Pom\u00e1h\u00e1 regulovat tvorbu ko\u017en\u00edho mazu, co\u017e m\u016f\u017ee pomoci zm\u00edrnit nadm\u011brnou mastnotu vlas\u016f.<\/li>\n<li><strong>Ochrana barvy vlas\u016f<\/strong>: Pom\u00e1h\u00e1 udr\u017eovat p\u0159irozenou barvu vlas\u016f a minimalizovat vliv oxidace na barvu.<\/li>\n<\/ul>\n<p><strong>boostHair<\/strong> cesta k siln\u00fdm, leskl\u00fdm a zdrav\u00fdm vlas\u016fm pln\u00fdm \u017eivota.<\/p>\n<p>L-methionin &#8211; 1360 mg, p\u0159esli\u010dka roln\u00ed (Equisetum arvense) extrakt 10% k\u0159em\u00edku &#8211; 440 mg, L-cystein b\u00e1ze &#8211; 310 mg, Saw Palmetto (Serenoa repens) 160 mg, L-tyrosin &#8211; 100 mg, Zinek ve form\u011b glukon\u00e1tu zine\u010dnat\u00e9ho 10 mg (100%RVH), M\u011b\u010f ve form\u011b glukon\u00e1tu m\u011b\u010fnat\u00e9ho &#8211; 2,0 mg (200%RVH), Biotin (D-biotin) &#8211; 300 \u00b5g (600%RVH), obal &#8211; \u017eelatina.<\/p>\n<p><strong><b>D\u00e1vkov\u00e1n\u00ed<\/b><\/strong><strong> 2 x 2 kapsle denn\u011b po j\u00eddle s dostate\u010dn\u00fdm mno\u017estv\u00edm tekutiny.<\/strong><\/p>\n<p><strong>Balen\u00ed:<\/strong> 120 kapsl\u00ed<\/p>\n<p>hmotnost 1 tobolky: 750 mg (+\/- 5 %), hmotnost balen\u00ed 90 g.<\/p>\n<p>Stanoven\u00e1 doporu\u010den\u00e1 denn\u00ed d\u00e1vka nesm\u00ed b\u00fdt p\u0159ekro\u010dena. Uchov\u00e1vejte mimo dosah mal\u00fdch<span lang=\"da-DK\"> d\u011bt\u00ed<\/span>. V\u00fdrobek nen\u00ed vhodn\u00fd pro d\u011bti mlad\u0161\u00ed 15 let. T\u011bhotn\u00e9 a koj\u00edc\u00ed \u017eeny u\u017e\u00edvaj\u00edc\u00ed dopln\u011bk stravy by se m\u011bly poradit s l\u00e9ka\u0159em. Nesm\u00ed se u\u017e\u00edvat jako n\u00e1hrada pestr\u00e9 stravy. Neobsahuje <span lang=\"fr-FR\">konzerva\u010dn\u00ed l\u00e1tky <\/span>, barviva ani cukr. Skladujte na such\u00e9m m\u00edst\u011b, mimo dosah p\u0159\u00edm\u00e9ho sv\u011btla a p\u0159i teplot\u011b do 25 \u00b0C. Minim\u00e1ln\u00ed trvanlivost do: uvedeno na obalu.      <\/p>\n<p lang=\"sk-SK\" align=\"JUSTIFY\">Dopln\u011bk stravy<\/p>\n<p>Pro dosa\u017een\u00ed optim\u00e1ln\u00edch a viditeln\u00fdch v\u00fdsledk\u016f doporu\u010dujeme u\u017e\u00edvat p\u0159\u00edpravek minim\u00e1ln\u011b 3 m\u011bs\u00edce nebo d\u00e9le.<\/p>\n<p>&nbsp;<\/p>\n","protected":false},"excerpt":{"rendered":"<h4><strong><span style=\"color: #ff0000;\">2+1 VOLN\u00c1 AKCE. Vlo\u017ete do ko\u0161\u00edku 2 produkty a t\u0159et\u00ed automaticky z\u00edsk\u00e1te ZDARMA. <\/span><\/strong><\/h4>\n<ul>\n<li>Pos\u00edlen\u00ed vlasov\u00fdch folikul\u016f: <strong>Pom\u00e1h\u00e1 posilovat vlasov\u00e9 folikuly<\/strong>, co\u017e vede k v\u011bt\u0161\u00ed odolnosti vlas\u016f a men\u0161\u00edmu vypad\u00e1v\u00e1n\u00ed vlas\u016f.<\/li>\n<li>Podpora r\u016fstu vlas\u016f : <strong>Zlep\u0161uje r\u016fst vlas\u016f<\/strong> a pom\u00e1h\u00e1 dos\u00e1hnout del\u0161\u00edch a siln\u011bj\u0161\u00edch vlas\u016f.<\/li>\n<li>Zlep\u0161en\u00ed struktury a struktury vlas\u016f: <strong>Pom\u00e1h\u00e1 zlep\u0161it strukturu a strukturu vlas\u016f<\/strong>, co\u017e vede ke zdrav\u00fdm a leskl\u00fdm vlas\u016fm.<\/li>\n<li>Regulace tvorby ko\u017en\u00edho mazu : Pom\u00e1h\u00e1 regulovat tvorbu ko\u017en\u00edho mazu, co\u017e <strong>m\u016f\u017ee pomoci zm\u00edrnit nadm\u011brnou mastnotu vlas\u016f<\/strong>.<\/li>\n<li>Ochrana barvy vlas\u016f : Pom\u00e1h\u00e1 <strong>udr\u017eovat p\u0159irozenou barvu vlas\u016f<\/strong> a minimalizovat vliv oxidace na barvu.<\/li>\n<\/ul>\n","protected":false},"featured_media":12680,"comment_status":"open","ping_status":"closed","template":"","meta":[],"product_brand":[],"product_cat":[89,122,118],"product_tag":[],"class_list":{"0":"post-14885","1":"product","2":"type-product","3":"status-publish","4":"has-post-thumbnail","6":"product_cat-doplnky-stravy","7":"product_cat-doplnky-stravy-pro-dospele","8":"product_cat-vitaminy-a-mineraly-cs","10":"first","11":"instock","12":"sale","13":"taxable","14":"shipping-taxable","15":"purchasable","16":"product-type-simple"},"yoast_head":"<!-- This site is optimized with the Yoast SEO Premium plugin v27.3 (Yoast SEO v27.3) - https:\/\/yoast.com\/product\/yoast-seo-premium-wordpress\/ -->\n<title>ZK boostHair : Vitam\u00edny pro podporu r\u016fstu, hustoty a kvality vlas\u016f<\/title>\n<meta name=\"description\" content=\"boostHair - z\u00edskejte kr\u00e1sn\u00e9 a zdrav\u00e9 vlasy d\u00edky na\u0161\u00ed speci\u00e1ln\u00ed kombinaci p\u0159\u00edrodn\u00edch slo\u017eek. Podporuj\u00ed r\u016fst, hustotu a kvalitu vlas\u016f od ko\u0159\u00ednk\u016f a\u017e po kone\u010dky.\" \/>\n<meta name=\"robots\" content=\"index, follow, max-snippet:-1, max-image-preview:large, max-video-preview:-1\" \/>\n<link rel=\"canonical\" href=\"https:\/\/zkeshop.sk\/cs\/produkt\/boosthair\/\" \/>\n<meta property=\"og:locale\" content=\"cs_CZ\" \/>\n<meta property=\"og:type\" content=\"article\" \/>\n<meta property=\"og:title\" content=\"boostHAIR\" \/>\n<meta property=\"og:description\" content=\"boostHair - z\u00edskejte kr\u00e1sn\u00e9 a zdrav\u00e9 vlasy d\u00edky na\u0161\u00ed speci\u00e1ln\u00ed kombinaci p\u0159\u00edrodn\u00edch slo\u017eek. Podporuj\u00ed r\u016fst, hustotu a kvalitu vlas\u016f od ko\u0159\u00ednk\u016f a\u017e po kone\u010dky.\" \/>\n<meta property=\"og:url\" content=\"https:\/\/zkeshop.sk\/cs\/produkt\/boosthair\/\" \/>\n<meta property=\"og:site_name\" content=\"ZK company\" \/>\n<meta property=\"article:modified_time\" content=\"2025-12-05T20:47:32+00:00\" \/>\n<meta property=\"og:image\" content=\"https:\/\/zkeshop.sk\/wp-content\/uploads\/2024\/02\/ZK-Company-boostHAIR-Eshop.jpg\" \/>\n\t<meta property=\"og:image:width\" content=\"1080\" \/>\n\t<meta property=\"og:image:height\" content=\"1080\" \/>\n\t<meta property=\"og:image:type\" content=\"image\/jpeg\" \/>\n<meta name=\"twitter:card\" content=\"summary_large_image\" \/>\n<meta name=\"twitter:label1\" content=\"Cena\" \/>\n\t<meta name=\"twitter:data1\" content=\"26,00&nbsp;&euro;\" \/>\n\t<meta name=\"twitter:label2\" content=\"Dostupnost\" \/>\n\t<meta name=\"twitter:data2\" content=\"Skladem\" \/>\n<script type=\"application\/ld+json\" class=\"yoast-schema-graph\">{\"@context\":\"https:\\\/\\\/schema.org\",\"@graph\":[{\"@type\":\"WebPage\",\"@id\":\"https:\\\/\\\/zkeshop.sk\\\/cs\\\/produkt\\\/boosthair\\\/\",\"url\":\"https:\\\/\\\/zkeshop.sk\\\/cs\\\/produkt\\\/boosthair\\\/\",\"name\":\"ZK boostHair : Vitam\u00edny pro podporu r\u016fstu, hustoty a kvality vlas\u016f\",\"isPartOf\":{\"@id\":\"https:\\\/\\\/zkeshop.sk\\\/#website\"},\"primaryImageOfPage\":{\"@id\":\"https:\\\/\\\/zkeshop.sk\\\/cs\\\/produkt\\\/boosthair\\\/#primaryimage\"},\"image\":{\"@id\":\"https:\\\/\\\/zkeshop.sk\\\/cs\\\/produkt\\\/boosthair\\\/#primaryimage\"},\"thumbnailUrl\":\"https:\\\/\\\/zkeshop.sk\\\/wp-content\\\/uploads\\\/2024\\\/02\\\/ZK-Company-boostHAIR-Eshop.jpg\",\"datePublished\":\"2024-02-07T15:28:48+00:00\",\"dateModified\":\"2025-12-05T20:47:32+00:00\",\"description\":\"boostHair - z\u00edskejte kr\u00e1sn\u00e9 a zdrav\u00e9 vlasy d\u00edky na\u0161\u00ed speci\u00e1ln\u00ed kombinaci p\u0159\u00edrodn\u00edch slo\u017eek. Podporuj\u00ed r\u016fst, hustotu a kvalitu vlas\u016f od ko\u0159\u00ednk\u016f a\u017e po kone\u010dky.\",\"breadcrumb\":{\"@id\":\"https:\\\/\\\/zkeshop.sk\\\/cs\\\/produkt\\\/boosthair\\\/#breadcrumb\"},\"inLanguage\":\"cs\",\"potentialAction\":[{\"@type\":\"ReadAction\",\"target\":[\"https:\\\/\\\/zkeshop.sk\\\/cs\\\/produkt\\\/boosthair\\\/\"]}]},{\"@type\":\"ImageObject\",\"inLanguage\":\"cs\",\"@id\":\"https:\\\/\\\/zkeshop.sk\\\/cs\\\/produkt\\\/boosthair\\\/#primaryimage\",\"url\":\"https:\\\/\\\/zkeshop.sk\\\/wp-content\\\/uploads\\\/2024\\\/02\\\/ZK-Company-boostHAIR-Eshop.jpg\",\"contentUrl\":\"https:\\\/\\\/zkeshop.sk\\\/wp-content\\\/uploads\\\/2024\\\/02\\\/ZK-Company-boostHAIR-Eshop.jpg\",\"width\":1080,\"height\":1080,\"caption\":\"boostHair - z\u00edskaj kr\u00e1sne a zdrav\u00e9 vlasy s na\u0161ou \u0161peci\u00e1lnou kombin\u00e1ciou pr\u00edrodn\u00fdch zlo\u017eiek. Podporuj\u00fa rast, hustotu a kvalitu vlasov od korienkov po kon\u010deky\"},{\"@type\":\"BreadcrumbList\",\"@id\":\"https:\\\/\\\/zkeshop.sk\\\/cs\\\/produkt\\\/boosthair\\\/#breadcrumb\",\"itemListElement\":[{\"@type\":\"ListItem\",\"position\":1,\"name\":\"Dom\u016f\",\"item\":\"https:\\\/\\\/zkeshop.sk\\\/\"},{\"@type\":\"ListItem\",\"position\":2,\"name\":\"Obchod\",\"item\":\"https:\\\/\\\/zkeshop.sk\\\/obchod\\\/\"},{\"@type\":\"ListItem\",\"position\":3,\"name\":\"boostHAIR\"}]},{\"@type\":\"WebSite\",\"@id\":\"https:\\\/\\\/zkeshop.sk\\\/#website\",\"url\":\"https:\\\/\\\/zkeshop.sk\\\/\",\"name\":\"ZK company\",\"description\":\"Kvalitn\u00e1 kozmetika pre ka\u017edodenn\u00e9 pou\u017eitie\",\"potentialAction\":[{\"@type\":\"SearchAction\",\"target\":{\"@type\":\"EntryPoint\",\"urlTemplate\":\"https:\\\/\\\/zkeshop.sk\\\/?s={search_term_string}\"},\"query-input\":{\"@type\":\"PropertyValueSpecification\",\"valueRequired\":true,\"valueName\":\"search_term_string\"}}],\"inLanguage\":\"cs\"}]}<\/script>\n<meta property=\"product:price:amount\" content=\"26.00\" \/>\n<meta property=\"product:price:currency\" content=\"EUR\" \/>\n<meta property=\"og:availability\" content=\"instock\" \/>\n<meta property=\"product:availability\" content=\"instock\" \/>\n<meta property=\"product:condition\" content=\"new\" \/>\n<!-- \/ Yoast SEO Premium plugin. -->","yoast_head_json":{"title":"ZK boostHair : Vitam\u00edny pro podporu r\u016fstu, hustoty a kvality vlas\u016f","description":"boostHair - z\u00edskejte kr\u00e1sn\u00e9 a zdrav\u00e9 vlasy d\u00edky na\u0161\u00ed speci\u00e1ln\u00ed kombinaci p\u0159\u00edrodn\u00edch slo\u017eek. Podporuj\u00ed r\u016fst, hustotu a kvalitu vlas\u016f od ko\u0159\u00ednk\u016f a\u017e po kone\u010dky.","robots":{"index":"index","follow":"follow","max-snippet":"max-snippet:-1","max-image-preview":"max-image-preview:large","max-video-preview":"max-video-preview:-1"},"canonical":"https:\/\/zkeshop.sk\/cs\/produkt\/boosthair\/","og_locale":"cs_CZ","og_type":"article","og_title":"boostHAIR","og_description":"boostHair - z\u00edskejte kr\u00e1sn\u00e9 a zdrav\u00e9 vlasy d\u00edky na\u0161\u00ed speci\u00e1ln\u00ed kombinaci p\u0159\u00edrodn\u00edch slo\u017eek. Podporuj\u00ed r\u016fst, hustotu a kvalitu vlas\u016f od ko\u0159\u00ednk\u016f a\u017e po kone\u010dky.","og_url":"https:\/\/zkeshop.sk\/cs\/produkt\/boosthair\/","og_site_name":"ZK company","article_modified_time":"2025-12-05T20:47:32+00:00","og_image":[{"width":1080,"height":1080,"url":"https:\/\/zkeshop.sk\/wp-content\/uploads\/2024\/02\/ZK-Company-boostHAIR-Eshop.jpg","type":"image\/jpeg"}],"twitter_card":"summary_large_image","twitter_misc":{"Cena":"26,00&nbsp;&euro;","Dostupnost":"Skladem"},"schema":{"@context":"https:\/\/schema.org","@graph":[{"@type":"WebPage","@id":"https:\/\/zkeshop.sk\/cs\/produkt\/boosthair\/","url":"https:\/\/zkeshop.sk\/cs\/produkt\/boosthair\/","name":"ZK boostHair : Vitam\u00edny pro podporu r\u016fstu, hustoty a kvality vlas\u016f","isPartOf":{"@id":"https:\/\/zkeshop.sk\/#website"},"primaryImageOfPage":{"@id":"https:\/\/zkeshop.sk\/cs\/produkt\/boosthair\/#primaryimage"},"image":{"@id":"https:\/\/zkeshop.sk\/cs\/produkt\/boosthair\/#primaryimage"},"thumbnailUrl":"https:\/\/zkeshop.sk\/wp-content\/uploads\/2024\/02\/ZK-Company-boostHAIR-Eshop.jpg","datePublished":"2024-02-07T15:28:48+00:00","dateModified":"2025-12-05T20:47:32+00:00","description":"boostHair - z\u00edskejte kr\u00e1sn\u00e9 a zdrav\u00e9 vlasy d\u00edky na\u0161\u00ed speci\u00e1ln\u00ed kombinaci p\u0159\u00edrodn\u00edch slo\u017eek. Podporuj\u00ed r\u016fst, hustotu a kvalitu vlas\u016f od ko\u0159\u00ednk\u016f a\u017e po kone\u010dky.","breadcrumb":{"@id":"https:\/\/zkeshop.sk\/cs\/produkt\/boosthair\/#breadcrumb"},"inLanguage":"cs","potentialAction":[{"@type":"ReadAction","target":["https:\/\/zkeshop.sk\/cs\/produkt\/boosthair\/"]}]},{"@type":"ImageObject","inLanguage":"cs","@id":"https:\/\/zkeshop.sk\/cs\/produkt\/boosthair\/#primaryimage","url":"https:\/\/zkeshop.sk\/wp-content\/uploads\/2024\/02\/ZK-Company-boostHAIR-Eshop.jpg","contentUrl":"https:\/\/zkeshop.sk\/wp-content\/uploads\/2024\/02\/ZK-Company-boostHAIR-Eshop.jpg","width":1080,"height":1080,"caption":"boostHair - z\u00edskaj kr\u00e1sne a zdrav\u00e9 vlasy s na\u0161ou \u0161peci\u00e1lnou kombin\u00e1ciou pr\u00edrodn\u00fdch zlo\u017eiek. Podporuj\u00fa rast, hustotu a kvalitu vlasov od korienkov po kon\u010deky"},{"@type":"BreadcrumbList","@id":"https:\/\/zkeshop.sk\/cs\/produkt\/boosthair\/#breadcrumb","itemListElement":[{"@type":"ListItem","position":1,"name":"Dom\u016f","item":"https:\/\/zkeshop.sk\/"},{"@type":"ListItem","position":2,"name":"Obchod","item":"https:\/\/zkeshop.sk\/obchod\/"},{"@type":"ListItem","position":3,"name":"boostHAIR"}]},{"@type":"WebSite","@id":"https:\/\/zkeshop.sk\/#website","url":"https:\/\/zkeshop.sk\/","name":"ZK company","description":"Kvalitn\u00e1 kozmetika pre ka\u017edodenn\u00e9 pou\u017eitie","potentialAction":[{"@type":"SearchAction","target":{"@type":"EntryPoint","urlTemplate":"https:\/\/zkeshop.sk\/?s={search_term_string}"},"query-input":{"@type":"PropertyValueSpecification","valueRequired":true,"valueName":"search_term_string"}}],"inLanguage":"cs"}]},"product_price_amount":"26.00","product_price_currency":"EUR","og_availability":"instock","product_availability":"instock","product_condition":"new"},"_links":{"self":[{"href":"https:\/\/zkeshop.sk\/cs\/wp-json\/wp\/v2\/product\/14885","targetHints":{"allow":["GET"]}}],"collection":[{"href":"https:\/\/zkeshop.sk\/cs\/wp-json\/wp\/v2\/product"}],"about":[{"href":"https:\/\/zkeshop.sk\/cs\/wp-json\/wp\/v2\/types\/product"}],"replies":[{"embeddable":true,"href":"https:\/\/zkeshop.sk\/cs\/wp-json\/wp\/v2\/comments?post=14885"}],"version-history":[{"count":0,"href":"https:\/\/zkeshop.sk\/cs\/wp-json\/wp\/v2\/product\/14885\/revisions"}],"wp:featuredmedia":[{"embeddable":true,"href":"https:\/\/zkeshop.sk\/cs\/wp-json\/wp\/v2\/media\/12680"}],"wp:attachment":[{"href":"https:\/\/zkeshop.sk\/cs\/wp-json\/wp\/v2\/media?parent=14885"}],"wp:term":[{"taxonomy":"product_brand","embeddable":true,"href":"https:\/\/zkeshop.sk\/cs\/wp-json\/wp\/v2\/product_brand?post=14885"},{"taxonomy":"product_cat","embeddable":true,"href":"https:\/\/zkeshop.sk\/cs\/wp-json\/wp\/v2\/product_cat?post=14885"},{"taxonomy":"product_tag","embeddable":true,"href":"https:\/\/zkeshop.sk\/cs\/wp-json\/wp\/v2\/product_tag?post=14885"}],"curies":[{"name":"wp","href":"https:\/\/api.w.org\/{rel}","templated":true}]}}