{"id":14896,"date":"2024-06-22T12:42:16","date_gmt":"2024-06-22T10:42:16","guid":{"rendered":"https:\/\/zkeshop.sk\/produkt\/omega-3-epa-dha\/"},"modified":"2025-02-17T14:35:38","modified_gmt":"2025-02-17T13:35:38","slug":"omega-3-epa-dha","status":"publish","type":"product","link":"https:\/\/zkeshop.sk\/cs\/produkt\/omega-3-epa-dha\/","title":{"rendered":"Omega 3 EPA + DHA"},"content":{"rendered":"<p>Omega-3 mastn\u00e9 kyseliny (EPA &#8211; kyselina eikosapentaenov\u00e1 a DHA &#8211; kyselina dokosahexaenov\u00e1) hraj\u00ed d\u016fle\u017eitou roli p\u0159i spr\u00e1vn\u00e9 tvorb\u011b bun\u011b\u010dn\u00fdch membr\u00e1n a ovliv\u0148uj\u00ed mnoho metabolick\u00fdch proces\u016f v na\u0161em t\u011ble. Pat\u0159\u00ed mezi esenci\u00e1ln\u00ed mastn\u00e9 kyseliny, co\u017e znamen\u00e1, \u017ee si je na\u0161e t\u011blo nedok\u00e1\u017ee vytvo\u0159it. Proto je d\u016fle\u017eit\u00e9 zajistit jejich dostate\u010dn\u00fd p\u0159\u00edjem ve strav\u011b, zejm\u00e9na kv\u016fli jejich pozitivn\u00edm \u00fa\u010dink\u016fm na c\u00e9vy, o\u010di, mozek, srdce.  <\/p>\n<p><strong>Slo\u017een\u00ed v 1 kapsli<\/strong>: extrakt z ryb\u00edho oleje 350 mg* obsahuj\u00edc\u00ed 33 % EPA a 22 % DHA mastn\u00fdch kyselin v jedn\u00e9 kapsli, \u017eelatina. P\u0159\u00edzniv\u00e9ho \u00fa\u010dinku se dos\u00e1hne p\u0159i u\u017e\u00edv\u00e1n\u00ed 250 mg EPA a DHA denn\u011b. <\/p>\n<p><strong>D\u00e1vkov\u00e1n\u00ed: <\/strong>1 &#8211; 2 kapsle denn\u011b s dostate\u010dn\u00fdm mno\u017estv\u00edm tekutiny (po j\u00eddle).<\/p>\n<p><strong>Balen\u00ed: 60 kapsl\u00ed + 10 zdarma<\/strong><\/p>\n<p>Hmotnost 1 tobolky: 450 mg (+\/- 5 %)<\/p>\n<p>Upozorn\u011bn\u00ed: Stanoven\u00e1 doporu\u010den\u00e1 denn\u00ed d\u00e1vka nesm\u00ed b\u00fdt p\u0159ekro\u010dena! Dopln\u011bk stravy se nesm\u00ed pou\u017e\u00edvat jako n\u00e1hrada pestr\u00e9 a rozmanit\u00e9 stravy! Nevhodn\u00e9 pro d\u011bti do 3 let.  <\/p>\n<p>Dopln\u011bk stravy se doporu\u010duje uchov\u00e1vat mimo dosah mal\u00fdch d\u011bt\u00ed.<\/p>\n<p>Skladujte na such\u00e9m m\u00edst\u011b p\u0159i teplot\u011b do 25 \u00b0C.<\/p>\n","protected":false},"excerpt":{"rendered":"<p>D\u00edky technologick\u00e9mu zpracov\u00e1n\u00ed \u0161v\u00fdcarsk\u00e9 farmaceutick\u00e9 spole\u010dnosti je surovina chr\u00e1n\u011bna proti oxidaci rozpt\u00fdlen\u00edm jednotliv\u00fdch kapi\u010dek vysoce \u010di\u0161t\u011bn\u00e9ho oleje do matrice (s\u00edt\u011b) sachar\u00f3zy a \u0161krobu, co\u017e zabra\u0148uje oxidaci.<\/p>\n","protected":false},"featured_media":12881,"comment_status":"open","ping_status":"closed","template":"","meta":[],"product_brand":[],"product_cat":[89,122],"product_tag":[],"class_list":{"0":"post-14896","1":"product","2":"type-product","3":"status-publish","4":"has-post-thumbnail","6":"product_cat-doplnky-stravy","7":"product_cat-doplnky-stravy-pro-dospele","9":"first","10":"instock","11":"taxable","12":"shipping-taxable","13":"purchasable","14":"product-type-simple"},"yoast_head":"<!-- This site is optimized with the Yoast SEO Premium plugin v27.3 (Yoast SEO v27.3) - https:\/\/yoast.com\/product\/yoast-seo-premium-wordpress\/ -->\n<title>Omega 3 EPA + DHA - ZK company<\/title>\n<meta name=\"robots\" content=\"index, follow, max-snippet:-1, max-image-preview:large, max-video-preview:-1\" \/>\n<link rel=\"canonical\" href=\"https:\/\/zkeshop.sk\/cs\/produkt\/omega-3-epa-dha\/\" \/>\n<meta property=\"og:locale\" content=\"cs_CZ\" \/>\n<meta property=\"og:type\" content=\"article\" \/>\n<meta property=\"og:title\" content=\"Omega 3 EPA + DHA\" \/>\n<meta property=\"og:description\" content=\"D\u00edky technologick\u00e9mu zpracov\u00e1n\u00ed \u0161v\u00fdcarsk\u00e9 farmaceutick\u00e9 spole\u010dnosti je surovina chr\u00e1n\u011bna proti oxidaci rozpt\u00fdlen\u00edm jednotliv\u00fdch kapi\u010dek vysoce \u010di\u0161t\u011bn\u00e9ho oleje do matrice (s\u00edt\u011b) sachar\u00f3zy a \u0161krobu, co\u017e zabra\u0148uje oxidaci.\" \/>\n<meta property=\"og:url\" content=\"https:\/\/zkeshop.sk\/cs\/produkt\/omega-3-epa-dha\/\" \/>\n<meta property=\"og:site_name\" content=\"ZK company\" \/>\n<meta property=\"article:modified_time\" content=\"2025-02-17T13:35:38+00:00\" \/>\n<meta property=\"og:image\" content=\"https:\/\/zkeshop.sk\/wp-content\/uploads\/2024\/06\/Omega-3-3010-cps-SK.jpg\" \/>\n\t<meta property=\"og:image:width\" content=\"1080\" \/>\n\t<meta property=\"og:image:height\" content=\"1080\" \/>\n\t<meta property=\"og:image:type\" content=\"image\/jpeg\" \/>\n<meta name=\"twitter:card\" content=\"summary_large_image\" \/>\n<meta name=\"twitter:label1\" content=\"Cena\" \/>\n\t<meta name=\"twitter:data1\" content=\"9,50&nbsp;&euro;\" \/>\n\t<meta name=\"twitter:label2\" content=\"Dostupnost\" \/>\n\t<meta name=\"twitter:data2\" content=\"Skladem\" \/>\n<script type=\"application\/ld+json\" class=\"yoast-schema-graph\">{\"@context\":\"https:\\\/\\\/schema.org\",\"@graph\":[{\"@type\":\"WebPage\",\"@id\":\"https:\\\/\\\/zkeshop.sk\\\/cs\\\/produkt\\\/omega-3-epa-dha\\\/\",\"url\":\"https:\\\/\\\/zkeshop.sk\\\/cs\\\/produkt\\\/omega-3-epa-dha\\\/\",\"name\":\"Omega 3 EPA + DHA - ZK company\",\"isPartOf\":{\"@id\":\"https:\\\/\\\/zkeshop.sk\\\/#website\"},\"primaryImageOfPage\":{\"@id\":\"https:\\\/\\\/zkeshop.sk\\\/cs\\\/produkt\\\/omega-3-epa-dha\\\/#primaryimage\"},\"image\":{\"@id\":\"https:\\\/\\\/zkeshop.sk\\\/cs\\\/produkt\\\/omega-3-epa-dha\\\/#primaryimage\"},\"thumbnailUrl\":\"https:\\\/\\\/zkeshop.sk\\\/wp-content\\\/uploads\\\/2024\\\/06\\\/Omega-3-3010-cps-SK.jpg\",\"datePublished\":\"2024-06-22T10:42:16+00:00\",\"dateModified\":\"2025-02-17T13:35:38+00:00\",\"breadcrumb\":{\"@id\":\"https:\\\/\\\/zkeshop.sk\\\/cs\\\/produkt\\\/omega-3-epa-dha\\\/#breadcrumb\"},\"inLanguage\":\"cs\",\"potentialAction\":[{\"@type\":\"ReadAction\",\"target\":[\"https:\\\/\\\/zkeshop.sk\\\/cs\\\/produkt\\\/omega-3-epa-dha\\\/\"]}]},{\"@type\":\"ImageObject\",\"inLanguage\":\"cs\",\"@id\":\"https:\\\/\\\/zkeshop.sk\\\/cs\\\/produkt\\\/omega-3-epa-dha\\\/#primaryimage\",\"url\":\"https:\\\/\\\/zkeshop.sk\\\/wp-content\\\/uploads\\\/2024\\\/06\\\/Omega-3-3010-cps-SK.jpg\",\"contentUrl\":\"https:\\\/\\\/zkeshop.sk\\\/wp-content\\\/uploads\\\/2024\\\/06\\\/Omega-3-3010-cps-SK.jpg\",\"width\":1080,\"height\":1080,\"caption\":\"Omega 3 s EPA a DHA pre zdravie srdca, mozgu a o\u010d\u00ed. Kvalitn\u00fd ryb\u00ed olej v kapsuliach, ktor\u00fd podporuje hladinu cholesterolu a spr\u00e1vnu funkciu metabolizmu.\"},{\"@type\":\"BreadcrumbList\",\"@id\":\"https:\\\/\\\/zkeshop.sk\\\/cs\\\/produkt\\\/omega-3-epa-dha\\\/#breadcrumb\",\"itemListElement\":[{\"@type\":\"ListItem\",\"position\":1,\"name\":\"Dom\u016f\",\"item\":\"https:\\\/\\\/zkeshop.sk\\\/\"},{\"@type\":\"ListItem\",\"position\":2,\"name\":\"Obchod\",\"item\":\"https:\\\/\\\/zkeshop.sk\\\/obchod\\\/\"},{\"@type\":\"ListItem\",\"position\":3,\"name\":\"Omega 3 EPA + DHA\"}]},{\"@type\":\"WebSite\",\"@id\":\"https:\\\/\\\/zkeshop.sk\\\/#website\",\"url\":\"https:\\\/\\\/zkeshop.sk\\\/\",\"name\":\"ZK company\",\"description\":\"Kvalitn\u00e1 kozmetika pre ka\u017edodenn\u00e9 pou\u017eitie\",\"potentialAction\":[{\"@type\":\"SearchAction\",\"target\":{\"@type\":\"EntryPoint\",\"urlTemplate\":\"https:\\\/\\\/zkeshop.sk\\\/?s={search_term_string}\"},\"query-input\":{\"@type\":\"PropertyValueSpecification\",\"valueRequired\":true,\"valueName\":\"search_term_string\"}}],\"inLanguage\":\"cs\"}]}<\/script>\n<meta property=\"product:price:amount\" content=\"9.50\" \/>\n<meta property=\"product:price:currency\" content=\"EUR\" \/>\n<meta property=\"og:availability\" content=\"instock\" \/>\n<meta property=\"product:availability\" content=\"instock\" \/>\n<meta property=\"product:condition\" content=\"new\" \/>\n<!-- \/ Yoast SEO Premium plugin. -->","yoast_head_json":{"title":"Omega 3 EPA + DHA - ZK company","robots":{"index":"index","follow":"follow","max-snippet":"max-snippet:-1","max-image-preview":"max-image-preview:large","max-video-preview":"max-video-preview:-1"},"canonical":"https:\/\/zkeshop.sk\/cs\/produkt\/omega-3-epa-dha\/","og_locale":"cs_CZ","og_type":"article","og_title":"Omega 3 EPA + DHA","og_description":"D\u00edky technologick\u00e9mu zpracov\u00e1n\u00ed \u0161v\u00fdcarsk\u00e9 farmaceutick\u00e9 spole\u010dnosti je surovina chr\u00e1n\u011bna proti oxidaci rozpt\u00fdlen\u00edm jednotliv\u00fdch kapi\u010dek vysoce \u010di\u0161t\u011bn\u00e9ho oleje do matrice (s\u00edt\u011b) sachar\u00f3zy a \u0161krobu, co\u017e zabra\u0148uje oxidaci.","og_url":"https:\/\/zkeshop.sk\/cs\/produkt\/omega-3-epa-dha\/","og_site_name":"ZK company","article_modified_time":"2025-02-17T13:35:38+00:00","og_image":[{"width":1080,"height":1080,"url":"https:\/\/zkeshop.sk\/wp-content\/uploads\/2024\/06\/Omega-3-3010-cps-SK.jpg","type":"image\/jpeg"}],"twitter_card":"summary_large_image","twitter_misc":{"Cena":"9,50&nbsp;&euro;","Dostupnost":"Skladem"},"schema":{"@context":"https:\/\/schema.org","@graph":[{"@type":"WebPage","@id":"https:\/\/zkeshop.sk\/cs\/produkt\/omega-3-epa-dha\/","url":"https:\/\/zkeshop.sk\/cs\/produkt\/omega-3-epa-dha\/","name":"Omega 3 EPA + DHA - ZK company","isPartOf":{"@id":"https:\/\/zkeshop.sk\/#website"},"primaryImageOfPage":{"@id":"https:\/\/zkeshop.sk\/cs\/produkt\/omega-3-epa-dha\/#primaryimage"},"image":{"@id":"https:\/\/zkeshop.sk\/cs\/produkt\/omega-3-epa-dha\/#primaryimage"},"thumbnailUrl":"https:\/\/zkeshop.sk\/wp-content\/uploads\/2024\/06\/Omega-3-3010-cps-SK.jpg","datePublished":"2024-06-22T10:42:16+00:00","dateModified":"2025-02-17T13:35:38+00:00","breadcrumb":{"@id":"https:\/\/zkeshop.sk\/cs\/produkt\/omega-3-epa-dha\/#breadcrumb"},"inLanguage":"cs","potentialAction":[{"@type":"ReadAction","target":["https:\/\/zkeshop.sk\/cs\/produkt\/omega-3-epa-dha\/"]}]},{"@type":"ImageObject","inLanguage":"cs","@id":"https:\/\/zkeshop.sk\/cs\/produkt\/omega-3-epa-dha\/#primaryimage","url":"https:\/\/zkeshop.sk\/wp-content\/uploads\/2024\/06\/Omega-3-3010-cps-SK.jpg","contentUrl":"https:\/\/zkeshop.sk\/wp-content\/uploads\/2024\/06\/Omega-3-3010-cps-SK.jpg","width":1080,"height":1080,"caption":"Omega 3 s EPA a DHA pre zdravie srdca, mozgu a o\u010d\u00ed. Kvalitn\u00fd ryb\u00ed olej v kapsuliach, ktor\u00fd podporuje hladinu cholesterolu a spr\u00e1vnu funkciu metabolizmu."},{"@type":"BreadcrumbList","@id":"https:\/\/zkeshop.sk\/cs\/produkt\/omega-3-epa-dha\/#breadcrumb","itemListElement":[{"@type":"ListItem","position":1,"name":"Dom\u016f","item":"https:\/\/zkeshop.sk\/"},{"@type":"ListItem","position":2,"name":"Obchod","item":"https:\/\/zkeshop.sk\/obchod\/"},{"@type":"ListItem","position":3,"name":"Omega 3 EPA + DHA"}]},{"@type":"WebSite","@id":"https:\/\/zkeshop.sk\/#website","url":"https:\/\/zkeshop.sk\/","name":"ZK company","description":"Kvalitn\u00e1 kozmetika pre ka\u017edodenn\u00e9 pou\u017eitie","potentialAction":[{"@type":"SearchAction","target":{"@type":"EntryPoint","urlTemplate":"https:\/\/zkeshop.sk\/?s={search_term_string}"},"query-input":{"@type":"PropertyValueSpecification","valueRequired":true,"valueName":"search_term_string"}}],"inLanguage":"cs"}]},"product_price_amount":"9.50","product_price_currency":"EUR","og_availability":"instock","product_availability":"instock","product_condition":"new"},"_links":{"self":[{"href":"https:\/\/zkeshop.sk\/cs\/wp-json\/wp\/v2\/product\/14896","targetHints":{"allow":["GET"]}}],"collection":[{"href":"https:\/\/zkeshop.sk\/cs\/wp-json\/wp\/v2\/product"}],"about":[{"href":"https:\/\/zkeshop.sk\/cs\/wp-json\/wp\/v2\/types\/product"}],"replies":[{"embeddable":true,"href":"https:\/\/zkeshop.sk\/cs\/wp-json\/wp\/v2\/comments?post=14896"}],"version-history":[{"count":0,"href":"https:\/\/zkeshop.sk\/cs\/wp-json\/wp\/v2\/product\/14896\/revisions"}],"wp:featuredmedia":[{"embeddable":true,"href":"https:\/\/zkeshop.sk\/cs\/wp-json\/wp\/v2\/media\/12881"}],"wp:attachment":[{"href":"https:\/\/zkeshop.sk\/cs\/wp-json\/wp\/v2\/media?parent=14896"}],"wp:term":[{"taxonomy":"product_brand","embeddable":true,"href":"https:\/\/zkeshop.sk\/cs\/wp-json\/wp\/v2\/product_brand?post=14896"},{"taxonomy":"product_cat","embeddable":true,"href":"https:\/\/zkeshop.sk\/cs\/wp-json\/wp\/v2\/product_cat?post=14896"},{"taxonomy":"product_tag","embeddable":true,"href":"https:\/\/zkeshop.sk\/cs\/wp-json\/wp\/v2\/product_tag?post=14896"}],"curies":[{"name":"wp","href":"https:\/\/api.w.org\/{rel}","templated":true}]}}