{"id":14899,"date":"2024-06-22T12:34:46","date_gmt":"2024-06-22T10:34:46","guid":{"rendered":"https:\/\/zkeshop.sk\/produkt\/psyllium\/"},"modified":"2025-03-03T10:19:46","modified_gmt":"2025-03-03T09:19:46","slug":"psyllium","status":"publish","type":"product","link":"https:\/\/zkeshop.sk\/cs\/produkt\/psyllium\/","title":{"rendered":"Psyllium"},"content":{"rendered":"<p>Psyllium je rozpustn\u00e1 vl\u00e1knina, kter\u00e1 je d\u016fle\u017eit\u00e1 pro spr\u00e1vn\u00e9 tr\u00e1ven\u00ed. Poch\u00e1z\u00ed z rostliny jm\u00e9nem indick\u00fd plantain a je obl\u00edben\u00fd zejm\u00e9na u lid\u00ed, kte\u0159\u00ed maj\u00ed za\u017e\u00edvac\u00ed pot\u00ed\u017ee nebo cht\u011bj\u00ed podpo\u0159it hubnut\u00ed. Vl\u00e1knina m\u00e1 v t\u011ble d\u016fle\u017eitou funkci. P\u016fsob\u00ed jako potrava pro zdrav\u00ed prosp\u011b\u0161n\u00e9 bakterie (prebiotika), kter\u00e9 jsou nezbytn\u00e9 pro spr\u00e1vnou funkci st\u0159ev.  <\/p>\n<p><strong>Slo\u017een\u00ed v 1 kapsli<\/strong>: Psyllium 100% 600 mg.<\/p>\n<p><strong>D\u00e1vkov\u00e1n\u00ed<\/strong>: 1 &#8211; 2 kapsle denn\u011b po j\u00eddle, zap\u00edt minim\u00e1ln\u011b 200 ml tekutiny.<\/p>\n<p><strong>Balen\u00ed: 120 + 30 tablet zdarma<\/strong><\/p>\n<p>Upozorn\u011bn\u00ed: Stanoven\u00e1 doporu\u010den\u00e1 denn\u00ed d\u00e1vka nesm\u00ed b\u00fdt p\u0159ekro\u010dena! Dopln\u011bk stravy se nesm\u00ed pou\u017e\u00edvat jako n\u00e1hrada pestr\u00e9 a rozmanit\u00e9 stravy! <\/p>\n<p>Nevhodn\u00e9 pro d\u011bti do 3 let.<\/p>\n<p>Dopln\u011bk stravy se doporu\u010duje uchov\u00e1vat mimo dosah mal\u00fdch d\u011bt\u00ed.<\/p>\n<p>Skladujte na such\u00e9m m\u00edst\u011b p\u0159i teplot\u011b do 25 \u00b0C.<\/p>\n","protected":false},"excerpt":{"rendered":"<h4><strong><span style=\"color: #ff0000;\">3+1 VOLN\u00c1 AKCE. Vlo\u017ete do ko\u0161\u00edku 3 produkty a \u010dtvrt\u00fd automaticky z\u00edsk\u00e1te ZDARMA. <\/span><\/strong><\/h4>\n<p>Psyllium je rozpustn\u00e1 vl\u00e1knina, kter\u00e1 je d\u016fle\u017eit\u00e1 pro spr\u00e1vn\u00e9 tr\u00e1ven\u00ed.<\/p>\n","protected":false},"featured_media":12884,"comment_status":"open","ping_status":"closed","template":"","meta":[],"product_brand":[],"product_cat":[89,122,220],"product_tag":[],"class_list":{"0":"post-14899","1":"product","2":"type-product","3":"status-publish","4":"has-post-thumbnail","6":"product_cat-doplnky-stravy","7":"product_cat-doplnky-stravy-pro-dospele","8":"product_cat-travenie-cs","10":"first","11":"instock","12":"sale","13":"taxable","14":"shipping-taxable","15":"purchasable","16":"product-type-simple"},"yoast_head":"<!-- This site is optimized with the Yoast SEO Premium plugin v27.3 (Yoast SEO v27.3) - https:\/\/yoast.com\/product\/yoast-seo-premium-wordpress\/ -->\n<title>Psyllium - ZK company<\/title>\n<meta name=\"robots\" content=\"index, follow, max-snippet:-1, max-image-preview:large, max-video-preview:-1\" \/>\n<link rel=\"canonical\" href=\"https:\/\/zkeshop.sk\/produkt\/psyllium\/\" \/>\n<meta property=\"og:locale\" content=\"cs_CZ\" \/>\n<meta property=\"og:type\" content=\"article\" \/>\n<meta property=\"og:title\" content=\"Psyllium\" \/>\n<meta property=\"og:description\" content=\"3+1 VOLN\u00c1 AKCE. Vlo\u017ete do ko\u0161\u00edku 3 produkty a \u010dtvrt\u00fd automaticky z\u00edsk\u00e1te ZDARMA. Psyllium je rozpustn\u00e1 vl\u00e1knina, kter\u00e1 je d\u016fle\u017eit\u00e1 pro spr\u00e1vn\u00e9 tr\u00e1ven\u00ed.\" \/>\n<meta property=\"og:url\" content=\"https:\/\/zkeshop.sk\/produkt\/psyllium\/\" \/>\n<meta property=\"og:site_name\" content=\"ZK company\" \/>\n<meta property=\"article:modified_time\" content=\"2025-03-03T09:19:46+00:00\" \/>\n<meta property=\"og:image\" content=\"https:\/\/zkeshop.sk\/wp-content\/uploads\/2024\/06\/Psyllium-12030-cps-SK.jpg\" \/>\n\t<meta property=\"og:image:width\" content=\"1080\" \/>\n\t<meta property=\"og:image:height\" content=\"1080\" \/>\n\t<meta property=\"og:image:type\" content=\"image\/jpeg\" \/>\n<meta name=\"twitter:card\" content=\"summary_large_image\" \/>\n<meta name=\"twitter:label1\" content=\"Cena\" \/>\n\t<meta name=\"twitter:data1\" content=\"10,40&nbsp;&euro;\" \/>\n\t<meta name=\"twitter:label2\" content=\"Dostupnost\" \/>\n\t<meta name=\"twitter:data2\" content=\"Skladem\" \/>\n<script type=\"application\/ld+json\" class=\"yoast-schema-graph\">{\"@context\":\"https:\\\/\\\/schema.org\",\"@graph\":[{\"@type\":\"WebPage\",\"@id\":\"https:\\\/\\\/zkeshop.sk\\\/produkt\\\/psyllium\\\/\",\"url\":\"https:\\\/\\\/zkeshop.sk\\\/produkt\\\/psyllium\\\/\",\"name\":\"Psyllium - ZK company\",\"isPartOf\":{\"@id\":\"https:\\\/\\\/zkeshop.sk\\\/#website\"},\"primaryImageOfPage\":{\"@id\":\"https:\\\/\\\/zkeshop.sk\\\/produkt\\\/psyllium\\\/#primaryimage\"},\"image\":{\"@id\":\"https:\\\/\\\/zkeshop.sk\\\/produkt\\\/psyllium\\\/#primaryimage\"},\"thumbnailUrl\":\"https:\\\/\\\/zkeshop.sk\\\/wp-content\\\/uploads\\\/2024\\\/06\\\/Psyllium-12030-cps-SK.jpg\",\"datePublished\":\"2024-06-22T10:34:46+00:00\",\"dateModified\":\"2025-03-03T09:19:46+00:00\",\"breadcrumb\":{\"@id\":\"https:\\\/\\\/zkeshop.sk\\\/produkt\\\/psyllium\\\/#breadcrumb\"},\"inLanguage\":\"cs\",\"potentialAction\":[{\"@type\":\"ReadAction\",\"target\":[\"https:\\\/\\\/zkeshop.sk\\\/produkt\\\/psyllium\\\/\"]}]},{\"@type\":\"ImageObject\",\"inLanguage\":\"cs\",\"@id\":\"https:\\\/\\\/zkeshop.sk\\\/produkt\\\/psyllium\\\/#primaryimage\",\"url\":\"https:\\\/\\\/zkeshop.sk\\\/wp-content\\\/uploads\\\/2024\\\/06\\\/Psyllium-12030-cps-SK.jpg\",\"contentUrl\":\"https:\\\/\\\/zkeshop.sk\\\/wp-content\\\/uploads\\\/2024\\\/06\\\/Psyllium-12030-cps-SK.jpg\",\"width\":1080,\"height\":1080,\"caption\":\"Psyllium je rozpustn\u00e1 vl\u00e1knina pre zdrav\u00e9 tr\u00e1venie a podporu \u010drevnej mikrofl\u00f3ry. Obsah balenia 120 kaps\u00fal + 30 zadarmo.\"},{\"@type\":\"BreadcrumbList\",\"@id\":\"https:\\\/\\\/zkeshop.sk\\\/produkt\\\/psyllium\\\/#breadcrumb\",\"itemListElement\":[{\"@type\":\"ListItem\",\"position\":1,\"name\":\"Dom\u016f\",\"item\":\"https:\\\/\\\/zkeshop.sk\\\/\"},{\"@type\":\"ListItem\",\"position\":2,\"name\":\"Obchod\",\"item\":\"https:\\\/\\\/zkeshop.sk\\\/obchod\\\/\"},{\"@type\":\"ListItem\",\"position\":3,\"name\":\"Psyllium\"}]},{\"@type\":\"WebSite\",\"@id\":\"https:\\\/\\\/zkeshop.sk\\\/#website\",\"url\":\"https:\\\/\\\/zkeshop.sk\\\/\",\"name\":\"ZK company\",\"description\":\"Kvalitn\u00e1 kozmetika pre ka\u017edodenn\u00e9 pou\u017eitie\",\"potentialAction\":[{\"@type\":\"SearchAction\",\"target\":{\"@type\":\"EntryPoint\",\"urlTemplate\":\"https:\\\/\\\/zkeshop.sk\\\/?s={search_term_string}\"},\"query-input\":{\"@type\":\"PropertyValueSpecification\",\"valueRequired\":true,\"valueName\":\"search_term_string\"}}],\"inLanguage\":\"cs\"}]}<\/script>\n<meta property=\"product:price:amount\" content=\"10.40\" \/>\n<meta property=\"product:price:currency\" content=\"EUR\" \/>\n<meta property=\"og:availability\" content=\"instock\" \/>\n<meta property=\"product:availability\" content=\"instock\" \/>\n<meta property=\"product:condition\" content=\"new\" \/>\n<!-- \/ Yoast SEO Premium plugin. -->","yoast_head_json":{"title":"Psyllium - ZK company","robots":{"index":"index","follow":"follow","max-snippet":"max-snippet:-1","max-image-preview":"max-image-preview:large","max-video-preview":"max-video-preview:-1"},"canonical":"https:\/\/zkeshop.sk\/produkt\/psyllium\/","og_locale":"cs_CZ","og_type":"article","og_title":"Psyllium","og_description":"3+1 VOLN\u00c1 AKCE. Vlo\u017ete do ko\u0161\u00edku 3 produkty a \u010dtvrt\u00fd automaticky z\u00edsk\u00e1te ZDARMA. Psyllium je rozpustn\u00e1 vl\u00e1knina, kter\u00e1 je d\u016fle\u017eit\u00e1 pro spr\u00e1vn\u00e9 tr\u00e1ven\u00ed.","og_url":"https:\/\/zkeshop.sk\/produkt\/psyllium\/","og_site_name":"ZK company","article_modified_time":"2025-03-03T09:19:46+00:00","og_image":[{"width":1080,"height":1080,"url":"https:\/\/zkeshop.sk\/wp-content\/uploads\/2024\/06\/Psyllium-12030-cps-SK.jpg","type":"image\/jpeg"}],"twitter_card":"summary_large_image","twitter_misc":{"Cena":"10,40&nbsp;&euro;","Dostupnost":"Skladem"},"schema":{"@context":"https:\/\/schema.org","@graph":[{"@type":"WebPage","@id":"https:\/\/zkeshop.sk\/produkt\/psyllium\/","url":"https:\/\/zkeshop.sk\/produkt\/psyllium\/","name":"Psyllium - ZK company","isPartOf":{"@id":"https:\/\/zkeshop.sk\/#website"},"primaryImageOfPage":{"@id":"https:\/\/zkeshop.sk\/produkt\/psyllium\/#primaryimage"},"image":{"@id":"https:\/\/zkeshop.sk\/produkt\/psyllium\/#primaryimage"},"thumbnailUrl":"https:\/\/zkeshop.sk\/wp-content\/uploads\/2024\/06\/Psyllium-12030-cps-SK.jpg","datePublished":"2024-06-22T10:34:46+00:00","dateModified":"2025-03-03T09:19:46+00:00","breadcrumb":{"@id":"https:\/\/zkeshop.sk\/produkt\/psyllium\/#breadcrumb"},"inLanguage":"cs","potentialAction":[{"@type":"ReadAction","target":["https:\/\/zkeshop.sk\/produkt\/psyllium\/"]}]},{"@type":"ImageObject","inLanguage":"cs","@id":"https:\/\/zkeshop.sk\/produkt\/psyllium\/#primaryimage","url":"https:\/\/zkeshop.sk\/wp-content\/uploads\/2024\/06\/Psyllium-12030-cps-SK.jpg","contentUrl":"https:\/\/zkeshop.sk\/wp-content\/uploads\/2024\/06\/Psyllium-12030-cps-SK.jpg","width":1080,"height":1080,"caption":"Psyllium je rozpustn\u00e1 vl\u00e1knina pre zdrav\u00e9 tr\u00e1venie a podporu \u010drevnej mikrofl\u00f3ry. Obsah balenia 120 kaps\u00fal + 30 zadarmo."},{"@type":"BreadcrumbList","@id":"https:\/\/zkeshop.sk\/produkt\/psyllium\/#breadcrumb","itemListElement":[{"@type":"ListItem","position":1,"name":"Dom\u016f","item":"https:\/\/zkeshop.sk\/"},{"@type":"ListItem","position":2,"name":"Obchod","item":"https:\/\/zkeshop.sk\/obchod\/"},{"@type":"ListItem","position":3,"name":"Psyllium"}]},{"@type":"WebSite","@id":"https:\/\/zkeshop.sk\/#website","url":"https:\/\/zkeshop.sk\/","name":"ZK company","description":"Kvalitn\u00e1 kozmetika pre ka\u017edodenn\u00e9 pou\u017eitie","potentialAction":[{"@type":"SearchAction","target":{"@type":"EntryPoint","urlTemplate":"https:\/\/zkeshop.sk\/?s={search_term_string}"},"query-input":{"@type":"PropertyValueSpecification","valueRequired":true,"valueName":"search_term_string"}}],"inLanguage":"cs"}]},"product_price_amount":"10.40","product_price_currency":"EUR","og_availability":"instock","product_availability":"instock","product_condition":"new"},"_links":{"self":[{"href":"https:\/\/zkeshop.sk\/cs\/wp-json\/wp\/v2\/product\/14899","targetHints":{"allow":["GET"]}}],"collection":[{"href":"https:\/\/zkeshop.sk\/cs\/wp-json\/wp\/v2\/product"}],"about":[{"href":"https:\/\/zkeshop.sk\/cs\/wp-json\/wp\/v2\/types\/product"}],"replies":[{"embeddable":true,"href":"https:\/\/zkeshop.sk\/cs\/wp-json\/wp\/v2\/comments?post=14899"}],"version-history":[{"count":0,"href":"https:\/\/zkeshop.sk\/cs\/wp-json\/wp\/v2\/product\/14899\/revisions"}],"wp:featuredmedia":[{"embeddable":true,"href":"https:\/\/zkeshop.sk\/cs\/wp-json\/wp\/v2\/media\/12884"}],"wp:attachment":[{"href":"https:\/\/zkeshop.sk\/cs\/wp-json\/wp\/v2\/media?parent=14899"}],"wp:term":[{"taxonomy":"product_brand","embeddable":true,"href":"https:\/\/zkeshop.sk\/cs\/wp-json\/wp\/v2\/product_brand?post=14899"},{"taxonomy":"product_cat","embeddable":true,"href":"https:\/\/zkeshop.sk\/cs\/wp-json\/wp\/v2\/product_cat?post=14899"},{"taxonomy":"product_tag","embeddable":true,"href":"https:\/\/zkeshop.sk\/cs\/wp-json\/wp\/v2\/product_tag?post=14899"}],"curies":[{"name":"wp","href":"https:\/\/api.w.org\/{rel}","templated":true}]}}