{"id":14914,"date":"2024-06-22T13:03:35","date_gmt":"2024-06-22T11:03:35","guid":{"rendered":"https:\/\/zkeshop.sk\/produkt\/zinoxid-krem\/"},"modified":"2025-12-29T11:39:30","modified_gmt":"2025-12-29T10:39:30","slug":"zinoxid-krem","status":"publish","type":"product","link":"https:\/\/zkeshop.sk\/cs\/produkt\/zinoxid-krem\/","title":{"rendered":"ZinOxid kr\u00e9m"},"content":{"rendered":"<p><strong>P\u016fsob\u00ed preventivn\u011b proti plenkov\u00e9 dermatitid\u011b Zklid\u0148uje ji\u017e vzniklou plenkovou vyr\u00e1\u017eku<\/strong><br \/>\n<strong>Zjem\u0148uje ekzematickou a atopickou poko\u017eku<\/strong><br \/>\n<strong>Vhodn\u00e9 pro problematickou a akn\u00f3zn\u00ed ple\u0165 Zabra\u0148uje maceraci poko\u017eky v okol\u00ed chronick\u00fdch ran O\u0161et\u0159uje ji\u017e vznikl\u00e9 v\u0159edy a prole\u017eeniny.<\/strong><\/p>\n<p>Jak ZinOxid funguje:ZinOxid poskytne \u00fa\u010dinnou ochranu poko\u017eky d\u011bt\u00ed, dosp\u011bl\u00fdch a senior\u016f p\u0159ed \u00fa\u010dinky vlhkosti p\u0159i pou\u017e\u00edv\u00e1n\u00ed plenek, zabra\u0148uje vzniku opruzenin, pe\u010duje o okol\u00ed chronick\u00fdch ran. ZinOxid p\u016fsob\u00ed nejen preventivn\u011b, ale \u0159e\u0161\u00ed i vznikl\u00e9 komplikace. <\/p>\n<p>Aktivn\u00ed l\u00e1tky: oxid zine\u010dnat\u00fd &#8211; antibakteri\u00e1ln\u00ed a odstra\u0148uj\u00edc\u00ed z\u00e1pach. V\u00fdta\u017eek z m\u011bs\u00ed\u010dku l\u00e9ka\u0159sk\u00e9ho &#8211; m\u00e1 hojiv\u00e9 \u00fa\u010dinky, zjem\u0148uje a chr\u00e1n\u00ed poko\u017eku. Lanolin &#8211; vytv\u00e1\u0159\u00ed ochrannou bari\u00e9ru proti p\u016fsoben\u00ed agresivn\u00edch slo\u017eek mo\u010di i stolice. Ricinov\u00fd olej &#8211; zklid\u0148uje podr\u00e1\u017ed\u011bnou poko\u017eku, odstra\u0148uje sv\u011bd\u011bn\u00ed a p\u00e1len\u00ed.   <\/p>\n<p>Aqua, Ricinus, Communis Seed oil, Paraffinum Liquid, Zinc Oxide, Cetearyl Alcohol, Ceteareth 20, Lanolin, Glycerin, Polysorbate 80, Phenoxyethanol, Ethylhexyglycerin, Glycine Soya Oil, Celendula Officinalis Flower extract, Tocopheryl Acetate, Lavandin Oil, Melissa Officinalis Leaf Oil.<\/p>\n<p><strong>Balen\u00ed: 30 g.<\/strong><\/p>\n","protected":false},"excerpt":{"rendered":"<p>ZinOxid je jemn\u00fd ochrann\u00fd kr\u00e9m pro d\u011bti, dosp\u011bl\u00e9 a seniory. Snadno se rozt\u00edr\u00e1. Po nanesen\u00ed vytvo\u0159\u00ed na poko\u017ece jemn\u00fd film.  <\/p>\n","protected":false},"featured_media":13072,"comment_status":"open","ping_status":"closed","template":"","meta":[],"product_brand":[],"product_cat":[87,154],"product_tag":[],"class_list":{"0":"post-14914","1":"product","2":"type-product","3":"status-publish","4":"has-post-thumbnail","6":"product_cat-pletova-kosmetika","7":"product_cat-telova-kosmetika","9":"first","10":"instock","11":"taxable","12":"shipping-taxable","13":"purchasable","14":"product-type-simple"},"yoast_head":"<!-- This site is optimized with the Yoast SEO Premium plugin v27.3 (Yoast SEO v27.3) - https:\/\/yoast.com\/product\/yoast-seo-premium-wordpress\/ -->\n<title>ZinOxid kr\u00e9m - ZK company<\/title>\n<meta name=\"robots\" content=\"index, follow, max-snippet:-1, max-image-preview:large, max-video-preview:-1\" \/>\n<link rel=\"canonical\" href=\"https:\/\/zkeshop.sk\/produkt\/zinoxid-krem\/\" \/>\n<meta property=\"og:locale\" content=\"cs_CZ\" \/>\n<meta property=\"og:type\" content=\"article\" \/>\n<meta property=\"og:title\" content=\"ZinOxid kr\u00e9m\" \/>\n<meta property=\"og:description\" content=\"ZinOxid je jemn\u00fd ochrann\u00fd kr\u00e9m pro d\u011bti, dosp\u011bl\u00e9 a seniory. Snadno se rozt\u00edr\u00e1. Po nanesen\u00ed vytvo\u0159\u00ed na poko\u017ece jemn\u00fd film.\" \/>\n<meta property=\"og:url\" content=\"https:\/\/zkeshop.sk\/produkt\/zinoxid-krem\/\" \/>\n<meta property=\"og:site_name\" content=\"ZK company\" \/>\n<meta property=\"article:modified_time\" content=\"2025-12-29T10:39:30+00:00\" \/>\n<meta property=\"og:image\" content=\"https:\/\/zkeshop.sk\/wp-content\/uploads\/2024\/06\/EDENpharma_Zin-Oxid-ESHOP.jpg\" \/>\n\t<meta property=\"og:image:width\" content=\"1080\" \/>\n\t<meta property=\"og:image:height\" content=\"1080\" \/>\n\t<meta property=\"og:image:type\" content=\"image\/jpeg\" \/>\n<meta name=\"twitter:card\" content=\"summary_large_image\" \/>\n<meta name=\"twitter:label1\" content=\"Cena\" \/>\n\t<meta name=\"twitter:data1\" content=\"5,00&nbsp;&euro;\" \/>\n\t<meta name=\"twitter:label2\" content=\"Dostupnost\" \/>\n\t<meta name=\"twitter:data2\" content=\"Skladem\" \/>\n<script type=\"application\/ld+json\" class=\"yoast-schema-graph\">{\"@context\":\"https:\\\/\\\/schema.org\",\"@graph\":[{\"@type\":\"WebPage\",\"@id\":\"https:\\\/\\\/zkeshop.sk\\\/produkt\\\/zinoxid-krem\\\/\",\"url\":\"https:\\\/\\\/zkeshop.sk\\\/produkt\\\/zinoxid-krem\\\/\",\"name\":\"ZinOxid kr\u00e9m - ZK company\",\"isPartOf\":{\"@id\":\"https:\\\/\\\/zkeshop.sk\\\/#website\"},\"primaryImageOfPage\":{\"@id\":\"https:\\\/\\\/zkeshop.sk\\\/produkt\\\/zinoxid-krem\\\/#primaryimage\"},\"image\":{\"@id\":\"https:\\\/\\\/zkeshop.sk\\\/produkt\\\/zinoxid-krem\\\/#primaryimage\"},\"thumbnailUrl\":\"https:\\\/\\\/zkeshop.sk\\\/wp-content\\\/uploads\\\/2024\\\/06\\\/EDENpharma_Zin-Oxid-ESHOP.jpg\",\"datePublished\":\"2024-06-22T11:03:35+00:00\",\"dateModified\":\"2025-12-29T10:39:30+00:00\",\"breadcrumb\":{\"@id\":\"https:\\\/\\\/zkeshop.sk\\\/produkt\\\/zinoxid-krem\\\/#breadcrumb\"},\"inLanguage\":\"cs\",\"potentialAction\":[{\"@type\":\"ReadAction\",\"target\":[\"https:\\\/\\\/zkeshop.sk\\\/produkt\\\/zinoxid-krem\\\/\"]}]},{\"@type\":\"ImageObject\",\"inLanguage\":\"cs\",\"@id\":\"https:\\\/\\\/zkeshop.sk\\\/produkt\\\/zinoxid-krem\\\/#primaryimage\",\"url\":\"https:\\\/\\\/zkeshop.sk\\\/wp-content\\\/uploads\\\/2024\\\/06\\\/EDENpharma_Zin-Oxid-ESHOP.jpg\",\"contentUrl\":\"https:\\\/\\\/zkeshop.sk\\\/wp-content\\\/uploads\\\/2024\\\/06\\\/EDENpharma_Zin-Oxid-ESHOP.jpg\",\"width\":1080,\"height\":1080,\"caption\":\"Kr\u00e9m s oxidom zino\u010dnat\u00fdm na prevenciu plienkovej dermatit\u00eddy a upokojenie zaparen\u00edn. Chr\u00e1ni poko\u017eku pred vlhkos\u0165ou, zvl\u00e1\u010d\u0148uje ekzematick\u00fa ple\u0165.\"},{\"@type\":\"BreadcrumbList\",\"@id\":\"https:\\\/\\\/zkeshop.sk\\\/produkt\\\/zinoxid-krem\\\/#breadcrumb\",\"itemListElement\":[{\"@type\":\"ListItem\",\"position\":1,\"name\":\"Dom\u016f\",\"item\":\"https:\\\/\\\/zkeshop.sk\\\/\"},{\"@type\":\"ListItem\",\"position\":2,\"name\":\"Obchod\",\"item\":\"https:\\\/\\\/zkeshop.sk\\\/obchod\\\/\"},{\"@type\":\"ListItem\",\"position\":3,\"name\":\"ZinOxid kr\u00e9m\"}]},{\"@type\":\"WebSite\",\"@id\":\"https:\\\/\\\/zkeshop.sk\\\/#website\",\"url\":\"https:\\\/\\\/zkeshop.sk\\\/\",\"name\":\"ZK company\",\"description\":\"Kvalitn\u00e1 kozmetika pre ka\u017edodenn\u00e9 pou\u017eitie\",\"potentialAction\":[{\"@type\":\"SearchAction\",\"target\":{\"@type\":\"EntryPoint\",\"urlTemplate\":\"https:\\\/\\\/zkeshop.sk\\\/?s={search_term_string}\"},\"query-input\":{\"@type\":\"PropertyValueSpecification\",\"valueRequired\":true,\"valueName\":\"search_term_string\"}}],\"inLanguage\":\"cs\"}]}<\/script>\n<meta property=\"product:price:amount\" content=\"5.00\" \/>\n<meta property=\"product:price:currency\" content=\"EUR\" \/>\n<meta property=\"og:availability\" content=\"instock\" \/>\n<meta property=\"product:availability\" content=\"instock\" \/>\n<meta property=\"product:condition\" content=\"new\" \/>\n<!-- \/ Yoast SEO Premium plugin. -->","yoast_head_json":{"title":"ZinOxid kr\u00e9m - ZK company","robots":{"index":"index","follow":"follow","max-snippet":"max-snippet:-1","max-image-preview":"max-image-preview:large","max-video-preview":"max-video-preview:-1"},"canonical":"https:\/\/zkeshop.sk\/produkt\/zinoxid-krem\/","og_locale":"cs_CZ","og_type":"article","og_title":"ZinOxid kr\u00e9m","og_description":"ZinOxid je jemn\u00fd ochrann\u00fd kr\u00e9m pro d\u011bti, dosp\u011bl\u00e9 a seniory. Snadno se rozt\u00edr\u00e1. Po nanesen\u00ed vytvo\u0159\u00ed na poko\u017ece jemn\u00fd film.","og_url":"https:\/\/zkeshop.sk\/produkt\/zinoxid-krem\/","og_site_name":"ZK company","article_modified_time":"2025-12-29T10:39:30+00:00","og_image":[{"width":1080,"height":1080,"url":"https:\/\/zkeshop.sk\/wp-content\/uploads\/2024\/06\/EDENpharma_Zin-Oxid-ESHOP.jpg","type":"image\/jpeg"}],"twitter_card":"summary_large_image","twitter_misc":{"Cena":"5,00&nbsp;&euro;","Dostupnost":"Skladem"},"schema":{"@context":"https:\/\/schema.org","@graph":[{"@type":"WebPage","@id":"https:\/\/zkeshop.sk\/produkt\/zinoxid-krem\/","url":"https:\/\/zkeshop.sk\/produkt\/zinoxid-krem\/","name":"ZinOxid kr\u00e9m - ZK company","isPartOf":{"@id":"https:\/\/zkeshop.sk\/#website"},"primaryImageOfPage":{"@id":"https:\/\/zkeshop.sk\/produkt\/zinoxid-krem\/#primaryimage"},"image":{"@id":"https:\/\/zkeshop.sk\/produkt\/zinoxid-krem\/#primaryimage"},"thumbnailUrl":"https:\/\/zkeshop.sk\/wp-content\/uploads\/2024\/06\/EDENpharma_Zin-Oxid-ESHOP.jpg","datePublished":"2024-06-22T11:03:35+00:00","dateModified":"2025-12-29T10:39:30+00:00","breadcrumb":{"@id":"https:\/\/zkeshop.sk\/produkt\/zinoxid-krem\/#breadcrumb"},"inLanguage":"cs","potentialAction":[{"@type":"ReadAction","target":["https:\/\/zkeshop.sk\/produkt\/zinoxid-krem\/"]}]},{"@type":"ImageObject","inLanguage":"cs","@id":"https:\/\/zkeshop.sk\/produkt\/zinoxid-krem\/#primaryimage","url":"https:\/\/zkeshop.sk\/wp-content\/uploads\/2024\/06\/EDENpharma_Zin-Oxid-ESHOP.jpg","contentUrl":"https:\/\/zkeshop.sk\/wp-content\/uploads\/2024\/06\/EDENpharma_Zin-Oxid-ESHOP.jpg","width":1080,"height":1080,"caption":"Kr\u00e9m s oxidom zino\u010dnat\u00fdm na prevenciu plienkovej dermatit\u00eddy a upokojenie zaparen\u00edn. Chr\u00e1ni poko\u017eku pred vlhkos\u0165ou, zvl\u00e1\u010d\u0148uje ekzematick\u00fa ple\u0165."},{"@type":"BreadcrumbList","@id":"https:\/\/zkeshop.sk\/produkt\/zinoxid-krem\/#breadcrumb","itemListElement":[{"@type":"ListItem","position":1,"name":"Dom\u016f","item":"https:\/\/zkeshop.sk\/"},{"@type":"ListItem","position":2,"name":"Obchod","item":"https:\/\/zkeshop.sk\/obchod\/"},{"@type":"ListItem","position":3,"name":"ZinOxid kr\u00e9m"}]},{"@type":"WebSite","@id":"https:\/\/zkeshop.sk\/#website","url":"https:\/\/zkeshop.sk\/","name":"ZK company","description":"Kvalitn\u00e1 kozmetika pre ka\u017edodenn\u00e9 pou\u017eitie","potentialAction":[{"@type":"SearchAction","target":{"@type":"EntryPoint","urlTemplate":"https:\/\/zkeshop.sk\/?s={search_term_string}"},"query-input":{"@type":"PropertyValueSpecification","valueRequired":true,"valueName":"search_term_string"}}],"inLanguage":"cs"}]},"product_price_amount":"5.00","product_price_currency":"EUR","og_availability":"instock","product_availability":"instock","product_condition":"new"},"_links":{"self":[{"href":"https:\/\/zkeshop.sk\/cs\/wp-json\/wp\/v2\/product\/14914","targetHints":{"allow":["GET"]}}],"collection":[{"href":"https:\/\/zkeshop.sk\/cs\/wp-json\/wp\/v2\/product"}],"about":[{"href":"https:\/\/zkeshop.sk\/cs\/wp-json\/wp\/v2\/types\/product"}],"replies":[{"embeddable":true,"href":"https:\/\/zkeshop.sk\/cs\/wp-json\/wp\/v2\/comments?post=14914"}],"version-history":[{"count":0,"href":"https:\/\/zkeshop.sk\/cs\/wp-json\/wp\/v2\/product\/14914\/revisions"}],"wp:featuredmedia":[{"embeddable":true,"href":"https:\/\/zkeshop.sk\/cs\/wp-json\/wp\/v2\/media\/13072"}],"wp:attachment":[{"href":"https:\/\/zkeshop.sk\/cs\/wp-json\/wp\/v2\/media?parent=14914"}],"wp:term":[{"taxonomy":"product_brand","embeddable":true,"href":"https:\/\/zkeshop.sk\/cs\/wp-json\/wp\/v2\/product_brand?post=14914"},{"taxonomy":"product_cat","embeddable":true,"href":"https:\/\/zkeshop.sk\/cs\/wp-json\/wp\/v2\/product_cat?post=14914"},{"taxonomy":"product_tag","embeddable":true,"href":"https:\/\/zkeshop.sk\/cs\/wp-json\/wp\/v2\/product_tag?post=14914"}],"curies":[{"name":"wp","href":"https:\/\/api.w.org\/{rel}","templated":true}]}}