{"id":14916,"date":"2024-06-22T13:09:00","date_gmt":"2024-06-22T11:09:00","guid":{"rendered":"https:\/\/zkeshop.sk\/produkt\/vitamin-d3-k2\/"},"modified":"2025-02-17T15:03:57","modified_gmt":"2025-02-17T14:03:57","slug":"vitamin-d3-k2","status":"publish","type":"product","link":"https:\/\/zkeshop.sk\/cs\/produkt\/vitamin-d3-k2\/","title":{"rendered":"Vitamin D3 + K2"},"content":{"rendered":"<p>VITAMIN K (K2 &#8211; menachinon) p\u0159isp\u00edv\u00e1 k udr\u017een\u00ed zdrav\u00fdch kost\u00ed. Vitamin K p\u0159isp\u00edv\u00e1 ke spr\u00e1vn\u00e9 sr\u00e1\u017elivosti krve. Funkc\u00ed vitaminu K2 je zaji\u0161\u0165ovat pohyb v\u00e1pn\u00edku v t\u011ble. Prakticky tento vitamin podporuje ukl\u00e1d\u00e1n\u00ed v\u00e1pn\u00edku v kostech a zubech a pom\u00e1h\u00e1 odstra\u0148ovat v\u00e1pn\u00edk z m\u00edst, kde ho nechceme, jako jsou tepny &#8211; c\u00e9vy.   <\/p>\n<p>VITAMIN D (D3 &#8211; cholekalciferol) p\u0159isp\u00edv\u00e1 k: norm\u00e1ln\u00ed hladin\u011b v\u00e1pn\u00edku v krvi, spr\u00e1vn\u00e9mu vst\u0159eb\u00e1v\u00e1n\u00ed\/vyu\u017eit\u00ed v\u00e1pn\u00edku a fosforu, udr\u017een\u00ed zdrav\u00fdch zub\u016f, udr\u017een\u00ed spr\u00e1vn\u00e9 funkce sval\u016f, spr\u00e1vn\u00e9mu fungov\u00e1n\u00ed imunitn\u00edho syst\u00e9mu.<\/p>\n<p><strong>Slo\u017een\u00ed v 1 tablet\u011b<\/strong>: vitamin K2 (K2 &#8211; ve form\u011b menachinonu) 120 \u03bcg &#8211; 160 % RH, vitamin D3 (D3 &#8211; ve form\u011b cholekalciferolu), 25 \u03bcg &#8211; 500 % RH, objemov\u00e9 \u010dinidlo: mikrokrystalick\u00e1 celul\u00f3za, emulg\u00e1tor: stearan ho\u0159e\u010dnat\u00fd.<\/p>\n<p>RVH &#8211; referen\u010dn\u00ed v\u00fd\u017eivov\u00e1 hodnota<\/p>\n<p><strong>D\u00e1vkov\u00e1n\u00ed<\/strong>: 1 tableta denn\u011b. 1 tableta, 1 d\u00e1vka, po j\u00eddle, zap\u00edt dostate\u010dn\u00fdm mno\u017estv\u00edm tekutin. <\/p>\n<p><strong>Balen\u00ed: 60 tablet<\/strong><\/p>\n<p>Upozorn\u011bn\u00ed: Stanoven\u00e1 doporu\u010den\u00e1 denn\u00ed d\u00e1vka nesm\u00ed b\u00fdt p\u0159ekro\u010dena! Dopln\u011bk stravy se nesm\u00ed pou\u017e\u00edvat jako n\u00e1hrada pestr\u00e9 a rozmanit\u00e9 stravy! Nevhodn\u00e9 pro d\u011bti do 3 let.   Dopln\u011bk stravy se doporu\u010duje uchov\u00e1vat mimo dosah mal\u00fdch d\u011bt\u00ed. Skladujte na such\u00e9m m\u00edst\u011b p\u0159i teplot\u011b do 25 \u00b0C. <\/p>\n","protected":false},"excerpt":{"rendered":"<p>Vitamin D3+K2 je osv\u011bd\u010den\u00e1 kombinace vitamin\u016f, kter\u00e1 m\u016f\u017ee pomoci pos\u00edlit va\u0161i imunitu. Obsahuje vitaminy K2, kter\u00e9 maj\u00ed vliv na zdrav\u00ed kost\u00ed. P\u0159\u00edtomnost vitamin\u016f D zase napom\u00e1h\u00e1 spr\u00e1vn\u00e9mu fungov\u00e1n\u00ed imunitn\u00edho syst\u00e9mu, kter\u00fd je pot\u0159ebn\u00fd k ochran\u011b organismu. Krom\u011b toho ovliv\u0148uje tak\u00e9 vst\u0159eb\u00e1v\u00e1n\u00ed v\u00e1pn\u00edku a zdrav\u00ed kost\u00ed, zub\u016f a fungov\u00e1n\u00ed sval\u016f.   <\/p>\n","protected":false},"featured_media":13118,"comment_status":"open","ping_status":"closed","template":"","meta":[],"product_brand":[],"product_cat":[89,122],"product_tag":[],"class_list":{"0":"post-14916","1":"product","2":"type-product","3":"status-publish","4":"has-post-thumbnail","6":"product_cat-doplnky-stravy","7":"product_cat-doplnky-stravy-pro-dospele","9":"first","10":"instock","11":"taxable","12":"shipping-taxable","13":"purchasable","14":"product-type-variable","15":"has-default-attributes"},"yoast_head":"<!-- This site is optimized with the Yoast SEO Premium plugin v27.3 (Yoast SEO v27.3) - https:\/\/yoast.com\/product\/yoast-seo-premium-wordpress\/ -->\n<title>Vitamin D3 + K2 - ZK company<\/title>\n<meta name=\"robots\" content=\"index, follow, max-snippet:-1, max-image-preview:large, max-video-preview:-1\" \/>\n<link rel=\"canonical\" href=\"https:\/\/zkeshop.sk\/produkt\/vitamin-d3-k2\/\" \/>\n<meta property=\"og:locale\" content=\"cs_CZ\" \/>\n<meta property=\"og:type\" content=\"article\" \/>\n<meta property=\"og:title\" content=\"Vitamin D3 + K2\" \/>\n<meta property=\"og:description\" content=\"Vitamin D3+K2 je osv\u011bd\u010den\u00e1 kombinace vitamin\u016f, kter\u00e1 m\u016f\u017ee pomoci pos\u00edlit va\u0161i imunitu. Obsahuje vitaminy K2, kter\u00e9 maj\u00ed vliv na zdrav\u00ed kost\u00ed. P\u0159\u00edtomnost vitamin\u016f D zase napom\u00e1h\u00e1 spr\u00e1vn\u00e9mu fungov\u00e1n\u00ed imunitn\u00edho syst\u00e9mu, kter\u00fd je pot\u0159ebn\u00fd k ochran\u011b organismu. Krom\u011b toho ovliv\u0148uje tak\u00e9 vst\u0159eb\u00e1v\u00e1n\u00ed v\u00e1pn\u00edku a zdrav\u00ed kost\u00ed, zub\u016f a fungov\u00e1n\u00ed sval\u016f.\" \/>\n<meta property=\"og:url\" content=\"https:\/\/zkeshop.sk\/produkt\/vitamin-d3-k2\/\" \/>\n<meta property=\"og:site_name\" content=\"ZK company\" \/>\n<meta property=\"article:modified_time\" content=\"2025-02-17T14:03:57+00:00\" \/>\n<meta property=\"og:image\" content=\"https:\/\/zkeshop.sk\/wp-content\/uploads\/2024\/06\/Vitamin-D3K2-30-tbl-SK-1.jpg\" \/>\n\t<meta property=\"og:image:width\" content=\"1080\" \/>\n\t<meta property=\"og:image:height\" content=\"1080\" \/>\n\t<meta property=\"og:image:type\" content=\"image\/jpeg\" \/>\n<meta name=\"twitter:card\" content=\"summary_large_image\" \/>\n<meta name=\"twitter:label1\" content=\"Dostupnost\" \/>\n\t<meta name=\"twitter:data1\" content=\"Skladem\" \/>\n<script type=\"application\/ld+json\" class=\"yoast-schema-graph\">{\"@context\":\"https:\\\/\\\/schema.org\",\"@graph\":[{\"@type\":\"WebPage\",\"@id\":\"https:\\\/\\\/zkeshop.sk\\\/produkt\\\/vitamin-d3-k2\\\/\",\"url\":\"https:\\\/\\\/zkeshop.sk\\\/produkt\\\/vitamin-d3-k2\\\/\",\"name\":\"Vitamin D3 + K2 - ZK company\",\"isPartOf\":{\"@id\":\"https:\\\/\\\/zkeshop.sk\\\/#website\"},\"primaryImageOfPage\":{\"@id\":\"https:\\\/\\\/zkeshop.sk\\\/produkt\\\/vitamin-d3-k2\\\/#primaryimage\"},\"image\":{\"@id\":\"https:\\\/\\\/zkeshop.sk\\\/produkt\\\/vitamin-d3-k2\\\/#primaryimage\"},\"thumbnailUrl\":\"https:\\\/\\\/zkeshop.sk\\\/wp-content\\\/uploads\\\/2024\\\/06\\\/Vitamin-D3K2-30-tbl-SK-1.jpg\",\"datePublished\":\"2024-06-22T11:09:00+00:00\",\"dateModified\":\"2025-02-17T14:03:57+00:00\",\"breadcrumb\":{\"@id\":\"https:\\\/\\\/zkeshop.sk\\\/produkt\\\/vitamin-d3-k2\\\/#breadcrumb\"},\"inLanguage\":\"cs\",\"potentialAction\":[{\"@type\":\"ReadAction\",\"target\":[\"https:\\\/\\\/zkeshop.sk\\\/produkt\\\/vitamin-d3-k2\\\/\"]}]},{\"@type\":\"ImageObject\",\"inLanguage\":\"cs\",\"@id\":\"https:\\\/\\\/zkeshop.sk\\\/produkt\\\/vitamin-d3-k2\\\/#primaryimage\",\"url\":\"https:\\\/\\\/zkeshop.sk\\\/wp-content\\\/uploads\\\/2024\\\/06\\\/Vitamin-D3K2-30-tbl-SK-1.jpg\",\"contentUrl\":\"https:\\\/\\\/zkeshop.sk\\\/wp-content\\\/uploads\\\/2024\\\/06\\\/Vitamin-D3K2-30-tbl-SK-1.jpg\",\"width\":1080,\"height\":1080,\"caption\":\"Vitam\u00edn K2 a D3 pre zdrav\u00e9 kosti, zuby, imunitu a spr\u00e1vne vyu\u017eitie v\u00e1pnika. Podpora zr\u00e1\u017eanlivosti krvi a odv\u00e1p\u0148ovanie ciev v 1 tablete denne.\"},{\"@type\":\"BreadcrumbList\",\"@id\":\"https:\\\/\\\/zkeshop.sk\\\/produkt\\\/vitamin-d3-k2\\\/#breadcrumb\",\"itemListElement\":[{\"@type\":\"ListItem\",\"position\":1,\"name\":\"Dom\u016f\",\"item\":\"https:\\\/\\\/zkeshop.sk\\\/\"},{\"@type\":\"ListItem\",\"position\":2,\"name\":\"Obchod\",\"item\":\"https:\\\/\\\/zkeshop.sk\\\/obchod\\\/\"},{\"@type\":\"ListItem\",\"position\":3,\"name\":\"Vitamin D3 + K2\"}]},{\"@type\":\"WebSite\",\"@id\":\"https:\\\/\\\/zkeshop.sk\\\/#website\",\"url\":\"https:\\\/\\\/zkeshop.sk\\\/\",\"name\":\"ZK company\",\"description\":\"Kvalitn\u00e1 kozmetika pre ka\u017edodenn\u00e9 pou\u017eitie\",\"potentialAction\":[{\"@type\":\"SearchAction\",\"target\":{\"@type\":\"EntryPoint\",\"urlTemplate\":\"https:\\\/\\\/zkeshop.sk\\\/?s={search_term_string}\"},\"query-input\":{\"@type\":\"PropertyValueSpecification\",\"valueRequired\":true,\"valueName\":\"search_term_string\"}}],\"inLanguage\":\"cs\"}]}<\/script>\n<meta property=\"og:availability\" content=\"instock\" \/>\n<meta property=\"product:availability\" content=\"instock\" \/>\n<meta property=\"product:condition\" content=\"new\" \/>\n<!-- \/ Yoast SEO Premium plugin. -->","yoast_head_json":{"title":"Vitamin D3 + K2 - ZK company","robots":{"index":"index","follow":"follow","max-snippet":"max-snippet:-1","max-image-preview":"max-image-preview:large","max-video-preview":"max-video-preview:-1"},"canonical":"https:\/\/zkeshop.sk\/produkt\/vitamin-d3-k2\/","og_locale":"cs_CZ","og_type":"article","og_title":"Vitamin D3 + K2","og_description":"Vitamin D3+K2 je osv\u011bd\u010den\u00e1 kombinace vitamin\u016f, kter\u00e1 m\u016f\u017ee pomoci pos\u00edlit va\u0161i imunitu. Obsahuje vitaminy K2, kter\u00e9 maj\u00ed vliv na zdrav\u00ed kost\u00ed. P\u0159\u00edtomnost vitamin\u016f D zase napom\u00e1h\u00e1 spr\u00e1vn\u00e9mu fungov\u00e1n\u00ed imunitn\u00edho syst\u00e9mu, kter\u00fd je pot\u0159ebn\u00fd k ochran\u011b organismu. Krom\u011b toho ovliv\u0148uje tak\u00e9 vst\u0159eb\u00e1v\u00e1n\u00ed v\u00e1pn\u00edku a zdrav\u00ed kost\u00ed, zub\u016f a fungov\u00e1n\u00ed sval\u016f.","og_url":"https:\/\/zkeshop.sk\/produkt\/vitamin-d3-k2\/","og_site_name":"ZK company","article_modified_time":"2025-02-17T14:03:57+00:00","og_image":[{"width":1080,"height":1080,"url":"https:\/\/zkeshop.sk\/wp-content\/uploads\/2024\/06\/Vitamin-D3K2-30-tbl-SK-1.jpg","type":"image\/jpeg"}],"twitter_card":"summary_large_image","twitter_misc":{"Dostupnost":"Skladem"},"schema":{"@context":"https:\/\/schema.org","@graph":[{"@type":"WebPage","@id":"https:\/\/zkeshop.sk\/produkt\/vitamin-d3-k2\/","url":"https:\/\/zkeshop.sk\/produkt\/vitamin-d3-k2\/","name":"Vitamin D3 + K2 - ZK company","isPartOf":{"@id":"https:\/\/zkeshop.sk\/#website"},"primaryImageOfPage":{"@id":"https:\/\/zkeshop.sk\/produkt\/vitamin-d3-k2\/#primaryimage"},"image":{"@id":"https:\/\/zkeshop.sk\/produkt\/vitamin-d3-k2\/#primaryimage"},"thumbnailUrl":"https:\/\/zkeshop.sk\/wp-content\/uploads\/2024\/06\/Vitamin-D3K2-30-tbl-SK-1.jpg","datePublished":"2024-06-22T11:09:00+00:00","dateModified":"2025-02-17T14:03:57+00:00","breadcrumb":{"@id":"https:\/\/zkeshop.sk\/produkt\/vitamin-d3-k2\/#breadcrumb"},"inLanguage":"cs","potentialAction":[{"@type":"ReadAction","target":["https:\/\/zkeshop.sk\/produkt\/vitamin-d3-k2\/"]}]},{"@type":"ImageObject","inLanguage":"cs","@id":"https:\/\/zkeshop.sk\/produkt\/vitamin-d3-k2\/#primaryimage","url":"https:\/\/zkeshop.sk\/wp-content\/uploads\/2024\/06\/Vitamin-D3K2-30-tbl-SK-1.jpg","contentUrl":"https:\/\/zkeshop.sk\/wp-content\/uploads\/2024\/06\/Vitamin-D3K2-30-tbl-SK-1.jpg","width":1080,"height":1080,"caption":"Vitam\u00edn K2 a D3 pre zdrav\u00e9 kosti, zuby, imunitu a spr\u00e1vne vyu\u017eitie v\u00e1pnika. Podpora zr\u00e1\u017eanlivosti krvi a odv\u00e1p\u0148ovanie ciev v 1 tablete denne."},{"@type":"BreadcrumbList","@id":"https:\/\/zkeshop.sk\/produkt\/vitamin-d3-k2\/#breadcrumb","itemListElement":[{"@type":"ListItem","position":1,"name":"Dom\u016f","item":"https:\/\/zkeshop.sk\/"},{"@type":"ListItem","position":2,"name":"Obchod","item":"https:\/\/zkeshop.sk\/obchod\/"},{"@type":"ListItem","position":3,"name":"Vitamin D3 + K2"}]},{"@type":"WebSite","@id":"https:\/\/zkeshop.sk\/#website","url":"https:\/\/zkeshop.sk\/","name":"ZK company","description":"Kvalitn\u00e1 kozmetika pre ka\u017edodenn\u00e9 pou\u017eitie","potentialAction":[{"@type":"SearchAction","target":{"@type":"EntryPoint","urlTemplate":"https:\/\/zkeshop.sk\/?s={search_term_string}"},"query-input":{"@type":"PropertyValueSpecification","valueRequired":true,"valueName":"search_term_string"}}],"inLanguage":"cs"}]},"og_availability":"instock","product_availability":"instock","product_condition":"new"},"_links":{"self":[{"href":"https:\/\/zkeshop.sk\/cs\/wp-json\/wp\/v2\/product\/14916","targetHints":{"allow":["GET"]}}],"collection":[{"href":"https:\/\/zkeshop.sk\/cs\/wp-json\/wp\/v2\/product"}],"about":[{"href":"https:\/\/zkeshop.sk\/cs\/wp-json\/wp\/v2\/types\/product"}],"replies":[{"embeddable":true,"href":"https:\/\/zkeshop.sk\/cs\/wp-json\/wp\/v2\/comments?post=14916"}],"version-history":[{"count":0,"href":"https:\/\/zkeshop.sk\/cs\/wp-json\/wp\/v2\/product\/14916\/revisions"}],"wp:featuredmedia":[{"embeddable":true,"href":"https:\/\/zkeshop.sk\/cs\/wp-json\/wp\/v2\/media\/13118"}],"wp:attachment":[{"href":"https:\/\/zkeshop.sk\/cs\/wp-json\/wp\/v2\/media?parent=14916"}],"wp:term":[{"taxonomy":"product_brand","embeddable":true,"href":"https:\/\/zkeshop.sk\/cs\/wp-json\/wp\/v2\/product_brand?post=14916"},{"taxonomy":"product_cat","embeddable":true,"href":"https:\/\/zkeshop.sk\/cs\/wp-json\/wp\/v2\/product_cat?post=14916"},{"taxonomy":"product_tag","embeddable":true,"href":"https:\/\/zkeshop.sk\/cs\/wp-json\/wp\/v2\/product_tag?post=14916"}],"curies":[{"name":"wp","href":"https:\/\/api.w.org\/{rel}","templated":true}]}}