{"id":14923,"date":"2024-06-22T12:56:09","date_gmt":"2024-06-22T10:56:09","guid":{"rendered":"https:\/\/zkeshop.sk\/produkt\/lactobifik-junior-orange\/"},"modified":"2025-03-03T10:19:27","modified_gmt":"2025-03-03T09:19:27","slug":"lactobifik-junior-orange","status":"publish","type":"product","link":"https:\/\/zkeshop.sk\/cs\/produkt\/lactobifik-junior-orange\/","title":{"rendered":"Lactobif\u00edk junior orange"},"content":{"rendered":"<p>Lactobacillus acidophilus je druh bakteri\u00ed, kter\u00e9 se vyskytuj\u00ed v na\u0161ich st\u0159evech. Pat\u0159\u00ed do rodu bakteri\u00ed Lactobacillus a hraje d\u016fle\u017eitou roli pro lidsk\u00e9 zdrav\u00ed. Vyr\u00e1b\u00ed &#8211; kyselinu ml\u00e9\u010dnou produkc\u00ed enzymu zvan\u00e9ho lakt\u00e1za, kter\u00fd \u0161t\u011bp\u00ed lakt\u00f3zu neboli cukr obsa\u017een\u00fd v ml\u00e9ce na kyselinu ml\u00e9\u010dnou. Sv\u011btov\u00e1 zdravotnick\u00e1 organizace definuje probiotika jako &#8220;\u017eiv\u00e9 mikroorganismy, kter\u00e9 p\u0159i pod\u00e1v\u00e1n\u00ed v p\u0159im\u011b\u0159en\u00e9m mno\u017estv\u00ed pom\u00e1haj\u00ed udr\u017eovat zdrav\u00ed&#8221;. Bifidobakterie se p\u0159irozen\u011b vyskytuj\u00ed v lidsk\u00e9m st\u0159evn\u00edm traktu, zejm\u00e9na v po\u010d\u00e1te\u010dn\u00edch f\u00e1z\u00edch tr\u00e1vic\u00edho syst\u00e9mu. Hraje d\u016fle\u017eitou roli p\u0159i tr\u00e1ven\u00ed a zdrav\u00e9m fungov\u00e1n\u00ed imunitn\u00edho syst\u00e9mu. Jednou z jeho hlavn\u00edch \u017eivin jsou oligosacharidy, kter\u00e9 jsou fermentov\u00e1ny v tlust\u00e9m st\u0159ev\u011b a pom\u00e1haj\u00ed udr\u017eovat rovnov\u00e1hu st\u0159evn\u00ed fl\u00f3ry.      <\/p>\n<p><strong>Slo\u017een\u00ed 1 tablety<\/strong>: inulin 198,73 mg, Lactobacillus acidophilus 21 mg, Bifidobacterium longum 2,625 mg, Lactobacillus rhamnosus 1,312 mg, Lactobacillus casei 750 ug, Bifidobacterium bifidum 332 ug, Bifidobacterium lactis 250 ug, regul\u00e1tor kyselosti : Kyselina citronov\u00e1 15 mg, pomeran\u010dov\u00e9 aroma 10 mg, sladidlo sorbitol 295 mg, emulg\u00e1tor : stearan ho\u0159e\u010dnat\u00fd rostlinn\u00e9ho p\u016fvodu 5 mg.<\/p>\n<p><strong>D\u00e1vkov\u00e1n\u00ed:<\/strong> 1 &#8211; 2 tablety denn\u011b po j\u00eddle.<\/p>\n<p>Hmotnost 1 tablety: 550 mg<\/p>\n<p><strong>Balen\u00ed: 30 tablet<\/strong><\/p>\n<p>Minim\u00e1ln\u00ed trvanlivost: viz obal. Nen\u00ed ur\u010deno pro d\u011bti do 3 let. Dopln\u011bk stravy se nesm\u00ed pou\u017e\u00edvat jako n\u00e1hrada pestr\u00e9 stravy. Skladujte na such\u00e9m m\u00edst\u011b p\u0159i teplot\u011b do 25C\u00b0, uchov\u00e1vejte mimo dosah mal\u00fdch d\u011bt\u00ed. Stanoven\u00e1 doporu\u010den\u00e1 denn\u00ed d\u00e1vka nesm\u00ed b\u00fdt p\u0159ekro\u010dena.<\/p>\n","protected":false},"excerpt":{"rendered":"<h4><strong><span style=\"color: #ff0000;\">3+1 VOLN\u00c1 AKCE. Vlo\u017ete do ko\u0161\u00edku 3 produkty a \u010dtvrt\u00fd automaticky z\u00edsk\u00e1te ZDARMA. <\/span><\/strong><\/h4>\n<p>5,13 miliardy aktivn\u00edch bakteri\u00ed a 6 kmen\u016f v 1 tablet\u011b. Obsahuj\u00ed zna\u010dn\u00e9 mno\u017estv\u00ed aktivn\u00edch bakteri\u00ed a inulinu, rozpustn\u00e9 vl\u00e1kniny, kter\u00e1 je pro tyto bakterie p\u0159irozenou potravou.  <\/p>\n","protected":false},"featured_media":12872,"comment_status":"open","ping_status":"closed","template":"","meta":[],"product_brand":[],"product_cat":[89,119,220],"product_tag":[],"class_list":{"0":"post-14923","1":"product","2":"type-product","3":"status-publish","4":"has-post-thumbnail","6":"product_cat-doplnky-stravy","7":"product_cat-doplnky-stravy-pro-deti","8":"product_cat-travenie-cs","10":"first","11":"instock","12":"taxable","13":"shipping-taxable","14":"purchasable","15":"product-type-simple"},"yoast_head":"<!-- This site is optimized with the Yoast SEO Premium plugin v27.3 (Yoast SEO v27.3) - https:\/\/yoast.com\/product\/yoast-seo-premium-wordpress\/ -->\n<title>Lactobif\u00edk junior orange - ZK company<\/title>\n<meta name=\"robots\" content=\"index, follow, max-snippet:-1, max-image-preview:large, max-video-preview:-1\" \/>\n<link rel=\"canonical\" href=\"https:\/\/zkeshop.sk\/produkt\/lactobifik-junior-pomaranc\/\" \/>\n<meta property=\"og:locale\" content=\"cs_CZ\" \/>\n<meta property=\"og:type\" content=\"article\" \/>\n<meta property=\"og:title\" content=\"Lactobif\u00edk junior orange\" \/>\n<meta property=\"og:description\" content=\"3+1 VOLN\u00c1 AKCE. Vlo\u017ete do ko\u0161\u00edku 3 produkty a \u010dtvrt\u00fd automaticky z\u00edsk\u00e1te ZDARMA. 5,13 miliardy aktivn\u00edch bakteri\u00ed a 6 kmen\u016f v 1 tablet\u011b. Obsahuj\u00ed zna\u010dn\u00e9 mno\u017estv\u00ed aktivn\u00edch bakteri\u00ed a inulinu, rozpustn\u00e9 vl\u00e1kniny, kter\u00e1 je pro tyto bakterie p\u0159irozenou potravou.\" \/>\n<meta property=\"og:url\" content=\"https:\/\/zkeshop.sk\/produkt\/lactobifik-junior-pomaranc\/\" \/>\n<meta property=\"og:site_name\" content=\"ZK company\" \/>\n<meta property=\"article:modified_time\" content=\"2025-03-03T09:19:27+00:00\" \/>\n<meta property=\"og:image\" content=\"https:\/\/zkeshop.sk\/wp-content\/uploads\/2024\/06\/Lactobifik-junior-30-tbl-SK.jpg\" \/>\n\t<meta property=\"og:image:width\" content=\"1080\" \/>\n\t<meta property=\"og:image:height\" content=\"1080\" \/>\n\t<meta property=\"og:image:type\" content=\"image\/jpeg\" \/>\n<meta name=\"twitter:card\" content=\"summary_large_image\" \/>\n<meta name=\"twitter:label1\" content=\"Cena\" \/>\n\t<meta name=\"twitter:data1\" content=\"6,50&nbsp;&euro;\" \/>\n\t<meta name=\"twitter:label2\" content=\"Dostupnost\" \/>\n\t<meta name=\"twitter:data2\" content=\"Skladem\" \/>\n<script type=\"application\/ld+json\" class=\"yoast-schema-graph\">{\"@context\":\"https:\\\/\\\/schema.org\",\"@graph\":[{\"@type\":\"WebPage\",\"@id\":\"https:\\\/\\\/zkeshop.sk\\\/produkt\\\/lactobifik-junior-pomaranc\\\/\",\"url\":\"https:\\\/\\\/zkeshop.sk\\\/produkt\\\/lactobifik-junior-pomaranc\\\/\",\"name\":\"Lactobif\u00edk junior orange - ZK company\",\"isPartOf\":{\"@id\":\"https:\\\/\\\/zkeshop.sk\\\/#website\"},\"primaryImageOfPage\":{\"@id\":\"https:\\\/\\\/zkeshop.sk\\\/produkt\\\/lactobifik-junior-pomaranc\\\/#primaryimage\"},\"image\":{\"@id\":\"https:\\\/\\\/zkeshop.sk\\\/produkt\\\/lactobifik-junior-pomaranc\\\/#primaryimage\"},\"thumbnailUrl\":\"https:\\\/\\\/zkeshop.sk\\\/wp-content\\\/uploads\\\/2024\\\/06\\\/Lactobifik-junior-30-tbl-SK.jpg\",\"datePublished\":\"2024-06-22T10:56:09+00:00\",\"dateModified\":\"2025-03-03T09:19:27+00:00\",\"breadcrumb\":{\"@id\":\"https:\\\/\\\/zkeshop.sk\\\/produkt\\\/lactobifik-junior-pomaranc\\\/#breadcrumb\"},\"inLanguage\":\"cs\",\"potentialAction\":[{\"@type\":\"ReadAction\",\"target\":[\"https:\\\/\\\/zkeshop.sk\\\/produkt\\\/lactobifik-junior-pomaranc\\\/\"]}]},{\"@type\":\"ImageObject\",\"inLanguage\":\"cs\",\"@id\":\"https:\\\/\\\/zkeshop.sk\\\/produkt\\\/lactobifik-junior-pomaranc\\\/#primaryimage\",\"url\":\"https:\\\/\\\/zkeshop.sk\\\/wp-content\\\/uploads\\\/2024\\\/06\\\/Lactobifik-junior-30-tbl-SK.jpg\",\"contentUrl\":\"https:\\\/\\\/zkeshop.sk\\\/wp-content\\\/uploads\\\/2024\\\/06\\\/Lactobifik-junior-30-tbl-SK.jpg\",\"width\":1080,\"height\":1080,\"caption\":\"Lactobif\u00edk junior \u2013 probiotik\u00e1 pre deti s inul\u00ednom a 6 bakteri\u00e1lnymi kme\u0148mi. Na imunitu a tr\u00e1venie. Cm\u00fa\u013eacie tablety s pomaran\u010dovou pr\u00edchu\u0165ou.\"},{\"@type\":\"BreadcrumbList\",\"@id\":\"https:\\\/\\\/zkeshop.sk\\\/produkt\\\/lactobifik-junior-pomaranc\\\/#breadcrumb\",\"itemListElement\":[{\"@type\":\"ListItem\",\"position\":1,\"name\":\"Dom\u016f\",\"item\":\"https:\\\/\\\/zkeshop.sk\\\/\"},{\"@type\":\"ListItem\",\"position\":2,\"name\":\"Obchod\",\"item\":\"https:\\\/\\\/zkeshop.sk\\\/obchod\\\/\"},{\"@type\":\"ListItem\",\"position\":3,\"name\":\"Lactobif\u00edk junior orange\"}]},{\"@type\":\"WebSite\",\"@id\":\"https:\\\/\\\/zkeshop.sk\\\/#website\",\"url\":\"https:\\\/\\\/zkeshop.sk\\\/\",\"name\":\"ZK company\",\"description\":\"Kvalitn\u00e1 kozmetika pre ka\u017edodenn\u00e9 pou\u017eitie\",\"potentialAction\":[{\"@type\":\"SearchAction\",\"target\":{\"@type\":\"EntryPoint\",\"urlTemplate\":\"https:\\\/\\\/zkeshop.sk\\\/?s={search_term_string}\"},\"query-input\":{\"@type\":\"PropertyValueSpecification\",\"valueRequired\":true,\"valueName\":\"search_term_string\"}}],\"inLanguage\":\"cs\"}]}<\/script>\n<meta property=\"product:price:amount\" content=\"6.50\" \/>\n<meta property=\"product:price:currency\" content=\"EUR\" \/>\n<meta property=\"og:availability\" content=\"instock\" \/>\n<meta property=\"product:availability\" content=\"instock\" \/>\n<meta property=\"product:condition\" content=\"new\" \/>\n<!-- \/ Yoast SEO Premium plugin. -->","yoast_head_json":{"title":"Lactobif\u00edk junior orange - ZK company","robots":{"index":"index","follow":"follow","max-snippet":"max-snippet:-1","max-image-preview":"max-image-preview:large","max-video-preview":"max-video-preview:-1"},"canonical":"https:\/\/zkeshop.sk\/produkt\/lactobifik-junior-pomaranc\/","og_locale":"cs_CZ","og_type":"article","og_title":"Lactobif\u00edk junior orange","og_description":"3+1 VOLN\u00c1 AKCE. Vlo\u017ete do ko\u0161\u00edku 3 produkty a \u010dtvrt\u00fd automaticky z\u00edsk\u00e1te ZDARMA. 5,13 miliardy aktivn\u00edch bakteri\u00ed a 6 kmen\u016f v 1 tablet\u011b. Obsahuj\u00ed zna\u010dn\u00e9 mno\u017estv\u00ed aktivn\u00edch bakteri\u00ed a inulinu, rozpustn\u00e9 vl\u00e1kniny, kter\u00e1 je pro tyto bakterie p\u0159irozenou potravou.","og_url":"https:\/\/zkeshop.sk\/produkt\/lactobifik-junior-pomaranc\/","og_site_name":"ZK company","article_modified_time":"2025-03-03T09:19:27+00:00","og_image":[{"width":1080,"height":1080,"url":"https:\/\/zkeshop.sk\/wp-content\/uploads\/2024\/06\/Lactobifik-junior-30-tbl-SK.jpg","type":"image\/jpeg"}],"twitter_card":"summary_large_image","twitter_misc":{"Cena":"6,50&nbsp;&euro;","Dostupnost":"Skladem"},"schema":{"@context":"https:\/\/schema.org","@graph":[{"@type":"WebPage","@id":"https:\/\/zkeshop.sk\/produkt\/lactobifik-junior-pomaranc\/","url":"https:\/\/zkeshop.sk\/produkt\/lactobifik-junior-pomaranc\/","name":"Lactobif\u00edk junior orange - ZK company","isPartOf":{"@id":"https:\/\/zkeshop.sk\/#website"},"primaryImageOfPage":{"@id":"https:\/\/zkeshop.sk\/produkt\/lactobifik-junior-pomaranc\/#primaryimage"},"image":{"@id":"https:\/\/zkeshop.sk\/produkt\/lactobifik-junior-pomaranc\/#primaryimage"},"thumbnailUrl":"https:\/\/zkeshop.sk\/wp-content\/uploads\/2024\/06\/Lactobifik-junior-30-tbl-SK.jpg","datePublished":"2024-06-22T10:56:09+00:00","dateModified":"2025-03-03T09:19:27+00:00","breadcrumb":{"@id":"https:\/\/zkeshop.sk\/produkt\/lactobifik-junior-pomaranc\/#breadcrumb"},"inLanguage":"cs","potentialAction":[{"@type":"ReadAction","target":["https:\/\/zkeshop.sk\/produkt\/lactobifik-junior-pomaranc\/"]}]},{"@type":"ImageObject","inLanguage":"cs","@id":"https:\/\/zkeshop.sk\/produkt\/lactobifik-junior-pomaranc\/#primaryimage","url":"https:\/\/zkeshop.sk\/wp-content\/uploads\/2024\/06\/Lactobifik-junior-30-tbl-SK.jpg","contentUrl":"https:\/\/zkeshop.sk\/wp-content\/uploads\/2024\/06\/Lactobifik-junior-30-tbl-SK.jpg","width":1080,"height":1080,"caption":"Lactobif\u00edk junior \u2013 probiotik\u00e1 pre deti s inul\u00ednom a 6 bakteri\u00e1lnymi kme\u0148mi. Na imunitu a tr\u00e1venie. Cm\u00fa\u013eacie tablety s pomaran\u010dovou pr\u00edchu\u0165ou."},{"@type":"BreadcrumbList","@id":"https:\/\/zkeshop.sk\/produkt\/lactobifik-junior-pomaranc\/#breadcrumb","itemListElement":[{"@type":"ListItem","position":1,"name":"Dom\u016f","item":"https:\/\/zkeshop.sk\/"},{"@type":"ListItem","position":2,"name":"Obchod","item":"https:\/\/zkeshop.sk\/obchod\/"},{"@type":"ListItem","position":3,"name":"Lactobif\u00edk junior orange"}]},{"@type":"WebSite","@id":"https:\/\/zkeshop.sk\/#website","url":"https:\/\/zkeshop.sk\/","name":"ZK company","description":"Kvalitn\u00e1 kozmetika pre ka\u017edodenn\u00e9 pou\u017eitie","potentialAction":[{"@type":"SearchAction","target":{"@type":"EntryPoint","urlTemplate":"https:\/\/zkeshop.sk\/?s={search_term_string}"},"query-input":{"@type":"PropertyValueSpecification","valueRequired":true,"valueName":"search_term_string"}}],"inLanguage":"cs"}]},"product_price_amount":"6.50","product_price_currency":"EUR","og_availability":"instock","product_availability":"instock","product_condition":"new"},"_links":{"self":[{"href":"https:\/\/zkeshop.sk\/cs\/wp-json\/wp\/v2\/product\/14923","targetHints":{"allow":["GET"]}}],"collection":[{"href":"https:\/\/zkeshop.sk\/cs\/wp-json\/wp\/v2\/product"}],"about":[{"href":"https:\/\/zkeshop.sk\/cs\/wp-json\/wp\/v2\/types\/product"}],"replies":[{"embeddable":true,"href":"https:\/\/zkeshop.sk\/cs\/wp-json\/wp\/v2\/comments?post=14923"}],"version-history":[{"count":0,"href":"https:\/\/zkeshop.sk\/cs\/wp-json\/wp\/v2\/product\/14923\/revisions"}],"wp:featuredmedia":[{"embeddable":true,"href":"https:\/\/zkeshop.sk\/cs\/wp-json\/wp\/v2\/media\/12872"}],"wp:attachment":[{"href":"https:\/\/zkeshop.sk\/cs\/wp-json\/wp\/v2\/media?parent=14923"}],"wp:term":[{"taxonomy":"product_brand","embeddable":true,"href":"https:\/\/zkeshop.sk\/cs\/wp-json\/wp\/v2\/product_brand?post=14923"},{"taxonomy":"product_cat","embeddable":true,"href":"https:\/\/zkeshop.sk\/cs\/wp-json\/wp\/v2\/product_cat?post=14923"},{"taxonomy":"product_tag","embeddable":true,"href":"https:\/\/zkeshop.sk\/cs\/wp-json\/wp\/v2\/product_tag?post=14923"}],"curies":[{"name":"wp","href":"https:\/\/api.w.org\/{rel}","templated":true}]}}