{"id":14930,"date":"2024-06-28T18:03:25","date_gmt":"2024-06-28T16:03:25","guid":{"rendered":"https:\/\/zkeshop.sk\/produkt\/flexibilita-zdrave-klouby-60-kapsli\/"},"modified":"2025-02-17T15:04:02","modified_gmt":"2025-02-17T14:04:02","slug":"flexibilita-zdrave-klouby-60-kapsli","status":"publish","type":"product","link":"https:\/\/zkeshop.sk\/cs\/produkt\/flexibilita-zdrave-klouby-60-kapsli\/","title":{"rendered":"Flexibilita &#8211; zdrav\u00e9 klouby 60 kapsl\u00ed"},"content":{"rendered":"<p>P<strong>odrobn\u00fd popis<\/strong> P\u0159\u00edrodn\u00ed bylinn\u00fd p\u0159\u00edpravek Flexibilita se v \u00e1jurv\u00e9dsk\u00e9 medic\u00edn\u011b pou\u017e\u00edv\u00e1 p\u0159i probl\u00e9mech pohybov\u00e9ho apar\u00e1tu, kloub\u016f a sval\u016f. Flexibility regeneruje klouby a pom\u00e1h\u00e1 je udr\u017eovat zdrav\u00e9. Sni\u017euje z\u00e1n\u011bt a ztuhlost kloub\u016f, p\u0159\u00edzniv\u011b p\u016fsob\u00ed na pohyblivost kloub\u016f a p\u016fsob\u00ed tak\u00e9 na uvoln\u011bn\u00ed svalov\u00fdch k\u0159e\u010d\u00ed.  <\/p>\n<p><strong>Slo\u017een\u00ed: <\/strong>Musta ( Cyperus esculentus ) &#8211; hl\u00edza hl\u00edznat\u00e1 200 mg oddenek, Ashwaganda ( Whitania somnifera ) &#8211; ko\u0159en Vitania somnifera 60 mg, Glycyrrhiza glabra ( Tinospora cordifolia ) &#8211; stonek sladk\u00e9ho stromu 35 mg, Tulsi ( Ocimum sanctum ) &#8211; listy bazalky posv\u00e1tn\u00e9 30 mg, rostlinn\u00e1 celul\u00f3za kapsle.<\/p>\n<p>Pozn\u00e1mka: Nep\u0159ekra\u010dujte doporu\u010den\u00e9 d\u00e1vkov\u00e1n\u00ed. Nepou\u017e\u00edvejte jako n\u00e1hradu pestr\u00e9 stravy. V\u00fdrobek nen\u00ed ur\u010den pro d\u011bti, t\u011bhotn\u00e9 a koj\u00edc\u00ed \u017eeny. Uchov\u00e1vejte mimo dosah mal\u00fdch d\u011bt\u00ed. Skladujte na chladn\u00e9m a such\u00e9m m\u00edst\u011b. Nevystavujte slune\u010dn\u00edmu z\u00e1\u0159en\u00ed.     <\/p>\n<p><strong>Doporu\u010den\u00e9 d\u00e1vkov\u00e1n\u00ed: <\/strong>1-2 kapsle dvakr\u00e1t denn\u011b s j\u00eddlem. Doporu\u010duje se u\u017e\u00edvat nejm\u00e9n\u011b jeden m\u011bs\u00edc. <\/p>\n<p><strong>Balen\u00ed: <\/strong>60 vegetari\u00e1nsk\u00fdch bezlepkov\u00fdch kapsl\u00ed<\/p>\n<p>Zem\u011b p\u016fvodu: Indie<\/p>\n","protected":false},"excerpt":{"rendered":"<p>P\u0159\u00edrodn\u00ed bylinn\u00fd p\u0159\u00edpravek Flexibilita se v \u00e1jurv\u00e9dsk\u00e9 medic\u00edn\u011b pou\u017e\u00edv\u00e1 p\u0159i probl\u00e9mech pohybov\u00e9ho apar\u00e1tu, kloub\u016f a sval\u016f.<\/p>\n","protected":false},"featured_media":12981,"comment_status":"open","ping_status":"closed","template":"","meta":[],"product_brand":[],"product_cat":[111,89],"product_tag":[],"class_list":{"0":"post-14930","1":"product","2":"type-product","3":"status-publish","4":"has-post-thumbnail","6":"product_cat-ajurveda-cs","7":"product_cat-doplnky-stravy","9":"first","10":"instock","11":"taxable","12":"shipping-taxable","13":"purchasable","14":"product-type-simple"},"yoast_head":"<!-- This site is optimized with the Yoast SEO Premium plugin v27.3 (Yoast SEO v27.3) - https:\/\/yoast.com\/product\/yoast-seo-premium-wordpress\/ -->\n<title>Flexibilita - zdrav\u00e9 klouby 60 kapsl\u00ed - ZK company<\/title>\n<meta name=\"robots\" content=\"index, follow, max-snippet:-1, max-image-preview:large, max-video-preview:-1\" \/>\n<link rel=\"canonical\" href=\"https:\/\/zkeshop.sk\/cs\/produkt\/flexibilita-zdrave-klouby-60-kapsli\/\" \/>\n<meta property=\"og:locale\" content=\"cs_CZ\" \/>\n<meta property=\"og:type\" content=\"article\" \/>\n<meta property=\"og:title\" content=\"Flexibilita - zdrav\u00e9 klouby 60 kapsl\u00ed\" \/>\n<meta property=\"og:description\" content=\"P\u0159\u00edrodn\u00ed bylinn\u00fd p\u0159\u00edpravek Flexibilita se v \u00e1jurv\u00e9dsk\u00e9 medic\u00edn\u011b pou\u017e\u00edv\u00e1 p\u0159i probl\u00e9mech pohybov\u00e9ho apar\u00e1tu, kloub\u016f a sval\u016f.\" \/>\n<meta property=\"og:url\" content=\"https:\/\/zkeshop.sk\/cs\/produkt\/flexibilita-zdrave-klouby-60-kapsli\/\" \/>\n<meta property=\"og:site_name\" content=\"ZK company\" \/>\n<meta property=\"article:modified_time\" content=\"2025-02-17T14:04:02+00:00\" \/>\n<meta property=\"og:image\" content=\"https:\/\/zkeshop.sk\/wp-content\/uploads\/2024\/06\/vitamax-ayurmind-flexibility.jpg\" \/>\n\t<meta property=\"og:image:width\" content=\"800\" \/>\n\t<meta property=\"og:image:height\" content=\"800\" \/>\n\t<meta property=\"og:image:type\" content=\"image\/jpeg\" \/>\n<meta name=\"twitter:card\" content=\"summary_large_image\" \/>\n<meta name=\"twitter:label1\" content=\"Cena\" \/>\n\t<meta name=\"twitter:data1\" content=\"11,60&nbsp;&euro;\" \/>\n\t<meta name=\"twitter:label2\" content=\"Dostupnost\" \/>\n\t<meta name=\"twitter:data2\" content=\"Skladem\" \/>\n<script type=\"application\/ld+json\" class=\"yoast-schema-graph\">{\"@context\":\"https:\\\/\\\/schema.org\",\"@graph\":[{\"@type\":\"WebPage\",\"@id\":\"https:\\\/\\\/zkeshop.sk\\\/cs\\\/produkt\\\/flexibilita-zdrave-klouby-60-kapsli\\\/\",\"url\":\"https:\\\/\\\/zkeshop.sk\\\/cs\\\/produkt\\\/flexibilita-zdrave-klouby-60-kapsli\\\/\",\"name\":\"Flexibilita - zdrav\u00e9 klouby 60 kapsl\u00ed - ZK company\",\"isPartOf\":{\"@id\":\"https:\\\/\\\/zkeshop.sk\\\/#website\"},\"primaryImageOfPage\":{\"@id\":\"https:\\\/\\\/zkeshop.sk\\\/cs\\\/produkt\\\/flexibilita-zdrave-klouby-60-kapsli\\\/#primaryimage\"},\"image\":{\"@id\":\"https:\\\/\\\/zkeshop.sk\\\/cs\\\/produkt\\\/flexibilita-zdrave-klouby-60-kapsli\\\/#primaryimage\"},\"thumbnailUrl\":\"https:\\\/\\\/zkeshop.sk\\\/wp-content\\\/uploads\\\/2024\\\/06\\\/vitamax-ayurmind-flexibility.jpg\",\"datePublished\":\"2024-06-28T16:03:25+00:00\",\"dateModified\":\"2025-02-17T14:04:02+00:00\",\"breadcrumb\":{\"@id\":\"https:\\\/\\\/zkeshop.sk\\\/cs\\\/produkt\\\/flexibilita-zdrave-klouby-60-kapsli\\\/#breadcrumb\"},\"inLanguage\":\"cs\",\"potentialAction\":[{\"@type\":\"ReadAction\",\"target\":[\"https:\\\/\\\/zkeshop.sk\\\/cs\\\/produkt\\\/flexibilita-zdrave-klouby-60-kapsli\\\/\"]}]},{\"@type\":\"ImageObject\",\"inLanguage\":\"cs\",\"@id\":\"https:\\\/\\\/zkeshop.sk\\\/cs\\\/produkt\\\/flexibilita-zdrave-klouby-60-kapsli\\\/#primaryimage\",\"url\":\"https:\\\/\\\/zkeshop.sk\\\/wp-content\\\/uploads\\\/2024\\\/06\\\/vitamax-ayurmind-flexibility.jpg\",\"contentUrl\":\"https:\\\/\\\/zkeshop.sk\\\/wp-content\\\/uploads\\\/2024\\\/06\\\/vitamax-ayurmind-flexibility.jpg\",\"width\":800,\"height\":800,\"caption\":\"Flexibility \u2013 ajurv\u00e9dsky doplnok pre zdrav\u00e9 k\u013aby a svaly. Pom\u00e1ha zmierni\u0165 stuhnutos\u0165, z\u00e1paly a podporuje pohyblivos\u0165.\"},{\"@type\":\"BreadcrumbList\",\"@id\":\"https:\\\/\\\/zkeshop.sk\\\/cs\\\/produkt\\\/flexibilita-zdrave-klouby-60-kapsli\\\/#breadcrumb\",\"itemListElement\":[{\"@type\":\"ListItem\",\"position\":1,\"name\":\"Dom\u016f\",\"item\":\"https:\\\/\\\/zkeshop.sk\\\/\"},{\"@type\":\"ListItem\",\"position\":2,\"name\":\"Obchod\",\"item\":\"https:\\\/\\\/zkeshop.sk\\\/obchod\\\/\"},{\"@type\":\"ListItem\",\"position\":3,\"name\":\"Flexibilita &#8211; zdrav\u00e9 klouby 60 kapsl\u00ed\"}]},{\"@type\":\"WebSite\",\"@id\":\"https:\\\/\\\/zkeshop.sk\\\/#website\",\"url\":\"https:\\\/\\\/zkeshop.sk\\\/\",\"name\":\"ZK company\",\"description\":\"Kvalitn\u00e1 kozmetika pre ka\u017edodenn\u00e9 pou\u017eitie\",\"potentialAction\":[{\"@type\":\"SearchAction\",\"target\":{\"@type\":\"EntryPoint\",\"urlTemplate\":\"https:\\\/\\\/zkeshop.sk\\\/?s={search_term_string}\"},\"query-input\":{\"@type\":\"PropertyValueSpecification\",\"valueRequired\":true,\"valueName\":\"search_term_string\"}}],\"inLanguage\":\"cs\"}]}<\/script>\n<meta property=\"product:price:amount\" content=\"11.60\" \/>\n<meta property=\"product:price:currency\" content=\"EUR\" \/>\n<meta property=\"og:availability\" content=\"instock\" \/>\n<meta property=\"product:availability\" content=\"instock\" \/>\n<meta property=\"product:condition\" content=\"new\" \/>\n<!-- \/ Yoast SEO Premium plugin. -->","yoast_head_json":{"title":"Flexibilita - zdrav\u00e9 klouby 60 kapsl\u00ed - ZK company","robots":{"index":"index","follow":"follow","max-snippet":"max-snippet:-1","max-image-preview":"max-image-preview:large","max-video-preview":"max-video-preview:-1"},"canonical":"https:\/\/zkeshop.sk\/cs\/produkt\/flexibilita-zdrave-klouby-60-kapsli\/","og_locale":"cs_CZ","og_type":"article","og_title":"Flexibilita - zdrav\u00e9 klouby 60 kapsl\u00ed","og_description":"P\u0159\u00edrodn\u00ed bylinn\u00fd p\u0159\u00edpravek Flexibilita se v \u00e1jurv\u00e9dsk\u00e9 medic\u00edn\u011b pou\u017e\u00edv\u00e1 p\u0159i probl\u00e9mech pohybov\u00e9ho apar\u00e1tu, kloub\u016f a sval\u016f.","og_url":"https:\/\/zkeshop.sk\/cs\/produkt\/flexibilita-zdrave-klouby-60-kapsli\/","og_site_name":"ZK company","article_modified_time":"2025-02-17T14:04:02+00:00","og_image":[{"width":800,"height":800,"url":"https:\/\/zkeshop.sk\/wp-content\/uploads\/2024\/06\/vitamax-ayurmind-flexibility.jpg","type":"image\/jpeg"}],"twitter_card":"summary_large_image","twitter_misc":{"Cena":"11,60&nbsp;&euro;","Dostupnost":"Skladem"},"schema":{"@context":"https:\/\/schema.org","@graph":[{"@type":"WebPage","@id":"https:\/\/zkeshop.sk\/cs\/produkt\/flexibilita-zdrave-klouby-60-kapsli\/","url":"https:\/\/zkeshop.sk\/cs\/produkt\/flexibilita-zdrave-klouby-60-kapsli\/","name":"Flexibilita - zdrav\u00e9 klouby 60 kapsl\u00ed - ZK company","isPartOf":{"@id":"https:\/\/zkeshop.sk\/#website"},"primaryImageOfPage":{"@id":"https:\/\/zkeshop.sk\/cs\/produkt\/flexibilita-zdrave-klouby-60-kapsli\/#primaryimage"},"image":{"@id":"https:\/\/zkeshop.sk\/cs\/produkt\/flexibilita-zdrave-klouby-60-kapsli\/#primaryimage"},"thumbnailUrl":"https:\/\/zkeshop.sk\/wp-content\/uploads\/2024\/06\/vitamax-ayurmind-flexibility.jpg","datePublished":"2024-06-28T16:03:25+00:00","dateModified":"2025-02-17T14:04:02+00:00","breadcrumb":{"@id":"https:\/\/zkeshop.sk\/cs\/produkt\/flexibilita-zdrave-klouby-60-kapsli\/#breadcrumb"},"inLanguage":"cs","potentialAction":[{"@type":"ReadAction","target":["https:\/\/zkeshop.sk\/cs\/produkt\/flexibilita-zdrave-klouby-60-kapsli\/"]}]},{"@type":"ImageObject","inLanguage":"cs","@id":"https:\/\/zkeshop.sk\/cs\/produkt\/flexibilita-zdrave-klouby-60-kapsli\/#primaryimage","url":"https:\/\/zkeshop.sk\/wp-content\/uploads\/2024\/06\/vitamax-ayurmind-flexibility.jpg","contentUrl":"https:\/\/zkeshop.sk\/wp-content\/uploads\/2024\/06\/vitamax-ayurmind-flexibility.jpg","width":800,"height":800,"caption":"Flexibility \u2013 ajurv\u00e9dsky doplnok pre zdrav\u00e9 k\u013aby a svaly. Pom\u00e1ha zmierni\u0165 stuhnutos\u0165, z\u00e1paly a podporuje pohyblivos\u0165."},{"@type":"BreadcrumbList","@id":"https:\/\/zkeshop.sk\/cs\/produkt\/flexibilita-zdrave-klouby-60-kapsli\/#breadcrumb","itemListElement":[{"@type":"ListItem","position":1,"name":"Dom\u016f","item":"https:\/\/zkeshop.sk\/"},{"@type":"ListItem","position":2,"name":"Obchod","item":"https:\/\/zkeshop.sk\/obchod\/"},{"@type":"ListItem","position":3,"name":"Flexibilita &#8211; zdrav\u00e9 klouby 60 kapsl\u00ed"}]},{"@type":"WebSite","@id":"https:\/\/zkeshop.sk\/#website","url":"https:\/\/zkeshop.sk\/","name":"ZK company","description":"Kvalitn\u00e1 kozmetika pre ka\u017edodenn\u00e9 pou\u017eitie","potentialAction":[{"@type":"SearchAction","target":{"@type":"EntryPoint","urlTemplate":"https:\/\/zkeshop.sk\/?s={search_term_string}"},"query-input":{"@type":"PropertyValueSpecification","valueRequired":true,"valueName":"search_term_string"}}],"inLanguage":"cs"}]},"product_price_amount":"11.60","product_price_currency":"EUR","og_availability":"instock","product_availability":"instock","product_condition":"new"},"_links":{"self":[{"href":"https:\/\/zkeshop.sk\/cs\/wp-json\/wp\/v2\/product\/14930","targetHints":{"allow":["GET"]}}],"collection":[{"href":"https:\/\/zkeshop.sk\/cs\/wp-json\/wp\/v2\/product"}],"about":[{"href":"https:\/\/zkeshop.sk\/cs\/wp-json\/wp\/v2\/types\/product"}],"replies":[{"embeddable":true,"href":"https:\/\/zkeshop.sk\/cs\/wp-json\/wp\/v2\/comments?post=14930"}],"version-history":[{"count":0,"href":"https:\/\/zkeshop.sk\/cs\/wp-json\/wp\/v2\/product\/14930\/revisions"}],"wp:featuredmedia":[{"embeddable":true,"href":"https:\/\/zkeshop.sk\/cs\/wp-json\/wp\/v2\/media\/12981"}],"wp:attachment":[{"href":"https:\/\/zkeshop.sk\/cs\/wp-json\/wp\/v2\/media?parent=14930"}],"wp:term":[{"taxonomy":"product_brand","embeddable":true,"href":"https:\/\/zkeshop.sk\/cs\/wp-json\/wp\/v2\/product_brand?post=14930"},{"taxonomy":"product_cat","embeddable":true,"href":"https:\/\/zkeshop.sk\/cs\/wp-json\/wp\/v2\/product_cat?post=14930"},{"taxonomy":"product_tag","embeddable":true,"href":"https:\/\/zkeshop.sk\/cs\/wp-json\/wp\/v2\/product_tag?post=14930"}],"curies":[{"name":"wp","href":"https:\/\/api.w.org\/{rel}","templated":true}]}}