{"id":14931,"date":"2024-06-28T18:06:33","date_gmt":"2024-06-28T16:06:33","guid":{"rendered":"https:\/\/zkeshop.sk\/produkt\/triphalaadi-thailam-olej-na-vlasy-200ml\/"},"modified":"2025-02-17T15:04:02","modified_gmt":"2025-02-17T14:04:02","slug":"triphalaadi-thailam-olej-na-vlasy-200ml","status":"publish","type":"product","link":"https:\/\/zkeshop.sk\/cs\/produkt\/triphalaadi-thailam-olej-na-vlasy-200ml\/","title":{"rendered":"Triphalaadi thailam &#8211; Olej na vlasy 200ml"},"content":{"rendered":"<p>P<strong>odrobn\u00fd popis<\/strong> Triphalaadi thailam je ajurv\u00e9dsk\u00fd olej. Pou\u017e\u00edv\u00e1 se p\u0159i bolestech hlavy, vypad\u00e1v\u00e1n\u00ed vlas\u016f, \u0161ediv\u011bn\u00ed atd. Pou\u017e\u00edv\u00e1 se k vn\u011bj\u0161\u00edm aplikac\u00edm.  <\/p>\n<p>Pou\u017e\u00edv\u00e1 se k l\u00e9\u010db\u011b rozt\u0159epen\u00fdch vlas\u016f a \u0161edin.<\/p>\n<p>Zlep\u0161uje pevnost vlas\u016f. Je u\u017eite\u010dn\u00fd p\u0159i \u00falev\u011b od bolesti hlavy, z\u00e1n\u011btu dutin, r\u00fdmy. Pou\u017e\u00edv\u00e1 se p\u0159i v\u0161ech onemocn\u011bn\u00edch souvisej\u00edc\u00edch s krkem, o\u010dima, u\u0161ima a hrdlem. <\/p>\n<p>D<strong>oporu\u010den\u00e9 pou\u017eit\u00ed<\/strong> Triphaladi Thailam se nesm\u00ed konzumovat.<\/p>\n<p>Olej vmas\u00edrujte denn\u011b nebo t\u00fddn\u011b nebo podle pokyn\u016f l\u00e9ka\u0159e. Pokud jste t\u011bhotn\u00e1, koj\u00edte, u\u017e\u00edv\u00e1te l\u00e9ky nebo m\u00e1te zdravotn\u00ed pot\u00ed\u017ee, pora\u010fte se p\u0159ed pou\u017eit\u00edm tohoto v\u00fdrobku se sv\u00fdm l\u00e9ka\u0159em. Nepou\u017e\u00edvejte v\u00fdrobek, pokud je po\u0161kozen\u00e1 pe\u010de\u0165. Skladujte jej na chladn\u00e9m a such\u00e9m m\u00edst\u011b. Uchov\u00e1vejte jej mimo dosah d\u011bt\u00ed.   <\/p>\n<p><strong>Slo\u017een\u00ed<\/strong><br \/>\nTriphalaadi thailam, ka\u017ed\u00fd 10 ml se p\u0159ipravuje z v\u00fdta\u017ek\u016f: cardiospermum halicacabum 1,113 g, emblica officinalis 1,113 g, pandanus tectorius 1,113 g, ricinus communis 1,113 g, sida rhombifolia 1,113 g, terminalia bellerica 1,113 g, terminalia chebula 1,113 g, rinospora cordifolia 1,113 g, cedrus deodara 0,057 g, cinnamomum tamala 0,057 g, cinnamomum zeylanica 0,057 g, cyperus rotundus 0,057 g, elettaria cardamomum 0,057 g, glycyrrhiza glabra 0,057 g, hemidesmus indicus 0,057 g, indigofera tinetoria 0,057 g, nelumbo nucifera 0,057 g, nymphaea alba 0,057 g, prunus cerasoides 0,057 g, sida rhombifolia 0,057 g, tinospora cordifolia 0,057 g, veriveria zizanioides 0,057 g, withania somnifera 0,057 g, eclipta 10 ml, emblica officinalis 10 ml, ml\u00e9ko 20 ml, sezamov\u00fd olej 10 ml.<\/p>\n","protected":false},"excerpt":{"rendered":"<p>Triphalaadi thailam je ajurv\u00e9dsk\u00fd olej. Pou\u017e\u00edv\u00e1 se p\u0159i bolestech hlavy, vypad\u00e1v\u00e1n\u00ed vlas\u016f, \u0161ediv\u011bn\u00ed atd. Pou\u017e\u00edv\u00e1 se k vn\u011bj\u0161\u00edm aplikac\u00edm.  <\/p>\n","protected":false},"featured_media":12966,"comment_status":"open","ping_status":"closed","template":"","meta":[],"product_brand":[],"product_cat":[111],"product_tag":[155],"class_list":{"0":"post-14931","1":"product","2":"type-product","3":"status-publish","4":"has-post-thumbnail","6":"product_cat-ajurveda-cs","7":"product_tag-thailam-cs","9":"first","10":"instock","11":"taxable","12":"shipping-taxable","13":"purchasable","14":"product-type-simple"},"yoast_head":"<!-- This site is optimized with the Yoast SEO Premium plugin v27.3 (Yoast SEO v27.3) - https:\/\/yoast.com\/product\/yoast-seo-premium-wordpress\/ -->\n<title>Triphalaadi thailam - Olej na vlasy 200ml - ZK company<\/title>\n<meta name=\"robots\" content=\"index, follow, max-snippet:-1, max-image-preview:large, max-video-preview:-1\" \/>\n<link rel=\"canonical\" href=\"https:\/\/zkeshop.sk\/produkt\/triphalaadi-thailam-olej-na-vlasy-200ml\/\" \/>\n<meta property=\"og:locale\" content=\"cs_CZ\" \/>\n<meta property=\"og:type\" content=\"article\" \/>\n<meta property=\"og:title\" content=\"Triphalaadi thailam - Olej na vlasy 200ml\" \/>\n<meta property=\"og:description\" content=\"Triphalaadi thailam je ajurv\u00e9dsk\u00fd olej. Pou\u017e\u00edv\u00e1 se p\u0159i bolestech hlavy, vypad\u00e1v\u00e1n\u00ed vlas\u016f, \u0161ediv\u011bn\u00ed atd. Pou\u017e\u00edv\u00e1 se k vn\u011bj\u0161\u00edm aplikac\u00edm.\" \/>\n<meta property=\"og:url\" content=\"https:\/\/zkeshop.sk\/produkt\/triphalaadi-thailam-olej-na-vlasy-200ml\/\" \/>\n<meta property=\"og:site_name\" content=\"ZK company\" \/>\n<meta property=\"article:modified_time\" content=\"2025-02-17T14:04:02+00:00\" \/>\n<meta property=\"og:image\" content=\"https:\/\/zkeshop.sk\/wp-content\/uploads\/2024\/06\/ayurmind-olej-na-vlasy.jpg\" \/>\n\t<meta property=\"og:image:width\" content=\"1024\" \/>\n\t<meta property=\"og:image:height\" content=\"768\" \/>\n\t<meta property=\"og:image:type\" content=\"image\/jpeg\" \/>\n<meta name=\"twitter:card\" content=\"summary_large_image\" \/>\n<meta name=\"twitter:label1\" content=\"Cena\" \/>\n\t<meta name=\"twitter:data1\" content=\"11,60&nbsp;&euro;\" \/>\n\t<meta name=\"twitter:label2\" content=\"Dostupnost\" \/>\n\t<meta name=\"twitter:data2\" content=\"Skladem\" \/>\n<script type=\"application\/ld+json\" class=\"yoast-schema-graph\">{\"@context\":\"https:\\\/\\\/schema.org\",\"@graph\":[{\"@type\":\"WebPage\",\"@id\":\"https:\\\/\\\/zkeshop.sk\\\/produkt\\\/triphalaadi-thailam-olej-na-vlasy-200ml\\\/\",\"url\":\"https:\\\/\\\/zkeshop.sk\\\/produkt\\\/triphalaadi-thailam-olej-na-vlasy-200ml\\\/\",\"name\":\"Triphalaadi thailam - Olej na vlasy 200ml - ZK company\",\"isPartOf\":{\"@id\":\"https:\\\/\\\/zkeshop.sk\\\/#website\"},\"primaryImageOfPage\":{\"@id\":\"https:\\\/\\\/zkeshop.sk\\\/produkt\\\/triphalaadi-thailam-olej-na-vlasy-200ml\\\/#primaryimage\"},\"image\":{\"@id\":\"https:\\\/\\\/zkeshop.sk\\\/produkt\\\/triphalaadi-thailam-olej-na-vlasy-200ml\\\/#primaryimage\"},\"thumbnailUrl\":\"https:\\\/\\\/zkeshop.sk\\\/wp-content\\\/uploads\\\/2024\\\/06\\\/ayurmind-olej-na-vlasy.jpg\",\"datePublished\":\"2024-06-28T16:06:33+00:00\",\"dateModified\":\"2025-02-17T14:04:02+00:00\",\"breadcrumb\":{\"@id\":\"https:\\\/\\\/zkeshop.sk\\\/produkt\\\/triphalaadi-thailam-olej-na-vlasy-200ml\\\/#breadcrumb\"},\"inLanguage\":\"cs\",\"potentialAction\":[{\"@type\":\"ReadAction\",\"target\":[\"https:\\\/\\\/zkeshop.sk\\\/produkt\\\/triphalaadi-thailam-olej-na-vlasy-200ml\\\/\"]}]},{\"@type\":\"ImageObject\",\"inLanguage\":\"cs\",\"@id\":\"https:\\\/\\\/zkeshop.sk\\\/produkt\\\/triphalaadi-thailam-olej-na-vlasy-200ml\\\/#primaryimage\",\"url\":\"https:\\\/\\\/zkeshop.sk\\\/wp-content\\\/uploads\\\/2024\\\/06\\\/ayurmind-olej-na-vlasy.jpg\",\"contentUrl\":\"https:\\\/\\\/zkeshop.sk\\\/wp-content\\\/uploads\\\/2024\\\/06\\\/ayurmind-olej-na-vlasy.jpg\",\"width\":1024,\"height\":768,\"caption\":\"Triphalaadi thailam je ajurv\u00e9dsky olej.\u00a0Pou\u017e\u00edva sa pri bolestiach hlavy, vypad\u00e1van\u00ed vlasov, \u0161ediv\u00fdch vlasoch at\u010f. Pou\u017e\u00edva sa na vonkaj\u0161ie aplik\u00e1cie.\"},{\"@type\":\"BreadcrumbList\",\"@id\":\"https:\\\/\\\/zkeshop.sk\\\/produkt\\\/triphalaadi-thailam-olej-na-vlasy-200ml\\\/#breadcrumb\",\"itemListElement\":[{\"@type\":\"ListItem\",\"position\":1,\"name\":\"Dom\u016f\",\"item\":\"https:\\\/\\\/zkeshop.sk\\\/\"},{\"@type\":\"ListItem\",\"position\":2,\"name\":\"Obchod\",\"item\":\"https:\\\/\\\/zkeshop.sk\\\/obchod\\\/\"},{\"@type\":\"ListItem\",\"position\":3,\"name\":\"Triphalaadi thailam &#8211; Olej na vlasy 200ml\"}]},{\"@type\":\"WebSite\",\"@id\":\"https:\\\/\\\/zkeshop.sk\\\/#website\",\"url\":\"https:\\\/\\\/zkeshop.sk\\\/\",\"name\":\"ZK company\",\"description\":\"Kvalitn\u00e1 kozmetika pre ka\u017edodenn\u00e9 pou\u017eitie\",\"potentialAction\":[{\"@type\":\"SearchAction\",\"target\":{\"@type\":\"EntryPoint\",\"urlTemplate\":\"https:\\\/\\\/zkeshop.sk\\\/?s={search_term_string}\"},\"query-input\":{\"@type\":\"PropertyValueSpecification\",\"valueRequired\":true,\"valueName\":\"search_term_string\"}}],\"inLanguage\":\"cs\"}]}<\/script>\n<meta property=\"product:price:amount\" content=\"11.60\" \/>\n<meta property=\"product:price:currency\" content=\"EUR\" \/>\n<meta property=\"og:availability\" content=\"instock\" \/>\n<meta property=\"product:availability\" content=\"instock\" \/>\n<meta property=\"product:condition\" content=\"new\" \/>\n<!-- \/ Yoast SEO Premium plugin. -->","yoast_head_json":{"title":"Triphalaadi thailam - Olej na vlasy 200ml - ZK company","robots":{"index":"index","follow":"follow","max-snippet":"max-snippet:-1","max-image-preview":"max-image-preview:large","max-video-preview":"max-video-preview:-1"},"canonical":"https:\/\/zkeshop.sk\/produkt\/triphalaadi-thailam-olej-na-vlasy-200ml\/","og_locale":"cs_CZ","og_type":"article","og_title":"Triphalaadi thailam - Olej na vlasy 200ml","og_description":"Triphalaadi thailam je ajurv\u00e9dsk\u00fd olej. Pou\u017e\u00edv\u00e1 se p\u0159i bolestech hlavy, vypad\u00e1v\u00e1n\u00ed vlas\u016f, \u0161ediv\u011bn\u00ed atd. Pou\u017e\u00edv\u00e1 se k vn\u011bj\u0161\u00edm aplikac\u00edm.","og_url":"https:\/\/zkeshop.sk\/produkt\/triphalaadi-thailam-olej-na-vlasy-200ml\/","og_site_name":"ZK company","article_modified_time":"2025-02-17T14:04:02+00:00","og_image":[{"width":1024,"height":768,"url":"https:\/\/zkeshop.sk\/wp-content\/uploads\/2024\/06\/ayurmind-olej-na-vlasy.jpg","type":"image\/jpeg"}],"twitter_card":"summary_large_image","twitter_misc":{"Cena":"11,60&nbsp;&euro;","Dostupnost":"Skladem"},"schema":{"@context":"https:\/\/schema.org","@graph":[{"@type":"WebPage","@id":"https:\/\/zkeshop.sk\/produkt\/triphalaadi-thailam-olej-na-vlasy-200ml\/","url":"https:\/\/zkeshop.sk\/produkt\/triphalaadi-thailam-olej-na-vlasy-200ml\/","name":"Triphalaadi thailam - Olej na vlasy 200ml - ZK company","isPartOf":{"@id":"https:\/\/zkeshop.sk\/#website"},"primaryImageOfPage":{"@id":"https:\/\/zkeshop.sk\/produkt\/triphalaadi-thailam-olej-na-vlasy-200ml\/#primaryimage"},"image":{"@id":"https:\/\/zkeshop.sk\/produkt\/triphalaadi-thailam-olej-na-vlasy-200ml\/#primaryimage"},"thumbnailUrl":"https:\/\/zkeshop.sk\/wp-content\/uploads\/2024\/06\/ayurmind-olej-na-vlasy.jpg","datePublished":"2024-06-28T16:06:33+00:00","dateModified":"2025-02-17T14:04:02+00:00","breadcrumb":{"@id":"https:\/\/zkeshop.sk\/produkt\/triphalaadi-thailam-olej-na-vlasy-200ml\/#breadcrumb"},"inLanguage":"cs","potentialAction":[{"@type":"ReadAction","target":["https:\/\/zkeshop.sk\/produkt\/triphalaadi-thailam-olej-na-vlasy-200ml\/"]}]},{"@type":"ImageObject","inLanguage":"cs","@id":"https:\/\/zkeshop.sk\/produkt\/triphalaadi-thailam-olej-na-vlasy-200ml\/#primaryimage","url":"https:\/\/zkeshop.sk\/wp-content\/uploads\/2024\/06\/ayurmind-olej-na-vlasy.jpg","contentUrl":"https:\/\/zkeshop.sk\/wp-content\/uploads\/2024\/06\/ayurmind-olej-na-vlasy.jpg","width":1024,"height":768,"caption":"Triphalaadi thailam je ajurv\u00e9dsky olej.\u00a0Pou\u017e\u00edva sa pri bolestiach hlavy, vypad\u00e1van\u00ed vlasov, \u0161ediv\u00fdch vlasoch at\u010f. Pou\u017e\u00edva sa na vonkaj\u0161ie aplik\u00e1cie."},{"@type":"BreadcrumbList","@id":"https:\/\/zkeshop.sk\/produkt\/triphalaadi-thailam-olej-na-vlasy-200ml\/#breadcrumb","itemListElement":[{"@type":"ListItem","position":1,"name":"Dom\u016f","item":"https:\/\/zkeshop.sk\/"},{"@type":"ListItem","position":2,"name":"Obchod","item":"https:\/\/zkeshop.sk\/obchod\/"},{"@type":"ListItem","position":3,"name":"Triphalaadi thailam &#8211; Olej na vlasy 200ml"}]},{"@type":"WebSite","@id":"https:\/\/zkeshop.sk\/#website","url":"https:\/\/zkeshop.sk\/","name":"ZK company","description":"Kvalitn\u00e1 kozmetika pre ka\u017edodenn\u00e9 pou\u017eitie","potentialAction":[{"@type":"SearchAction","target":{"@type":"EntryPoint","urlTemplate":"https:\/\/zkeshop.sk\/?s={search_term_string}"},"query-input":{"@type":"PropertyValueSpecification","valueRequired":true,"valueName":"search_term_string"}}],"inLanguage":"cs"}]},"product_price_amount":"11.60","product_price_currency":"EUR","og_availability":"instock","product_availability":"instock","product_condition":"new"},"_links":{"self":[{"href":"https:\/\/zkeshop.sk\/cs\/wp-json\/wp\/v2\/product\/14931","targetHints":{"allow":["GET"]}}],"collection":[{"href":"https:\/\/zkeshop.sk\/cs\/wp-json\/wp\/v2\/product"}],"about":[{"href":"https:\/\/zkeshop.sk\/cs\/wp-json\/wp\/v2\/types\/product"}],"replies":[{"embeddable":true,"href":"https:\/\/zkeshop.sk\/cs\/wp-json\/wp\/v2\/comments?post=14931"}],"version-history":[{"count":0,"href":"https:\/\/zkeshop.sk\/cs\/wp-json\/wp\/v2\/product\/14931\/revisions"}],"wp:featuredmedia":[{"embeddable":true,"href":"https:\/\/zkeshop.sk\/cs\/wp-json\/wp\/v2\/media\/12966"}],"wp:attachment":[{"href":"https:\/\/zkeshop.sk\/cs\/wp-json\/wp\/v2\/media?parent=14931"}],"wp:term":[{"taxonomy":"product_brand","embeddable":true,"href":"https:\/\/zkeshop.sk\/cs\/wp-json\/wp\/v2\/product_brand?post=14931"},{"taxonomy":"product_cat","embeddable":true,"href":"https:\/\/zkeshop.sk\/cs\/wp-json\/wp\/v2\/product_cat?post=14931"},{"taxonomy":"product_tag","embeddable":true,"href":"https:\/\/zkeshop.sk\/cs\/wp-json\/wp\/v2\/product_tag?post=14931"}],"curies":[{"name":"wp","href":"https:\/\/api.w.org\/{rel}","templated":true}]}}