{"id":14933,"date":"2024-06-28T18:04:53","date_gmt":"2024-06-28T16:04:53","guid":{"rendered":"https:\/\/zkeshop.sk\/produkt\/sahacharaadi-tailam-olej-na-svaly-klouby-a-prokrveni-200ml\/"},"modified":"2025-02-17T15:04:02","modified_gmt":"2025-02-17T14:04:02","slug":"sahacharaadi-tailam-olej-na-svaly-klouby-a-prokrveni-200ml","status":"publish","type":"product","link":"https:\/\/zkeshop.sk\/cs\/produkt\/sahacharaadi-tailam-olej-na-svaly-klouby-a-prokrveni-200ml\/","title":{"rendered":"Sahacharaadi tailam &#8211; Olej na svaly, klouby a prokrven\u00ed 200ml"},"content":{"rendered":"<p>P<strong>odrobn\u00fd popis<\/strong> Zklid\u0148uj\u00edc\u00ed \u00e1jurv\u00e9dsk\u00fd bylinn\u00fd olej pro omlazen\u00ed sval\u016f a zdrav\u00fd krevn\u00ed ob\u011bh.<\/p>\n<p>Sahacharadi Thailam podporuje zdrav\u00ed sval\u016f t\u00edm, \u017ee vy\u017eivuje svalov\u00e1 vl\u00e1kna v r\u016fzn\u00fdch \u010d\u00e1stech t\u011bla Podporuje pravidelnou funkci sval\u016f t\u00edm, \u017ee pom\u00e1h\u00e1 proti p\u0159\u00edle\u017eitostn\u00fdm z\u00e1n\u011bt\u016fm a podporuje energick\u00e9 a aktivn\u00ed t\u011blo Podporuje krevn\u00ed ob\u011bh, proto\u017ee mas\u00edrov\u00e1n\u00ed tohoto oleje pom\u00e1h\u00e1 snadn\u00e9 cirkulaci krve v t\u011ble Podporuje zdrav\u00e9 klouby t\u00edm.<\/p>\n<p>t\u00edm, \u017ee podporuje jejich promaz\u00e1v\u00e1n\u00ed, pru\u017enost a funkci Je jedn\u00edm z nej\u010dast\u011bj\u0161\u00edch tradi\u010dn\u00edch olej\u016f pou\u017e\u00edvan\u00fdch v Pan\u010dakarm\u011b pro nervosvalov\u00e9 zdrav\u00ed Jeho fytochemick\u00e9 slo\u017een\u00ed m\u00e1 p\u0159i pravideln\u00e9 aplikaci uvol\u0148uj\u00edc\u00ed a zklid\u0148uj\u00edc\u00ed \u00fa\u010dinek na \u0161lachy a vazy.<\/p>\n<p>D<strong>oporu\u010den\u00e9 pou\u017eit\u00ed<\/strong> Sahacharadi Thailam se nesm\u00ed konzumovat.<\/p>\n<p>Bylinn\u00fd olej mas\u00edrujte denn\u011b nebo t\u00fddn\u011b, p\u0159\u00edpadn\u011b podle doporu\u010den\u00ed l\u00e9ka\u0159e. Pokud jste t\u011bhotn\u00e1, koj\u00edte, u\u017e\u00edv\u00e1te l\u00e9ky nebo m\u00e1te zdravotn\u00ed pot\u00ed\u017ee, pora\u010fte se p\u0159ed pou\u017eit\u00edm tohoto v\u00fdrobku se sv\u00fdm l\u00e9ka\u0159em. Nepou\u017e\u00edvejte tento v\u00fdrobek, pokud je po\u0161kozen\u00e1 pe\u010de\u0165. Skladujte jej na chladn\u00e9m a such\u00e9m m\u00edst\u011b. Uchov\u00e1vejte mimo dosah d\u011bt\u00ed. Je ur\u010den pouze pro venkovn\u00ed pou\u017eit\u00ed.    <\/p>\n<p><strong>Slo\u017een\u00ed<\/strong><br \/>\nSahacharaadi tailam, ka\u017ed\u00fdch 10 ml se p\u0159ipravuje z v\u00fdta\u017ek\u016f: aegle marmelos 1,563 g, asparagus recemosus 7,813 g, desmodium gangeticum 1,563 g, gmelina arborea 1,563 g, oroxylum indicum 1,563 g, premna corymbosa 1,563 g, pseudarthria viscida 1,563 g, solanum anguvi 1,563 g, solanum xanthocarpum 1,563 g, stereospermum suaveolens 1,563 g, strobilanthes ciliatus 15,625 g, tribulus terrestris 1,563 g, anethum sowa 0,156 g, boswellia serrata 0,156 g, callicarpa macrophylla 0,156 g, capparis horrida 0,156 g, cedrus deodara 0,156 g, elettaria cardamomum 0,156 g, plectranthus vettiveroides 0,156 g, rubia cordifolia 0,156 g, schizachyrium 0,156 g, silajathu 0,156 g, vetiveria zizanioides 0,156 g, ml\u00e9ko 10 ml, sezamov\u00fd olej 10 ml.<\/p>\n","protected":false},"excerpt":{"rendered":"<p>Zklid\u0148uj\u00edc\u00ed \u00e1jurv\u00e9dsk\u00fd bylinn\u00fd olej pro omlazen\u00ed sval\u016f a zdrav\u00fd krevn\u00ed ob\u011bh<\/p>\n","protected":false},"featured_media":12963,"comment_status":"open","ping_status":"closed","template":"","meta":[],"product_brand":[],"product_cat":[111],"product_tag":[],"class_list":{"0":"post-14933","1":"product","2":"type-product","3":"status-publish","4":"has-post-thumbnail","6":"product_cat-ajurveda-cs","8":"first","9":"outofstock","10":"taxable","11":"shipping-taxable","12":"purchasable","13":"product-type-simple"},"yoast_head":"<!-- This site is optimized with the Yoast SEO Premium plugin v27.3 (Yoast SEO v27.3) - https:\/\/yoast.com\/product\/yoast-seo-premium-wordpress\/ -->\n<title>Sahacharaadi tailam - Olej na svaly, klouby a prokrven\u00ed 200ml - ZK company<\/title>\n<meta name=\"robots\" content=\"index, follow, max-snippet:-1, max-image-preview:large, max-video-preview:-1\" \/>\n<link rel=\"canonical\" href=\"https:\/\/zkeshop.sk\/produkt\/sahacharaadi-tailam-olej-na-svaly-klby-a-krvny-obeh-200ml\/\" \/>\n<meta property=\"og:locale\" content=\"cs_CZ\" \/>\n<meta property=\"og:type\" content=\"article\" \/>\n<meta property=\"og:title\" content=\"Sahacharaadi tailam - Olej na svaly, klouby a prokrven\u00ed 200ml\" \/>\n<meta property=\"og:description\" content=\"Zklid\u0148uj\u00edc\u00ed \u00e1jurv\u00e9dsk\u00fd bylinn\u00fd olej pro omlazen\u00ed sval\u016f a zdrav\u00fd krevn\u00ed ob\u011bh\" \/>\n<meta property=\"og:url\" content=\"https:\/\/zkeshop.sk\/produkt\/sahacharaadi-tailam-olej-na-svaly-klby-a-krvny-obeh-200ml\/\" \/>\n<meta property=\"og:site_name\" content=\"ZK company\" \/>\n<meta property=\"article:modified_time\" content=\"2025-02-17T14:04:02+00:00\" \/>\n<meta property=\"og:image\" content=\"https:\/\/zkeshop.sk\/wp-content\/uploads\/2024\/06\/ayurmind-olej-na-reumu-a-koncatiny.jpg\" \/>\n\t<meta property=\"og:image:width\" content=\"1024\" \/>\n\t<meta property=\"og:image:height\" content=\"768\" \/>\n\t<meta property=\"og:image:type\" content=\"image\/jpeg\" \/>\n<meta name=\"twitter:card\" content=\"summary_large_image\" \/>\n<meta name=\"twitter:label1\" content=\"Cena\" \/>\n\t<meta name=\"twitter:data1\" content=\"11,60&nbsp;&euro;\" \/>\n\t<meta name=\"twitter:label2\" content=\"Dostupnost\" \/>\n\t<meta name=\"twitter:data2\" content=\"Vyprod\u00e1no\" \/>\n<script type=\"application\/ld+json\" class=\"yoast-schema-graph\">{\"@context\":\"https:\\\/\\\/schema.org\",\"@graph\":[{\"@type\":\"WebPage\",\"@id\":\"https:\\\/\\\/zkeshop.sk\\\/produkt\\\/sahacharaadi-tailam-olej-na-svaly-klby-a-krvny-obeh-200ml\\\/\",\"url\":\"https:\\\/\\\/zkeshop.sk\\\/produkt\\\/sahacharaadi-tailam-olej-na-svaly-klby-a-krvny-obeh-200ml\\\/\",\"name\":\"Sahacharaadi tailam - Olej na svaly, klouby a prokrven\u00ed 200ml - ZK company\",\"isPartOf\":{\"@id\":\"https:\\\/\\\/zkeshop.sk\\\/#website\"},\"primaryImageOfPage\":{\"@id\":\"https:\\\/\\\/zkeshop.sk\\\/produkt\\\/sahacharaadi-tailam-olej-na-svaly-klby-a-krvny-obeh-200ml\\\/#primaryimage\"},\"image\":{\"@id\":\"https:\\\/\\\/zkeshop.sk\\\/produkt\\\/sahacharaadi-tailam-olej-na-svaly-klby-a-krvny-obeh-200ml\\\/#primaryimage\"},\"thumbnailUrl\":\"https:\\\/\\\/zkeshop.sk\\\/wp-content\\\/uploads\\\/2024\\\/06\\\/ayurmind-olej-na-reumu-a-koncatiny.jpg\",\"datePublished\":\"2024-06-28T16:04:53+00:00\",\"dateModified\":\"2025-02-17T14:04:02+00:00\",\"breadcrumb\":{\"@id\":\"https:\\\/\\\/zkeshop.sk\\\/produkt\\\/sahacharaadi-tailam-olej-na-svaly-klby-a-krvny-obeh-200ml\\\/#breadcrumb\"},\"inLanguage\":\"cs\",\"potentialAction\":[{\"@type\":\"ReadAction\",\"target\":[\"https:\\\/\\\/zkeshop.sk\\\/produkt\\\/sahacharaadi-tailam-olej-na-svaly-klby-a-krvny-obeh-200ml\\\/\"]}]},{\"@type\":\"ImageObject\",\"inLanguage\":\"cs\",\"@id\":\"https:\\\/\\\/zkeshop.sk\\\/produkt\\\/sahacharaadi-tailam-olej-na-svaly-klby-a-krvny-obeh-200ml\\\/#primaryimage\",\"url\":\"https:\\\/\\\/zkeshop.sk\\\/wp-content\\\/uploads\\\/2024\\\/06\\\/ayurmind-olej-na-reumu-a-koncatiny.jpg\",\"contentUrl\":\"https:\\\/\\\/zkeshop.sk\\\/wp-content\\\/uploads\\\/2024\\\/06\\\/ayurmind-olej-na-reumu-a-koncatiny.jpg\",\"width\":1024,\"height\":768,\"caption\":\"Sahacharadi Thailam \u2013 ajurv\u00e9dsky olej pre siln\u00e9 svaly, zdrav\u00e9 k\u013aby a lep\u0161\u00ed krvn\u00fd obeh.\"},{\"@type\":\"BreadcrumbList\",\"@id\":\"https:\\\/\\\/zkeshop.sk\\\/produkt\\\/sahacharaadi-tailam-olej-na-svaly-klby-a-krvny-obeh-200ml\\\/#breadcrumb\",\"itemListElement\":[{\"@type\":\"ListItem\",\"position\":1,\"name\":\"Dom\u016f\",\"item\":\"https:\\\/\\\/zkeshop.sk\\\/\"},{\"@type\":\"ListItem\",\"position\":2,\"name\":\"Obchod\",\"item\":\"https:\\\/\\\/zkeshop.sk\\\/obchod\\\/\"},{\"@type\":\"ListItem\",\"position\":3,\"name\":\"Sahacharaadi tailam &#8211; Olej na svaly, klouby a prokrven\u00ed 200ml\"}]},{\"@type\":\"WebSite\",\"@id\":\"https:\\\/\\\/zkeshop.sk\\\/#website\",\"url\":\"https:\\\/\\\/zkeshop.sk\\\/\",\"name\":\"ZK company\",\"description\":\"Kvalitn\u00e1 kozmetika pre ka\u017edodenn\u00e9 pou\u017eitie\",\"potentialAction\":[{\"@type\":\"SearchAction\",\"target\":{\"@type\":\"EntryPoint\",\"urlTemplate\":\"https:\\\/\\\/zkeshop.sk\\\/?s={search_term_string}\"},\"query-input\":{\"@type\":\"PropertyValueSpecification\",\"valueRequired\":true,\"valueName\":\"search_term_string\"}}],\"inLanguage\":\"cs\"}]}<\/script>\n<meta property=\"product:price:amount\" content=\"11.60\" \/>\n<meta property=\"product:price:currency\" content=\"EUR\" \/>\n<meta property=\"og:availability\" content=\"out of stock\" \/>\n<meta property=\"product:availability\" content=\"out of stock\" \/>\n<meta property=\"product:condition\" content=\"new\" \/>\n<!-- \/ Yoast SEO Premium plugin. -->","yoast_head_json":{"title":"Sahacharaadi tailam - Olej na svaly, klouby a prokrven\u00ed 200ml - ZK company","robots":{"index":"index","follow":"follow","max-snippet":"max-snippet:-1","max-image-preview":"max-image-preview:large","max-video-preview":"max-video-preview:-1"},"canonical":"https:\/\/zkeshop.sk\/produkt\/sahacharaadi-tailam-olej-na-svaly-klby-a-krvny-obeh-200ml\/","og_locale":"cs_CZ","og_type":"article","og_title":"Sahacharaadi tailam - Olej na svaly, klouby a prokrven\u00ed 200ml","og_description":"Zklid\u0148uj\u00edc\u00ed \u00e1jurv\u00e9dsk\u00fd bylinn\u00fd olej pro omlazen\u00ed sval\u016f a zdrav\u00fd krevn\u00ed ob\u011bh","og_url":"https:\/\/zkeshop.sk\/produkt\/sahacharaadi-tailam-olej-na-svaly-klby-a-krvny-obeh-200ml\/","og_site_name":"ZK company","article_modified_time":"2025-02-17T14:04:02+00:00","og_image":[{"width":1024,"height":768,"url":"https:\/\/zkeshop.sk\/wp-content\/uploads\/2024\/06\/ayurmind-olej-na-reumu-a-koncatiny.jpg","type":"image\/jpeg"}],"twitter_card":"summary_large_image","twitter_misc":{"Cena":"11,60&nbsp;&euro;","Dostupnost":"Vyprod\u00e1no"},"schema":{"@context":"https:\/\/schema.org","@graph":[{"@type":"WebPage","@id":"https:\/\/zkeshop.sk\/produkt\/sahacharaadi-tailam-olej-na-svaly-klby-a-krvny-obeh-200ml\/","url":"https:\/\/zkeshop.sk\/produkt\/sahacharaadi-tailam-olej-na-svaly-klby-a-krvny-obeh-200ml\/","name":"Sahacharaadi tailam - Olej na svaly, klouby a prokrven\u00ed 200ml - ZK company","isPartOf":{"@id":"https:\/\/zkeshop.sk\/#website"},"primaryImageOfPage":{"@id":"https:\/\/zkeshop.sk\/produkt\/sahacharaadi-tailam-olej-na-svaly-klby-a-krvny-obeh-200ml\/#primaryimage"},"image":{"@id":"https:\/\/zkeshop.sk\/produkt\/sahacharaadi-tailam-olej-na-svaly-klby-a-krvny-obeh-200ml\/#primaryimage"},"thumbnailUrl":"https:\/\/zkeshop.sk\/wp-content\/uploads\/2024\/06\/ayurmind-olej-na-reumu-a-koncatiny.jpg","datePublished":"2024-06-28T16:04:53+00:00","dateModified":"2025-02-17T14:04:02+00:00","breadcrumb":{"@id":"https:\/\/zkeshop.sk\/produkt\/sahacharaadi-tailam-olej-na-svaly-klby-a-krvny-obeh-200ml\/#breadcrumb"},"inLanguage":"cs","potentialAction":[{"@type":"ReadAction","target":["https:\/\/zkeshop.sk\/produkt\/sahacharaadi-tailam-olej-na-svaly-klby-a-krvny-obeh-200ml\/"]}]},{"@type":"ImageObject","inLanguage":"cs","@id":"https:\/\/zkeshop.sk\/produkt\/sahacharaadi-tailam-olej-na-svaly-klby-a-krvny-obeh-200ml\/#primaryimage","url":"https:\/\/zkeshop.sk\/wp-content\/uploads\/2024\/06\/ayurmind-olej-na-reumu-a-koncatiny.jpg","contentUrl":"https:\/\/zkeshop.sk\/wp-content\/uploads\/2024\/06\/ayurmind-olej-na-reumu-a-koncatiny.jpg","width":1024,"height":768,"caption":"Sahacharadi Thailam \u2013 ajurv\u00e9dsky olej pre siln\u00e9 svaly, zdrav\u00e9 k\u013aby a lep\u0161\u00ed krvn\u00fd obeh."},{"@type":"BreadcrumbList","@id":"https:\/\/zkeshop.sk\/produkt\/sahacharaadi-tailam-olej-na-svaly-klby-a-krvny-obeh-200ml\/#breadcrumb","itemListElement":[{"@type":"ListItem","position":1,"name":"Dom\u016f","item":"https:\/\/zkeshop.sk\/"},{"@type":"ListItem","position":2,"name":"Obchod","item":"https:\/\/zkeshop.sk\/obchod\/"},{"@type":"ListItem","position":3,"name":"Sahacharaadi tailam &#8211; Olej na svaly, klouby a prokrven\u00ed 200ml"}]},{"@type":"WebSite","@id":"https:\/\/zkeshop.sk\/#website","url":"https:\/\/zkeshop.sk\/","name":"ZK company","description":"Kvalitn\u00e1 kozmetika pre ka\u017edodenn\u00e9 pou\u017eitie","potentialAction":[{"@type":"SearchAction","target":{"@type":"EntryPoint","urlTemplate":"https:\/\/zkeshop.sk\/?s={search_term_string}"},"query-input":{"@type":"PropertyValueSpecification","valueRequired":true,"valueName":"search_term_string"}}],"inLanguage":"cs"}]},"product_price_amount":"11.60","product_price_currency":"EUR","og_availability":"out of stock","product_availability":"out of stock","product_condition":"new"},"_links":{"self":[{"href":"https:\/\/zkeshop.sk\/cs\/wp-json\/wp\/v2\/product\/14933","targetHints":{"allow":["GET"]}}],"collection":[{"href":"https:\/\/zkeshop.sk\/cs\/wp-json\/wp\/v2\/product"}],"about":[{"href":"https:\/\/zkeshop.sk\/cs\/wp-json\/wp\/v2\/types\/product"}],"replies":[{"embeddable":true,"href":"https:\/\/zkeshop.sk\/cs\/wp-json\/wp\/v2\/comments?post=14933"}],"version-history":[{"count":0,"href":"https:\/\/zkeshop.sk\/cs\/wp-json\/wp\/v2\/product\/14933\/revisions"}],"wp:featuredmedia":[{"embeddable":true,"href":"https:\/\/zkeshop.sk\/cs\/wp-json\/wp\/v2\/media\/12963"}],"wp:attachment":[{"href":"https:\/\/zkeshop.sk\/cs\/wp-json\/wp\/v2\/media?parent=14933"}],"wp:term":[{"taxonomy":"product_brand","embeddable":true,"href":"https:\/\/zkeshop.sk\/cs\/wp-json\/wp\/v2\/product_brand?post=14933"},{"taxonomy":"product_cat","embeddable":true,"href":"https:\/\/zkeshop.sk\/cs\/wp-json\/wp\/v2\/product_cat?post=14933"},{"taxonomy":"product_tag","embeddable":true,"href":"https:\/\/zkeshop.sk\/cs\/wp-json\/wp\/v2\/product_tag?post=14933"}],"curies":[{"name":"wp","href":"https:\/\/api.w.org\/{rel}","templated":true}]}}