{"id":14936,"date":"2024-06-28T18:04:59","date_gmt":"2024-06-28T16:04:59","guid":{"rendered":"https:\/\/zkeshop.sk\/produkt\/pinda-thailam-olej-na-kozni-onemocneni-klouby-a-zanety-200ml\/"},"modified":"2025-02-17T15:04:03","modified_gmt":"2025-02-17T14:04:03","slug":"pinda-thailam-olej-na-kozni-onemocneni-klouby-a-zanety-200ml","status":"publish","type":"product","link":"https:\/\/zkeshop.sk\/cs\/produkt\/pinda-thailam-olej-na-kozni-onemocneni-klouby-a-zanety-200ml\/","title":{"rendered":"Pinda thailam &#8211; Olej na ko\u017en\u00ed onemocn\u011bn\u00ed, klouby a z\u00e1n\u011bty 200ml"},"content":{"rendered":"<p>P<strong>odrobn\u00fd popis<\/strong> Zklid\u0148uj\u00edc\u00ed \u00e1jurv\u00e9dsk\u00fd bylinn\u00fd olej na ko\u017en\u00ed onemocn\u011bn\u00ed, podporu zdrav\u00ed kost\u00ed a zm\u00edrn\u011bn\u00ed ztuhlosti a citlivosti kloub\u016f.<\/p>\n<p>P<strong>\u0159\u00ednosy a vlastnosti<\/strong> Pinda Thailam podporuje zdrav\u00e9 kosti t\u00edm, \u017ee poskytuje d\u016fle\u017eit\u00e9 \u017eiviny pro v\u00fd\u017eivu Poskytuje zdravou podporu kloub\u016f t\u00edm, \u017ee udr\u017euje p\u0159irozenou pru\u017enost a pohyb Pom\u00e1h\u00e1 p\u0159irozen\u00e9 obran\u011b na\u0161eho t\u011bla proti p\u0159\u00edle\u017eitostn\u00fdm z\u00e1n\u011bt\u016fm postihuj\u00edc\u00edm r\u016fzn\u00e9 \u010d\u00e1sti t\u011bla, zejm\u00e9na nohy Podporuje zdravou poko\u017eku t\u00edm, \u017ee,<\/p>\n<p>t\u00edm, \u017ee podporuje p\u0159irozenou obnovu a stimuluje tvorbu nov\u00fdch bun\u011bk a tk\u00e1n\u00ed Chladiv\u00fd olej pro zklidn\u011bn\u00ed p\u00e1len\u00ed rukou a nohou Pom\u00e1h\u00e1 t\u011blu \u0159e\u0161it hromad\u011bn\u00ed toxin\u016f v kloubech a podporuje t\u011blo p\u0159i ob\u010dasn\u00e9m vzplanut\u00ed dny Podporuje relaxaci a zklid\u0148uje mysl t\u00edm, \u017ee poskytuje p\u0159\u00edle\u017eitostnou \u00falevu od stresu.<\/p>\n<p>D<strong>oporu\u010den\u00e9 pou\u017eit\u00ed<\/strong> Pinda Thailam se nesm\u00ed konzumovat.<\/p>\n<p>Je ur\u010den pouze k vn\u011bj\u0161\u00edmu pou\u017eit\u00ed. Pokud jste t\u011bhotn\u00e1, koj\u00edte, u\u017e\u00edv\u00e1te l\u00e9ky nebo m\u00e1te zdravotn\u00ed pot\u00ed\u017ee, pora\u010fte se p\u0159ed pou\u017eit\u00edm tohoto v\u00fdrobku se sv\u00fdm l\u00e9ka\u0159em. Nepou\u017e\u00edvejte v\u00fdrobek, pokud je po\u0161kozen\u00e1 pe\u010de\u0165. Skladujte jej na chladn\u00e9m a such\u00e9m m\u00edst\u011b. Uchov\u00e1vejte mimo dosah d\u011bt\u00ed.   <\/p>\n<p>S<strong>lo\u017een\u00ed<\/strong> Pinda thailam, ka\u017ed\u00fd 10 ml je p\u0159ipraven z extrakt\u016f: hemidesmus indicus 0,625 g, rubia cordifolia 0,625 g, shorea robusta 0,625 g, sezamov\u00fd olej 10 ml.<\/p>\n","protected":false},"excerpt":{"rendered":"<p>Pinda thailam &#8211; Olej na ko\u017en\u00ed onemocn\u011bn\u00ed, klouby a z\u00e1n\u011bty 200ml<\/p>\n","protected":false},"featured_media":12954,"comment_status":"open","ping_status":"closed","template":"","meta":[],"product_brand":[],"product_cat":[111],"product_tag":[],"class_list":{"0":"post-14936","1":"product","2":"type-product","3":"status-publish","4":"has-post-thumbnail","6":"product_cat-ajurveda-cs","8":"first","9":"instock","10":"taxable","11":"shipping-taxable","12":"purchasable","13":"product-type-simple"},"yoast_head":"<!-- This site is optimized with the Yoast SEO Premium plugin v27.3 (Yoast SEO v27.3) - https:\/\/yoast.com\/product\/yoast-seo-premium-wordpress\/ -->\n<title>Pinda thailam - Olej na ko\u017en\u00ed onemocn\u011bn\u00ed, klouby a z\u00e1n\u011bty 200ml - ZK company<\/title>\n<meta name=\"robots\" content=\"index, follow, max-snippet:-1, max-image-preview:large, max-video-preview:-1\" \/>\n<link rel=\"canonical\" href=\"https:\/\/zkeshop.sk\/produkt\/pinda-thailam-olej-na-kozne-ochorenia-klby-a-zapaly-200ml\/\" \/>\n<meta property=\"og:locale\" content=\"cs_CZ\" \/>\n<meta property=\"og:type\" content=\"article\" \/>\n<meta property=\"og:title\" content=\"Pinda thailam - Olej na ko\u017en\u00ed onemocn\u011bn\u00ed, klouby a z\u00e1n\u011bty 200ml\" \/>\n<meta property=\"og:description\" content=\"Pinda thailam - Olej na ko\u017en\u00ed onemocn\u011bn\u00ed, klouby a z\u00e1n\u011bty 200ml\" \/>\n<meta property=\"og:url\" content=\"https:\/\/zkeshop.sk\/produkt\/pinda-thailam-olej-na-kozne-ochorenia-klby-a-zapaly-200ml\/\" \/>\n<meta property=\"og:site_name\" content=\"ZK company\" \/>\n<meta property=\"article:modified_time\" content=\"2025-02-17T14:04:03+00:00\" \/>\n<meta property=\"og:image\" content=\"https:\/\/zkeshop.sk\/wp-content\/uploads\/2024\/06\/ayurmind-olej-na-kozne-ochorenia-2.jpg\" \/>\n\t<meta property=\"og:image:width\" content=\"1024\" \/>\n\t<meta property=\"og:image:height\" content=\"768\" \/>\n\t<meta property=\"og:image:type\" content=\"image\/jpeg\" \/>\n<meta name=\"twitter:card\" content=\"summary_large_image\" \/>\n<meta name=\"twitter:label1\" content=\"Cena\" \/>\n\t<meta name=\"twitter:data1\" content=\"11,60&nbsp;&euro;\" \/>\n\t<meta name=\"twitter:label2\" content=\"Dostupnost\" \/>\n\t<meta name=\"twitter:data2\" content=\"Skladem\" \/>\n<script type=\"application\/ld+json\" class=\"yoast-schema-graph\">{\"@context\":\"https:\\\/\\\/schema.org\",\"@graph\":[{\"@type\":\"WebPage\",\"@id\":\"https:\\\/\\\/zkeshop.sk\\\/produkt\\\/pinda-thailam-olej-na-kozne-ochorenia-klby-a-zapaly-200ml\\\/\",\"url\":\"https:\\\/\\\/zkeshop.sk\\\/produkt\\\/pinda-thailam-olej-na-kozne-ochorenia-klby-a-zapaly-200ml\\\/\",\"name\":\"Pinda thailam - Olej na ko\u017en\u00ed onemocn\u011bn\u00ed, klouby a z\u00e1n\u011bty 200ml - ZK company\",\"isPartOf\":{\"@id\":\"https:\\\/\\\/zkeshop.sk\\\/#website\"},\"primaryImageOfPage\":{\"@id\":\"https:\\\/\\\/zkeshop.sk\\\/produkt\\\/pinda-thailam-olej-na-kozne-ochorenia-klby-a-zapaly-200ml\\\/#primaryimage\"},\"image\":{\"@id\":\"https:\\\/\\\/zkeshop.sk\\\/produkt\\\/pinda-thailam-olej-na-kozne-ochorenia-klby-a-zapaly-200ml\\\/#primaryimage\"},\"thumbnailUrl\":\"https:\\\/\\\/zkeshop.sk\\\/wp-content\\\/uploads\\\/2024\\\/06\\\/ayurmind-olej-na-kozne-ochorenia-2.jpg\",\"datePublished\":\"2024-06-28T16:04:59+00:00\",\"dateModified\":\"2025-02-17T14:04:03+00:00\",\"breadcrumb\":{\"@id\":\"https:\\\/\\\/zkeshop.sk\\\/produkt\\\/pinda-thailam-olej-na-kozne-ochorenia-klby-a-zapaly-200ml\\\/#breadcrumb\"},\"inLanguage\":\"cs\",\"potentialAction\":[{\"@type\":\"ReadAction\",\"target\":[\"https:\\\/\\\/zkeshop.sk\\\/produkt\\\/pinda-thailam-olej-na-kozne-ochorenia-klby-a-zapaly-200ml\\\/\"]}]},{\"@type\":\"ImageObject\",\"inLanguage\":\"cs\",\"@id\":\"https:\\\/\\\/zkeshop.sk\\\/produkt\\\/pinda-thailam-olej-na-kozne-ochorenia-klby-a-zapaly-200ml\\\/#primaryimage\",\"url\":\"https:\\\/\\\/zkeshop.sk\\\/wp-content\\\/uploads\\\/2024\\\/06\\\/ayurmind-olej-na-kozne-ochorenia-2.jpg\",\"contentUrl\":\"https:\\\/\\\/zkeshop.sk\\\/wp-content\\\/uploads\\\/2024\\\/06\\\/ayurmind-olej-na-kozne-ochorenia-2.jpg\",\"width\":1024,\"height\":768,\"caption\":\"Pinda Thailam \u2013 ajurv\u00e9dsky olej na podporu zdravia k\u013abov, kost\u00ed a poko\u017eky. Pom\u00e1ha pri z\u00e1paloch, detoxik\u00e1cii a regener\u00e1cii. Sk\u00faste jeho chladiv\u00e9 \u00fa\u010dinky.\"},{\"@type\":\"BreadcrumbList\",\"@id\":\"https:\\\/\\\/zkeshop.sk\\\/produkt\\\/pinda-thailam-olej-na-kozne-ochorenia-klby-a-zapaly-200ml\\\/#breadcrumb\",\"itemListElement\":[{\"@type\":\"ListItem\",\"position\":1,\"name\":\"Dom\u016f\",\"item\":\"https:\\\/\\\/zkeshop.sk\\\/\"},{\"@type\":\"ListItem\",\"position\":2,\"name\":\"Obchod\",\"item\":\"https:\\\/\\\/zkeshop.sk\\\/obchod\\\/\"},{\"@type\":\"ListItem\",\"position\":3,\"name\":\"Pinda thailam &#8211; Olej na ko\u017en\u00ed onemocn\u011bn\u00ed, klouby a z\u00e1n\u011bty 200ml\"}]},{\"@type\":\"WebSite\",\"@id\":\"https:\\\/\\\/zkeshop.sk\\\/#website\",\"url\":\"https:\\\/\\\/zkeshop.sk\\\/\",\"name\":\"ZK company\",\"description\":\"Kvalitn\u00e1 kozmetika pre ka\u017edodenn\u00e9 pou\u017eitie\",\"potentialAction\":[{\"@type\":\"SearchAction\",\"target\":{\"@type\":\"EntryPoint\",\"urlTemplate\":\"https:\\\/\\\/zkeshop.sk\\\/?s={search_term_string}\"},\"query-input\":{\"@type\":\"PropertyValueSpecification\",\"valueRequired\":true,\"valueName\":\"search_term_string\"}}],\"inLanguage\":\"cs\"}]}<\/script>\n<meta property=\"product:price:amount\" content=\"11.60\" \/>\n<meta property=\"product:price:currency\" content=\"EUR\" \/>\n<meta property=\"og:availability\" content=\"instock\" \/>\n<meta property=\"product:availability\" content=\"instock\" \/>\n<meta property=\"product:condition\" content=\"new\" \/>\n<!-- \/ Yoast SEO Premium plugin. -->","yoast_head_json":{"title":"Pinda thailam - Olej na ko\u017en\u00ed onemocn\u011bn\u00ed, klouby a z\u00e1n\u011bty 200ml - ZK company","robots":{"index":"index","follow":"follow","max-snippet":"max-snippet:-1","max-image-preview":"max-image-preview:large","max-video-preview":"max-video-preview:-1"},"canonical":"https:\/\/zkeshop.sk\/produkt\/pinda-thailam-olej-na-kozne-ochorenia-klby-a-zapaly-200ml\/","og_locale":"cs_CZ","og_type":"article","og_title":"Pinda thailam - Olej na ko\u017en\u00ed onemocn\u011bn\u00ed, klouby a z\u00e1n\u011bty 200ml","og_description":"Pinda thailam - Olej na ko\u017en\u00ed onemocn\u011bn\u00ed, klouby a z\u00e1n\u011bty 200ml","og_url":"https:\/\/zkeshop.sk\/produkt\/pinda-thailam-olej-na-kozne-ochorenia-klby-a-zapaly-200ml\/","og_site_name":"ZK company","article_modified_time":"2025-02-17T14:04:03+00:00","og_image":[{"width":1024,"height":768,"url":"https:\/\/zkeshop.sk\/wp-content\/uploads\/2024\/06\/ayurmind-olej-na-kozne-ochorenia-2.jpg","type":"image\/jpeg"}],"twitter_card":"summary_large_image","twitter_misc":{"Cena":"11,60&nbsp;&euro;","Dostupnost":"Skladem"},"schema":{"@context":"https:\/\/schema.org","@graph":[{"@type":"WebPage","@id":"https:\/\/zkeshop.sk\/produkt\/pinda-thailam-olej-na-kozne-ochorenia-klby-a-zapaly-200ml\/","url":"https:\/\/zkeshop.sk\/produkt\/pinda-thailam-olej-na-kozne-ochorenia-klby-a-zapaly-200ml\/","name":"Pinda thailam - Olej na ko\u017en\u00ed onemocn\u011bn\u00ed, klouby a z\u00e1n\u011bty 200ml - ZK company","isPartOf":{"@id":"https:\/\/zkeshop.sk\/#website"},"primaryImageOfPage":{"@id":"https:\/\/zkeshop.sk\/produkt\/pinda-thailam-olej-na-kozne-ochorenia-klby-a-zapaly-200ml\/#primaryimage"},"image":{"@id":"https:\/\/zkeshop.sk\/produkt\/pinda-thailam-olej-na-kozne-ochorenia-klby-a-zapaly-200ml\/#primaryimage"},"thumbnailUrl":"https:\/\/zkeshop.sk\/wp-content\/uploads\/2024\/06\/ayurmind-olej-na-kozne-ochorenia-2.jpg","datePublished":"2024-06-28T16:04:59+00:00","dateModified":"2025-02-17T14:04:03+00:00","breadcrumb":{"@id":"https:\/\/zkeshop.sk\/produkt\/pinda-thailam-olej-na-kozne-ochorenia-klby-a-zapaly-200ml\/#breadcrumb"},"inLanguage":"cs","potentialAction":[{"@type":"ReadAction","target":["https:\/\/zkeshop.sk\/produkt\/pinda-thailam-olej-na-kozne-ochorenia-klby-a-zapaly-200ml\/"]}]},{"@type":"ImageObject","inLanguage":"cs","@id":"https:\/\/zkeshop.sk\/produkt\/pinda-thailam-olej-na-kozne-ochorenia-klby-a-zapaly-200ml\/#primaryimage","url":"https:\/\/zkeshop.sk\/wp-content\/uploads\/2024\/06\/ayurmind-olej-na-kozne-ochorenia-2.jpg","contentUrl":"https:\/\/zkeshop.sk\/wp-content\/uploads\/2024\/06\/ayurmind-olej-na-kozne-ochorenia-2.jpg","width":1024,"height":768,"caption":"Pinda Thailam \u2013 ajurv\u00e9dsky olej na podporu zdravia k\u013abov, kost\u00ed a poko\u017eky. Pom\u00e1ha pri z\u00e1paloch, detoxik\u00e1cii a regener\u00e1cii. Sk\u00faste jeho chladiv\u00e9 \u00fa\u010dinky."},{"@type":"BreadcrumbList","@id":"https:\/\/zkeshop.sk\/produkt\/pinda-thailam-olej-na-kozne-ochorenia-klby-a-zapaly-200ml\/#breadcrumb","itemListElement":[{"@type":"ListItem","position":1,"name":"Dom\u016f","item":"https:\/\/zkeshop.sk\/"},{"@type":"ListItem","position":2,"name":"Obchod","item":"https:\/\/zkeshop.sk\/obchod\/"},{"@type":"ListItem","position":3,"name":"Pinda thailam &#8211; Olej na ko\u017en\u00ed onemocn\u011bn\u00ed, klouby a z\u00e1n\u011bty 200ml"}]},{"@type":"WebSite","@id":"https:\/\/zkeshop.sk\/#website","url":"https:\/\/zkeshop.sk\/","name":"ZK company","description":"Kvalitn\u00e1 kozmetika pre ka\u017edodenn\u00e9 pou\u017eitie","potentialAction":[{"@type":"SearchAction","target":{"@type":"EntryPoint","urlTemplate":"https:\/\/zkeshop.sk\/?s={search_term_string}"},"query-input":{"@type":"PropertyValueSpecification","valueRequired":true,"valueName":"search_term_string"}}],"inLanguage":"cs"}]},"product_price_amount":"11.60","product_price_currency":"EUR","og_availability":"instock","product_availability":"instock","product_condition":"new"},"_links":{"self":[{"href":"https:\/\/zkeshop.sk\/cs\/wp-json\/wp\/v2\/product\/14936","targetHints":{"allow":["GET"]}}],"collection":[{"href":"https:\/\/zkeshop.sk\/cs\/wp-json\/wp\/v2\/product"}],"about":[{"href":"https:\/\/zkeshop.sk\/cs\/wp-json\/wp\/v2\/types\/product"}],"replies":[{"embeddable":true,"href":"https:\/\/zkeshop.sk\/cs\/wp-json\/wp\/v2\/comments?post=14936"}],"version-history":[{"count":0,"href":"https:\/\/zkeshop.sk\/cs\/wp-json\/wp\/v2\/product\/14936\/revisions"}],"wp:featuredmedia":[{"embeddable":true,"href":"https:\/\/zkeshop.sk\/cs\/wp-json\/wp\/v2\/media\/12954"}],"wp:attachment":[{"href":"https:\/\/zkeshop.sk\/cs\/wp-json\/wp\/v2\/media?parent=14936"}],"wp:term":[{"taxonomy":"product_brand","embeddable":true,"href":"https:\/\/zkeshop.sk\/cs\/wp-json\/wp\/v2\/product_brand?post=14936"},{"taxonomy":"product_cat","embeddable":true,"href":"https:\/\/zkeshop.sk\/cs\/wp-json\/wp\/v2\/product_cat?post=14936"},{"taxonomy":"product_tag","embeddable":true,"href":"https:\/\/zkeshop.sk\/cs\/wp-json\/wp\/v2\/product_tag?post=14936"}],"curies":[{"name":"wp","href":"https:\/\/api.w.org\/{rel}","templated":true}]}}