{"id":14937,"date":"2024-06-28T18:05:04","date_gmt":"2024-06-28T16:05:04","guid":{"rendered":"https:\/\/zkeshop.sk\/produkt\/murivenna-olej-na-bolesti-svalu-zad-kloubu-hojeni-ran-a-jizev-200ml\/"},"modified":"2025-05-24T13:54:50","modified_gmt":"2025-05-24T11:54:50","slug":"murivenna-olej-na-bolesti-svalu-zad-kloubu-hojeni-ran-a-jizev-200ml","status":"publish","type":"product","link":"https:\/\/zkeshop.sk\/cs\/produkt\/murivenna-olej-na-bolesti-svalu-zad-kloubu-hojeni-ran-a-jizev-200ml\/","title":{"rendered":"Murivenna &#8211; Olej na bolesti sval\u016f, zad, kloub\u016f, hojen\u00ed ran a jizev 200ml"},"content":{"rendered":"<p>P<strong>odrobn\u00fd popis<\/strong> Murivenna Thailam se jako siln\u00fd analgetick\u00fd olej hojn\u011b pou\u017e\u00edv\u00e1 p\u0159i bolestech, jako je tenisov\u00fd loket, vyklouben\u00ed ramene, bolesti zad, poopera\u010dn\u00ed bolesti, bolesti a ztuhlost, vyh\u0159ezl\u00e1 plot\u00e9nka, d\u00e1le p\u0159i poran\u011bn\u00ed vaz\u016f, \u0161lach, p\u00e1te\u0159e, akutn\u00edch poran\u011bn\u00edch m\u011bkk\u00fdch tk\u00e1n\u00ed, sportovn\u00edch \u00farazech a artritid\u011b.<\/p>\n<p>Napom\u00e1h\u00e1 rychl\u00e9mu hojen\u00ed ran a dob\u0159e p\u016fsob\u00ed p\u0159i chronick\u00fdch nehoj\u00edc\u00edch se v\u0159edech, \u0159ezn\u00fdch a \u010derstv\u00fdch ran\u00e1ch Aplikace murivenny pom\u00e1h\u00e1 p\u0159edch\u00e1zet jizven\u00ed a ulcerac\u00edm u pop\u00e1lenin prvn\u00edho stupn\u011b Sni\u017euje z\u00e1n\u011btliv\u00e9 zm\u011bny u zlomenin, tup\u00fdch poran\u011bn\u00ed a pohmo\u017ed\u011bnin Murivenna je prosp\u011b\u0161n\u00e1 p\u0159i bolestech kloub\u016f spojen\u00fdch s artritidou,<\/p>\n<p>bolesti zad a kolen p\u0159i r\u016fzn\u00fdch patologi\u00edch, vyklouben\u00ed ramene, spondylitid\u011b a zmrzl\u00e9m rameni Fyto-slo\u017eky v Murivenn\u011b pom\u00e1haj\u00ed sni\u017eovat bolest spojenou se svalov\u00fdmi k\u0159e\u010demi a podvrtnut\u00edm \u00da\u010dinn\u00e9 p\u0159i l\u00e9\u010db\u011b nepohodl\u00ed zp\u016fsoben\u00e9ho vyklouben\u00edm d\u00f3\u0161 vata, pitta a kapha.<\/p>\n<p>D<strong>oporu\u010den\u00e9 pou\u017eit\u00ed<\/strong> Murivenna Thailam se nesm\u00ed konzumovat.<\/p>\n<p>Olej vmas\u00edrujte denn\u011b nebo t\u00fddn\u011b nebo podle pokyn\u016f l\u00e9ka\u0159e. Pokud jste t\u011bhotn\u00e1, koj\u00edte, u\u017e\u00edv\u00e1te l\u00e9ky nebo m\u00e1te zdravotn\u00ed pot\u00ed\u017ee, pora\u010fte se p\u0159ed pou\u017eit\u00edm tohoto v\u00fdrobku se sv\u00fdm l\u00e9ka\u0159em. Nepou\u017e\u00edvejte v\u00fdrobek, pokud je po\u0161kozen\u00e1 pe\u010de\u0165. Skladujte jej na chladn\u00e9m a such\u00e9m m\u00edst\u011b. Uchov\u00e1vejte jej mimo dosah d\u011bt\u00ed.   <\/p>\n<p>S<strong>lo\u017een\u00ed<\/strong> Murivenna, 10 ml se p\u0159ipravuje z extrakt\u016f: piper betle linn. 5g, moringa oleifera lam. 5g, erythrina indica lam. 5 g, aloe barbadensis mill. 5 g, pongamia pinnata merr. 5 g, spermacoce hispida linn. 5 g, allium cepaBulb 5 g, asparagus recemosus willd. Ko\u0159en 1,875 g, oryaza sativa semeno 10 ml, kokosov\u00fd olej 10 ml.       <\/p>\n","protected":false},"excerpt":{"rendered":"<p>Murivenna Thailam se jako siln\u00fd analgetick\u00fd olej hojn\u011b pou\u017e\u00edv\u00e1 p\u0159i bolestech, jako je tenisov\u00fd loket, vyklouben\u00ed ramene, bolesti zad, poopera\u010dn\u00ed bolesti, bolesti a ztuhlost, vyh\u0159ezl\u00e1 plot\u00e9nka, d\u00e1le p\u0159i poran\u011bn\u00ed vaz\u016f, \u0161lach, p\u00e1te\u0159e, akutn\u00edch poran\u011bn\u00edch m\u011bkk\u00fdch tk\u00e1n\u00ed, sportovn\u00edch \u00farazech a artritid\u011b.<\/p>\n","protected":false},"featured_media":12951,"comment_status":"open","ping_status":"closed","template":"","meta":[],"product_brand":[],"product_cat":[111],"product_tag":[],"class_list":{"0":"post-14937","1":"product","2":"type-product","3":"status-publish","4":"has-post-thumbnail","6":"product_cat-ajurveda-cs","8":"first","9":"instock","10":"taxable","11":"shipping-taxable","12":"purchasable","13":"product-type-simple"},"yoast_head":"<!-- This site is optimized with the Yoast SEO Premium plugin v27.3 (Yoast SEO v27.3) - https:\/\/yoast.com\/product\/yoast-seo-premium-wordpress\/ -->\n<title>Murivenna - Olej na bolesti sval\u016f, zad, kloub\u016f, hojen\u00ed ran a jizev 200ml - ZK company<\/title>\n<meta name=\"robots\" content=\"index, follow, max-snippet:-1, max-image-preview:large, max-video-preview:-1\" \/>\n<link rel=\"canonical\" href=\"https:\/\/zkeshop.sk\/produkt\/murivenna-olej-na-bolest-svalov-chrbta-klbov-hojenie-ran-a-jaziev-200ml\/\" \/>\n<meta property=\"og:locale\" content=\"cs_CZ\" \/>\n<meta property=\"og:type\" content=\"article\" \/>\n<meta property=\"og:title\" content=\"Murivenna - Olej na bolesti sval\u016f, zad, kloub\u016f, hojen\u00ed ran a jizev 200ml\" \/>\n<meta property=\"og:description\" content=\"Murivenna Thailam se jako siln\u00fd analgetick\u00fd olej hojn\u011b pou\u017e\u00edv\u00e1 p\u0159i bolestech, jako je tenisov\u00fd loket, vyklouben\u00ed ramene, bolesti zad, poopera\u010dn\u00ed bolesti, bolesti a ztuhlost, vyh\u0159ezl\u00e1 plot\u00e9nka, d\u00e1le p\u0159i poran\u011bn\u00ed vaz\u016f, \u0161lach, p\u00e1te\u0159e, akutn\u00edch poran\u011bn\u00edch m\u011bkk\u00fdch tk\u00e1n\u00ed, sportovn\u00edch \u00farazech a artritid\u011b.\" \/>\n<meta property=\"og:url\" content=\"https:\/\/zkeshop.sk\/produkt\/murivenna-olej-na-bolest-svalov-chrbta-klbov-hojenie-ran-a-jaziev-200ml\/\" \/>\n<meta property=\"og:site_name\" content=\"ZK company\" \/>\n<meta property=\"article:modified_time\" content=\"2025-05-24T11:54:50+00:00\" \/>\n<meta property=\"og:image\" content=\"https:\/\/zkeshop.sk\/wp-content\/uploads\/2024\/06\/ayurmind-olej-na-kozne-ochorenia.jpg\" \/>\n\t<meta property=\"og:image:width\" content=\"1024\" \/>\n\t<meta property=\"og:image:height\" content=\"768\" \/>\n\t<meta property=\"og:image:type\" content=\"image\/jpeg\" \/>\n<meta name=\"twitter:card\" content=\"summary_large_image\" \/>\n<meta name=\"twitter:label1\" content=\"Cena\" \/>\n\t<meta name=\"twitter:data1\" content=\"11,60&nbsp;&euro;\" \/>\n\t<meta name=\"twitter:label2\" content=\"Dostupnost\" \/>\n\t<meta name=\"twitter:data2\" content=\"Skladem\" \/>\n<script type=\"application\/ld+json\" class=\"yoast-schema-graph\">{\"@context\":\"https:\\\/\\\/schema.org\",\"@graph\":[{\"@type\":\"WebPage\",\"@id\":\"https:\\\/\\\/zkeshop.sk\\\/produkt\\\/murivenna-olej-na-bolest-svalov-chrbta-klbov-hojenie-ran-a-jaziev-200ml\\\/\",\"url\":\"https:\\\/\\\/zkeshop.sk\\\/produkt\\\/murivenna-olej-na-bolest-svalov-chrbta-klbov-hojenie-ran-a-jaziev-200ml\\\/\",\"name\":\"Murivenna - Olej na bolesti sval\u016f, zad, kloub\u016f, hojen\u00ed ran a jizev 200ml - ZK company\",\"isPartOf\":{\"@id\":\"https:\\\/\\\/zkeshop.sk\\\/#website\"},\"primaryImageOfPage\":{\"@id\":\"https:\\\/\\\/zkeshop.sk\\\/produkt\\\/murivenna-olej-na-bolest-svalov-chrbta-klbov-hojenie-ran-a-jaziev-200ml\\\/#primaryimage\"},\"image\":{\"@id\":\"https:\\\/\\\/zkeshop.sk\\\/produkt\\\/murivenna-olej-na-bolest-svalov-chrbta-klbov-hojenie-ran-a-jaziev-200ml\\\/#primaryimage\"},\"thumbnailUrl\":\"https:\\\/\\\/zkeshop.sk\\\/wp-content\\\/uploads\\\/2024\\\/06\\\/ayurmind-olej-na-kozne-ochorenia.jpg\",\"datePublished\":\"2024-06-28T16:05:04+00:00\",\"dateModified\":\"2025-05-24T11:54:50+00:00\",\"breadcrumb\":{\"@id\":\"https:\\\/\\\/zkeshop.sk\\\/produkt\\\/murivenna-olej-na-bolest-svalov-chrbta-klbov-hojenie-ran-a-jaziev-200ml\\\/#breadcrumb\"},\"inLanguage\":\"cs\",\"potentialAction\":[{\"@type\":\"ReadAction\",\"target\":[\"https:\\\/\\\/zkeshop.sk\\\/produkt\\\/murivenna-olej-na-bolest-svalov-chrbta-klbov-hojenie-ran-a-jaziev-200ml\\\/\"]}]},{\"@type\":\"ImageObject\",\"inLanguage\":\"cs\",\"@id\":\"https:\\\/\\\/zkeshop.sk\\\/produkt\\\/murivenna-olej-na-bolest-svalov-chrbta-klbov-hojenie-ran-a-jaziev-200ml\\\/#primaryimage\",\"url\":\"https:\\\/\\\/zkeshop.sk\\\/wp-content\\\/uploads\\\/2024\\\/06\\\/ayurmind-olej-na-kozne-ochorenia.jpg\",\"contentUrl\":\"https:\\\/\\\/zkeshop.sk\\\/wp-content\\\/uploads\\\/2024\\\/06\\\/ayurmind-olej-na-kozne-ochorenia.jpg\",\"width\":1024,\"height\":768,\"caption\":\"Murivenna Thailam \u2013 siln\u00fd ajurv\u00e9dsky olej na boles\u0165, regener\u00e1ciu k\u013abov a hojenie r\u00e1n. Pom\u00e1ha pri artrit\u00edde, \u0161portov\u00fdch zraneniach a z\u00e1paloch.\"},{\"@type\":\"BreadcrumbList\",\"@id\":\"https:\\\/\\\/zkeshop.sk\\\/produkt\\\/murivenna-olej-na-bolest-svalov-chrbta-klbov-hojenie-ran-a-jaziev-200ml\\\/#breadcrumb\",\"itemListElement\":[{\"@type\":\"ListItem\",\"position\":1,\"name\":\"Dom\u016f\",\"item\":\"https:\\\/\\\/zkeshop.sk\\\/\"},{\"@type\":\"ListItem\",\"position\":2,\"name\":\"Obchod\",\"item\":\"https:\\\/\\\/zkeshop.sk\\\/obchod\\\/\"},{\"@type\":\"ListItem\",\"position\":3,\"name\":\"Murivenna &#8211; Olej na bolesti sval\u016f, zad, kloub\u016f, hojen\u00ed ran a jizev 200ml\"}]},{\"@type\":\"WebSite\",\"@id\":\"https:\\\/\\\/zkeshop.sk\\\/#website\",\"url\":\"https:\\\/\\\/zkeshop.sk\\\/\",\"name\":\"ZK company\",\"description\":\"Kvalitn\u00e1 kozmetika pre ka\u017edodenn\u00e9 pou\u017eitie\",\"potentialAction\":[{\"@type\":\"SearchAction\",\"target\":{\"@type\":\"EntryPoint\",\"urlTemplate\":\"https:\\\/\\\/zkeshop.sk\\\/?s={search_term_string}\"},\"query-input\":{\"@type\":\"PropertyValueSpecification\",\"valueRequired\":true,\"valueName\":\"search_term_string\"}}],\"inLanguage\":\"cs\"}]}<\/script>\n<meta property=\"product:price:amount\" content=\"11.60\" \/>\n<meta property=\"product:price:currency\" content=\"EUR\" \/>\n<meta property=\"og:availability\" content=\"instock\" \/>\n<meta property=\"product:availability\" content=\"instock\" \/>\n<meta property=\"product:condition\" content=\"new\" \/>\n<!-- \/ Yoast SEO Premium plugin. -->","yoast_head_json":{"title":"Murivenna - Olej na bolesti sval\u016f, zad, kloub\u016f, hojen\u00ed ran a jizev 200ml - ZK company","robots":{"index":"index","follow":"follow","max-snippet":"max-snippet:-1","max-image-preview":"max-image-preview:large","max-video-preview":"max-video-preview:-1"},"canonical":"https:\/\/zkeshop.sk\/produkt\/murivenna-olej-na-bolest-svalov-chrbta-klbov-hojenie-ran-a-jaziev-200ml\/","og_locale":"cs_CZ","og_type":"article","og_title":"Murivenna - Olej na bolesti sval\u016f, zad, kloub\u016f, hojen\u00ed ran a jizev 200ml","og_description":"Murivenna Thailam se jako siln\u00fd analgetick\u00fd olej hojn\u011b pou\u017e\u00edv\u00e1 p\u0159i bolestech, jako je tenisov\u00fd loket, vyklouben\u00ed ramene, bolesti zad, poopera\u010dn\u00ed bolesti, bolesti a ztuhlost, vyh\u0159ezl\u00e1 plot\u00e9nka, d\u00e1le p\u0159i poran\u011bn\u00ed vaz\u016f, \u0161lach, p\u00e1te\u0159e, akutn\u00edch poran\u011bn\u00edch m\u011bkk\u00fdch tk\u00e1n\u00ed, sportovn\u00edch \u00farazech a artritid\u011b.","og_url":"https:\/\/zkeshop.sk\/produkt\/murivenna-olej-na-bolest-svalov-chrbta-klbov-hojenie-ran-a-jaziev-200ml\/","og_site_name":"ZK company","article_modified_time":"2025-05-24T11:54:50+00:00","og_image":[{"width":1024,"height":768,"url":"https:\/\/zkeshop.sk\/wp-content\/uploads\/2024\/06\/ayurmind-olej-na-kozne-ochorenia.jpg","type":"image\/jpeg"}],"twitter_card":"summary_large_image","twitter_misc":{"Cena":"11,60&nbsp;&euro;","Dostupnost":"Skladem"},"schema":{"@context":"https:\/\/schema.org","@graph":[{"@type":"WebPage","@id":"https:\/\/zkeshop.sk\/produkt\/murivenna-olej-na-bolest-svalov-chrbta-klbov-hojenie-ran-a-jaziev-200ml\/","url":"https:\/\/zkeshop.sk\/produkt\/murivenna-olej-na-bolest-svalov-chrbta-klbov-hojenie-ran-a-jaziev-200ml\/","name":"Murivenna - Olej na bolesti sval\u016f, zad, kloub\u016f, hojen\u00ed ran a jizev 200ml - ZK company","isPartOf":{"@id":"https:\/\/zkeshop.sk\/#website"},"primaryImageOfPage":{"@id":"https:\/\/zkeshop.sk\/produkt\/murivenna-olej-na-bolest-svalov-chrbta-klbov-hojenie-ran-a-jaziev-200ml\/#primaryimage"},"image":{"@id":"https:\/\/zkeshop.sk\/produkt\/murivenna-olej-na-bolest-svalov-chrbta-klbov-hojenie-ran-a-jaziev-200ml\/#primaryimage"},"thumbnailUrl":"https:\/\/zkeshop.sk\/wp-content\/uploads\/2024\/06\/ayurmind-olej-na-kozne-ochorenia.jpg","datePublished":"2024-06-28T16:05:04+00:00","dateModified":"2025-05-24T11:54:50+00:00","breadcrumb":{"@id":"https:\/\/zkeshop.sk\/produkt\/murivenna-olej-na-bolest-svalov-chrbta-klbov-hojenie-ran-a-jaziev-200ml\/#breadcrumb"},"inLanguage":"cs","potentialAction":[{"@type":"ReadAction","target":["https:\/\/zkeshop.sk\/produkt\/murivenna-olej-na-bolest-svalov-chrbta-klbov-hojenie-ran-a-jaziev-200ml\/"]}]},{"@type":"ImageObject","inLanguage":"cs","@id":"https:\/\/zkeshop.sk\/produkt\/murivenna-olej-na-bolest-svalov-chrbta-klbov-hojenie-ran-a-jaziev-200ml\/#primaryimage","url":"https:\/\/zkeshop.sk\/wp-content\/uploads\/2024\/06\/ayurmind-olej-na-kozne-ochorenia.jpg","contentUrl":"https:\/\/zkeshop.sk\/wp-content\/uploads\/2024\/06\/ayurmind-olej-na-kozne-ochorenia.jpg","width":1024,"height":768,"caption":"Murivenna Thailam \u2013 siln\u00fd ajurv\u00e9dsky olej na boles\u0165, regener\u00e1ciu k\u013abov a hojenie r\u00e1n. Pom\u00e1ha pri artrit\u00edde, \u0161portov\u00fdch zraneniach a z\u00e1paloch."},{"@type":"BreadcrumbList","@id":"https:\/\/zkeshop.sk\/produkt\/murivenna-olej-na-bolest-svalov-chrbta-klbov-hojenie-ran-a-jaziev-200ml\/#breadcrumb","itemListElement":[{"@type":"ListItem","position":1,"name":"Dom\u016f","item":"https:\/\/zkeshop.sk\/"},{"@type":"ListItem","position":2,"name":"Obchod","item":"https:\/\/zkeshop.sk\/obchod\/"},{"@type":"ListItem","position":3,"name":"Murivenna &#8211; Olej na bolesti sval\u016f, zad, kloub\u016f, hojen\u00ed ran a jizev 200ml"}]},{"@type":"WebSite","@id":"https:\/\/zkeshop.sk\/#website","url":"https:\/\/zkeshop.sk\/","name":"ZK company","description":"Kvalitn\u00e1 kozmetika pre ka\u017edodenn\u00e9 pou\u017eitie","potentialAction":[{"@type":"SearchAction","target":{"@type":"EntryPoint","urlTemplate":"https:\/\/zkeshop.sk\/?s={search_term_string}"},"query-input":{"@type":"PropertyValueSpecification","valueRequired":true,"valueName":"search_term_string"}}],"inLanguage":"cs"}]},"product_price_amount":"11.60","product_price_currency":"EUR","og_availability":"instock","product_availability":"instock","product_condition":"new"},"_links":{"self":[{"href":"https:\/\/zkeshop.sk\/cs\/wp-json\/wp\/v2\/product\/14937","targetHints":{"allow":["GET"]}}],"collection":[{"href":"https:\/\/zkeshop.sk\/cs\/wp-json\/wp\/v2\/product"}],"about":[{"href":"https:\/\/zkeshop.sk\/cs\/wp-json\/wp\/v2\/types\/product"}],"replies":[{"embeddable":true,"href":"https:\/\/zkeshop.sk\/cs\/wp-json\/wp\/v2\/comments?post=14937"}],"version-history":[{"count":0,"href":"https:\/\/zkeshop.sk\/cs\/wp-json\/wp\/v2\/product\/14937\/revisions"}],"wp:featuredmedia":[{"embeddable":true,"href":"https:\/\/zkeshop.sk\/cs\/wp-json\/wp\/v2\/media\/12951"}],"wp:attachment":[{"href":"https:\/\/zkeshop.sk\/cs\/wp-json\/wp\/v2\/media?parent=14937"}],"wp:term":[{"taxonomy":"product_brand","embeddable":true,"href":"https:\/\/zkeshop.sk\/cs\/wp-json\/wp\/v2\/product_brand?post=14937"},{"taxonomy":"product_cat","embeddable":true,"href":"https:\/\/zkeshop.sk\/cs\/wp-json\/wp\/v2\/product_cat?post=14937"},{"taxonomy":"product_tag","embeddable":true,"href":"https:\/\/zkeshop.sk\/cs\/wp-json\/wp\/v2\/product_tag?post=14937"}],"curies":[{"name":"wp","href":"https:\/\/api.w.org\/{rel}","templated":true}]}}