{"id":14942,"date":"2024-06-28T18:05:14","date_gmt":"2024-06-28T16:05:14","guid":{"rendered":"https:\/\/zkeshop.sk\/produkt\/ksheerabala-thailam-olej-na-nervy-a-svaly-200ml\/"},"modified":"2025-02-17T15:04:08","modified_gmt":"2025-02-17T14:04:08","slug":"ksheerabala-thailam-olej-na-nervy-a-svaly-200ml","status":"publish","type":"product","link":"https:\/\/zkeshop.sk\/cs\/produkt\/ksheerabala-thailam-olej-na-nervy-a-svaly-200ml\/","title":{"rendered":"Ksheerabala thailam &#8211; Olej na nervy a svaly 200ml"},"content":{"rendered":"<p>P<strong>odrobn\u00fd popis<\/strong> Ksheerabala je klasick\u00fd \u00e1jurv\u00e9dsk\u00fd bylinn\u00fd vy\u017eivuj\u00edc\u00ed olej na nervy a svaly.<\/p>\n<p>\u00da\u010dinky a vlastnosti <strong> Ksheerbala Thailam podporuje zdrav\u00fd nervov\u00fd syst\u00e9m t\u00edm, \u017ee aktivuje, o\u017eivuje a zklid\u0148uje nervy, \u010d\u00edm\u017e podporuje jejich pravideln\u00e9 fungov\u00e1n\u00ed.<\/p>\n<p>Pom\u00e1h\u00e1 t\u011blu vytv\u00e1\u0159et zdrav\u00e9 imunitn\u00ed reakce proti p\u0159\u00edle\u017eitostn\u00fdm z\u00e1n\u011bt\u016fm a dal\u0161\u00edm vn\u011bj\u0161\u00edm stresor\u016fm ovliv\u0148uj\u00edc\u00edm na\u0161e zdrav\u00ed Podporuje zdrav\u00e9 svaly t\u00edm, \u017ee omlazuje svalov\u00e1 vl\u00e1kna a pom\u00e1h\u00e1 t\u011blu proti p\u0159\u00edle\u017eitostn\u00fdm z\u00e1n\u011bt\u016fm sval\u016f Pravideln\u00e9 mas\u00edrov\u00e1n\u00ed podporuje zdrav\u00fd krevn\u00ed ob\u011bh, \u010d\u00edm\u017e podporuje spr\u00e1vnou funkci \u017eivotn\u011b d\u016fle\u017eit\u00fdch org\u00e1n\u016f t\u011bla Podporuje zdravou funkci kloub\u016f t\u00edm, \u017ee podporuje jejich p\u0159irozen\u00e9 promaz\u00e1v\u00e1n\u00ed pro snadnou pohyblivost a pru\u017enost<\/strong><\/p>\n<p>D<strong>oporu\u010den\u00e9 pou\u017eit\u00ed<\/strong> Ksheerbala Thailam se nesm\u00ed konzumovat.<\/p>\n<p>Bylinn\u00fd olej vmas\u00edrujte denn\u011b nebo t\u00fddn\u011b nebo podle pokyn\u016f l\u00e9ka\u0159e. Pokud jste t\u011bhotn\u00e1, koj\u00edte, u\u017e\u00edv\u00e1te l\u00e9ky nebo m\u00e1te zdravotn\u00ed pot\u00ed\u017ee, pora\u010fte se p\u0159ed pou\u017eit\u00edm tohoto v\u00fdrobku se sv\u00fdm l\u00e9ka\u0159em. Nepou\u017e\u00edvejte tento v\u00fdrobek, pokud je po\u0161kozen\u00e1 pe\u010de\u0165. Skladujte jej na chladn\u00e9m a such\u00e9m m\u00edst\u011b. Uchov\u00e1vejte mimo dosah d\u011bt\u00ed. Je ur\u010den pouze pro venkovn\u00ed pou\u017eit\u00ed.    <\/p>\n<p>S<strong>lo\u017een\u00ed<\/strong> Ksheerabala thailam, ka\u017ed\u00fd 10 ml je p\u0159ipraven z v\u00fdta\u017ek\u016f: sida rhombifolia 3,125 g, ml\u00e9ko 40 ml, sezamov\u00fd olej 10 ml.<\/p>\n","protected":false},"excerpt":{"rendered":"<p>Ksheerabala je klasick\u00fd \u00e1jurv\u00e9dsk\u00fd bylinn\u00fd vy\u017eivuj\u00edc\u00ed olej na nervy a svaly.<\/p>\n","protected":false},"featured_media":12957,"comment_status":"open","ping_status":"closed","template":"","meta":[],"product_brand":[],"product_cat":[111],"product_tag":[],"class_list":{"0":"post-14942","1":"product","2":"type-product","3":"status-publish","4":"has-post-thumbnail","6":"product_cat-ajurveda-cs","8":"first","9":"instock","10":"taxable","11":"shipping-taxable","12":"purchasable","13":"product-type-simple"},"yoast_head":"<!-- This site is optimized with the Yoast SEO Premium plugin v27.3 (Yoast SEO v27.3) - https:\/\/yoast.com\/product\/yoast-seo-premium-wordpress\/ -->\n<title>Ksheerabala thailam - Olej na nervy a svaly 200ml - ZK company<\/title>\n<meta name=\"robots\" content=\"index, follow, max-snippet:-1, max-image-preview:large, max-video-preview:-1\" \/>\n<link rel=\"canonical\" href=\"https:\/\/zkeshop.sk\/produkt\/ksheerabala-thailam-olej-na-nervy-a-svaly-200ml\/\" \/>\n<meta property=\"og:locale\" content=\"cs_CZ\" \/>\n<meta property=\"og:type\" content=\"article\" \/>\n<meta property=\"og:title\" content=\"Ksheerabala thailam - Olej na nervy a svaly 200ml\" \/>\n<meta property=\"og:description\" content=\"Ksheerabala je klasick\u00fd \u00e1jurv\u00e9dsk\u00fd bylinn\u00fd vy\u017eivuj\u00edc\u00ed olej na nervy a svaly.\" \/>\n<meta property=\"og:url\" content=\"https:\/\/zkeshop.sk\/produkt\/ksheerabala-thailam-olej-na-nervy-a-svaly-200ml\/\" \/>\n<meta property=\"og:site_name\" content=\"ZK company\" \/>\n<meta property=\"article:modified_time\" content=\"2025-02-17T14:04:08+00:00\" \/>\n<meta property=\"og:image\" content=\"https:\/\/zkeshop.sk\/wp-content\/uploads\/2024\/06\/ayurmind-olej-na-nervy-a-svaly.jpg\" \/>\n\t<meta property=\"og:image:width\" content=\"1024\" \/>\n\t<meta property=\"og:image:height\" content=\"768\" \/>\n\t<meta property=\"og:image:type\" content=\"image\/jpeg\" \/>\n<meta name=\"twitter:card\" content=\"summary_large_image\" \/>\n<meta name=\"twitter:label1\" content=\"Cena\" \/>\n\t<meta name=\"twitter:data1\" content=\"11,60&nbsp;&euro;\" \/>\n\t<meta name=\"twitter:label2\" content=\"Dostupnost\" \/>\n\t<meta name=\"twitter:data2\" content=\"Skladem\" \/>\n<script type=\"application\/ld+json\" class=\"yoast-schema-graph\">{\"@context\":\"https:\\\/\\\/schema.org\",\"@graph\":[{\"@type\":\"WebPage\",\"@id\":\"https:\\\/\\\/zkeshop.sk\\\/produkt\\\/ksheerabala-thailam-olej-na-nervy-a-svaly-200ml\\\/\",\"url\":\"https:\\\/\\\/zkeshop.sk\\\/produkt\\\/ksheerabala-thailam-olej-na-nervy-a-svaly-200ml\\\/\",\"name\":\"Ksheerabala thailam - Olej na nervy a svaly 200ml - ZK company\",\"isPartOf\":{\"@id\":\"https:\\\/\\\/zkeshop.sk\\\/#website\"},\"primaryImageOfPage\":{\"@id\":\"https:\\\/\\\/zkeshop.sk\\\/produkt\\\/ksheerabala-thailam-olej-na-nervy-a-svaly-200ml\\\/#primaryimage\"},\"image\":{\"@id\":\"https:\\\/\\\/zkeshop.sk\\\/produkt\\\/ksheerabala-thailam-olej-na-nervy-a-svaly-200ml\\\/#primaryimage\"},\"thumbnailUrl\":\"https:\\\/\\\/zkeshop.sk\\\/wp-content\\\/uploads\\\/2024\\\/06\\\/ayurmind-olej-na-nervy-a-svaly.jpg\",\"datePublished\":\"2024-06-28T16:05:14+00:00\",\"dateModified\":\"2025-02-17T14:04:08+00:00\",\"breadcrumb\":{\"@id\":\"https:\\\/\\\/zkeshop.sk\\\/produkt\\\/ksheerabala-thailam-olej-na-nervy-a-svaly-200ml\\\/#breadcrumb\"},\"inLanguage\":\"cs\",\"potentialAction\":[{\"@type\":\"ReadAction\",\"target\":[\"https:\\\/\\\/zkeshop.sk\\\/produkt\\\/ksheerabala-thailam-olej-na-nervy-a-svaly-200ml\\\/\"]}]},{\"@type\":\"ImageObject\",\"inLanguage\":\"cs\",\"@id\":\"https:\\\/\\\/zkeshop.sk\\\/produkt\\\/ksheerabala-thailam-olej-na-nervy-a-svaly-200ml\\\/#primaryimage\",\"url\":\"https:\\\/\\\/zkeshop.sk\\\/wp-content\\\/uploads\\\/2024\\\/06\\\/ayurmind-olej-na-nervy-a-svaly.jpg\",\"contentUrl\":\"https:\\\/\\\/zkeshop.sk\\\/wp-content\\\/uploads\\\/2024\\\/06\\\/ayurmind-olej-na-nervy-a-svaly.jpg\",\"width\":1024,\"height\":768,\"caption\":\"Ksheerbala Thailam \u2013 ajurv\u00e9dsky olej na regener\u00e1ciu nervov, svalov a k\u013abov. Pom\u00e1ha pri z\u00e1paloch, podporuje krvn\u00fd obeh a uvo\u013e\u0148uje nap\u00e4tie. Objavte jeho silu.\"},{\"@type\":\"BreadcrumbList\",\"@id\":\"https:\\\/\\\/zkeshop.sk\\\/produkt\\\/ksheerabala-thailam-olej-na-nervy-a-svaly-200ml\\\/#breadcrumb\",\"itemListElement\":[{\"@type\":\"ListItem\",\"position\":1,\"name\":\"Dom\u016f\",\"item\":\"https:\\\/\\\/zkeshop.sk\\\/\"},{\"@type\":\"ListItem\",\"position\":2,\"name\":\"Obchod\",\"item\":\"https:\\\/\\\/zkeshop.sk\\\/obchod\\\/\"},{\"@type\":\"ListItem\",\"position\":3,\"name\":\"Ksheerabala thailam &#8211; Olej na nervy a svaly 200ml\"}]},{\"@type\":\"WebSite\",\"@id\":\"https:\\\/\\\/zkeshop.sk\\\/#website\",\"url\":\"https:\\\/\\\/zkeshop.sk\\\/\",\"name\":\"ZK company\",\"description\":\"Kvalitn\u00e1 kozmetika pre ka\u017edodenn\u00e9 pou\u017eitie\",\"potentialAction\":[{\"@type\":\"SearchAction\",\"target\":{\"@type\":\"EntryPoint\",\"urlTemplate\":\"https:\\\/\\\/zkeshop.sk\\\/?s={search_term_string}\"},\"query-input\":{\"@type\":\"PropertyValueSpecification\",\"valueRequired\":true,\"valueName\":\"search_term_string\"}}],\"inLanguage\":\"cs\"}]}<\/script>\n<meta property=\"product:price:amount\" content=\"11.60\" \/>\n<meta property=\"product:price:currency\" content=\"EUR\" \/>\n<meta property=\"og:availability\" content=\"instock\" \/>\n<meta property=\"product:availability\" content=\"instock\" \/>\n<meta property=\"product:condition\" content=\"new\" \/>\n<!-- \/ Yoast SEO Premium plugin. -->","yoast_head_json":{"title":"Ksheerabala thailam - Olej na nervy a svaly 200ml - ZK company","robots":{"index":"index","follow":"follow","max-snippet":"max-snippet:-1","max-image-preview":"max-image-preview:large","max-video-preview":"max-video-preview:-1"},"canonical":"https:\/\/zkeshop.sk\/produkt\/ksheerabala-thailam-olej-na-nervy-a-svaly-200ml\/","og_locale":"cs_CZ","og_type":"article","og_title":"Ksheerabala thailam - Olej na nervy a svaly 200ml","og_description":"Ksheerabala je klasick\u00fd \u00e1jurv\u00e9dsk\u00fd bylinn\u00fd vy\u017eivuj\u00edc\u00ed olej na nervy a svaly.","og_url":"https:\/\/zkeshop.sk\/produkt\/ksheerabala-thailam-olej-na-nervy-a-svaly-200ml\/","og_site_name":"ZK company","article_modified_time":"2025-02-17T14:04:08+00:00","og_image":[{"width":1024,"height":768,"url":"https:\/\/zkeshop.sk\/wp-content\/uploads\/2024\/06\/ayurmind-olej-na-nervy-a-svaly.jpg","type":"image\/jpeg"}],"twitter_card":"summary_large_image","twitter_misc":{"Cena":"11,60&nbsp;&euro;","Dostupnost":"Skladem"},"schema":{"@context":"https:\/\/schema.org","@graph":[{"@type":"WebPage","@id":"https:\/\/zkeshop.sk\/produkt\/ksheerabala-thailam-olej-na-nervy-a-svaly-200ml\/","url":"https:\/\/zkeshop.sk\/produkt\/ksheerabala-thailam-olej-na-nervy-a-svaly-200ml\/","name":"Ksheerabala thailam - Olej na nervy a svaly 200ml - ZK company","isPartOf":{"@id":"https:\/\/zkeshop.sk\/#website"},"primaryImageOfPage":{"@id":"https:\/\/zkeshop.sk\/produkt\/ksheerabala-thailam-olej-na-nervy-a-svaly-200ml\/#primaryimage"},"image":{"@id":"https:\/\/zkeshop.sk\/produkt\/ksheerabala-thailam-olej-na-nervy-a-svaly-200ml\/#primaryimage"},"thumbnailUrl":"https:\/\/zkeshop.sk\/wp-content\/uploads\/2024\/06\/ayurmind-olej-na-nervy-a-svaly.jpg","datePublished":"2024-06-28T16:05:14+00:00","dateModified":"2025-02-17T14:04:08+00:00","breadcrumb":{"@id":"https:\/\/zkeshop.sk\/produkt\/ksheerabala-thailam-olej-na-nervy-a-svaly-200ml\/#breadcrumb"},"inLanguage":"cs","potentialAction":[{"@type":"ReadAction","target":["https:\/\/zkeshop.sk\/produkt\/ksheerabala-thailam-olej-na-nervy-a-svaly-200ml\/"]}]},{"@type":"ImageObject","inLanguage":"cs","@id":"https:\/\/zkeshop.sk\/produkt\/ksheerabala-thailam-olej-na-nervy-a-svaly-200ml\/#primaryimage","url":"https:\/\/zkeshop.sk\/wp-content\/uploads\/2024\/06\/ayurmind-olej-na-nervy-a-svaly.jpg","contentUrl":"https:\/\/zkeshop.sk\/wp-content\/uploads\/2024\/06\/ayurmind-olej-na-nervy-a-svaly.jpg","width":1024,"height":768,"caption":"Ksheerbala Thailam \u2013 ajurv\u00e9dsky olej na regener\u00e1ciu nervov, svalov a k\u013abov. Pom\u00e1ha pri z\u00e1paloch, podporuje krvn\u00fd obeh a uvo\u013e\u0148uje nap\u00e4tie. Objavte jeho silu."},{"@type":"BreadcrumbList","@id":"https:\/\/zkeshop.sk\/produkt\/ksheerabala-thailam-olej-na-nervy-a-svaly-200ml\/#breadcrumb","itemListElement":[{"@type":"ListItem","position":1,"name":"Dom\u016f","item":"https:\/\/zkeshop.sk\/"},{"@type":"ListItem","position":2,"name":"Obchod","item":"https:\/\/zkeshop.sk\/obchod\/"},{"@type":"ListItem","position":3,"name":"Ksheerabala thailam &#8211; Olej na nervy a svaly 200ml"}]},{"@type":"WebSite","@id":"https:\/\/zkeshop.sk\/#website","url":"https:\/\/zkeshop.sk\/","name":"ZK company","description":"Kvalitn\u00e1 kozmetika pre ka\u017edodenn\u00e9 pou\u017eitie","potentialAction":[{"@type":"SearchAction","target":{"@type":"EntryPoint","urlTemplate":"https:\/\/zkeshop.sk\/?s={search_term_string}"},"query-input":{"@type":"PropertyValueSpecification","valueRequired":true,"valueName":"search_term_string"}}],"inLanguage":"cs"}]},"product_price_amount":"11.60","product_price_currency":"EUR","og_availability":"instock","product_availability":"instock","product_condition":"new"},"_links":{"self":[{"href":"https:\/\/zkeshop.sk\/cs\/wp-json\/wp\/v2\/product\/14942","targetHints":{"allow":["GET"]}}],"collection":[{"href":"https:\/\/zkeshop.sk\/cs\/wp-json\/wp\/v2\/product"}],"about":[{"href":"https:\/\/zkeshop.sk\/cs\/wp-json\/wp\/v2\/types\/product"}],"replies":[{"embeddable":true,"href":"https:\/\/zkeshop.sk\/cs\/wp-json\/wp\/v2\/comments?post=14942"}],"version-history":[{"count":0,"href":"https:\/\/zkeshop.sk\/cs\/wp-json\/wp\/v2\/product\/14942\/revisions"}],"wp:featuredmedia":[{"embeddable":true,"href":"https:\/\/zkeshop.sk\/cs\/wp-json\/wp\/v2\/media\/12957"}],"wp:attachment":[{"href":"https:\/\/zkeshop.sk\/cs\/wp-json\/wp\/v2\/media?parent=14942"}],"wp:term":[{"taxonomy":"product_brand","embeddable":true,"href":"https:\/\/zkeshop.sk\/cs\/wp-json\/wp\/v2\/product_brand?post=14942"},{"taxonomy":"product_cat","embeddable":true,"href":"https:\/\/zkeshop.sk\/cs\/wp-json\/wp\/v2\/product_cat?post=14942"},{"taxonomy":"product_tag","embeddable":true,"href":"https:\/\/zkeshop.sk\/cs\/wp-json\/wp\/v2\/product_tag?post=14942"}],"curies":[{"name":"wp","href":"https:\/\/api.w.org\/{rel}","templated":true}]}}