{"id":14945,"date":"2024-06-28T18:05:20","date_gmt":"2024-06-28T16:05:20","guid":{"rendered":"https:\/\/zkeshop.sk\/produkt\/karpooraadi-thailam-olej-proti-bolesti-200ml\/"},"modified":"2025-02-17T15:04:09","modified_gmt":"2025-02-17T14:04:09","slug":"karpooraadi-thailam-olej-proti-bolesti-200ml","status":"publish","type":"product","link":"https:\/\/zkeshop.sk\/cs\/produkt\/karpooraadi-thailam-olej-proti-bolesti-200ml\/","title":{"rendered":"Karpooraadi thailam &#8211; Olej proti bolesti 200ml"},"content":{"rendered":"<p>P<strong>odrobn\u00fd popis<\/strong> Karpooraadi thailam je olej proti bolesti, proti podr\u00e1\u017ed\u011bn\u00ed, pou\u017e\u00edv\u00e1 se p\u0159i l\u00e9\u010db\u011b revmatismu, \u00fa\u010dinn\u00fd p\u0159i bolestech sval\u016f a k\u0159e\u010d\u00edch. Tento olej m\u016f\u017eete aplikovat na hrudn\u00edk, proto\u017ee pom\u00e1h\u00e1 zm\u00edrnit p\u0159ekrven\u00ed a zm\u00edr\u0148uje d\u00fdchac\u00ed pot\u00ed\u017ee. Aromatick\u00fd olej pom\u00e1h\u00e1 sni\u017eovat svalovou ztuhlost a bolesti v\u00edce kloub\u016f.  <\/p>\n<p>D<strong>oporu\u010den\u00e9 pou\u017eit\u00ed<\/strong> Karpooraadi thailam se nesm\u00ed konzumovat.<\/p>\n<p>Mas\u00edrujte olej denn\u011b nebo t\u00fddn\u011b nebo podle pokyn\u016f sv\u00e9ho l\u00e9ka\u0159e. Pokud jste t\u011bhotn\u00e1, koj\u00edte, u\u017e\u00edv\u00e1te l\u00e9ky nebo m\u00e1te zdravotn\u00ed pot\u00ed\u017ee, pora\u010fte se p\u0159ed pou\u017eit\u00edm tohoto v\u00fdrobku se sv\u00fdm l\u00e9ka\u0159em. Nepou\u017e\u00edvejte tento v\u00fdrobek, pokud je po\u0161kozen\u00e1 pe\u010de\u0165. Skladujte jej na chladn\u00e9m a such\u00e9m m\u00edst\u011b. Uchov\u00e1vejte jej mimo dosah d\u011bt\u00ed.   <\/p>\n<p>S<strong>lo\u017een\u00ed<\/strong> Karpooraadi olej, ka\u017ed\u00fd 10ml je p\u0159ipraven z extrakt\u016f: Trachyspermum roxburghianum 2,5g, Cinnamomum camphora nees &amp; eberm sublimate 1,5g, ml\u00e9ko 10ml, sezamov\u00fd olej 10ml.<\/p>\n","protected":false},"excerpt":{"rendered":"<p>Karpooraadi thailam je olej proti bolesti a podr\u00e1\u017ed\u011bn\u00ed, pou\u017e\u00edv\u00e1 se p\u0159i l\u00e9\u010db\u011b revmatismu, \u00fa\u010dinn\u00fd p\u0159i bolestech sval\u016f a k\u0159e\u010d\u00edch.<\/p>\n","protected":false},"featured_media":12945,"comment_status":"open","ping_status":"closed","template":"","meta":[],"product_brand":[],"product_cat":[111],"product_tag":[],"class_list":{"0":"post-14945","1":"product","2":"type-product","3":"status-publish","4":"has-post-thumbnail","6":"product_cat-ajurveda-cs","8":"first","9":"instock","10":"taxable","11":"shipping-taxable","12":"purchasable","13":"product-type-simple"},"yoast_head":"<!-- This site is optimized with the Yoast SEO Premium plugin v27.3 (Yoast SEO v27.3) - https:\/\/yoast.com\/product\/yoast-seo-premium-wordpress\/ -->\n<title>Karpooraadi thailam - Olej proti bolesti 200ml - ZK company<\/title>\n<meta name=\"robots\" content=\"index, follow, max-snippet:-1, max-image-preview:large, max-video-preview:-1\" \/>\n<link rel=\"canonical\" href=\"https:\/\/zkeshop.sk\/produkt\/karpooraadi-thailam-olej-na-bolest-200ml\/\" \/>\n<meta property=\"og:locale\" content=\"cs_CZ\" \/>\n<meta property=\"og:type\" content=\"article\" \/>\n<meta property=\"og:title\" content=\"Karpooraadi thailam - Olej proti bolesti 200ml\" \/>\n<meta property=\"og:description\" content=\"Karpooraadi thailam je olej proti bolesti a podr\u00e1\u017ed\u011bn\u00ed, pou\u017e\u00edv\u00e1 se p\u0159i l\u00e9\u010db\u011b revmatismu, \u00fa\u010dinn\u00fd p\u0159i bolestech sval\u016f a k\u0159e\u010d\u00edch.\" \/>\n<meta property=\"og:url\" content=\"https:\/\/zkeshop.sk\/produkt\/karpooraadi-thailam-olej-na-bolest-200ml\/\" \/>\n<meta property=\"og:site_name\" content=\"ZK company\" \/>\n<meta property=\"article:modified_time\" content=\"2025-02-17T14:04:09+00:00\" \/>\n<meta property=\"og:image\" content=\"https:\/\/zkeshop.sk\/wp-content\/uploads\/2024\/06\/ayurmind-olej-na-bolest.jpg\" \/>\n\t<meta property=\"og:image:width\" content=\"1024\" \/>\n\t<meta property=\"og:image:height\" content=\"768\" \/>\n\t<meta property=\"og:image:type\" content=\"image\/jpeg\" \/>\n<meta name=\"twitter:card\" content=\"summary_large_image\" \/>\n<meta name=\"twitter:label1\" content=\"Cena\" \/>\n\t<meta name=\"twitter:data1\" content=\"11,60&nbsp;&euro;\" \/>\n\t<meta name=\"twitter:label2\" content=\"Dostupnost\" \/>\n\t<meta name=\"twitter:data2\" content=\"Skladem\" \/>\n<script type=\"application\/ld+json\" class=\"yoast-schema-graph\">{\"@context\":\"https:\\\/\\\/schema.org\",\"@graph\":[{\"@type\":\"WebPage\",\"@id\":\"https:\\\/\\\/zkeshop.sk\\\/produkt\\\/karpooraadi-thailam-olej-na-bolest-200ml\\\/\",\"url\":\"https:\\\/\\\/zkeshop.sk\\\/produkt\\\/karpooraadi-thailam-olej-na-bolest-200ml\\\/\",\"name\":\"Karpooraadi thailam - Olej proti bolesti 200ml - ZK company\",\"isPartOf\":{\"@id\":\"https:\\\/\\\/zkeshop.sk\\\/#website\"},\"primaryImageOfPage\":{\"@id\":\"https:\\\/\\\/zkeshop.sk\\\/produkt\\\/karpooraadi-thailam-olej-na-bolest-200ml\\\/#primaryimage\"},\"image\":{\"@id\":\"https:\\\/\\\/zkeshop.sk\\\/produkt\\\/karpooraadi-thailam-olej-na-bolest-200ml\\\/#primaryimage\"},\"thumbnailUrl\":\"https:\\\/\\\/zkeshop.sk\\\/wp-content\\\/uploads\\\/2024\\\/06\\\/ayurmind-olej-na-bolest.jpg\",\"datePublished\":\"2024-06-28T16:05:20+00:00\",\"dateModified\":\"2025-02-17T14:04:09+00:00\",\"breadcrumb\":{\"@id\":\"https:\\\/\\\/zkeshop.sk\\\/produkt\\\/karpooraadi-thailam-olej-na-bolest-200ml\\\/#breadcrumb\"},\"inLanguage\":\"cs\",\"potentialAction\":[{\"@type\":\"ReadAction\",\"target\":[\"https:\\\/\\\/zkeshop.sk\\\/produkt\\\/karpooraadi-thailam-olej-na-bolest-200ml\\\/\"]}]},{\"@type\":\"ImageObject\",\"inLanguage\":\"cs\",\"@id\":\"https:\\\/\\\/zkeshop.sk\\\/produkt\\\/karpooraadi-thailam-olej-na-bolest-200ml\\\/#primaryimage\",\"url\":\"https:\\\/\\\/zkeshop.sk\\\/wp-content\\\/uploads\\\/2024\\\/06\\\/ayurmind-olej-na-bolest.jpg\",\"contentUrl\":\"https:\\\/\\\/zkeshop.sk\\\/wp-content\\\/uploads\\\/2024\\\/06\\\/ayurmind-olej-na-bolest.jpg\",\"width\":1024,\"height\":768,\"caption\":\"Karpooraadi Thailam \u2013 ajurv\u00e9dsky olej na zmiernenie bolesti svalov, k\u013abov a stuhnutosti. Pom\u00e1ha pri d\u00fdchan\u00ed a uvo\u013e\u0148uje nap\u00e4tie. Ide\u00e1lny na mas\u00e1\u017ee.\"},{\"@type\":\"BreadcrumbList\",\"@id\":\"https:\\\/\\\/zkeshop.sk\\\/produkt\\\/karpooraadi-thailam-olej-na-bolest-200ml\\\/#breadcrumb\",\"itemListElement\":[{\"@type\":\"ListItem\",\"position\":1,\"name\":\"Dom\u016f\",\"item\":\"https:\\\/\\\/zkeshop.sk\\\/\"},{\"@type\":\"ListItem\",\"position\":2,\"name\":\"Obchod\",\"item\":\"https:\\\/\\\/zkeshop.sk\\\/obchod\\\/\"},{\"@type\":\"ListItem\",\"position\":3,\"name\":\"Karpooraadi thailam &#8211; Olej proti bolesti 200ml\"}]},{\"@type\":\"WebSite\",\"@id\":\"https:\\\/\\\/zkeshop.sk\\\/#website\",\"url\":\"https:\\\/\\\/zkeshop.sk\\\/\",\"name\":\"ZK company\",\"description\":\"Kvalitn\u00e1 kozmetika pre ka\u017edodenn\u00e9 pou\u017eitie\",\"potentialAction\":[{\"@type\":\"SearchAction\",\"target\":{\"@type\":\"EntryPoint\",\"urlTemplate\":\"https:\\\/\\\/zkeshop.sk\\\/?s={search_term_string}\"},\"query-input\":{\"@type\":\"PropertyValueSpecification\",\"valueRequired\":true,\"valueName\":\"search_term_string\"}}],\"inLanguage\":\"cs\"}]}<\/script>\n<meta property=\"product:price:amount\" content=\"11.60\" \/>\n<meta property=\"product:price:currency\" content=\"EUR\" \/>\n<meta property=\"og:availability\" content=\"instock\" \/>\n<meta property=\"product:availability\" content=\"instock\" \/>\n<meta property=\"product:condition\" content=\"new\" \/>\n<!-- \/ Yoast SEO Premium plugin. -->","yoast_head_json":{"title":"Karpooraadi thailam - Olej proti bolesti 200ml - ZK company","robots":{"index":"index","follow":"follow","max-snippet":"max-snippet:-1","max-image-preview":"max-image-preview:large","max-video-preview":"max-video-preview:-1"},"canonical":"https:\/\/zkeshop.sk\/produkt\/karpooraadi-thailam-olej-na-bolest-200ml\/","og_locale":"cs_CZ","og_type":"article","og_title":"Karpooraadi thailam - Olej proti bolesti 200ml","og_description":"Karpooraadi thailam je olej proti bolesti a podr\u00e1\u017ed\u011bn\u00ed, pou\u017e\u00edv\u00e1 se p\u0159i l\u00e9\u010db\u011b revmatismu, \u00fa\u010dinn\u00fd p\u0159i bolestech sval\u016f a k\u0159e\u010d\u00edch.","og_url":"https:\/\/zkeshop.sk\/produkt\/karpooraadi-thailam-olej-na-bolest-200ml\/","og_site_name":"ZK company","article_modified_time":"2025-02-17T14:04:09+00:00","og_image":[{"width":1024,"height":768,"url":"https:\/\/zkeshop.sk\/wp-content\/uploads\/2024\/06\/ayurmind-olej-na-bolest.jpg","type":"image\/jpeg"}],"twitter_card":"summary_large_image","twitter_misc":{"Cena":"11,60&nbsp;&euro;","Dostupnost":"Skladem"},"schema":{"@context":"https:\/\/schema.org","@graph":[{"@type":"WebPage","@id":"https:\/\/zkeshop.sk\/produkt\/karpooraadi-thailam-olej-na-bolest-200ml\/","url":"https:\/\/zkeshop.sk\/produkt\/karpooraadi-thailam-olej-na-bolest-200ml\/","name":"Karpooraadi thailam - Olej proti bolesti 200ml - ZK company","isPartOf":{"@id":"https:\/\/zkeshop.sk\/#website"},"primaryImageOfPage":{"@id":"https:\/\/zkeshop.sk\/produkt\/karpooraadi-thailam-olej-na-bolest-200ml\/#primaryimage"},"image":{"@id":"https:\/\/zkeshop.sk\/produkt\/karpooraadi-thailam-olej-na-bolest-200ml\/#primaryimage"},"thumbnailUrl":"https:\/\/zkeshop.sk\/wp-content\/uploads\/2024\/06\/ayurmind-olej-na-bolest.jpg","datePublished":"2024-06-28T16:05:20+00:00","dateModified":"2025-02-17T14:04:09+00:00","breadcrumb":{"@id":"https:\/\/zkeshop.sk\/produkt\/karpooraadi-thailam-olej-na-bolest-200ml\/#breadcrumb"},"inLanguage":"cs","potentialAction":[{"@type":"ReadAction","target":["https:\/\/zkeshop.sk\/produkt\/karpooraadi-thailam-olej-na-bolest-200ml\/"]}]},{"@type":"ImageObject","inLanguage":"cs","@id":"https:\/\/zkeshop.sk\/produkt\/karpooraadi-thailam-olej-na-bolest-200ml\/#primaryimage","url":"https:\/\/zkeshop.sk\/wp-content\/uploads\/2024\/06\/ayurmind-olej-na-bolest.jpg","contentUrl":"https:\/\/zkeshop.sk\/wp-content\/uploads\/2024\/06\/ayurmind-olej-na-bolest.jpg","width":1024,"height":768,"caption":"Karpooraadi Thailam \u2013 ajurv\u00e9dsky olej na zmiernenie bolesti svalov, k\u013abov a stuhnutosti. Pom\u00e1ha pri d\u00fdchan\u00ed a uvo\u013e\u0148uje nap\u00e4tie. Ide\u00e1lny na mas\u00e1\u017ee."},{"@type":"BreadcrumbList","@id":"https:\/\/zkeshop.sk\/produkt\/karpooraadi-thailam-olej-na-bolest-200ml\/#breadcrumb","itemListElement":[{"@type":"ListItem","position":1,"name":"Dom\u016f","item":"https:\/\/zkeshop.sk\/"},{"@type":"ListItem","position":2,"name":"Obchod","item":"https:\/\/zkeshop.sk\/obchod\/"},{"@type":"ListItem","position":3,"name":"Karpooraadi thailam &#8211; Olej proti bolesti 200ml"}]},{"@type":"WebSite","@id":"https:\/\/zkeshop.sk\/#website","url":"https:\/\/zkeshop.sk\/","name":"ZK company","description":"Kvalitn\u00e1 kozmetika pre ka\u017edodenn\u00e9 pou\u017eitie","potentialAction":[{"@type":"SearchAction","target":{"@type":"EntryPoint","urlTemplate":"https:\/\/zkeshop.sk\/?s={search_term_string}"},"query-input":{"@type":"PropertyValueSpecification","valueRequired":true,"valueName":"search_term_string"}}],"inLanguage":"cs"}]},"product_price_amount":"11.60","product_price_currency":"EUR","og_availability":"instock","product_availability":"instock","product_condition":"new"},"_links":{"self":[{"href":"https:\/\/zkeshop.sk\/cs\/wp-json\/wp\/v2\/product\/14945","targetHints":{"allow":["GET"]}}],"collection":[{"href":"https:\/\/zkeshop.sk\/cs\/wp-json\/wp\/v2\/product"}],"about":[{"href":"https:\/\/zkeshop.sk\/cs\/wp-json\/wp\/v2\/types\/product"}],"replies":[{"embeddable":true,"href":"https:\/\/zkeshop.sk\/cs\/wp-json\/wp\/v2\/comments?post=14945"}],"version-history":[{"count":0,"href":"https:\/\/zkeshop.sk\/cs\/wp-json\/wp\/v2\/product\/14945\/revisions"}],"wp:featuredmedia":[{"embeddable":true,"href":"https:\/\/zkeshop.sk\/cs\/wp-json\/wp\/v2\/media\/12945"}],"wp:attachment":[{"href":"https:\/\/zkeshop.sk\/cs\/wp-json\/wp\/v2\/media?parent=14945"}],"wp:term":[{"taxonomy":"product_brand","embeddable":true,"href":"https:\/\/zkeshop.sk\/cs\/wp-json\/wp\/v2\/product_brand?post=14945"},{"taxonomy":"product_cat","embeddable":true,"href":"https:\/\/zkeshop.sk\/cs\/wp-json\/wp\/v2\/product_cat?post=14945"},{"taxonomy":"product_tag","embeddable":true,"href":"https:\/\/zkeshop.sk\/cs\/wp-json\/wp\/v2\/product_tag?post=14945"}],"curies":[{"name":"wp","href":"https:\/\/api.w.org\/{rel}","templated":true}]}}