{"id":14946,"date":"2024-06-28T18:05:30","date_gmt":"2024-06-28T16:05:30","guid":{"rendered":"https:\/\/zkeshop.sk\/produkt\/dhanwantharam-thailam-regeneracni-olej-200ml\/"},"modified":"2025-02-17T15:04:09","modified_gmt":"2025-02-17T14:04:09","slug":"dhanwantharam-thailam-regeneracni-olej-200ml","status":"publish","type":"product","link":"https:\/\/zkeshop.sk\/cs\/produkt\/dhanwantharam-thailam-regeneracni-olej-200ml\/","title":{"rendered":"Dhanwantharam thailam &#8211; Regenera\u010dn\u00ed olej 200ml"},"content":{"rendered":"<p>P<strong>odrobn\u00fd popis:<\/strong> Dhanwantharam thailam podporuje zdrav\u00e9 klouby, zlep\u0161uje pohyblivost a zm\u00edr\u0148uje ztuhlost krku a k\u0159\u00ed\u017eov\u00e9 kosti. Podporuje p\u0159irozenou pru\u017enost, tvorbu p\u0159irozen\u00fdch imunitn\u00edch reakc\u00ed proti ob\u010dasn\u00fdm z\u00e1n\u011bt\u016fm a v neposledn\u00ed \u0159ad\u011b zdrav\u00fd nervov\u00fd syst\u00e9m. Pom\u00e1h\u00e1 uvolnit ramena a podporuje s\u00edlu tonizac\u00ed sval\u016f. Udr\u017euje pravideln\u00fd sp\u00e1nkov\u00fd cyklus, kter\u00fd podporuje na\u0161e optim\u00e1ln\u00ed zdrav\u00ed a pohodu.   <\/p>\n<p>P<strong>\u0159\u00ednosy a vlastnosti<\/strong> Dhanwantharam thailam podporuje zdrav\u00e9 klouby, proto\u017ee podporuje p\u0159irozen\u00e9 maz\u00e1n\u00ed mezi klouby pro snadnou pohyblivost M\u00e1 zah\u0159\u00edvac\u00ed charakter, uvol\u0148uje v\u00e1tu uv\u00edzlou v oblasti krku a k\u0159\u00ed\u017eov\u00e9 kosti Podporuje p\u0159irozenou pru\u017enost t\u00edm, \u017ee,<\/p>\n<p>podporuje zdrav\u00e9 svaly a vazy a revitalizuje klouby podporuje zdrav\u00fd nervov\u00fd syst\u00e9m t\u00edm, \u017ee podporuje tvorbu p\u0159irozen\u00fdch imunitn\u00edch reakc\u00ed proti p\u0159\u00edle\u017eitostn\u00fdm z\u00e1n\u011bt\u016fm pom\u00e1h\u00e1 uvolnit ramena a podporuje s\u00edlu tonizac\u00ed sval\u016f udr\u017euje pravideln\u00fd sp\u00e1nkov\u00fd cyklus, kter\u00fd podporuje na\u0161e optim\u00e1ln\u00ed zdrav\u00ed a pohodu<\/p>\n<p>D<strong>oporu\u010den\u00e9 pou\u017eit\u00ed<\/strong> Dhanwantharam thailam se nesm\u00ed konzumovat.<\/p>\n<p>Olej vmas\u00edrujte denn\u011b nebo t\u00fddn\u011b nebo podle pokyn\u016f l\u00e9ka\u0159e. Pokud jste t\u011bhotn\u00e1, koj\u00edte, u\u017e\u00edv\u00e1te l\u00e9ky nebo m\u00e1te zdravotn\u00ed pot\u00ed\u017ee, pora\u010fte se p\u0159ed pou\u017eit\u00edm tohoto v\u00fdrobku se sv\u00fdm l\u00e9ka\u0159em. Nepou\u017e\u00edvejte v\u00fdrobek, pokud je po\u0161kozen\u00e1 pe\u010de\u0165. Skladujte jej na chladn\u00e9m a such\u00e9m m\u00edst\u011b. Uchov\u00e1vejte jej mimo dosah d\u011bt\u00ed.   <\/p>\n<p><strong>Slo\u017een\u00ed<\/strong><br \/>\nDhanwantharam thailam, ka\u017ed\u00fd 10 ml se p\u0159ipravuje z v\u00fdta\u017ek\u016f: aegle marmelous 0,195 g, desmodium gangeticum 0,195 g, dolichos bifolorus 0,195 g, \u00b4gmelina arborea 0,195 g, hordeum vulgare 0,195 g, oroxylum indicum 0,195 g, premna corymbosa 0,195 g, pseudarthria viscida 0,195 g, sida rhombifolia 15 g, solanum anguvi 0,195 g, solanum xanthocarpum 0,195 g, stereospermum suaveloens 0,195 g, tribulus terrestris 0,195 g, ziziphus mauritiana 0,195 g, acorus calamus 0,026 g, anethum sowa 0,026 g, asparagus recemosus 0,052 g, asparagus recemosus 0,052 g,026 g, boerhavia diffusa 0,026 g, cedrus deodara 0,026 g, cinnamomum tamala 0,026 g, cinnamomum zeylanica 0,026 g, commiphora myrrha 0,026 g, elettaria caramomum 0,026 g, emblica officinalis 0,026 g, glycrrhiza glabra 0,026 g, hemidesmus indicus 0,026 g, phascolus sublobatus 0,026 g, pureria tuberosa 0,052 g, s\u016fl kamenn\u00e1 0,026 g, rubia cordifolia 0,026 g, terminalia bellerica 0,026 g, terminalia chebula 0,026 g, vetiveria zizanioides 0,026 g, vigna pilosa 0,026 g, withania somnifera 0,052.<\/p>\n","protected":false},"excerpt":{"rendered":"<p>Regenera\u010dn\u00ed a omlazuj\u00edc\u00ed \u00e1jurv\u00e9dsk\u00fd bylinn\u00fd olej na podporu zdrav\u00fdch kloub\u016f a uvoln\u011bn\u00e9 mysli.<\/p>\n","protected":false},"featured_media":12969,"comment_status":"open","ping_status":"closed","template":"","meta":[],"product_brand":[],"product_cat":[111],"product_tag":[],"class_list":{"0":"post-14946","1":"product","2":"type-product","3":"status-publish","4":"has-post-thumbnail","6":"product_cat-ajurveda-cs","8":"first","9":"instock","10":"taxable","11":"shipping-taxable","12":"purchasable","13":"product-type-simple"},"yoast_head":"<!-- This site is optimized with the Yoast SEO Premium plugin v27.3 (Yoast SEO v27.3) - https:\/\/yoast.com\/product\/yoast-seo-premium-wordpress\/ -->\n<title>Dhanwantharam thailam - Regenera\u010dn\u00ed olej 200ml - ZK company<\/title>\n<meta name=\"robots\" content=\"index, follow, max-snippet:-1, max-image-preview:large, max-video-preview:-1\" \/>\n<link rel=\"canonical\" href=\"https:\/\/zkeshop.sk\/produkt\/dhanwantharam-thailam-regeneracny-olej-200ml\/\" \/>\n<meta property=\"og:locale\" content=\"cs_CZ\" \/>\n<meta property=\"og:type\" content=\"article\" \/>\n<meta property=\"og:title\" content=\"Dhanwantharam thailam - Regenera\u010dn\u00ed olej 200ml\" \/>\n<meta property=\"og:description\" content=\"Regenera\u010dn\u00ed a omlazuj\u00edc\u00ed \u00e1jurv\u00e9dsk\u00fd bylinn\u00fd olej na podporu zdrav\u00fdch kloub\u016f a uvoln\u011bn\u00e9 mysli.\" \/>\n<meta property=\"og:url\" content=\"https:\/\/zkeshop.sk\/produkt\/dhanwantharam-thailam-regeneracny-olej-200ml\/\" \/>\n<meta property=\"og:site_name\" content=\"ZK company\" \/>\n<meta property=\"article:modified_time\" content=\"2025-02-17T14:04:09+00:00\" \/>\n<meta property=\"og:image\" content=\"https:\/\/zkeshop.sk\/wp-content\/uploads\/2024\/06\/ayurmind-regeneracny-olej.jpg\" \/>\n\t<meta property=\"og:image:width\" content=\"1024\" \/>\n\t<meta property=\"og:image:height\" content=\"768\" \/>\n\t<meta property=\"og:image:type\" content=\"image\/jpeg\" \/>\n<meta name=\"twitter:card\" content=\"summary_large_image\" \/>\n<meta name=\"twitter:label1\" content=\"Cena\" \/>\n\t<meta name=\"twitter:data1\" content=\"11,60&nbsp;&euro;\" \/>\n\t<meta name=\"twitter:label2\" content=\"Dostupnost\" \/>\n\t<meta name=\"twitter:data2\" content=\"Skladem\" \/>\n<script type=\"application\/ld+json\" class=\"yoast-schema-graph\">{\"@context\":\"https:\\\/\\\/schema.org\",\"@graph\":[{\"@type\":\"WebPage\",\"@id\":\"https:\\\/\\\/zkeshop.sk\\\/produkt\\\/dhanwantharam-thailam-regeneracny-olej-200ml\\\/\",\"url\":\"https:\\\/\\\/zkeshop.sk\\\/produkt\\\/dhanwantharam-thailam-regeneracny-olej-200ml\\\/\",\"name\":\"Dhanwantharam thailam - Regenera\u010dn\u00ed olej 200ml - ZK company\",\"isPartOf\":{\"@id\":\"https:\\\/\\\/zkeshop.sk\\\/#website\"},\"primaryImageOfPage\":{\"@id\":\"https:\\\/\\\/zkeshop.sk\\\/produkt\\\/dhanwantharam-thailam-regeneracny-olej-200ml\\\/#primaryimage\"},\"image\":{\"@id\":\"https:\\\/\\\/zkeshop.sk\\\/produkt\\\/dhanwantharam-thailam-regeneracny-olej-200ml\\\/#primaryimage\"},\"thumbnailUrl\":\"https:\\\/\\\/zkeshop.sk\\\/wp-content\\\/uploads\\\/2024\\\/06\\\/ayurmind-regeneracny-olej.jpg\",\"datePublished\":\"2024-06-28T16:05:30+00:00\",\"dateModified\":\"2025-02-17T14:04:09+00:00\",\"breadcrumb\":{\"@id\":\"https:\\\/\\\/zkeshop.sk\\\/produkt\\\/dhanwantharam-thailam-regeneracny-olej-200ml\\\/#breadcrumb\"},\"inLanguage\":\"cs\",\"potentialAction\":[{\"@type\":\"ReadAction\",\"target\":[\"https:\\\/\\\/zkeshop.sk\\\/produkt\\\/dhanwantharam-thailam-regeneracny-olej-200ml\\\/\"]}]},{\"@type\":\"ImageObject\",\"inLanguage\":\"cs\",\"@id\":\"https:\\\/\\\/zkeshop.sk\\\/produkt\\\/dhanwantharam-thailam-regeneracny-olej-200ml\\\/#primaryimage\",\"url\":\"https:\\\/\\\/zkeshop.sk\\\/wp-content\\\/uploads\\\/2024\\\/06\\\/ayurmind-regeneracny-olej.jpg\",\"contentUrl\":\"https:\\\/\\\/zkeshop.sk\\\/wp-content\\\/uploads\\\/2024\\\/06\\\/ayurmind-regeneracny-olej.jpg\",\"width\":1024,\"height\":768,\"caption\":\"Dhanwantharam Thailam, ajurv\u00e9dsky olej na podporu zdravia k\u013abov, nervov\u00e9ho syst\u00e9mu a svalov. Zni\u017euje nap\u00e4tie a podporuje regener\u00e1ciu tela.\"},{\"@type\":\"BreadcrumbList\",\"@id\":\"https:\\\/\\\/zkeshop.sk\\\/produkt\\\/dhanwantharam-thailam-regeneracny-olej-200ml\\\/#breadcrumb\",\"itemListElement\":[{\"@type\":\"ListItem\",\"position\":1,\"name\":\"Dom\u016f\",\"item\":\"https:\\\/\\\/zkeshop.sk\\\/\"},{\"@type\":\"ListItem\",\"position\":2,\"name\":\"Obchod\",\"item\":\"https:\\\/\\\/zkeshop.sk\\\/obchod\\\/\"},{\"@type\":\"ListItem\",\"position\":3,\"name\":\"Dhanwantharam thailam &#8211; Regenera\u010dn\u00ed olej 200ml\"}]},{\"@type\":\"WebSite\",\"@id\":\"https:\\\/\\\/zkeshop.sk\\\/#website\",\"url\":\"https:\\\/\\\/zkeshop.sk\\\/\",\"name\":\"ZK company\",\"description\":\"Kvalitn\u00e1 kozmetika pre ka\u017edodenn\u00e9 pou\u017eitie\",\"potentialAction\":[{\"@type\":\"SearchAction\",\"target\":{\"@type\":\"EntryPoint\",\"urlTemplate\":\"https:\\\/\\\/zkeshop.sk\\\/?s={search_term_string}\"},\"query-input\":{\"@type\":\"PropertyValueSpecification\",\"valueRequired\":true,\"valueName\":\"search_term_string\"}}],\"inLanguage\":\"cs\"}]}<\/script>\n<meta property=\"product:price:amount\" content=\"11.60\" \/>\n<meta property=\"product:price:currency\" content=\"EUR\" \/>\n<meta property=\"og:availability\" content=\"instock\" \/>\n<meta property=\"product:availability\" content=\"instock\" \/>\n<meta property=\"product:condition\" content=\"new\" \/>\n<!-- \/ Yoast SEO Premium plugin. -->","yoast_head_json":{"title":"Dhanwantharam thailam - Regenera\u010dn\u00ed olej 200ml - ZK company","robots":{"index":"index","follow":"follow","max-snippet":"max-snippet:-1","max-image-preview":"max-image-preview:large","max-video-preview":"max-video-preview:-1"},"canonical":"https:\/\/zkeshop.sk\/produkt\/dhanwantharam-thailam-regeneracny-olej-200ml\/","og_locale":"cs_CZ","og_type":"article","og_title":"Dhanwantharam thailam - Regenera\u010dn\u00ed olej 200ml","og_description":"Regenera\u010dn\u00ed a omlazuj\u00edc\u00ed \u00e1jurv\u00e9dsk\u00fd bylinn\u00fd olej na podporu zdrav\u00fdch kloub\u016f a uvoln\u011bn\u00e9 mysli.","og_url":"https:\/\/zkeshop.sk\/produkt\/dhanwantharam-thailam-regeneracny-olej-200ml\/","og_site_name":"ZK company","article_modified_time":"2025-02-17T14:04:09+00:00","og_image":[{"width":1024,"height":768,"url":"https:\/\/zkeshop.sk\/wp-content\/uploads\/2024\/06\/ayurmind-regeneracny-olej.jpg","type":"image\/jpeg"}],"twitter_card":"summary_large_image","twitter_misc":{"Cena":"11,60&nbsp;&euro;","Dostupnost":"Skladem"},"schema":{"@context":"https:\/\/schema.org","@graph":[{"@type":"WebPage","@id":"https:\/\/zkeshop.sk\/produkt\/dhanwantharam-thailam-regeneracny-olej-200ml\/","url":"https:\/\/zkeshop.sk\/produkt\/dhanwantharam-thailam-regeneracny-olej-200ml\/","name":"Dhanwantharam thailam - Regenera\u010dn\u00ed olej 200ml - ZK company","isPartOf":{"@id":"https:\/\/zkeshop.sk\/#website"},"primaryImageOfPage":{"@id":"https:\/\/zkeshop.sk\/produkt\/dhanwantharam-thailam-regeneracny-olej-200ml\/#primaryimage"},"image":{"@id":"https:\/\/zkeshop.sk\/produkt\/dhanwantharam-thailam-regeneracny-olej-200ml\/#primaryimage"},"thumbnailUrl":"https:\/\/zkeshop.sk\/wp-content\/uploads\/2024\/06\/ayurmind-regeneracny-olej.jpg","datePublished":"2024-06-28T16:05:30+00:00","dateModified":"2025-02-17T14:04:09+00:00","breadcrumb":{"@id":"https:\/\/zkeshop.sk\/produkt\/dhanwantharam-thailam-regeneracny-olej-200ml\/#breadcrumb"},"inLanguage":"cs","potentialAction":[{"@type":"ReadAction","target":["https:\/\/zkeshop.sk\/produkt\/dhanwantharam-thailam-regeneracny-olej-200ml\/"]}]},{"@type":"ImageObject","inLanguage":"cs","@id":"https:\/\/zkeshop.sk\/produkt\/dhanwantharam-thailam-regeneracny-olej-200ml\/#primaryimage","url":"https:\/\/zkeshop.sk\/wp-content\/uploads\/2024\/06\/ayurmind-regeneracny-olej.jpg","contentUrl":"https:\/\/zkeshop.sk\/wp-content\/uploads\/2024\/06\/ayurmind-regeneracny-olej.jpg","width":1024,"height":768,"caption":"Dhanwantharam Thailam, ajurv\u00e9dsky olej na podporu zdravia k\u013abov, nervov\u00e9ho syst\u00e9mu a svalov. Zni\u017euje nap\u00e4tie a podporuje regener\u00e1ciu tela."},{"@type":"BreadcrumbList","@id":"https:\/\/zkeshop.sk\/produkt\/dhanwantharam-thailam-regeneracny-olej-200ml\/#breadcrumb","itemListElement":[{"@type":"ListItem","position":1,"name":"Dom\u016f","item":"https:\/\/zkeshop.sk\/"},{"@type":"ListItem","position":2,"name":"Obchod","item":"https:\/\/zkeshop.sk\/obchod\/"},{"@type":"ListItem","position":3,"name":"Dhanwantharam thailam &#8211; Regenera\u010dn\u00ed olej 200ml"}]},{"@type":"WebSite","@id":"https:\/\/zkeshop.sk\/#website","url":"https:\/\/zkeshop.sk\/","name":"ZK company","description":"Kvalitn\u00e1 kozmetika pre ka\u017edodenn\u00e9 pou\u017eitie","potentialAction":[{"@type":"SearchAction","target":{"@type":"EntryPoint","urlTemplate":"https:\/\/zkeshop.sk\/?s={search_term_string}"},"query-input":{"@type":"PropertyValueSpecification","valueRequired":true,"valueName":"search_term_string"}}],"inLanguage":"cs"}]},"product_price_amount":"11.60","product_price_currency":"EUR","og_availability":"instock","product_availability":"instock","product_condition":"new"},"_links":{"self":[{"href":"https:\/\/zkeshop.sk\/cs\/wp-json\/wp\/v2\/product\/14946","targetHints":{"allow":["GET"]}}],"collection":[{"href":"https:\/\/zkeshop.sk\/cs\/wp-json\/wp\/v2\/product"}],"about":[{"href":"https:\/\/zkeshop.sk\/cs\/wp-json\/wp\/v2\/types\/product"}],"replies":[{"embeddable":true,"href":"https:\/\/zkeshop.sk\/cs\/wp-json\/wp\/v2\/comments?post=14946"}],"version-history":[{"count":0,"href":"https:\/\/zkeshop.sk\/cs\/wp-json\/wp\/v2\/product\/14946\/revisions"}],"wp:featuredmedia":[{"embeddable":true,"href":"https:\/\/zkeshop.sk\/cs\/wp-json\/wp\/v2\/media\/12969"}],"wp:attachment":[{"href":"https:\/\/zkeshop.sk\/cs\/wp-json\/wp\/v2\/media?parent=14946"}],"wp:term":[{"taxonomy":"product_brand","embeddable":true,"href":"https:\/\/zkeshop.sk\/cs\/wp-json\/wp\/v2\/product_brand?post=14946"},{"taxonomy":"product_cat","embeddable":true,"href":"https:\/\/zkeshop.sk\/cs\/wp-json\/wp\/v2\/product_cat?post=14946"},{"taxonomy":"product_tag","embeddable":true,"href":"https:\/\/zkeshop.sk\/cs\/wp-json\/wp\/v2\/product_tag?post=14946"}],"curies":[{"name":"wp","href":"https:\/\/api.w.org\/{rel}","templated":true}]}}