{"id":14953,"date":"2024-11-04T10:17:08","date_gmt":"2024-11-04T09:17:08","guid":{"rendered":"https:\/\/zkeshop.sk\/produkt\/hydrolyzovany-kolagenovy-napoj-kk-s-melounovou-prichuti\/"},"modified":"2025-03-17T11:31:36","modified_gmt":"2025-03-17T10:31:36","slug":"hydrolyzovany-kolagenovy-napoj-kk-s-melounovou-prichuti","status":"publish","type":"product","link":"https:\/\/zkeshop.sk\/cs\/produkt\/hydrolyzovany-kolagenovy-napoj-kk-s-melounovou-prichuti\/","title":{"rendered":"Hydrolyzovan\u00fd kolagenov\u00fd n\u00e1poj KK s melounovou p\u0159\u00edchut\u00ed"},"content":{"rendered":"<h2 data-start=\"0\" data-end=\"82\"><strong data-start=\"4\" data-end=\"80\">KK Kolagen s p\u0159\u00edchut\u00ed <\/strong>melounu <strong data-start=\"4\" data-end=\"80\">&#8211; Pr\u00e9miov\u00e1 p\u00e9\u010de o kr\u00e1su a zdrav\u00ed<\/strong><\/h2>\n<p data-start=\"84\" data-end=\"415\">P\u0159edstavujeme <strong data-start=\"102\" data-end=\"144\">KK Collagen s lahodnou p\u0159\u00edchut\u00ed melounu<\/strong>, kter\u00e1 uspokoj\u00ed i ty nejn\u00e1ro\u010dn\u011bj\u0161\u00ed! Tento dopln\u011bk stravy obsahuje <strong data-start=\"216\" data-end=\"257\">5000 mg bioaktivn\u00edho kolagenu Peptan\u00ae<\/strong>, kter\u00fd pom\u00e1h\u00e1 redukovat v\u00fdskyt <strong data-start=\"288\" data-end=\"311\">celulitidy a vr\u00e1sek<\/strong>. D\u00edky sv\u00e9mu jedine\u010dn\u00e9mu slo\u017een\u00ed podporuje <strong data-start=\"357\" data-end=\"412\">hydrataci poko\u017eky, zdrav\u00ed vlas\u016f, neht\u016f a kloub\u016f<\/strong>.  <\/p>\n<p data-start=\"417\" data-end=\"562\"><strong data-start=\"420\" data-end=\"485\">V\u00edce informac\u00ed o v\u00fdhod\u00e1ch kolagenu najdete v \u010dl\u00e1nku na na\u0161em blogu:<\/strong> <strong data-start=\"486\" data-end=\"560\"><a href=\"https:\/\/zkeshop.sk\/?p=15345&#038;preview=true\" target=\"_new\" rel=\"noopener\" data-start=\"488\" data-end=\"558\">Pro\u010d je kolagen d\u016fle\u017eit\u00fd?<\/a><\/strong><\/p>\n<h3 data-start=\"564\" data-end=\"978\"><strong data-start=\"567\" data-end=\"607\">Kl\u00ed\u010dov\u00e9 \u00fa\u010dinn\u00e9 l\u00e1tky a jejich p\u0159\u00ednosy<\/strong><\/h3>\n<ul>\n<li data-start=\"564\" data-end=\"978\"><strong data-start=\"613\" data-end=\"643\">Bioaktivn\u00ed kolagen Peptan\u00ae<\/strong> &#8211; podporuje pevnost a pru\u017enost poko\u017eky<\/li>\n<li data-start=\"564\" data-end=\"978\"><strong data-start=\"688\" data-end=\"712\">kyselina hyaluronov\u00e1<\/strong> &#8211; hydratuje a vyhlazuje poko\u017eku, p\u0159isp\u00edv\u00e1 ke zdrav\u00fdm kloub\u016fm<\/li>\n<li data-start=\"564\" data-end=\"978\"><strong data-start=\"775\" data-end=\"804\">Vitam\u00edny C, E a B komplex<\/strong> &#8211; podporuj\u00ed tvorbu kolagenu a chr\u00e1n\u00ed bu\u0148ky p\u0159ed oxidativn\u00edm stresem.<\/li>\n<li data-start=\"564\" data-end=\"978\"><strong data-start=\"877\" data-end=\"903\" data-is-only-node=\"\">Zinek, ho\u0159\u010d\u00edk a inulin<\/strong> &#8211; p\u0159isp\u00edvaj\u00ed ke zdrav\u00e9 poko\u017ece, neht\u016fm, vlas\u016fm a spr\u00e1vn\u00e9mu metabolismu.<\/li>\n<\/ul>\n<h3 data-start=\"980\" data-end=\"1282\"><strong data-start=\"982\" data-end=\"1013\">Pro\u010d si vybrat KK Collagen?<\/strong><\/h3>\n<ul>\n<li data-start=\"980\" data-end=\"1282\">Podporuje <strong data-start=\"1028\" data-end=\"1065\">pevnost poko\u017eky a redukci vr\u00e1sek<\/strong><\/li>\n<li data-start=\"980\" data-end=\"1282\">Pom\u00e1h\u00e1 p\u0159i <strong data-start=\"1081\" data-end=\"1117\">hydrataci poko\u017eky a obnov\u011b bun\u011bk<\/strong><\/li>\n<li data-start=\"980\" data-end=\"1282\">Posiluje <strong data-start=\"1132\" data-end=\"1156\">vlasy, nehty a klouby<\/strong><\/li>\n<li data-start=\"980\" data-end=\"1282\">P\u0159isp\u00edv\u00e1 ke <strong data-start=\"1173\" data-end=\"1216\">spr\u00e1vn\u00e9mu fungov\u00e1n\u00ed imunitn\u00edho syst\u00e9mu<\/strong><\/li>\n<li data-start=\"980\" data-end=\"1282\"><strong data-start=\"1221\" data-end=\"1246\">Snadn\u00e9 d\u00e1vkov\u00e1n\u00ed<\/strong> &#8211; praktick\u00e9 s\u00e1\u010dky pro ka\u017ed\u00fd den<\/li>\n<\/ul>\n<h3 data-start=\"1284\" data-end=\"1484\"><strong data-start=\"1287\" data-end=\"1313\">Jak u\u017e\u00edvat KK Collagen?<\/strong><\/h3>\n<p data-start=\"1284\" data-end=\"1484\">Jednodu\u0161e rozm\u00edchejte <strong data-start=\"1322\" data-end=\"1339\">1 s\u00e1\u010dek denn\u011b<\/strong> ve <strong data-start=\"1352\" data-end=\"1367\">200 ml vody<\/strong>, dob\u0159e rozm\u00edchejte a vypijte. Ka\u017ed\u00e1 d\u00e1vka je zabalena v samostatn\u00e9m s\u00e1\u010dku, tak\u017ee si ji m\u016f\u017eete vz\u00edt kamkoli s sebou. <\/p>\n<h4 data-start=\"1486\" data-end=\"1726\"><strong data-start=\"1488\" data-end=\"1503\">Ozn\u00e1men\u00ed<\/strong><\/h4>\n<p data-start=\"1486\" data-end=\"1726\">Nep\u0159ekra\u010dujte doporu\u010denou denn\u00ed d\u00e1vku. Dopln\u011bk stravy nenahrazuje pestrou stravu. Uchov\u00e1vejte mimo dosah d\u011bt\u00ed. Nevhodn\u00e9 pro d\u011bti do 3 let, t\u011bhotn\u00e9 a koj\u00edc\u00ed \u017eeny. Skladujte na such\u00e9m m\u00edst\u011b p\u0159i teplot\u011b <strong data-start=\"1711\" data-end=\"1723\">15-25 \u00b0C<\/strong>.    <\/p>\n<p data-start=\"1728\" data-end=\"1758\"><strong data-start=\"1731\" data-end=\"1756\">Vyrobeno na Slovensku<\/strong><\/p>\n","protected":false},"excerpt":{"rendered":"<p>M\u00e1te obavy ze st\u00e1rnut\u00ed pleti? Pro va\u0161e nehty, vlasy a poko\u017eku je nejlep\u0161\u00ed volbou pr\u00e9miov\u00fd kolagen KK. M\u00e1 velmi p\u0159\u00edzniv\u00e9 \u00fa\u010dinky na ple\u0165 &#8211; omlazuje a zpev\u0148uje poko\u017eku.  <\/p>\n","protected":false},"featured_media":13994,"comment_status":"open","ping_status":"closed","template":"","meta":[],"product_brand":[],"product_cat":[89,122],"product_tag":[],"class_list":{"0":"post-14953","1":"product","2":"type-product","3":"status-publish","4":"has-post-thumbnail","6":"product_cat-doplnky-stravy","7":"product_cat-doplnky-stravy-pro-dospele","9":"first","10":"outofstock","11":"sale","12":"taxable","13":"shipping-taxable","14":"purchasable","15":"product-type-simple"},"yoast_head":"<!-- This site is optimized with the Yoast SEO Premium plugin v27.3 (Yoast SEO v27.3) - https:\/\/yoast.com\/product\/yoast-seo-premium-wordpress\/ -->\n<title>Hydrolyzovan\u00fd kolagenov\u00fd n\u00e1poj KK s melounovou p\u0159\u00edchut\u00ed - ZK company<\/title>\n<meta name=\"description\" content=\"Kolagen s malinovou p\u0159\u00edchut\u00ed obsahuje 5000 mg bioaktivn\u00edho kolagenu Peptan\u00ae. Pom\u00e1h\u00e1 redukovat vr\u00e1sky, celulitidu a podporuje zdrav\u00ed poko\u017eky, vlas\u016f a kloub\u016f.\" \/>\n<meta name=\"robots\" content=\"index, follow, max-snippet:-1, max-image-preview:large, max-video-preview:-1\" \/>\n<link rel=\"canonical\" href=\"https:\/\/zkeshop.sk\/cs\/produkt\/hydrolyzovany-kolagenovy-napoj-kk-s-melounovou-prichuti\/\" \/>\n<meta property=\"og:locale\" content=\"cs_CZ\" \/>\n<meta property=\"og:type\" content=\"article\" \/>\n<meta property=\"og:title\" content=\"Hydrolyzovan\u00fd kolagenov\u00fd n\u00e1poj KK s melounovou p\u0159\u00edchut\u00ed\" \/>\n<meta property=\"og:description\" content=\"Kolagen s malinovou p\u0159\u00edchut\u00ed obsahuje 5000 mg bioaktivn\u00edho kolagenu Peptan\u00ae. Pom\u00e1h\u00e1 redukovat vr\u00e1sky, celulitidu a podporuje zdrav\u00ed poko\u017eky, vlas\u016f a kloub\u016f.\" \/>\n<meta property=\"og:url\" content=\"https:\/\/zkeshop.sk\/cs\/produkt\/hydrolyzovany-kolagenovy-napoj-kk-s-melounovou-prichuti\/\" \/>\n<meta property=\"og:site_name\" content=\"ZK company\" \/>\n<meta property=\"article:modified_time\" content=\"2025-03-17T10:31:36+00:00\" \/>\n<meta property=\"og:image\" content=\"https:\/\/zkeshop.sk\/wp-content\/uploads\/2024\/10\/MELON.jpg\" \/>\n\t<meta property=\"og:image:width\" content=\"1024\" \/>\n\t<meta property=\"og:image:height\" content=\"768\" \/>\n\t<meta property=\"og:image:type\" content=\"image\/jpeg\" \/>\n<meta name=\"twitter:card\" content=\"summary_large_image\" \/>\n<meta name=\"twitter:label1\" content=\"Cena\" \/>\n\t<meta name=\"twitter:data1\" content=\"36,40&nbsp;&euro;\" \/>\n\t<meta name=\"twitter:label2\" content=\"Dostupnost\" \/>\n\t<meta name=\"twitter:data2\" content=\"Vyprod\u00e1no\" \/>\n<script type=\"application\/ld+json\" class=\"yoast-schema-graph\">{\"@context\":\"https:\\\/\\\/schema.org\",\"@graph\":[{\"@type\":\"WebPage\",\"@id\":\"https:\\\/\\\/zkeshop.sk\\\/cs\\\/produkt\\\/hydrolyzovany-kolagenovy-napoj-kk-s-melounovou-prichuti\\\/\",\"url\":\"https:\\\/\\\/zkeshop.sk\\\/cs\\\/produkt\\\/hydrolyzovany-kolagenovy-napoj-kk-s-melounovou-prichuti\\\/\",\"name\":\"Hydrolyzovan\u00fd kolagenov\u00fd n\u00e1poj KK s melounovou p\u0159\u00edchut\u00ed - ZK company\",\"isPartOf\":{\"@id\":\"https:\\\/\\\/zkeshop.sk\\\/#website\"},\"primaryImageOfPage\":{\"@id\":\"https:\\\/\\\/zkeshop.sk\\\/cs\\\/produkt\\\/hydrolyzovany-kolagenovy-napoj-kk-s-melounovou-prichuti\\\/#primaryimage\"},\"image\":{\"@id\":\"https:\\\/\\\/zkeshop.sk\\\/cs\\\/produkt\\\/hydrolyzovany-kolagenovy-napoj-kk-s-melounovou-prichuti\\\/#primaryimage\"},\"thumbnailUrl\":\"https:\\\/\\\/zkeshop.sk\\\/wp-content\\\/uploads\\\/2024\\\/10\\\/MELON.jpg\",\"datePublished\":\"2024-11-04T09:17:08+00:00\",\"dateModified\":\"2025-03-17T10:31:36+00:00\",\"description\":\"Kolagen s malinovou p\u0159\u00edchut\u00ed obsahuje 5000 mg bioaktivn\u00edho kolagenu Peptan\u00ae. Pom\u00e1h\u00e1 redukovat vr\u00e1sky, celulitidu a podporuje zdrav\u00ed poko\u017eky, vlas\u016f a kloub\u016f.\",\"breadcrumb\":{\"@id\":\"https:\\\/\\\/zkeshop.sk\\\/cs\\\/produkt\\\/hydrolyzovany-kolagenovy-napoj-kk-s-melounovou-prichuti\\\/#breadcrumb\"},\"inLanguage\":\"cs\",\"potentialAction\":[{\"@type\":\"ReadAction\",\"target\":[\"https:\\\/\\\/zkeshop.sk\\\/cs\\\/produkt\\\/hydrolyzovany-kolagenovy-napoj-kk-s-melounovou-prichuti\\\/\"]}]},{\"@type\":\"ImageObject\",\"inLanguage\":\"cs\",\"@id\":\"https:\\\/\\\/zkeshop.sk\\\/cs\\\/produkt\\\/hydrolyzovany-kolagenovy-napoj-kk-s-melounovou-prichuti\\\/#primaryimage\",\"url\":\"https:\\\/\\\/zkeshop.sk\\\/wp-content\\\/uploads\\\/2024\\\/10\\\/MELON.jpg\",\"contentUrl\":\"https:\\\/\\\/zkeshop.sk\\\/wp-content\\\/uploads\\\/2024\\\/10\\\/MELON.jpg\",\"width\":1024,\"height\":768,\"caption\":\"Kolagen s kyselinou hyaluronovou pro va\u0161e vlasy, nehty a poko\u017eku\"},{\"@type\":\"BreadcrumbList\",\"@id\":\"https:\\\/\\\/zkeshop.sk\\\/cs\\\/produkt\\\/hydrolyzovany-kolagenovy-napoj-kk-s-melounovou-prichuti\\\/#breadcrumb\",\"itemListElement\":[{\"@type\":\"ListItem\",\"position\":1,\"name\":\"Dom\u016f\",\"item\":\"https:\\\/\\\/zkeshop.sk\\\/\"},{\"@type\":\"ListItem\",\"position\":2,\"name\":\"Obchod\",\"item\":\"https:\\\/\\\/zkeshop.sk\\\/obchod\\\/\"},{\"@type\":\"ListItem\",\"position\":3,\"name\":\"Hydrolyzovan\u00fd kolagenov\u00fd n\u00e1poj KK s melounovou p\u0159\u00edchut\u00ed\"}]},{\"@type\":\"WebSite\",\"@id\":\"https:\\\/\\\/zkeshop.sk\\\/#website\",\"url\":\"https:\\\/\\\/zkeshop.sk\\\/\",\"name\":\"ZK company\",\"description\":\"Kvalitn\u00e1 kozmetika pre ka\u017edodenn\u00e9 pou\u017eitie\",\"potentialAction\":[{\"@type\":\"SearchAction\",\"target\":{\"@type\":\"EntryPoint\",\"urlTemplate\":\"https:\\\/\\\/zkeshop.sk\\\/?s={search_term_string}\"},\"query-input\":{\"@type\":\"PropertyValueSpecification\",\"valueRequired\":true,\"valueName\":\"search_term_string\"}}],\"inLanguage\":\"cs\"}]}<\/script>\n<meta property=\"product:price:amount\" content=\"36.40\" \/>\n<meta property=\"product:price:currency\" content=\"EUR\" \/>\n<meta property=\"og:availability\" content=\"out of stock\" \/>\n<meta property=\"product:availability\" content=\"out of stock\" \/>\n<meta property=\"product:condition\" content=\"new\" \/>\n<!-- \/ Yoast SEO Premium plugin. -->","yoast_head_json":{"title":"Hydrolyzovan\u00fd kolagenov\u00fd n\u00e1poj KK s melounovou p\u0159\u00edchut\u00ed - ZK company","description":"Kolagen s malinovou p\u0159\u00edchut\u00ed obsahuje 5000 mg bioaktivn\u00edho kolagenu Peptan\u00ae. Pom\u00e1h\u00e1 redukovat vr\u00e1sky, celulitidu a podporuje zdrav\u00ed poko\u017eky, vlas\u016f a kloub\u016f.","robots":{"index":"index","follow":"follow","max-snippet":"max-snippet:-1","max-image-preview":"max-image-preview:large","max-video-preview":"max-video-preview:-1"},"canonical":"https:\/\/zkeshop.sk\/cs\/produkt\/hydrolyzovany-kolagenovy-napoj-kk-s-melounovou-prichuti\/","og_locale":"cs_CZ","og_type":"article","og_title":"Hydrolyzovan\u00fd kolagenov\u00fd n\u00e1poj KK s melounovou p\u0159\u00edchut\u00ed","og_description":"Kolagen s malinovou p\u0159\u00edchut\u00ed obsahuje 5000 mg bioaktivn\u00edho kolagenu Peptan\u00ae. Pom\u00e1h\u00e1 redukovat vr\u00e1sky, celulitidu a podporuje zdrav\u00ed poko\u017eky, vlas\u016f a kloub\u016f.","og_url":"https:\/\/zkeshop.sk\/cs\/produkt\/hydrolyzovany-kolagenovy-napoj-kk-s-melounovou-prichuti\/","og_site_name":"ZK company","article_modified_time":"2025-03-17T10:31:36+00:00","og_image":[{"width":1024,"height":768,"url":"https:\/\/zkeshop.sk\/wp-content\/uploads\/2024\/10\/MELON.jpg","type":"image\/jpeg"}],"twitter_card":"summary_large_image","twitter_misc":{"Cena":"36,40&nbsp;&euro;","Dostupnost":"Vyprod\u00e1no"},"schema":{"@context":"https:\/\/schema.org","@graph":[{"@type":"WebPage","@id":"https:\/\/zkeshop.sk\/cs\/produkt\/hydrolyzovany-kolagenovy-napoj-kk-s-melounovou-prichuti\/","url":"https:\/\/zkeshop.sk\/cs\/produkt\/hydrolyzovany-kolagenovy-napoj-kk-s-melounovou-prichuti\/","name":"Hydrolyzovan\u00fd kolagenov\u00fd n\u00e1poj KK s melounovou p\u0159\u00edchut\u00ed - ZK company","isPartOf":{"@id":"https:\/\/zkeshop.sk\/#website"},"primaryImageOfPage":{"@id":"https:\/\/zkeshop.sk\/cs\/produkt\/hydrolyzovany-kolagenovy-napoj-kk-s-melounovou-prichuti\/#primaryimage"},"image":{"@id":"https:\/\/zkeshop.sk\/cs\/produkt\/hydrolyzovany-kolagenovy-napoj-kk-s-melounovou-prichuti\/#primaryimage"},"thumbnailUrl":"https:\/\/zkeshop.sk\/wp-content\/uploads\/2024\/10\/MELON.jpg","datePublished":"2024-11-04T09:17:08+00:00","dateModified":"2025-03-17T10:31:36+00:00","description":"Kolagen s malinovou p\u0159\u00edchut\u00ed obsahuje 5000 mg bioaktivn\u00edho kolagenu Peptan\u00ae. Pom\u00e1h\u00e1 redukovat vr\u00e1sky, celulitidu a podporuje zdrav\u00ed poko\u017eky, vlas\u016f a kloub\u016f.","breadcrumb":{"@id":"https:\/\/zkeshop.sk\/cs\/produkt\/hydrolyzovany-kolagenovy-napoj-kk-s-melounovou-prichuti\/#breadcrumb"},"inLanguage":"cs","potentialAction":[{"@type":"ReadAction","target":["https:\/\/zkeshop.sk\/cs\/produkt\/hydrolyzovany-kolagenovy-napoj-kk-s-melounovou-prichuti\/"]}]},{"@type":"ImageObject","inLanguage":"cs","@id":"https:\/\/zkeshop.sk\/cs\/produkt\/hydrolyzovany-kolagenovy-napoj-kk-s-melounovou-prichuti\/#primaryimage","url":"https:\/\/zkeshop.sk\/wp-content\/uploads\/2024\/10\/MELON.jpg","contentUrl":"https:\/\/zkeshop.sk\/wp-content\/uploads\/2024\/10\/MELON.jpg","width":1024,"height":768,"caption":"Kolagen s kyselinou hyaluronovou pro va\u0161e vlasy, nehty a poko\u017eku"},{"@type":"BreadcrumbList","@id":"https:\/\/zkeshop.sk\/cs\/produkt\/hydrolyzovany-kolagenovy-napoj-kk-s-melounovou-prichuti\/#breadcrumb","itemListElement":[{"@type":"ListItem","position":1,"name":"Dom\u016f","item":"https:\/\/zkeshop.sk\/"},{"@type":"ListItem","position":2,"name":"Obchod","item":"https:\/\/zkeshop.sk\/obchod\/"},{"@type":"ListItem","position":3,"name":"Hydrolyzovan\u00fd kolagenov\u00fd n\u00e1poj KK s melounovou p\u0159\u00edchut\u00ed"}]},{"@type":"WebSite","@id":"https:\/\/zkeshop.sk\/#website","url":"https:\/\/zkeshop.sk\/","name":"ZK company","description":"Kvalitn\u00e1 kozmetika pre ka\u017edodenn\u00e9 pou\u017eitie","potentialAction":[{"@type":"SearchAction","target":{"@type":"EntryPoint","urlTemplate":"https:\/\/zkeshop.sk\/?s={search_term_string}"},"query-input":{"@type":"PropertyValueSpecification","valueRequired":true,"valueName":"search_term_string"}}],"inLanguage":"cs"}]},"product_price_amount":"36.40","product_price_currency":"EUR","og_availability":"out of stock","product_availability":"out of stock","product_condition":"new"},"_links":{"self":[{"href":"https:\/\/zkeshop.sk\/cs\/wp-json\/wp\/v2\/product\/14953","targetHints":{"allow":["GET"]}}],"collection":[{"href":"https:\/\/zkeshop.sk\/cs\/wp-json\/wp\/v2\/product"}],"about":[{"href":"https:\/\/zkeshop.sk\/cs\/wp-json\/wp\/v2\/types\/product"}],"replies":[{"embeddable":true,"href":"https:\/\/zkeshop.sk\/cs\/wp-json\/wp\/v2\/comments?post=14953"}],"version-history":[{"count":0,"href":"https:\/\/zkeshop.sk\/cs\/wp-json\/wp\/v2\/product\/14953\/revisions"}],"wp:featuredmedia":[{"embeddable":true,"href":"https:\/\/zkeshop.sk\/cs\/wp-json\/wp\/v2\/media\/13994"}],"wp:attachment":[{"href":"https:\/\/zkeshop.sk\/cs\/wp-json\/wp\/v2\/media?parent=14953"}],"wp:term":[{"taxonomy":"product_brand","embeddable":true,"href":"https:\/\/zkeshop.sk\/cs\/wp-json\/wp\/v2\/product_brand?post=14953"},{"taxonomy":"product_cat","embeddable":true,"href":"https:\/\/zkeshop.sk\/cs\/wp-json\/wp\/v2\/product_cat?post=14953"},{"taxonomy":"product_tag","embeddable":true,"href":"https:\/\/zkeshop.sk\/cs\/wp-json\/wp\/v2\/product_tag?post=14953"}],"curies":[{"name":"wp","href":"https:\/\/api.w.org\/{rel}","templated":true}]}}