{"id":14955,"date":"2024-11-04T10:13:36","date_gmt":"2024-11-04T09:13:36","guid":{"rendered":"https:\/\/zkeshop.sk\/produkt\/tloust-minnow\/"},"modified":"2025-08-19T12:06:34","modified_gmt":"2025-08-19T10:06:34","slug":"tukozrout","status":"publish","type":"product","link":"https:\/\/zkeshop.sk\/cs\/produkt\/tukozrout\/","title":{"rendered":"Tuko\u017erout"},"content":{"rendered":"<p>D<strong>opln\u011bk stravy na hubnut\u00ed<\/strong> Zbavte se p\u0159ebyte\u010dn\u00e9ho tuku co nejefektivn\u011bji s Fatty Acorn. Pro spokojenost v\u0161ech mu\u017e\u016f a \u017een jsme speci\u00e1ln\u011b navrhli dopln\u011bk stravy s n\u00e1zvem Fat Acorn. Nenechte si uj\u00edt tuto podporu hubnut\u00ed.<\/p>\n<p>P\u0159\u00edrodn\u00ed spalova\u010d tuk\u016f podporuje metabolismus a z\u00e1rove\u0148 zachov\u00e1v\u00e1 nezm\u011bn\u011bnou strukturu sval\u016f. Unik\u00e1tn\u00ed slo\u017een\u00ed zp\u016fsobuje termogenn\u00ed \u00fa\u010dinek, kter\u00fd urychluje hubnut\u00ed. D\u00edky kofeinu sni\u017euje pocit \u00fanavy a dod\u00e1v\u00e1 t\u011blu energii. Z\u00e1rove\u0148 navozuje pocit sytosti &#8211; sni\u017euje chu\u0165 k j\u00eddlu.<\/p>\n<p><strong>Pro\u010d je dob\u0159e funguj\u00edc\u00ed metabolismus kl\u00ed\u010dem k hubnut\u00ed?<\/strong><br \/>\nMetabolismus skute\u010dn\u011b hraje kl\u00ed\u010dovou roli v procesu hubnut\u00ed. Je to proces, p\u0159i kter\u00e9m t\u011blo p\u0159em\u011b\u0148uje potravu na energii, kterou pot\u0159ebuje ke sv\u00e9mu fungov\u00e1n\u00ed. Pokud je metabolismus pomal\u00fd nebo \u0161patn\u011b funguje, m\u016f\u017ee to v\u00e9st k ukl\u00e1d\u00e1n\u00ed tuku a nadv\u00e1ze.<\/p>\n<p>Unik\u00e1tn\u00ed komplex podporuje fungov\u00e1n\u00ed metabolismu a v kombinaci se zdravou stravou, dostate\u010dn\u00fdm pitn\u00fdm re\u017eimem a p\u0159im\u011b\u0159en\u00fdm pohybem m\u016f\u017ee p\u0159isp\u011bt k va\u0161emu hubnut\u00ed.<\/p>\n<p>J<strong>ak pou\u017e\u00edvat dopln\u011bk stravy na hubnut\u00ed<\/strong> Dopln\u011bk stravy na hubnut\u00ed u\u017e\u00edvejte ide\u00e1ln\u011b ka\u017ed\u00e9 r\u00e1no po j\u00eddle. Vezm\u011bte si 2 tobolky a zapijte je dostate\u010dn\u00fdm mno\u017estv\u00edm vody. P\u0159ed cvi\u010den\u00edm nebo jinou fyzickou aktivitou v\u017edy u\u017eijte dal\u0161\u00ed 2 kapsle.<\/p>\n<p>Hmotnost balen\u00ed: 86 g<\/p>\n<p><strong>Po\u010det kapsl\u00ed : 120<\/strong><\/p>\n<p><strong>V\u00fdhody p\u0159\u00edrodn\u00edho spalova\u010de tuk\u016f se synefrinem<\/strong><br \/>\npom\u00e1h\u00e1 sni\u017eovat t\u011blesnou hmotnost<br \/>\npodporuje spr\u00e1vnou funkci metabolismu<br \/>\npom\u00e1h\u00e1 sni\u017eovat \u00fanavu<br \/>\npom\u00e1h\u00e1 potla\u010dovat chu\u0165 k j\u00eddlu<br \/>\nzvy\u0161uje energii<br \/>\npodporuje termogenezi.<\/p>\n<p>Jak\u00e9 slo\u017eky najdete v p\u0159\u00edpravku Weight Reduction with L-Carnitine<br \/>\nGarcinia cambogia<br \/>\nHCA neboli kyselina hydroxycitronov\u00e1 p\u0159isp\u00edv\u00e1 ke spr\u00e1vn\u00e9mu metabolismu lipid\u016f, a t\u00edm ke kontrole hmotnosti a hubnut\u00ed, m\u016f\u017ee ovliv\u0148ovat chu\u0165 k j\u00eddlu (a t\u00edm tak\u00e9 p\u0159isp\u00edv\u00e1 ke kontrole hmotnosti).<\/p>\n<p>Pikolin\u00e1t chromit\u00fd Chrom p\u016fsob\u00ed na spr\u00e1vnou hladinu cukru v krvi, a proto tak\u00e9 ovliv\u0148uje p\u0159ib\u00fdv\u00e1n\u00ed nebo ub\u00fdv\u00e1n\u00ed na v\u00e1ze. Jednou z vlastnost\u00ed chromu je, \u017ee potla\u010duje chu\u0165 k j\u00eddlu, zejm\u00e9na chu\u0165 na sladk\u00e9. Co\u017e p\u0159i reduk\u010dn\u00ed diet\u011b jist\u011b v\u0161ichni ocen\u00edme.<\/p>\n<p>Zelen\u00e1 k\u00e1va (Coffea arabica) Zelen\u00e1 k\u00e1va obsahuje vysok\u00fd pod\u00edl kofeinu a dal\u0161\u00edch xantin\u016f, kter\u00e9 maj\u00ed na organismus podp\u016frn\u00fd \u00fa\u010dinek. Vhodn\u00e1 k celkov\u00e9 stimulaci organismu p\u0159i \u00fanav\u011b a vy\u010derp\u00e1n\u00ed. \u00da\u010dinn\u00e9 l\u00e1tky zelen\u00e9 k\u00e1vy potla\u010duj\u00ed chu\u0165 k j\u00eddlu a urychluj\u00ed spalov\u00e1n\u00ed tuk\u016f.<\/p>\n<p>Zelen\u00fd \u010daj (Camellia sinensis) Vysoce kvalitn\u00ed extrakt ze zelen\u00e9ho \u010daje v na\u0161ich kapsl\u00edch dopln\u011bn\u00fd vitaminem C, kter\u00fd p\u0159isp\u00edv\u00e1 k norm\u00e1ln\u00ed funkci imunitn\u00edho syst\u00e9mu a chr\u00e1n\u00ed bu\u0148ky p\u0159ed oxidativn\u00edm stresem. Podporuje tak\u00e9 srde\u010dn\u00ed \u010dinnost, metabolismus\/oxidaci tuk\u016f, podporuje fyzickou a du\u0161evn\u00ed vzpruhu, p\u0159isp\u00edv\u00e1 ke kontrole hmotnosti t\u00edm, \u017ee pozitivn\u011b ovliv\u0148uje metabolismus lipid\u016f, p\u0159isp\u00edv\u00e1 k norm\u00e1ln\u00ed hladin\u011b gluk\u00f3zy, osv\u011b\u017euje organismus.<\/p>\n<p>Synefrin Synefrin poch\u00e1z\u00ed z plod\u016f rostliny Citrus Aurantium. Citrus Aurantium (ho\u0159k\u00fd pomeran\u010d, zn\u00e1m\u00fd tak\u00e9 jako kysel\u00fd nebo zelen\u00fd pomeran\u010d) je plod zn\u00e1m\u00fd z tradi\u010dn\u00ed \u010d\u00ednsk\u00e9 medic\u00edny pod n\u00e1zvem ZHI SHI. Synefrin mobilizuje tukov\u00e9 z\u00e1soby a podporuje termogenezi, \u010d\u00edm\u017e zvy\u0161uje metabolick\u00fd obrat, ani\u017e by negativn\u011b ovliv\u0148oval \u010dinnost srdce nebo krevn\u00ed tlak. Zrychluje metabolismus, co\u017e je spojeno se zv\u00fd\u0161en\u00fdm spalov\u00e1n\u00edm energie (tuk\u016f). Podporuje troj\u00ed mechanismus vedouc\u00ed ke sn\u00ed\u017een\u00ed hmotnosti &#8211; odbour\u00e1v\u00e1n\u00ed lipid\u016f (tuk\u016f), zv\u00fd\u0161en\u00ed energetick\u00e9ho v\u00fddeje a vylou\u010den\u00ed p\u0159ebyte\u010dn\u00e9 vody z t\u011bla.<\/p>\n<p>Citrus aurantium. Podporuje metabolismus lipid\u016f, a t\u00edm p\u0159isp\u00edv\u00e1 ke kontrole hmotnosti, napom\u00e1h\u00e1 norm\u00e1ln\u00edm funkc\u00edm d\u00fdchac\u00edho syst\u00e9mu, podporuje norm\u00e1ln\u00ed tr\u00e1ven\u00ed.<\/p>\n<p>\u010cern\u00fd pep\u0159 Antioxidant, kter\u00fd podporuje norm\u00e1ln\u00ed tr\u00e1ven\u00ed, krevn\u00ed ob\u011bh v jemn\u00fdch c\u00e9v\u00e1ch a kapil\u00e1r\u00e1ch, podporuje tak\u00e9 zdrav\u00ed jater, funkci nervov\u00e9ho syst\u00e9mu a norm\u00e1ln\u00ed stav poko\u017eky.<\/p>\n<p>Slo\u017een\u00ed ve 4 kapsl\u00edch:<\/p>\n<p>L-karnitin tartr\u00e1t &#8211; 600 mg (L-karnitin), extrakt ze zelen\u00e9 k\u00e1vy (Coffea arabica) 50% kyseliny chlorogenov\u00e9 &#8211; 500 mg, extrakt z list\u016f zelen\u00e9ho \u010daje (Camellia sinensis) 50% polyfenol\u016f &#8211; 500 mg, extrakt ze slupek Garcinia cambogia 50% HCA &#8211; 260 mg, Kofein &#8211; 160 mg, Vitamin C (kyselina L-askorbov\u00e1) &#8211; 80 mg (100 % RVH), Citrus aurantium extrakt 30 % synefrin &#8211; 20 mg (synefrin), \u010cern\u00fd pep\u0159 (Pi ) extrakt z plod\u016f 95 % piperin &#8211; 16 mg, Chrom (pikolin\u00e1t chromit\u00fd) &#8211; 80 \u00b5g (200 % RVH). Tobolka obsahuje hydroxypropylmethylcelul\u00f3zu &#8211; protisp\u00e9kavou l\u00e1tku ho\u0159e\u010dnatou s\u016fl mastn\u00fdch kyselin rostlinn\u00e9ho p\u016fvodu.<br \/>\n* RVH &#8211; referen\u010dn\u00ed v\u00fd\u017eivov\u00e1 hodnota.<\/p>\n<p>Upozorn\u011bn\u00ed: Uchov\u00e1vejte mimo dosah d\u011bt\u00ed. Nep\u0159ekra\u010dujte doporu\u010den\u00e9 denn\u00ed d\u00e1vkov\u00e1n\u00ed. Nepou\u017e\u00edvejte jako n\u00e1hradu pestr\u00e9 stravy. Dodr\u017eujte zdrav\u00fd \u017eivotn\u00ed styl. Tento v\u00fdrobek nen\u00ed ur\u010den pro d\u011bti, t\u011bhotn\u00e9 a koj\u00edc\u00ed \u017eeny. Skladujte p\u0159i pokojov\u00e9 teplot\u011b na such\u00e9m a tmav\u00e9m m\u00edst\u011b.<\/p>\n<p>Datum v\u00fdroby a minim\u00e1ln\u00ed trvanlivost: vyzna\u010deno na spodn\u00ed stran\u011b obalu.<\/p>\n<p>Vyrobeno v \u010cesk\u00e9 republice<\/p>\n","protected":false},"excerpt":{"rendered":"<ul>\n<li>pom\u00e1h\u00e1 <strong>sni\u017eovat t\u011blesnou hmotnost<\/strong><\/li>\n<li>podporuje <strong>spr\u00e1vnou funkci metabolismu<\/strong><\/li>\n<li>pom\u00e1h\u00e1 sni\u017eovat<strong> \u00fanavu<\/strong><\/li>\n<li>pom\u00e1h\u00e1 <strong>potla\u010dovat chu\u0165 k j\u00eddlu<\/strong><\/li>\n<li>zvy\u0161uje <strong>energii<\/strong><\/li>\n<li>podporuje termogenezi<\/li>\n<\/ul>\n<p>Tou\u017e\u00edte po kr\u00e1sn\u00e9 postav\u011b? S na\u0161\u00edm p\u0159\u00edrodn\u00edm dopl\u0148kem stravy v\u00e1m u\u017e nic nebude st\u00e1t v cest\u011b. Nejen\u017ee v\u00e1m pom\u016f\u017ee v boji s p\u0159ebyte\u010dn\u00fdm tukem, ale p\u0159isp\u00edv\u00e1 tak\u00e9 ke spr\u00e1vn\u00e9mu fungov\u00e1n\u00ed va\u0161eho metabolismu.<\/p>\n","protected":false},"featured_media":13950,"comment_status":"open","ping_status":"closed","template":"","meta":[],"product_brand":[],"product_cat":[89,122],"product_tag":[],"class_list":{"0":"post-14955","1":"product","2":"type-product","3":"status-publish","4":"has-post-thumbnail","6":"product_cat-doplnky-stravy","7":"product_cat-doplnky-stravy-pro-dospele","9":"first","10":"instock","11":"taxable","12":"shipping-taxable","13":"purchasable","14":"product-type-simple"},"yoast_head":"<!-- This site is optimized with the Yoast SEO Premium plugin v27.3 (Yoast SEO v27.3) - https:\/\/yoast.com\/product\/yoast-seo-premium-wordpress\/ -->\n<title>Tuko\u017erout - ZK company<\/title>\n<meta name=\"robots\" content=\"index, follow, max-snippet:-1, max-image-preview:large, max-video-preview:-1\" \/>\n<link rel=\"canonical\" href=\"https:\/\/zkeshop.sk\/cs\/produkt\/tukozrout\/\" \/>\n<meta property=\"og:locale\" content=\"cs_CZ\" \/>\n<meta property=\"og:type\" content=\"article\" \/>\n<meta property=\"og:title\" content=\"Tuko\u017erout\" \/>\n<meta property=\"og:description\" content=\"pom\u00e1h\u00e1 sni\u017eovat t\u011blesnou hmotnost  podporuje spr\u00e1vnou funkci metabolismu  pom\u00e1h\u00e1 sni\u017eovat \u00fanavu  pom\u00e1h\u00e1 potla\u010dovat chu\u0165 k j\u00eddlu  zvy\u0161uje energii  podporuje termogenezi  Tou\u017e\u00edte po kr\u00e1sn\u00e9 postav\u011b? S na\u0161\u00edm p\u0159\u00edrodn\u00edm dopl\u0148kem stravy v\u00e1m u\u017e nic nebude st\u00e1t v cest\u011b. Nejen\u017ee v\u00e1m pom\u016f\u017ee v boji s p\u0159ebyte\u010dn\u00fdm tukem, ale p\u0159isp\u00edv\u00e1 tak\u00e9 ke spr\u00e1vn\u00e9mu fungov\u00e1n\u00ed va\u0161eho metabolismu.\" \/>\n<meta property=\"og:url\" content=\"https:\/\/zkeshop.sk\/cs\/produkt\/tukozrout\/\" \/>\n<meta property=\"og:site_name\" content=\"ZK company\" \/>\n<meta property=\"article:modified_time\" content=\"2025-08-19T10:06:34+00:00\" \/>\n<meta property=\"og:image\" content=\"https:\/\/zkeshop.sk\/wp-content\/uploads\/2024\/10\/Tukozrut.jpg\" \/>\n\t<meta property=\"og:image:width\" content=\"1024\" \/>\n\t<meta property=\"og:image:height\" content=\"768\" \/>\n\t<meta property=\"og:image:type\" content=\"image\/jpeg\" \/>\n<meta name=\"twitter:card\" content=\"summary_large_image\" \/>\n<meta name=\"twitter:label1\" content=\"Cena\" \/>\n\t<meta name=\"twitter:data1\" content=\"29,00&nbsp;&euro;\" \/>\n\t<meta name=\"twitter:label2\" content=\"Dostupnost\" \/>\n\t<meta name=\"twitter:data2\" content=\"Skladem\" \/>\n<script type=\"application\/ld+json\" class=\"yoast-schema-graph\">{\"@context\":\"https:\\\/\\\/schema.org\",\"@graph\":[{\"@type\":\"WebPage\",\"@id\":\"https:\\\/\\\/zkeshop.sk\\\/cs\\\/produkt\\\/tukozrout\\\/\",\"url\":\"https:\\\/\\\/zkeshop.sk\\\/cs\\\/produkt\\\/tukozrout\\\/\",\"name\":\"Tuko\u017erout - ZK company\",\"isPartOf\":{\"@id\":\"https:\\\/\\\/zkeshop.sk\\\/#website\"},\"primaryImageOfPage\":{\"@id\":\"https:\\\/\\\/zkeshop.sk\\\/cs\\\/produkt\\\/tukozrout\\\/#primaryimage\"},\"image\":{\"@id\":\"https:\\\/\\\/zkeshop.sk\\\/cs\\\/produkt\\\/tukozrout\\\/#primaryimage\"},\"thumbnailUrl\":\"https:\\\/\\\/zkeshop.sk\\\/wp-content\\\/uploads\\\/2024\\\/10\\\/Tukozrut.jpg\",\"datePublished\":\"2024-11-04T09:13:36+00:00\",\"dateModified\":\"2025-08-19T10:06:34+00:00\",\"breadcrumb\":{\"@id\":\"https:\\\/\\\/zkeshop.sk\\\/cs\\\/produkt\\\/tukozrout\\\/#breadcrumb\"},\"inLanguage\":\"cs\",\"potentialAction\":[{\"@type\":\"ReadAction\",\"target\":[\"https:\\\/\\\/zkeshop.sk\\\/cs\\\/produkt\\\/tukozrout\\\/\"]}]},{\"@type\":\"ImageObject\",\"inLanguage\":\"cs\",\"@id\":\"https:\\\/\\\/zkeshop.sk\\\/cs\\\/produkt\\\/tukozrout\\\/#primaryimage\",\"url\":\"https:\\\/\\\/zkeshop.sk\\\/wp-content\\\/uploads\\\/2024\\\/10\\\/Tukozrut.jpg\",\"contentUrl\":\"https:\\\/\\\/zkeshop.sk\\\/wp-content\\\/uploads\\\/2024\\\/10\\\/Tukozrut.jpg\",\"width\":1024,\"height\":768,\"caption\":\"Zbavte sa prebyto\u010dn\u00fdch kilogramov efekt\u00edvne. Tuko\u017er\u00fat podporuje metabolizmus, zni\u017euje chu\u0165 do jedla a dod\u00e1 telu energiu v\u010faka pr\u00edrodn\u00e9mu zlo\u017eeniu.\"},{\"@type\":\"BreadcrumbList\",\"@id\":\"https:\\\/\\\/zkeshop.sk\\\/cs\\\/produkt\\\/tukozrout\\\/#breadcrumb\",\"itemListElement\":[{\"@type\":\"ListItem\",\"position\":1,\"name\":\"Dom\u016f\",\"item\":\"https:\\\/\\\/zkeshop.sk\\\/\"},{\"@type\":\"ListItem\",\"position\":2,\"name\":\"Obchod\",\"item\":\"https:\\\/\\\/zkeshop.sk\\\/obchod\\\/\"},{\"@type\":\"ListItem\",\"position\":3,\"name\":\"Tuko\u017erout\"}]},{\"@type\":\"WebSite\",\"@id\":\"https:\\\/\\\/zkeshop.sk\\\/#website\",\"url\":\"https:\\\/\\\/zkeshop.sk\\\/\",\"name\":\"ZK company\",\"description\":\"Kvalitn\u00e1 kozmetika pre ka\u017edodenn\u00e9 pou\u017eitie\",\"potentialAction\":[{\"@type\":\"SearchAction\",\"target\":{\"@type\":\"EntryPoint\",\"urlTemplate\":\"https:\\\/\\\/zkeshop.sk\\\/?s={search_term_string}\"},\"query-input\":{\"@type\":\"PropertyValueSpecification\",\"valueRequired\":true,\"valueName\":\"search_term_string\"}}],\"inLanguage\":\"cs\"}]}<\/script>\n<meta property=\"product:price:amount\" content=\"29.00\" \/>\n<meta property=\"product:price:currency\" content=\"EUR\" \/>\n<meta property=\"og:availability\" content=\"instock\" \/>\n<meta property=\"product:availability\" content=\"instock\" \/>\n<meta property=\"product:condition\" content=\"new\" \/>\n<!-- \/ Yoast SEO Premium plugin. -->","yoast_head_json":{"title":"Tuko\u017erout - ZK company","robots":{"index":"index","follow":"follow","max-snippet":"max-snippet:-1","max-image-preview":"max-image-preview:large","max-video-preview":"max-video-preview:-1"},"canonical":"https:\/\/zkeshop.sk\/cs\/produkt\/tukozrout\/","og_locale":"cs_CZ","og_type":"article","og_title":"Tuko\u017erout","og_description":"pom\u00e1h\u00e1 sni\u017eovat t\u011blesnou hmotnost  podporuje spr\u00e1vnou funkci metabolismu  pom\u00e1h\u00e1 sni\u017eovat \u00fanavu  pom\u00e1h\u00e1 potla\u010dovat chu\u0165 k j\u00eddlu  zvy\u0161uje energii  podporuje termogenezi  Tou\u017e\u00edte po kr\u00e1sn\u00e9 postav\u011b? S na\u0161\u00edm p\u0159\u00edrodn\u00edm dopl\u0148kem stravy v\u00e1m u\u017e nic nebude st\u00e1t v cest\u011b. Nejen\u017ee v\u00e1m pom\u016f\u017ee v boji s p\u0159ebyte\u010dn\u00fdm tukem, ale p\u0159isp\u00edv\u00e1 tak\u00e9 ke spr\u00e1vn\u00e9mu fungov\u00e1n\u00ed va\u0161eho metabolismu.","og_url":"https:\/\/zkeshop.sk\/cs\/produkt\/tukozrout\/","og_site_name":"ZK company","article_modified_time":"2025-08-19T10:06:34+00:00","og_image":[{"width":1024,"height":768,"url":"https:\/\/zkeshop.sk\/wp-content\/uploads\/2024\/10\/Tukozrut.jpg","type":"image\/jpeg"}],"twitter_card":"summary_large_image","twitter_misc":{"Cena":"29,00&nbsp;&euro;","Dostupnost":"Skladem"},"schema":{"@context":"https:\/\/schema.org","@graph":[{"@type":"WebPage","@id":"https:\/\/zkeshop.sk\/cs\/produkt\/tukozrout\/","url":"https:\/\/zkeshop.sk\/cs\/produkt\/tukozrout\/","name":"Tuko\u017erout - ZK company","isPartOf":{"@id":"https:\/\/zkeshop.sk\/#website"},"primaryImageOfPage":{"@id":"https:\/\/zkeshop.sk\/cs\/produkt\/tukozrout\/#primaryimage"},"image":{"@id":"https:\/\/zkeshop.sk\/cs\/produkt\/tukozrout\/#primaryimage"},"thumbnailUrl":"https:\/\/zkeshop.sk\/wp-content\/uploads\/2024\/10\/Tukozrut.jpg","datePublished":"2024-11-04T09:13:36+00:00","dateModified":"2025-08-19T10:06:34+00:00","breadcrumb":{"@id":"https:\/\/zkeshop.sk\/cs\/produkt\/tukozrout\/#breadcrumb"},"inLanguage":"cs","potentialAction":[{"@type":"ReadAction","target":["https:\/\/zkeshop.sk\/cs\/produkt\/tukozrout\/"]}]},{"@type":"ImageObject","inLanguage":"cs","@id":"https:\/\/zkeshop.sk\/cs\/produkt\/tukozrout\/#primaryimage","url":"https:\/\/zkeshop.sk\/wp-content\/uploads\/2024\/10\/Tukozrut.jpg","contentUrl":"https:\/\/zkeshop.sk\/wp-content\/uploads\/2024\/10\/Tukozrut.jpg","width":1024,"height":768,"caption":"Zbavte sa prebyto\u010dn\u00fdch kilogramov efekt\u00edvne. Tuko\u017er\u00fat podporuje metabolizmus, zni\u017euje chu\u0165 do jedla a dod\u00e1 telu energiu v\u010faka pr\u00edrodn\u00e9mu zlo\u017eeniu."},{"@type":"BreadcrumbList","@id":"https:\/\/zkeshop.sk\/cs\/produkt\/tukozrout\/#breadcrumb","itemListElement":[{"@type":"ListItem","position":1,"name":"Dom\u016f","item":"https:\/\/zkeshop.sk\/"},{"@type":"ListItem","position":2,"name":"Obchod","item":"https:\/\/zkeshop.sk\/obchod\/"},{"@type":"ListItem","position":3,"name":"Tuko\u017erout"}]},{"@type":"WebSite","@id":"https:\/\/zkeshop.sk\/#website","url":"https:\/\/zkeshop.sk\/","name":"ZK company","description":"Kvalitn\u00e1 kozmetika pre ka\u017edodenn\u00e9 pou\u017eitie","potentialAction":[{"@type":"SearchAction","target":{"@type":"EntryPoint","urlTemplate":"https:\/\/zkeshop.sk\/?s={search_term_string}"},"query-input":{"@type":"PropertyValueSpecification","valueRequired":true,"valueName":"search_term_string"}}],"inLanguage":"cs"}]},"product_price_amount":"29.00","product_price_currency":"EUR","og_availability":"instock","product_availability":"instock","product_condition":"new"},"_links":{"self":[{"href":"https:\/\/zkeshop.sk\/cs\/wp-json\/wp\/v2\/product\/14955","targetHints":{"allow":["GET"]}}],"collection":[{"href":"https:\/\/zkeshop.sk\/cs\/wp-json\/wp\/v2\/product"}],"about":[{"href":"https:\/\/zkeshop.sk\/cs\/wp-json\/wp\/v2\/types\/product"}],"replies":[{"embeddable":true,"href":"https:\/\/zkeshop.sk\/cs\/wp-json\/wp\/v2\/comments?post=14955"}],"version-history":[{"count":1,"href":"https:\/\/zkeshop.sk\/cs\/wp-json\/wp\/v2\/product\/14955\/revisions"}],"predecessor-version":[{"id":15957,"href":"https:\/\/zkeshop.sk\/cs\/wp-json\/wp\/v2\/product\/14955\/revisions\/15957"}],"wp:featuredmedia":[{"embeddable":true,"href":"https:\/\/zkeshop.sk\/cs\/wp-json\/wp\/v2\/media\/13950"}],"wp:attachment":[{"href":"https:\/\/zkeshop.sk\/cs\/wp-json\/wp\/v2\/media?parent=14955"}],"wp:term":[{"taxonomy":"product_brand","embeddable":true,"href":"https:\/\/zkeshop.sk\/cs\/wp-json\/wp\/v2\/product_brand?post=14955"},{"taxonomy":"product_cat","embeddable":true,"href":"https:\/\/zkeshop.sk\/cs\/wp-json\/wp\/v2\/product_cat?post=14955"},{"taxonomy":"product_tag","embeddable":true,"href":"https:\/\/zkeshop.sk\/cs\/wp-json\/wp\/v2\/product_tag?post=14955"}],"curies":[{"name":"wp","href":"https:\/\/api.w.org\/{rel}","templated":true}]}}