{"id":14956,"date":"2025-01-02T12:57:28","date_gmt":"2025-01-02T11:57:28","guid":{"rendered":"https:\/\/zkeshop.sk\/produkt\/harmonie-zeny\/"},"modified":"2025-02-17T15:05:42","modified_gmt":"2025-02-17T14:05:42","slug":"harmonie-zeny","status":"publish","type":"product","link":"https:\/\/zkeshop.sk\/cs\/produkt\/harmonie-zeny\/","title":{"rendered":"Harmonie \u017deny"},"content":{"rendered":"<p>Hormon\u00e1ln\u00ed rovnov\u00e1ha hraje kl\u00ed\u010dovou roli v celkov\u00e9 pohod\u011b \u017een v r\u016fzn\u00fdch f\u00e1z\u00edch \u017eivota. P\u0159\u00edle\u017eitostn\u011b m\u016f\u017ee doj\u00edt k nerovnov\u00e1ze, kter\u00e1 m\u016f\u017ee ovlivnit b\u011b\u017en\u00e9 \u017eivotn\u00ed procesy. KK Harmony Women v\u00e1m pom\u016f\u017ee naj\u00edt spr\u00e1vnou rovnov\u00e1hu ve va\u0161ich \u017eivotn\u00edch situac\u00edch.  <\/p>\n<p>N\u011bkter\u00e9 projevy naru\u0161en\u00e9 hormon\u00e1ln\u00ed rovnov\u00e1hy mohou zahrnovat:<\/p>\n<p>Nep\u0159\u00edjemn\u00e9 pocity b\u011bhem menstruace Probl\u00e9my s kvalitou k\u016f\u017ee Nep\u0159\u00edjemn\u00e9 pocity v hlav\u011b p\u0159ed menstruac\u00ed nebo b\u011bhem n\u00ed P\u0159ed\u010dasn\u00e1 menopauza Zm\u011bny n\u00e1lady a dal\u0161\u00ed projevy Doporu\u010den\u00e9 d\u00e1vkov\u00e1n\u00ed KK Harmony Women je 1 kapsle r\u00e1no a 1 kapsle ve\u010der.<\/p>\n<p>Pozn\u00e1mka: Dodr\u017eujte doporu\u010denou denn\u00ed d\u00e1vku. Tento v\u00fdrobek nen\u00ed ur\u010den jako n\u00e1hrada vyv\u00e1\u017een\u00e9 stravy. Doporu\u010dujeme vyv\u00e1\u017eenou stravu a zdrav\u00fd \u017eivotn\u00ed styl, v\u010detn\u011b dostate\u010dn\u00e9ho sp\u00e1nku. Uchov\u00e1vejte mimo dosah d\u011bt\u00ed. Nen\u00ed vhodn\u00e9 pro d\u011bti a osoby mlad\u0161\u00ed 15 let, t\u011bhotn\u00e9 a koj\u00edc\u00ed \u017eeny.    <\/p>\n<p><strong>D\u00e1vkov\u00e1n\u00ed<\/strong>: 1 kapsle r\u00e1no, 1 kapsle odpoledne<\/p>\n<p><strong>Obsah balen\u00ed:<\/strong> 60 kapsl\u00ed, hmotnost obsahu: 31 g<\/p>\n<p><strong>Slo\u017een\u00ed v denn\u00ed d\u00e1vce<\/strong> (2 kapsle)<\/p>\n<p>Extrakt ze semen kotvi\u010dn\u00edku zemn\u00edho (Tribulus Terrestris), 40 % saponin\u016f 600 mi, extrakt z ko\u0159ene Maca peruvianum (Lepidium peruvianum) 10:1 200 mg, extrakt ze stonku a list\u016f \u017een\u0161enu (Panax ginseng), extrakt z kv\u011bt\u016f a list\u016f mochyn\u011b (Vitex agnus) 10:1 100 mg, extrakt z plod\u016f Serenoa plata (Serenoa trpena) 4:1 60 mg, j\u00f3d (bublinatka) 0,15 mg (100 % RHP), zinek (citr\u00e1t zine\u010dnat\u00fd) 8 mg (80 % RHP), vitamin E (D-\u03b1-tokoferylacet\u00e1t) 6 mg (50 % RHP), vitamin B6 (pyridoxin) 1,12 mg (80 % RHP), vitamin B9 (kyselina listov\u00e1) 0,16 mg (80 % RHP), vitamin D 0,004 mg (80 % RHP).<\/p>\n<p>Vyrobeno v \u010cesk\u00e9 republice<\/p>\n","protected":false},"excerpt":{"rendered":"<p><strong>WOMEN&#8217;S HARMONY <\/strong>je p\u0159\u00edrodn\u00ed dopln\u011bk stravy ur\u010den\u00fd k podpo\u0159e celkov\u00e9 pohody \u017een. Obsahuje jedine\u010dnou sm\u011bs p\u0159\u00edrodn\u00edch slo\u017eek, v\u010detn\u011b Maca peruviana, Bublinatky obecn\u00e9, Kotvi\u010dn\u00edku zemn\u00edho a \u017den\u0161enu, spolu s d\u016fle\u017eit\u00fdmi vitam\u00edny a miner\u00e1ly. Tato pe\u010dliv\u011b vyv\u00e1\u017een\u00e1 kombinace je navr\u017eena tak, aby podporovala p\u0159irozenou rovnov\u00e1hu a pohodu organismu. Pokud hled\u00e1te podporu pro svou celkovou pohodu a vitalitu, WOMEN&#8217;S HARMONY m\u016f\u017ee b\u00fdt pro v\u00e1s tou spr\u00e1vnou volbou.   <\/p>\n","protected":false},"featured_media":13963,"comment_status":"open","ping_status":"closed","template":"","meta":[],"product_brand":[],"product_cat":[89,122],"product_tag":[],"class_list":{"0":"post-14956","1":"product","2":"type-product","3":"status-publish","4":"has-post-thumbnail","6":"product_cat-doplnky-stravy","7":"product_cat-doplnky-stravy-pro-dospele","9":"first","10":"instock","11":"taxable","12":"shipping-taxable","13":"purchasable","14":"product-type-simple"},"yoast_head":"<!-- This site is optimized with the Yoast SEO Premium plugin v27.3 (Yoast SEO v27.3) - https:\/\/yoast.com\/product\/yoast-seo-premium-wordpress\/ -->\n<title>- KK Harmony \u017deny ZK company<\/title>\n<meta name=\"description\" content=\"Hormon\u00e1ln\u00ed rovnov\u00e1ha hraje kl\u00ed\u010dovou roli v celkov\u00e9 pohod\u011b \u017een v r\u016fzn\u00fdch f\u00e1z\u00edch \u017eivota. KK Harmony Women dod\u00e1 va\u0161emu t\u011blu spr\u00e1vnou rovnov\u00e1hu.\" \/>\n<meta name=\"robots\" content=\"index, follow, max-snippet:-1, max-image-preview:large, max-video-preview:-1\" \/>\n<link rel=\"canonical\" href=\"https:\/\/zkeshop.sk\/produkt\/harmonia-zeny\/\" \/>\n<meta property=\"og:locale\" content=\"cs_CZ\" \/>\n<meta property=\"og:type\" content=\"article\" \/>\n<meta property=\"og:title\" content=\"Harmonie \u017deny\" \/>\n<meta property=\"og:description\" content=\"Hormon\u00e1ln\u00ed rovnov\u00e1ha hraje kl\u00ed\u010dovou roli v celkov\u00e9 pohod\u011b \u017een v r\u016fzn\u00fdch f\u00e1z\u00edch \u017eivota. KK Harmony Women dod\u00e1 va\u0161emu t\u011blu spr\u00e1vnou rovnov\u00e1hu.\" \/>\n<meta property=\"og:url\" content=\"https:\/\/zkeshop.sk\/produkt\/harmonia-zeny\/\" \/>\n<meta property=\"og:site_name\" content=\"ZK company\" \/>\n<meta property=\"article:modified_time\" content=\"2025-02-17T14:05:42+00:00\" \/>\n<meta property=\"og:image\" content=\"https:\/\/zkeshop.sk\/wp-content\/uploads\/2024\/10\/harm.jpg\" \/>\n\t<meta property=\"og:image:width\" content=\"1024\" \/>\n\t<meta property=\"og:image:height\" content=\"768\" \/>\n\t<meta property=\"og:image:type\" content=\"image\/jpeg\" \/>\n<meta name=\"twitter:card\" content=\"summary_large_image\" \/>\n<meta name=\"twitter:label1\" content=\"Cena\" \/>\n\t<meta name=\"twitter:data1\" content=\"29,40&nbsp;&euro;\" \/>\n\t<meta name=\"twitter:label2\" content=\"Dostupnost\" \/>\n\t<meta name=\"twitter:data2\" content=\"Skladem\" \/>\n<script type=\"application\/ld+json\" class=\"yoast-schema-graph\">{\"@context\":\"https:\\\/\\\/schema.org\",\"@graph\":[{\"@type\":\"WebPage\",\"@id\":\"https:\\\/\\\/zkeshop.sk\\\/produkt\\\/harmonia-zeny\\\/\",\"url\":\"https:\\\/\\\/zkeshop.sk\\\/produkt\\\/harmonia-zeny\\\/\",\"name\":\"- KK Harmony \u017deny ZK company\",\"isPartOf\":{\"@id\":\"https:\\\/\\\/zkeshop.sk\\\/#website\"},\"primaryImageOfPage\":{\"@id\":\"https:\\\/\\\/zkeshop.sk\\\/produkt\\\/harmonia-zeny\\\/#primaryimage\"},\"image\":{\"@id\":\"https:\\\/\\\/zkeshop.sk\\\/produkt\\\/harmonia-zeny\\\/#primaryimage\"},\"thumbnailUrl\":\"https:\\\/\\\/zkeshop.sk\\\/wp-content\\\/uploads\\\/2024\\\/10\\\/harm.jpg\",\"datePublished\":\"2025-01-02T11:57:28+00:00\",\"dateModified\":\"2025-02-17T14:05:42+00:00\",\"description\":\"Hormon\u00e1ln\u00ed rovnov\u00e1ha hraje kl\u00ed\u010dovou roli v celkov\u00e9 pohod\u011b \u017een v r\u016fzn\u00fdch f\u00e1z\u00edch \u017eivota. KK Harmony Women dod\u00e1 va\u0161emu t\u011blu spr\u00e1vnou rovnov\u00e1hu.\",\"breadcrumb\":{\"@id\":\"https:\\\/\\\/zkeshop.sk\\\/produkt\\\/harmonia-zeny\\\/#breadcrumb\"},\"inLanguage\":\"cs\",\"potentialAction\":[{\"@type\":\"ReadAction\",\"target\":[\"https:\\\/\\\/zkeshop.sk\\\/produkt\\\/harmonia-zeny\\\/\"]}]},{\"@type\":\"ImageObject\",\"inLanguage\":\"cs\",\"@id\":\"https:\\\/\\\/zkeshop.sk\\\/produkt\\\/harmonia-zeny\\\/#primaryimage\",\"url\":\"https:\\\/\\\/zkeshop.sk\\\/wp-content\\\/uploads\\\/2024\\\/10\\\/harm.jpg\",\"contentUrl\":\"https:\\\/\\\/zkeshop.sk\\\/wp-content\\\/uploads\\\/2024\\\/10\\\/harm.jpg\",\"width\":1024,\"height\":768,\"caption\":\"Podpora hormon\u00e1lnej rovnov\u00e1hy pre \u017eeny v r\u00f4znych f\u00e1zach \u017eivota. Harm\u00f3nia \u017eeny zmier\u0148uje men\u0161trua\u010dn\u00e9 \u0165a\u017ekosti, zlep\u0161uje ple\u0165 a n\u00e1ladu. Vyroben\u00e9 v \u010cR\"},{\"@type\":\"BreadcrumbList\",\"@id\":\"https:\\\/\\\/zkeshop.sk\\\/produkt\\\/harmonia-zeny\\\/#breadcrumb\",\"itemListElement\":[{\"@type\":\"ListItem\",\"position\":1,\"name\":\"Dom\u016f\",\"item\":\"https:\\\/\\\/zkeshop.sk\\\/\"},{\"@type\":\"ListItem\",\"position\":2,\"name\":\"Obchod\",\"item\":\"https:\\\/\\\/zkeshop.sk\\\/obchod\\\/\"},{\"@type\":\"ListItem\",\"position\":3,\"name\":\"Harmonie \u017deny\"}]},{\"@type\":\"WebSite\",\"@id\":\"https:\\\/\\\/zkeshop.sk\\\/#website\",\"url\":\"https:\\\/\\\/zkeshop.sk\\\/\",\"name\":\"ZK company\",\"description\":\"Kvalitn\u00e1 kozmetika pre ka\u017edodenn\u00e9 pou\u017eitie\",\"potentialAction\":[{\"@type\":\"SearchAction\",\"target\":{\"@type\":\"EntryPoint\",\"urlTemplate\":\"https:\\\/\\\/zkeshop.sk\\\/?s={search_term_string}\"},\"query-input\":{\"@type\":\"PropertyValueSpecification\",\"valueRequired\":true,\"valueName\":\"search_term_string\"}}],\"inLanguage\":\"cs\"}]}<\/script>\n<meta property=\"product:price:amount\" content=\"29.40\" \/>\n<meta property=\"product:price:currency\" content=\"EUR\" \/>\n<meta property=\"og:availability\" content=\"instock\" \/>\n<meta property=\"product:availability\" content=\"instock\" \/>\n<meta property=\"product:condition\" content=\"new\" \/>\n<!-- \/ Yoast SEO Premium plugin. -->","yoast_head_json":{"title":"- KK Harmony \u017deny ZK company","description":"Hormon\u00e1ln\u00ed rovnov\u00e1ha hraje kl\u00ed\u010dovou roli v celkov\u00e9 pohod\u011b \u017een v r\u016fzn\u00fdch f\u00e1z\u00edch \u017eivota. KK Harmony Women dod\u00e1 va\u0161emu t\u011blu spr\u00e1vnou rovnov\u00e1hu.","robots":{"index":"index","follow":"follow","max-snippet":"max-snippet:-1","max-image-preview":"max-image-preview:large","max-video-preview":"max-video-preview:-1"},"canonical":"https:\/\/zkeshop.sk\/produkt\/harmonia-zeny\/","og_locale":"cs_CZ","og_type":"article","og_title":"Harmonie \u017deny","og_description":"Hormon\u00e1ln\u00ed rovnov\u00e1ha hraje kl\u00ed\u010dovou roli v celkov\u00e9 pohod\u011b \u017een v r\u016fzn\u00fdch f\u00e1z\u00edch \u017eivota. KK Harmony Women dod\u00e1 va\u0161emu t\u011blu spr\u00e1vnou rovnov\u00e1hu.","og_url":"https:\/\/zkeshop.sk\/produkt\/harmonia-zeny\/","og_site_name":"ZK company","article_modified_time":"2025-02-17T14:05:42+00:00","og_image":[{"width":1024,"height":768,"url":"https:\/\/zkeshop.sk\/wp-content\/uploads\/2024\/10\/harm.jpg","type":"image\/jpeg"}],"twitter_card":"summary_large_image","twitter_misc":{"Cena":"29,40&nbsp;&euro;","Dostupnost":"Skladem"},"schema":{"@context":"https:\/\/schema.org","@graph":[{"@type":"WebPage","@id":"https:\/\/zkeshop.sk\/produkt\/harmonia-zeny\/","url":"https:\/\/zkeshop.sk\/produkt\/harmonia-zeny\/","name":"- KK Harmony \u017deny ZK company","isPartOf":{"@id":"https:\/\/zkeshop.sk\/#website"},"primaryImageOfPage":{"@id":"https:\/\/zkeshop.sk\/produkt\/harmonia-zeny\/#primaryimage"},"image":{"@id":"https:\/\/zkeshop.sk\/produkt\/harmonia-zeny\/#primaryimage"},"thumbnailUrl":"https:\/\/zkeshop.sk\/wp-content\/uploads\/2024\/10\/harm.jpg","datePublished":"2025-01-02T11:57:28+00:00","dateModified":"2025-02-17T14:05:42+00:00","description":"Hormon\u00e1ln\u00ed rovnov\u00e1ha hraje kl\u00ed\u010dovou roli v celkov\u00e9 pohod\u011b \u017een v r\u016fzn\u00fdch f\u00e1z\u00edch \u017eivota. KK Harmony Women dod\u00e1 va\u0161emu t\u011blu spr\u00e1vnou rovnov\u00e1hu.","breadcrumb":{"@id":"https:\/\/zkeshop.sk\/produkt\/harmonia-zeny\/#breadcrumb"},"inLanguage":"cs","potentialAction":[{"@type":"ReadAction","target":["https:\/\/zkeshop.sk\/produkt\/harmonia-zeny\/"]}]},{"@type":"ImageObject","inLanguage":"cs","@id":"https:\/\/zkeshop.sk\/produkt\/harmonia-zeny\/#primaryimage","url":"https:\/\/zkeshop.sk\/wp-content\/uploads\/2024\/10\/harm.jpg","contentUrl":"https:\/\/zkeshop.sk\/wp-content\/uploads\/2024\/10\/harm.jpg","width":1024,"height":768,"caption":"Podpora hormon\u00e1lnej rovnov\u00e1hy pre \u017eeny v r\u00f4znych f\u00e1zach \u017eivota. Harm\u00f3nia \u017eeny zmier\u0148uje men\u0161trua\u010dn\u00e9 \u0165a\u017ekosti, zlep\u0161uje ple\u0165 a n\u00e1ladu. Vyroben\u00e9 v \u010cR"},{"@type":"BreadcrumbList","@id":"https:\/\/zkeshop.sk\/produkt\/harmonia-zeny\/#breadcrumb","itemListElement":[{"@type":"ListItem","position":1,"name":"Dom\u016f","item":"https:\/\/zkeshop.sk\/"},{"@type":"ListItem","position":2,"name":"Obchod","item":"https:\/\/zkeshop.sk\/obchod\/"},{"@type":"ListItem","position":3,"name":"Harmonie \u017deny"}]},{"@type":"WebSite","@id":"https:\/\/zkeshop.sk\/#website","url":"https:\/\/zkeshop.sk\/","name":"ZK company","description":"Kvalitn\u00e1 kozmetika pre ka\u017edodenn\u00e9 pou\u017eitie","potentialAction":[{"@type":"SearchAction","target":{"@type":"EntryPoint","urlTemplate":"https:\/\/zkeshop.sk\/?s={search_term_string}"},"query-input":{"@type":"PropertyValueSpecification","valueRequired":true,"valueName":"search_term_string"}}],"inLanguage":"cs"}]},"product_price_amount":"29.40","product_price_currency":"EUR","og_availability":"instock","product_availability":"instock","product_condition":"new"},"_links":{"self":[{"href":"https:\/\/zkeshop.sk\/cs\/wp-json\/wp\/v2\/product\/14956","targetHints":{"allow":["GET"]}}],"collection":[{"href":"https:\/\/zkeshop.sk\/cs\/wp-json\/wp\/v2\/product"}],"about":[{"href":"https:\/\/zkeshop.sk\/cs\/wp-json\/wp\/v2\/types\/product"}],"replies":[{"embeddable":true,"href":"https:\/\/zkeshop.sk\/cs\/wp-json\/wp\/v2\/comments?post=14956"}],"version-history":[{"count":0,"href":"https:\/\/zkeshop.sk\/cs\/wp-json\/wp\/v2\/product\/14956\/revisions"}],"wp:featuredmedia":[{"embeddable":true,"href":"https:\/\/zkeshop.sk\/cs\/wp-json\/wp\/v2\/media\/13963"}],"wp:attachment":[{"href":"https:\/\/zkeshop.sk\/cs\/wp-json\/wp\/v2\/media?parent=14956"}],"wp:term":[{"taxonomy":"product_brand","embeddable":true,"href":"https:\/\/zkeshop.sk\/cs\/wp-json\/wp\/v2\/product_brand?post=14956"},{"taxonomy":"product_cat","embeddable":true,"href":"https:\/\/zkeshop.sk\/cs\/wp-json\/wp\/v2\/product_cat?post=14956"},{"taxonomy":"product_tag","embeddable":true,"href":"https:\/\/zkeshop.sk\/cs\/wp-json\/wp\/v2\/product_tag?post=14956"}],"curies":[{"name":"wp","href":"https:\/\/api.w.org\/{rel}","templated":true}]}}