{"id":14967,"date":"2024-09-12T12:38:54","date_gmt":"2024-09-12T10:38:54","guid":{"rendered":"https:\/\/zkeshop.sk\/produkt\/balicek-hydratace-a-pigmentovych-skvrn\/"},"modified":"2026-01-05T12:28:29","modified_gmt":"2026-01-05T11:28:29","slug":"balicek-hydratace-a-pigmentovych-skvrn","status":"publish","type":"product","link":"https:\/\/zkeshop.sk\/cs\/produkt\/balicek-hydratace-a-pigmentovych-skvrn\/","title":{"rendered":"Bal\u00ed\u010dek hydratace a pigmentov\u00fdch skvrn"},"content":{"rendered":"<p>Zapome\u0148te na nep\u0159\u00edjemn\u011b suchou ple\u0165 a mdl\u00fd v\u00fdraz. Denn\u00ed rozjas\u0148uj\u00edc\u00ed ple\u0165ov\u00fd kr\u00e9m VitC s vitaminem C je va\u0161\u00edm nov\u00fdm superhrdinou v boji proti nerovnom\u011brn\u00e9mu t\u00f3nu pleti a tmav\u00fdm skvrn\u00e1m. Denn\u00ed rozjas\u0148uj\u00edc\u00ed ple\u0165ov\u00fd kr\u00e9m VitC s vitaminem C a betainem je jako va\u0161e ka\u017edodenn\u00ed slune\u010dn\u00ed sv\u011btlo v tub\u011b, kter\u00e9 p\u0159in\u00e1\u0161\u00ed sv\u011b\u017eest a z\u00e1\u0159ivost do ka\u017ed\u00e9ho dne.  <\/p>\n<p>Vitamin C je d\u016fle\u017eit\u00fd antioxidant, kter\u00fd bojuje proti po\u0161kozen\u00ed pleti voln\u00fdmi radik\u00e1ly a pom\u00e1h\u00e1 zlep\u0161ovat vzhled jemn\u00fdch linek a vr\u00e1sek. Tento denn\u00ed kr\u00e9m je pln\u00fd tohoto \u00fa\u010dinn\u00e9ho vitaminu, kter\u00fd udr\u017euje va\u0161i ple\u0165 sv\u011b\u017e\u00ed, jasnou a pevnou. <\/p>\n<p>Betain zase zvy\u0161uje hydrataci poko\u017eky, reguluje tvorbu ko\u017en\u00edho mazu a sni\u017euje pravd\u011bpodobnost vzniku akn\u00e9. Je dokonal\u00fdm spole\u010dn\u00edkem vitaminu C, proto\u017ee spole\u010dn\u011b p\u0159isp\u00edvaj\u00ed k tomu, aby va\u0161e ple\u0165 vypadala a c\u00edtila se co nejl\u00e9pe. <\/p>\n<p>Nez\u00e1le\u017e\u00ed na tom, zda m\u00e1te norm\u00e1ln\u00ed, suchou, mastnou nebo sm\u00ed\u0161enou ple\u0165. Slo\u017een\u00ed VitC je ide\u00e1ln\u00ed pro v\u0161echny typy pleti. VitC je pro va\u0161i ple\u0165 jako ka\u017edodenn\u00ed detoxikace, pom\u00e1h\u00e1 odstra\u0148ovat toxiny a ne\u010distoty, kter\u00e9 by mohly zp\u016fsobit vznik nedokonalost\u00ed.  <\/p>\n<p>VitC Denn\u00ed rozjas\u0148uj\u00edc\u00ed kr\u00e9m s vitaminem C je v\u00edc ne\u017e jen kr\u00e9m. Je to kl\u00ed\u010d k z\u00e1\u0159iv\u00e9 a zdrav\u00e9 pleti. <\/p>\n<p>5 p\u0159esv\u011bd\u010div\u00fdch v\u00fdhod vitC:<\/p>\n<p>. Rozjas\u0148uje ple\u0165:<br \/>\n Vitam\u00edn C dod\u00e1v\u00e1 pleti zdrav\u00fd lesk a pom\u00e1h\u00e1 redukovat tmav\u00e9 skvrny a nerovnom\u011brn\u00fd t\u00f3n pleti&#8230; Hydratuje a detoxikuje:<\/p>\n<p>. Proti st\u00e1rnut\u00ed: Vitam\u00edn C p\u016fsob\u00ed jako siln\u00fd antioxidant a pom\u00e1h\u00e1 zlep\u0161ovat vzhled jemn\u00fdch linek a vr\u00e1sek. . Vhodn\u00fd pro v\u0161echny typy pleti: VitC je ide\u00e1ln\u00ed pro v\u0161echny typy pleti, a\u0165 u\u017e m\u00e1te norm\u00e1ln\u00ed, suchou, mastnou nebo sm\u00ed\u0161enou ple\u0165. . Bezpe\u010dn\u00fd a \u00fa\u010dinn\u00fd: VitC je bezpe\u010dn\u00fd a \u00fa\u010dinn\u00fd zp\u016fsob, jak zlep\u0161it vzhled a pocit va\u0161\u00ed pleti.     <\/p>\n<p>N\u00e1vod k pou\u017eit\u00ed: naneste dostate\u010dn\u00e9 mno\u017estv\u00ed kr\u00e9mu na poko\u017eku obli\u010deje a krku. V\u017edy nan\u00e1\u0161ejte na \u010distou ple\u0165. Doporu\u010dujeme pou\u017e\u00edvat p\u0159\u00edpravek ka\u017ed\u00e9 r\u00e1no a\/nebo ve\u010der.  <\/p>\n<p><strong>P\u0159ed ka\u017ed\u00fdm pou\u017eit\u00edm kr\u00e9m prot\u0159epejte.<\/strong><\/p>\n<p>Upozorn\u011bn\u00ed: V\u00fdrobek je ur\u010den pro vn\u011bj\u0161\u00ed pou\u017eit\u00ed. Uchov\u00e1vejte mimo dosah d\u011bt\u00ed. Uchov\u00e1vejte mimo dosah p\u0159\u00edm\u00e9ho slune\u010dn\u00edho z\u00e1\u0159en\u00ed a mrazu. Skladujte p\u0159i pokojov\u00e9 teplot\u011b, na such\u00e9m a tmav\u00e9m m\u00edst\u011b.   <\/p>\n<p>Slo\u017een\u00ed: Aqua, Magnesium Ascorbyl Phosphate, Polyglyceryl-6 Distearate, Sodium Acrylates Copolymer, Lecithin, Squalane, Betaine, Ricinus Communis Seed Oil, Hydrogenated Castor Oil, Copernicia Cerifera Wax, Glyceryl Behenate, Phenoxyethanol, Ethylhexylglycerin, Litsea Cubeba Fruit Oil, Citral, Limonene.<\/p>\n<p>&nbsp;<\/p>\n<p>Zapome\u0148te na nep\u0159\u00edjemn\u011b suchou ple\u0165 a mdl\u00fd v\u00fdraz. Denn\u00ed rozjas\u0148uj\u00edc\u00ed ple\u0165ov\u00fd kr\u00e9m VitC s vitaminem C je va\u0161\u00edm nov\u00fdm superhrdinou v boji proti nerovnom\u011brn\u00e9mu t\u00f3nu pleti a tmav\u00fdm skvrn\u00e1m. Denn\u00ed rozjas\u0148uj\u00edc\u00ed ple\u0165ov\u00fd kr\u00e9m VitC s vitaminem C a betainem je jako va\u0161e ka\u017edodenn\u00ed slune\u010dn\u00ed sv\u011btlo v tub\u011b, kter\u00e9 p\u0159in\u00e1\u0161\u00ed sv\u011b\u017eest a z\u00e1\u0159ivost do ka\u017ed\u00e9ho dne.  <\/p>\n<p>Vitamin C je d\u016fle\u017eit\u00fd antioxidant, kter\u00fd bojuje proti po\u0161kozen\u00ed pleti voln\u00fdmi radik\u00e1ly a pom\u00e1h\u00e1 zlep\u0161ovat vzhled jemn\u00fdch linek a vr\u00e1sek. Tento denn\u00ed kr\u00e9m je pln\u00fd tohoto \u00fa\u010dinn\u00e9ho vitaminu, kter\u00fd udr\u017euje va\u0161i ple\u0165 sv\u011b\u017e\u00ed, jasnou a pevnou. <\/p>\n<p>Betain zase zvy\u0161uje hydrataci poko\u017eky, reguluje tvorbu ko\u017en\u00edho mazu a sni\u017euje pravd\u011bpodobnost vzniku akn\u00e9. Je dokonal\u00fdm spole\u010dn\u00edkem vitaminu C, proto\u017ee spole\u010dn\u011b p\u0159isp\u00edvaj\u00ed k tomu, aby va\u0161e ple\u0165 vypadala a c\u00edtila se co nejl\u00e9pe. <\/p>\n<p>Nez\u00e1le\u017e\u00ed na tom, zda m\u00e1te norm\u00e1ln\u00ed, suchou, mastnou nebo sm\u00ed\u0161enou ple\u0165. Slo\u017een\u00ed VitC je ide\u00e1ln\u00ed pro v\u0161echny typy pleti. VitC je pro va\u0161i ple\u0165 jako ka\u017edodenn\u00ed detoxikace, pom\u00e1h\u00e1 odstra\u0148ovat toxiny a ne\u010distoty, kter\u00e9 by mohly zp\u016fsobit vznik nedokonalost\u00ed.  <\/p>\n<p>VitC Denn\u00ed rozjas\u0148uj\u00edc\u00ed kr\u00e9m s vitaminem C je v\u00edc ne\u017e jen kr\u00e9m. Je to kl\u00ed\u010d k z\u00e1\u0159iv\u00e9 a zdrav\u00e9 pleti. <\/p>\n<p>5 p\u0159esv\u011bd\u010div\u00fdch v\u00fdhod vitC:<\/p>\n<p>. Rozjas\u0148uje ple\u0165:<br \/>\n Vitam\u00edn C dod\u00e1v\u00e1 pleti zdrav\u00fd lesk a pom\u00e1h\u00e1 redukovat tmav\u00e9 skvrny a nerovnom\u011brn\u00fd t\u00f3n pleti&#8230; Hydratuje a detoxikuje:<\/p>\n<p>. Proti st\u00e1rnut\u00ed: Vitam\u00edn C p\u016fsob\u00ed jako siln\u00fd antioxidant a pom\u00e1h\u00e1 zlep\u0161ovat vzhled jemn\u00fdch linek a vr\u00e1sek. . Vhodn\u00fd pro v\u0161echny typy pleti: VitC je ide\u00e1ln\u00ed pro v\u0161echny typy pleti, a\u0165 u\u017e m\u00e1te norm\u00e1ln\u00ed, suchou, mastnou nebo sm\u00ed\u0161enou ple\u0165. . Bezpe\u010dn\u00fd a \u00fa\u010dinn\u00fd: VitC je bezpe\u010dn\u00fd a \u00fa\u010dinn\u00fd zp\u016fsob, jak zlep\u0161it vzhled a pocit va\u0161\u00ed pleti.     <\/p>\n<p>N\u00e1vod k pou\u017eit\u00ed: naneste dostate\u010dn\u00e9 mno\u017estv\u00ed kr\u00e9mu na poko\u017eku obli\u010deje a krku. V\u017edy nan\u00e1\u0161ejte na \u010distou ple\u0165. Doporu\u010dujeme pou\u017e\u00edvat p\u0159\u00edpravek ka\u017ed\u00e9 r\u00e1no a\/nebo ve\u010der.  <\/p>\n<p><strong>P\u0159ed ka\u017ed\u00fdm pou\u017eit\u00edm kr\u00e9m prot\u0159epejte.<\/strong><\/p>\n<p>Upozorn\u011bn\u00ed: V\u00fdrobek je ur\u010den pro vn\u011bj\u0161\u00ed pou\u017eit\u00ed. Uchov\u00e1vejte mimo dosah d\u011bt\u00ed. Uchov\u00e1vejte mimo dosah p\u0159\u00edm\u00e9ho slune\u010dn\u00edho z\u00e1\u0159en\u00ed a mrazu. Skladujte p\u0159i pokojov\u00e9 teplot\u011b, na such\u00e9m a tmav\u00e9m m\u00edst\u011b.   <\/p>\n<p>Slo\u017een\u00ed: Aqua, Magnesium Ascorbyl Phosphate, Polyglyceryl-6 Distearate, Sodium Acrylates Copolymer, Lecithin, Squalane, Betaine, Ricinus Communis Seed Oil, Hydrogenated Castor Oil, Copernicia Cerifera Wax, Glyceryl Behenate, Phenoxyethanol, Ethylhexylglycerin, Litsea Cubeba Fruit Oil, Citral, Limonene.<\/p>\n","protected":false},"excerpt":{"rendered":"<p>VitC je v\u00e1\u0161 nov\u00fd superhrdina v boji proti nerovnom\u011brn\u00e9mu t\u00f3nu pleti a tmav\u00fdm skvrn\u00e1m. VitE &#8211; intenzivn\u00ed vy\u017eivuj\u00edc\u00ed hydrata\u010dn\u00ed ple\u0165ov\u00e1 maska, kter\u00e1 je p\u0159esn\u011b to, co va\u0161e unaven\u00e1 ple\u0165 pot\u0159ebuje, aby z\u00edskala zp\u011bt sv\u016fj z\u00e1\u0159iv\u00fd a sv\u011b\u017e\u00ed vzhled.<\/p>\n","protected":false},"featured_media":13727,"comment_status":"open","ping_status":"closed","template":"","meta":[],"product_brand":[],"product_cat":[87],"product_tag":[],"class_list":{"0":"post-14967","1":"product","2":"type-product","3":"status-publish","4":"has-post-thumbnail","6":"product_cat-pletova-kosmetika","8":"first","9":"outofstock","10":"sale","11":"taxable","12":"shipping-taxable","13":"purchasable","14":"product-type-simple"},"yoast_head":"<!-- This site is optimized with the Yoast SEO Premium plugin v27.3 (Yoast SEO v27.3) - https:\/\/yoast.com\/product\/yoast-seo-premium-wordpress\/ -->\n<title>Bal\u00ed\u010dek hydratace a pigmentov\u00fdch skvrn - ZK company<\/title>\n<meta name=\"robots\" content=\"index, follow, max-snippet:-1, max-image-preview:large, max-video-preview:-1\" \/>\n<link rel=\"canonical\" href=\"https:\/\/zkeshop.sk\/cs\/produkt\/balicek-hydratace-a-pigmentovych-skvrn\/\" \/>\n<meta property=\"og:locale\" content=\"cs_CZ\" \/>\n<meta property=\"og:type\" content=\"article\" \/>\n<meta property=\"og:title\" content=\"Bal\u00ed\u010dek hydratace a pigmentov\u00fdch skvrn\" \/>\n<meta property=\"og:description\" content=\"VitC je v\u00e1\u0161 nov\u00fd superhrdina v boji proti nerovnom\u011brn\u00e9mu t\u00f3nu pleti a tmav\u00fdm skvrn\u00e1m. VitE - intenzivn\u00ed vy\u017eivuj\u00edc\u00ed hydrata\u010dn\u00ed ple\u0165ov\u00e1 maska, kter\u00e1 je p\u0159esn\u011b to, co va\u0161e unaven\u00e1 ple\u0165 pot\u0159ebuje, aby z\u00edskala zp\u011bt sv\u016fj z\u00e1\u0159iv\u00fd a sv\u011b\u017e\u00ed vzhled.\" \/>\n<meta property=\"og:url\" content=\"https:\/\/zkeshop.sk\/cs\/produkt\/balicek-hydratace-a-pigmentovych-skvrn\/\" \/>\n<meta property=\"og:site_name\" content=\"ZK company\" \/>\n<meta property=\"article:modified_time\" content=\"2026-01-05T11:28:29+00:00\" \/>\n<meta property=\"og:image\" content=\"https:\/\/zkeshop.sk\/wp-content\/uploads\/2024\/09\/vitC-vitE-WEB.jpg\" \/>\n\t<meta property=\"og:image:width\" content=\"2560\" \/>\n\t<meta property=\"og:image:height\" content=\"1708\" \/>\n\t<meta property=\"og:image:type\" content=\"image\/jpeg\" \/>\n<meta name=\"twitter:card\" content=\"summary_large_image\" \/>\n<meta name=\"twitter:label1\" content=\"Cena\" \/>\n\t<meta name=\"twitter:data1\" content=\"53,00&nbsp;&euro;\" \/>\n\t<meta name=\"twitter:label2\" content=\"Dostupnost\" \/>\n\t<meta name=\"twitter:data2\" content=\"Vyprod\u00e1no\" \/>\n<script type=\"application\/ld+json\" class=\"yoast-schema-graph\">{\"@context\":\"https:\\\/\\\/schema.org\",\"@graph\":[{\"@type\":\"WebPage\",\"@id\":\"https:\\\/\\\/zkeshop.sk\\\/cs\\\/produkt\\\/balicek-hydratace-a-pigmentovych-skvrn\\\/\",\"url\":\"https:\\\/\\\/zkeshop.sk\\\/cs\\\/produkt\\\/balicek-hydratace-a-pigmentovych-skvrn\\\/\",\"name\":\"Bal\u00ed\u010dek hydratace a pigmentov\u00fdch skvrn - ZK company\",\"isPartOf\":{\"@id\":\"https:\\\/\\\/zkeshop.sk\\\/#website\"},\"primaryImageOfPage\":{\"@id\":\"https:\\\/\\\/zkeshop.sk\\\/cs\\\/produkt\\\/balicek-hydratace-a-pigmentovych-skvrn\\\/#primaryimage\"},\"image\":{\"@id\":\"https:\\\/\\\/zkeshop.sk\\\/cs\\\/produkt\\\/balicek-hydratace-a-pigmentovych-skvrn\\\/#primaryimage\"},\"thumbnailUrl\":\"https:\\\/\\\/zkeshop.sk\\\/wp-content\\\/uploads\\\/2024\\\/09\\\/vitC-vitE-WEB.jpg\",\"datePublished\":\"2024-09-12T10:38:54+00:00\",\"dateModified\":\"2026-01-05T11:28:29+00:00\",\"breadcrumb\":{\"@id\":\"https:\\\/\\\/zkeshop.sk\\\/cs\\\/produkt\\\/balicek-hydratace-a-pigmentovych-skvrn\\\/#breadcrumb\"},\"inLanguage\":\"cs\",\"potentialAction\":[{\"@type\":\"ReadAction\",\"target\":[\"https:\\\/\\\/zkeshop.sk\\\/cs\\\/produkt\\\/balicek-hydratace-a-pigmentovych-skvrn\\\/\"]}]},{\"@type\":\"ImageObject\",\"inLanguage\":\"cs\",\"@id\":\"https:\\\/\\\/zkeshop.sk\\\/cs\\\/produkt\\\/balicek-hydratace-a-pigmentovych-skvrn\\\/#primaryimage\",\"url\":\"https:\\\/\\\/zkeshop.sk\\\/wp-content\\\/uploads\\\/2024\\\/09\\\/vitC-vitE-WEB.jpg\",\"contentUrl\":\"https:\\\/\\\/zkeshop.sk\\\/wp-content\\\/uploads\\\/2024\\\/09\\\/vitC-vitE-WEB.jpg\",\"width\":2560,\"height\":1708,\"caption\":\"Objevte s\u00edlu kombinace vitam\u00edn\u016f C a E pro va\u0161i ple\u0165. Tato siln\u00e1 dvojice antioxidant\u016f chr\u00e1n\u00ed poko\u017eku p\u0159ed \u0161kodliv\u00fdmi vlivy, bojuje proti st\u00e1rnut\u00ed.\"},{\"@type\":\"BreadcrumbList\",\"@id\":\"https:\\\/\\\/zkeshop.sk\\\/cs\\\/produkt\\\/balicek-hydratace-a-pigmentovych-skvrn\\\/#breadcrumb\",\"itemListElement\":[{\"@type\":\"ListItem\",\"position\":1,\"name\":\"Dom\u016f\",\"item\":\"https:\\\/\\\/zkeshop.sk\\\/\"},{\"@type\":\"ListItem\",\"position\":2,\"name\":\"Obchod\",\"item\":\"https:\\\/\\\/zkeshop.sk\\\/obchod\\\/\"},{\"@type\":\"ListItem\",\"position\":3,\"name\":\"Bal\u00ed\u010dek hydratace a pigmentov\u00fdch skvrn\"}]},{\"@type\":\"WebSite\",\"@id\":\"https:\\\/\\\/zkeshop.sk\\\/#website\",\"url\":\"https:\\\/\\\/zkeshop.sk\\\/\",\"name\":\"ZK company\",\"description\":\"Kvalitn\u00e1 kozmetika pre ka\u017edodenn\u00e9 pou\u017eitie\",\"potentialAction\":[{\"@type\":\"SearchAction\",\"target\":{\"@type\":\"EntryPoint\",\"urlTemplate\":\"https:\\\/\\\/zkeshop.sk\\\/?s={search_term_string}\"},\"query-input\":{\"@type\":\"PropertyValueSpecification\",\"valueRequired\":true,\"valueName\":\"search_term_string\"}}],\"inLanguage\":\"cs\"}]}<\/script>\n<meta property=\"product:price:amount\" content=\"53.00\" \/>\n<meta property=\"product:price:currency\" content=\"EUR\" \/>\n<meta property=\"og:availability\" content=\"out of stock\" \/>\n<meta property=\"product:availability\" content=\"out of stock\" \/>\n<meta property=\"product:condition\" content=\"new\" \/>\n<!-- \/ Yoast SEO Premium plugin. -->","yoast_head_json":{"title":"Bal\u00ed\u010dek hydratace a pigmentov\u00fdch skvrn - ZK company","robots":{"index":"index","follow":"follow","max-snippet":"max-snippet:-1","max-image-preview":"max-image-preview:large","max-video-preview":"max-video-preview:-1"},"canonical":"https:\/\/zkeshop.sk\/cs\/produkt\/balicek-hydratace-a-pigmentovych-skvrn\/","og_locale":"cs_CZ","og_type":"article","og_title":"Bal\u00ed\u010dek hydratace a pigmentov\u00fdch skvrn","og_description":"VitC je v\u00e1\u0161 nov\u00fd superhrdina v boji proti nerovnom\u011brn\u00e9mu t\u00f3nu pleti a tmav\u00fdm skvrn\u00e1m. VitE - intenzivn\u00ed vy\u017eivuj\u00edc\u00ed hydrata\u010dn\u00ed ple\u0165ov\u00e1 maska, kter\u00e1 je p\u0159esn\u011b to, co va\u0161e unaven\u00e1 ple\u0165 pot\u0159ebuje, aby z\u00edskala zp\u011bt sv\u016fj z\u00e1\u0159iv\u00fd a sv\u011b\u017e\u00ed vzhled.","og_url":"https:\/\/zkeshop.sk\/cs\/produkt\/balicek-hydratace-a-pigmentovych-skvrn\/","og_site_name":"ZK company","article_modified_time":"2026-01-05T11:28:29+00:00","og_image":[{"width":2560,"height":1708,"url":"https:\/\/zkeshop.sk\/wp-content\/uploads\/2024\/09\/vitC-vitE-WEB.jpg","type":"image\/jpeg"}],"twitter_card":"summary_large_image","twitter_misc":{"Cena":"53,00&nbsp;&euro;","Dostupnost":"Vyprod\u00e1no"},"schema":{"@context":"https:\/\/schema.org","@graph":[{"@type":"WebPage","@id":"https:\/\/zkeshop.sk\/cs\/produkt\/balicek-hydratace-a-pigmentovych-skvrn\/","url":"https:\/\/zkeshop.sk\/cs\/produkt\/balicek-hydratace-a-pigmentovych-skvrn\/","name":"Bal\u00ed\u010dek hydratace a pigmentov\u00fdch skvrn - ZK company","isPartOf":{"@id":"https:\/\/zkeshop.sk\/#website"},"primaryImageOfPage":{"@id":"https:\/\/zkeshop.sk\/cs\/produkt\/balicek-hydratace-a-pigmentovych-skvrn\/#primaryimage"},"image":{"@id":"https:\/\/zkeshop.sk\/cs\/produkt\/balicek-hydratace-a-pigmentovych-skvrn\/#primaryimage"},"thumbnailUrl":"https:\/\/zkeshop.sk\/wp-content\/uploads\/2024\/09\/vitC-vitE-WEB.jpg","datePublished":"2024-09-12T10:38:54+00:00","dateModified":"2026-01-05T11:28:29+00:00","breadcrumb":{"@id":"https:\/\/zkeshop.sk\/cs\/produkt\/balicek-hydratace-a-pigmentovych-skvrn\/#breadcrumb"},"inLanguage":"cs","potentialAction":[{"@type":"ReadAction","target":["https:\/\/zkeshop.sk\/cs\/produkt\/balicek-hydratace-a-pigmentovych-skvrn\/"]}]},{"@type":"ImageObject","inLanguage":"cs","@id":"https:\/\/zkeshop.sk\/cs\/produkt\/balicek-hydratace-a-pigmentovych-skvrn\/#primaryimage","url":"https:\/\/zkeshop.sk\/wp-content\/uploads\/2024\/09\/vitC-vitE-WEB.jpg","contentUrl":"https:\/\/zkeshop.sk\/wp-content\/uploads\/2024\/09\/vitC-vitE-WEB.jpg","width":2560,"height":1708,"caption":"Objevte s\u00edlu kombinace vitam\u00edn\u016f C a E pro va\u0161i ple\u0165. Tato siln\u00e1 dvojice antioxidant\u016f chr\u00e1n\u00ed poko\u017eku p\u0159ed \u0161kodliv\u00fdmi vlivy, bojuje proti st\u00e1rnut\u00ed."},{"@type":"BreadcrumbList","@id":"https:\/\/zkeshop.sk\/cs\/produkt\/balicek-hydratace-a-pigmentovych-skvrn\/#breadcrumb","itemListElement":[{"@type":"ListItem","position":1,"name":"Dom\u016f","item":"https:\/\/zkeshop.sk\/"},{"@type":"ListItem","position":2,"name":"Obchod","item":"https:\/\/zkeshop.sk\/obchod\/"},{"@type":"ListItem","position":3,"name":"Bal\u00ed\u010dek hydratace a pigmentov\u00fdch skvrn"}]},{"@type":"WebSite","@id":"https:\/\/zkeshop.sk\/#website","url":"https:\/\/zkeshop.sk\/","name":"ZK company","description":"Kvalitn\u00e1 kozmetika pre ka\u017edodenn\u00e9 pou\u017eitie","potentialAction":[{"@type":"SearchAction","target":{"@type":"EntryPoint","urlTemplate":"https:\/\/zkeshop.sk\/?s={search_term_string}"},"query-input":{"@type":"PropertyValueSpecification","valueRequired":true,"valueName":"search_term_string"}}],"inLanguage":"cs"}]},"product_price_amount":"53.00","product_price_currency":"EUR","og_availability":"out of stock","product_availability":"out of stock","product_condition":"new"},"_links":{"self":[{"href":"https:\/\/zkeshop.sk\/cs\/wp-json\/wp\/v2\/product\/14967","targetHints":{"allow":["GET"]}}],"collection":[{"href":"https:\/\/zkeshop.sk\/cs\/wp-json\/wp\/v2\/product"}],"about":[{"href":"https:\/\/zkeshop.sk\/cs\/wp-json\/wp\/v2\/types\/product"}],"replies":[{"embeddable":true,"href":"https:\/\/zkeshop.sk\/cs\/wp-json\/wp\/v2\/comments?post=14967"}],"version-history":[{"count":0,"href":"https:\/\/zkeshop.sk\/cs\/wp-json\/wp\/v2\/product\/14967\/revisions"}],"wp:featuredmedia":[{"embeddable":true,"href":"https:\/\/zkeshop.sk\/cs\/wp-json\/wp\/v2\/media\/13727"}],"wp:attachment":[{"href":"https:\/\/zkeshop.sk\/cs\/wp-json\/wp\/v2\/media?parent=14967"}],"wp:term":[{"taxonomy":"product_brand","embeddable":true,"href":"https:\/\/zkeshop.sk\/cs\/wp-json\/wp\/v2\/product_brand?post=14967"},{"taxonomy":"product_cat","embeddable":true,"href":"https:\/\/zkeshop.sk\/cs\/wp-json\/wp\/v2\/product_cat?post=14967"},{"taxonomy":"product_tag","embeddable":true,"href":"https:\/\/zkeshop.sk\/cs\/wp-json\/wp\/v2\/product_tag?post=14967"}],"curies":[{"name":"wp","href":"https:\/\/api.w.org\/{rel}","templated":true}]}}