{"id":14982,"date":"2024-06-28T18:01:06","date_gmt":"2024-06-28T16:01:06","guid":{"rendered":"https:\/\/zkeshop.sk\/produkt\/tulsi-kralovna-ajurvedy-60-kapsli\/"},"modified":"2025-02-17T15:05:53","modified_gmt":"2025-02-17T14:05:53","slug":"tulsi-kralovna-ajurvedy-60-kapsli","status":"publish","type":"product","link":"https:\/\/zkeshop.sk\/cs\/produkt\/tulsi-kralovna-ajurvedy-60-kapsli\/","title":{"rendered":"Tulsi &#8211; kr\u00e1lovna \u00e1jurv\u00e9dy 60 kapsl\u00ed"},"content":{"rendered":"<p>P<strong>odrobn\u00fd popis<\/strong> Tulsi neboli svat\u00e1 bazalka poch\u00e1z\u00ed z Indie, podporuje \u017eivotn\u00ed s\u00edlu, dod\u00e1v\u00e1 energii, navozuje fyzickou pohodu a relaxaci. V \u00e1jurv\u00e9dsk\u00e9 medic\u00edn\u011b se pou\u017e\u00edv\u00e1 p\u0159edev\u0161\u00edm k pos\u00edlen\u00ed obranyschopnosti organismu, proti stresu, proti nachlazen\u00ed a m\u00e1 antioxida\u010dn\u00ed a antibakteri\u00e1ln\u00ed \u00fa\u010dinky. <\/p>\n<p><strong>Slo\u017een\u00ed: <\/strong>Tulsi (Ocimum tenuiflorum) Svat\u00e1 bazalka 300 mg, rostlinn\u00e1 celul\u00f3za v kapsl\u00edch.<\/p>\n<p>Pozn\u00e1mka: Nep\u0159ekra\u010dujte doporu\u010den\u00e9 d\u00e1vkov\u00e1n\u00ed. Nepou\u017e\u00edvejte jako n\u00e1hradu pestr\u00e9 stravy. V\u00fdrobek nen\u00ed ur\u010den pro d\u011bti, t\u011bhotn\u00e9 a koj\u00edc\u00ed \u017eeny. Uchov\u00e1vejte mimo dosah mal\u00fdch d\u011bt\u00ed. Skladujte na chladn\u00e9m a such\u00e9m m\u00edst\u011b. Nevystavujte slune\u010dn\u00edmu z\u00e1\u0159en\u00ed.     <\/p>\n<p><strong>Doporu\u010den\u00e9 d\u00e1vkov\u00e1n\u00ed: <\/strong>1 a\u017e 2 kapsle dvakr\u00e1t denn\u011b, r\u00e1no a brzy odpoledne. Doporu\u010duje se u\u017e\u00edvat po dobu nejm\u00e9n\u011b jednoho m\u011bs\u00edce. <\/p>\n<p><strong>Balen\u00ed: <\/strong>60 vegetari\u00e1nsk\u00fdch bezlepkov\u00fdch kapsl\u00ed<\/p>\n<p>Zem\u011b p\u016fvodu: Indie<\/p>\n","protected":false},"excerpt":{"rendered":"<p>Tulsi neboli svat\u00e1 bazalka poch\u00e1z\u00ed z Indie a podporuje \u017eivotn\u00ed s\u00edlu, energii, fyzickou pohodu a relaxaci.<\/p>\n","protected":false},"featured_media":12990,"comment_status":"open","ping_status":"closed","template":"","meta":[],"product_brand":[],"product_cat":[111,89],"product_tag":[],"class_list":{"0":"post-14982","1":"product","2":"type-product","3":"status-publish","4":"has-post-thumbnail","6":"product_cat-ajurveda-cs","7":"product_cat-doplnky-stravy","9":"first","10":"instock","11":"taxable","12":"shipping-taxable","13":"purchasable","14":"product-type-simple"},"yoast_head":"<!-- This site is optimized with the Yoast SEO Premium plugin v27.3 (Yoast SEO v27.3) - https:\/\/yoast.com\/product\/yoast-seo-premium-wordpress\/ -->\n<title>Tulsi - kr\u00e1lovna \u00e1jurv\u00e9dy 60 kapsl\u00ed - ZK company<\/title>\n<meta name=\"robots\" content=\"index, follow, max-snippet:-1, max-image-preview:large, max-video-preview:-1\" \/>\n<link rel=\"canonical\" href=\"https:\/\/zkeshop.sk\/produkt\/tulsi-kralovna-ajurvedy-60-kapsul\/\" \/>\n<meta property=\"og:locale\" content=\"cs_CZ\" \/>\n<meta property=\"og:type\" content=\"article\" \/>\n<meta property=\"og:title\" content=\"Tulsi - kr\u00e1lovna \u00e1jurv\u00e9dy 60 kapsl\u00ed\" \/>\n<meta property=\"og:description\" content=\"Tulsi neboli svat\u00e1 bazalka poch\u00e1z\u00ed z Indie a podporuje \u017eivotn\u00ed s\u00edlu, energii, fyzickou pohodu a relaxaci.\" \/>\n<meta property=\"og:url\" content=\"https:\/\/zkeshop.sk\/produkt\/tulsi-kralovna-ajurvedy-60-kapsul\/\" \/>\n<meta property=\"og:site_name\" content=\"ZK company\" \/>\n<meta property=\"article:modified_time\" content=\"2025-02-17T14:05:53+00:00\" \/>\n<meta property=\"og:image\" content=\"https:\/\/zkeshop.sk\/wp-content\/uploads\/2024\/06\/vitamax-ayurmind-tulsi.jpg\" \/>\n\t<meta property=\"og:image:width\" content=\"800\" \/>\n\t<meta property=\"og:image:height\" content=\"800\" \/>\n\t<meta property=\"og:image:type\" content=\"image\/jpeg\" \/>\n<meta name=\"twitter:card\" content=\"summary_large_image\" \/>\n<meta name=\"twitter:label1\" content=\"Cena\" \/>\n\t<meta name=\"twitter:data1\" content=\"11,60&nbsp;&euro;\" \/>\n\t<meta name=\"twitter:label2\" content=\"Dostupnost\" \/>\n\t<meta name=\"twitter:data2\" content=\"Skladem\" \/>\n<script type=\"application\/ld+json\" class=\"yoast-schema-graph\">{\"@context\":\"https:\\\/\\\/schema.org\",\"@graph\":[{\"@type\":\"WebPage\",\"@id\":\"https:\\\/\\\/zkeshop.sk\\\/produkt\\\/tulsi-kralovna-ajurvedy-60-kapsul\\\/\",\"url\":\"https:\\\/\\\/zkeshop.sk\\\/produkt\\\/tulsi-kralovna-ajurvedy-60-kapsul\\\/\",\"name\":\"Tulsi - kr\u00e1lovna \u00e1jurv\u00e9dy 60 kapsl\u00ed - ZK company\",\"isPartOf\":{\"@id\":\"https:\\\/\\\/zkeshop.sk\\\/#website\"},\"primaryImageOfPage\":{\"@id\":\"https:\\\/\\\/zkeshop.sk\\\/produkt\\\/tulsi-kralovna-ajurvedy-60-kapsul\\\/#primaryimage\"},\"image\":{\"@id\":\"https:\\\/\\\/zkeshop.sk\\\/produkt\\\/tulsi-kralovna-ajurvedy-60-kapsul\\\/#primaryimage\"},\"thumbnailUrl\":\"https:\\\/\\\/zkeshop.sk\\\/wp-content\\\/uploads\\\/2024\\\/06\\\/vitamax-ayurmind-tulsi.jpg\",\"datePublished\":\"2024-06-28T16:01:06+00:00\",\"dateModified\":\"2025-02-17T14:05:53+00:00\",\"breadcrumb\":{\"@id\":\"https:\\\/\\\/zkeshop.sk\\\/produkt\\\/tulsi-kralovna-ajurvedy-60-kapsul\\\/#breadcrumb\"},\"inLanguage\":\"cs\",\"potentialAction\":[{\"@type\":\"ReadAction\",\"target\":[\"https:\\\/\\\/zkeshop.sk\\\/produkt\\\/tulsi-kralovna-ajurvedy-60-kapsul\\\/\"]}]},{\"@type\":\"ImageObject\",\"inLanguage\":\"cs\",\"@id\":\"https:\\\/\\\/zkeshop.sk\\\/produkt\\\/tulsi-kralovna-ajurvedy-60-kapsul\\\/#primaryimage\",\"url\":\"https:\\\/\\\/zkeshop.sk\\\/wp-content\\\/uploads\\\/2024\\\/06\\\/vitamax-ayurmind-tulsi.jpg\",\"contentUrl\":\"https:\\\/\\\/zkeshop.sk\\\/wp-content\\\/uploads\\\/2024\\\/06\\\/vitamax-ayurmind-tulsi.jpg\",\"width\":800,\"height\":800,\"caption\":\"Tulsi \u2013 bazalka posv\u00e4tn\u00e1 na podporu imunity, energie a du\u0161evnej pohody. Pom\u00e1ha pri strese, nachladnut\u00ed a zvy\u0161uje vitalitu.\"},{\"@type\":\"BreadcrumbList\",\"@id\":\"https:\\\/\\\/zkeshop.sk\\\/produkt\\\/tulsi-kralovna-ajurvedy-60-kapsul\\\/#breadcrumb\",\"itemListElement\":[{\"@type\":\"ListItem\",\"position\":1,\"name\":\"Dom\u016f\",\"item\":\"https:\\\/\\\/zkeshop.sk\\\/\"},{\"@type\":\"ListItem\",\"position\":2,\"name\":\"Obchod\",\"item\":\"https:\\\/\\\/zkeshop.sk\\\/obchod\\\/\"},{\"@type\":\"ListItem\",\"position\":3,\"name\":\"Tulsi &#8211; kr\u00e1lovna \u00e1jurv\u00e9dy 60 kapsl\u00ed\"}]},{\"@type\":\"WebSite\",\"@id\":\"https:\\\/\\\/zkeshop.sk\\\/#website\",\"url\":\"https:\\\/\\\/zkeshop.sk\\\/\",\"name\":\"ZK company\",\"description\":\"Kvalitn\u00e1 kozmetika pre ka\u017edodenn\u00e9 pou\u017eitie\",\"potentialAction\":[{\"@type\":\"SearchAction\",\"target\":{\"@type\":\"EntryPoint\",\"urlTemplate\":\"https:\\\/\\\/zkeshop.sk\\\/?s={search_term_string}\"},\"query-input\":{\"@type\":\"PropertyValueSpecification\",\"valueRequired\":true,\"valueName\":\"search_term_string\"}}],\"inLanguage\":\"cs\"}]}<\/script>\n<meta property=\"product:price:amount\" content=\"11.60\" \/>\n<meta property=\"product:price:currency\" content=\"EUR\" \/>\n<meta property=\"og:availability\" content=\"instock\" \/>\n<meta property=\"product:availability\" content=\"instock\" \/>\n<meta property=\"product:condition\" content=\"new\" \/>\n<!-- \/ Yoast SEO Premium plugin. -->","yoast_head_json":{"title":"Tulsi - kr\u00e1lovna \u00e1jurv\u00e9dy 60 kapsl\u00ed - ZK company","robots":{"index":"index","follow":"follow","max-snippet":"max-snippet:-1","max-image-preview":"max-image-preview:large","max-video-preview":"max-video-preview:-1"},"canonical":"https:\/\/zkeshop.sk\/produkt\/tulsi-kralovna-ajurvedy-60-kapsul\/","og_locale":"cs_CZ","og_type":"article","og_title":"Tulsi - kr\u00e1lovna \u00e1jurv\u00e9dy 60 kapsl\u00ed","og_description":"Tulsi neboli svat\u00e1 bazalka poch\u00e1z\u00ed z Indie a podporuje \u017eivotn\u00ed s\u00edlu, energii, fyzickou pohodu a relaxaci.","og_url":"https:\/\/zkeshop.sk\/produkt\/tulsi-kralovna-ajurvedy-60-kapsul\/","og_site_name":"ZK company","article_modified_time":"2025-02-17T14:05:53+00:00","og_image":[{"width":800,"height":800,"url":"https:\/\/zkeshop.sk\/wp-content\/uploads\/2024\/06\/vitamax-ayurmind-tulsi.jpg","type":"image\/jpeg"}],"twitter_card":"summary_large_image","twitter_misc":{"Cena":"11,60&nbsp;&euro;","Dostupnost":"Skladem"},"schema":{"@context":"https:\/\/schema.org","@graph":[{"@type":"WebPage","@id":"https:\/\/zkeshop.sk\/produkt\/tulsi-kralovna-ajurvedy-60-kapsul\/","url":"https:\/\/zkeshop.sk\/produkt\/tulsi-kralovna-ajurvedy-60-kapsul\/","name":"Tulsi - kr\u00e1lovna \u00e1jurv\u00e9dy 60 kapsl\u00ed - ZK company","isPartOf":{"@id":"https:\/\/zkeshop.sk\/#website"},"primaryImageOfPage":{"@id":"https:\/\/zkeshop.sk\/produkt\/tulsi-kralovna-ajurvedy-60-kapsul\/#primaryimage"},"image":{"@id":"https:\/\/zkeshop.sk\/produkt\/tulsi-kralovna-ajurvedy-60-kapsul\/#primaryimage"},"thumbnailUrl":"https:\/\/zkeshop.sk\/wp-content\/uploads\/2024\/06\/vitamax-ayurmind-tulsi.jpg","datePublished":"2024-06-28T16:01:06+00:00","dateModified":"2025-02-17T14:05:53+00:00","breadcrumb":{"@id":"https:\/\/zkeshop.sk\/produkt\/tulsi-kralovna-ajurvedy-60-kapsul\/#breadcrumb"},"inLanguage":"cs","potentialAction":[{"@type":"ReadAction","target":["https:\/\/zkeshop.sk\/produkt\/tulsi-kralovna-ajurvedy-60-kapsul\/"]}]},{"@type":"ImageObject","inLanguage":"cs","@id":"https:\/\/zkeshop.sk\/produkt\/tulsi-kralovna-ajurvedy-60-kapsul\/#primaryimage","url":"https:\/\/zkeshop.sk\/wp-content\/uploads\/2024\/06\/vitamax-ayurmind-tulsi.jpg","contentUrl":"https:\/\/zkeshop.sk\/wp-content\/uploads\/2024\/06\/vitamax-ayurmind-tulsi.jpg","width":800,"height":800,"caption":"Tulsi \u2013 bazalka posv\u00e4tn\u00e1 na podporu imunity, energie a du\u0161evnej pohody. Pom\u00e1ha pri strese, nachladnut\u00ed a zvy\u0161uje vitalitu."},{"@type":"BreadcrumbList","@id":"https:\/\/zkeshop.sk\/produkt\/tulsi-kralovna-ajurvedy-60-kapsul\/#breadcrumb","itemListElement":[{"@type":"ListItem","position":1,"name":"Dom\u016f","item":"https:\/\/zkeshop.sk\/"},{"@type":"ListItem","position":2,"name":"Obchod","item":"https:\/\/zkeshop.sk\/obchod\/"},{"@type":"ListItem","position":3,"name":"Tulsi &#8211; kr\u00e1lovna \u00e1jurv\u00e9dy 60 kapsl\u00ed"}]},{"@type":"WebSite","@id":"https:\/\/zkeshop.sk\/#website","url":"https:\/\/zkeshop.sk\/","name":"ZK company","description":"Kvalitn\u00e1 kozmetika pre ka\u017edodenn\u00e9 pou\u017eitie","potentialAction":[{"@type":"SearchAction","target":{"@type":"EntryPoint","urlTemplate":"https:\/\/zkeshop.sk\/?s={search_term_string}"},"query-input":{"@type":"PropertyValueSpecification","valueRequired":true,"valueName":"search_term_string"}}],"inLanguage":"cs"}]},"product_price_amount":"11.60","product_price_currency":"EUR","og_availability":"instock","product_availability":"instock","product_condition":"new"},"_links":{"self":[{"href":"https:\/\/zkeshop.sk\/cs\/wp-json\/wp\/v2\/product\/14982","targetHints":{"allow":["GET"]}}],"collection":[{"href":"https:\/\/zkeshop.sk\/cs\/wp-json\/wp\/v2\/product"}],"about":[{"href":"https:\/\/zkeshop.sk\/cs\/wp-json\/wp\/v2\/types\/product"}],"replies":[{"embeddable":true,"href":"https:\/\/zkeshop.sk\/cs\/wp-json\/wp\/v2\/comments?post=14982"}],"version-history":[{"count":0,"href":"https:\/\/zkeshop.sk\/cs\/wp-json\/wp\/v2\/product\/14982\/revisions"}],"wp:featuredmedia":[{"embeddable":true,"href":"https:\/\/zkeshop.sk\/cs\/wp-json\/wp\/v2\/media\/12990"}],"wp:attachment":[{"href":"https:\/\/zkeshop.sk\/cs\/wp-json\/wp\/v2\/media?parent=14982"}],"wp:term":[{"taxonomy":"product_brand","embeddable":true,"href":"https:\/\/zkeshop.sk\/cs\/wp-json\/wp\/v2\/product_brand?post=14982"},{"taxonomy":"product_cat","embeddable":true,"href":"https:\/\/zkeshop.sk\/cs\/wp-json\/wp\/v2\/product_cat?post=14982"},{"taxonomy":"product_tag","embeddable":true,"href":"https:\/\/zkeshop.sk\/cs\/wp-json\/wp\/v2\/product_tag?post=14982"}],"curies":[{"name":"wp","href":"https:\/\/api.w.org\/{rel}","templated":true}]}}