{"id":14985,"date":"2024-06-28T18:02:18","date_gmt":"2024-06-28T16:02:18","guid":{"rendered":"https:\/\/zkeshop.sk\/produkt\/triphala-tri-plody-60-kapsli\/"},"modified":"2025-02-17T15:05:55","modified_gmt":"2025-02-17T14:05:55","slug":"triphala-tri-plody-60-kapsli","status":"publish","type":"product","link":"https:\/\/zkeshop.sk\/cs\/produkt\/triphala-tri-plody-60-kapsli\/","title":{"rendered":"Triphala &#8211; t\u0159i plody 60 kapsl\u00ed"},"content":{"rendered":"<p>P<strong>odrobn\u00fd popis<\/strong> Triphala je nejzn\u00e1m\u011bj\u0161\u00ed a nej\u00fa\u010dinn\u011bj\u0161\u00ed kombinac\u00ed pro vnit\u0159n\u00ed o\u010distu a tak\u00e9 regeneraci \u010di obnovu organismu. Jedn\u00e1 se o kombinaci t\u0159\u00ed su\u0161en\u00fdch plod\u016f Haritaki, Amalaki a Vibhitaki, souhrnn\u011b zn\u00e1m\u00fdch jako Triphala. <\/p>\n<p><strong>Slo\u017een\u00ed: <\/strong>amalaki &#8211; plod Emblica officinalis 160 mg, plod Terminalia arjuna 160 mg, plod Terminalia chebula 160 mg, rostlinn\u00e1 celul\u00f3za v kapsl\u00edch.<\/p>\n<p>Pozn\u00e1mka: Nep\u0159ekra\u010dujte doporu\u010den\u00e9 d\u00e1vkov\u00e1n\u00ed. Nepou\u017e\u00edvejte jako n\u00e1hradu pestr\u00e9 stravy. V\u00fdrobek nen\u00ed ur\u010den pro d\u011bti, t\u011bhotn\u00e9 a koj\u00edc\u00ed \u017eeny. Uchov\u00e1vejte mimo dosah mal\u00fdch d\u011bt\u00ed. Skladujte na chladn\u00e9m a such\u00e9m m\u00edst\u011b. Nevystavujte slune\u010dn\u00edmu z\u00e1\u0159en\u00ed.     <\/p>\n<p><strong>Doporu\u010den\u00e9 d\u00e1vkov\u00e1n\u00ed <\/strong>: 1 a\u017e 2 kapsle dvakr\u00e1t denn\u011b. U\u017e\u00edvejte 1 a\u017e 2 kapsle r\u00e1no s vodou a p\u0159ed span\u00edm se sklenic\u00ed ml\u00e9ka nebo vody. Doporu\u010duje se u\u017e\u00edvat po dobu nejm\u00e9n\u011b jednoho m\u011bs\u00edce.  <\/p>\n<p><strong>Balen\u00ed: <\/strong>60 vegetari\u00e1nsk\u00fdch bezlepkov\u00fdch kapsl\u00ed<\/p>\n<p>Zem\u011b p\u016fvodu: Indie<\/p>\n","protected":false},"excerpt":{"rendered":"<p>Triphala je nejzn\u00e1m\u011bj\u0161\u00ed a nej\u00fa\u010dinn\u011bj\u0161\u00ed kombinac\u00ed pro vnit\u0159n\u00ed o\u010distu a tak\u00e9 pro regeneraci nebo obnovu organismu.<\/p>\n","protected":false},"featured_media":12987,"comment_status":"open","ping_status":"closed","template":"","meta":[],"product_brand":[],"product_cat":[111,89],"product_tag":[],"class_list":{"0":"post-14985","1":"product","2":"type-product","3":"status-publish","4":"has-post-thumbnail","6":"product_cat-ajurveda-cs","7":"product_cat-doplnky-stravy","9":"first","10":"instock","11":"taxable","12":"shipping-taxable","13":"purchasable","14":"product-type-simple"},"yoast_head":"<!-- This site is optimized with the Yoast SEO Premium plugin v27.3 (Yoast SEO v27.3) - https:\/\/yoast.com\/product\/yoast-seo-premium-wordpress\/ -->\n<title>Triphala - t\u0159i plody 60 kapsl\u00ed - ZK company<\/title>\n<meta name=\"robots\" content=\"index, follow, max-snippet:-1, max-image-preview:large, max-video-preview:-1\" \/>\n<link rel=\"canonical\" href=\"https:\/\/zkeshop.sk\/produkt\/triphala-tri-ovocia-60-kapsul\/\" \/>\n<meta property=\"og:locale\" content=\"cs_CZ\" \/>\n<meta property=\"og:type\" content=\"article\" \/>\n<meta property=\"og:title\" content=\"Triphala - t\u0159i plody 60 kapsl\u00ed\" \/>\n<meta property=\"og:description\" content=\"Triphala je nejzn\u00e1m\u011bj\u0161\u00ed a nej\u00fa\u010dinn\u011bj\u0161\u00ed kombinac\u00ed pro vnit\u0159n\u00ed o\u010distu a tak\u00e9 pro regeneraci nebo obnovu organismu.\" \/>\n<meta property=\"og:url\" content=\"https:\/\/zkeshop.sk\/produkt\/triphala-tri-ovocia-60-kapsul\/\" \/>\n<meta property=\"og:site_name\" content=\"ZK company\" \/>\n<meta property=\"article:modified_time\" content=\"2025-02-17T14:05:55+00:00\" \/>\n<meta property=\"og:image\" content=\"https:\/\/zkeshop.sk\/wp-content\/uploads\/2024\/06\/vitamax-ayurmind-triphala.jpg\" \/>\n\t<meta property=\"og:image:width\" content=\"800\" \/>\n\t<meta property=\"og:image:height\" content=\"800\" \/>\n\t<meta property=\"og:image:type\" content=\"image\/jpeg\" \/>\n<meta name=\"twitter:card\" content=\"summary_large_image\" \/>\n<meta name=\"twitter:label1\" content=\"Cena\" \/>\n\t<meta name=\"twitter:data1\" content=\"11,60&nbsp;&euro;\" \/>\n\t<meta name=\"twitter:label2\" content=\"Dostupnost\" \/>\n\t<meta name=\"twitter:data2\" content=\"Skladem\" \/>\n<script type=\"application\/ld+json\" class=\"yoast-schema-graph\">{\"@context\":\"https:\\\/\\\/schema.org\",\"@graph\":[{\"@type\":\"WebPage\",\"@id\":\"https:\\\/\\\/zkeshop.sk\\\/produkt\\\/triphala-tri-ovocia-60-kapsul\\\/\",\"url\":\"https:\\\/\\\/zkeshop.sk\\\/produkt\\\/triphala-tri-ovocia-60-kapsul\\\/\",\"name\":\"Triphala - t\u0159i plody 60 kapsl\u00ed - ZK company\",\"isPartOf\":{\"@id\":\"https:\\\/\\\/zkeshop.sk\\\/#website\"},\"primaryImageOfPage\":{\"@id\":\"https:\\\/\\\/zkeshop.sk\\\/produkt\\\/triphala-tri-ovocia-60-kapsul\\\/#primaryimage\"},\"image\":{\"@id\":\"https:\\\/\\\/zkeshop.sk\\\/produkt\\\/triphala-tri-ovocia-60-kapsul\\\/#primaryimage\"},\"thumbnailUrl\":\"https:\\\/\\\/zkeshop.sk\\\/wp-content\\\/uploads\\\/2024\\\/06\\\/vitamax-ayurmind-triphala.jpg\",\"datePublished\":\"2024-06-28T16:02:18+00:00\",\"dateModified\":\"2025-02-17T14:05:55+00:00\",\"breadcrumb\":{\"@id\":\"https:\\\/\\\/zkeshop.sk\\\/produkt\\\/triphala-tri-ovocia-60-kapsul\\\/#breadcrumb\"},\"inLanguage\":\"cs\",\"potentialAction\":[{\"@type\":\"ReadAction\",\"target\":[\"https:\\\/\\\/zkeshop.sk\\\/produkt\\\/triphala-tri-ovocia-60-kapsul\\\/\"]}]},{\"@type\":\"ImageObject\",\"inLanguage\":\"cs\",\"@id\":\"https:\\\/\\\/zkeshop.sk\\\/produkt\\\/triphala-tri-ovocia-60-kapsul\\\/#primaryimage\",\"url\":\"https:\\\/\\\/zkeshop.sk\\\/wp-content\\\/uploads\\\/2024\\\/06\\\/vitamax-ayurmind-triphala.jpg\",\"contentUrl\":\"https:\\\/\\\/zkeshop.sk\\\/wp-content\\\/uploads\\\/2024\\\/06\\\/vitamax-ayurmind-triphala.jpg\",\"width\":800,\"height\":800,\"caption\":\"Triphala \u2013 ajurv\u00e9dska zmes na detoxik\u00e1ciu a regener\u00e1ciu organizmu. Podporuje tr\u00e1venie, imunitu a prirodzen\u00e9 pre\u010distenie tela.\"},{\"@type\":\"BreadcrumbList\",\"@id\":\"https:\\\/\\\/zkeshop.sk\\\/produkt\\\/triphala-tri-ovocia-60-kapsul\\\/#breadcrumb\",\"itemListElement\":[{\"@type\":\"ListItem\",\"position\":1,\"name\":\"Dom\u016f\",\"item\":\"https:\\\/\\\/zkeshop.sk\\\/\"},{\"@type\":\"ListItem\",\"position\":2,\"name\":\"Obchod\",\"item\":\"https:\\\/\\\/zkeshop.sk\\\/obchod\\\/\"},{\"@type\":\"ListItem\",\"position\":3,\"name\":\"Triphala &#8211; t\u0159i plody 60 kapsl\u00ed\"}]},{\"@type\":\"WebSite\",\"@id\":\"https:\\\/\\\/zkeshop.sk\\\/#website\",\"url\":\"https:\\\/\\\/zkeshop.sk\\\/\",\"name\":\"ZK company\",\"description\":\"Kvalitn\u00e1 kozmetika pre ka\u017edodenn\u00e9 pou\u017eitie\",\"potentialAction\":[{\"@type\":\"SearchAction\",\"target\":{\"@type\":\"EntryPoint\",\"urlTemplate\":\"https:\\\/\\\/zkeshop.sk\\\/?s={search_term_string}\"},\"query-input\":{\"@type\":\"PropertyValueSpecification\",\"valueRequired\":true,\"valueName\":\"search_term_string\"}}],\"inLanguage\":\"cs\"}]}<\/script>\n<meta property=\"product:price:amount\" content=\"11.60\" \/>\n<meta property=\"product:price:currency\" content=\"EUR\" \/>\n<meta property=\"og:availability\" content=\"instock\" \/>\n<meta property=\"product:availability\" content=\"instock\" \/>\n<meta property=\"product:condition\" content=\"new\" \/>\n<!-- \/ Yoast SEO Premium plugin. -->","yoast_head_json":{"title":"Triphala - t\u0159i plody 60 kapsl\u00ed - ZK company","robots":{"index":"index","follow":"follow","max-snippet":"max-snippet:-1","max-image-preview":"max-image-preview:large","max-video-preview":"max-video-preview:-1"},"canonical":"https:\/\/zkeshop.sk\/produkt\/triphala-tri-ovocia-60-kapsul\/","og_locale":"cs_CZ","og_type":"article","og_title":"Triphala - t\u0159i plody 60 kapsl\u00ed","og_description":"Triphala je nejzn\u00e1m\u011bj\u0161\u00ed a nej\u00fa\u010dinn\u011bj\u0161\u00ed kombinac\u00ed pro vnit\u0159n\u00ed o\u010distu a tak\u00e9 pro regeneraci nebo obnovu organismu.","og_url":"https:\/\/zkeshop.sk\/produkt\/triphala-tri-ovocia-60-kapsul\/","og_site_name":"ZK company","article_modified_time":"2025-02-17T14:05:55+00:00","og_image":[{"width":800,"height":800,"url":"https:\/\/zkeshop.sk\/wp-content\/uploads\/2024\/06\/vitamax-ayurmind-triphala.jpg","type":"image\/jpeg"}],"twitter_card":"summary_large_image","twitter_misc":{"Cena":"11,60&nbsp;&euro;","Dostupnost":"Skladem"},"schema":{"@context":"https:\/\/schema.org","@graph":[{"@type":"WebPage","@id":"https:\/\/zkeshop.sk\/produkt\/triphala-tri-ovocia-60-kapsul\/","url":"https:\/\/zkeshop.sk\/produkt\/triphala-tri-ovocia-60-kapsul\/","name":"Triphala - t\u0159i plody 60 kapsl\u00ed - ZK company","isPartOf":{"@id":"https:\/\/zkeshop.sk\/#website"},"primaryImageOfPage":{"@id":"https:\/\/zkeshop.sk\/produkt\/triphala-tri-ovocia-60-kapsul\/#primaryimage"},"image":{"@id":"https:\/\/zkeshop.sk\/produkt\/triphala-tri-ovocia-60-kapsul\/#primaryimage"},"thumbnailUrl":"https:\/\/zkeshop.sk\/wp-content\/uploads\/2024\/06\/vitamax-ayurmind-triphala.jpg","datePublished":"2024-06-28T16:02:18+00:00","dateModified":"2025-02-17T14:05:55+00:00","breadcrumb":{"@id":"https:\/\/zkeshop.sk\/produkt\/triphala-tri-ovocia-60-kapsul\/#breadcrumb"},"inLanguage":"cs","potentialAction":[{"@type":"ReadAction","target":["https:\/\/zkeshop.sk\/produkt\/triphala-tri-ovocia-60-kapsul\/"]}]},{"@type":"ImageObject","inLanguage":"cs","@id":"https:\/\/zkeshop.sk\/produkt\/triphala-tri-ovocia-60-kapsul\/#primaryimage","url":"https:\/\/zkeshop.sk\/wp-content\/uploads\/2024\/06\/vitamax-ayurmind-triphala.jpg","contentUrl":"https:\/\/zkeshop.sk\/wp-content\/uploads\/2024\/06\/vitamax-ayurmind-triphala.jpg","width":800,"height":800,"caption":"Triphala \u2013 ajurv\u00e9dska zmes na detoxik\u00e1ciu a regener\u00e1ciu organizmu. Podporuje tr\u00e1venie, imunitu a prirodzen\u00e9 pre\u010distenie tela."},{"@type":"BreadcrumbList","@id":"https:\/\/zkeshop.sk\/produkt\/triphala-tri-ovocia-60-kapsul\/#breadcrumb","itemListElement":[{"@type":"ListItem","position":1,"name":"Dom\u016f","item":"https:\/\/zkeshop.sk\/"},{"@type":"ListItem","position":2,"name":"Obchod","item":"https:\/\/zkeshop.sk\/obchod\/"},{"@type":"ListItem","position":3,"name":"Triphala &#8211; t\u0159i plody 60 kapsl\u00ed"}]},{"@type":"WebSite","@id":"https:\/\/zkeshop.sk\/#website","url":"https:\/\/zkeshop.sk\/","name":"ZK company","description":"Kvalitn\u00e1 kozmetika pre ka\u017edodenn\u00e9 pou\u017eitie","potentialAction":[{"@type":"SearchAction","target":{"@type":"EntryPoint","urlTemplate":"https:\/\/zkeshop.sk\/?s={search_term_string}"},"query-input":{"@type":"PropertyValueSpecification","valueRequired":true,"valueName":"search_term_string"}}],"inLanguage":"cs"}]},"product_price_amount":"11.60","product_price_currency":"EUR","og_availability":"instock","product_availability":"instock","product_condition":"new"},"_links":{"self":[{"href":"https:\/\/zkeshop.sk\/cs\/wp-json\/wp\/v2\/product\/14985","targetHints":{"allow":["GET"]}}],"collection":[{"href":"https:\/\/zkeshop.sk\/cs\/wp-json\/wp\/v2\/product"}],"about":[{"href":"https:\/\/zkeshop.sk\/cs\/wp-json\/wp\/v2\/types\/product"}],"replies":[{"embeddable":true,"href":"https:\/\/zkeshop.sk\/cs\/wp-json\/wp\/v2\/comments?post=14985"}],"version-history":[{"count":0,"href":"https:\/\/zkeshop.sk\/cs\/wp-json\/wp\/v2\/product\/14985\/revisions"}],"wp:featuredmedia":[{"embeddable":true,"href":"https:\/\/zkeshop.sk\/cs\/wp-json\/wp\/v2\/media\/12987"}],"wp:attachment":[{"href":"https:\/\/zkeshop.sk\/cs\/wp-json\/wp\/v2\/media?parent=14985"}],"wp:term":[{"taxonomy":"product_brand","embeddable":true,"href":"https:\/\/zkeshop.sk\/cs\/wp-json\/wp\/v2\/product_brand?post=14985"},{"taxonomy":"product_cat","embeddable":true,"href":"https:\/\/zkeshop.sk\/cs\/wp-json\/wp\/v2\/product_cat?post=14985"},{"taxonomy":"product_tag","embeddable":true,"href":"https:\/\/zkeshop.sk\/cs\/wp-json\/wp\/v2\/product_tag?post=14985"}],"curies":[{"name":"wp","href":"https:\/\/api.w.org\/{rel}","templated":true}]}}