{"id":14990,"date":"2024-06-28T18:05:09","date_gmt":"2024-06-28T16:05:09","guid":{"rendered":"https:\/\/zkeshop.sk\/produkt\/mahanarayana-thailam-olej-na-klouby-a-svaly-200ml\/"},"modified":"2025-02-17T15:05:56","modified_gmt":"2025-02-17T14:05:56","slug":"mahanarayana-thailam-olej-na-klouby-a-svaly-200ml","status":"publish","type":"product","link":"https:\/\/zkeshop.sk\/cs\/produkt\/mahanarayana-thailam-olej-na-klouby-a-svaly-200ml\/","title":{"rendered":"Mahanarayana thailam &#8211; Olej na klouby a svaly 200ml"},"content":{"rendered":"<p>P<strong>odrobn\u00fd popis<\/strong> Mahanarayana thailam, celkov\u011b je v\u00edce\u00fa\u010delov\u00fd. Je to dokonal\u00fd mas\u00e1\u017en\u00ed olej pro zdrav\u00e9 st\u00e1rnut\u00ed a omlazen\u00ed. Vyrovn\u00e1v\u00e1 v\u0161echny d\u00f3\u0161i, podporuje s\u00edlu kost\u00ed, kloub\u016f a sval\u016f. Podporuje energetizaci, omlazen\u00ed a dopln\u011bn\u00ed energie v t\u011ble.   <\/p>\n<p>P<strong>\u0159\u00ednosy a vlastnosti<\/strong> Obsahuje \u010derstvou \u0161\u0165\u00e1vu ze \u0161atavari (divok\u00e9ho ch\u0159estu), kter\u00e1 vy\u017eivuje poko\u017eku pro zdrav\u00e9 st\u00e1rnut\u00ed a omlazen\u00ed P\u0159\u00ednosy Mahanarayana Thailam zahrnuj\u00ed kompletn\u00ed podporu \u0161lach, vaz\u016f, kloub\u016f a nerv\u016f podporou pevnosti.<\/p>\n<p>Podporuje tak\u00e9 pohyblivost a pru\u017enost kloub\u016f Podporuje zdrav\u00fd krevn\u00ed ob\u011bh a smyslovou koordinaci pro optim\u00e1ln\u00ed zdrav\u00ed Tento mas\u00e1\u017en\u00ed olej udr\u017euje celkovou s\u00edlu a vitalitu t\u00edm, \u017ee zm\u00edr\u0148uje ob\u010dasn\u00fd stres a \u00fanavu Vyrovn\u00e1v\u00e1 norm\u00e1ln\u00ed tok v\u00e1ty t\u00edm, \u017ee vy\u017eivuje struktury v doln\u00ed \u010d\u00e1sti zad a zm\u00edr\u0148uje ob\u010dasn\u00e9 bolesti v\u00e1ty z p\u0159et\u00ed\u017een\u00ed. <\/p>\n<p>D<strong>oporu\u010den\u00e9 pou\u017eit\u00ed<\/strong> Mas\u00edrujte olej denn\u011b nebo jednou t\u00fddn\u011b. Naneste 1-1,5 pol\u00e9vkov\u00e9 l\u017e\u00edce tohoto oleje na cel\u00e9 t\u011blo a jemn\u011b mas\u00edrujte, dokud se dan\u00e1 \u010d\u00e1st t\u011bla neza\u010dne zah\u0159\u00edvat.<\/p>\n<p>Po n\u011bkolika minut\u00e1ch se m\u016f\u017eete osprchovat horkou vodou nebo pou\u017e\u00edvat podle pokyn\u016f sv\u00e9ho l\u00e9ka\u0159e. Pokud jste t\u011bhotn\u00e1, koj\u00edte, u\u017e\u00edv\u00e1te l\u00e9ky nebo m\u00e1te zdravotn\u00ed pot\u00ed\u017ee, pora\u010fte se p\u0159ed pou\u017eit\u00edm tohoto p\u0159\u00edpravku se sv\u00fdm l\u00e9ka\u0159em. Nepou\u017e\u00edvejte, pokud je pe\u010de\u0165 poru\u0161en\u00e1. Skladujte na chladn\u00e9m a such\u00e9m m\u00edst\u011b. uchov\u00e1vejte mimo dosah d\u011bt\u00ed. Pouze pro vn\u011bj\u0161\u00ed pou\u017eit\u00ed.    <\/p>\n<p>S<strong>lo\u017een\u00ed<\/strong> Mahanarayana thailam, ka\u017ed\u00fd 10 ml je p\u0159ipraven z extrakt\u016f: Aegle marmelos corr. 1,563 g, Withania somnifera dunal 1,563 g, Solanum xanthocarpum 1,563 g, Tribulus terestris 1,563 g, Oroxylum indicum 1,563 g, Sida rhombifolia linn. Ssp. retusa borssum 1,563 g, azadirachta indica 1,563 g, solanum anguvi 1,563 g, boerhavia diffusa 1,563 g, sida cordifolia 1,563 g, premna corymbosa 1,563 g, stereospermum suaveolens 1,563 g, aspargaus recemosus 10 ml, alpinia galanga villd. Rhizome 0,156 g, withania somnifera 0,156 g, anethum sowa 0,156 g, cedrus deodara l 0,156 g, desmodium gangeticum 0,156 g, pseudarthria viscida 0,156 g, phaseolus sublobatus 0,156 g, vigna pilosa 0,156 g, mesua ferrea auct. Non 0,156 g, s\u016fl kamenn\u00e1 0,156 g, curcuma londa 0,156 g, silajathu 0,156 g, inula racemosa 0,156 g, elettaria cardamomum 0,156 g, rubia cordifolia 0,156 g, glycyrrhiza glabra 0,156 g, cyperus rotundus 0,156 g, cinnamomum tamla 0,156 g, eclipta alba 0,156 g, asparagus recemosus 0,156 g, curculigo orchioides 0,156 g, pureria tuberosa 0,156 g, withania somnifera 0,156 g, plectranthus vettiveroides 0,156 g, acotus calamus 0,156 g, butea monosperma 0,156 g, taxus baccata 0,156 g, boerhavia difussa 0,156 g, cinnamomum camphora 0,078 g, crocus sativus 0,078 g, illicium verum 0,078 g, ml\u00e9ko 0,078 g, sezamov\u00fd olej 10 ml.     <\/p>\n","protected":false},"excerpt":{"rendered":"<p>Mahanarayana thailam je celkov\u011b v\u00edce\u00fa\u010delov\u00fd. Je to dokonal\u00fd mas\u00e1\u017en\u00ed olej pro zdrav\u00e9 st\u00e1rnut\u00ed a omlazen\u00ed. Vyrovn\u00e1v\u00e1 v\u0161echny d\u00f3\u0161i, podporuje pevnost kost\u00ed, kloub\u016f a sval\u016f. Podporuje energetizaci, omlazen\u00ed a dopln\u011bn\u00ed energie v t\u011ble.   <\/p>\n","protected":false},"featured_media":12948,"comment_status":"open","ping_status":"closed","template":"","meta":[],"product_brand":[],"product_cat":[111],"product_tag":[],"class_list":{"0":"post-14990","1":"product","2":"type-product","3":"status-publish","4":"has-post-thumbnail","6":"product_cat-ajurveda-cs","8":"first","9":"instock","10":"taxable","11":"shipping-taxable","12":"purchasable","13":"product-type-simple"},"yoast_head":"<!-- This site is optimized with the Yoast SEO Premium plugin v27.3 (Yoast SEO v27.3) - https:\/\/yoast.com\/product\/yoast-seo-premium-wordpress\/ -->\n<title>Mahanarayana thailam - Olej na klouby a svaly 200ml - ZK company<\/title>\n<meta name=\"robots\" content=\"index, follow, max-snippet:-1, max-image-preview:large, max-video-preview:-1\" \/>\n<link rel=\"canonical\" href=\"https:\/\/zkeshop.sk\/cs\/produkt\/mahanarayana-thailam-olej-na-klouby-a-svaly-200ml\/\" \/>\n<meta property=\"og:locale\" content=\"cs_CZ\" \/>\n<meta property=\"og:type\" content=\"article\" \/>\n<meta property=\"og:title\" content=\"Mahanarayana thailam - Olej na klouby a svaly 200ml\" \/>\n<meta property=\"og:description\" content=\"Mahanarayana thailam je celkov\u011b v\u00edce\u00fa\u010delov\u00fd. Je to dokonal\u00fd mas\u00e1\u017en\u00ed olej pro zdrav\u00e9 st\u00e1rnut\u00ed a omlazen\u00ed. Vyrovn\u00e1v\u00e1 v\u0161echny d\u00f3\u0161i, podporuje pevnost kost\u00ed, kloub\u016f a sval\u016f. Podporuje energetizaci, omlazen\u00ed a dopln\u011bn\u00ed energie v t\u011ble.\" \/>\n<meta property=\"og:url\" content=\"https:\/\/zkeshop.sk\/cs\/produkt\/mahanarayana-thailam-olej-na-klouby-a-svaly-200ml\/\" \/>\n<meta property=\"og:site_name\" content=\"ZK company\" \/>\n<meta property=\"article:modified_time\" content=\"2025-02-17T14:05:56+00:00\" \/>\n<meta property=\"og:image\" content=\"https:\/\/zkeshop.sk\/wp-content\/uploads\/2024\/06\/ayurmind-olej-na-klby-a-svaly.jpg\" \/>\n\t<meta property=\"og:image:width\" content=\"1024\" \/>\n\t<meta property=\"og:image:height\" content=\"768\" \/>\n\t<meta property=\"og:image:type\" content=\"image\/jpeg\" \/>\n<meta name=\"twitter:card\" content=\"summary_large_image\" \/>\n<meta name=\"twitter:label1\" content=\"Cena\" \/>\n\t<meta name=\"twitter:data1\" content=\"11,60&nbsp;&euro;\" \/>\n\t<meta name=\"twitter:label2\" content=\"Dostupnost\" \/>\n\t<meta name=\"twitter:data2\" content=\"Skladem\" \/>\n<script type=\"application\/ld+json\" class=\"yoast-schema-graph\">{\"@context\":\"https:\\\/\\\/schema.org\",\"@graph\":[{\"@type\":\"WebPage\",\"@id\":\"https:\\\/\\\/zkeshop.sk\\\/cs\\\/produkt\\\/mahanarayana-thailam-olej-na-klouby-a-svaly-200ml\\\/\",\"url\":\"https:\\\/\\\/zkeshop.sk\\\/cs\\\/produkt\\\/mahanarayana-thailam-olej-na-klouby-a-svaly-200ml\\\/\",\"name\":\"Mahanarayana thailam - Olej na klouby a svaly 200ml - ZK company\",\"isPartOf\":{\"@id\":\"https:\\\/\\\/zkeshop.sk\\\/#website\"},\"primaryImageOfPage\":{\"@id\":\"https:\\\/\\\/zkeshop.sk\\\/cs\\\/produkt\\\/mahanarayana-thailam-olej-na-klouby-a-svaly-200ml\\\/#primaryimage\"},\"image\":{\"@id\":\"https:\\\/\\\/zkeshop.sk\\\/cs\\\/produkt\\\/mahanarayana-thailam-olej-na-klouby-a-svaly-200ml\\\/#primaryimage\"},\"thumbnailUrl\":\"https:\\\/\\\/zkeshop.sk\\\/wp-content\\\/uploads\\\/2024\\\/06\\\/ayurmind-olej-na-klby-a-svaly.jpg\",\"datePublished\":\"2024-06-28T16:05:09+00:00\",\"dateModified\":\"2025-02-17T14:05:56+00:00\",\"breadcrumb\":{\"@id\":\"https:\\\/\\\/zkeshop.sk\\\/cs\\\/produkt\\\/mahanarayana-thailam-olej-na-klouby-a-svaly-200ml\\\/#breadcrumb\"},\"inLanguage\":\"cs\",\"potentialAction\":[{\"@type\":\"ReadAction\",\"target\":[\"https:\\\/\\\/zkeshop.sk\\\/cs\\\/produkt\\\/mahanarayana-thailam-olej-na-klouby-a-svaly-200ml\\\/\"]}]},{\"@type\":\"ImageObject\",\"inLanguage\":\"cs\",\"@id\":\"https:\\\/\\\/zkeshop.sk\\\/cs\\\/produkt\\\/mahanarayana-thailam-olej-na-klouby-a-svaly-200ml\\\/#primaryimage\",\"url\":\"https:\\\/\\\/zkeshop.sk\\\/wp-content\\\/uploads\\\/2024\\\/06\\\/ayurmind-olej-na-klby-a-svaly.jpg\",\"contentUrl\":\"https:\\\/\\\/zkeshop.sk\\\/wp-content\\\/uploads\\\/2024\\\/06\\\/ayurmind-olej-na-klby-a-svaly.jpg\",\"width\":1024,\"height\":768,\"caption\":\"Mahanarayana Thailam, ajurv\u00e9dsky olej pre omladenie, silu a pohyblivos\u0165. Podporuje k\u013aby, svaly, krvn\u00fd obeh a celkov\u00fa vitalitu.\"},{\"@type\":\"BreadcrumbList\",\"@id\":\"https:\\\/\\\/zkeshop.sk\\\/cs\\\/produkt\\\/mahanarayana-thailam-olej-na-klouby-a-svaly-200ml\\\/#breadcrumb\",\"itemListElement\":[{\"@type\":\"ListItem\",\"position\":1,\"name\":\"Dom\u016f\",\"item\":\"https:\\\/\\\/zkeshop.sk\\\/\"},{\"@type\":\"ListItem\",\"position\":2,\"name\":\"Obchod\",\"item\":\"https:\\\/\\\/zkeshop.sk\\\/obchod\\\/\"},{\"@type\":\"ListItem\",\"position\":3,\"name\":\"Mahanarayana thailam &#8211; Olej na klouby a svaly 200ml\"}]},{\"@type\":\"WebSite\",\"@id\":\"https:\\\/\\\/zkeshop.sk\\\/#website\",\"url\":\"https:\\\/\\\/zkeshop.sk\\\/\",\"name\":\"ZK company\",\"description\":\"Kvalitn\u00e1 kozmetika pre ka\u017edodenn\u00e9 pou\u017eitie\",\"potentialAction\":[{\"@type\":\"SearchAction\",\"target\":{\"@type\":\"EntryPoint\",\"urlTemplate\":\"https:\\\/\\\/zkeshop.sk\\\/?s={search_term_string}\"},\"query-input\":{\"@type\":\"PropertyValueSpecification\",\"valueRequired\":true,\"valueName\":\"search_term_string\"}}],\"inLanguage\":\"cs\"}]}<\/script>\n<meta property=\"product:price:amount\" content=\"11.60\" \/>\n<meta property=\"product:price:currency\" content=\"EUR\" \/>\n<meta property=\"og:availability\" content=\"instock\" \/>\n<meta property=\"product:availability\" content=\"instock\" \/>\n<meta property=\"product:condition\" content=\"new\" \/>\n<!-- \/ Yoast SEO Premium plugin. -->","yoast_head_json":{"title":"Mahanarayana thailam - Olej na klouby a svaly 200ml - ZK company","robots":{"index":"index","follow":"follow","max-snippet":"max-snippet:-1","max-image-preview":"max-image-preview:large","max-video-preview":"max-video-preview:-1"},"canonical":"https:\/\/zkeshop.sk\/cs\/produkt\/mahanarayana-thailam-olej-na-klouby-a-svaly-200ml\/","og_locale":"cs_CZ","og_type":"article","og_title":"Mahanarayana thailam - Olej na klouby a svaly 200ml","og_description":"Mahanarayana thailam je celkov\u011b v\u00edce\u00fa\u010delov\u00fd. Je to dokonal\u00fd mas\u00e1\u017en\u00ed olej pro zdrav\u00e9 st\u00e1rnut\u00ed a omlazen\u00ed. Vyrovn\u00e1v\u00e1 v\u0161echny d\u00f3\u0161i, podporuje pevnost kost\u00ed, kloub\u016f a sval\u016f. Podporuje energetizaci, omlazen\u00ed a dopln\u011bn\u00ed energie v t\u011ble.","og_url":"https:\/\/zkeshop.sk\/cs\/produkt\/mahanarayana-thailam-olej-na-klouby-a-svaly-200ml\/","og_site_name":"ZK company","article_modified_time":"2025-02-17T14:05:56+00:00","og_image":[{"width":1024,"height":768,"url":"https:\/\/zkeshop.sk\/wp-content\/uploads\/2024\/06\/ayurmind-olej-na-klby-a-svaly.jpg","type":"image\/jpeg"}],"twitter_card":"summary_large_image","twitter_misc":{"Cena":"11,60&nbsp;&euro;","Dostupnost":"Skladem"},"schema":{"@context":"https:\/\/schema.org","@graph":[{"@type":"WebPage","@id":"https:\/\/zkeshop.sk\/cs\/produkt\/mahanarayana-thailam-olej-na-klouby-a-svaly-200ml\/","url":"https:\/\/zkeshop.sk\/cs\/produkt\/mahanarayana-thailam-olej-na-klouby-a-svaly-200ml\/","name":"Mahanarayana thailam - Olej na klouby a svaly 200ml - ZK company","isPartOf":{"@id":"https:\/\/zkeshop.sk\/#website"},"primaryImageOfPage":{"@id":"https:\/\/zkeshop.sk\/cs\/produkt\/mahanarayana-thailam-olej-na-klouby-a-svaly-200ml\/#primaryimage"},"image":{"@id":"https:\/\/zkeshop.sk\/cs\/produkt\/mahanarayana-thailam-olej-na-klouby-a-svaly-200ml\/#primaryimage"},"thumbnailUrl":"https:\/\/zkeshop.sk\/wp-content\/uploads\/2024\/06\/ayurmind-olej-na-klby-a-svaly.jpg","datePublished":"2024-06-28T16:05:09+00:00","dateModified":"2025-02-17T14:05:56+00:00","breadcrumb":{"@id":"https:\/\/zkeshop.sk\/cs\/produkt\/mahanarayana-thailam-olej-na-klouby-a-svaly-200ml\/#breadcrumb"},"inLanguage":"cs","potentialAction":[{"@type":"ReadAction","target":["https:\/\/zkeshop.sk\/cs\/produkt\/mahanarayana-thailam-olej-na-klouby-a-svaly-200ml\/"]}]},{"@type":"ImageObject","inLanguage":"cs","@id":"https:\/\/zkeshop.sk\/cs\/produkt\/mahanarayana-thailam-olej-na-klouby-a-svaly-200ml\/#primaryimage","url":"https:\/\/zkeshop.sk\/wp-content\/uploads\/2024\/06\/ayurmind-olej-na-klby-a-svaly.jpg","contentUrl":"https:\/\/zkeshop.sk\/wp-content\/uploads\/2024\/06\/ayurmind-olej-na-klby-a-svaly.jpg","width":1024,"height":768,"caption":"Mahanarayana Thailam, ajurv\u00e9dsky olej pre omladenie, silu a pohyblivos\u0165. Podporuje k\u013aby, svaly, krvn\u00fd obeh a celkov\u00fa vitalitu."},{"@type":"BreadcrumbList","@id":"https:\/\/zkeshop.sk\/cs\/produkt\/mahanarayana-thailam-olej-na-klouby-a-svaly-200ml\/#breadcrumb","itemListElement":[{"@type":"ListItem","position":1,"name":"Dom\u016f","item":"https:\/\/zkeshop.sk\/"},{"@type":"ListItem","position":2,"name":"Obchod","item":"https:\/\/zkeshop.sk\/obchod\/"},{"@type":"ListItem","position":3,"name":"Mahanarayana thailam &#8211; Olej na klouby a svaly 200ml"}]},{"@type":"WebSite","@id":"https:\/\/zkeshop.sk\/#website","url":"https:\/\/zkeshop.sk\/","name":"ZK company","description":"Kvalitn\u00e1 kozmetika pre ka\u017edodenn\u00e9 pou\u017eitie","potentialAction":[{"@type":"SearchAction","target":{"@type":"EntryPoint","urlTemplate":"https:\/\/zkeshop.sk\/?s={search_term_string}"},"query-input":{"@type":"PropertyValueSpecification","valueRequired":true,"valueName":"search_term_string"}}],"inLanguage":"cs"}]},"product_price_amount":"11.60","product_price_currency":"EUR","og_availability":"instock","product_availability":"instock","product_condition":"new"},"_links":{"self":[{"href":"https:\/\/zkeshop.sk\/cs\/wp-json\/wp\/v2\/product\/14990","targetHints":{"allow":["GET"]}}],"collection":[{"href":"https:\/\/zkeshop.sk\/cs\/wp-json\/wp\/v2\/product"}],"about":[{"href":"https:\/\/zkeshop.sk\/cs\/wp-json\/wp\/v2\/types\/product"}],"replies":[{"embeddable":true,"href":"https:\/\/zkeshop.sk\/cs\/wp-json\/wp\/v2\/comments?post=14990"}],"version-history":[{"count":0,"href":"https:\/\/zkeshop.sk\/cs\/wp-json\/wp\/v2\/product\/14990\/revisions"}],"wp:featuredmedia":[{"embeddable":true,"href":"https:\/\/zkeshop.sk\/cs\/wp-json\/wp\/v2\/media\/12948"}],"wp:attachment":[{"href":"https:\/\/zkeshop.sk\/cs\/wp-json\/wp\/v2\/media?parent=14990"}],"wp:term":[{"taxonomy":"product_brand","embeddable":true,"href":"https:\/\/zkeshop.sk\/cs\/wp-json\/wp\/v2\/product_brand?post=14990"},{"taxonomy":"product_cat","embeddable":true,"href":"https:\/\/zkeshop.sk\/cs\/wp-json\/wp\/v2\/product_cat?post=14990"},{"taxonomy":"product_tag","embeddable":true,"href":"https:\/\/zkeshop.sk\/cs\/wp-json\/wp\/v2\/product_tag?post=14990"}],"curies":[{"name":"wp","href":"https:\/\/api.w.org\/{rel}","templated":true}]}}