{"id":15013,"date":"2024-11-04T10:14:55","date_gmt":"2024-11-04T09:14:55","guid":{"rendered":"https:\/\/zkeshop.sk\/produkt\/hydrolyzovany-kk-kolagenovy-napoj-pro-tehotne-a-kojici-maracuja\/"},"modified":"2025-03-17T11:44:31","modified_gmt":"2025-03-17T10:44:31","slug":"hydrolyzovany-kk-kolagenovy-napoj-pro-tehotne-a-kojici-maracuja","status":"publish","type":"product","link":"https:\/\/zkeshop.sk\/cs\/produkt\/hydrolyzovany-kk-kolagenovy-napoj-pro-tehotne-a-kojici-maracuja\/","title":{"rendered":"Hydrolyzovan\u00fd KK kolagenov\u00fd n\u00e1poj pro t\u011bhotn\u00e9 a koj\u00edc\u00ed \/ Maracuja"},"content":{"rendered":"<h2 data-start=\"0\" data-end=\"75\"><strong data-start=\"4\" data-end=\"73\">KK Kolagen pro t\u011bhotn\u00e9 a koj\u00edc\u00ed &#8211; Podpora pro maminky a d\u011bti<\/strong><\/h2>\n<p data-start=\"77\" data-end=\"397\">\u010cek\u00e1te d\u00edt\u011b nebo pl\u00e1nujete t\u011bhotenstv\u00ed? <strong data-start=\"121\" data-end=\"158\">KK Collagen pro t\u011bhotn\u00e9 a koj\u00edc\u00ed \u017eeny<\/strong> je speci\u00e1ln\u011b vyvinut pro \u017eeny v tomto kr\u00e1sn\u00e9m, ale n\u00e1ro\u010dn\u00e9m obdob\u00ed. Obsahuje <strong data-start=\"236\" data-end=\"281\">2 500 mg hydrolyzovan\u00e9ho kolagenu Peptan\u00ae<\/strong>, vitaminy, miner\u00e1ly a kyselinu hyaluronovou, kter\u00e9 pom\u00e1haj\u00ed t\u011blu vyrovnat se se zm\u011bnami spojen\u00fdmi s t\u011bhotenstv\u00edm a kojen\u00edm. <\/p>\n<p data-start=\"399\" data-end=\"586\"><strong data-start=\"402\" data-end=\"455\">Jak kolagen ovliv\u0148uje zdrav\u00ed nast\u00e1vaj\u00edc\u00edch maminek?<\/strong> P\u0159e\u010dt\u011bte si v\u00edce na na\u0161em blogu: <strong data-start=\"492\" data-end=\"584\"><a href=\"https:\/\/zkeshop.sk\/?p=15345&#038;preview=true\" target=\"_new\" rel=\"noopener\" data-start=\"494\" data-end=\"582\">D\u016fle\u017eitost kolagenu b\u011bhem t\u011bhotenstv\u00ed a kojen\u00ed<\/a><\/strong><\/p>\n<h3 data-start=\"594\" data-end=\"636\"><strong data-start=\"598\" data-end=\"634\">Kl\u00ed\u010dov\u00e9 slo\u017eky a jejich v\u00fdhody<\/strong><\/h3>\n<ul>\n<li data-start=\"637\" data-end=\"1054\"><strong data-start=\"639\" data-end=\"669\">Bioaktivn\u00ed kolagen Peptan\u00ae<\/strong> &#8211; podporuje pevnost poko\u017eky a zdrav\u00ed kloub\u016f<\/li>\n<li data-start=\"637\" data-end=\"1054\"><strong data-start=\"718\" data-end=\"730\">Aquamin\u00ae<\/strong> &#8211; p\u0159\u00edrodn\u00ed zdroj v\u00e1pn\u00edku a miner\u00e1l\u016f pro siln\u00e9 kosti<\/li>\n<li data-start=\"637\" data-end=\"1054\"><strong data-start=\"788\" data-end=\"808\">Kyselina listov\u00e1<\/strong> &#8211; nezbytn\u00e1 pro spr\u00e1vn\u00fd v\u00fdvoj d\u00edt\u011bte<\/li>\n<li data-start=\"637\" data-end=\"1054\"><strong data-start=\"852\" data-end=\"866\">Vitamin K2<\/strong> &#8211; pom\u00e1h\u00e1 spr\u00e1vn\u00e9mu ukl\u00e1d\u00e1n\u00ed v\u00e1pn\u00edku v kostech<\/li>\n<li data-start=\"637\" data-end=\"1054\"><strong data-start=\"919\" data-end=\"938\">Ho\u0159\u010d\u00edk a \u017eelezo<\/strong> &#8211; podporuj\u00ed energii a sni\u017euj\u00ed \u00fanavu<\/li>\n<li data-start=\"637\" data-end=\"1054\"><strong data-start=\"979\" data-end=\"1003\">kyselina hyaluronov\u00e1<\/strong> &#8211; hydratuje poko\u017eku a pom\u00e1h\u00e1 udr\u017eovat jej\u00ed pru\u017enost<\/li>\n<\/ul>\n<h3 data-start=\"1062\" data-end=\"1124\"><strong data-start=\"1066\" data-end=\"1122\">Pro\u010d si vybrat KK Collagen pro t\u011bhotn\u00e9 a koj\u00edc\u00ed?<\/strong><\/h3>\n<ul>\n<li data-start=\"1125\" data-end=\"1386\"><strong data-start=\"1127\" data-end=\"1174\">Podporuje zdrav\u00ed poko\u017eky, vlas\u016f a neht\u016f<\/strong><\/li>\n<li data-start=\"1125\" data-end=\"1386\"><strong data-start=\"1179\" data-end=\"1234\">P\u0159isp\u00edv\u00e1 ke spr\u00e1vn\u00e9mu v\u00fdvoji kost\u00ed a tk\u00e1n\u00ed d\u00edt\u011bte.<\/strong><\/li>\n<li data-start=\"1125\" data-end=\"1386\"><strong data-start=\"1239\" data-end=\"1288\">zm\u00edr\u0148uje \u00fanavu a napom\u00e1h\u00e1 regeneraci organismu<\/strong><\/li>\n<li data-start=\"1125\" data-end=\"1386\"><strong data-start=\"1293\" data-end=\"1347\">Obsahuje pouze bezpe\u010dn\u00e9 a pe\u010dliv\u011b vybran\u00e9 slo\u017eky<\/strong><\/li>\n<li data-start=\"1125\" data-end=\"1386\"><strong data-start=\"1352\" data-end=\"1384\">Osv\u011b\u017euj\u00edc\u00ed p\u0159\u00edchu\u0165 maracuji<\/strong><\/li>\n<\/ul>\n<h3 data-start=\"1394\" data-end=\"1428\"><strong data-start=\"1398\" data-end=\"1426\">Snadn\u00e9 d\u00e1vkov\u00e1n\u00ed<\/strong><\/h3>\n<p data-start=\"1429\" data-end=\"1582\">Ka\u017ed\u00fd <strong data-start=\"1435\" data-end=\"1456\">druh\u00fd den<\/strong> rozpus\u0165te <strong data-start=\"1435\" data-end=\"1456\">1 s\u00e1\u010dek<\/strong> ve <strong data-start=\"1471\" data-end=\"1486\">200 ml vody<\/strong>, dob\u0159e prom\u00edchejte a vypijte. D\u00edky praktick\u00e9mu balen\u00ed si jej m\u016f\u017eete vz\u00edt s sebou, a\u0165 jste kdekoli. <\/p>\n<p data-start=\"1584\" data-end=\"1649\"><strong data-start=\"1587\" data-end=\"1608\">Hmotnost balen\u00ed:<\/strong> 300 g<br data-start=\"1614\" data-end=\"1617\"> Hmotnost<strong data-start=\"1620\" data-end=\"1642\">1 s\u00e1\u010dku:<\/strong> 10 g<\/p>\n<h4 data-start=\"1657\" data-end=\"1680\"><strong data-start=\"1661\" data-end=\"1678\">Ozn\u00e1men\u00ed<\/strong><\/h4>\n<p data-start=\"1681\" data-end=\"1928\">Nep\u0159ekra\u010dujte doporu\u010denou denn\u00ed d\u00e1vku. Dopln\u011bk stravy nenahrazuje pestrou stravu. Uchov\u00e1vejte mimo dosah d\u011bt\u00ed. <strong data-start=\"1839\" data-end=\"1872\">O<\/strong> vhodnosti u\u017e\u00edv\u00e1n\u00ed b\u011bhem t\u011bhotenstv\u00ed a kojen\u00ed <strong data-start=\"1839\" data-end=\"1872\">se pora\u010fte s l\u00e9ka\u0159em<\/strong>. Skladujte na such\u00e9m m\u00edst\u011b p\u0159i teplot\u011b <strong data-start=\"1913\" data-end=\"1925\">15-25 \u00b0C<\/strong>.    <\/p>\n<p data-start=\"1930\" data-end=\"1960\"><strong data-start=\"1933\" data-end=\"1958\">Vyrobeno na Slovensku<\/strong><\/p>\n","protected":false},"excerpt":{"rendered":"<p>Zp\u0159\u00edjemn\u011bte si n\u00e1ro\u010dn\u00e9 dny jedine\u010dn\u00fdm kolagenem s lahodnou p\u0159\u00edchut\u00ed maracuji. KK kolagen dod\u00e1 va\u0161emu t\u011blu \u0159adu d\u016fle\u017eit\u00fdch l\u00e1tek a vitam\u00edn\u016f pro spr\u00e1vn\u00e9 fungov\u00e1n\u00ed organismu. Pe\u010dujte o sebe zevnit\u0159.  <\/p>\n","protected":false},"featured_media":13982,"comment_status":"open","ping_status":"closed","template":"","meta":[],"product_brand":[],"product_cat":[89,122],"product_tag":[],"class_list":{"0":"post-15013","1":"product","2":"type-product","3":"status-publish","4":"has-post-thumbnail","6":"product_cat-doplnky-stravy","7":"product_cat-doplnky-stravy-pro-dospele","9":"first","10":"instock","11":"sale","12":"taxable","13":"shipping-taxable","14":"purchasable","15":"product-type-simple"},"yoast_head":"<!-- This site is optimized with the Yoast SEO Premium plugin v27.3 (Yoast SEO v27.3) - https:\/\/yoast.com\/product\/yoast-seo-premium-wordpress\/ -->\n<title>Hydrolyzovan\u00fd KK kolagenov\u00fd n\u00e1poj pro t\u011bhotn\u00e9 a koj\u00edc\u00ed \/ Maracuja - ZK company<\/title>\n<meta name=\"description\" content=\"Kolagen pro t\u011bhotn\u00e9 a koj\u00edc\u00ed Peptan\u00ae kolagen s kyselinou listovou, Aquaminem\u00ae a dal\u0161\u00edmi d\u016fle\u017eit\u00fdmi vitam\u00edny a miner\u00e1ly. Podporuje zdrav\u00ed maminky i d\u00edt\u011bte.\" \/>\n<meta name=\"robots\" content=\"index, follow, max-snippet:-1, max-image-preview:large, max-video-preview:-1\" \/>\n<link rel=\"canonical\" href=\"https:\/\/zkeshop.sk\/cs\/produkt\/hydrolyzovany-kk-kolagenovy-napoj-pro-tehotne-a-kojici-maracuja\/\" \/>\n<meta property=\"og:locale\" content=\"cs_CZ\" \/>\n<meta property=\"og:type\" content=\"article\" \/>\n<meta property=\"og:title\" content=\"Hydrolyzovan\u00fd KK kolagenov\u00fd n\u00e1poj pro t\u011bhotn\u00e9 a koj\u00edc\u00ed \/ Maracuja\" \/>\n<meta property=\"og:description\" content=\"Kolagen pro t\u011bhotn\u00e9 a koj\u00edc\u00ed Peptan\u00ae kolagen s kyselinou listovou, Aquaminem\u00ae a dal\u0161\u00edmi d\u016fle\u017eit\u00fdmi vitam\u00edny a miner\u00e1ly. Podporuje zdrav\u00ed maminky i d\u00edt\u011bte.\" \/>\n<meta property=\"og:url\" content=\"https:\/\/zkeshop.sk\/cs\/produkt\/hydrolyzovany-kk-kolagenovy-napoj-pro-tehotne-a-kojici-maracuja\/\" \/>\n<meta property=\"og:site_name\" content=\"ZK company\" \/>\n<meta property=\"article:modified_time\" content=\"2025-03-17T10:44:31+00:00\" \/>\n<meta property=\"og:image\" content=\"https:\/\/zkeshop.sk\/wp-content\/uploads\/2024\/10\/tehot.jpg\" \/>\n\t<meta property=\"og:image:width\" content=\"1024\" \/>\n\t<meta property=\"og:image:height\" content=\"768\" \/>\n\t<meta property=\"og:image:type\" content=\"image\/jpeg\" \/>\n<meta name=\"twitter:card\" content=\"summary_large_image\" \/>\n<meta name=\"twitter:label1\" content=\"Cena\" \/>\n\t<meta name=\"twitter:data1\" content=\"36,40&nbsp;&euro;\" \/>\n\t<meta name=\"twitter:label2\" content=\"Dostupnost\" \/>\n\t<meta name=\"twitter:data2\" content=\"Skladem\" \/>\n<script type=\"application\/ld+json\" class=\"yoast-schema-graph\">{\"@context\":\"https:\\\/\\\/schema.org\",\"@graph\":[{\"@type\":\"WebPage\",\"@id\":\"https:\\\/\\\/zkeshop.sk\\\/cs\\\/produkt\\\/hydrolyzovany-kk-kolagenovy-napoj-pro-tehotne-a-kojici-maracuja\\\/\",\"url\":\"https:\\\/\\\/zkeshop.sk\\\/cs\\\/produkt\\\/hydrolyzovany-kk-kolagenovy-napoj-pro-tehotne-a-kojici-maracuja\\\/\",\"name\":\"Hydrolyzovan\u00fd KK kolagenov\u00fd n\u00e1poj pro t\u011bhotn\u00e9 a koj\u00edc\u00ed \\\/ Maracuja - ZK company\",\"isPartOf\":{\"@id\":\"https:\\\/\\\/zkeshop.sk\\\/#website\"},\"primaryImageOfPage\":{\"@id\":\"https:\\\/\\\/zkeshop.sk\\\/cs\\\/produkt\\\/hydrolyzovany-kk-kolagenovy-napoj-pro-tehotne-a-kojici-maracuja\\\/#primaryimage\"},\"image\":{\"@id\":\"https:\\\/\\\/zkeshop.sk\\\/cs\\\/produkt\\\/hydrolyzovany-kk-kolagenovy-napoj-pro-tehotne-a-kojici-maracuja\\\/#primaryimage\"},\"thumbnailUrl\":\"https:\\\/\\\/zkeshop.sk\\\/wp-content\\\/uploads\\\/2024\\\/10\\\/tehot.jpg\",\"datePublished\":\"2024-11-04T09:14:55+00:00\",\"dateModified\":\"2025-03-17T10:44:31+00:00\",\"description\":\"Kolagen pro t\u011bhotn\u00e9 a koj\u00edc\u00ed Peptan\u00ae kolagen s kyselinou listovou, Aquaminem\u00ae a dal\u0161\u00edmi d\u016fle\u017eit\u00fdmi vitam\u00edny a miner\u00e1ly. Podporuje zdrav\u00ed maminky i d\u00edt\u011bte.\",\"breadcrumb\":{\"@id\":\"https:\\\/\\\/zkeshop.sk\\\/cs\\\/produkt\\\/hydrolyzovany-kk-kolagenovy-napoj-pro-tehotne-a-kojici-maracuja\\\/#breadcrumb\"},\"inLanguage\":\"cs\",\"potentialAction\":[{\"@type\":\"ReadAction\",\"target\":[\"https:\\\/\\\/zkeshop.sk\\\/cs\\\/produkt\\\/hydrolyzovany-kk-kolagenovy-napoj-pro-tehotne-a-kojici-maracuja\\\/\"]}]},{\"@type\":\"ImageObject\",\"inLanguage\":\"cs\",\"@id\":\"https:\\\/\\\/zkeshop.sk\\\/cs\\\/produkt\\\/hydrolyzovany-kk-kolagenovy-napoj-pro-tehotne-a-kojici-maracuja\\\/#primaryimage\",\"url\":\"https:\\\/\\\/zkeshop.sk\\\/wp-content\\\/uploads\\\/2024\\\/10\\\/tehot.jpg\",\"contentUrl\":\"https:\\\/\\\/zkeshop.sk\\\/wp-content\\\/uploads\\\/2024\\\/10\\\/tehot.jpg\",\"width\":1024,\"height\":768,\"caption\":\"Kolagen pro koj\u00edc\u00ed a t\u011bhotn\u00e9 \u017eeny s kyselinou listovou\"},{\"@type\":\"BreadcrumbList\",\"@id\":\"https:\\\/\\\/zkeshop.sk\\\/cs\\\/produkt\\\/hydrolyzovany-kk-kolagenovy-napoj-pro-tehotne-a-kojici-maracuja\\\/#breadcrumb\",\"itemListElement\":[{\"@type\":\"ListItem\",\"position\":1,\"name\":\"Dom\u016f\",\"item\":\"https:\\\/\\\/zkeshop.sk\\\/\"},{\"@type\":\"ListItem\",\"position\":2,\"name\":\"Obchod\",\"item\":\"https:\\\/\\\/zkeshop.sk\\\/obchod\\\/\"},{\"@type\":\"ListItem\",\"position\":3,\"name\":\"Hydrolyzovan\u00fd KK kolagenov\u00fd n\u00e1poj pro t\u011bhotn\u00e9 a koj\u00edc\u00ed \\\/ Maracuja\"}]},{\"@type\":\"WebSite\",\"@id\":\"https:\\\/\\\/zkeshop.sk\\\/#website\",\"url\":\"https:\\\/\\\/zkeshop.sk\\\/\",\"name\":\"ZK company\",\"description\":\"Kvalitn\u00e1 kozmetika pre ka\u017edodenn\u00e9 pou\u017eitie\",\"potentialAction\":[{\"@type\":\"SearchAction\",\"target\":{\"@type\":\"EntryPoint\",\"urlTemplate\":\"https:\\\/\\\/zkeshop.sk\\\/?s={search_term_string}\"},\"query-input\":{\"@type\":\"PropertyValueSpecification\",\"valueRequired\":true,\"valueName\":\"search_term_string\"}}],\"inLanguage\":\"cs\"}]}<\/script>\n<meta property=\"product:price:amount\" content=\"36.40\" \/>\n<meta property=\"product:price:currency\" content=\"EUR\" \/>\n<meta property=\"og:availability\" content=\"instock\" \/>\n<meta property=\"product:availability\" content=\"instock\" \/>\n<meta property=\"product:condition\" content=\"new\" \/>\n<!-- \/ Yoast SEO Premium plugin. -->","yoast_head_json":{"title":"Hydrolyzovan\u00fd KK kolagenov\u00fd n\u00e1poj pro t\u011bhotn\u00e9 a koj\u00edc\u00ed \/ Maracuja - ZK company","description":"Kolagen pro t\u011bhotn\u00e9 a koj\u00edc\u00ed Peptan\u00ae kolagen s kyselinou listovou, Aquaminem\u00ae a dal\u0161\u00edmi d\u016fle\u017eit\u00fdmi vitam\u00edny a miner\u00e1ly. Podporuje zdrav\u00ed maminky i d\u00edt\u011bte.","robots":{"index":"index","follow":"follow","max-snippet":"max-snippet:-1","max-image-preview":"max-image-preview:large","max-video-preview":"max-video-preview:-1"},"canonical":"https:\/\/zkeshop.sk\/cs\/produkt\/hydrolyzovany-kk-kolagenovy-napoj-pro-tehotne-a-kojici-maracuja\/","og_locale":"cs_CZ","og_type":"article","og_title":"Hydrolyzovan\u00fd KK kolagenov\u00fd n\u00e1poj pro t\u011bhotn\u00e9 a koj\u00edc\u00ed \/ Maracuja","og_description":"Kolagen pro t\u011bhotn\u00e9 a koj\u00edc\u00ed Peptan\u00ae kolagen s kyselinou listovou, Aquaminem\u00ae a dal\u0161\u00edmi d\u016fle\u017eit\u00fdmi vitam\u00edny a miner\u00e1ly. Podporuje zdrav\u00ed maminky i d\u00edt\u011bte.","og_url":"https:\/\/zkeshop.sk\/cs\/produkt\/hydrolyzovany-kk-kolagenovy-napoj-pro-tehotne-a-kojici-maracuja\/","og_site_name":"ZK company","article_modified_time":"2025-03-17T10:44:31+00:00","og_image":[{"width":1024,"height":768,"url":"https:\/\/zkeshop.sk\/wp-content\/uploads\/2024\/10\/tehot.jpg","type":"image\/jpeg"}],"twitter_card":"summary_large_image","twitter_misc":{"Cena":"36,40&nbsp;&euro;","Dostupnost":"Skladem"},"schema":{"@context":"https:\/\/schema.org","@graph":[{"@type":"WebPage","@id":"https:\/\/zkeshop.sk\/cs\/produkt\/hydrolyzovany-kk-kolagenovy-napoj-pro-tehotne-a-kojici-maracuja\/","url":"https:\/\/zkeshop.sk\/cs\/produkt\/hydrolyzovany-kk-kolagenovy-napoj-pro-tehotne-a-kojici-maracuja\/","name":"Hydrolyzovan\u00fd KK kolagenov\u00fd n\u00e1poj pro t\u011bhotn\u00e9 a koj\u00edc\u00ed \/ Maracuja - ZK company","isPartOf":{"@id":"https:\/\/zkeshop.sk\/#website"},"primaryImageOfPage":{"@id":"https:\/\/zkeshop.sk\/cs\/produkt\/hydrolyzovany-kk-kolagenovy-napoj-pro-tehotne-a-kojici-maracuja\/#primaryimage"},"image":{"@id":"https:\/\/zkeshop.sk\/cs\/produkt\/hydrolyzovany-kk-kolagenovy-napoj-pro-tehotne-a-kojici-maracuja\/#primaryimage"},"thumbnailUrl":"https:\/\/zkeshop.sk\/wp-content\/uploads\/2024\/10\/tehot.jpg","datePublished":"2024-11-04T09:14:55+00:00","dateModified":"2025-03-17T10:44:31+00:00","description":"Kolagen pro t\u011bhotn\u00e9 a koj\u00edc\u00ed Peptan\u00ae kolagen s kyselinou listovou, Aquaminem\u00ae a dal\u0161\u00edmi d\u016fle\u017eit\u00fdmi vitam\u00edny a miner\u00e1ly. Podporuje zdrav\u00ed maminky i d\u00edt\u011bte.","breadcrumb":{"@id":"https:\/\/zkeshop.sk\/cs\/produkt\/hydrolyzovany-kk-kolagenovy-napoj-pro-tehotne-a-kojici-maracuja\/#breadcrumb"},"inLanguage":"cs","potentialAction":[{"@type":"ReadAction","target":["https:\/\/zkeshop.sk\/cs\/produkt\/hydrolyzovany-kk-kolagenovy-napoj-pro-tehotne-a-kojici-maracuja\/"]}]},{"@type":"ImageObject","inLanguage":"cs","@id":"https:\/\/zkeshop.sk\/cs\/produkt\/hydrolyzovany-kk-kolagenovy-napoj-pro-tehotne-a-kojici-maracuja\/#primaryimage","url":"https:\/\/zkeshop.sk\/wp-content\/uploads\/2024\/10\/tehot.jpg","contentUrl":"https:\/\/zkeshop.sk\/wp-content\/uploads\/2024\/10\/tehot.jpg","width":1024,"height":768,"caption":"Kolagen pro koj\u00edc\u00ed a t\u011bhotn\u00e9 \u017eeny s kyselinou listovou"},{"@type":"BreadcrumbList","@id":"https:\/\/zkeshop.sk\/cs\/produkt\/hydrolyzovany-kk-kolagenovy-napoj-pro-tehotne-a-kojici-maracuja\/#breadcrumb","itemListElement":[{"@type":"ListItem","position":1,"name":"Dom\u016f","item":"https:\/\/zkeshop.sk\/"},{"@type":"ListItem","position":2,"name":"Obchod","item":"https:\/\/zkeshop.sk\/obchod\/"},{"@type":"ListItem","position":3,"name":"Hydrolyzovan\u00fd KK kolagenov\u00fd n\u00e1poj pro t\u011bhotn\u00e9 a koj\u00edc\u00ed \/ Maracuja"}]},{"@type":"WebSite","@id":"https:\/\/zkeshop.sk\/#website","url":"https:\/\/zkeshop.sk\/","name":"ZK company","description":"Kvalitn\u00e1 kozmetika pre ka\u017edodenn\u00e9 pou\u017eitie","potentialAction":[{"@type":"SearchAction","target":{"@type":"EntryPoint","urlTemplate":"https:\/\/zkeshop.sk\/?s={search_term_string}"},"query-input":{"@type":"PropertyValueSpecification","valueRequired":true,"valueName":"search_term_string"}}],"inLanguage":"cs"}]},"product_price_amount":"36.40","product_price_currency":"EUR","og_availability":"instock","product_availability":"instock","product_condition":"new"},"_links":{"self":[{"href":"https:\/\/zkeshop.sk\/cs\/wp-json\/wp\/v2\/product\/15013","targetHints":{"allow":["GET"]}}],"collection":[{"href":"https:\/\/zkeshop.sk\/cs\/wp-json\/wp\/v2\/product"}],"about":[{"href":"https:\/\/zkeshop.sk\/cs\/wp-json\/wp\/v2\/types\/product"}],"replies":[{"embeddable":true,"href":"https:\/\/zkeshop.sk\/cs\/wp-json\/wp\/v2\/comments?post=15013"}],"version-history":[{"count":0,"href":"https:\/\/zkeshop.sk\/cs\/wp-json\/wp\/v2\/product\/15013\/revisions"}],"wp:featuredmedia":[{"embeddable":true,"href":"https:\/\/zkeshop.sk\/cs\/wp-json\/wp\/v2\/media\/13982"}],"wp:attachment":[{"href":"https:\/\/zkeshop.sk\/cs\/wp-json\/wp\/v2\/media?parent=15013"}],"wp:term":[{"taxonomy":"product_brand","embeddable":true,"href":"https:\/\/zkeshop.sk\/cs\/wp-json\/wp\/v2\/product_brand?post=15013"},{"taxonomy":"product_cat","embeddable":true,"href":"https:\/\/zkeshop.sk\/cs\/wp-json\/wp\/v2\/product_cat?post=15013"},{"taxonomy":"product_tag","embeddable":true,"href":"https:\/\/zkeshop.sk\/cs\/wp-json\/wp\/v2\/product_tag?post=15013"}],"curies":[{"name":"wp","href":"https:\/\/api.w.org\/{rel}","templated":true}]}}