{"id":15017,"date":"2025-01-02T12:51:19","date_gmt":"2025-01-02T11:51:19","guid":{"rendered":"https:\/\/zkeshop.sk\/produkt\/hydrolyzovany-kk-kolagenovy-napoj-imunity-cancer\/"},"modified":"2025-03-18T17:54:51","modified_gmt":"2025-03-18T16:54:51","slug":"hydrolyzovany-kk-kolagenovy-napoj-imunity-cancer","status":"publish","type":"product","link":"https:\/\/zkeshop.sk\/cs\/produkt\/hydrolyzovany-kk-kolagenovy-napoj-imunity-cancer\/","title":{"rendered":"Hydrolyzovan\u00fd KK kolagenov\u00fd n\u00e1poj IMUNITY + CANCER"},"content":{"rendered":"<h2><strong>IMUNITY Kolagenov\u00fd n\u00e1poj &#8211; Va\u0161e denn\u00ed d\u00e1vka kr\u00e1sy a zdrav\u00ed<\/strong><\/h2>\n<p>P\u0159edstavujeme v\u00e1m na\u0161i novinku mezi kolageny KK, na kterou jsme nesm\u00edrn\u011b hrd\u00ed! Ve spolupr\u00e1ci s <strong>Gabrielou Wolfovou<\/strong> jsme vytvo\u0159ili jedine\u010dn\u00fd dopln\u011bk stravy s osv\u011b\u017euj\u00edc\u00ed <strong>p\u0159\u00edchut\u00ed mandarinky a hru\u0161ky<\/strong>, kter\u00fd podporuje nejen <strong>zdrav\u00ed poko\u017eky, vlas\u016f a neht\u016f<\/strong>, ale tak\u00e9 <strong>imunitn\u00ed syst\u00e9m<\/strong>. <\/p>\n<p>V\u00edce o v\u00fdhod\u00e1ch kolagenu a jeho \u00fa\u010dinc\u00edch se dozv\u00edte v \u010dl\u00e1nku na na\u0161em blogu: <strong data-start=\"170\" data-end=\"264\"><a href=\"https:\/\/zkeshop.sk\/?p=15345&#038;preview=true\" target=\"_new\" rel=\"noopener\" data-start=\"172\" data-end=\"262\">Pro\u010d je kolagen d\u016fle\u017eit\u00fd pro kr\u00e1su a zdrav\u00ed?<\/a><\/strong><\/p>\n<h3><strong>Pr\u00e9miov\u00e9 slo\u017een\u00ed pro maxim\u00e1ln\u00ed \u00fa\u010dinek<\/strong><\/h3>\n<p>Slo\u017een\u00ed jsme v\u011bnovali zvl\u00e1\u0161tn\u00ed p\u00e9\u010di &#8211; obsahuje komplex vitam\u00edn\u016f, miner\u00e1l\u016f a p\u0159esn\u011b definovan\u00fd pom\u011br slo\u017eek podporuj\u00edc\u00edch <strong>imunitu a vitalitu<\/strong>.<\/p>\n<ul>\n<li><strong>Hydrolyzovan\u00fd ryb\u00ed kolagen<\/strong> &#8211; prvot\u0159\u00eddn\u00ed mo\u0159sk\u00fd kolagen z udr\u017eiteln\u00fdch zdroj\u016f<\/li>\n<li><strong>Kyselina hyaluronov\u00e1<\/strong> &#8211; intenzivn\u00ed hydratace a podpora pru\u017enosti poko\u017eky<\/li>\n<li><strong>vitam\u00edny C, E a B<\/strong> &#8211; siln\u00e1 antioxida\u010dn\u00ed ochrana a podpora energie<\/li>\n<li><strong>Miner\u00e1ly zinek, ho\u0159\u010d\u00edk, selen<\/strong> &#8211; d\u016fle\u017eit\u00e9 pro regeneraci k\u016f\u017ee, spr\u00e1vnou funkci sval\u016f a nervov\u00e9ho syst\u00e9mu.<\/li>\n<li><strong>vl\u00e1knina inulin<\/strong> &#8211; podporuje tr\u00e1ven\u00ed a zdrav\u00ed st\u0159evn\u00ed mikrofl\u00f3ry<\/li>\n<\/ul>\n<h3><strong>Pro\u010d u\u017e\u00edvat kolagen IMUNITY?<\/strong><\/h3>\n<ul>\n<li>Zlep\u0161uje <strong>pevnost a pru\u017enost poko\u017eky<\/strong><\/li>\n<li>Pom\u00e1h\u00e1 v boji proti <strong>vr\u00e1sk\u00e1m a dehydrataci pleti<\/strong><\/li>\n<li>Podporuje <strong>regeneraci vlas\u016f a neht\u016f<\/strong><\/li>\n<li>Obsahuje antioxidanty, kter\u00e9 <strong>podporuj\u00ed metabolismus<\/strong><\/li>\n<li>p\u0159isp\u00edv\u00e1 ke spr\u00e1vn\u00e9 <strong>funkci kloub\u016f a sval\u016f<\/strong><\/li>\n<\/ul>\n<h3><strong>Snadn\u00e9 pou\u017eit\u00ed<\/strong><\/h3>\n<p>Jednodu\u0161e rozm\u00edchejte <strong>1 s\u00e1\u010dek denn\u011b<\/strong> ve <strong>200 ml vody<\/strong>, vypijte a nechte p\u016fsobit. Ka\u017ed\u00e1 d\u00e1vka je samostatn\u011b zabalen\u00e1, tak\u017ee si ji m\u016f\u017eete vz\u00edt s sebou, kamkoli jdete. <\/p>\n<h4><strong>Ozn\u00e1men\u00ed<\/strong><\/h4>\n<p>Nep\u0159ekra\u010dujte doporu\u010denou denn\u00ed d\u00e1vku. Dopln\u011bk stravy nenahrazuje pestrou stravu. Uchov\u00e1vejte mimo dosah d\u011bt\u00ed.   Nevhodn\u00e9 pro d\u011bti do 3 let, t\u011bhotn\u00e9 a koj\u00edc\u00ed \u017eeny. Skladujte na such\u00e9m m\u00edst\u011b p\u0159i teplot\u011b <strong>15-25 \u00b0C<\/strong>. <\/p>\n<p><strong>Vyrobeno v \u010cesk\u00e9 republice<\/strong><\/p>\n<p>Za\u010dn\u011bte svou cestu ke kr\u00e1sn\u00e9 a zdrav\u00e9 pleti je\u0161t\u011b dnes.<\/p>\n","protected":false},"excerpt":{"rendered":"<h3 data-start=\"0\" data-end=\"72\"><strong data-start=\"4\" data-end=\"70\">KK Collagen IMUNITY s rakytn\u00edkem &#8211; kr\u00e1sa a imunita v jednom.<\/strong><\/h3>\n<p data-start=\"74\" data-end=\"331\">Dop\u0159ejte sv\u00e9 pleti mladistv\u00fd vzhled a z\u00e1rove\u0148 posilte sv\u016fj imunitn\u00ed syst\u00e9m. <strong data-start=\"154\" data-end=\"176\">KK Collagen IMUNITY<\/strong> s rakytn\u00edkem podporuje <strong data-start=\"200\" data-end=\"255\">hydrataci, pevnost a regeneraci poko\u017eky<\/strong>, zat\u00edmco <strong data-start=\"267\" data-end=\"292\">p\u0159\u00edrodn\u00ed antioxidanty<\/strong> posiluj\u00ed obranyschopnost organismu.<\/p>\n<p data-start=\"74\" data-end=\"331\">\ud83c\udf4a <strong data-start=\"336\" data-end=\"375\">Lahodn\u00e1 p\u0159\u00edchu\u0165 mandarinky a hru\u0161ky<\/strong> \u010din\u00ed z ka\u017edodenn\u00ed p\u00e9\u010de skute\u010dn\u00e9 pot\u011b\u0161en\u00ed.<\/p>\n","protected":false},"featured_media":13975,"comment_status":"open","ping_status":"closed","template":"","meta":[],"product_brand":[],"product_cat":[89,122],"product_tag":[],"class_list":{"0":"post-15017","1":"product","2":"type-product","3":"status-publish","4":"has-post-thumbnail","6":"product_cat-doplnky-stravy","7":"product_cat-doplnky-stravy-pro-dospele","9":"first","10":"instock","11":"sale","12":"taxable","13":"shipping-taxable","14":"purchasable","15":"product-type-simple"},"yoast_head":"<!-- This site is optimized with the Yoast SEO Premium plugin v27.3 (Yoast SEO v27.3) - https:\/\/yoast.com\/product\/yoast-seo-premium-wordpress\/ -->\n<title>Hydrolyzovan\u00fd KK kolagenov\u00fd n\u00e1poj IMUNITY + CANCER - ZK company<\/title>\n<meta name=\"robots\" content=\"index, follow, max-snippet:-1, max-image-preview:large, max-video-preview:-1\" \/>\n<link rel=\"canonical\" href=\"https:\/\/zkeshop.sk\/cs\/produkt\/hydrolyzovany-kk-kolagenovy-napoj-imunity-cancer\/\" \/>\n<meta property=\"og:locale\" content=\"cs_CZ\" \/>\n<meta property=\"og:type\" content=\"article\" \/>\n<meta property=\"og:title\" content=\"Hydrolyzovan\u00fd KK kolagenov\u00fd n\u00e1poj IMUNITY + CANCER\" \/>\n<meta property=\"og:description\" content=\"KK Collagen IMUNITY s rakytn\u00edkem - kr\u00e1sa a imunita v jednom. Dop\u0159ejte sv\u00e9 pleti mladistv\u00fd vzhled a z\u00e1rove\u0148 posilte sv\u016fj imunitn\u00ed syst\u00e9m. KK Collagen IMUNITY s rakytn\u00edkem podporuje hydrataci, pevnost a regeneraci poko\u017eky, zat\u00edmco p\u0159\u00edrodn\u00ed antioxidanty posiluj\u00ed obranyschopnost organismu. \ud83c\udf4a Lahodn\u00e1 p\u0159\u00edchu\u0165 mandarinky a hru\u0161ky \u010din\u00ed z ka\u017edodenn\u00ed p\u00e9\u010de skute\u010dn\u00e9 pot\u011b\u0161en\u00ed.\" \/>\n<meta property=\"og:url\" content=\"https:\/\/zkeshop.sk\/cs\/produkt\/hydrolyzovany-kk-kolagenovy-napoj-imunity-cancer\/\" \/>\n<meta property=\"og:site_name\" content=\"ZK company\" \/>\n<meta property=\"article:modified_time\" content=\"2025-03-18T16:54:51+00:00\" \/>\n<meta property=\"og:image\" content=\"https:\/\/zkeshop.sk\/wp-content\/uploads\/2024\/10\/imun.jpg\" \/>\n\t<meta property=\"og:image:width\" content=\"1024\" \/>\n\t<meta property=\"og:image:height\" content=\"768\" \/>\n\t<meta property=\"og:image:type\" content=\"image\/jpeg\" \/>\n<meta name=\"twitter:card\" content=\"summary_large_image\" \/>\n<meta name=\"twitter:label1\" content=\"Cena\" \/>\n\t<meta name=\"twitter:data1\" content=\"36,40&nbsp;&euro;\" \/>\n\t<meta name=\"twitter:label2\" content=\"Dostupnost\" \/>\n\t<meta name=\"twitter:data2\" content=\"Skladem\" \/>\n<script type=\"application\/ld+json\" class=\"yoast-schema-graph\">{\"@context\":\"https:\\\/\\\/schema.org\",\"@graph\":[{\"@type\":\"WebPage\",\"@id\":\"https:\\\/\\\/zkeshop.sk\\\/cs\\\/produkt\\\/hydrolyzovany-kk-kolagenovy-napoj-imunity-cancer\\\/\",\"url\":\"https:\\\/\\\/zkeshop.sk\\\/cs\\\/produkt\\\/hydrolyzovany-kk-kolagenovy-napoj-imunity-cancer\\\/\",\"name\":\"Hydrolyzovan\u00fd KK kolagenov\u00fd n\u00e1poj IMUNITY + CANCER - ZK company\",\"isPartOf\":{\"@id\":\"https:\\\/\\\/zkeshop.sk\\\/#website\"},\"primaryImageOfPage\":{\"@id\":\"https:\\\/\\\/zkeshop.sk\\\/cs\\\/produkt\\\/hydrolyzovany-kk-kolagenovy-napoj-imunity-cancer\\\/#primaryimage\"},\"image\":{\"@id\":\"https:\\\/\\\/zkeshop.sk\\\/cs\\\/produkt\\\/hydrolyzovany-kk-kolagenovy-napoj-imunity-cancer\\\/#primaryimage\"},\"thumbnailUrl\":\"https:\\\/\\\/zkeshop.sk\\\/wp-content\\\/uploads\\\/2024\\\/10\\\/imun.jpg\",\"datePublished\":\"2025-01-02T11:51:19+00:00\",\"dateModified\":\"2025-03-18T16:54:51+00:00\",\"breadcrumb\":{\"@id\":\"https:\\\/\\\/zkeshop.sk\\\/cs\\\/produkt\\\/hydrolyzovany-kk-kolagenovy-napoj-imunity-cancer\\\/#breadcrumb\"},\"inLanguage\":\"cs\",\"potentialAction\":[{\"@type\":\"ReadAction\",\"target\":[\"https:\\\/\\\/zkeshop.sk\\\/cs\\\/produkt\\\/hydrolyzovany-kk-kolagenovy-napoj-imunity-cancer\\\/\"]}]},{\"@type\":\"ImageObject\",\"inLanguage\":\"cs\",\"@id\":\"https:\\\/\\\/zkeshop.sk\\\/cs\\\/produkt\\\/hydrolyzovany-kk-kolagenovy-napoj-imunity-cancer\\\/#primaryimage\",\"url\":\"https:\\\/\\\/zkeshop.sk\\\/wp-content\\\/uploads\\\/2024\\\/10\\\/imun.jpg\",\"contentUrl\":\"https:\\\/\\\/zkeshop.sk\\\/wp-content\\\/uploads\\\/2024\\\/10\\\/imun.jpg\",\"width\":1024,\"height\":768,\"caption\":\"Pr\u00e9miov\u00fd kolagen pro va\u0161e vlasy, nehty a poko\u017eku Imunita s rakytn\u00edkem \u0159e\u0161etl\u00e1kov\u00fdm\"},{\"@type\":\"BreadcrumbList\",\"@id\":\"https:\\\/\\\/zkeshop.sk\\\/cs\\\/produkt\\\/hydrolyzovany-kk-kolagenovy-napoj-imunity-cancer\\\/#breadcrumb\",\"itemListElement\":[{\"@type\":\"ListItem\",\"position\":1,\"name\":\"Dom\u016f\",\"item\":\"https:\\\/\\\/zkeshop.sk\\\/\"},{\"@type\":\"ListItem\",\"position\":2,\"name\":\"Obchod\",\"item\":\"https:\\\/\\\/zkeshop.sk\\\/obchod\\\/\"},{\"@type\":\"ListItem\",\"position\":3,\"name\":\"Hydrolyzovan\u00fd KK kolagenov\u00fd n\u00e1poj IMUNITY + CANCER\"}]},{\"@type\":\"WebSite\",\"@id\":\"https:\\\/\\\/zkeshop.sk\\\/#website\",\"url\":\"https:\\\/\\\/zkeshop.sk\\\/\",\"name\":\"ZK company\",\"description\":\"Kvalitn\u00e1 kozmetika pre ka\u017edodenn\u00e9 pou\u017eitie\",\"potentialAction\":[{\"@type\":\"SearchAction\",\"target\":{\"@type\":\"EntryPoint\",\"urlTemplate\":\"https:\\\/\\\/zkeshop.sk\\\/?s={search_term_string}\"},\"query-input\":{\"@type\":\"PropertyValueSpecification\",\"valueRequired\":true,\"valueName\":\"search_term_string\"}}],\"inLanguage\":\"cs\"}]}<\/script>\n<meta property=\"product:price:amount\" content=\"36.40\" \/>\n<meta property=\"product:price:currency\" content=\"EUR\" \/>\n<meta property=\"og:availability\" content=\"instock\" \/>\n<meta property=\"product:availability\" content=\"instock\" \/>\n<meta property=\"product:condition\" content=\"new\" \/>\n<!-- \/ Yoast SEO Premium plugin. -->","yoast_head_json":{"title":"Hydrolyzovan\u00fd KK kolagenov\u00fd n\u00e1poj IMUNITY + CANCER - ZK company","robots":{"index":"index","follow":"follow","max-snippet":"max-snippet:-1","max-image-preview":"max-image-preview:large","max-video-preview":"max-video-preview:-1"},"canonical":"https:\/\/zkeshop.sk\/cs\/produkt\/hydrolyzovany-kk-kolagenovy-napoj-imunity-cancer\/","og_locale":"cs_CZ","og_type":"article","og_title":"Hydrolyzovan\u00fd KK kolagenov\u00fd n\u00e1poj IMUNITY + CANCER","og_description":"KK Collagen IMUNITY s rakytn\u00edkem - kr\u00e1sa a imunita v jednom. Dop\u0159ejte sv\u00e9 pleti mladistv\u00fd vzhled a z\u00e1rove\u0148 posilte sv\u016fj imunitn\u00ed syst\u00e9m. KK Collagen IMUNITY s rakytn\u00edkem podporuje hydrataci, pevnost a regeneraci poko\u017eky, zat\u00edmco p\u0159\u00edrodn\u00ed antioxidanty posiluj\u00ed obranyschopnost organismu. \ud83c\udf4a Lahodn\u00e1 p\u0159\u00edchu\u0165 mandarinky a hru\u0161ky \u010din\u00ed z ka\u017edodenn\u00ed p\u00e9\u010de skute\u010dn\u00e9 pot\u011b\u0161en\u00ed.","og_url":"https:\/\/zkeshop.sk\/cs\/produkt\/hydrolyzovany-kk-kolagenovy-napoj-imunity-cancer\/","og_site_name":"ZK company","article_modified_time":"2025-03-18T16:54:51+00:00","og_image":[{"width":1024,"height":768,"url":"https:\/\/zkeshop.sk\/wp-content\/uploads\/2024\/10\/imun.jpg","type":"image\/jpeg"}],"twitter_card":"summary_large_image","twitter_misc":{"Cena":"36,40&nbsp;&euro;","Dostupnost":"Skladem"},"schema":{"@context":"https:\/\/schema.org","@graph":[{"@type":"WebPage","@id":"https:\/\/zkeshop.sk\/cs\/produkt\/hydrolyzovany-kk-kolagenovy-napoj-imunity-cancer\/","url":"https:\/\/zkeshop.sk\/cs\/produkt\/hydrolyzovany-kk-kolagenovy-napoj-imunity-cancer\/","name":"Hydrolyzovan\u00fd KK kolagenov\u00fd n\u00e1poj IMUNITY + CANCER - ZK company","isPartOf":{"@id":"https:\/\/zkeshop.sk\/#website"},"primaryImageOfPage":{"@id":"https:\/\/zkeshop.sk\/cs\/produkt\/hydrolyzovany-kk-kolagenovy-napoj-imunity-cancer\/#primaryimage"},"image":{"@id":"https:\/\/zkeshop.sk\/cs\/produkt\/hydrolyzovany-kk-kolagenovy-napoj-imunity-cancer\/#primaryimage"},"thumbnailUrl":"https:\/\/zkeshop.sk\/wp-content\/uploads\/2024\/10\/imun.jpg","datePublished":"2025-01-02T11:51:19+00:00","dateModified":"2025-03-18T16:54:51+00:00","breadcrumb":{"@id":"https:\/\/zkeshop.sk\/cs\/produkt\/hydrolyzovany-kk-kolagenovy-napoj-imunity-cancer\/#breadcrumb"},"inLanguage":"cs","potentialAction":[{"@type":"ReadAction","target":["https:\/\/zkeshop.sk\/cs\/produkt\/hydrolyzovany-kk-kolagenovy-napoj-imunity-cancer\/"]}]},{"@type":"ImageObject","inLanguage":"cs","@id":"https:\/\/zkeshop.sk\/cs\/produkt\/hydrolyzovany-kk-kolagenovy-napoj-imunity-cancer\/#primaryimage","url":"https:\/\/zkeshop.sk\/wp-content\/uploads\/2024\/10\/imun.jpg","contentUrl":"https:\/\/zkeshop.sk\/wp-content\/uploads\/2024\/10\/imun.jpg","width":1024,"height":768,"caption":"Pr\u00e9miov\u00fd kolagen pro va\u0161e vlasy, nehty a poko\u017eku Imunita s rakytn\u00edkem \u0159e\u0161etl\u00e1kov\u00fdm"},{"@type":"BreadcrumbList","@id":"https:\/\/zkeshop.sk\/cs\/produkt\/hydrolyzovany-kk-kolagenovy-napoj-imunity-cancer\/#breadcrumb","itemListElement":[{"@type":"ListItem","position":1,"name":"Dom\u016f","item":"https:\/\/zkeshop.sk\/"},{"@type":"ListItem","position":2,"name":"Obchod","item":"https:\/\/zkeshop.sk\/obchod\/"},{"@type":"ListItem","position":3,"name":"Hydrolyzovan\u00fd KK kolagenov\u00fd n\u00e1poj IMUNITY + CANCER"}]},{"@type":"WebSite","@id":"https:\/\/zkeshop.sk\/#website","url":"https:\/\/zkeshop.sk\/","name":"ZK company","description":"Kvalitn\u00e1 kozmetika pre ka\u017edodenn\u00e9 pou\u017eitie","potentialAction":[{"@type":"SearchAction","target":{"@type":"EntryPoint","urlTemplate":"https:\/\/zkeshop.sk\/?s={search_term_string}"},"query-input":{"@type":"PropertyValueSpecification","valueRequired":true,"valueName":"search_term_string"}}],"inLanguage":"cs"}]},"product_price_amount":"36.40","product_price_currency":"EUR","og_availability":"instock","product_availability":"instock","product_condition":"new"},"_links":{"self":[{"href":"https:\/\/zkeshop.sk\/cs\/wp-json\/wp\/v2\/product\/15017","targetHints":{"allow":["GET"]}}],"collection":[{"href":"https:\/\/zkeshop.sk\/cs\/wp-json\/wp\/v2\/product"}],"about":[{"href":"https:\/\/zkeshop.sk\/cs\/wp-json\/wp\/v2\/types\/product"}],"replies":[{"embeddable":true,"href":"https:\/\/zkeshop.sk\/cs\/wp-json\/wp\/v2\/comments?post=15017"}],"version-history":[{"count":0,"href":"https:\/\/zkeshop.sk\/cs\/wp-json\/wp\/v2\/product\/15017\/revisions"}],"wp:featuredmedia":[{"embeddable":true,"href":"https:\/\/zkeshop.sk\/cs\/wp-json\/wp\/v2\/media\/13975"}],"wp:attachment":[{"href":"https:\/\/zkeshop.sk\/cs\/wp-json\/wp\/v2\/media?parent=15017"}],"wp:term":[{"taxonomy":"product_brand","embeddable":true,"href":"https:\/\/zkeshop.sk\/cs\/wp-json\/wp\/v2\/product_brand?post=15017"},{"taxonomy":"product_cat","embeddable":true,"href":"https:\/\/zkeshop.sk\/cs\/wp-json\/wp\/v2\/product_cat?post=15017"},{"taxonomy":"product_tag","embeddable":true,"href":"https:\/\/zkeshop.sk\/cs\/wp-json\/wp\/v2\/product_tag?post=15017"}],"curies":[{"name":"wp","href":"https:\/\/api.w.org\/{rel}","templated":true}]}}