{"id":15021,"date":"2024-10-23T14:21:25","date_gmt":"2024-10-23T12:21:25","guid":{"rendered":"https:\/\/zkeshop.sk\/produkt\/ultra-super-greens\/"},"modified":"2025-02-18T10:17:52","modified_gmt":"2025-02-18T09:17:52","slug":"ultra-super-greens","status":"publish","type":"product","link":"https:\/\/zkeshop.sk\/cs\/produkt\/ultra-super-greens\/","title":{"rendered":"Ultra Super Greens"},"content":{"rendered":"<p><strong>V\u00fdhody a vlastnosti:<\/strong><\/p>\n<p><strong>Zelen\u00fd je\u010dmen<\/strong>: D\u00edky vitam\u00edn\u016fm a miner\u00e1l\u016fm z p\u0159\u00edrodn\u00edho zdroje.<br \/>\n<strong>Chlorella<\/strong>: Chlorela: vitalita a energie, p\u0159irozen\u00e1 imunita, norm\u00e1ln\u00ed funkce st\u0159ev a jater.<br \/>\n<strong>Spirulina<\/strong>: Antioxidant, norm\u00e1ln\u00ed hladina cukru v krvi, podpora svalov\u00e9 hmoty a kontrola hmotnosti.<br \/>\n<strong>Zelen\u00fd \u010daj<\/strong>: Fyzick\u00e1 a du\u0161evn\u00ed stimulace, kontrola hmotnosti, norm\u00e1ln\u00ed hladina gluk\u00f3zy v krvi.<br \/>\n<strong>P\u00edskavice \u0159eck\u00e9 seno<\/strong>: Antioxidant, norm\u00e1ln\u00ed tr\u00e1ven\u00ed, prebiotikum, norm\u00e1ln\u00ed \u010dinnost \u017ealudku a jater.<br \/>\n<strong>Mincovna<\/strong>: Podporuje tr\u00e1vic\u00ed syst\u00e9m a imunitn\u00ed syst\u00e9m, relaxaci a sp\u00e1nek.<br \/>\n<strong>He\u0159m\u00e1nek<\/strong>: P\u0159irozen\u00e1 imunita, norm\u00e1ln\u00ed tr\u00e1ven\u00ed, kognitivn\u00ed a du\u0161evn\u00ed zdrav\u00ed, pozitivn\u00ed n\u00e1lada a relaxace.<br \/>\n<strong>Aloe Vera<\/strong>: podpora imunitn\u00edho syst\u00e9mu, sn\u00ed\u017een\u00ed nap\u011bt\u00ed a \u00fanavy, antioxidant, norm\u00e1ln\u00ed stav poko\u017eky, kontrola hmotnosti.<\/p>\n<p><strong>Pro\u010d je d\u016fle\u017eit\u00e9 u\u017e\u00edvat probiotika<\/strong>: Probiotika jsou \u017eiv\u00e9 mikroorganismy, kter\u00e9 jsou nezbytn\u00e9 pro udr\u017een\u00ed zdrav\u00e9 st\u0159evn\u00ed mikrofl\u00f3ry. Na\u0161e sm\u011bs obsahuje 10 miliard kultur z 10 r\u016fzn\u00fdch kmen\u016f probiotik, kter\u00e9 podporuj\u00ed rovnov\u00e1hu st\u0159evn\u00ed fl\u00f3ry, je\u017e je kl\u00ed\u010dov\u00e1 pro spr\u00e1vn\u00e9 tr\u00e1ven\u00ed a celkovou pohodu. Probiotika tak\u00e9 p\u0159isp\u00edvaj\u00ed k lep\u0161\u00edmu vst\u0159eb\u00e1v\u00e1n\u00ed \u017eivin a podporuj\u00ed p\u0159irozenou obranyschopnost organismu.  <\/p>\n<p><strong>V\u00fdhody dlouhodob\u00e9ho u\u017e\u00edv\u00e1n\u00ed:<\/strong><\/p>\n<p>Komplexn\u00ed podpora t\u011bla: Pravideln\u00e9 u\u017e\u00edv\u00e1n\u00ed Ultra Super Greens p\u0159isp\u00edv\u00e1 k celkov\u00e9 pohod\u011b a vitalit\u011b d\u00edky pe\u010dliv\u011b vybran\u00fdm slo\u017ek\u00e1m, kter\u00e9 t\u011blu poskytuj\u00ed \u0161irok\u00e9 spektrum \u017eivin.<br \/>\nVyv\u00e1\u017een\u00e1 strava: tento dopln\u011bk stravy je vynikaj\u00edc\u00ed pro ty, kte\u0159\u00ed cht\u011bj\u00ed obohatit sv\u016fj j\u00eddeln\u00ed\u010dek o d\u016fle\u017eit\u00e9 vitaminy, miner\u00e1ly a dal\u0161\u00ed bioaktivn\u00ed l\u00e1tky.<br \/>\nRovnov\u00e1ha a stabilita: d\u00edky probiotick\u00fdm kultur\u00e1m pom\u00e1h\u00e1 Ultra Super Greens udr\u017eovat rovnov\u00e1hu st\u0159evn\u00ed mikrofl\u00f3ry, kter\u00e1 je d\u016fle\u017eit\u00e1 pro celkovou pohodu.<br \/>\nP\u0159\u00edrodn\u00ed energie: sm\u011bs zelen\u00fdch superpotravin je skv\u011bl\u00fdm zdrojem p\u0159irozen\u00e9 energie, kterou t\u011blo pot\u0159ebuje ke ka\u017edodenn\u00edm \u010dinnostem.<br \/>\nPodpora p\u0159irozen\u00e9 imunity: pravideln\u00e1 konzumace tohoto dopl\u0148ku stravy m\u016f\u017ee d\u00edky obsahu antioxidant\u016f a dal\u0161\u00edch prosp\u011b\u0161n\u00fdch l\u00e1tek p\u0159isp\u011bt k lep\u0161\u00ed odolnosti organismu v\u016f\u010di vn\u011bj\u0161\u00edm vliv\u016fm.<\/p>\n<p>V<strong>ysok\u00fd obsah organick\u00fdch slo\u017eek<\/strong>: Na\u0161e sm\u011bs obsahuje pouze organick\u00e9 slo\u017eky, jako je je\u010dmen, chlorella a spirulina, kter\u00e9 jsou p\u011bstov\u00e1ny bez pou\u017eit\u00ed pesticid\u016f a chemick\u00fdch hnojiv. Komplexn\u00ed probiotick\u00e1 sm\u011bs: Obsahuje 10 miliard kultur z 10 r\u016fzn\u00fdch kmen\u016f pro podporu zdrav\u00ed st\u0159ev a imunitn\u00edho syst\u00e9mu.<\/p>\n<p>P\u0159idan\u00e9 v\u00fdta\u017eky z l\u00e9\u010div\u00fdch rostlin: Na\u0161e sm\u011bs obsahuje v\u00fdta\u017eky z list\u016f m\u00e1ty peprn\u00e9, medu\u0148ky l\u00e9ka\u0159sk\u00e9 a he\u0159m\u00e1nku, kter\u00e9 poskytuj\u00ed dal\u0161\u00ed p\u0159\u00ednosy. Aloe Vera a Maca: Tyto slo\u017eky dod\u00e1vaj\u00ed dal\u0161\u00ed p\u0159\u00ednosy pro imunitn\u00ed syst\u00e9m, sni\u017euj\u00ed \u00fanavu a podporuj\u00ed kontrolu hmotnosti.<br \/>\n<strong>Skv\u011bl\u00e1 chu\u0165:<\/strong> M\u00e1ta dod\u00e1v\u00e1 sm\u011bsi osv\u011b\u017euj\u00edc\u00ed chu\u0165, kter\u00e1 zaji\u0161\u0165uje p\u0159\u00edjemnou konzumaci.<\/p>\n<p><strong>Slo\u017een\u00ed (v 1 d\u00e1vce &#8211; cca 7,1 g):<\/strong><\/p>\n<p>Organick\u00fd je\u010dmen &#8211; 3000 mg Organick\u00e1 chlorella &#8211; 1000 mg Organick\u00e1 spirulina &#8211; 1000 mg Inulin (\u010dekankov\u00e1 vl\u00e1knina) &#8211; 1000 mg Zelen\u00fd \u010daj (Camellia sinensis) &#8211; 200 mg Extrakt z ko\u0159ene p\u00edskavice \u0159eck\u00e9 seno (Taraxacum officinale) 10:<\/p>\n<p>1 &#8211; 200 mg extrakt z list\u016f m\u00e1ty peprn\u00e9 (Mentha piperita) 10:1 &#8211; 200 mg extrakt z kv\u011bt\u016f he\u0159m\u00e1nku prav\u00e9ho (Matricaria recutita) 10:<\/p>\n<p>1: 200 mg Sm\u011bs probiotick\u00fdch kultur (Lactobacillus acidophilus, Lactobacillus casei, Lactobacillus plantarum, Lactobacillus rhamnosus, Lactobacillus bulgaricus, Bifidobacterium bifidum, Bifidobacterium lactis, Bifidobacterium breve, Bifidobacterium Maca (Lepidium peruvianum) extrakt z ko\u0159ene 10: 1: 200 mg:<\/p>\n<p>1 &#8211; 100 mg Uhli\u010ditan ho\u0159e\u010dnat\u00fd (protisp\u00e9kav\u00e1 l\u00e1tka) Extrakt z gelu list\u016f aloe vera 200:1 &#8211; 45 mg Aromatick\u00e1 m\u00e1ta peprn\u00e1<\/p>\n<p><strong>D\u00e1vkov\u00e1n\u00ed:<\/strong> 1 odm\u011brka (cca 7,1 g) v 200-300 ml vody podle chuti.<\/p>\n<p><strong>Hmotnost obsahu<\/strong> (30 d\u00e1vek), 210 g.<\/p>\n<p>Pozn\u00e1mka: Nep\u0159ekra\u010dujte doporu\u010denou denn\u00ed d\u00e1vku. Nen\u00ed ur\u010deno jako n\u00e1hrada pestr\u00e9 stravy. O vhodnosti u\u017e\u00edv\u00e1n\u00ed b\u011bhem t\u011bhotenstv\u00ed nebo kojen\u00ed se v\u017edy pora\u010fte s l\u00e9ka\u0159em.  <\/p>\n<p>Skladov\u00e1n\u00ed: v suchu a temnu, p\u0159i teplot\u011b do 25 \u00b0C. Skladujte mimo dosah d\u011bt\u00ed. Neskladujte na such\u00e9m m\u00edst\u011b nebo na such\u00e9m vzduchu, uchov\u00e1vejte mimo dosah d\u011bt\u00ed do 3 let.  <\/p>\n<p>Vyrobeno v \u010cesk\u00e9 republice<\/p>\n","protected":false},"excerpt":{"rendered":"<p>Ultra Super Greens je komplexn\u00ed sm\u011bs organick\u00fdch zelen\u00fdch superpotravin, kter\u00e1 v\u00e1m dod\u00e1 denn\u00ed d\u00e1vku energie a vitality. Slo\u017een\u00ed na\u0161eho produktu obsahuje pouze ty nejkvalitn\u011bj\u0161\u00ed organick\u00e9 slo\u017eky a probiotika pro podporu zdrav\u00ed st\u0159ev a celkov\u00e9 pohody. D\u00edky osv\u011b\u017euj\u00edc\u00ed m\u00e1tov\u00e9 p\u0159\u00edchuti je ide\u00e1ln\u00ed volbou pro ty, kte\u0159\u00ed cht\u011bj\u00ed obohatit sv\u016fj j\u00eddeln\u00ed\u010dek o p\u0159\u00edrodn\u00ed a \u00fa\u010dinn\u00e9 slo\u017eky.  <\/p>\n","protected":false},"featured_media":14061,"comment_status":"open","ping_status":"closed","template":"","meta":[],"product_brand":[],"product_cat":[89,122,220],"product_tag":[],"class_list":{"0":"post-15021","1":"product","2":"type-product","3":"status-publish","4":"has-post-thumbnail","6":"product_cat-doplnky-stravy","7":"product_cat-doplnky-stravy-pro-dospele","8":"product_cat-travenie-cs","10":"first","11":"instock","12":"taxable","13":"shipping-taxable","14":"purchasable","15":"product-type-simple"},"yoast_head":"<!-- This site is optimized with the Yoast SEO Premium plugin v27.3 (Yoast SEO v27.3) - https:\/\/yoast.com\/product\/yoast-seo-premium-wordpress\/ -->\n<title>Ultra Super Greens - ZK company<\/title>\n<meta name=\"robots\" content=\"index, follow, max-snippet:-1, max-image-preview:large, max-video-preview:-1\" \/>\n<link rel=\"canonical\" href=\"https:\/\/zkeshop.sk\/produkt\/ultra-super-greens-mata\/\" \/>\n<meta property=\"og:locale\" content=\"cs_CZ\" \/>\n<meta property=\"og:type\" content=\"article\" \/>\n<meta property=\"og:title\" content=\"Ultra Super Greens\" \/>\n<meta property=\"og:description\" content=\"Ultra Super Greens je komplexn\u00ed sm\u011bs organick\u00fdch zelen\u00fdch superpotravin, kter\u00e1 v\u00e1m dod\u00e1 denn\u00ed d\u00e1vku energie a vitality. Slo\u017een\u00ed na\u0161eho produktu obsahuje pouze ty nejkvalitn\u011bj\u0161\u00ed organick\u00e9 slo\u017eky a probiotika pro podporu zdrav\u00ed st\u0159ev a celkov\u00e9 pohody. D\u00edky osv\u011b\u017euj\u00edc\u00ed m\u00e1tov\u00e9 p\u0159\u00edchuti je ide\u00e1ln\u00ed volbou pro ty, kte\u0159\u00ed cht\u011bj\u00ed obohatit sv\u016fj j\u00eddeln\u00ed\u010dek o p\u0159\u00edrodn\u00ed a \u00fa\u010dinn\u00e9 slo\u017eky.\" \/>\n<meta property=\"og:url\" content=\"https:\/\/zkeshop.sk\/produkt\/ultra-super-greens-mata\/\" \/>\n<meta property=\"og:site_name\" content=\"ZK company\" \/>\n<meta property=\"article:modified_time\" content=\"2025-02-18T09:17:52+00:00\" \/>\n<meta property=\"og:image\" content=\"https:\/\/zkeshop.sk\/wp-content\/uploads\/2024\/10\/greens-cisty-scaled.jpg\" \/>\n\t<meta property=\"og:image:width\" content=\"2551\" \/>\n\t<meta property=\"og:image:height\" content=\"2560\" \/>\n\t<meta property=\"og:image:type\" content=\"image\/jpeg\" \/>\n<meta name=\"twitter:card\" content=\"summary_large_image\" \/>\n<meta name=\"twitter:label1\" content=\"Cena\" \/>\n\t<meta name=\"twitter:data1\" content=\"39,80&nbsp;&euro;\" \/>\n\t<meta name=\"twitter:label2\" content=\"Dostupnost\" \/>\n\t<meta name=\"twitter:data2\" content=\"Skladem\" \/>\n<script type=\"application\/ld+json\" class=\"yoast-schema-graph\">{\"@context\":\"https:\\\/\\\/schema.org\",\"@graph\":[{\"@type\":\"WebPage\",\"@id\":\"https:\\\/\\\/zkeshop.sk\\\/produkt\\\/ultra-super-greens-mata\\\/\",\"url\":\"https:\\\/\\\/zkeshop.sk\\\/produkt\\\/ultra-super-greens-mata\\\/\",\"name\":\"Ultra Super Greens - ZK company\",\"isPartOf\":{\"@id\":\"https:\\\/\\\/zkeshop.sk\\\/#website\"},\"primaryImageOfPage\":{\"@id\":\"https:\\\/\\\/zkeshop.sk\\\/produkt\\\/ultra-super-greens-mata\\\/#primaryimage\"},\"image\":{\"@id\":\"https:\\\/\\\/zkeshop.sk\\\/produkt\\\/ultra-super-greens-mata\\\/#primaryimage\"},\"thumbnailUrl\":\"https:\\\/\\\/zkeshop.sk\\\/wp-content\\\/uploads\\\/2024\\\/10\\\/greens-cisty-scaled.jpg\",\"datePublished\":\"2024-10-23T12:21:25+00:00\",\"dateModified\":\"2025-02-18T09:17:52+00:00\",\"breadcrumb\":{\"@id\":\"https:\\\/\\\/zkeshop.sk\\\/produkt\\\/ultra-super-greens-mata\\\/#breadcrumb\"},\"inLanguage\":\"cs\",\"potentialAction\":[{\"@type\":\"ReadAction\",\"target\":[\"https:\\\/\\\/zkeshop.sk\\\/produkt\\\/ultra-super-greens-mata\\\/\"]}]},{\"@type\":\"ImageObject\",\"inLanguage\":\"cs\",\"@id\":\"https:\\\/\\\/zkeshop.sk\\\/produkt\\\/ultra-super-greens-mata\\\/#primaryimage\",\"url\":\"https:\\\/\\\/zkeshop.sk\\\/wp-content\\\/uploads\\\/2024\\\/10\\\/greens-cisty-scaled.jpg\",\"contentUrl\":\"https:\\\/\\\/zkeshop.sk\\\/wp-content\\\/uploads\\\/2024\\\/10\\\/greens-cisty-scaled.jpg\",\"width\":2551,\"height\":2560,\"caption\":\"Zmes BIO superpotrav\u00edn, byl\u00edn a 10 probiot\u00edk pre energiu, tr\u00e1venie, imunitu a pohodu. Svie\u017ea chu\u0165 m\u00e4ty, 30 d\u00e1vok v balen\u00ed. Vyroben\u00e9 v \u010cR.\"},{\"@type\":\"BreadcrumbList\",\"@id\":\"https:\\\/\\\/zkeshop.sk\\\/produkt\\\/ultra-super-greens-mata\\\/#breadcrumb\",\"itemListElement\":[{\"@type\":\"ListItem\",\"position\":1,\"name\":\"Dom\u016f\",\"item\":\"https:\\\/\\\/zkeshop.sk\\\/\"},{\"@type\":\"ListItem\",\"position\":2,\"name\":\"Obchod\",\"item\":\"https:\\\/\\\/zkeshop.sk\\\/obchod\\\/\"},{\"@type\":\"ListItem\",\"position\":3,\"name\":\"Ultra Super Greens\"}]},{\"@type\":\"WebSite\",\"@id\":\"https:\\\/\\\/zkeshop.sk\\\/#website\",\"url\":\"https:\\\/\\\/zkeshop.sk\\\/\",\"name\":\"ZK company\",\"description\":\"Kvalitn\u00e1 kozmetika pre ka\u017edodenn\u00e9 pou\u017eitie\",\"potentialAction\":[{\"@type\":\"SearchAction\",\"target\":{\"@type\":\"EntryPoint\",\"urlTemplate\":\"https:\\\/\\\/zkeshop.sk\\\/?s={search_term_string}\"},\"query-input\":{\"@type\":\"PropertyValueSpecification\",\"valueRequired\":true,\"valueName\":\"search_term_string\"}}],\"inLanguage\":\"cs\"}]}<\/script>\n<meta property=\"product:price:amount\" content=\"39.80\" \/>\n<meta property=\"product:price:currency\" content=\"EUR\" \/>\n<meta property=\"og:availability\" content=\"instock\" \/>\n<meta property=\"product:availability\" content=\"instock\" \/>\n<meta property=\"product:condition\" content=\"new\" \/>\n<!-- \/ Yoast SEO Premium plugin. -->","yoast_head_json":{"title":"Ultra Super Greens - ZK company","robots":{"index":"index","follow":"follow","max-snippet":"max-snippet:-1","max-image-preview":"max-image-preview:large","max-video-preview":"max-video-preview:-1"},"canonical":"https:\/\/zkeshop.sk\/produkt\/ultra-super-greens-mata\/","og_locale":"cs_CZ","og_type":"article","og_title":"Ultra Super Greens","og_description":"Ultra Super Greens je komplexn\u00ed sm\u011bs organick\u00fdch zelen\u00fdch superpotravin, kter\u00e1 v\u00e1m dod\u00e1 denn\u00ed d\u00e1vku energie a vitality. Slo\u017een\u00ed na\u0161eho produktu obsahuje pouze ty nejkvalitn\u011bj\u0161\u00ed organick\u00e9 slo\u017eky a probiotika pro podporu zdrav\u00ed st\u0159ev a celkov\u00e9 pohody. D\u00edky osv\u011b\u017euj\u00edc\u00ed m\u00e1tov\u00e9 p\u0159\u00edchuti je ide\u00e1ln\u00ed volbou pro ty, kte\u0159\u00ed cht\u011bj\u00ed obohatit sv\u016fj j\u00eddeln\u00ed\u010dek o p\u0159\u00edrodn\u00ed a \u00fa\u010dinn\u00e9 slo\u017eky.","og_url":"https:\/\/zkeshop.sk\/produkt\/ultra-super-greens-mata\/","og_site_name":"ZK company","article_modified_time":"2025-02-18T09:17:52+00:00","og_image":[{"width":2551,"height":2560,"url":"https:\/\/zkeshop.sk\/wp-content\/uploads\/2024\/10\/greens-cisty-scaled.jpg","type":"image\/jpeg"}],"twitter_card":"summary_large_image","twitter_misc":{"Cena":"39,80&nbsp;&euro;","Dostupnost":"Skladem"},"schema":{"@context":"https:\/\/schema.org","@graph":[{"@type":"WebPage","@id":"https:\/\/zkeshop.sk\/produkt\/ultra-super-greens-mata\/","url":"https:\/\/zkeshop.sk\/produkt\/ultra-super-greens-mata\/","name":"Ultra Super Greens - ZK company","isPartOf":{"@id":"https:\/\/zkeshop.sk\/#website"},"primaryImageOfPage":{"@id":"https:\/\/zkeshop.sk\/produkt\/ultra-super-greens-mata\/#primaryimage"},"image":{"@id":"https:\/\/zkeshop.sk\/produkt\/ultra-super-greens-mata\/#primaryimage"},"thumbnailUrl":"https:\/\/zkeshop.sk\/wp-content\/uploads\/2024\/10\/greens-cisty-scaled.jpg","datePublished":"2024-10-23T12:21:25+00:00","dateModified":"2025-02-18T09:17:52+00:00","breadcrumb":{"@id":"https:\/\/zkeshop.sk\/produkt\/ultra-super-greens-mata\/#breadcrumb"},"inLanguage":"cs","potentialAction":[{"@type":"ReadAction","target":["https:\/\/zkeshop.sk\/produkt\/ultra-super-greens-mata\/"]}]},{"@type":"ImageObject","inLanguage":"cs","@id":"https:\/\/zkeshop.sk\/produkt\/ultra-super-greens-mata\/#primaryimage","url":"https:\/\/zkeshop.sk\/wp-content\/uploads\/2024\/10\/greens-cisty-scaled.jpg","contentUrl":"https:\/\/zkeshop.sk\/wp-content\/uploads\/2024\/10\/greens-cisty-scaled.jpg","width":2551,"height":2560,"caption":"Zmes BIO superpotrav\u00edn, byl\u00edn a 10 probiot\u00edk pre energiu, tr\u00e1venie, imunitu a pohodu. Svie\u017ea chu\u0165 m\u00e4ty, 30 d\u00e1vok v balen\u00ed. Vyroben\u00e9 v \u010cR."},{"@type":"BreadcrumbList","@id":"https:\/\/zkeshop.sk\/produkt\/ultra-super-greens-mata\/#breadcrumb","itemListElement":[{"@type":"ListItem","position":1,"name":"Dom\u016f","item":"https:\/\/zkeshop.sk\/"},{"@type":"ListItem","position":2,"name":"Obchod","item":"https:\/\/zkeshop.sk\/obchod\/"},{"@type":"ListItem","position":3,"name":"Ultra Super Greens"}]},{"@type":"WebSite","@id":"https:\/\/zkeshop.sk\/#website","url":"https:\/\/zkeshop.sk\/","name":"ZK company","description":"Kvalitn\u00e1 kozmetika pre ka\u017edodenn\u00e9 pou\u017eitie","potentialAction":[{"@type":"SearchAction","target":{"@type":"EntryPoint","urlTemplate":"https:\/\/zkeshop.sk\/?s={search_term_string}"},"query-input":{"@type":"PropertyValueSpecification","valueRequired":true,"valueName":"search_term_string"}}],"inLanguage":"cs"}]},"product_price_amount":"39.80","product_price_currency":"EUR","og_availability":"instock","product_availability":"instock","product_condition":"new"},"_links":{"self":[{"href":"https:\/\/zkeshop.sk\/cs\/wp-json\/wp\/v2\/product\/15021","targetHints":{"allow":["GET"]}}],"collection":[{"href":"https:\/\/zkeshop.sk\/cs\/wp-json\/wp\/v2\/product"}],"about":[{"href":"https:\/\/zkeshop.sk\/cs\/wp-json\/wp\/v2\/types\/product"}],"replies":[{"embeddable":true,"href":"https:\/\/zkeshop.sk\/cs\/wp-json\/wp\/v2\/comments?post=15021"}],"version-history":[{"count":0,"href":"https:\/\/zkeshop.sk\/cs\/wp-json\/wp\/v2\/product\/15021\/revisions"}],"wp:featuredmedia":[{"embeddable":true,"href":"https:\/\/zkeshop.sk\/cs\/wp-json\/wp\/v2\/media\/14061"}],"wp:attachment":[{"href":"https:\/\/zkeshop.sk\/cs\/wp-json\/wp\/v2\/media?parent=15021"}],"wp:term":[{"taxonomy":"product_brand","embeddable":true,"href":"https:\/\/zkeshop.sk\/cs\/wp-json\/wp\/v2\/product_brand?post=15021"},{"taxonomy":"product_cat","embeddable":true,"href":"https:\/\/zkeshop.sk\/cs\/wp-json\/wp\/v2\/product_cat?post=15021"},{"taxonomy":"product_tag","embeddable":true,"href":"https:\/\/zkeshop.sk\/cs\/wp-json\/wp\/v2\/product_tag?post=15021"}],"curies":[{"name":"wp","href":"https:\/\/api.w.org\/{rel}","templated":true}]}}