{"id":15022,"date":"2025-01-14T18:22:30","date_gmt":"2025-01-14T17:22:30","guid":{"rendered":"https:\/\/zkeshop.sk\/produkt\/medik-8-advanced-day-ultimate-protect-spf50\/"},"modified":"2026-03-27T09:19:36","modified_gmt":"2026-03-27T08:19:36","slug":"medik-8-advanced-day-ultimate-protect-spf50","status":"publish","type":"product","link":"https:\/\/zkeshop.sk\/cs\/produkt\/medik-8-advanced-day-ultimate-protect-spf50\/","title":{"rendered":"Medik 8 Advanced Day Ultimate Protect SPF50"},"content":{"rendered":"<h5 class=\"eshop-product-detail__subtitle\"><img loading=\"lazy\" decoding=\"async\" class=\"size-medium wp-image-14422 alignright\" src=\"https:\/\/zkeshop.sk\/wp-content\/uploads\/2025\/01\/Copy-of-Advanced-Day-Ultimate-Protect-Usage-300x300.jpg\" alt=\"\" width=\"300\" height=\"300\" srcset=\"https:\/\/zkeshop.sk\/wp-content\/uploads\/2025\/01\/Copy-of-Advanced-Day-Ultimate-Protect-Usage-300x300.jpg 300w, https:\/\/zkeshop.sk\/wp-content\/uploads\/2025\/01\/Copy-of-Advanced-Day-Ultimate-Protect-Usage-1024x1024.jpg 1024w, https:\/\/zkeshop.sk\/wp-content\/uploads\/2025\/01\/Copy-of-Advanced-Day-Ultimate-Protect-Usage-150x150.jpg 150w, https:\/\/zkeshop.sk\/wp-content\/uploads\/2025\/01\/Copy-of-Advanced-Day-Ultimate-Protect-Usage-768x768.jpg 768w, https:\/\/zkeshop.sk\/wp-content\/uploads\/2025\/01\/Copy-of-Advanced-Day-Ultimate-Protect-Usage-1536x1536.jpg 1536w, https:\/\/zkeshop.sk\/wp-content\/uploads\/2025\/01\/Copy-of-Advanced-Day-Ultimate-Protect-Usage-400x400.jpg 400w, https:\/\/zkeshop.sk\/wp-content\/uploads\/2025\/01\/Copy-of-Advanced-Day-Ultimate-Protect-Usage-600x600.jpg 600w, https:\/\/zkeshop.sk\/wp-content\/uploads\/2025\/01\/Copy-of-Advanced-Day-Ultimate-Protect-Usage-1200x1200.jpg 1200w, https:\/\/zkeshop.sk\/wp-content\/uploads\/2025\/01\/Copy-of-Advanced-Day-Ultimate-Protect-Usage.jpg 2000w\" sizes=\"auto, (max-width: 300px) 100vw, 300px\" \/>Denn\u00ed hydrata\u010dn\u00ed kr\u00e9m proti st\u00e1rnut\u00ed s SPF 50 a PA ++++<\/h5>\n<div class=\"eshop-product-detail__perex\">\n<p>Absolutn\u00ed ochrana va\u0161\u00ed pleti, maxim\u00e1ln\u00ed p\u00e9\u010de a hydratace, to je ADVANCED DAY ULTIMATE PROTECT V\u00fd\u017eivn\u00fd denn\u00ed kr\u00e9m od Medik8 s ochrann\u00fdm faktorem SPF 50, PA ++++ a fotol\u00fdzou s povlakem pro obnovu po\u0161kozen\u00ed pleti. Na pleti ho ani neuc\u00edt\u00edte, p\u0159esto poskytuje maxim\u00e1ln\u00ed podporu a p\u00e9\u010di.<\/p>\n<h2>Maxim\u00e1ln\u00ed ochrana poko\u017eky<\/h2>\n<p>ADVANCED DAY ULTIMATE PROTECT p\u0159edstavuje nejpokro\u010dilej\u0161\u00ed ochranu proti nep\u0159\u00edzniv\u00fdm vliv\u016fm prost\u0159ed\u00ed od spole\u010dnosti Medik8. Tento denn\u00ed kr\u00e9m chr\u00e1n\u00ed p\u0159ed UV z\u00e1\u0159en\u00edm d\u00edky SPF 50+ a PA ++++. Denn\u00ed kr\u00e9m je obohacen o enzymy pro obnovu sluncem po\u0161kozen\u00e9 DNA, karnosin, extrakt z jable\u010dn\u00e9ho mo\u0161tu a bor\u016fvkov\u00fd olej, kter\u00e9 d\u00e1le chr\u00e1n\u00ed ple\u0165 p\u0159ed \u0161kodliv\u00fdmi vn\u011bj\u0161\u00edmi vlivy, jako je modr\u00e9 sv\u011btlo, infra\u010derven\u00e9 sv\u011btlo, zne\u010di\u0161t\u011bn\u00ed a glykace. Kyselina hyaluronov\u00e1 a skvalen ple\u0165 hydratuj\u00ed a tento lehk\u00fd kr\u00e9m na pleti ani neuc\u00edt\u00edte.<\/p>\n<h2>Pro\u010d SPF 50+ ?<\/h2>\n<ul>\n<li>SPF 15 blokuje 93,3 % UVB z\u00e1\u0159en\u00ed<\/li>\n<li>SPF 30 blokuje 96,7 % UVB z\u00e1\u0159en\u00ed.<\/li>\n<li>SPF 50 blokuje 98,1 % UVB z\u00e1\u0159en\u00ed.<\/li>\n<li>SPF 50+ (v\u00edce ne\u017e SPF 60) blokuje v\u00edce ne\u017e 98,3 % UVB z\u00e1\u0159en\u00ed.<\/li>\n<\/ul>\n<p>SPF 30 tedy propou\u0161t\u00ed 3,3 % UVB paprsk\u016f do k\u016f\u017ee, ale SPF 50+ propou\u0161t\u00ed pouze 1,7 % UVB paprsk\u016f do k\u016f\u017ee. To znamen\u00e1, \u017ee SPF 50+ poskytuje poko\u017ece t\u00e9m\u011b\u0159 dvakr\u00e1t v\u011bt\u0161\u00ed ochranu.<\/p>\n<h2>Co je PA+ ?<\/h2>\n<p>ADVANCED DAY ULTIMATE PROTECT pou\u017e\u00edv\u00e1 syst\u00e9m PA (SPF je m\u00edra ochrany proti UVB z\u00e1\u0159en\u00ed) s hodnotou PA ++++ pro ochranu proti UVA z\u00e1\u0159en\u00ed. \u010c\u00edm v\u00edce + v popisu, t\u00edm vy\u0161\u0161\u00ed je ochrana v\u00fdrobku p\u0159ed UVA z\u00e1\u0159en\u00edm. PA ++++ p\u0159edstavuje extr\u00e9mn\u011b vysokou ochranu proti UVA z\u00e1\u0159en\u00ed a z\u00e1rove\u0148 maxim\u00e1ln\u00ed ochranu proti UVA z\u00e1\u0159en\u00ed, kter\u00e9 m\u016f\u017ee opalovac\u00ed kr\u00e9m dos\u00e1hnout.<\/p>\n<h2>Pr\u00e9miov\u00e9 chemick\u00e9 UV filtry<\/h2>\n<p>V kr\u00e9mu najdete prvot\u0159\u00eddn\u00ed modern\u00ed chemick\u00e9 UV filtry pe\u010dliv\u011b vybran\u00e9 pro jejich fotostabilitu, \u00fa\u010dinnost, ale tak\u00e9 \u0161etrnost k poko\u017ece. Jedn\u00e1 se o filtry Tinosorb S, Uvinul T150 a Uvinul A Plus.<\/p>\n<h2>6 ochrann\u00fdch mechanism\u016f<\/h2>\n<h5 class=\"eshop-product-detail__subtitle\"><img loading=\"lazy\" decoding=\"async\" class=\" wp-image-14425 alignright\" src=\"https:\/\/zkeshop.sk\/wp-content\/uploads\/2025\/01\/Copy-of-Advanced-Day-Ultimate-Protect-C-Tetra-Luxe-CR3-CSA-300x300.jpg\" alt=\"\" width=\"487\" height=\"487\" srcset=\"https:\/\/zkeshop.sk\/wp-content\/uploads\/2025\/01\/Copy-of-Advanced-Day-Ultimate-Protect-C-Tetra-Luxe-CR3-CSA-300x300.jpg 300w, https:\/\/zkeshop.sk\/wp-content\/uploads\/2025\/01\/Copy-of-Advanced-Day-Ultimate-Protect-C-Tetra-Luxe-CR3-CSA-1024x1024.jpg 1024w, https:\/\/zkeshop.sk\/wp-content\/uploads\/2025\/01\/Copy-of-Advanced-Day-Ultimate-Protect-C-Tetra-Luxe-CR3-CSA-150x150.jpg 150w, https:\/\/zkeshop.sk\/wp-content\/uploads\/2025\/01\/Copy-of-Advanced-Day-Ultimate-Protect-C-Tetra-Luxe-CR3-CSA-768x768.jpg 768w, https:\/\/zkeshop.sk\/wp-content\/uploads\/2025\/01\/Copy-of-Advanced-Day-Ultimate-Protect-C-Tetra-Luxe-CR3-CSA-1536x1536.jpg 1536w, https:\/\/zkeshop.sk\/wp-content\/uploads\/2025\/01\/Copy-of-Advanced-Day-Ultimate-Protect-C-Tetra-Luxe-CR3-CSA-400x400.jpg 400w, https:\/\/zkeshop.sk\/wp-content\/uploads\/2025\/01\/Copy-of-Advanced-Day-Ultimate-Protect-C-Tetra-Luxe-CR3-CSA-600x600.jpg 600w, https:\/\/zkeshop.sk\/wp-content\/uploads\/2025\/01\/Copy-of-Advanced-Day-Ultimate-Protect-C-Tetra-Luxe-CR3-CSA-1200x1200.jpg 1200w, https:\/\/zkeshop.sk\/wp-content\/uploads\/2025\/01\/Copy-of-Advanced-Day-Ultimate-Protect-C-Tetra-Luxe-CR3-CSA.jpg 2000w\" sizes=\"auto, (max-width: 487px) 100vw, 487px\" \/><\/h5>\n<p>&nbsp;<\/p>\n<ul>\n<li>SPF 50+, PA ++++<\/li>\n<li>Obalen\u00e1 fotol\u00fdza k oprav\u011b po\u0161kozen\u00e9 bun\u011b\u010dn\u00e9 DNA<\/li>\n<li>Proti po\u0161kozen\u00ed zne\u010di\u0161t\u011bn\u00edm<\/li>\n<li>Proti po\u0161kozen\u00ed glykac\u00ed<\/li>\n<li>Proti po\u0161kozen\u00ed modr\u00fdm sv\u011btlem<\/li>\n<li>Proti po\u0161kozen\u00ed infra\u010derven\u00fdm sv\u011btlem<\/li>\n<\/ul>\n<h2>Hydrata\u010dn\u00ed denn\u00ed kr\u00e9m, kter\u00fd &#8230;<\/h2>\n<ul>\n<li>M\u00e1 extr\u00e9mn\u011b vysokou ochranu proti UV z\u00e1\u0159en\u00ed<\/li>\n<li>Je vhodn\u00fd pro ka\u017edodenn\u00ed dlouhodobou hydrataci<\/li>\n<li>Vhodn\u00e9 pro v\u0161echny typy pleti, v\u010detn\u011b citliv\u00e9<\/li>\n<li>Vy\u017eivuje a chr\u00e1n\u00ed poko\u017eku, ani\u017e by byla mastn\u00e1 nebo t\u011b\u017ek\u00e1<\/li>\n<li>Na k\u016f\u017ei ji ani neuc\u00edt\u00edte.<\/li>\n<li>Chr\u00e1n\u00ed p\u0159ed zn\u00e1mkami p\u0159ed\u010dasn\u00e9ho st\u00e1rnut\u00ed pleti<\/li>\n<li>Dok\u00e1\u017ee zv\u00fd\u0161it hydrataci poko\u017eky po dobu nejm\u00e9n\u011b 7 hodin<\/li>\n<\/ul>\n<h2>Oprava po\u0161kozen\u00e9 DNA<\/h2>\n<p>UV z\u00e1\u0159en\u00ed m\u016f\u017ee po\u0161kodit DNA ko\u017en\u00edch bun\u011bk, a to i p\u0159es pou\u017e\u00edv\u00e1n\u00ed opalovac\u00edch kr\u00e9m\u016f. DNA je v podstat\u011b manu\u00e1l pro ko\u017en\u00ed bu\u0148ky, kter\u00fd jim \u0159\u00edk\u00e1, co maj\u00ed d\u011blat a kdy to maj\u00ed d\u011blat. Kdy\u017e je DNA po\u0161kozena slune\u010dn\u00edmi (UV) paprsky, p\u0159ed\u00e1v\u00e1 pak nespr\u00e1vn\u00e9 pokyny bu\u0148k\u00e1m v k\u016f\u017ei a ty pak ztr\u00e1cej\u00ed svou funkci. Ultrafialov\u00e9 z\u00e1\u0159en\u00ed m\u00e1 za n\u00e1sledek vznik pyrimidinov\u00fdch dimer\u016f, kter\u00e9 zp\u016fsobuj\u00ed deformaci \u0161roubovice DNA. Tyto dimery naru\u0161uj\u00ed fungov\u00e1n\u00ed ko\u017en\u00edch bun\u011bk, a tak m\u016f\u017ee doj\u00edt k v\u00e1\u017en\u00e9mu po\u0161kozen\u00ed v podob\u011b bun\u011b\u010dn\u00fdch mutac\u00ed a p\u0159ed\u010dasn\u00e9 smrti bun\u011bk.<\/p>\n<p>Enzymy pro opravu DNA obsa\u017een\u00e9 v p\u0159\u00edpravku ADVANCED DAY ULTIMATE PROTECT odhal\u00ed vadn\u00e9 m\u00edsto v DNA zp\u016fsoben\u00e9 UV z\u00e1\u0159en\u00edm a oprav\u00ed ho. Enzymy jsou schopny naj\u00edt pyrimidinov\u00e9 dimery v jednotliv\u00fdch vl\u00e1knech \u0161roubovice DNA, kde je vyst\u0159ihnou, co\u017e umo\u017en\u00ed n\u00e1slednou opravu DNA. A\u010dkoli se enzymy opravuj\u00edc\u00ed DNA p\u0159irozen\u011b vyskytuj\u00ed v lidsk\u00e9 k\u016f\u017ei, s p\u0159ib\u00fdvaj\u00edc\u00edm v\u011bkem jejich mno\u017estv\u00ed kles\u00e1.<\/p>\n<p>ADVANCED DAY ULTIMATE PROTECT obsahuje fotol\u00fdzu, enzym pro opravu DNA z\u00edskan\u00fd z extraktu z planktonu. Fotol\u00fdza je aktivov\u00e1na sv\u011btlem, kter\u00e9 urychluje opravu DNA. V kr\u00e9mu ADVANCED DAY ULTIMATE PROTECT je fotol\u00fdza zapouzd\u0159ena, co\u017e j\u00ed umo\u017e\u0148uje proniknout do poko\u017eky.<\/p>\n<h2>Ochrana p\u0159ed zne\u010di\u0161t\u011bn\u00edm<\/h2>\n<p>Pokud jde o zne\u010di\u0161t\u011bn\u00ed, ADVANCED DAY ULTIMATE PROTECT obsahuje extrakt z Marrubium vulgare. Chr\u00e1n\u00ed ple\u0165 p\u0159ed pronik\u00e1n\u00edm \u0161kodlivin, neutralizuje voln\u00e9 radik\u00e1ly, posiluje ochrannou bari\u00e9ru a stimuluje obnovu bun\u011b\u010dn\u00e9ho metabolismu.<\/p>\n<h2>Ochrana proti glykaci a infra\u010derven\u00e9mu z\u00e1\u0159en\u00ed<\/h2>\n<p>Infra\u010derven\u00e9 z\u00e1\u0159en\u00ed p\u0159edstavuje a\u017e 49 % slune\u010dn\u00edho z\u00e1\u0159en\u00ed a krom\u011b podpory tvorby voln\u00fdch radik\u00e1l\u016f je spojeno se zv\u00fd\u0161en\u00fdm mno\u017estv\u00edm enzym\u016f matrix metaloprotein\u00e1zy (MMP). Karnosin v\u0161ak dok\u00e1\u017ee inhibovat produkci matrixov\u00fdch metaloprotein\u00e1z, kter\u00e9 maj\u00ed za n\u00e1sledek degradaci kolagenu po vystaven\u00ed infra\u010derven\u00e9mu z\u00e1\u0159en\u00ed. Karnosin je tak\u00e9 \u00fa\u010dinn\u00fd p\u0159i ochran\u011b poko\u017eky p\u0159ed glykac\u00ed. Ke glykaci doch\u00e1z\u00ed, kdy\u017e molekuly cukru reaguj\u00ed s b\u00edlkovinami za vzniku pokro\u010dil\u00fdch produkt\u016f glykace (A.G.E.). Ty pak po\u0161kozuj\u00ed <a href=\"https:\/\/zkeshop.sk\/?s=kolagen&amp;post_type=product\">kolagen<\/a> a elastin v poko\u017ece, kde se za\u010d\u00ednaj\u00ed tvo\u0159it vr\u00e1sky a jemn\u00e9 linky. Dipeptid karnosin v\u0161ak br\u00e1n\u00ed tvorb\u011b pokro\u010dil\u00fdch produkt\u016f glykace v poko\u017ece, a t\u00edm ji chr\u00e1n\u00ed p\u0159ed p\u0159ed\u010dasn\u00fdm st\u00e1rnut\u00edm.<\/p>\n<h2>Kr\u00e9m, kter\u00fd m\u016f\u017eete pou\u017e\u00edvat po cel\u00fd rok<\/h2>\n<ul>\n<li>ADVANCED DAY ULTIMATE PROTECT nab\u00edz\u00ed \u00fa\u010dinnou ochranu v ka\u017ed\u00e9 situaci, ro\u010dn\u00edm obdob\u00ed nebo na ka\u017ed\u00e9m m\u00edst\u011b. Je navr\u017een tak, aby se stal z\u00e1kladem va\u0161\u00ed p\u00e9\u010de o ple\u0165 365 dn\u00ed v roce.<\/li>\n<li>A\u0165 u\u017e pot\u0159ebujete ochranu p\u0159ed zne\u010di\u0161t\u011bn\u00edm b\u011bhem cesty do kancel\u00e1\u0159e ve m\u011bst\u011b, v\u00fd\u017eivu pleti b\u011bhem chladn\u00e9ho a v\u011btrn\u00e9ho po\u010das\u00ed nebo nejsiln\u011bj\u0161\u00ed UV ochranu b\u011bhem dovolen\u00e9 u mo\u0159e, na tento ochrann\u00fd kr\u00e9m se m\u016f\u017eete spolehnout po cel\u00fd rok.<\/li>\n<\/ul>\n<h2>Z\u00e1v\u011br rann\u00ed p\u00e9\u010de o ple\u0165<\/h2>\n<p>Po rann\u00edm \u010di\u0161t\u011bn\u00ed pleti a pou\u017eit\u00ed s\u00e9ra naneste na obli\u010dej dostate\u010dn\u00e9 mno\u017estv\u00ed (\u00bc \u010dajov\u00e9 l\u017ei\u010dky) kr\u00e9mu ADVANCED DAY ULTIMATE PROTECT, nezapome\u0148te na krk a dekolt a vyhn\u011bte se oblasti o\u010d\u00ed. Nan\u00e1\u0161ejte lehk\u00fdmi tahy sm\u011brem nahoru a nechte vst\u0159ebat. Kr\u00e9m nan\u00e1\u0161ejte opakovan\u011b podle pot\u0159eby v pr\u016fb\u011bhu dne a ka\u017ed\u00e9 2 hodiny, pokud jste na p\u0159\u00edm\u00e9m slunci.<\/p>\n<\/div>\n","protected":false},"excerpt":{"rendered":"<h5 class=\"eshop-product-detail__subtitle\">Denn\u00ed hydrata\u010dn\u00ed kr\u00e9m proti st\u00e1rnut\u00ed s SPF 50 a PA ++++<\/h5>\n<div class=\"eshop-product-detail__perex\">\n<p>Absolutn\u00ed ochrana va\u0161\u00ed pleti, maxim\u00e1ln\u00ed p\u00e9\u010de a hydratace, to je ADVANCED DAY ULTIMATE PROTECT V\u00fd\u017eivn\u00fd denn\u00ed kr\u00e9m od Medik8 s ochrann\u00fdm faktorem SPF 50, PA ++++ a fotol\u00fdzou s povlakem, kter\u00fd napravuje po\u0161kozen\u00ed pleti. Na pleti ho ani neuc\u00edt\u00edte, p\u0159esto v\u00e1m poskytne maxim\u00e1ln\u00ed podporu a p\u00e9\u010di.<\/p>\n<\/div>\n","protected":false},"featured_media":14411,"comment_status":"open","ping_status":"closed","template":"","meta":[],"product_brand":[],"product_cat":[179,206,181,200,183,185,87,188],"product_tag":[159,190],"class_list":{"0":"post-15022","1":"product","2":"type-product","3":"status-publish","4":"has-post-thumbnail","6":"product_cat-citliva-plet-cs","7":"product_cat-den-cs","8":"product_cat-mastna-plet-cs","9":"product_cat-medik8-cs","10":"product_cat-nadmerna-pigmentace","11":"product_cat-normalni-plet","12":"product_cat-pletova-kosmetika","13":"product_cat-sucha-plet-cs","14":"product_tag-medik8","15":"product_tag-ochrana-cs","17":"first","18":"instock","19":"taxable","20":"shipping-taxable","21":"purchasable","22":"product-type-simple"},"yoast_head":"<!-- This site is optimized with the Yoast SEO Premium plugin v27.3 (Yoast SEO v27.3) - https:\/\/yoast.com\/product\/yoast-seo-premium-wordpress\/ -->\n<title>Medik 8 Advanced Day Ultimate Protect SPF50 - ZK company<\/title>\n<meta name=\"description\" content=\"Absolutn\u00ed ochrana va\u0161\u00ed pleti, maxim\u00e1ln\u00ed p\u00e9\u010de a hydratace, to je ADVANCED DAY ULTIMATE PROTECT V\u00fd\u017eivn\u00fd denn\u00ed kr\u00e9m od Medik8 s SPF 50.\" \/>\n<meta name=\"robots\" content=\"index, follow, max-snippet:-1, max-image-preview:large, max-video-preview:-1\" \/>\n<link rel=\"canonical\" href=\"https:\/\/zkeshop.sk\/cs\/produkt\/medik-8-advanced-day-ultimate-protect-spf50\/\" \/>\n<meta property=\"og:locale\" content=\"cs_CZ\" \/>\n<meta property=\"og:type\" content=\"article\" \/>\n<meta property=\"og:title\" content=\"Medik 8 Advanced Day Ultimate Protect SPF50\" \/>\n<meta property=\"og:description\" content=\"Absolutn\u00ed ochrana va\u0161\u00ed pleti, maxim\u00e1ln\u00ed p\u00e9\u010de a hydratace, to je ADVANCED DAY ULTIMATE PROTECT V\u00fd\u017eivn\u00fd denn\u00ed kr\u00e9m od Medik8 s SPF 50.\" \/>\n<meta property=\"og:url\" content=\"https:\/\/zkeshop.sk\/cs\/produkt\/medik-8-advanced-day-ultimate-protect-spf50\/\" \/>\n<meta property=\"og:site_name\" content=\"ZK company\" \/>\n<meta property=\"article:modified_time\" content=\"2026-03-27T08:19:36+00:00\" \/>\n<meta property=\"og:image\" content=\"https:\/\/zkeshop.sk\/wp-content\/uploads\/2025\/01\/Copy-of-Advanced-Day-Ultimate-Protect-B-1024x1024.png\" \/>\n\t<meta property=\"og:image:width\" content=\"1024\" \/>\n\t<meta property=\"og:image:height\" content=\"1024\" \/>\n\t<meta property=\"og:image:type\" content=\"image\/png\" \/>\n<meta name=\"twitter:card\" content=\"summary_large_image\" \/>\n<meta name=\"twitter:label1\" content=\"Cena\" \/>\n\t<meta name=\"twitter:data1\" content=\"71,00&nbsp;&euro;\" \/>\n\t<meta name=\"twitter:label2\" content=\"Dostupnost\" \/>\n\t<meta name=\"twitter:data2\" content=\"Skladem\" \/>\n<script type=\"application\/ld+json\" class=\"yoast-schema-graph\">{\"@context\":\"https:\\\/\\\/schema.org\",\"@graph\":[{\"@type\":\"WebPage\",\"@id\":\"https:\\\/\\\/zkeshop.sk\\\/cs\\\/produkt\\\/medik-8-advanced-day-ultimate-protect-spf50\\\/\",\"url\":\"https:\\\/\\\/zkeshop.sk\\\/cs\\\/produkt\\\/medik-8-advanced-day-ultimate-protect-spf50\\\/\",\"name\":\"Medik 8 Advanced Day Ultimate Protect SPF50 - ZK company\",\"isPartOf\":{\"@id\":\"https:\\\/\\\/zkeshop.sk\\\/#website\"},\"primaryImageOfPage\":{\"@id\":\"https:\\\/\\\/zkeshop.sk\\\/cs\\\/produkt\\\/medik-8-advanced-day-ultimate-protect-spf50\\\/#primaryimage\"},\"image\":{\"@id\":\"https:\\\/\\\/zkeshop.sk\\\/cs\\\/produkt\\\/medik-8-advanced-day-ultimate-protect-spf50\\\/#primaryimage\"},\"thumbnailUrl\":\"https:\\\/\\\/zkeshop.sk\\\/wp-content\\\/uploads\\\/2025\\\/01\\\/Copy-of-Advanced-Day-Ultimate-Protect-B.png\",\"datePublished\":\"2025-01-14T17:22:30+00:00\",\"dateModified\":\"2026-03-27T08:19:36+00:00\",\"description\":\"Absolutn\u00ed ochrana va\u0161\u00ed pleti, maxim\u00e1ln\u00ed p\u00e9\u010de a hydratace, to je ADVANCED DAY ULTIMATE PROTECT V\u00fd\u017eivn\u00fd denn\u00ed kr\u00e9m od Medik8 s SPF 50.\",\"breadcrumb\":{\"@id\":\"https:\\\/\\\/zkeshop.sk\\\/cs\\\/produkt\\\/medik-8-advanced-day-ultimate-protect-spf50\\\/#breadcrumb\"},\"inLanguage\":\"cs\",\"potentialAction\":[{\"@type\":\"ReadAction\",\"target\":[\"https:\\\/\\\/zkeshop.sk\\\/cs\\\/produkt\\\/medik-8-advanced-day-ultimate-protect-spf50\\\/\"]}]},{\"@type\":\"ImageObject\",\"inLanguage\":\"cs\",\"@id\":\"https:\\\/\\\/zkeshop.sk\\\/cs\\\/produkt\\\/medik-8-advanced-day-ultimate-protect-spf50\\\/#primaryimage\",\"url\":\"https:\\\/\\\/zkeshop.sk\\\/wp-content\\\/uploads\\\/2025\\\/01\\\/Copy-of-Advanced-Day-Ultimate-Protect-B.png\",\"contentUrl\":\"https:\\\/\\\/zkeshop.sk\\\/wp-content\\\/uploads\\\/2025\\\/01\\\/Copy-of-Advanced-Day-Ultimate-Protect-B.png\",\"width\":2000,\"height\":2000,\"caption\":\"Absol\u00fatna ochrana pre va\u0161u ple\u0165, maxim\u00e1lna starostlivos\u0165 a hydrat\u00e1cia, to je denn\u00fd v\u00fd\u017eivn\u00fd kr\u00e9m ADVANCED DAY ULTIMATE PROTECT od Medik8 s SPF 50\"},{\"@type\":\"BreadcrumbList\",\"@id\":\"https:\\\/\\\/zkeshop.sk\\\/cs\\\/produkt\\\/medik-8-advanced-day-ultimate-protect-spf50\\\/#breadcrumb\",\"itemListElement\":[{\"@type\":\"ListItem\",\"position\":1,\"name\":\"Dom\u016f\",\"item\":\"https:\\\/\\\/zkeshop.sk\\\/\"},{\"@type\":\"ListItem\",\"position\":2,\"name\":\"Obchod\",\"item\":\"https:\\\/\\\/zkeshop.sk\\\/obchod\\\/\"},{\"@type\":\"ListItem\",\"position\":3,\"name\":\"Medik 8 Advanced Day Ultimate Protect SPF50\"}]},{\"@type\":\"WebSite\",\"@id\":\"https:\\\/\\\/zkeshop.sk\\\/#website\",\"url\":\"https:\\\/\\\/zkeshop.sk\\\/\",\"name\":\"ZK company\",\"description\":\"Kvalitn\u00e1 kozmetika pre ka\u017edodenn\u00e9 pou\u017eitie\",\"potentialAction\":[{\"@type\":\"SearchAction\",\"target\":{\"@type\":\"EntryPoint\",\"urlTemplate\":\"https:\\\/\\\/zkeshop.sk\\\/?s={search_term_string}\"},\"query-input\":{\"@type\":\"PropertyValueSpecification\",\"valueRequired\":true,\"valueName\":\"search_term_string\"}}],\"inLanguage\":\"cs\"}]}<\/script>\n<meta property=\"product:price:amount\" content=\"71.00\" \/>\n<meta property=\"product:price:currency\" content=\"EUR\" \/>\n<meta property=\"og:availability\" content=\"instock\" \/>\n<meta property=\"product:availability\" content=\"instock\" \/>\n<meta property=\"product:condition\" content=\"new\" \/>\n<!-- \/ Yoast SEO Premium plugin. -->","yoast_head_json":{"title":"Medik 8 Advanced Day Ultimate Protect SPF50 - ZK company","description":"Absolutn\u00ed ochrana va\u0161\u00ed pleti, maxim\u00e1ln\u00ed p\u00e9\u010de a hydratace, to je ADVANCED DAY ULTIMATE PROTECT V\u00fd\u017eivn\u00fd denn\u00ed kr\u00e9m od Medik8 s SPF 50.","robots":{"index":"index","follow":"follow","max-snippet":"max-snippet:-1","max-image-preview":"max-image-preview:large","max-video-preview":"max-video-preview:-1"},"canonical":"https:\/\/zkeshop.sk\/cs\/produkt\/medik-8-advanced-day-ultimate-protect-spf50\/","og_locale":"cs_CZ","og_type":"article","og_title":"Medik 8 Advanced Day Ultimate Protect SPF50","og_description":"Absolutn\u00ed ochrana va\u0161\u00ed pleti, maxim\u00e1ln\u00ed p\u00e9\u010de a hydratace, to je ADVANCED DAY ULTIMATE PROTECT V\u00fd\u017eivn\u00fd denn\u00ed kr\u00e9m od Medik8 s SPF 50.","og_url":"https:\/\/zkeshop.sk\/cs\/produkt\/medik-8-advanced-day-ultimate-protect-spf50\/","og_site_name":"ZK company","article_modified_time":"2026-03-27T08:19:36+00:00","og_image":[{"width":1024,"height":1024,"url":"https:\/\/zkeshop.sk\/wp-content\/uploads\/2025\/01\/Copy-of-Advanced-Day-Ultimate-Protect-B-1024x1024.png","type":"image\/png"}],"twitter_card":"summary_large_image","twitter_misc":{"Cena":"71,00&nbsp;&euro;","Dostupnost":"Skladem"},"schema":{"@context":"https:\/\/schema.org","@graph":[{"@type":"WebPage","@id":"https:\/\/zkeshop.sk\/cs\/produkt\/medik-8-advanced-day-ultimate-protect-spf50\/","url":"https:\/\/zkeshop.sk\/cs\/produkt\/medik-8-advanced-day-ultimate-protect-spf50\/","name":"Medik 8 Advanced Day Ultimate Protect SPF50 - ZK company","isPartOf":{"@id":"https:\/\/zkeshop.sk\/#website"},"primaryImageOfPage":{"@id":"https:\/\/zkeshop.sk\/cs\/produkt\/medik-8-advanced-day-ultimate-protect-spf50\/#primaryimage"},"image":{"@id":"https:\/\/zkeshop.sk\/cs\/produkt\/medik-8-advanced-day-ultimate-protect-spf50\/#primaryimage"},"thumbnailUrl":"https:\/\/zkeshop.sk\/wp-content\/uploads\/2025\/01\/Copy-of-Advanced-Day-Ultimate-Protect-B.png","datePublished":"2025-01-14T17:22:30+00:00","dateModified":"2026-03-27T08:19:36+00:00","description":"Absolutn\u00ed ochrana va\u0161\u00ed pleti, maxim\u00e1ln\u00ed p\u00e9\u010de a hydratace, to je ADVANCED DAY ULTIMATE PROTECT V\u00fd\u017eivn\u00fd denn\u00ed kr\u00e9m od Medik8 s SPF 50.","breadcrumb":{"@id":"https:\/\/zkeshop.sk\/cs\/produkt\/medik-8-advanced-day-ultimate-protect-spf50\/#breadcrumb"},"inLanguage":"cs","potentialAction":[{"@type":"ReadAction","target":["https:\/\/zkeshop.sk\/cs\/produkt\/medik-8-advanced-day-ultimate-protect-spf50\/"]}]},{"@type":"ImageObject","inLanguage":"cs","@id":"https:\/\/zkeshop.sk\/cs\/produkt\/medik-8-advanced-day-ultimate-protect-spf50\/#primaryimage","url":"https:\/\/zkeshop.sk\/wp-content\/uploads\/2025\/01\/Copy-of-Advanced-Day-Ultimate-Protect-B.png","contentUrl":"https:\/\/zkeshop.sk\/wp-content\/uploads\/2025\/01\/Copy-of-Advanced-Day-Ultimate-Protect-B.png","width":2000,"height":2000,"caption":"Absol\u00fatna ochrana pre va\u0161u ple\u0165, maxim\u00e1lna starostlivos\u0165 a hydrat\u00e1cia, to je denn\u00fd v\u00fd\u017eivn\u00fd kr\u00e9m ADVANCED DAY ULTIMATE PROTECT od Medik8 s SPF 50"},{"@type":"BreadcrumbList","@id":"https:\/\/zkeshop.sk\/cs\/produkt\/medik-8-advanced-day-ultimate-protect-spf50\/#breadcrumb","itemListElement":[{"@type":"ListItem","position":1,"name":"Dom\u016f","item":"https:\/\/zkeshop.sk\/"},{"@type":"ListItem","position":2,"name":"Obchod","item":"https:\/\/zkeshop.sk\/obchod\/"},{"@type":"ListItem","position":3,"name":"Medik 8 Advanced Day Ultimate Protect SPF50"}]},{"@type":"WebSite","@id":"https:\/\/zkeshop.sk\/#website","url":"https:\/\/zkeshop.sk\/","name":"ZK company","description":"Kvalitn\u00e1 kozmetika pre ka\u017edodenn\u00e9 pou\u017eitie","potentialAction":[{"@type":"SearchAction","target":{"@type":"EntryPoint","urlTemplate":"https:\/\/zkeshop.sk\/?s={search_term_string}"},"query-input":{"@type":"PropertyValueSpecification","valueRequired":true,"valueName":"search_term_string"}}],"inLanguage":"cs"}]},"product_price_amount":"71.00","product_price_currency":"EUR","og_availability":"instock","product_availability":"instock","product_condition":"new"},"_links":{"self":[{"href":"https:\/\/zkeshop.sk\/cs\/wp-json\/wp\/v2\/product\/15022","targetHints":{"allow":["GET"]}}],"collection":[{"href":"https:\/\/zkeshop.sk\/cs\/wp-json\/wp\/v2\/product"}],"about":[{"href":"https:\/\/zkeshop.sk\/cs\/wp-json\/wp\/v2\/types\/product"}],"replies":[{"embeddable":true,"href":"https:\/\/zkeshop.sk\/cs\/wp-json\/wp\/v2\/comments?post=15022"}],"version-history":[{"count":0,"href":"https:\/\/zkeshop.sk\/cs\/wp-json\/wp\/v2\/product\/15022\/revisions"}],"wp:featuredmedia":[{"embeddable":true,"href":"https:\/\/zkeshop.sk\/cs\/wp-json\/wp\/v2\/media\/14411"}],"wp:attachment":[{"href":"https:\/\/zkeshop.sk\/cs\/wp-json\/wp\/v2\/media?parent=15022"}],"wp:term":[{"taxonomy":"product_brand","embeddable":true,"href":"https:\/\/zkeshop.sk\/cs\/wp-json\/wp\/v2\/product_brand?post=15022"},{"taxonomy":"product_cat","embeddable":true,"href":"https:\/\/zkeshop.sk\/cs\/wp-json\/wp\/v2\/product_cat?post=15022"},{"taxonomy":"product_tag","embeddable":true,"href":"https:\/\/zkeshop.sk\/cs\/wp-json\/wp\/v2\/product_tag?post=15022"}],"curies":[{"name":"wp","href":"https:\/\/api.w.org\/{rel}","templated":true}]}}