{"id":15029,"date":"2025-01-14T18:23:15","date_gmt":"2025-01-14T17:23:15","guid":{"rendered":"https:\/\/zkeshop.sk\/produkt\/medik-8-c-tetra-luxe\/"},"modified":"2025-06-19T13:55:36","modified_gmt":"2025-06-19T11:55:36","slug":"medik-8-c-tetra-luxe","status":"publish","type":"product","link":"https:\/\/zkeshop.sk\/cs\/produkt\/medik-8-c-tetra-luxe\/","title":{"rendered":"Medik 8 C- Tetra Luxe"},"content":{"rendered":"<h5 class=\"eshop-product-detail__subtitle\"><img loading=\"lazy\" decoding=\"async\" class=\"size-medium wp-image-14533 alignright\" src=\"https:\/\/zkeshop.sk\/wp-content\/uploads\/2025\/01\/Copy-of-C-Tetra-Luxe-Lifestyle-300x300.jpg\" alt=\"\" width=\"300\" height=\"300\" srcset=\"https:\/\/zkeshop.sk\/wp-content\/uploads\/2025\/01\/Copy-of-C-Tetra-Luxe-Lifestyle-300x300.jpg 300w, https:\/\/zkeshop.sk\/wp-content\/uploads\/2025\/01\/Copy-of-C-Tetra-Luxe-Lifestyle-1024x1024.jpg 1024w, https:\/\/zkeshop.sk\/wp-content\/uploads\/2025\/01\/Copy-of-C-Tetra-Luxe-Lifestyle-150x150.jpg 150w, https:\/\/zkeshop.sk\/wp-content\/uploads\/2025\/01\/Copy-of-C-Tetra-Luxe-Lifestyle-768x768.jpg 768w, https:\/\/zkeshop.sk\/wp-content\/uploads\/2025\/01\/Copy-of-C-Tetra-Luxe-Lifestyle-1536x1536.jpg 1536w, https:\/\/zkeshop.sk\/wp-content\/uploads\/2025\/01\/Copy-of-C-Tetra-Luxe-Lifestyle-400x400.jpg 400w, https:\/\/zkeshop.sk\/wp-content\/uploads\/2025\/01\/Copy-of-C-Tetra-Luxe-Lifestyle-600x600.jpg 600w, https:\/\/zkeshop.sk\/wp-content\/uploads\/2025\/01\/Copy-of-C-Tetra-Luxe-Lifestyle-1200x1200.jpg 1200w, https:\/\/zkeshop.sk\/wp-content\/uploads\/2025\/01\/Copy-of-C-Tetra-Luxe-Lifestyle.jpg 2000w\" sizes=\"auto, (max-width: 300px) 100vw, 300px\" \/>Antioxida\u010dn\u00ed s\u00e9rum obsahuj\u00edc\u00ed lipidov\u00fd vitamin C<\/h5>\n<div class=\"eshop-product-detail__perex\">\n<p>S\u00e9rum C-TETRA v je\u0161t\u011b \u00fa\u010dinn\u011bj\u0161\u00ed verzi je C-TETRA LUXE. Zpomaluje proces st\u00e1rnut\u00ed pleti, rozjas\u0148uje a vyhlazuje vr\u00e1sky a m\u00e1 je\u0161t\u011b siln\u011bj\u0161\u00ed preventivn\u00ed \u00fa\u010dinek proti hyperpigmentaci. Obsahuje vy\u0161\u0161\u00ed d\u00e1vku vitaminu C spolu s dal\u0161\u00edmi rozjas\u0148uj\u00edc\u00edmi a vy\u017eivuj\u00edc\u00edmi slo\u017ekami, kter\u00e9 v z\u00e1kladn\u00edm s\u00e9ru chyb\u00ed. Ide\u00e1ln\u00ed pro zralou ple\u0165 nebo jako dal\u0161\u00ed krok v p\u00e9\u010di o ple\u0165 s vitam\u00ednem C.<\/p>\n<h2>Intenzivn\u00ed s\u00e9rum s vitaminem C<\/h2>\n<p>S\u00e9rum C-TETRA LUXE s vitaminem C nab\u00edz\u00ed pleti to, co z\u00e1kladn\u00ed s\u00e9rum C-TETRA, ale tak\u00e9 mnohem v\u00edce. Nejen\u017ee obsahuje je\u0161t\u011b vy\u0161\u0161\u00ed d\u00e1vku <a href=\"https:\/\/www.annabrandejs.sk\/slovnik-pojmov\/vitamin-c-a2553\">vitaminu C,<\/a> ale tak\u00e9 dal\u0161\u00ed \u00fa\u010dinn\u00e9 l\u00e1tky, kter\u00e9 maximalizuj\u00ed jeho rozjas\u0148uj\u00edc\u00ed \u00fa\u010dinek i v\u00fd\u017eivu pleti. Ve slo\u017een\u00ed dokonce najdete luxusn\u00ed dary z amazonsk\u00e9ho de\u0161tn\u00e9ho pralesa! Zvy\u0161uje hustotu zral\u00e9 pleti, zlep\u0161uje jej\u00ed strukturu a sni\u017euje v\u00fdskyt pigmentov\u00fdch skvrn. Proto\u017ee podporuje synt\u00e9zu kolagenu v pleti, vyhlazuje vr\u00e1sky a jemn\u00e9 linky a celkov\u011b ple\u0165 zpev\u0148uje a obnovuje.<\/p>\n<h2>Dvakr\u00e1t siln\u011bj\u0161\u00ed ne\u017e C-TETRA<\/h2>\n<p>S\u00e9rum C-TETRA LUXE obsahuje dvojn\u00e1sobn\u00e9 mno\u017estv\u00ed vitaminu C ve form\u011b tetrahexyldecyl askorb\u00e1tu. D\u00edky tomu je dvakr\u00e1t \u00fa\u010dinn\u011bj\u0161\u00ed jak ve stimulaci tvorby <a href=\"https:\/\/www.annabrandejs.sk\/slovnik-pojmov\/kolagen-a1947\">kolagenu<\/a>, tak v \u010dinnostech vedouc\u00edch k rozjasn\u011bn\u00ed pleti a redukci <a href=\"https:\/\/www.annabrandejs.sk\/slovnik-pojmov\/hyperpigmentacia-a2071\">nadm\u011brn\u00e9 pigmentace<\/a>. Krom\u011b toho s\u00e9rum obsahuje \u010derven\u00fd <a href=\"https:\/\/www.annabrandejs.sk\/slovnik-pojmov\/panax-ginseng-a2546\">\u017een\u0161en<\/a> pro rozjasn\u011bn\u00ed pleti, skvalan a <a href=\"https:\/\/www.annabrandejs.sk\/slovnik-pojmov\/marakujovy-olej-a2687\">olej z mu\u010denky pro<\/a> hydrataci a <a href=\"https:\/\/www.annabrandejs.sk\/slovnik-pojmov\/vitamin-f-a2686\">vitamin F<\/a> pro v\u00fd\u017eivu pleti.<\/p>\n<h2>Antioxidace k\u016f\u017ee<\/h2>\n<p>Hlavn\u00ed \u00fa\u010dinn\u00e9 l\u00e1tky 14% tetrahexyldecyl askorb\u00e1t (vitamin C) a p\u0159\u00edrodn\u00ed <a href=\"https:\/\/www.annabrandejs.sk\/slovnik-pojmov\/vitamin-e-a2554\">vitamin E<\/a> jsou siln\u00e9 antioxidanty, kter\u00e9 chr\u00e1n\u00ed poko\u017eku p\u0159ed voln\u00fdmi radik\u00e1ly i p\u0159ed po\u0161kozen\u00edm sluncem. P\u0159esto\u017ee poko\u017eka obsahuje vlastn\u00ed antioxida\u010dn\u00ed syst\u00e9m, ten je \u010dasto p\u0159esycen voln\u00fdmi radik\u00e1ly a poko\u017eka ztr\u00e1c\u00ed svou ochranu. M\u016f\u017ee doj\u00edt k po\u0161kozen\u00ed kolagenu, <a href=\"https:\/\/www.medaprex.sk\/slovnik-pojmov\/elastin-a2070\">elastinu<\/a>, ale tak\u00e9 ko\u017en\u00edch bun\u011bk a bun\u011b\u010dn\u00e9 DNA. Vitamin C a vitamin E v\u0161ak p\u016fsob\u00ed synergicky jako &#8220;s\u00ed\u0165ov\u00e9 antioxidanty&#8221;, kter\u00e9 se vz\u00e1jemn\u011b dob\u00edjej\u00ed, \u010d\u00edm\u017e maximalizuj\u00ed antioxida\u010dn\u00ed ochranu poko\u017eky, kter\u00e1 je tak chr\u00e1n\u011bna po cel\u00fd den.<\/p>\n<h5 class=\"eshop-product-detail__subtitle\"><img loading=\"lazy\" decoding=\"async\" class=\" wp-image-14539 alignright\" src=\"https:\/\/zkeshop.sk\/wp-content\/uploads\/2025\/01\/Copy-of-C-Tetra-Luxe-Usage-300x300.jpg\" alt=\"\" width=\"366\" height=\"366\" srcset=\"https:\/\/zkeshop.sk\/wp-content\/uploads\/2025\/01\/Copy-of-C-Tetra-Luxe-Usage-300x300.jpg 300w, https:\/\/zkeshop.sk\/wp-content\/uploads\/2025\/01\/Copy-of-C-Tetra-Luxe-Usage-1024x1024.jpg 1024w, https:\/\/zkeshop.sk\/wp-content\/uploads\/2025\/01\/Copy-of-C-Tetra-Luxe-Usage-150x150.jpg 150w, https:\/\/zkeshop.sk\/wp-content\/uploads\/2025\/01\/Copy-of-C-Tetra-Luxe-Usage-768x768.jpg 768w, https:\/\/zkeshop.sk\/wp-content\/uploads\/2025\/01\/Copy-of-C-Tetra-Luxe-Usage-1536x1536.jpg 1536w, https:\/\/zkeshop.sk\/wp-content\/uploads\/2025\/01\/Copy-of-C-Tetra-Luxe-Usage-400x400.jpg 400w, https:\/\/zkeshop.sk\/wp-content\/uploads\/2025\/01\/Copy-of-C-Tetra-Luxe-Usage-600x600.jpg 600w, https:\/\/zkeshop.sk\/wp-content\/uploads\/2025\/01\/Copy-of-C-Tetra-Luxe-Usage-1200x1200.jpg 1200w, https:\/\/zkeshop.sk\/wp-content\/uploads\/2025\/01\/Copy-of-C-Tetra-Luxe-Usage.jpg 2000w\" sizes=\"auto, (max-width: 366px) 100vw, 366px\" \/><\/h5>\n<p>&nbsp;<\/p>\n<h2>STOP p\u0159ed\u010dasn\u00e9mu st\u00e1rnut\u00ed pleti<\/h2>\n<ul>\n<li>Pom\u00e1h\u00e1 chr\u00e1nit poko\u017eku p\u0159ed <a href=\"https:\/\/www.annabrandejs.sk\/slovnik-pojmov\/volne-radikaly-a1948\">voln\u00fdmi radik\u00e1ly<\/a>, kter\u00e9 jsou hlavn\u00ed p\u0159\u00ed\u010dinou <a href=\"https:\/\/www.annabrandejs.sk\/slovnik-pojmov\/predcasne-starnutie-pleti-a2077\">p\u0159ed\u010dasn\u00e9ho st\u00e1rnut\u00ed pleti<\/a>.<\/li>\n<li>Spou\u0161t\u00ed p\u0159irozenou synt\u00e9zu kolagenu<\/li>\n<li>Minimalizuje v\u00fdskyt tmav\u00fdch skvrn<\/li>\n<li>Viditeln\u011b rozjas\u0148uje t\u00f3n pleti<\/li>\n<li>Zlep\u0161uje tak\u00e9 strukturu a pevnost pleti.<\/li>\n<li>Prevence a prevence zn\u00e1mek st\u00e1rnut\u00ed pleti<\/li>\n<\/ul>\n<h2>Rozjas\u0148ova\u010d tmav\u00fdch skvrn<\/h2>\n<p>Krom\u011b vitaminu C obsahuje C-TETRA LUXE tak\u00e9 dal\u0161\u00ed \u00fa\u010dinn\u00e9 l\u00e1tky, kter\u00e9 rozjas\u0148uj\u00ed a barevn\u011b sjednocuj\u00ed ple\u0165. Extrakt z \u010derven\u00e9ho \u017een\u0161enu maximalizuje rozjas\u0148uj\u00edc\u00ed \u00fa\u010dinek s\u00e9ra a p\u016fsob\u00ed proti nadm\u011brn\u00e9 pigmentaci, <a href=\"https:\/\/www.annabrandejs.sk\/slovnik-pojmov\/starecke-skvrny-a2079\">sta\u0159eck\u00fdm skvrn\u00e1m<\/a> a nerovnom\u011brn\u00e9mu t\u00f3nu pleti.<\/p>\n<h2>Obsahuje luxusn\u00ed oleje<\/h2>\n<p>Vitam\u00edn F a skvalen zvy\u0161uj\u00ed v\u00fd\u017eivu pleti, zat\u00edmco olej z maracuji podporuje hydrataci a dod\u00e1v\u00e1 s\u00e9ru C-TETRA LUXE n\u00e1dech luxusu. Je p\u0159irozen\u011b bohat\u00e9 na vitamin E a <a href=\"https:\/\/www.annabrandejs.sk\/slovnik-pojmov\/kyselina-linolova-a2197\">kyselinu linolovou<\/a>, d\u00edky \u010demu\u017e podporuje regenera\u010dn\u00ed, omlazuj\u00edc\u00ed a hojiv\u00e9 procesy v pleti. Obnovuje tak\u00e9 fungov\u00e1n\u00ed ko\u017en\u00edho pl\u00e1\u0161t\u011b, kter\u00fd je kl\u00ed\u010dov\u00fd pro udr\u017een\u00ed hydratace a zdrav\u00ed pleti.<\/p>\n<h2>Obsahuje vysoce \u00fa\u010dinn\u00fd vitamin C<\/h2>\n<ul>\n<li>Obsa\u017een\u00fd vitamin C je ultrajemn\u00fd deriv\u00e1t vitaminu C na b\u00e1zi lipid\u016f.<\/li>\n<li>Receptura obsahuje velmi stabiln\u00ed s\u00ed\u0165 <a href=\"https:\/\/www.annabrandejs.sk\/slovnik-pojmov\/antioxidanty-a1905\">antioxidant\u016f<\/a>.<\/li>\n<li>Vhodn\u00e9 pro v\u0161echny typy pleti<\/li>\n<li>Je vhodn\u00fd pro pou\u017eit\u00ed v oblasti o\u010d\u00ed<\/li>\n<li>Je to nemastn\u00e9 s\u00e9rum &#8211; nezp\u016fsobuje <a href=\"https:\/\/www.annabrandejs.sk\/slovnik-pojmov\/komedony-a2201\">tvorbu komedon\u016f<\/a> (\u010dern\u00fdch te\u010dek).<\/li>\n<li>Zaji\u0161\u0165uje vysokou penetraci <a href=\"https:\/\/www.annabrandejs.sk\/slovnik-pojmov\/epidermis-a2034\">poko\u017eky<\/a><\/li>\n<\/ul>\n<h2>Obsahuje 3 vitam\u00edny<\/h2>\n<p>V<strong>itamin C (tetrahexyldecyl askorb\u00e1t<\/strong>): Forma vitaminu C rozpustn\u00e1 v tuc\u00edch, kter\u00e1 snadno pronik\u00e1 do hlub\u0161\u00edch vrstev poko\u017eky, kde stimuluje fibroblastov\u00e9 bu\u0148ky k produkci kolagenu. Siln\u00fd antioxidant, kter\u00fd neutralizuje voln\u00e9 radik\u00e1ly vznikaj\u00edc\u00ed v d\u016fsledku<a href=\"https:\/\/www.annabrandejs.sk\/slovnik-pojmov\/ultrafialove-ziarenie-uv-a2075\">UV z\u00e1\u0159en\u00ed<\/a> a bojuje proti zn\u00e1mk\u00e1m p\u0159ed\u010dasn\u00e9ho st\u00e1rnut\u00ed pleti. Redukuje tak\u00e9 nadm\u011brnou pigmentaci.<\/p>\n<p>V<strong>itamin E:<\/strong> Siln\u00fd antioxidant, kter\u00fd neutralizuje voln\u00e9 radik\u00e1ly. \u00da\u010dinn\u00fd prost\u0159edek proti st\u00e1rnut\u00ed a hydrata\u010dn\u00ed prost\u0159edek.<\/p>\n<p><strong>Vitamin F:<\/strong><br \/>\nVitamin F je tak\u00e9 zn\u00e1m\u00fd jako kyselina linolov\u00e1 nebo ethyllinolov\u00e1 a pat\u0159\u00ed mezi <a href=\"https:\/\/www.annabrandejs.sk\/slovnik-pojmov\/omega6-nenasytene-mastne-kyseliny-a2516\">omega-6 mastn\u00e9 kyseliny<\/a>. Hloubkov\u011b vy\u017eivuje a hydratuje poko\u017eku.<\/p>\n<h2>Obvin\u011bn\u00ed z jedine\u010dn\u00fdch l\u00e1tek<\/h2>\n<p>O<strong>lej z maracuji:<\/strong> D\u00edky sv\u00e9mu p\u0159irozen\u00e9mu obsahu mastn\u00fdch kyselin a dal\u0161\u00edch \u017eivin vy\u017eivuje a pe\u010duje o poko\u017eku, kter\u00e9 z\u00e1rove\u0148 poskytuje antioxida\u010dn\u00ed ochranu.<\/p>\n<p>E<strong>xtrakt z \u010derven\u00e9ho \u017een\u0161enu<\/strong>: P\u0159\u00edrodn\u00ed extrakt z\u00edskan\u00fd z ko\u0159ene \u010derven\u00e9ho \u017een\u0161enu zvy\u0161uje rozjas\u0148uj\u00edc\u00ed \u00fa\u010dinek s\u00e9ra a stimuluje tvorbu kolagenu.<\/p>\n<p>S<strong>kvalan:<\/strong> P\u0159irozen\u011b hydrata\u010dn\u00ed slo\u017eka, kter\u00e1 pom\u00e1h\u00e1 obnovit ochrannou bari\u00e9ru poko\u017eky a hloubkov\u011b ji hydratuje.<\/p>\n<h2>Pou\u017eit\u00ed r\u00e1no proti vr\u00e1sk\u00e1m<\/h2>\n<ul>\n<li>R\u00e1no po vy\u010di\u0161t\u011bn\u00ed pleti naneste 3-4 kapky p\u0159\u00edmo na ple\u0165 a rovnom\u011brn\u011b rozet\u0159ete po cel\u00e9m obli\u010deji, krku a dekoltu. Nechte 2-3 minuty vst\u0159eb\u00e1vat.<\/li>\n<li>Pokud pou\u017e\u00edv\u00e1te C-TETRA LUXE b\u011bhem dne, nezapome\u0148te po ka\u017ed\u00e9 aplikaci pou\u017e\u00edt hydrata\u010dn\u00ed kr\u00e9m s ochrann\u00fdm faktorem SPF nebo opalovac\u00ed kr\u00e9m.<\/li>\n<li>Obsah balen\u00ed je 30 ml s\u00e9ra.<\/li>\n<\/ul>\n<\/div>\n","protected":false},"excerpt":{"rendered":"<p>S\u00e9rum C-TETRA v je\u0161t\u011b \u00fa\u010dinn\u011bj\u0161\u00ed verzi je C-TETRA LUXE. Zpomaluje proces st\u00e1rnut\u00ed pleti, rozjas\u0148uje a vyhlazuje vr\u00e1sky a m\u00e1 je\u0161t\u011b siln\u011bj\u0161\u00ed preventivn\u00ed \u00fa\u010dinek proti hyperpigmentaci. Obsahuje vy\u0161\u0161\u00ed d\u00e1vku vitaminu C spolu s dal\u0161\u00edmi rozjas\u0148uj\u00edc\u00edmi a vy\u017eivuj\u00edc\u00edmi slo\u017ekami, kter\u00e9 v z\u00e1kladn\u00edm s\u00e9ru chyb\u00ed. Ide\u00e1ln\u00ed pro zralou ple\u0165 nebo jako dal\u0161\u00ed krok v p\u00e9\u010di o ple\u0165 s vitam\u00ednem C.<\/p>\n","protected":false},"featured_media":14531,"comment_status":"open","ping_status":"closed","template":"","meta":[],"product_brand":[],"product_cat":[179,206,200,183,185,87,188],"product_tag":[170,159],"class_list":{"0":"post-15029","1":"product","2":"type-product","3":"status-publish","4":"has-post-thumbnail","6":"product_cat-citliva-plet-cs","7":"product_cat-den-cs","8":"product_cat-medik8-cs","9":"product_cat-nadmerna-pigmentace","10":"product_cat-normalni-plet","11":"product_cat-pletova-kosmetika","12":"product_cat-sucha-plet-cs","13":"product_tag-20-cs","14":"product_tag-medik8","16":"first","17":"instock","18":"taxable","19":"shipping-taxable","20":"purchasable","21":"product-type-simple"},"yoast_head":"<!-- This site is optimized with the Yoast SEO Premium plugin v27.3 (Yoast SEO v27.3) - https:\/\/yoast.com\/product\/yoast-seo-premium-wordpress\/ -->\n<title>Medik 8 C- Tetra Luxe - ZK company<\/title>\n<meta name=\"description\" content=\"\u00da\u010dinn\u011bj\u0161\u00ed verze s\u00e9ra C-TETRA LUXE zpomaluje proces st\u00e1rnut\u00ed, rozjas\u0148uje, vyhlazuje vr\u00e1sky a m\u00e1 siln\u011bj\u0161\u00ed preventivn\u00ed \u00fa\u010dinek proti hyperpigmentaci.\" \/>\n<meta name=\"robots\" content=\"index, follow, max-snippet:-1, max-image-preview:large, max-video-preview:-1\" \/>\n<link rel=\"canonical\" href=\"https:\/\/zkeshop.sk\/cs\/produkt\/medik-8-c-tetra-luxe\/\" \/>\n<meta property=\"og:locale\" content=\"cs_CZ\" \/>\n<meta property=\"og:type\" content=\"article\" \/>\n<meta property=\"og:title\" content=\"Medik 8 C- Tetra Luxe\" \/>\n<meta property=\"og:description\" content=\"\u00da\u010dinn\u011bj\u0161\u00ed verze s\u00e9ra C-TETRA LUXE zpomaluje proces st\u00e1rnut\u00ed, rozjas\u0148uje, vyhlazuje vr\u00e1sky a m\u00e1 siln\u011bj\u0161\u00ed preventivn\u00ed \u00fa\u010dinek proti hyperpigmentaci.\" \/>\n<meta property=\"og:url\" content=\"https:\/\/zkeshop.sk\/cs\/produkt\/medik-8-c-tetra-luxe\/\" \/>\n<meta property=\"og:site_name\" content=\"ZK company\" \/>\n<meta property=\"article:modified_time\" content=\"2025-06-19T11:55:36+00:00\" \/>\n<meta property=\"og:image\" content=\"https:\/\/zkeshop.sk\/wp-content\/uploads\/2025\/01\/Copy-of-C-Tetra-Luxe-B-1024x1024.png\" \/>\n\t<meta property=\"og:image:width\" content=\"1024\" \/>\n\t<meta property=\"og:image:height\" content=\"1024\" \/>\n\t<meta property=\"og:image:type\" content=\"image\/png\" \/>\n<meta name=\"twitter:card\" content=\"summary_large_image\" \/>\n<meta name=\"twitter:label1\" content=\"Cena\" \/>\n\t<meta name=\"twitter:data1\" content=\"72,00&nbsp;&euro;\" \/>\n\t<meta name=\"twitter:label2\" content=\"Dostupnost\" \/>\n\t<meta name=\"twitter:data2\" content=\"Skladem\" \/>\n<script type=\"application\/ld+json\" class=\"yoast-schema-graph\">{\"@context\":\"https:\\\/\\\/schema.org\",\"@graph\":[{\"@type\":\"WebPage\",\"@id\":\"https:\\\/\\\/zkeshop.sk\\\/cs\\\/produkt\\\/medik-8-c-tetra-luxe\\\/\",\"url\":\"https:\\\/\\\/zkeshop.sk\\\/cs\\\/produkt\\\/medik-8-c-tetra-luxe\\\/\",\"name\":\"Medik 8 C- Tetra Luxe - ZK company\",\"isPartOf\":{\"@id\":\"https:\\\/\\\/zkeshop.sk\\\/#website\"},\"primaryImageOfPage\":{\"@id\":\"https:\\\/\\\/zkeshop.sk\\\/cs\\\/produkt\\\/medik-8-c-tetra-luxe\\\/#primaryimage\"},\"image\":{\"@id\":\"https:\\\/\\\/zkeshop.sk\\\/cs\\\/produkt\\\/medik-8-c-tetra-luxe\\\/#primaryimage\"},\"thumbnailUrl\":\"https:\\\/\\\/zkeshop.sk\\\/wp-content\\\/uploads\\\/2025\\\/01\\\/Copy-of-C-Tetra-Luxe-B.png\",\"datePublished\":\"2025-01-14T17:23:15+00:00\",\"dateModified\":\"2025-06-19T11:55:36+00:00\",\"description\":\"\u00da\u010dinn\u011bj\u0161\u00ed verze s\u00e9ra C-TETRA LUXE zpomaluje proces st\u00e1rnut\u00ed, rozjas\u0148uje, vyhlazuje vr\u00e1sky a m\u00e1 siln\u011bj\u0161\u00ed preventivn\u00ed \u00fa\u010dinek proti hyperpigmentaci.\",\"breadcrumb\":{\"@id\":\"https:\\\/\\\/zkeshop.sk\\\/cs\\\/produkt\\\/medik-8-c-tetra-luxe\\\/#breadcrumb\"},\"inLanguage\":\"cs\",\"potentialAction\":[{\"@type\":\"ReadAction\",\"target\":[\"https:\\\/\\\/zkeshop.sk\\\/cs\\\/produkt\\\/medik-8-c-tetra-luxe\\\/\"]}]},{\"@type\":\"ImageObject\",\"inLanguage\":\"cs\",\"@id\":\"https:\\\/\\\/zkeshop.sk\\\/cs\\\/produkt\\\/medik-8-c-tetra-luxe\\\/#primaryimage\",\"url\":\"https:\\\/\\\/zkeshop.sk\\\/wp-content\\\/uploads\\\/2025\\\/01\\\/Copy-of-C-Tetra-Luxe-B.png\",\"contentUrl\":\"https:\\\/\\\/zkeshop.sk\\\/wp-content\\\/uploads\\\/2025\\\/01\\\/Copy-of-C-Tetra-Luxe-B.png\",\"width\":2000,\"height\":2000,\"caption\":\"\u00da\u010dinnej\u0161ia verzia s\u00e9ra C-TETRA LUXE spoma\u013euje proces starnutia, rozjas\u0148uje, vyhladzuje vr\u00e1sky, a silnej\u0161ie p\u00f4sob\u00ed prevent\u00edvne proti hyperpigment\u00e1cii\"},{\"@type\":\"BreadcrumbList\",\"@id\":\"https:\\\/\\\/zkeshop.sk\\\/cs\\\/produkt\\\/medik-8-c-tetra-luxe\\\/#breadcrumb\",\"itemListElement\":[{\"@type\":\"ListItem\",\"position\":1,\"name\":\"Dom\u016f\",\"item\":\"https:\\\/\\\/zkeshop.sk\\\/\"},{\"@type\":\"ListItem\",\"position\":2,\"name\":\"Obchod\",\"item\":\"https:\\\/\\\/zkeshop.sk\\\/obchod\\\/\"},{\"@type\":\"ListItem\",\"position\":3,\"name\":\"Medik 8 C- Tetra Luxe\"}]},{\"@type\":\"WebSite\",\"@id\":\"https:\\\/\\\/zkeshop.sk\\\/#website\",\"url\":\"https:\\\/\\\/zkeshop.sk\\\/\",\"name\":\"ZK company\",\"description\":\"Kvalitn\u00e1 kozmetika pre ka\u017edodenn\u00e9 pou\u017eitie\",\"potentialAction\":[{\"@type\":\"SearchAction\",\"target\":{\"@type\":\"EntryPoint\",\"urlTemplate\":\"https:\\\/\\\/zkeshop.sk\\\/?s={search_term_string}\"},\"query-input\":{\"@type\":\"PropertyValueSpecification\",\"valueRequired\":true,\"valueName\":\"search_term_string\"}}],\"inLanguage\":\"cs\"}]}<\/script>\n<meta property=\"product:price:amount\" content=\"72.00\" \/>\n<meta property=\"product:price:currency\" content=\"EUR\" \/>\n<meta property=\"og:availability\" content=\"instock\" \/>\n<meta property=\"product:availability\" content=\"instock\" \/>\n<meta property=\"product:condition\" content=\"new\" \/>\n<!-- \/ Yoast SEO Premium plugin. -->","yoast_head_json":{"title":"Medik 8 C- Tetra Luxe - ZK company","description":"\u00da\u010dinn\u011bj\u0161\u00ed verze s\u00e9ra C-TETRA LUXE zpomaluje proces st\u00e1rnut\u00ed, rozjas\u0148uje, vyhlazuje vr\u00e1sky a m\u00e1 siln\u011bj\u0161\u00ed preventivn\u00ed \u00fa\u010dinek proti hyperpigmentaci.","robots":{"index":"index","follow":"follow","max-snippet":"max-snippet:-1","max-image-preview":"max-image-preview:large","max-video-preview":"max-video-preview:-1"},"canonical":"https:\/\/zkeshop.sk\/cs\/produkt\/medik-8-c-tetra-luxe\/","og_locale":"cs_CZ","og_type":"article","og_title":"Medik 8 C- Tetra Luxe","og_description":"\u00da\u010dinn\u011bj\u0161\u00ed verze s\u00e9ra C-TETRA LUXE zpomaluje proces st\u00e1rnut\u00ed, rozjas\u0148uje, vyhlazuje vr\u00e1sky a m\u00e1 siln\u011bj\u0161\u00ed preventivn\u00ed \u00fa\u010dinek proti hyperpigmentaci.","og_url":"https:\/\/zkeshop.sk\/cs\/produkt\/medik-8-c-tetra-luxe\/","og_site_name":"ZK company","article_modified_time":"2025-06-19T11:55:36+00:00","og_image":[{"width":1024,"height":1024,"url":"https:\/\/zkeshop.sk\/wp-content\/uploads\/2025\/01\/Copy-of-C-Tetra-Luxe-B-1024x1024.png","type":"image\/png"}],"twitter_card":"summary_large_image","twitter_misc":{"Cena":"72,00&nbsp;&euro;","Dostupnost":"Skladem"},"schema":{"@context":"https:\/\/schema.org","@graph":[{"@type":"WebPage","@id":"https:\/\/zkeshop.sk\/cs\/produkt\/medik-8-c-tetra-luxe\/","url":"https:\/\/zkeshop.sk\/cs\/produkt\/medik-8-c-tetra-luxe\/","name":"Medik 8 C- Tetra Luxe - ZK company","isPartOf":{"@id":"https:\/\/zkeshop.sk\/#website"},"primaryImageOfPage":{"@id":"https:\/\/zkeshop.sk\/cs\/produkt\/medik-8-c-tetra-luxe\/#primaryimage"},"image":{"@id":"https:\/\/zkeshop.sk\/cs\/produkt\/medik-8-c-tetra-luxe\/#primaryimage"},"thumbnailUrl":"https:\/\/zkeshop.sk\/wp-content\/uploads\/2025\/01\/Copy-of-C-Tetra-Luxe-B.png","datePublished":"2025-01-14T17:23:15+00:00","dateModified":"2025-06-19T11:55:36+00:00","description":"\u00da\u010dinn\u011bj\u0161\u00ed verze s\u00e9ra C-TETRA LUXE zpomaluje proces st\u00e1rnut\u00ed, rozjas\u0148uje, vyhlazuje vr\u00e1sky a m\u00e1 siln\u011bj\u0161\u00ed preventivn\u00ed \u00fa\u010dinek proti hyperpigmentaci.","breadcrumb":{"@id":"https:\/\/zkeshop.sk\/cs\/produkt\/medik-8-c-tetra-luxe\/#breadcrumb"},"inLanguage":"cs","potentialAction":[{"@type":"ReadAction","target":["https:\/\/zkeshop.sk\/cs\/produkt\/medik-8-c-tetra-luxe\/"]}]},{"@type":"ImageObject","inLanguage":"cs","@id":"https:\/\/zkeshop.sk\/cs\/produkt\/medik-8-c-tetra-luxe\/#primaryimage","url":"https:\/\/zkeshop.sk\/wp-content\/uploads\/2025\/01\/Copy-of-C-Tetra-Luxe-B.png","contentUrl":"https:\/\/zkeshop.sk\/wp-content\/uploads\/2025\/01\/Copy-of-C-Tetra-Luxe-B.png","width":2000,"height":2000,"caption":"\u00da\u010dinnej\u0161ia verzia s\u00e9ra C-TETRA LUXE spoma\u013euje proces starnutia, rozjas\u0148uje, vyhladzuje vr\u00e1sky, a silnej\u0161ie p\u00f4sob\u00ed prevent\u00edvne proti hyperpigment\u00e1cii"},{"@type":"BreadcrumbList","@id":"https:\/\/zkeshop.sk\/cs\/produkt\/medik-8-c-tetra-luxe\/#breadcrumb","itemListElement":[{"@type":"ListItem","position":1,"name":"Dom\u016f","item":"https:\/\/zkeshop.sk\/"},{"@type":"ListItem","position":2,"name":"Obchod","item":"https:\/\/zkeshop.sk\/obchod\/"},{"@type":"ListItem","position":3,"name":"Medik 8 C- Tetra Luxe"}]},{"@type":"WebSite","@id":"https:\/\/zkeshop.sk\/#website","url":"https:\/\/zkeshop.sk\/","name":"ZK company","description":"Kvalitn\u00e1 kozmetika pre ka\u017edodenn\u00e9 pou\u017eitie","potentialAction":[{"@type":"SearchAction","target":{"@type":"EntryPoint","urlTemplate":"https:\/\/zkeshop.sk\/?s={search_term_string}"},"query-input":{"@type":"PropertyValueSpecification","valueRequired":true,"valueName":"search_term_string"}}],"inLanguage":"cs"}]},"product_price_amount":"72.00","product_price_currency":"EUR","og_availability":"instock","product_availability":"instock","product_condition":"new"},"_links":{"self":[{"href":"https:\/\/zkeshop.sk\/cs\/wp-json\/wp\/v2\/product\/15029","targetHints":{"allow":["GET"]}}],"collection":[{"href":"https:\/\/zkeshop.sk\/cs\/wp-json\/wp\/v2\/product"}],"about":[{"href":"https:\/\/zkeshop.sk\/cs\/wp-json\/wp\/v2\/types\/product"}],"replies":[{"embeddable":true,"href":"https:\/\/zkeshop.sk\/cs\/wp-json\/wp\/v2\/comments?post=15029"}],"version-history":[{"count":0,"href":"https:\/\/zkeshop.sk\/cs\/wp-json\/wp\/v2\/product\/15029\/revisions"}],"wp:featuredmedia":[{"embeddable":true,"href":"https:\/\/zkeshop.sk\/cs\/wp-json\/wp\/v2\/media\/14531"}],"wp:attachment":[{"href":"https:\/\/zkeshop.sk\/cs\/wp-json\/wp\/v2\/media?parent=15029"}],"wp:term":[{"taxonomy":"product_brand","embeddable":true,"href":"https:\/\/zkeshop.sk\/cs\/wp-json\/wp\/v2\/product_brand?post=15029"},{"taxonomy":"product_cat","embeddable":true,"href":"https:\/\/zkeshop.sk\/cs\/wp-json\/wp\/v2\/product_cat?post=15029"},{"taxonomy":"product_tag","embeddable":true,"href":"https:\/\/zkeshop.sk\/cs\/wp-json\/wp\/v2\/product_tag?post=15029"}],"curies":[{"name":"wp","href":"https:\/\/api.w.org\/{rel}","templated":true}]}}