{"id":15036,"date":"2024-11-04T10:19:32","date_gmt":"2024-11-04T09:19:32","guid":{"rendered":"https:\/\/zkeshop.sk\/produkt\/cistici-pena-na-oblicej-pro-muze\/"},"modified":"2025-02-18T10:18:10","modified_gmt":"2025-02-18T09:18:10","slug":"cistici-pena-na-oblicej-pro-muze","status":"publish","type":"product","link":"https:\/\/zkeshop.sk\/cs\/produkt\/cistici-pena-na-oblicej-pro-muze\/","title":{"rendered":"\u010cistic\u00ed p\u011bna na obli\u010dej pro mu\u017ee"},"content":{"rendered":"<p><strong>Obsahuje:<\/strong> Prunus Amygdalus Dulcis Oil (mandlov\u00fd olej): vy\u017eivuj\u00edc\u00ed a hydrata\u010dn\u00ed olej bohat\u00fd na vitam\u00edny a miner\u00e1ly, kter\u00fd zjem\u0148uje poko\u017eku a zlep\u0161uje jej\u00ed pru\u017enost.<\/p>\n<p><strong>Butyrospermum Parkii Butter (bambuck\u00e9 m\u00e1slo<\/strong>): p\u0159\u00edrodn\u00ed hydrata\u010dn\u00ed l\u00e1tka, kter\u00e1 poskytuje poko\u017ece intenzivn\u00ed hydrataci a ochranu, z\u00e1rove\u0148 podporuje regeneraci a zklid\u0148uje podr\u00e1\u017ed\u011bn\u00ed.<\/p>\n<p><strong>Skvalan<\/strong>: &#8211; hydratuje, zjem\u0148uje a chr\u00e1n\u00ed poko\u017eku p\u0159ed ztr\u00e1tou vlhkosti.<\/p>\n<p><strong>\u0160\u0165\u00e1va z list\u016f aloe barbadensis (aloe vera<\/strong>): &#8211; aloe vera je zn\u00e1m\u00e1 pro sv\u00e9 zklid\u0148uj\u00edc\u00ed a hydrata\u010dn\u00ed vlastnosti, pom\u00e1h\u00e1 sni\u017eovat podr\u00e1\u017ed\u011bn\u00ed a z\u00e1n\u011bty a podporuje hojen\u00ed poko\u017eky.<\/p>\n<p><strong>Hyaluron\u00e1t sodn\u00fd (Sodium Hyaluronate<\/strong> ) &#8211; Siln\u00fd hydrata\u010dn\u00ed p\u0159\u00edpravek, kter\u00fd pom\u00e1h\u00e1 udr\u017eovat ple\u0165 hydratovanou a vypl\u0148uje jemn\u00e9 linky a vr\u00e1sky.<\/p>\n<p><strong>Niacinamid (vitamin B3<\/strong>): &#8211; multifunk\u010dn\u00ed slo\u017eka, kter\u00e1 pom\u00e1h\u00e1 zlep\u0161ovat strukturu pleti, sni\u017euje v\u00fdskyt roz\u0161\u00ed\u0159en\u00fdch p\u00f3r\u016f, jemn\u00fdch vr\u00e1sek a nerovnom\u011brn\u00e9ho t\u00f3nu pleti.<\/p>\n<p>&nbsp;<\/p>\n<p><strong>\u00da\u010dinky:<\/strong><\/p>\n<p>Jemn\u011b \u010dist\u00ed ple\u0165 od ne\u010distot, ani\u017e by ji vysu\u0161oval. Hydratuje a vy\u017eivuje ple\u0165, zaji\u0161\u0165uje jej\u00ed jemnost a pru\u017enost. D\u00edky obsahu vitaminu E pom\u00e1h\u00e1 chr\u00e1nit ple\u0165 p\u0159ed p\u0159ed\u010dasn\u00fdm st\u00e1rnut\u00edm.<\/p>\n<p>Obsah: 100 ml<\/p>\n","protected":false},"excerpt":{"rendered":"<p><strong>\u010cist\u00edc\u00ed p\u011bna je navr\u017eena speci\u00e1ln\u011b pro mu\u017ee<\/strong>, aby spl\u0148ovala nejn\u00e1ro\u010dn\u011bj\u0161\u00ed po\u017eadavky na mu\u017eskou ple\u0165 a vousy. Kombinuje jemn\u00e9 \u010distic\u00ed slo\u017eky s hydrata\u010dn\u00edmi oleji, kter\u00e9 udr\u017euj\u00ed ple\u0165 dokonale \u010distou a z\u00e1rove\u0148 hydratovanou. Obsahuje mandlov\u00fd olej, bambuck\u00e9 m\u00e1slo, skvalan a aloe vera pro intenzivn\u00ed hydrataci, v\u00fd\u017eivu a zklidn\u011bn\u00ed poko\u017eky. V kombinaci s vitaminem E tak\u00e9 pom\u00e1h\u00e1 bojovat proti zn\u00e1mk\u00e1m p\u0159ed\u010dasn\u00e9ho st\u00e1rnut\u00ed pleti.   <\/p>\n","protected":false},"featured_media":14033,"comment_status":"open","ping_status":"closed","template":"","meta":[],"product_brand":[],"product_cat":[87],"product_tag":[],"class_list":{"0":"post-15036","1":"product","2":"type-product","3":"status-publish","4":"has-post-thumbnail","6":"product_cat-pletova-kosmetika","8":"first","9":"instock","10":"taxable","11":"shipping-taxable","12":"purchasable","13":"product-type-simple"},"yoast_head":"<!-- This site is optimized with the Yoast SEO Premium plugin v27.3 (Yoast SEO v27.3) - https:\/\/yoast.com\/product\/yoast-seo-premium-wordpress\/ -->\n<title>\u010cistic\u00ed p\u011bna na obli\u010dej pro mu\u017ee - ZK company<\/title>\n<meta name=\"robots\" content=\"index, follow, max-snippet:-1, max-image-preview:large, max-video-preview:-1\" \/>\n<link rel=\"canonical\" href=\"https:\/\/zkeshop.sk\/cs\/produkt\/cistici-pena-na-oblicej-pro-muze\/\" \/>\n<meta property=\"og:locale\" content=\"cs_CZ\" \/>\n<meta property=\"og:type\" content=\"article\" \/>\n<meta property=\"og:title\" content=\"\u010cistic\u00ed p\u011bna na obli\u010dej pro mu\u017ee\" \/>\n<meta property=\"og:description\" content=\"\u010cist\u00edc\u00ed p\u011bna je navr\u017eena speci\u00e1ln\u011b pro mu\u017ee, aby spl\u0148ovala nejn\u00e1ro\u010dn\u011bj\u0161\u00ed po\u017eadavky na mu\u017eskou ple\u0165 a vousy. Kombinuje jemn\u00e9 \u010distic\u00ed slo\u017eky s hydrata\u010dn\u00edmi oleji, kter\u00e9 udr\u017euj\u00ed ple\u0165 dokonale \u010distou a z\u00e1rove\u0148 hydratovanou. Obsahuje mandlov\u00fd olej, bambuck\u00e9 m\u00e1slo, skvalan a aloe vera pro intenzivn\u00ed hydrataci, v\u00fd\u017eivu a zklidn\u011bn\u00ed poko\u017eky. V kombinaci s vitaminem E tak\u00e9 pom\u00e1h\u00e1 bojovat proti zn\u00e1mk\u00e1m p\u0159ed\u010dasn\u00e9ho st\u00e1rnut\u00ed pleti.\" \/>\n<meta property=\"og:url\" content=\"https:\/\/zkeshop.sk\/cs\/produkt\/cistici-pena-na-oblicej-pro-muze\/\" \/>\n<meta property=\"og:site_name\" content=\"ZK company\" \/>\n<meta property=\"article:modified_time\" content=\"2025-02-18T09:18:10+00:00\" \/>\n<meta property=\"og:image\" content=\"https:\/\/zkeshop.sk\/wp-content\/uploads\/2024\/10\/664.jpg\" \/>\n\t<meta property=\"og:image:width\" content=\"1024\" \/>\n\t<meta property=\"og:image:height\" content=\"768\" \/>\n\t<meta property=\"og:image:type\" content=\"image\/jpeg\" \/>\n<meta name=\"twitter:card\" content=\"summary_large_image\" \/>\n<meta name=\"twitter:label1\" content=\"Cena\" \/>\n\t<meta name=\"twitter:data1\" content=\"18,50&nbsp;&euro;\" \/>\n\t<meta name=\"twitter:label2\" content=\"Dostupnost\" \/>\n\t<meta name=\"twitter:data2\" content=\"Skladem\" \/>\n<script type=\"application\/ld+json\" class=\"yoast-schema-graph\">{\"@context\":\"https:\\\/\\\/schema.org\",\"@graph\":[{\"@type\":\"WebPage\",\"@id\":\"https:\\\/\\\/zkeshop.sk\\\/cs\\\/produkt\\\/cistici-pena-na-oblicej-pro-muze\\\/\",\"url\":\"https:\\\/\\\/zkeshop.sk\\\/cs\\\/produkt\\\/cistici-pena-na-oblicej-pro-muze\\\/\",\"name\":\"\u010cistic\u00ed p\u011bna na obli\u010dej pro mu\u017ee - ZK company\",\"isPartOf\":{\"@id\":\"https:\\\/\\\/zkeshop.sk\\\/#website\"},\"primaryImageOfPage\":{\"@id\":\"https:\\\/\\\/zkeshop.sk\\\/cs\\\/produkt\\\/cistici-pena-na-oblicej-pro-muze\\\/#primaryimage\"},\"image\":{\"@id\":\"https:\\\/\\\/zkeshop.sk\\\/cs\\\/produkt\\\/cistici-pena-na-oblicej-pro-muze\\\/#primaryimage\"},\"thumbnailUrl\":\"https:\\\/\\\/zkeshop.sk\\\/wp-content\\\/uploads\\\/2024\\\/10\\\/664.jpg\",\"datePublished\":\"2024-11-04T09:19:32+00:00\",\"dateModified\":\"2025-02-18T09:18:10+00:00\",\"breadcrumb\":{\"@id\":\"https:\\\/\\\/zkeshop.sk\\\/cs\\\/produkt\\\/cistici-pena-na-oblicej-pro-muze\\\/#breadcrumb\"},\"inLanguage\":\"cs\",\"potentialAction\":[{\"@type\":\"ReadAction\",\"target\":[\"https:\\\/\\\/zkeshop.sk\\\/cs\\\/produkt\\\/cistici-pena-na-oblicej-pro-muze\\\/\"]}]},{\"@type\":\"ImageObject\",\"inLanguage\":\"cs\",\"@id\":\"https:\\\/\\\/zkeshop.sk\\\/cs\\\/produkt\\\/cistici-pena-na-oblicej-pro-muze\\\/#primaryimage\",\"url\":\"https:\\\/\\\/zkeshop.sk\\\/wp-content\\\/uploads\\\/2024\\\/10\\\/664.jpg\",\"contentUrl\":\"https:\\\/\\\/zkeshop.sk\\\/wp-content\\\/uploads\\\/2024\\\/10\\\/664.jpg\",\"width\":1024,\"height\":768,\"caption\":\"\u010cistiaca pena DERMENFIX pre mu\u017eov jemne \u010dist\u00ed ple\u0165, hydratuje a vy\u017eivuje. Obsahuje mand\u013eov\u00fd olej, bambuck\u00e9 maslo, aloe vera pre upokojenie poko\u017eky.\"},{\"@type\":\"BreadcrumbList\",\"@id\":\"https:\\\/\\\/zkeshop.sk\\\/cs\\\/produkt\\\/cistici-pena-na-oblicej-pro-muze\\\/#breadcrumb\",\"itemListElement\":[{\"@type\":\"ListItem\",\"position\":1,\"name\":\"Dom\u016f\",\"item\":\"https:\\\/\\\/zkeshop.sk\\\/\"},{\"@type\":\"ListItem\",\"position\":2,\"name\":\"Obchod\",\"item\":\"https:\\\/\\\/zkeshop.sk\\\/obchod\\\/\"},{\"@type\":\"ListItem\",\"position\":3,\"name\":\"\u010cistic\u00ed p\u011bna na obli\u010dej pro mu\u017ee\"}]},{\"@type\":\"WebSite\",\"@id\":\"https:\\\/\\\/zkeshop.sk\\\/#website\",\"url\":\"https:\\\/\\\/zkeshop.sk\\\/\",\"name\":\"ZK company\",\"description\":\"Kvalitn\u00e1 kozmetika pre ka\u017edodenn\u00e9 pou\u017eitie\",\"potentialAction\":[{\"@type\":\"SearchAction\",\"target\":{\"@type\":\"EntryPoint\",\"urlTemplate\":\"https:\\\/\\\/zkeshop.sk\\\/?s={search_term_string}\"},\"query-input\":{\"@type\":\"PropertyValueSpecification\",\"valueRequired\":true,\"valueName\":\"search_term_string\"}}],\"inLanguage\":\"cs\"}]}<\/script>\n<meta property=\"product:price:amount\" content=\"18.50\" \/>\n<meta property=\"product:price:currency\" content=\"EUR\" \/>\n<meta property=\"og:availability\" content=\"instock\" \/>\n<meta property=\"product:availability\" content=\"instock\" \/>\n<meta property=\"product:condition\" content=\"new\" \/>\n<!-- \/ Yoast SEO Premium plugin. -->","yoast_head_json":{"title":"\u010cistic\u00ed p\u011bna na obli\u010dej pro mu\u017ee - ZK company","robots":{"index":"index","follow":"follow","max-snippet":"max-snippet:-1","max-image-preview":"max-image-preview:large","max-video-preview":"max-video-preview:-1"},"canonical":"https:\/\/zkeshop.sk\/cs\/produkt\/cistici-pena-na-oblicej-pro-muze\/","og_locale":"cs_CZ","og_type":"article","og_title":"\u010cistic\u00ed p\u011bna na obli\u010dej pro mu\u017ee","og_description":"\u010cist\u00edc\u00ed p\u011bna je navr\u017eena speci\u00e1ln\u011b pro mu\u017ee, aby spl\u0148ovala nejn\u00e1ro\u010dn\u011bj\u0161\u00ed po\u017eadavky na mu\u017eskou ple\u0165 a vousy. Kombinuje jemn\u00e9 \u010distic\u00ed slo\u017eky s hydrata\u010dn\u00edmi oleji, kter\u00e9 udr\u017euj\u00ed ple\u0165 dokonale \u010distou a z\u00e1rove\u0148 hydratovanou. Obsahuje mandlov\u00fd olej, bambuck\u00e9 m\u00e1slo, skvalan a aloe vera pro intenzivn\u00ed hydrataci, v\u00fd\u017eivu a zklidn\u011bn\u00ed poko\u017eky. V kombinaci s vitaminem E tak\u00e9 pom\u00e1h\u00e1 bojovat proti zn\u00e1mk\u00e1m p\u0159ed\u010dasn\u00e9ho st\u00e1rnut\u00ed pleti.","og_url":"https:\/\/zkeshop.sk\/cs\/produkt\/cistici-pena-na-oblicej-pro-muze\/","og_site_name":"ZK company","article_modified_time":"2025-02-18T09:18:10+00:00","og_image":[{"width":1024,"height":768,"url":"https:\/\/zkeshop.sk\/wp-content\/uploads\/2024\/10\/664.jpg","type":"image\/jpeg"}],"twitter_card":"summary_large_image","twitter_misc":{"Cena":"18,50&nbsp;&euro;","Dostupnost":"Skladem"},"schema":{"@context":"https:\/\/schema.org","@graph":[{"@type":"WebPage","@id":"https:\/\/zkeshop.sk\/cs\/produkt\/cistici-pena-na-oblicej-pro-muze\/","url":"https:\/\/zkeshop.sk\/cs\/produkt\/cistici-pena-na-oblicej-pro-muze\/","name":"\u010cistic\u00ed p\u011bna na obli\u010dej pro mu\u017ee - ZK company","isPartOf":{"@id":"https:\/\/zkeshop.sk\/#website"},"primaryImageOfPage":{"@id":"https:\/\/zkeshop.sk\/cs\/produkt\/cistici-pena-na-oblicej-pro-muze\/#primaryimage"},"image":{"@id":"https:\/\/zkeshop.sk\/cs\/produkt\/cistici-pena-na-oblicej-pro-muze\/#primaryimage"},"thumbnailUrl":"https:\/\/zkeshop.sk\/wp-content\/uploads\/2024\/10\/664.jpg","datePublished":"2024-11-04T09:19:32+00:00","dateModified":"2025-02-18T09:18:10+00:00","breadcrumb":{"@id":"https:\/\/zkeshop.sk\/cs\/produkt\/cistici-pena-na-oblicej-pro-muze\/#breadcrumb"},"inLanguage":"cs","potentialAction":[{"@type":"ReadAction","target":["https:\/\/zkeshop.sk\/cs\/produkt\/cistici-pena-na-oblicej-pro-muze\/"]}]},{"@type":"ImageObject","inLanguage":"cs","@id":"https:\/\/zkeshop.sk\/cs\/produkt\/cistici-pena-na-oblicej-pro-muze\/#primaryimage","url":"https:\/\/zkeshop.sk\/wp-content\/uploads\/2024\/10\/664.jpg","contentUrl":"https:\/\/zkeshop.sk\/wp-content\/uploads\/2024\/10\/664.jpg","width":1024,"height":768,"caption":"\u010cistiaca pena DERMENFIX pre mu\u017eov jemne \u010dist\u00ed ple\u0165, hydratuje a vy\u017eivuje. Obsahuje mand\u013eov\u00fd olej, bambuck\u00e9 maslo, aloe vera pre upokojenie poko\u017eky."},{"@type":"BreadcrumbList","@id":"https:\/\/zkeshop.sk\/cs\/produkt\/cistici-pena-na-oblicej-pro-muze\/#breadcrumb","itemListElement":[{"@type":"ListItem","position":1,"name":"Dom\u016f","item":"https:\/\/zkeshop.sk\/"},{"@type":"ListItem","position":2,"name":"Obchod","item":"https:\/\/zkeshop.sk\/obchod\/"},{"@type":"ListItem","position":3,"name":"\u010cistic\u00ed p\u011bna na obli\u010dej pro mu\u017ee"}]},{"@type":"WebSite","@id":"https:\/\/zkeshop.sk\/#website","url":"https:\/\/zkeshop.sk\/","name":"ZK company","description":"Kvalitn\u00e1 kozmetika pre ka\u017edodenn\u00e9 pou\u017eitie","potentialAction":[{"@type":"SearchAction","target":{"@type":"EntryPoint","urlTemplate":"https:\/\/zkeshop.sk\/?s={search_term_string}"},"query-input":{"@type":"PropertyValueSpecification","valueRequired":true,"valueName":"search_term_string"}}],"inLanguage":"cs"}]},"product_price_amount":"18.50","product_price_currency":"EUR","og_availability":"instock","product_availability":"instock","product_condition":"new"},"_links":{"self":[{"href":"https:\/\/zkeshop.sk\/cs\/wp-json\/wp\/v2\/product\/15036","targetHints":{"allow":["GET"]}}],"collection":[{"href":"https:\/\/zkeshop.sk\/cs\/wp-json\/wp\/v2\/product"}],"about":[{"href":"https:\/\/zkeshop.sk\/cs\/wp-json\/wp\/v2\/types\/product"}],"replies":[{"embeddable":true,"href":"https:\/\/zkeshop.sk\/cs\/wp-json\/wp\/v2\/comments?post=15036"}],"version-history":[{"count":0,"href":"https:\/\/zkeshop.sk\/cs\/wp-json\/wp\/v2\/product\/15036\/revisions"}],"wp:featuredmedia":[{"embeddable":true,"href":"https:\/\/zkeshop.sk\/cs\/wp-json\/wp\/v2\/media\/14033"}],"wp:attachment":[{"href":"https:\/\/zkeshop.sk\/cs\/wp-json\/wp\/v2\/media?parent=15036"}],"wp:term":[{"taxonomy":"product_brand","embeddable":true,"href":"https:\/\/zkeshop.sk\/cs\/wp-json\/wp\/v2\/product_brand?post=15036"},{"taxonomy":"product_cat","embeddable":true,"href":"https:\/\/zkeshop.sk\/cs\/wp-json\/wp\/v2\/product_cat?post=15036"},{"taxonomy":"product_tag","embeddable":true,"href":"https:\/\/zkeshop.sk\/cs\/wp-json\/wp\/v2\/product_tag?post=15036"}],"curies":[{"name":"wp","href":"https:\/\/api.w.org\/{rel}","templated":true}]}}