{"id":15047,"date":"2024-11-04T10:15:54","date_gmt":"2024-11-04T09:15:54","guid":{"rendered":"https:\/\/zkeshop.sk\/produkt\/hydrolyzovany-kk-kolagenovy-napoj-mix-3-prichute\/"},"modified":"2025-03-17T11:36:25","modified_gmt":"2025-03-17T10:36:25","slug":"hydrolyzovany-kk-kolagenovy-napoj-mix-3-prichute","status":"publish","type":"product","link":"https:\/\/zkeshop.sk\/cs\/produkt\/hydrolyzovany-kk-kolagenovy-napoj-mix-3-prichute\/","title":{"rendered":"Hydrolyzovan\u00fd KK kolagenov\u00fd n\u00e1poj MIX 3 p\u0159\u00edchut\u011b"},"content":{"rendered":"<h2 data-start=\"0\" data-end=\"83\"><strong data-start=\"4\" data-end=\"81\">KK Collagen Mix Flavours &#8211; Kompletn\u00ed p\u00e9\u010de o poko\u017eku, klouby a vlasy<\/strong><\/h2>\n<p data-start=\"85\" data-end=\"485\"><strong data-start=\"85\" data-end=\"112\">KK Collagen Mix Flavors<\/strong> je dopln\u011bk stravy, kter\u00fd obsahuje <strong data-start=\"149\" data-end=\"206\">5000 mg bioaktivn\u00edho hydrolyzovan\u00e9ho kolagenu Peptan\u00ae<\/strong>. Kolagen je kl\u00ed\u010dovou slo\u017ekou pojivov\u00fdch tk\u00e1n\u00ed, k\u016f\u017ee, vlas\u016f a neht\u016f. Po 20. roce \u017eivota se jeho produkce v t\u011ble zpomaluje, co\u017e vede ke ztr\u00e1t\u011b pru\u017enosti poko\u017eky a vzniku prvn\u00edch vr\u00e1sek. <strong data-start=\"395\" data-end=\"417\">Dopl\u0148ov\u00e1n\u00ed kolagenu<\/strong> je proto ide\u00e1ln\u00edm \u0159e\u0161en\u00edm pro podporu kr\u00e1sy a zdrav\u00ed zevnit\u0159.   <\/p>\n<p data-start=\"487\" data-end=\"650\"><strong data-start=\"490\" data-end=\"571\">V\u00edce o v\u00fdhod\u00e1ch kolagenu a jeho \u00fa\u010dinc\u00edch se do\u010dtete v \u010dl\u00e1nku na na\u0161em blogu:<\/strong><strong data-start=\"574\" data-end=\"648\"><a href=\"https:\/\/zkeshop.sk\/?p=15345&#038;preview=true\" target=\"_new\" rel=\"noopener\" data-start=\"576\" data-end=\"646\">Pro\u010d je kolagen d\u016fle\u017eit\u00fd?<\/a><\/strong><\/p>\n<h3 data-start=\"658\" data-end=\"707\"><strong data-start=\"662\" data-end=\"705\">Kl\u00ed\u010dov\u00e9 \u00fa\u010dinn\u00e9 l\u00e1tky a jejich p\u0159\u00ednosy<\/strong><\/h3>\n<p data-start=\"708\" data-end=\"1114\"><strong data-start=\"710\" data-end=\"740\">Bioaktivn\u00ed kolagen Peptan\u00ae<\/strong> &#8211; podporuje pru\u017enost a pevnost poko\u017eky<br data-start=\"779\" data-end=\"782\"> Kyselina<strong data-start=\"784\" data-end=\"808\">hyaluronov\u00e1<\/strong> &#8211; hydratuje a pom\u00e1h\u00e1 udr\u017eovat mladistv\u00fd vzhled<br data-start=\"853\" data-end=\"856\"><strong data-start=\"858\" data-end=\"887\">Komplex vitamin\u016f C, E a B<\/strong> &#8211; chr\u00e1n\u00ed bu\u0148ky p\u0159ed oxidativn\u00edm stresem a podporuje tvorbu kolagenu<br data-start=\"954\" data-end=\"957\"> Zinek<strong data-start=\"959\" data-end=\"977\">a ho\u0159\u010d\u00edk<\/strong> &#8211; d\u016fle\u017eit\u00e9 pro regeneraci poko\u017eky, zdrav\u00ed vlas\u016f a neht\u016f<br data-start=\"1038\" data-end=\"1041\"> Vl\u00e1knina<strong data-start=\"1043\" data-end=\"1062\">inulin<\/strong> &#8211; podporuje tr\u00e1ven\u00ed a zdrav\u00ed st\u0159evn\u00ed mikrofl\u00f3ry<\/p>\n<h3 data-start=\"1122\" data-end=\"1174\"><strong data-start=\"1126\" data-end=\"1172\">Pro\u010d si vybrat KK Collagen Mix Flavors?<\/strong><\/h3>\n<p data-start=\"1175\" data-end=\"1454\"><strong data-start=\"1177\" data-end=\"1217\">Podporuje pevnost a pru\u017enost poko\u017eky<\/strong><br data-start=\"1217\" data-end=\"1220\"><strong data-start=\"1222\" data-end=\"1267\">pom\u00e1h\u00e1 p\u0159i regeneraci poko\u017eky a hojen\u00ed ran<\/strong><br data-start=\"1267\" data-end=\"1270\"><strong data-start=\"1272\" data-end=\"1317\">podporuje zdrav\u00ed vlas\u016f, neht\u016f a kloub\u016f<\/strong><br data-start=\"1317\" data-end=\"1320\"><strong data-start=\"1322\" data-end=\"1377\">Obsahuje antioxidanty, kter\u00e9 pom\u00e1haj\u00ed chr\u00e1nit bu\u0148ky<\/strong><br data-start=\"1377\" data-end=\"1380\"><strong data-start=\"1382\" data-end=\"1452\">Sm\u011bs osv\u011b\u017euj\u00edc\u00edch p\u0159\u00edchut\u00ed &#8211; pomeran\u010d, mandarinka, mojito, bezov\u00fd kv\u011bt<\/strong><\/p>\n<h3 data-start=\"1462\" data-end=\"1494\"><strong data-start=\"1466\" data-end=\"1492\">Snadn\u00e9 pou\u017eit\u00ed<\/strong><\/h3>\n<p data-start=\"1495\" data-end=\"1638\">Rozm\u00edchejte <strong data-start=\"1495\" data-end=\"1512\">1 s\u00e1\u010dek denn\u011b<\/strong> ve <strong data-start=\"1527\" data-end=\"1542\">200 ml vody<\/strong>, dob\u0159e rozm\u00edchejte a vypijte. D\u00edky praktick\u00e9mu balen\u00ed si jej m\u016f\u017eete vz\u00edt s sebou, a\u0165 jste kdekoli. <\/p>\n<p data-start=\"1640\" data-end=\"1705\"><strong data-start=\"1643\" data-end=\"1664\">Hmotnost balen\u00ed:<\/strong> 360 g<br data-start=\"1670\" data-end=\"1673\"> Hmotnost<strong data-start=\"1676\" data-end=\"1698\">1 s\u00e1\u010dku:<\/strong> 12 g<\/p>\n<h4 data-start=\"1713\" data-end=\"1736\"><strong data-start=\"1717\" data-end=\"1734\">Ozn\u00e1men\u00ed<\/strong><\/h4>\n<p data-start=\"1737\" data-end=\"1957\">Nep\u0159ekra\u010dujte doporu\u010denou denn\u00ed d\u00e1vku. Dopln\u011bk stravy nenahrazuje pestrou stravu. Uchov\u00e1vejte mimo dosah d\u011bt\u00ed. Nevhodn\u00e9 pro d\u011bti do 3 let, t\u011bhotn\u00e9 a koj\u00edc\u00ed \u017eeny. Skladujte na such\u00e9m m\u00edst\u011b p\u0159i teplot\u011b <strong data-start=\"1942\" data-end=\"1954\">15-25 \u00b0C<\/strong>.    <\/p>\n<p data-start=\"1959\" data-end=\"1989\"><strong data-start=\"1962\" data-end=\"1987\">Vyrobeno na Slovensku<\/strong><\/p>\n","protected":false},"excerpt":{"rendered":"<p>\u00da\u017easn\u00e1 edice sm\u011bsi t\u0159\u00ed va\u0161ich obl\u00edben\u00fdch p\u0159\u00edchut\u00ed. A\u0165 u\u017e jste aktivn\u00ed sportovec, zotavujete se ze zran\u011bn\u00ed nebo chcete podpo\u0159it svou kr\u00e1su &#8211; KK kolagen je pro v\u00e1s tou spr\u00e1vnou volbou. <\/p>\n<p><strong>P\u0159\u00edchut\u011b MIX: pomeran\u010d, meloun, \u010dern\u00fd bez<\/strong><\/p>\n","protected":false},"featured_media":14001,"comment_status":"open","ping_status":"closed","template":"","meta":[],"product_brand":[],"product_cat":[89,122],"product_tag":[],"class_list":{"0":"post-15047","1":"product","2":"type-product","3":"status-publish","4":"has-post-thumbnail","6":"product_cat-doplnky-stravy","7":"product_cat-doplnky-stravy-pro-dospele","9":"first","10":"instock","11":"sale","12":"taxable","13":"shipping-taxable","14":"purchasable","15":"product-type-simple"},"yoast_head":"<!-- This site is optimized with the Yoast SEO Premium plugin v27.3 (Yoast SEO v27.3) - https:\/\/yoast.com\/product\/yoast-seo-premium-wordpress\/ -->\n<title>Hydrolyzovan\u00fd KK kolagenov\u00fd n\u00e1poj MIX 3 p\u0159\u00edchut\u011b - ZK company<\/title>\n<meta name=\"description\" content=\"Kolagenov\u00e1 sm\u011bs s 5000 mg bioaktivn\u00edho kolagenu Peptan\u00ae, kyselinou hyaluronovou a esenci\u00e1ln\u00edmi vitam\u00edny. Podporuje zdrav\u00ed k\u016f\u017ee, vlas\u016f, neht\u016f a kloub\u016f.\" \/>\n<meta name=\"robots\" content=\"index, follow, max-snippet:-1, max-image-preview:large, max-video-preview:-1\" \/>\n<link rel=\"canonical\" href=\"https:\/\/zkeshop.sk\/cs\/produkt\/hydrolyzovany-kk-kolagenovy-napoj-mix-3-prichute\/\" \/>\n<meta property=\"og:locale\" content=\"cs_CZ\" \/>\n<meta property=\"og:type\" content=\"article\" \/>\n<meta property=\"og:title\" content=\"Hydrolyzovan\u00fd KK kolagenov\u00fd n\u00e1poj MIX 3 p\u0159\u00edchut\u011b\" \/>\n<meta property=\"og:description\" content=\"Kolagenov\u00e1 sm\u011bs s 5000 mg bioaktivn\u00edho kolagenu Peptan\u00ae, kyselinou hyaluronovou a esenci\u00e1ln\u00edmi vitam\u00edny. Podporuje zdrav\u00ed k\u016f\u017ee, vlas\u016f, neht\u016f a kloub\u016f.\" \/>\n<meta property=\"og:url\" content=\"https:\/\/zkeshop.sk\/cs\/produkt\/hydrolyzovany-kk-kolagenovy-napoj-mix-3-prichute\/\" \/>\n<meta property=\"og:site_name\" content=\"ZK company\" \/>\n<meta property=\"article:modified_time\" content=\"2025-03-17T10:36:25+00:00\" \/>\n<meta property=\"og:image\" content=\"https:\/\/zkeshop.sk\/wp-content\/uploads\/2024\/10\/mix.jpg\" \/>\n\t<meta property=\"og:image:width\" content=\"1024\" \/>\n\t<meta property=\"og:image:height\" content=\"768\" \/>\n\t<meta property=\"og:image:type\" content=\"image\/jpeg\" \/>\n<meta name=\"twitter:card\" content=\"summary_large_image\" \/>\n<meta name=\"twitter:label1\" content=\"Cena\" \/>\n\t<meta name=\"twitter:data1\" content=\"36,40&nbsp;&euro;\" \/>\n\t<meta name=\"twitter:label2\" content=\"Dostupnost\" \/>\n\t<meta name=\"twitter:data2\" content=\"Skladem\" \/>\n<script type=\"application\/ld+json\" class=\"yoast-schema-graph\">{\"@context\":\"https:\\\/\\\/schema.org\",\"@graph\":[{\"@type\":\"WebPage\",\"@id\":\"https:\\\/\\\/zkeshop.sk\\\/cs\\\/produkt\\\/hydrolyzovany-kk-kolagenovy-napoj-mix-3-prichute\\\/\",\"url\":\"https:\\\/\\\/zkeshop.sk\\\/cs\\\/produkt\\\/hydrolyzovany-kk-kolagenovy-napoj-mix-3-prichute\\\/\",\"name\":\"Hydrolyzovan\u00fd KK kolagenov\u00fd n\u00e1poj MIX 3 p\u0159\u00edchut\u011b - ZK company\",\"isPartOf\":{\"@id\":\"https:\\\/\\\/zkeshop.sk\\\/#website\"},\"primaryImageOfPage\":{\"@id\":\"https:\\\/\\\/zkeshop.sk\\\/cs\\\/produkt\\\/hydrolyzovany-kk-kolagenovy-napoj-mix-3-prichute\\\/#primaryimage\"},\"image\":{\"@id\":\"https:\\\/\\\/zkeshop.sk\\\/cs\\\/produkt\\\/hydrolyzovany-kk-kolagenovy-napoj-mix-3-prichute\\\/#primaryimage\"},\"thumbnailUrl\":\"https:\\\/\\\/zkeshop.sk\\\/wp-content\\\/uploads\\\/2024\\\/10\\\/mix.jpg\",\"datePublished\":\"2024-11-04T09:15:54+00:00\",\"dateModified\":\"2025-03-17T10:36:25+00:00\",\"description\":\"Kolagenov\u00e1 sm\u011bs s 5000 mg bioaktivn\u00edho kolagenu Peptan\u00ae, kyselinou hyaluronovou a esenci\u00e1ln\u00edmi vitam\u00edny. Podporuje zdrav\u00ed k\u016f\u017ee, vlas\u016f, neht\u016f a kloub\u016f.\",\"breadcrumb\":{\"@id\":\"https:\\\/\\\/zkeshop.sk\\\/cs\\\/produkt\\\/hydrolyzovany-kk-kolagenovy-napoj-mix-3-prichute\\\/#breadcrumb\"},\"inLanguage\":\"cs\",\"potentialAction\":[{\"@type\":\"ReadAction\",\"target\":[\"https:\\\/\\\/zkeshop.sk\\\/cs\\\/produkt\\\/hydrolyzovany-kk-kolagenovy-napoj-mix-3-prichute\\\/\"]}]},{\"@type\":\"ImageObject\",\"inLanguage\":\"cs\",\"@id\":\"https:\\\/\\\/zkeshop.sk\\\/cs\\\/produkt\\\/hydrolyzovany-kk-kolagenovy-napoj-mix-3-prichute\\\/#primaryimage\",\"url\":\"https:\\\/\\\/zkeshop.sk\\\/wp-content\\\/uploads\\\/2024\\\/10\\\/mix.jpg\",\"contentUrl\":\"https:\\\/\\\/zkeshop.sk\\\/wp-content\\\/uploads\\\/2024\\\/10\\\/mix.jpg\",\"width\":1024,\"height\":768,\"caption\":\"Kolagenov\u00e9 p\u0159\u00edchut\u011b MIX s kyselinou hyaluronovou.\"},{\"@type\":\"BreadcrumbList\",\"@id\":\"https:\\\/\\\/zkeshop.sk\\\/cs\\\/produkt\\\/hydrolyzovany-kk-kolagenovy-napoj-mix-3-prichute\\\/#breadcrumb\",\"itemListElement\":[{\"@type\":\"ListItem\",\"position\":1,\"name\":\"Dom\u016f\",\"item\":\"https:\\\/\\\/zkeshop.sk\\\/\"},{\"@type\":\"ListItem\",\"position\":2,\"name\":\"Obchod\",\"item\":\"https:\\\/\\\/zkeshop.sk\\\/obchod\\\/\"},{\"@type\":\"ListItem\",\"position\":3,\"name\":\"Hydrolyzovan\u00fd KK kolagenov\u00fd n\u00e1poj MIX 3 p\u0159\u00edchut\u011b\"}]},{\"@type\":\"WebSite\",\"@id\":\"https:\\\/\\\/zkeshop.sk\\\/#website\",\"url\":\"https:\\\/\\\/zkeshop.sk\\\/\",\"name\":\"ZK company\",\"description\":\"Kvalitn\u00e1 kozmetika pre ka\u017edodenn\u00e9 pou\u017eitie\",\"potentialAction\":[{\"@type\":\"SearchAction\",\"target\":{\"@type\":\"EntryPoint\",\"urlTemplate\":\"https:\\\/\\\/zkeshop.sk\\\/?s={search_term_string}\"},\"query-input\":{\"@type\":\"PropertyValueSpecification\",\"valueRequired\":true,\"valueName\":\"search_term_string\"}}],\"inLanguage\":\"cs\"}]}<\/script>\n<meta property=\"product:price:amount\" content=\"36.40\" \/>\n<meta property=\"product:price:currency\" content=\"EUR\" \/>\n<meta property=\"og:availability\" content=\"instock\" \/>\n<meta property=\"product:availability\" content=\"instock\" \/>\n<meta property=\"product:condition\" content=\"new\" \/>\n<!-- \/ Yoast SEO Premium plugin. -->","yoast_head_json":{"title":"Hydrolyzovan\u00fd KK kolagenov\u00fd n\u00e1poj MIX 3 p\u0159\u00edchut\u011b - ZK company","description":"Kolagenov\u00e1 sm\u011bs s 5000 mg bioaktivn\u00edho kolagenu Peptan\u00ae, kyselinou hyaluronovou a esenci\u00e1ln\u00edmi vitam\u00edny. Podporuje zdrav\u00ed k\u016f\u017ee, vlas\u016f, neht\u016f a kloub\u016f.","robots":{"index":"index","follow":"follow","max-snippet":"max-snippet:-1","max-image-preview":"max-image-preview:large","max-video-preview":"max-video-preview:-1"},"canonical":"https:\/\/zkeshop.sk\/cs\/produkt\/hydrolyzovany-kk-kolagenovy-napoj-mix-3-prichute\/","og_locale":"cs_CZ","og_type":"article","og_title":"Hydrolyzovan\u00fd KK kolagenov\u00fd n\u00e1poj MIX 3 p\u0159\u00edchut\u011b","og_description":"Kolagenov\u00e1 sm\u011bs s 5000 mg bioaktivn\u00edho kolagenu Peptan\u00ae, kyselinou hyaluronovou a esenci\u00e1ln\u00edmi vitam\u00edny. Podporuje zdrav\u00ed k\u016f\u017ee, vlas\u016f, neht\u016f a kloub\u016f.","og_url":"https:\/\/zkeshop.sk\/cs\/produkt\/hydrolyzovany-kk-kolagenovy-napoj-mix-3-prichute\/","og_site_name":"ZK company","article_modified_time":"2025-03-17T10:36:25+00:00","og_image":[{"width":1024,"height":768,"url":"https:\/\/zkeshop.sk\/wp-content\/uploads\/2024\/10\/mix.jpg","type":"image\/jpeg"}],"twitter_card":"summary_large_image","twitter_misc":{"Cena":"36,40&nbsp;&euro;","Dostupnost":"Skladem"},"schema":{"@context":"https:\/\/schema.org","@graph":[{"@type":"WebPage","@id":"https:\/\/zkeshop.sk\/cs\/produkt\/hydrolyzovany-kk-kolagenovy-napoj-mix-3-prichute\/","url":"https:\/\/zkeshop.sk\/cs\/produkt\/hydrolyzovany-kk-kolagenovy-napoj-mix-3-prichute\/","name":"Hydrolyzovan\u00fd KK kolagenov\u00fd n\u00e1poj MIX 3 p\u0159\u00edchut\u011b - ZK company","isPartOf":{"@id":"https:\/\/zkeshop.sk\/#website"},"primaryImageOfPage":{"@id":"https:\/\/zkeshop.sk\/cs\/produkt\/hydrolyzovany-kk-kolagenovy-napoj-mix-3-prichute\/#primaryimage"},"image":{"@id":"https:\/\/zkeshop.sk\/cs\/produkt\/hydrolyzovany-kk-kolagenovy-napoj-mix-3-prichute\/#primaryimage"},"thumbnailUrl":"https:\/\/zkeshop.sk\/wp-content\/uploads\/2024\/10\/mix.jpg","datePublished":"2024-11-04T09:15:54+00:00","dateModified":"2025-03-17T10:36:25+00:00","description":"Kolagenov\u00e1 sm\u011bs s 5000 mg bioaktivn\u00edho kolagenu Peptan\u00ae, kyselinou hyaluronovou a esenci\u00e1ln\u00edmi vitam\u00edny. Podporuje zdrav\u00ed k\u016f\u017ee, vlas\u016f, neht\u016f a kloub\u016f.","breadcrumb":{"@id":"https:\/\/zkeshop.sk\/cs\/produkt\/hydrolyzovany-kk-kolagenovy-napoj-mix-3-prichute\/#breadcrumb"},"inLanguage":"cs","potentialAction":[{"@type":"ReadAction","target":["https:\/\/zkeshop.sk\/cs\/produkt\/hydrolyzovany-kk-kolagenovy-napoj-mix-3-prichute\/"]}]},{"@type":"ImageObject","inLanguage":"cs","@id":"https:\/\/zkeshop.sk\/cs\/produkt\/hydrolyzovany-kk-kolagenovy-napoj-mix-3-prichute\/#primaryimage","url":"https:\/\/zkeshop.sk\/wp-content\/uploads\/2024\/10\/mix.jpg","contentUrl":"https:\/\/zkeshop.sk\/wp-content\/uploads\/2024\/10\/mix.jpg","width":1024,"height":768,"caption":"Kolagenov\u00e9 p\u0159\u00edchut\u011b MIX s kyselinou hyaluronovou."},{"@type":"BreadcrumbList","@id":"https:\/\/zkeshop.sk\/cs\/produkt\/hydrolyzovany-kk-kolagenovy-napoj-mix-3-prichute\/#breadcrumb","itemListElement":[{"@type":"ListItem","position":1,"name":"Dom\u016f","item":"https:\/\/zkeshop.sk\/"},{"@type":"ListItem","position":2,"name":"Obchod","item":"https:\/\/zkeshop.sk\/obchod\/"},{"@type":"ListItem","position":3,"name":"Hydrolyzovan\u00fd KK kolagenov\u00fd n\u00e1poj MIX 3 p\u0159\u00edchut\u011b"}]},{"@type":"WebSite","@id":"https:\/\/zkeshop.sk\/#website","url":"https:\/\/zkeshop.sk\/","name":"ZK company","description":"Kvalitn\u00e1 kozmetika pre ka\u017edodenn\u00e9 pou\u017eitie","potentialAction":[{"@type":"SearchAction","target":{"@type":"EntryPoint","urlTemplate":"https:\/\/zkeshop.sk\/?s={search_term_string}"},"query-input":{"@type":"PropertyValueSpecification","valueRequired":true,"valueName":"search_term_string"}}],"inLanguage":"cs"}]},"product_price_amount":"36.40","product_price_currency":"EUR","og_availability":"instock","product_availability":"instock","product_condition":"new"},"_links":{"self":[{"href":"https:\/\/zkeshop.sk\/cs\/wp-json\/wp\/v2\/product\/15047","targetHints":{"allow":["GET"]}}],"collection":[{"href":"https:\/\/zkeshop.sk\/cs\/wp-json\/wp\/v2\/product"}],"about":[{"href":"https:\/\/zkeshop.sk\/cs\/wp-json\/wp\/v2\/types\/product"}],"replies":[{"embeddable":true,"href":"https:\/\/zkeshop.sk\/cs\/wp-json\/wp\/v2\/comments?post=15047"}],"version-history":[{"count":0,"href":"https:\/\/zkeshop.sk\/cs\/wp-json\/wp\/v2\/product\/15047\/revisions"}],"wp:featuredmedia":[{"embeddable":true,"href":"https:\/\/zkeshop.sk\/cs\/wp-json\/wp\/v2\/media\/14001"}],"wp:attachment":[{"href":"https:\/\/zkeshop.sk\/cs\/wp-json\/wp\/v2\/media?parent=15047"}],"wp:term":[{"taxonomy":"product_brand","embeddable":true,"href":"https:\/\/zkeshop.sk\/cs\/wp-json\/wp\/v2\/product_brand?post=15047"},{"taxonomy":"product_cat","embeddable":true,"href":"https:\/\/zkeshop.sk\/cs\/wp-json\/wp\/v2\/product_cat?post=15047"},{"taxonomy":"product_tag","embeddable":true,"href":"https:\/\/zkeshop.sk\/cs\/wp-json\/wp\/v2\/product_tag?post=15047"}],"curies":[{"name":"wp","href":"https:\/\/api.w.org\/{rel}","templated":true}]}}