{"id":15051,"date":"2025-01-30T09:40:16","date_gmt":"2025-01-30T08:40:16","guid":{"rendered":"https:\/\/zkeshop.sk\/produkt\/medik-8-calmwise-zklidnujici-cistici-prostredek-cestovni-baleni\/"},"modified":"2025-05-06T13:26:45","modified_gmt":"2025-05-06T11:26:45","slug":"medik-8-calmwise-zklidnujici-cistici-prostredek-cestovni-baleni","status":"publish","type":"product","link":"https:\/\/zkeshop.sk\/cs\/produkt\/medik-8-calmwise-zklidnujici-cistici-prostredek-cestovni-baleni\/","title":{"rendered":"Medik 8 Calmwise zklid\u0148uj\u00edc\u00ed \u010distic\u00ed prost\u0159edek &#8211; cestovn\u00ed balen\u00ed"},"content":{"rendered":"<h5 class=\"eshop-product-detail__subtitle\">Ultrajemn\u00e1 chlorofylov\u00e1 \u010distic\u00ed p\u011bna<\/h5>\n<div class=\"eshop-product-detail__perex\">\n<p>\u010cist\u00edc\u00ed p\u0159\u00edpravek pro v\u0161echny, kte\u0159\u00ed maj\u00ed p\u0159ecitliv\u011blou ple\u0165 se sklonem k \u010derven\u00e1n\u00ed. \u010cerven\u00e1 citliv\u00e1 ple\u0165 vy\u017eaduje zvl\u00e1\u0161tn\u00ed p\u00e9\u010di. Jemn\u00e1 \u010distic\u00ed p\u011bna ple\u0165 nejen \u010dist\u00ed, ale tak\u00e9 poskytuje \u00falevu od p\u00e1len\u00ed a pnut\u00ed. D\u00edky aktivn\u00edm latk\u00e1m tak\u00e9 zpomaluje proces st\u00e1rnut\u00ed pleti a urychluje jej\u00ed obnovu.<\/p>\n<\/div>\n<h2>Aktivn\u00ed sn\u00ed\u017een\u00ed zarudnut\u00ed poko\u017eky<\/h2>\n<p>U citliv\u00e9 pleti je \u010di\u0161t\u011bn\u00ed velmi d\u016fle\u017eit\u00e9. Poko\u017eka b\u00fdv\u00e1 podr\u00e1\u017ed\u011bn\u00e1 ne\u010distotami, ale majitel\u00e9 nadm\u011brn\u011b citliv\u00e9 pleti maj\u00ed \u010dasto \u0161patn\u00e9 zku\u0161enosti s nep\u0159\u00e1telsk\u00fdmi \u010distic\u00edmi prost\u0159edky. Pr\u00e1v\u011b pro n\u011b byla vyvinuta CALMWISE SOOTHING CLEANSER, zklid\u0148uj\u00edc\u00ed \u010distic\u00ed p\u011bna pro osoby s eryt\u00e9mem pleti. Zarudnut\u00ed pleti m\u016f\u017ee souviset s p\u0159ecitliv\u011blost\u00ed, \u017eilkami nebo r\u016f\u017eovkou. CALMWISE SOOTHING CLEANSER \u010distic\u00ed p\u011bnu mohou pou\u017e\u00edvat majitel\u00e9 v\u0161ech popsan\u00fdch projev\u016f. Obsahuje teprenon, co\u017e je patentovan\u00e1 \u00fa\u010dinn\u00e1 l\u00e1tka, kter\u00e1 prokazateln\u011b sni\u017euje zarudnut\u00ed pleti zp\u016fsoben\u00e9 nitkov\u00fdmi \u017eilkami v obli\u010deji a m\u00edrnou r\u016f\u017eovkou. Teprenon tak\u00e9 prokazateln\u011b sni\u017euje projevy st\u00e1rnut\u00ed, proto\u017ee prodlu\u017euje \u017eivotnost bun\u011b\u010dn\u00fdch telomer, co\u017e znamen\u00e1, \u017ee bu\u0148ka se m\u016f\u017ee d\u00e1le d\u011blit.<\/p>\n<h2>U\u017e \u017e\u00e1dn\u00e9 brn\u011bn\u00ed nebo zarudnut\u00ed<\/h2>\n<ul>\n<li>Jemn\u00e1, ale hloubkov\u00e1 \u010distic\u00ed schopnost.<\/li>\n<li>Poskytuje intenzivn\u00ed zklid\u0148uj\u00edc\u00ed \u00falevu od trval\u00e9ho zarudnut\u00ed a p\u00e1len\u00ed v d\u016fsledku p\u0159ecitliv\u011blosti poko\u017eky.<\/li>\n<li>Teprenon sni\u017euje erytr\u00f3zu a\u017e o 30 % po 1 m\u011bs\u00edci lok\u00e1ln\u00edho pou\u017e\u00edv\u00e1n\u00ed.<\/li>\n<li>Viditeln\u011b redukuje zn\u00e1mky st\u00e1rnut\u00ed pleti.<\/li>\n<li>Odstra\u0148uje bolestivost a po\u0161kozen\u00ed poko\u017eky.<\/li>\n<li>Posiluje st\u011bny kapil\u00e1r a zlep\u0161uje sr\u00e1\u017elivost krve.<\/li>\n<\/ul>\n<h2>\u017d\u00e1dn\u00e9 vedlej\u0161\u00ed \u00fa\u010dinky<\/h2>\n<ul>\n<li>Vhodn\u00e9 pro velmi citlivou poko\u017eku.<\/li>\n<li>Hlavn\u00ed \u00fa\u010dinn\u00e1 l\u00e1tka, teprenon, m\u00e1 p\u0159i lok\u00e1ln\u00ed aplikaci prok\u00e1zan\u00fd \u00fa\u010dinek, ani\u017e by zp\u016fsobovala vedlej\u0161\u00ed \u00fa\u010dinky.<\/li>\n<li>D\u00edky aplik\u00e1toru s pumpi\u010dkou se p\u011bna velmi snadno pou\u017e\u00edv\u00e1.<\/li>\n<li>Neobsahuje parabeny, m\u00fddlo ani jin\u00e9 dr\u00e1\u017ediv\u00e9 l\u00e1tky.<\/li>\n<li>M\u00e1 protiz\u00e1n\u011btliv\u00fd \u00fa\u010dinek.<\/li>\n<li>Lehk\u00e1 p\u011bna je velmi jemn\u00e1 k poko\u017ece, snadno se rozt\u00edr\u00e1, tak\u017ee aplikace nen\u00ed nep\u0159\u00edjemn\u00e1.<\/li>\n<\/ul>\n<h2>Vhodn\u00e9 pro \u010di\u0161t\u011bn\u00ed &#8230;<\/h2>\n<ul>\n<li>Nadm\u011brn\u011b citliv\u00e1 poko\u017eka<\/li>\n<li>Citliv\u00e1 poko\u017eka<\/li>\n<li>Pleteniny se z\u00e1n\u011btem<\/li>\n<li>Erymat\u00f3zn\u00ed k\u016f\u017ee<\/li>\n<\/ul>\n<h2>3 aktivn\u00ed slo\u017eky pro citlivou ple\u0165<\/h2>\n<p>T<strong>eprenon:<\/strong> \u00da\u010dinn\u00e1 slo\u017eka proti zarudnut\u00ed. Podporuje obnovu bun\u011bk, a t\u00edm i omlazen\u00ed pleti. M\u00e1 vynikaj\u00edc\u00ed \u00fa\u010dinky p\u0159i prevenci a omezov\u00e1n\u00ed nadm\u011brn\u00e9 citlivosti poko\u017eky.<\/p>\n<p>V<strong>itamin K2:<\/strong> Tento vitamin posiluje st\u011bny kapil\u00e1r a zlep\u0161uje sr\u00e1\u017elivost krve.<\/p>\n<p>O<strong>rganick\u00fd pomeran\u010dov\u00fd olej:<\/strong> Zjem\u0148uje poko\u017eku a m\u00e1 protiz\u00e1n\u011btliv\u00e9 \u00fa\u010dinky.<\/p>\n<h2>Cestovn\u00ed balen\u00ed pro 26 aplikac\u00ed<\/h2>\n<ul>\n<li>Doporu\u010dujeme jej pou\u017e\u00edvat dvakr\u00e1t denn\u011b, nejl\u00e9pe r\u00e1no a ve\u010der. Naneste mal\u00e9 mno\u017estv\u00ed p\u0159\u00edpravku do vlhk\u00fdch rukou a vmas\u00edrujte na vlhk\u00fd obli\u010dej, krk a dekolt, pokud je to nutn\u00e9. Po jemn\u00e9 mas\u00e1\u017ei d\u016fkladn\u011b opl\u00e1chn\u011bte a osu\u0161te.<\/li>\n<li>Balen\u00ed o objemu 40 ml vysta\u010d\u00ed a\u017e na 26 aplikac\u00ed.<\/li>\n<li>Po otev\u0159en\u00ed vydr\u017e\u00ed 36 m\u011bs\u00edc\u016f.<\/li>\n<\/ul>\n","protected":false},"excerpt":{"rendered":"<h5 class=\"eshop-product-detail__subtitle\">Ultrajemn\u00e1 chlorofylov\u00e1 \u010distic\u00ed p\u011bna<\/h5>\n<div class=\"eshop-product-detail__perex\">\n<p>\u010cist\u00edc\u00ed p\u0159\u00edpravek pro v\u0161echny, kte\u0159\u00ed maj\u00ed p\u0159ecitliv\u011blou ple\u0165 se sklonem k \u010derven\u00e1n\u00ed. \u010cerven\u00e1 citliv\u00e1 ple\u0165 vy\u017eaduje zvl\u00e1\u0161tn\u00ed p\u00e9\u010di. Jemn\u00e1 \u010distic\u00ed p\u011bna ple\u0165 nejen \u010dist\u00ed, ale tak\u00e9 poskytuje \u00falevu od p\u00e1len\u00ed a pnut\u00ed. D\u00edky aktivn\u00edm latk\u00e1m tak\u00e9 zpomaluje proces st\u00e1rnut\u00ed pleti a urychluje jej\u00ed obnovu.<\/p>\n<\/div>\n","protected":false},"featured_media":14306,"comment_status":"open","ping_status":"closed","template":"","meta":[],"product_brand":[],"product_cat":[202,179,206,200,208,185,87],"product_tag":[159],"class_list":{"0":"post-15051","1":"product","2":"type-product","3":"status-publish","4":"has-post-thumbnail","6":"product_cat-cestovni-baleni","7":"product_cat-citliva-plet-cs","8":"product_cat-den-cs","9":"product_cat-medik8-cs","10":"product_cat-noc-cs","11":"product_cat-normalni-plet","12":"product_cat-pletova-kosmetika","13":"product_tag-medik8","15":"first","16":"instock","17":"taxable","18":"shipping-taxable","19":"purchasable","20":"product-type-simple"},"yoast_head":"<!-- This site is optimized with the Yoast SEO Premium plugin v27.3 (Yoast SEO v27.3) - https:\/\/yoast.com\/product\/yoast-seo-premium-wordpress\/ -->\n<title>Medik 8 Calmwise zklid\u0148uj\u00edc\u00ed \u010distic\u00ed prost\u0159edek - cestovn\u00ed balen\u00ed - ZK company<\/title>\n<meta name=\"description\" content=\"\u010cist\u00edc\u00ed p\u0159\u00edpravek pro v\u0161echny, kte\u0159\u00ed maj\u00ed p\u0159ecitliv\u011blou ple\u0165 se sklonem k \u010derven\u00e1n\u00ed. \u010cerven\u00e1 citliv\u00e1 ple\u0165 vy\u017eaduje zvl\u00e1\u0161tn\u00ed p\u00e9\u010di.\" \/>\n<meta name=\"robots\" content=\"index, follow, max-snippet:-1, max-image-preview:large, max-video-preview:-1\" \/>\n<link rel=\"canonical\" href=\"https:\/\/zkeshop.sk\/cs\/produkt\/medik-8-calmwise-zklidnujici-cistici-prostredek-cestovni-baleni\/\" \/>\n<meta property=\"og:locale\" content=\"cs_CZ\" \/>\n<meta property=\"og:type\" content=\"article\" \/>\n<meta property=\"og:title\" content=\"Medik 8 Calmwise zklid\u0148uj\u00edc\u00ed \u010distic\u00ed prost\u0159edek - cestovn\u00ed balen\u00ed\" \/>\n<meta property=\"og:description\" content=\"\u010cist\u00edc\u00ed p\u0159\u00edpravek pro v\u0161echny, kte\u0159\u00ed maj\u00ed p\u0159ecitliv\u011blou ple\u0165 se sklonem k \u010derven\u00e1n\u00ed. \u010cerven\u00e1 citliv\u00e1 ple\u0165 vy\u017eaduje zvl\u00e1\u0161tn\u00ed p\u00e9\u010di.\" \/>\n<meta property=\"og:url\" content=\"https:\/\/zkeshop.sk\/cs\/produkt\/medik-8-calmwise-zklidnujici-cistici-prostredek-cestovni-baleni\/\" \/>\n<meta property=\"og:site_name\" content=\"ZK company\" \/>\n<meta property=\"article:modified_time\" content=\"2025-05-06T11:26:45+00:00\" \/>\n<meta property=\"og:image\" content=\"https:\/\/zkeshop.sk\/wp-content\/uploads\/2025\/01\/Copy-of-Calmwise-Soothing-Cleanser-B-1024x1024.png\" \/>\n\t<meta property=\"og:image:width\" content=\"1024\" \/>\n\t<meta property=\"og:image:height\" content=\"1024\" \/>\n\t<meta property=\"og:image:type\" content=\"image\/png\" \/>\n<meta name=\"twitter:card\" content=\"summary_large_image\" \/>\n<meta name=\"twitter:label1\" content=\"Cena\" \/>\n\t<meta name=\"twitter:data1\" content=\"10,00&nbsp;&euro;\" \/>\n\t<meta name=\"twitter:label2\" content=\"Dostupnost\" \/>\n\t<meta name=\"twitter:data2\" content=\"Skladem\" \/>\n<script type=\"application\/ld+json\" class=\"yoast-schema-graph\">{\"@context\":\"https:\\\/\\\/schema.org\",\"@graph\":[{\"@type\":\"WebPage\",\"@id\":\"https:\\\/\\\/zkeshop.sk\\\/cs\\\/produkt\\\/medik-8-calmwise-zklidnujici-cistici-prostredek-cestovni-baleni\\\/\",\"url\":\"https:\\\/\\\/zkeshop.sk\\\/cs\\\/produkt\\\/medik-8-calmwise-zklidnujici-cistici-prostredek-cestovni-baleni\\\/\",\"name\":\"Medik 8 Calmwise zklid\u0148uj\u00edc\u00ed \u010distic\u00ed prost\u0159edek - cestovn\u00ed balen\u00ed - ZK company\",\"isPartOf\":{\"@id\":\"https:\\\/\\\/zkeshop.sk\\\/#website\"},\"primaryImageOfPage\":{\"@id\":\"https:\\\/\\\/zkeshop.sk\\\/cs\\\/produkt\\\/medik-8-calmwise-zklidnujici-cistici-prostredek-cestovni-baleni\\\/#primaryimage\"},\"image\":{\"@id\":\"https:\\\/\\\/zkeshop.sk\\\/cs\\\/produkt\\\/medik-8-calmwise-zklidnujici-cistici-prostredek-cestovni-baleni\\\/#primaryimage\"},\"thumbnailUrl\":\"https:\\\/\\\/zkeshop.sk\\\/wp-content\\\/uploads\\\/2025\\\/01\\\/Copy-of-Calmwise-Soothing-Cleanser-B.png\",\"datePublished\":\"2025-01-30T08:40:16+00:00\",\"dateModified\":\"2025-05-06T11:26:45+00:00\",\"description\":\"\u010cist\u00edc\u00ed p\u0159\u00edpravek pro v\u0161echny, kte\u0159\u00ed maj\u00ed p\u0159ecitliv\u011blou ple\u0165 se sklonem k \u010derven\u00e1n\u00ed. \u010cerven\u00e1 citliv\u00e1 ple\u0165 vy\u017eaduje zvl\u00e1\u0161tn\u00ed p\u00e9\u010di.\",\"breadcrumb\":{\"@id\":\"https:\\\/\\\/zkeshop.sk\\\/cs\\\/produkt\\\/medik-8-calmwise-zklidnujici-cistici-prostredek-cestovni-baleni\\\/#breadcrumb\"},\"inLanguage\":\"cs\",\"potentialAction\":[{\"@type\":\"ReadAction\",\"target\":[\"https:\\\/\\\/zkeshop.sk\\\/cs\\\/produkt\\\/medik-8-calmwise-zklidnujici-cistici-prostredek-cestovni-baleni\\\/\"]}]},{\"@type\":\"ImageObject\",\"inLanguage\":\"cs\",\"@id\":\"https:\\\/\\\/zkeshop.sk\\\/cs\\\/produkt\\\/medik-8-calmwise-zklidnujici-cistici-prostredek-cestovni-baleni\\\/#primaryimage\",\"url\":\"https:\\\/\\\/zkeshop.sk\\\/wp-content\\\/uploads\\\/2025\\\/01\\\/Copy-of-Calmwise-Soothing-Cleanser-B.png\",\"contentUrl\":\"https:\\\/\\\/zkeshop.sk\\\/wp-content\\\/uploads\\\/2025\\\/01\\\/Copy-of-Calmwise-Soothing-Cleanser-B.png\",\"width\":2000,\"height\":2000,\"caption\":\"\u010cistiaci prostriedok pre v\u0161etk\u00fdch, ktor\u00ed maj\u00fa nadmerne citliv\u00fa ple\u0165 so sklonom k \u010dervenaniu. \u010cerven\u00e1 citliv\u00e1 poko\u017eka vy\u017eaduje zv\u00fd\u0161en\u00fa starostlivos\u0165.\"},{\"@type\":\"BreadcrumbList\",\"@id\":\"https:\\\/\\\/zkeshop.sk\\\/cs\\\/produkt\\\/medik-8-calmwise-zklidnujici-cistici-prostredek-cestovni-baleni\\\/#breadcrumb\",\"itemListElement\":[{\"@type\":\"ListItem\",\"position\":1,\"name\":\"Dom\u016f\",\"item\":\"https:\\\/\\\/zkeshop.sk\\\/\"},{\"@type\":\"ListItem\",\"position\":2,\"name\":\"Obchod\",\"item\":\"https:\\\/\\\/zkeshop.sk\\\/obchod\\\/\"},{\"@type\":\"ListItem\",\"position\":3,\"name\":\"Medik 8 Calmwise zklid\u0148uj\u00edc\u00ed \u010distic\u00ed prost\u0159edek &#8211; cestovn\u00ed balen\u00ed\"}]},{\"@type\":\"WebSite\",\"@id\":\"https:\\\/\\\/zkeshop.sk\\\/#website\",\"url\":\"https:\\\/\\\/zkeshop.sk\\\/\",\"name\":\"ZK company\",\"description\":\"Kvalitn\u00e1 kozmetika pre ka\u017edodenn\u00e9 pou\u017eitie\",\"potentialAction\":[{\"@type\":\"SearchAction\",\"target\":{\"@type\":\"EntryPoint\",\"urlTemplate\":\"https:\\\/\\\/zkeshop.sk\\\/?s={search_term_string}\"},\"query-input\":{\"@type\":\"PropertyValueSpecification\",\"valueRequired\":true,\"valueName\":\"search_term_string\"}}],\"inLanguage\":\"cs\"}]}<\/script>\n<meta property=\"product:price:amount\" content=\"10.00\" \/>\n<meta property=\"product:price:currency\" content=\"EUR\" \/>\n<meta property=\"og:availability\" content=\"instock\" \/>\n<meta property=\"product:availability\" content=\"instock\" \/>\n<meta property=\"product:condition\" content=\"new\" \/>\n<!-- \/ Yoast SEO Premium plugin. -->","yoast_head_json":{"title":"Medik 8 Calmwise zklid\u0148uj\u00edc\u00ed \u010distic\u00ed prost\u0159edek - cestovn\u00ed balen\u00ed - ZK company","description":"\u010cist\u00edc\u00ed p\u0159\u00edpravek pro v\u0161echny, kte\u0159\u00ed maj\u00ed p\u0159ecitliv\u011blou ple\u0165 se sklonem k \u010derven\u00e1n\u00ed. \u010cerven\u00e1 citliv\u00e1 ple\u0165 vy\u017eaduje zvl\u00e1\u0161tn\u00ed p\u00e9\u010di.","robots":{"index":"index","follow":"follow","max-snippet":"max-snippet:-1","max-image-preview":"max-image-preview:large","max-video-preview":"max-video-preview:-1"},"canonical":"https:\/\/zkeshop.sk\/cs\/produkt\/medik-8-calmwise-zklidnujici-cistici-prostredek-cestovni-baleni\/","og_locale":"cs_CZ","og_type":"article","og_title":"Medik 8 Calmwise zklid\u0148uj\u00edc\u00ed \u010distic\u00ed prost\u0159edek - cestovn\u00ed balen\u00ed","og_description":"\u010cist\u00edc\u00ed p\u0159\u00edpravek pro v\u0161echny, kte\u0159\u00ed maj\u00ed p\u0159ecitliv\u011blou ple\u0165 se sklonem k \u010derven\u00e1n\u00ed. \u010cerven\u00e1 citliv\u00e1 ple\u0165 vy\u017eaduje zvl\u00e1\u0161tn\u00ed p\u00e9\u010di.","og_url":"https:\/\/zkeshop.sk\/cs\/produkt\/medik-8-calmwise-zklidnujici-cistici-prostredek-cestovni-baleni\/","og_site_name":"ZK company","article_modified_time":"2025-05-06T11:26:45+00:00","og_image":[{"width":1024,"height":1024,"url":"https:\/\/zkeshop.sk\/wp-content\/uploads\/2025\/01\/Copy-of-Calmwise-Soothing-Cleanser-B-1024x1024.png","type":"image\/png"}],"twitter_card":"summary_large_image","twitter_misc":{"Cena":"10,00&nbsp;&euro;","Dostupnost":"Skladem"},"schema":{"@context":"https:\/\/schema.org","@graph":[{"@type":"WebPage","@id":"https:\/\/zkeshop.sk\/cs\/produkt\/medik-8-calmwise-zklidnujici-cistici-prostredek-cestovni-baleni\/","url":"https:\/\/zkeshop.sk\/cs\/produkt\/medik-8-calmwise-zklidnujici-cistici-prostredek-cestovni-baleni\/","name":"Medik 8 Calmwise zklid\u0148uj\u00edc\u00ed \u010distic\u00ed prost\u0159edek - cestovn\u00ed balen\u00ed - ZK company","isPartOf":{"@id":"https:\/\/zkeshop.sk\/#website"},"primaryImageOfPage":{"@id":"https:\/\/zkeshop.sk\/cs\/produkt\/medik-8-calmwise-zklidnujici-cistici-prostredek-cestovni-baleni\/#primaryimage"},"image":{"@id":"https:\/\/zkeshop.sk\/cs\/produkt\/medik-8-calmwise-zklidnujici-cistici-prostredek-cestovni-baleni\/#primaryimage"},"thumbnailUrl":"https:\/\/zkeshop.sk\/wp-content\/uploads\/2025\/01\/Copy-of-Calmwise-Soothing-Cleanser-B.png","datePublished":"2025-01-30T08:40:16+00:00","dateModified":"2025-05-06T11:26:45+00:00","description":"\u010cist\u00edc\u00ed p\u0159\u00edpravek pro v\u0161echny, kte\u0159\u00ed maj\u00ed p\u0159ecitliv\u011blou ple\u0165 se sklonem k \u010derven\u00e1n\u00ed. \u010cerven\u00e1 citliv\u00e1 ple\u0165 vy\u017eaduje zvl\u00e1\u0161tn\u00ed p\u00e9\u010di.","breadcrumb":{"@id":"https:\/\/zkeshop.sk\/cs\/produkt\/medik-8-calmwise-zklidnujici-cistici-prostredek-cestovni-baleni\/#breadcrumb"},"inLanguage":"cs","potentialAction":[{"@type":"ReadAction","target":["https:\/\/zkeshop.sk\/cs\/produkt\/medik-8-calmwise-zklidnujici-cistici-prostredek-cestovni-baleni\/"]}]},{"@type":"ImageObject","inLanguage":"cs","@id":"https:\/\/zkeshop.sk\/cs\/produkt\/medik-8-calmwise-zklidnujici-cistici-prostredek-cestovni-baleni\/#primaryimage","url":"https:\/\/zkeshop.sk\/wp-content\/uploads\/2025\/01\/Copy-of-Calmwise-Soothing-Cleanser-B.png","contentUrl":"https:\/\/zkeshop.sk\/wp-content\/uploads\/2025\/01\/Copy-of-Calmwise-Soothing-Cleanser-B.png","width":2000,"height":2000,"caption":"\u010cistiaci prostriedok pre v\u0161etk\u00fdch, ktor\u00ed maj\u00fa nadmerne citliv\u00fa ple\u0165 so sklonom k \u010dervenaniu. \u010cerven\u00e1 citliv\u00e1 poko\u017eka vy\u017eaduje zv\u00fd\u0161en\u00fa starostlivos\u0165."},{"@type":"BreadcrumbList","@id":"https:\/\/zkeshop.sk\/cs\/produkt\/medik-8-calmwise-zklidnujici-cistici-prostredek-cestovni-baleni\/#breadcrumb","itemListElement":[{"@type":"ListItem","position":1,"name":"Dom\u016f","item":"https:\/\/zkeshop.sk\/"},{"@type":"ListItem","position":2,"name":"Obchod","item":"https:\/\/zkeshop.sk\/obchod\/"},{"@type":"ListItem","position":3,"name":"Medik 8 Calmwise zklid\u0148uj\u00edc\u00ed \u010distic\u00ed prost\u0159edek &#8211; cestovn\u00ed balen\u00ed"}]},{"@type":"WebSite","@id":"https:\/\/zkeshop.sk\/#website","url":"https:\/\/zkeshop.sk\/","name":"ZK company","description":"Kvalitn\u00e1 kozmetika pre ka\u017edodenn\u00e9 pou\u017eitie","potentialAction":[{"@type":"SearchAction","target":{"@type":"EntryPoint","urlTemplate":"https:\/\/zkeshop.sk\/?s={search_term_string}"},"query-input":{"@type":"PropertyValueSpecification","valueRequired":true,"valueName":"search_term_string"}}],"inLanguage":"cs"}]},"product_price_amount":"10.00","product_price_currency":"EUR","og_availability":"instock","product_availability":"instock","product_condition":"new"},"_links":{"self":[{"href":"https:\/\/zkeshop.sk\/cs\/wp-json\/wp\/v2\/product\/15051","targetHints":{"allow":["GET"]}}],"collection":[{"href":"https:\/\/zkeshop.sk\/cs\/wp-json\/wp\/v2\/product"}],"about":[{"href":"https:\/\/zkeshop.sk\/cs\/wp-json\/wp\/v2\/types\/product"}],"replies":[{"embeddable":true,"href":"https:\/\/zkeshop.sk\/cs\/wp-json\/wp\/v2\/comments?post=15051"}],"version-history":[{"count":0,"href":"https:\/\/zkeshop.sk\/cs\/wp-json\/wp\/v2\/product\/15051\/revisions"}],"wp:featuredmedia":[{"embeddable":true,"href":"https:\/\/zkeshop.sk\/cs\/wp-json\/wp\/v2\/media\/14306"}],"wp:attachment":[{"href":"https:\/\/zkeshop.sk\/cs\/wp-json\/wp\/v2\/media?parent=15051"}],"wp:term":[{"taxonomy":"product_brand","embeddable":true,"href":"https:\/\/zkeshop.sk\/cs\/wp-json\/wp\/v2\/product_brand?post=15051"},{"taxonomy":"product_cat","embeddable":true,"href":"https:\/\/zkeshop.sk\/cs\/wp-json\/wp\/v2\/product_cat?post=15051"},{"taxonomy":"product_tag","embeddable":true,"href":"https:\/\/zkeshop.sk\/cs\/wp-json\/wp\/v2\/product_tag?post=15051"}],"curies":[{"name":"wp","href":"https:\/\/api.w.org\/{rel}","templated":true}]}}