{"id":15055,"date":"2025-01-14T18:22:39","date_gmt":"2025-02-18T09:18:30","guid":{"rendered":"https:\/\/zkeshop.sk\/produkt\/medik-8-hydr8-b5\/"},"modified":"2025-05-06T13:41:51","modified_gmt":"2025-05-06T11:41:51","slug":"medik-8-hydr8-b5","status":"publish","type":"product","link":"https:\/\/zkeshop.sk\/cs\/produkt\/medik-8-hydr8-b5\/","title":{"rendered":"Medik 8 Hydr8 B5"},"content":{"rendered":"<h5 class=\"eshop-product-detail__subtitle\">Gelov\u00e9 hydrata\u010dn\u00ed s\u00e9rum<\/h5>\n<div class=\"eshop-product-detail__perex\">\n<p>Pot\u0159ebujete dodat pleti vlhkost? Spolehn\u011bte se na lehk\u00fd gel HYDR8. D\u00edky kyselin\u011b hyaluronov\u00e9 a kyselin\u011b pantotenov\u00e9 bude va\u0161e ple\u0165 vyhlazen\u00e1 a chr\u00e1n\u011bn\u00e1. Nyn\u00ed v nov\u00e9m, kulat\u00e9m balen\u00ed.<\/p>\n<h2>Okam\u017eit\u00e9 zjemn\u011bn\u00ed a vyhlazen\u00ed pleti<\/h2>\n<p>HYDR8\u2122 B5 Hydrata\u010dn\u00ed ple\u0165ov\u00e9 s\u00e9rum je lehk\u00fd gel, kter\u00fd se snadno nan\u00e1\u0161\u00ed a rychle vst\u0159eb\u00e1v\u00e1 do poko\u017eky. Obsahuje kyselinu pantotenovou (vitamin B5) a kyselinu hyaluronovou. Po aplikaci s\u00e9ra je ple\u0165 okam\u017eit\u011b zjemn\u011bn\u00e1 a vyhlazen\u00e1. <a href=\"https:\/\/www.annabrandejs.sk\/slovnik-pojmov\/kyselina-hyaluronova-a2108\">Kyselina hyaluronov\u00e1 <\/a>je jednou z l\u00e1tek s nejv\u011bt\u0161\u00ed schopnost\u00ed v\u00e1zat vodu, a proto dok\u00e1\u017ee ple\u0165 hydratovat a udr\u017eet ji dlouhodob\u011b hydratovanou. Hydrata\u010dn\u00ed ple\u0165ov\u00e9 s\u00e9rum HYDR8\u2122 B5 lze pou\u017e\u00edvat ve dne i v noci a ple\u0165 bude chr\u00e1n\u011bna a regenerov\u00e1na.<\/p>\n<h2>Hydratace pro v\u0161echny typy pleti<\/h2>\n<ul>\n<li>Pom\u00e1h\u00e1 obnovit p\u0159irozenou <a href=\"https:\/\/www.annabrandejs.sk\/slovnik-pojmov\/hydratacia-pleti-a2102\">hydrataci<\/a> pleti, co\u017e vede ke zlep\u0161en\u00ed <a href=\"https:\/\/www.annabrandejs.sk\/slovnik-pojmov\/koza-a2060\">jej\u00ed<\/a> struktury, pru\u017enosti a z\u00e1\u0159ivosti.<\/li>\n<li>Obsahuje kyselinu hyaluronovou, kter\u00e1 dok\u00e1\u017ee v\u00e1zat velk\u00e9 mno\u017estv\u00ed molekul vody na vazebn\u00e1 m\u00edsta v poko\u017ece, co\u017e vede k pru\u017en\u00e9 a jemn\u00e9 poko\u017ece.<\/li>\n<li>P\u0159i dlouhodob\u00e9m pou\u017e\u00edv\u00e1n\u00ed s\u00e9ra doch\u00e1z\u00ed k viditeln\u00e9mu omlazen\u00ed pleti.<\/li>\n<li>Obsahuje <a href=\"https:\/\/www.annabrandejs.sk\/slovnik-pojmov\/kyselina-pantotenova-a2134\">kyselinu pantotenovou<\/a> (vitamin B5), kter\u00e1 je zn\u00e1m\u00e1 sv\u00fdmi hojiv\u00fdmi \u00fa\u010dinky a schopnost\u00ed synergicky p\u016fsobit s vitaminem C na obnovu sluncem po\u0161kozen\u00e9 poko\u017eky.<\/li>\n<li>Zlep\u0161uje odolnost poko\u017eky v\u016f\u010di stresu a chr\u00e1n\u00ed ji p\u0159ed po\u0161kozen\u00edm vlivem prost\u0159ed\u00ed, podporuje jej\u00ed regeneraci.<\/li>\n<\/ul>\n<h2>Bez olej\u016f a paraben\u016f<\/h2>\n<h5 class=\"eshop-product-detail__subtitle\"><img loading=\"lazy\" decoding=\"async\" class=\" wp-image-14446 alignright\" src=\"https:\/\/zkeshop.sk\/wp-content\/uploads\/2025\/01\/Copy-of-Hydr8-B5-Usage-300x300.jpg\" alt=\"\" width=\"397\" height=\"397\" srcset=\"https:\/\/zkeshop.sk\/wp-content\/uploads\/2025\/01\/Copy-of-Hydr8-B5-Usage-300x300.jpg 300w, https:\/\/zkeshop.sk\/wp-content\/uploads\/2025\/01\/Copy-of-Hydr8-B5-Usage-1024x1024.jpg 1024w, https:\/\/zkeshop.sk\/wp-content\/uploads\/2025\/01\/Copy-of-Hydr8-B5-Usage-150x150.jpg 150w, https:\/\/zkeshop.sk\/wp-content\/uploads\/2025\/01\/Copy-of-Hydr8-B5-Usage-768x768.jpg 768w, https:\/\/zkeshop.sk\/wp-content\/uploads\/2025\/01\/Copy-of-Hydr8-B5-Usage-1536x1536.jpg 1536w, https:\/\/zkeshop.sk\/wp-content\/uploads\/2025\/01\/Copy-of-Hydr8-B5-Usage-400x400.jpg 400w, https:\/\/zkeshop.sk\/wp-content\/uploads\/2025\/01\/Copy-of-Hydr8-B5-Usage-600x600.jpg 600w, https:\/\/zkeshop.sk\/wp-content\/uploads\/2025\/01\/Copy-of-Hydr8-B5-Usage-1200x1200.jpg 1200w, https:\/\/zkeshop.sk\/wp-content\/uploads\/2025\/01\/Copy-of-Hydr8-B5-Usage.jpg 2000w\" sizes=\"auto, (max-width: 397px) 100vw, 397px\" \/><\/h5>\n<p>&nbsp;<\/p>\n<ul>\n<li>M\u00e1 lehk\u00e9 a 100% nemastn\u00e9 hydrata\u010dn\u00ed slo\u017een\u00ed.<\/li>\n<li>Nevysu\u0161uje, nezp\u016fsobuje zv\u00fd\u0161enou citlivost nebo podr\u00e1\u017ed\u011bn\u00ed poko\u017eky<\/li>\n<li>Nezhor\u0161uje <a href=\"https:\/\/www.annabrandejs.sk\/slovnik-pojmov\/akne-a1903\">akn\u00e9<\/a> a nezp\u016fsobuje komedony (neucp\u00e1v\u00e1 p\u00f3ry)<\/li>\n<li>Bez oleje<\/li>\n<li>Bez v\u016fn\u011b<\/li>\n<li>Neobsahuje <a href=\"https:\/\/www.annabrandejs.sk\/slovnik-pojmov\/parabeny-a1946\">parabeny<\/a><\/li>\n<\/ul>\n<h2>Kyselina hyaluronov\u00e1 a kyselina pantotenov\u00e1<\/h2>\n<p>K<strong>yselina pantotenov\u00e1:<\/strong> Zlep\u0161uje schopnost poko\u017eky udr\u017eovat vlhkost a stimuluje regeneraci poko\u017eky a hojen\u00ed ran.<\/p>\n<p>K<strong>yselina hyaluronov\u00e1:<\/strong> Udr\u017euje vlhkost, zadr\u017euje 1000n\u00e1sobek sv\u00e9 hmotnosti ve vod\u011b.<\/p>\n<h2>Hydrata\u010dn\u00ed k\u00fara po dobu 3 m\u011bs\u00edc\u016f<\/h2>\n<ul>\n<li>R\u00e1no a\/nebo ve\u010der po vy\u010di\u0161t\u011bn\u00ed pleti naneste 5-6 kapek p\u0159\u00edmo na ple\u0165 a rovnom\u011brn\u011b je rozet\u0159ete po cel\u00e9m obli\u010deji, krku a dekoltu. Kapku m\u016f\u017eete tak\u00e9 vyma\u010dkat na prst a zapracovat ji do poko\u017eky. Tento postup opakujte, dokud nepokryjete celou o\u0161et\u0159ovanou oblast. Po ka\u017ed\u00e9 aplikaci pou\u017eijte sv\u016fj obvykl\u00fd hydrata\u010dn\u00ed kr\u00e9m.<\/li>\n<li>Pou\u017e\u00edvejte denn\u011b pro udr\u017een\u00ed zdrav\u00e9 hydratace ka\u017ed\u00e9ho typu pleti. Optim\u00e1ln\u00ed je pou\u017e\u00edvat b\u011bhem dne a\/nebo na noc pod <a href=\"https:\/\/www.annabrandejs.sk\/eshop\/ctetra-super-antioxidacne-serum-p98\">C-TETRA<\/a>.<\/li>\n<li>Balen\u00ed o objemu 30 ml vysta\u010d\u00ed p\u0159ibli\u017en\u011b na 100 aplikac\u00ed.<\/li>\n<\/ul>\n<\/div>\n","protected":false},"excerpt":{"rendered":"<h5 class=\"eshop-product-detail__subtitle\">Gelov\u00e9 hydrata\u010dn\u00ed s\u00e9rum<\/h5>\n<div class=\"eshop-product-detail__perex\">\n<p>Pot\u0159ebujete dodat pleti vlhkost? Spolehn\u011bte se na lehk\u00fd gel HYDR8. D\u00edky kyselin\u011b hyaluronov\u00e9 a kyselin\u011b pantotenov\u00e9 bude va\u0161e ple\u0165 vyhlazen\u00e1 a chr\u00e1n\u011bn\u00e1. Nyn\u00ed v nov\u00e9m, kulat\u00e9m balen\u00ed.<\/p>\n<\/div>\n","protected":false},"featured_media":14441,"comment_status":"open","ping_status":"closed","template":"","meta":[],"product_brand":[],"product_cat":[179,206,181,200,208,185,87,188],"product_tag":[159],"class_list":{"0":"post-15055","1":"product","2":"type-product","3":"status-publish","4":"has-post-thumbnail","6":"product_cat-citliva-plet-cs","7":"product_cat-den-cs","8":"product_cat-mastna-plet-cs","9":"product_cat-medik8-cs","10":"product_cat-noc-cs","11":"product_cat-normalni-plet","12":"product_cat-pletova-kosmetika","13":"product_cat-sucha-plet-cs","14":"product_tag-medik8","16":"first","17":"instock","18":"taxable","19":"shipping-taxable","20":"purchasable","21":"product-type-simple"},"yoast_head":"<!-- This site is optimized with the Yoast SEO Premium plugin v27.3 (Yoast SEO v27.3) - https:\/\/yoast.com\/product\/yoast-seo-premium-wordpress\/ -->\n<title>Medik 8 Hydr8 B5 - ZK company<\/title>\n<meta name=\"description\" content=\"Spolehn\u011bte se na lehk\u00fd gel HYDR8. D\u00edky kyselin\u011b hyaluronov\u00e9 a kyselin\u011b pantotenov\u00e9 bude va\u0161e ple\u0165 vyhlazen\u00e1 a chr\u00e1n\u011bn\u00e1. Nyn\u00ed v nov\u00e9m, kulat\u00e9m balen\u00ed.\" \/>\n<meta name=\"robots\" content=\"index, follow, max-snippet:-1, max-image-preview:large, max-video-preview:-1\" \/>\n<link rel=\"canonical\" href=\"https:\/\/zkeshop.sk\/cs\/produkt\/medik-8-hydr8-b5\/\" \/>\n<meta property=\"og:locale\" content=\"cs_CZ\" \/>\n<meta property=\"og:type\" content=\"article\" \/>\n<meta property=\"og:title\" content=\"Medik 8 Hydr8 B5\" \/>\n<meta property=\"og:description\" content=\"Spolehn\u011bte se na lehk\u00fd gel HYDR8. D\u00edky kyselin\u011b hyaluronov\u00e9 a kyselin\u011b pantotenov\u00e9 bude va\u0161e ple\u0165 vyhlazen\u00e1 a chr\u00e1n\u011bn\u00e1. Nyn\u00ed v nov\u00e9m, kulat\u00e9m balen\u00ed.\" \/>\n<meta property=\"og:url\" content=\"https:\/\/zkeshop.sk\/cs\/produkt\/medik-8-hydr8-b5\/\" \/>\n<meta property=\"og:site_name\" content=\"ZK company\" \/>\n<meta property=\"article:modified_time\" content=\"2025-05-06T11:41:51+00:00\" \/>\n<meta property=\"og:image\" content=\"https:\/\/zkeshop.sk\/wp-content\/uploads\/2025\/01\/Copy-of-Hydr8-B5-A.png\" \/>\n\t<meta property=\"og:image:width\" content=\"2000\" \/>\n\t<meta property=\"og:image:height\" content=\"2000\" \/>\n\t<meta property=\"og:image:type\" content=\"image\/png\" \/>\n<meta name=\"twitter:card\" content=\"summary_large_image\" \/>\n<meta name=\"twitter:label1\" content=\"Cena\" \/>\n\t<meta name=\"twitter:data1\" content=\"53,00&nbsp;&euro;\" \/>\n\t<meta name=\"twitter:label2\" content=\"Dostupnost\" \/>\n\t<meta name=\"twitter:data2\" content=\"Skladem\" \/>\n<script type=\"application\/ld+json\" class=\"yoast-schema-graph\">{\"@context\":\"https:\\\/\\\/schema.org\",\"@graph\":[{\"@type\":\"WebPage\",\"@id\":\"https:\\\/\\\/zkeshop.sk\\\/cs\\\/produkt\\\/medik-8-hydr8-b5\\\/\",\"url\":\"https:\\\/\\\/zkeshop.sk\\\/cs\\\/produkt\\\/medik-8-hydr8-b5\\\/\",\"name\":\"Medik 8 Hydr8 B5 - ZK company\",\"isPartOf\":{\"@id\":\"https:\\\/\\\/zkeshop.sk\\\/#website\"},\"primaryImageOfPage\":{\"@id\":\"https:\\\/\\\/zkeshop.sk\\\/cs\\\/produkt\\\/medik-8-hydr8-b5\\\/#primaryimage\"},\"image\":{\"@id\":\"https:\\\/\\\/zkeshop.sk\\\/cs\\\/produkt\\\/medik-8-hydr8-b5\\\/#primaryimage\"},\"thumbnailUrl\":\"https:\\\/\\\/zkeshop.sk\\\/wp-content\\\/uploads\\\/2025\\\/01\\\/Copy-of-Hydr8-B5-A.png\",\"datePublished\":\"2025-02-18T09:18:30+00:00\",\"dateModified\":\"2025-05-06T11:41:51+00:00\",\"description\":\"Spolehn\u011bte se na lehk\u00fd gel HYDR8. D\u00edky kyselin\u011b hyaluronov\u00e9 a kyselin\u011b pantotenov\u00e9 bude va\u0161e ple\u0165 vyhlazen\u00e1 a chr\u00e1n\u011bn\u00e1. Nyn\u00ed v nov\u00e9m, kulat\u00e9m balen\u00ed.\",\"breadcrumb\":{\"@id\":\"https:\\\/\\\/zkeshop.sk\\\/cs\\\/produkt\\\/medik-8-hydr8-b5\\\/#breadcrumb\"},\"inLanguage\":\"cs\",\"potentialAction\":[{\"@type\":\"ReadAction\",\"target\":[\"https:\\\/\\\/zkeshop.sk\\\/cs\\\/produkt\\\/medik-8-hydr8-b5\\\/\"]}]},{\"@type\":\"ImageObject\",\"inLanguage\":\"cs\",\"@id\":\"https:\\\/\\\/zkeshop.sk\\\/cs\\\/produkt\\\/medik-8-hydr8-b5\\\/#primaryimage\",\"url\":\"https:\\\/\\\/zkeshop.sk\\\/wp-content\\\/uploads\\\/2025\\\/01\\\/Copy-of-Hydr8-B5-A.png\",\"contentUrl\":\"https:\\\/\\\/zkeshop.sk\\\/wp-content\\\/uploads\\\/2025\\\/01\\\/Copy-of-Hydr8-B5-A.png\",\"width\":2000,\"height\":2000,\"caption\":\"Spo\u013eahnite sa na \u013eahk\u00fd g\u00e9l HYDR8. V\u010faka kyseline hyalur\u00f3novej a kyseline pantot\u00e9novej bude ple\u0165 vyhladen\u00e1 a chr\u00e1nen\u00e1. Teraz v novom, gu\u013eatom balen\u00ed.\"},{\"@type\":\"BreadcrumbList\",\"@id\":\"https:\\\/\\\/zkeshop.sk\\\/cs\\\/produkt\\\/medik-8-hydr8-b5\\\/#breadcrumb\",\"itemListElement\":[{\"@type\":\"ListItem\",\"position\":1,\"name\":\"Dom\u016f\",\"item\":\"https:\\\/\\\/zkeshop.sk\\\/\"},{\"@type\":\"ListItem\",\"position\":2,\"name\":\"Obchod\",\"item\":\"https:\\\/\\\/zkeshop.sk\\\/obchod\\\/\"},{\"@type\":\"ListItem\",\"position\":3,\"name\":\"Medik 8 Hydr8 B5\"}]},{\"@type\":\"WebSite\",\"@id\":\"https:\\\/\\\/zkeshop.sk\\\/#website\",\"url\":\"https:\\\/\\\/zkeshop.sk\\\/\",\"name\":\"ZK company\",\"description\":\"Kvalitn\u00e1 kozmetika pre ka\u017edodenn\u00e9 pou\u017eitie\",\"potentialAction\":[{\"@type\":\"SearchAction\",\"target\":{\"@type\":\"EntryPoint\",\"urlTemplate\":\"https:\\\/\\\/zkeshop.sk\\\/?s={search_term_string}\"},\"query-input\":{\"@type\":\"PropertyValueSpecification\",\"valueRequired\":true,\"valueName\":\"search_term_string\"}}],\"inLanguage\":\"cs\"}]}<\/script>\n<meta property=\"product:price:amount\" content=\"53.00\" \/>\n<meta property=\"product:price:currency\" content=\"EUR\" \/>\n<meta property=\"og:availability\" content=\"instock\" \/>\n<meta property=\"product:availability\" content=\"instock\" \/>\n<meta property=\"product:condition\" content=\"new\" \/>\n<!-- \/ Yoast SEO Premium plugin. -->","yoast_head_json":{"title":"Medik 8 Hydr8 B5 - ZK company","description":"Spolehn\u011bte se na lehk\u00fd gel HYDR8. D\u00edky kyselin\u011b hyaluronov\u00e9 a kyselin\u011b pantotenov\u00e9 bude va\u0161e ple\u0165 vyhlazen\u00e1 a chr\u00e1n\u011bn\u00e1. Nyn\u00ed v nov\u00e9m, kulat\u00e9m balen\u00ed.","robots":{"index":"index","follow":"follow","max-snippet":"max-snippet:-1","max-image-preview":"max-image-preview:large","max-video-preview":"max-video-preview:-1"},"canonical":"https:\/\/zkeshop.sk\/cs\/produkt\/medik-8-hydr8-b5\/","og_locale":"cs_CZ","og_type":"article","og_title":"Medik 8 Hydr8 B5","og_description":"Spolehn\u011bte se na lehk\u00fd gel HYDR8. D\u00edky kyselin\u011b hyaluronov\u00e9 a kyselin\u011b pantotenov\u00e9 bude va\u0161e ple\u0165 vyhlazen\u00e1 a chr\u00e1n\u011bn\u00e1. Nyn\u00ed v nov\u00e9m, kulat\u00e9m balen\u00ed.","og_url":"https:\/\/zkeshop.sk\/cs\/produkt\/medik-8-hydr8-b5\/","og_site_name":"ZK company","article_modified_time":"2025-05-06T11:41:51+00:00","og_image":[{"width":2000,"height":2000,"url":"https:\/\/zkeshop.sk\/wp-content\/uploads\/2025\/01\/Copy-of-Hydr8-B5-A.png","type":"image\/png"}],"twitter_card":"summary_large_image","twitter_misc":{"Cena":"53,00&nbsp;&euro;","Dostupnost":"Skladem"},"schema":{"@context":"https:\/\/schema.org","@graph":[{"@type":"WebPage","@id":"https:\/\/zkeshop.sk\/cs\/produkt\/medik-8-hydr8-b5\/","url":"https:\/\/zkeshop.sk\/cs\/produkt\/medik-8-hydr8-b5\/","name":"Medik 8 Hydr8 B5 - ZK company","isPartOf":{"@id":"https:\/\/zkeshop.sk\/#website"},"primaryImageOfPage":{"@id":"https:\/\/zkeshop.sk\/cs\/produkt\/medik-8-hydr8-b5\/#primaryimage"},"image":{"@id":"https:\/\/zkeshop.sk\/cs\/produkt\/medik-8-hydr8-b5\/#primaryimage"},"thumbnailUrl":"https:\/\/zkeshop.sk\/wp-content\/uploads\/2025\/01\/Copy-of-Hydr8-B5-A.png","datePublished":"2025-02-18T09:18:30+00:00","dateModified":"2025-05-06T11:41:51+00:00","description":"Spolehn\u011bte se na lehk\u00fd gel HYDR8. D\u00edky kyselin\u011b hyaluronov\u00e9 a kyselin\u011b pantotenov\u00e9 bude va\u0161e ple\u0165 vyhlazen\u00e1 a chr\u00e1n\u011bn\u00e1. Nyn\u00ed v nov\u00e9m, kulat\u00e9m balen\u00ed.","breadcrumb":{"@id":"https:\/\/zkeshop.sk\/cs\/produkt\/medik-8-hydr8-b5\/#breadcrumb"},"inLanguage":"cs","potentialAction":[{"@type":"ReadAction","target":["https:\/\/zkeshop.sk\/cs\/produkt\/medik-8-hydr8-b5\/"]}]},{"@type":"ImageObject","inLanguage":"cs","@id":"https:\/\/zkeshop.sk\/cs\/produkt\/medik-8-hydr8-b5\/#primaryimage","url":"https:\/\/zkeshop.sk\/wp-content\/uploads\/2025\/01\/Copy-of-Hydr8-B5-A.png","contentUrl":"https:\/\/zkeshop.sk\/wp-content\/uploads\/2025\/01\/Copy-of-Hydr8-B5-A.png","width":2000,"height":2000,"caption":"Spo\u013eahnite sa na \u013eahk\u00fd g\u00e9l HYDR8. V\u010faka kyseline hyalur\u00f3novej a kyseline pantot\u00e9novej bude ple\u0165 vyhladen\u00e1 a chr\u00e1nen\u00e1. Teraz v novom, gu\u013eatom balen\u00ed."},{"@type":"BreadcrumbList","@id":"https:\/\/zkeshop.sk\/cs\/produkt\/medik-8-hydr8-b5\/#breadcrumb","itemListElement":[{"@type":"ListItem","position":1,"name":"Dom\u016f","item":"https:\/\/zkeshop.sk\/"},{"@type":"ListItem","position":2,"name":"Obchod","item":"https:\/\/zkeshop.sk\/obchod\/"},{"@type":"ListItem","position":3,"name":"Medik 8 Hydr8 B5"}]},{"@type":"WebSite","@id":"https:\/\/zkeshop.sk\/#website","url":"https:\/\/zkeshop.sk\/","name":"ZK company","description":"Kvalitn\u00e1 kozmetika pre ka\u017edodenn\u00e9 pou\u017eitie","potentialAction":[{"@type":"SearchAction","target":{"@type":"EntryPoint","urlTemplate":"https:\/\/zkeshop.sk\/?s={search_term_string}"},"query-input":{"@type":"PropertyValueSpecification","valueRequired":true,"valueName":"search_term_string"}}],"inLanguage":"cs"}]},"product_price_amount":"53.00","product_price_currency":"EUR","og_availability":"instock","product_availability":"instock","product_condition":"new"},"_links":{"self":[{"href":"https:\/\/zkeshop.sk\/cs\/wp-json\/wp\/v2\/product\/15055","targetHints":{"allow":["GET"]}}],"collection":[{"href":"https:\/\/zkeshop.sk\/cs\/wp-json\/wp\/v2\/product"}],"about":[{"href":"https:\/\/zkeshop.sk\/cs\/wp-json\/wp\/v2\/types\/product"}],"replies":[{"embeddable":true,"href":"https:\/\/zkeshop.sk\/cs\/wp-json\/wp\/v2\/comments?post=15055"}],"version-history":[{"count":0,"href":"https:\/\/zkeshop.sk\/cs\/wp-json\/wp\/v2\/product\/15055\/revisions"}],"wp:featuredmedia":[{"embeddable":true,"href":"https:\/\/zkeshop.sk\/cs\/wp-json\/wp\/v2\/media\/14441"}],"wp:attachment":[{"href":"https:\/\/zkeshop.sk\/cs\/wp-json\/wp\/v2\/media?parent=15055"}],"wp:term":[{"taxonomy":"product_brand","embeddable":true,"href":"https:\/\/zkeshop.sk\/cs\/wp-json\/wp\/v2\/product_brand?post=15055"},{"taxonomy":"product_cat","embeddable":true,"href":"https:\/\/zkeshop.sk\/cs\/wp-json\/wp\/v2\/product_cat?post=15055"},{"taxonomy":"product_tag","embeddable":true,"href":"https:\/\/zkeshop.sk\/cs\/wp-json\/wp\/v2\/product_tag?post=15055"}],"curies":[{"name":"wp","href":"https:\/\/api.w.org\/{rel}","templated":true}]}}