{"id":15056,"date":"2025-01-14T18:22:50","date_gmt":"2025-01-14T17:22:50","guid":{"rendered":"https:\/\/zkeshop.sk\/produkt\/medik-8-tekute-peptidy\/"},"modified":"2025-05-06T14:27:49","modified_gmt":"2025-05-06T12:27:49","slug":"medik-8-tekute-peptidy","status":"publish","type":"product","link":"https:\/\/zkeshop.sk\/cs\/produkt\/medik-8-tekute-peptidy\/","title":{"rendered":"Medik 8 Tekut\u00e9 peptidy"},"content":{"rendered":"<h5 class=\"eshop-product-detail__subtitle\">Peptidov\u00fd komplex<\/h5>\n<div class=\"eshop-product-detail__perex\">\n<p>LIQUID PEPTIDES peptidov\u00e9 s\u00e9rum proti vr\u00e1sk\u00e1m omlazuje ple\u0165. Speci\u00e1ln\u00ed technologie s 30% peptidov\u00fdm koktejlem se postar\u00e1 o redukci st\u00e1vaj\u00edc\u00edch vr\u00e1sek a nav\u00edc zabra\u0148uje jejich dal\u0161\u00ed tvorb\u011b. Va\u0161e ple\u0165 bude jemn\u00e1 a vypnut\u00e1 jako hedv\u00e1b\u00ed! <img decoding=\"async\" class=\"alignright\" src=\"https:\/\/www.annabrandejs.sk\/data\/odznaky\/cba2022.jpg\" \/><\/p>\n<h2>Omlazen\u00ed pomoc\u00ed peptid\u016f<\/h2>\n<p>Peptidy jsou ji\u017e klasickou slo\u017ekou v p\u00e9\u010di o ple\u0165. Je s nimi ale jeden probl\u00e9m &#8211; nen\u00ed \u00fapln\u011b snadn\u00e9 je dostat do poko\u017eky tak, aby mohly \u00fa\u010dinn\u011b p\u016fsobit. Jsou to pom\u011brn\u011b velk\u00e9 a hydrofiln\u00ed molekuly, kter\u00e9 pot\u0159ebuj\u00ed speci\u00e1ln\u00ed syst\u00e9m, kter\u00fd jim pom\u016f\u017ee dostat se do poko\u017eky. Proto\u017ee jsou hydrofiln\u00ed, t\u011b\u017eko se dost\u00e1vaj\u00ed p\u0159es lipidov\u00e9 prostory kolem ko\u017en\u00edch bun\u011bk.<\/p>\n<h2>Technologie kosmetick\u00fdch dron\u016f<\/h2>\n<p>Proto spole\u010dnost Medik8 vyvinula jedine\u010dnou technologii dod\u00e1v\u00e1n\u00ed peptid\u016f dronem, kter\u00e1 zajist\u00ed, \u017ee \u00fa\u010dinnost 30% roztoku peptid\u016f nesn\u00ed\u017e\u00ed probl\u00e9my s jejich vst\u0159eb\u00e1v\u00e1n\u00edm. M\u011b\u010fnat\u00fd peptid v\u00e1zan\u00fd dronem se specificky zam\u011b\u0159uje na fibroblasty, bu\u0148ky zodpov\u011bdn\u00e9 za tvorbu kolagenu a elastinu.<\/p>\n<p>Tato metoda pom\u00e1h\u00e1 stimulovat tvorbu <a href=\"https:\/\/zkeshop.sk\/?s=kolagen&amp;post_type=product\">kolagenu<\/a> a elastinu a zanech\u00e1v\u00e1 poko\u017eku pru\u017enou a hladkou.<\/p>\n<h2>Zam\u011b\u0159uje se na v\u0161echny viditeln\u00e9 zn\u00e1mky st\u00e1rnut\u00ed pleti<\/h2>\n<p>Vysoce hydrata\u010dn\u00ed slo\u017een\u00ed obsahuj\u00edc\u00ed 30% sm\u011bs peptid\u016f s pr\u016fkopnick\u00fdm absorp\u010dn\u00edm syst\u00e9mem p\u016fsob\u00ed na v\u0161echny viditeln\u00e9 zn\u00e1mky st\u00e1rnut\u00ed pleti. Ple\u0165 je vy\u017eiven\u00e1, obnoven\u00e1 a vypad\u00e1 mladistv\u011b.<\/p>\n<h2>Peptidy zpev\u0148uj\u00ed a vyhlazuj\u00ed poko\u017eku<\/h2>\n<p>Peptidy, kter\u00e9 se dost\u00e1vaj\u00ed do ko\u017en\u00edch bun\u011bk pomoc\u00ed jedine\u010dn\u00e9 technologie dron\u016f, usnad\u0148uj\u00ed vstup dal\u0161\u00edch peptid\u016f do poko\u017eky a podporuj\u00ed jejich aktivitu. D\u00edky Matrixylu 3000 ko\u017en\u00ed bu\u0148ky produkuj\u00ed v\u00edce kolagenu, zat\u00edmco peptid Expression Line (Argirelox) sni\u017euje kontrakci mimick\u00fdch sval\u016f, \u010d\u00edm\u017e minimalizuje v\u00fdskyt vr\u00e1sek. Oboj\u00ed vede k pevn\u011bj\u0161\u00ed a hlad\u0161\u00ed pleti.<\/p>\n<h2>Proti vr\u00e1sk\u00e1m zp\u016fsoben\u00fdm glykac\u00ed<\/h2>\n<p>LIQUID PEPTIDES obsahuje karnosin, kter\u00fd p\u016fsob\u00ed proti po\u0161kozen\u00ed poko\u017eky glykac\u00ed. Zabra\u0148uje vazb\u011b cukr\u016f na kolagen, kter\u00fd z\u016fst\u00e1v\u00e1 soudr\u017en\u00fd a nepodl\u00e9h\u00e1 degradaci. V\u00fdsledkem je redukce vr\u00e1sek a zv\u00fd\u0161en\u00ed pru\u017enosti poko\u017eky.<\/p>\n<h2>Dokonal\u00e1 hydratace<\/h2>\n<p>Kyselina hyaluronov\u00e1 s r\u016fznou molekulovou hmotnost\u00ed hydratuje poko\u017eku a p\u0159itahuje vlhkost z okoln\u00edho prost\u0159ed\u00ed. D\u00edky tomu, \u017ee s\u00e9rum obsahuje molekuly kyseliny hyaluronov\u00e9 s r\u016fznou hmotnost\u00ed, je schopno pronikat do hlub\u0161\u00edch vrstev poko\u017eky a zabra\u0148ovat transepiderm\u00e1ln\u00edm ztr\u00e1t\u00e1m vody.<\/p>\n<h2>4n\u00e1sobn\u00fd \u00fa\u010dinek:<\/h2>\n<ul>\n<li>Hydratuje<\/li>\n<li>Vy\u017eivuje<\/li>\n<li>\u017divotopisy<\/li>\n<li>Redukuje viditeln\u00e9 jemn\u00e9 linky a vr\u00e1sky<\/li>\n<\/ul>\n<h2>\u00da\u010dinn\u00e9 l\u00e1tky<\/h2>\n<p>B<strong>ioline:<\/strong> Prebiotikum, kter\u00e9 obnovuje p\u0159irozen\u00fd mikrobiom pleti a dod\u00e1v\u00e1 j\u00ed z\u00e1\u0159iv\u00fd a zdrav\u00fd vzhled.<\/p>\n<p>K<strong>arnosin:<\/strong> Karnosin m\u016f\u017ee blokovat proces glykace a p\u0159edch\u00e1zet vzniku vr\u00e1sek.<\/p>\n<p>M<strong>atrixyl Synthe&#8217;6 (palmitoyltripeptid-38):<\/strong> Stimuluje 6 z\u00e1kladn\u00edch a hlavn\u00edch slo\u017eek ko\u017en\u00ed matrix:<\/p>\n<ol>\n<li>Kolagen I &#8211; hlavn\u00ed slo\u017eka extracelul\u00e1rn\u00ed matrix k\u016f\u017ee<\/li>\n<li>Kolagen III &#8211; vytv\u00e1\u0159\u00ed se v ran\u00fdch f\u00e1z\u00edch hojen\u00ed, p\u0159ed tvorbou kolagenu I.<\/li>\n<li>Kolagen IV &#8211; v procesu hojen\u00ed<\/li>\n<li>Fibronektin &#8211; glykoprotein, kter\u00fd napom\u00e1h\u00e1 obnov\u011b tk\u00e1n\u00ed (v\u00e1\u017ee se na kolagen a spolu s dal\u0161\u00edmi slo\u017ekami tak zaji\u0161\u0165uje funkci, pevnost a pru\u017enost poko\u017eky).<\/li>\n<li>kyselina hyaluronov\u00e1 &#8211; hoj\u00ed a zaceluje r\u00e1ny, hydratuje a podporuje pru\u017enost poko\u017eky<\/li>\n<li>Laminin-5 je glykoprotein s n\u00e1zvem kalinin, kter\u00fd \u0159\u00edd\u00ed migraci ko\u017en\u00edch bun\u011bk.<\/li>\n<\/ol>\n<h2>Rann\u00ed a ve\u010dern\u00ed peptidov\u00e1 n\u00e1lo\u017e pro ple\u0165<\/h2>\n<p>S\u00e9rum LIQUID PEPTIDES aplikujte na obli\u010dej, krk a dekolt r\u00e1no a ve\u010der po vy\u010di\u0161t\u011bn\u00ed pleti. P\u0159ed nanesen\u00edm hydrata\u010dn\u00edho kr\u00e9mu nechte dob\u0159e vst\u0159ebat.<\/p>\n<p>Pro dosa\u017een\u00ed nejlep\u0161\u00edho \u00fa\u010dinku kombinujte r\u00e1no s denn\u00edm hydrata\u010dn\u00edm kr\u00e9mem ADVANCED DAY TOTAL PROTECT a o\u010dn\u00edm kr\u00e9mem ADVANCED NIGHT RESTORE. Ve\u010der p\u0159idejte CRYSTAL RETINAL s\u00e9rum s vitaminem A a n\u00e1sledn\u011b ADVANCED NIGHT RESTORE hydrata\u010dn\u00ed kr\u00e9m.<\/p>\n<p>Balen\u00ed o objemu 30 ml vysta\u010d\u00ed a\u017e na 60 aplikac\u00ed, tak\u017ee p\u0159i pou\u017eit\u00ed r\u00e1no a ve\u010der vysta\u010d\u00ed na intenzivn\u00ed m\u011bs\u00ed\u010dn\u00ed k\u00faru.<\/p>\n<p>Pokud vrstv\u00edte v\u00edce produkt\u016f najednou, pou\u017eijte nejprve HYDR8 B5 &#8211; i 2x denn\u011b, pot\u00e9 LIQUID PEPTIDES. Vitam\u00edn C (C-TETRA) a vitam\u00edn A (retinol) aplikujte v\u017edy a\u017e po LIQUID PEPTIDES.<\/p>\n<\/div>\n","protected":false},"excerpt":{"rendered":"<h5 class=\"eshop-product-detail__subtitle\">Peptidov\u00fd komplex<\/h5>\n<div class=\"eshop-product-detail__perex\">\n<p>LIQUID PEPTIDES peptidov\u00e9 s\u00e9rum proti vr\u00e1sk\u00e1m omlazuje ple\u0165. Speci\u00e1ln\u00ed technologie s 30% peptidov\u00fdm koktejlem se postar\u00e1 o redukci st\u00e1vaj\u00edc\u00edch vr\u00e1sek a nav\u00edc zabra\u0148uje jejich dal\u0161\u00ed tvorb\u011b. Va\u0161e ple\u0165 bude jemn\u00e1 a vypnut\u00e1 jako hedv\u00e1b\u00ed!<\/p>\n<\/div>\n","protected":false},"featured_media":14459,"comment_status":"open","ping_status":"closed","template":"","meta":[],"product_brand":[],"product_cat":[179,206,200,208,185,87,188],"product_tag":[159],"class_list":{"0":"post-15056","1":"product","2":"type-product","3":"status-publish","4":"has-post-thumbnail","6":"product_cat-citliva-plet-cs","7":"product_cat-den-cs","8":"product_cat-medik8-cs","9":"product_cat-noc-cs","10":"product_cat-normalni-plet","11":"product_cat-pletova-kosmetika","12":"product_cat-sucha-plet-cs","13":"product_tag-medik8","15":"first","16":"instock","17":"taxable","18":"shipping-taxable","19":"purchasable","20":"product-type-simple"},"yoast_head":"<!-- This site is optimized with the Yoast SEO Premium plugin v27.3 (Yoast SEO v27.3) - https:\/\/yoast.com\/product\/yoast-seo-premium-wordpress\/ -->\n<title>Medik 8 Tekut\u00e9 peptidy - ZK company<\/title>\n<meta name=\"description\" content=\"LIQUID PEPTIDES - speci\u00e1ln\u00ed technologie s 30% koktejlem peptid\u016f se star\u00e1 o redukci st\u00e1vaj\u00edc\u00edch vr\u00e1sek a nav\u00edc zabra\u0148uje jejich dal\u0161\u00ed tvorb\u011b.\" \/>\n<meta name=\"robots\" content=\"index, follow, max-snippet:-1, max-image-preview:large, max-video-preview:-1\" \/>\n<link rel=\"canonical\" href=\"https:\/\/zkeshop.sk\/cs\/produkt\/medik-8-tekute-peptidy\/\" \/>\n<meta property=\"og:locale\" content=\"cs_CZ\" \/>\n<meta property=\"og:type\" content=\"article\" \/>\n<meta property=\"og:title\" content=\"Medik 8 Tekut\u00e9 peptidy\" \/>\n<meta property=\"og:description\" content=\"LIQUID PEPTIDES - speci\u00e1ln\u00ed technologie s 30% koktejlem peptid\u016f se star\u00e1 o redukci st\u00e1vaj\u00edc\u00edch vr\u00e1sek a nav\u00edc zabra\u0148uje jejich dal\u0161\u00ed tvorb\u011b.\" \/>\n<meta property=\"og:url\" content=\"https:\/\/zkeshop.sk\/cs\/produkt\/medik-8-tekute-peptidy\/\" \/>\n<meta property=\"og:site_name\" content=\"ZK company\" \/>\n<meta property=\"article:modified_time\" content=\"2025-05-06T12:27:49+00:00\" \/>\n<meta property=\"og:image\" content=\"https:\/\/zkeshop.sk\/wp-content\/uploads\/2025\/01\/Copy-of-Liquid-Peptides-B.png\" \/>\n\t<meta property=\"og:image:width\" content=\"2000\" \/>\n\t<meta property=\"og:image:height\" content=\"2000\" \/>\n\t<meta property=\"og:image:type\" content=\"image\/png\" \/>\n<meta name=\"twitter:card\" content=\"summary_large_image\" \/>\n<meta name=\"twitter:label1\" content=\"Cena\" \/>\n\t<meta name=\"twitter:data1\" content=\"64,00&nbsp;&euro;\" \/>\n\t<meta name=\"twitter:label2\" content=\"Dostupnost\" \/>\n\t<meta name=\"twitter:data2\" content=\"Skladem\" \/>\n<script type=\"application\/ld+json\" class=\"yoast-schema-graph\">{\"@context\":\"https:\\\/\\\/schema.org\",\"@graph\":[{\"@type\":\"WebPage\",\"@id\":\"https:\\\/\\\/zkeshop.sk\\\/cs\\\/produkt\\\/medik-8-tekute-peptidy\\\/\",\"url\":\"https:\\\/\\\/zkeshop.sk\\\/cs\\\/produkt\\\/medik-8-tekute-peptidy\\\/\",\"name\":\"Medik 8 Tekut\u00e9 peptidy - ZK company\",\"isPartOf\":{\"@id\":\"https:\\\/\\\/zkeshop.sk\\\/#website\"},\"primaryImageOfPage\":{\"@id\":\"https:\\\/\\\/zkeshop.sk\\\/cs\\\/produkt\\\/medik-8-tekute-peptidy\\\/#primaryimage\"},\"image\":{\"@id\":\"https:\\\/\\\/zkeshop.sk\\\/cs\\\/produkt\\\/medik-8-tekute-peptidy\\\/#primaryimage\"},\"thumbnailUrl\":\"https:\\\/\\\/zkeshop.sk\\\/wp-content\\\/uploads\\\/2025\\\/01\\\/Copy-of-Liquid-Peptides-B.png\",\"datePublished\":\"2025-01-14T17:22:50+00:00\",\"dateModified\":\"2025-05-06T12:27:49+00:00\",\"description\":\"LIQUID PEPTIDES - speci\u00e1ln\u00ed technologie s 30% koktejlem peptid\u016f se star\u00e1 o redukci st\u00e1vaj\u00edc\u00edch vr\u00e1sek a nav\u00edc zabra\u0148uje jejich dal\u0161\u00ed tvorb\u011b.\",\"breadcrumb\":{\"@id\":\"https:\\\/\\\/zkeshop.sk\\\/cs\\\/produkt\\\/medik-8-tekute-peptidy\\\/#breadcrumb\"},\"inLanguage\":\"cs\",\"potentialAction\":[{\"@type\":\"ReadAction\",\"target\":[\"https:\\\/\\\/zkeshop.sk\\\/cs\\\/produkt\\\/medik-8-tekute-peptidy\\\/\"]}]},{\"@type\":\"ImageObject\",\"inLanguage\":\"cs\",\"@id\":\"https:\\\/\\\/zkeshop.sk\\\/cs\\\/produkt\\\/medik-8-tekute-peptidy\\\/#primaryimage\",\"url\":\"https:\\\/\\\/zkeshop.sk\\\/wp-content\\\/uploads\\\/2025\\\/01\\\/Copy-of-Liquid-Peptides-B.png\",\"contentUrl\":\"https:\\\/\\\/zkeshop.sk\\\/wp-content\\\/uploads\\\/2025\\\/01\\\/Copy-of-Liquid-Peptides-B.png\",\"width\":2000,\"height\":2000,\"caption\":\"LIQUID PEPTIDES - \u0161peci\u00e1lna technol\u00f3gia s 30% kokteilom peptidov sa postar\u00e1 o redukciu existuj\u00facich vr\u00e1sok a navy\u0161e zabr\u00e1ni ich \u010fal\u0161iemu formovaniu.\"},{\"@type\":\"BreadcrumbList\",\"@id\":\"https:\\\/\\\/zkeshop.sk\\\/cs\\\/produkt\\\/medik-8-tekute-peptidy\\\/#breadcrumb\",\"itemListElement\":[{\"@type\":\"ListItem\",\"position\":1,\"name\":\"Dom\u016f\",\"item\":\"https:\\\/\\\/zkeshop.sk\\\/\"},{\"@type\":\"ListItem\",\"position\":2,\"name\":\"Obchod\",\"item\":\"https:\\\/\\\/zkeshop.sk\\\/obchod\\\/\"},{\"@type\":\"ListItem\",\"position\":3,\"name\":\"Medik 8 Tekut\u00e9 peptidy\"}]},{\"@type\":\"WebSite\",\"@id\":\"https:\\\/\\\/zkeshop.sk\\\/#website\",\"url\":\"https:\\\/\\\/zkeshop.sk\\\/\",\"name\":\"ZK company\",\"description\":\"Kvalitn\u00e1 kozmetika pre ka\u017edodenn\u00e9 pou\u017eitie\",\"potentialAction\":[{\"@type\":\"SearchAction\",\"target\":{\"@type\":\"EntryPoint\",\"urlTemplate\":\"https:\\\/\\\/zkeshop.sk\\\/?s={search_term_string}\"},\"query-input\":{\"@type\":\"PropertyValueSpecification\",\"valueRequired\":true,\"valueName\":\"search_term_string\"}}],\"inLanguage\":\"cs\"}]}<\/script>\n<meta property=\"product:price:amount\" content=\"64.00\" \/>\n<meta property=\"product:price:currency\" content=\"EUR\" \/>\n<meta property=\"og:availability\" content=\"instock\" \/>\n<meta property=\"product:availability\" content=\"instock\" \/>\n<meta property=\"product:condition\" content=\"new\" \/>\n<!-- \/ Yoast SEO Premium plugin. -->","yoast_head_json":{"title":"Medik 8 Tekut\u00e9 peptidy - ZK company","description":"LIQUID PEPTIDES - speci\u00e1ln\u00ed technologie s 30% koktejlem peptid\u016f se star\u00e1 o redukci st\u00e1vaj\u00edc\u00edch vr\u00e1sek a nav\u00edc zabra\u0148uje jejich dal\u0161\u00ed tvorb\u011b.","robots":{"index":"index","follow":"follow","max-snippet":"max-snippet:-1","max-image-preview":"max-image-preview:large","max-video-preview":"max-video-preview:-1"},"canonical":"https:\/\/zkeshop.sk\/cs\/produkt\/medik-8-tekute-peptidy\/","og_locale":"cs_CZ","og_type":"article","og_title":"Medik 8 Tekut\u00e9 peptidy","og_description":"LIQUID PEPTIDES - speci\u00e1ln\u00ed technologie s 30% koktejlem peptid\u016f se star\u00e1 o redukci st\u00e1vaj\u00edc\u00edch vr\u00e1sek a nav\u00edc zabra\u0148uje jejich dal\u0161\u00ed tvorb\u011b.","og_url":"https:\/\/zkeshop.sk\/cs\/produkt\/medik-8-tekute-peptidy\/","og_site_name":"ZK company","article_modified_time":"2025-05-06T12:27:49+00:00","og_image":[{"width":2000,"height":2000,"url":"https:\/\/zkeshop.sk\/wp-content\/uploads\/2025\/01\/Copy-of-Liquid-Peptides-B.png","type":"image\/png"}],"twitter_card":"summary_large_image","twitter_misc":{"Cena":"64,00&nbsp;&euro;","Dostupnost":"Skladem"},"schema":{"@context":"https:\/\/schema.org","@graph":[{"@type":"WebPage","@id":"https:\/\/zkeshop.sk\/cs\/produkt\/medik-8-tekute-peptidy\/","url":"https:\/\/zkeshop.sk\/cs\/produkt\/medik-8-tekute-peptidy\/","name":"Medik 8 Tekut\u00e9 peptidy - ZK company","isPartOf":{"@id":"https:\/\/zkeshop.sk\/#website"},"primaryImageOfPage":{"@id":"https:\/\/zkeshop.sk\/cs\/produkt\/medik-8-tekute-peptidy\/#primaryimage"},"image":{"@id":"https:\/\/zkeshop.sk\/cs\/produkt\/medik-8-tekute-peptidy\/#primaryimage"},"thumbnailUrl":"https:\/\/zkeshop.sk\/wp-content\/uploads\/2025\/01\/Copy-of-Liquid-Peptides-B.png","datePublished":"2025-01-14T17:22:50+00:00","dateModified":"2025-05-06T12:27:49+00:00","description":"LIQUID PEPTIDES - speci\u00e1ln\u00ed technologie s 30% koktejlem peptid\u016f se star\u00e1 o redukci st\u00e1vaj\u00edc\u00edch vr\u00e1sek a nav\u00edc zabra\u0148uje jejich dal\u0161\u00ed tvorb\u011b.","breadcrumb":{"@id":"https:\/\/zkeshop.sk\/cs\/produkt\/medik-8-tekute-peptidy\/#breadcrumb"},"inLanguage":"cs","potentialAction":[{"@type":"ReadAction","target":["https:\/\/zkeshop.sk\/cs\/produkt\/medik-8-tekute-peptidy\/"]}]},{"@type":"ImageObject","inLanguage":"cs","@id":"https:\/\/zkeshop.sk\/cs\/produkt\/medik-8-tekute-peptidy\/#primaryimage","url":"https:\/\/zkeshop.sk\/wp-content\/uploads\/2025\/01\/Copy-of-Liquid-Peptides-B.png","contentUrl":"https:\/\/zkeshop.sk\/wp-content\/uploads\/2025\/01\/Copy-of-Liquid-Peptides-B.png","width":2000,"height":2000,"caption":"LIQUID PEPTIDES - \u0161peci\u00e1lna technol\u00f3gia s 30% kokteilom peptidov sa postar\u00e1 o redukciu existuj\u00facich vr\u00e1sok a navy\u0161e zabr\u00e1ni ich \u010fal\u0161iemu formovaniu."},{"@type":"BreadcrumbList","@id":"https:\/\/zkeshop.sk\/cs\/produkt\/medik-8-tekute-peptidy\/#breadcrumb","itemListElement":[{"@type":"ListItem","position":1,"name":"Dom\u016f","item":"https:\/\/zkeshop.sk\/"},{"@type":"ListItem","position":2,"name":"Obchod","item":"https:\/\/zkeshop.sk\/obchod\/"},{"@type":"ListItem","position":3,"name":"Medik 8 Tekut\u00e9 peptidy"}]},{"@type":"WebSite","@id":"https:\/\/zkeshop.sk\/#website","url":"https:\/\/zkeshop.sk\/","name":"ZK company","description":"Kvalitn\u00e1 kozmetika pre ka\u017edodenn\u00e9 pou\u017eitie","potentialAction":[{"@type":"SearchAction","target":{"@type":"EntryPoint","urlTemplate":"https:\/\/zkeshop.sk\/?s={search_term_string}"},"query-input":{"@type":"PropertyValueSpecification","valueRequired":true,"valueName":"search_term_string"}}],"inLanguage":"cs"}]},"product_price_amount":"64.00","product_price_currency":"EUR","og_availability":"instock","product_availability":"instock","product_condition":"new"},"_links":{"self":[{"href":"https:\/\/zkeshop.sk\/cs\/wp-json\/wp\/v2\/product\/15056","targetHints":{"allow":["GET"]}}],"collection":[{"href":"https:\/\/zkeshop.sk\/cs\/wp-json\/wp\/v2\/product"}],"about":[{"href":"https:\/\/zkeshop.sk\/cs\/wp-json\/wp\/v2\/types\/product"}],"replies":[{"embeddable":true,"href":"https:\/\/zkeshop.sk\/cs\/wp-json\/wp\/v2\/comments?post=15056"}],"version-history":[{"count":0,"href":"https:\/\/zkeshop.sk\/cs\/wp-json\/wp\/v2\/product\/15056\/revisions"}],"wp:featuredmedia":[{"embeddable":true,"href":"https:\/\/zkeshop.sk\/cs\/wp-json\/wp\/v2\/media\/14459"}],"wp:attachment":[{"href":"https:\/\/zkeshop.sk\/cs\/wp-json\/wp\/v2\/media?parent=15056"}],"wp:term":[{"taxonomy":"product_brand","embeddable":true,"href":"https:\/\/zkeshop.sk\/cs\/wp-json\/wp\/v2\/product_brand?post=15056"},{"taxonomy":"product_cat","embeddable":true,"href":"https:\/\/zkeshop.sk\/cs\/wp-json\/wp\/v2\/product_cat?post=15056"},{"taxonomy":"product_tag","embeddable":true,"href":"https:\/\/zkeshop.sk\/cs\/wp-json\/wp\/v2\/product_tag?post=15056"}],"curies":[{"name":"wp","href":"https:\/\/api.w.org\/{rel}","templated":true}]}}