{"id":15059,"date":"2025-01-14T18:22:44","date_gmt":"2025-01-14T17:22:44","guid":{"rendered":"https:\/\/zkeshop.sk\/produkt\/medik-8-hydr8-b5-intense\/"},"modified":"2025-05-06T14:51:11","modified_gmt":"2025-05-06T12:51:11","slug":"medik-8-hydr8-b5-intense","status":"publish","type":"product","link":"https:\/\/zkeshop.sk\/cs\/produkt\/medik-8-hydr8-b5-intense\/","title":{"rendered":"Medik 8 Hydr8 B5 Intense"},"content":{"rendered":"<h5 class=\"eshop-product-detail__subtitle\">Intenzivn\u00ed gelov\u00e9 hydrata\u010dn\u00ed s\u00e9rum<\/h5>\n<div class=\"eshop-product-detail__perex\">\n<p>Nejobl\u00edben\u011bj\u0161\u00ed hydrata\u010dn\u00ed s\u00e9rum Medik8 HYDR8 B5 nyn\u00ed ve verzi INTENSE pro je\u0161t\u011b intenzivn\u011bj\u0161\u00ed hydrataci a obnovu pleti, kter\u00e1 obsahuje p\u0159irozen\u011b hydrata\u010dn\u00ed faktory a komplex \u00fa\u010dinn\u00fdch l\u00e1tek, kter\u00e9 posiluj\u00ed vlastn\u00ed produkty kyseliny hyaluronov\u00e9.<\/p>\n<h2>Hydrata\u010dn\u00ed s\u00e9rum na ple\u0165<\/h2>\n<p>HYDR8 B5 INTENSE p\u0159itahuje a udr\u017euje vlhkost v poko\u017ece n\u011bkolika zp\u016fsoby. D\u00edky kombinaci kyseliny hyaluronov\u00e9 s r\u016fznou molekul\u00e1rn\u00ed hmotnost\u00ed, vitaminu B5 a jedine\u010dn\u00e9ho komplexu t\u0159\u00ed \u00fa\u010dinn\u00fdch l\u00e1tek zvy\u0161uje hydrataci pleti.<\/p>\n<h2>N\u00e1pl\u0148 kyseliny hyaluronov\u00e9<\/h2>\n<p>Aktivn\u00ed slo\u017eky s\u00e9ra spou\u0161t\u011bj\u00ed p\u0159irozenou produkci kyseliny hyaluronov\u00e9 v pleti, zpomaluj\u00ed jej\u00ed odbour\u00e1v\u00e1n\u00ed a v sou\u010dinnosti s lok\u00e1ln\u011b aplikovanou kyselinou hyaluronovou okam\u017eit\u011b dod\u00e1vaj\u00ed pleti vlhkost, kter\u00e1 je p\u0159\u00edjemn\u00e1 po cel\u00fd den. Lehk\u00e9 s\u00e9rum je obohaceno o p\u0159irozen\u011b hydrata\u010dn\u00ed faktory, kter\u00e9 formuj\u00ed vnit\u0159n\u00ed hydrata\u010dn\u00ed syst\u00e9m pleti. S\u00e9rum nav\u00edc obsahuje panthenol (vitamin B5), kter\u00fd pom\u00e1h\u00e1 pleti udr\u017eet vlhkost a podporuje regeneraci ko\u017en\u00edch bun\u011bk.<\/p>\n<h2>Trojit\u00e1 s\u00edla<\/h2>\n<p>Okam\u017eit\u00e1 a dlouhotrvaj\u00edc\u00ed hydratace, vypln\u011bn\u00ed jemn\u00fdch vr\u00e1sek a navr\u00e1cen\u00ed mladistv\u00e9ho lesku pleti:<\/p>\n<ul>\n<li>S\u00f3jov\u00fd extrakt zvy\u0161uje vlastn\u00ed produkci kyseliny hyaluronov\u00e9 v poko\u017ece.<\/li>\n<li>Mucholapka ol\u0161ov\u00e1 vytv\u00e1\u0159\u00ed ochrann\u00fd \u0161t\u00edt, kter\u00fd inhibuje aktivitu enzymu, jen\u017e odbour\u00e1v\u00e1 nadbyte\u010dnou kyselinu hyaluronovou v k\u016f\u017ei. V d\u016fsledku toho se v horn\u00edch vrstv\u00e1ch poko\u017eky vytv\u00e1\u0159\u00ed z\u00e1soba kyseliny hyaluronov\u00e9 pro pru\u017enost a hydrataci poko\u017eky.<\/li>\n<li>Biosacharidov\u00e1 guma zvy\u0161uje vlastn\u00ed hydrata\u010dn\u00ed aktivitu kyseliny hyaluronov\u00e9 t\u00edm, \u017ee na povrchu poko\u017eky vytv\u00e1\u0159\u00ed propustn\u00fd film, kter\u00fd pom\u00e1h\u00e1 zadr\u017eovat vlhkost, a t\u00edm dopl\u0148uje hydrata\u010dn\u00ed schopnost kyseliny hyaluronov\u00e9 a prodlu\u017euje jej\u00ed \u00fa\u010dinek.<\/li>\n<\/ul>\n<h2>Lehk\u00e9 slo\u017een\u00ed pro v\u0161echny typy pleti<\/h2>\n<p>S\u00e9rum HYDR8 B5 INTENSE sv\u00fdm lehk\u00fdm slo\u017een\u00edm dopl\u0148uje jak\u00fdkoli typ p\u00e9\u010de o ple\u0165. Aplikujte ho na ple\u0165 spole\u010dn\u011b s hydrata\u010dn\u00edm kr\u00e9mem. Lze jej pou\u017e\u00edvat r\u00e1no i ve\u010der a jeho aplikace prosp\u011bje ka\u017ed\u00e9mu typu pleti. Hydratuje ple\u0165 od nejhlub\u0161\u00edch vrstev a\u017e po povrch.<\/p>\n<h2>Hloubkov\u00e1 hydratace a v\u00fd\u017eiva poko\u017eky<\/h2>\n<p>Kyselina hyaluronov\u00e1 s r\u016fznou molekul\u00e1rn\u00ed hmotnost\u00ed zaji\u0161\u0165uje hydrataci v\u0161ech vrstev poko\u017eky. V nejsvrchn\u011bj\u0161\u00edch vrstv\u00e1ch poko\u017eky vytv\u00e1\u0159\u00ed HYDR8 B5 INTENSE jej\u00ed z\u00e1sob\u00e1rnu pro je\u0161t\u011b v\u011bt\u0161\u00ed sv\u011b\u017eest a pru\u017enost. Spolu s obsa\u017een\u00fdmi p\u0159irozen\u011b hydrata\u010dn\u00edmi faktory, jako jsou aminokyseliny, mastn\u00e9 kyseliny a sodn\u00e1 s\u016fl PCA, kter\u00e9 se p\u0159irozen\u011b tvo\u0159\u00ed v poko\u017ece, pom\u00e1h\u00e1 zachovat obsah vlhkosti v poko\u017ece. D\u00edky tomu si poko\u017eka zachov\u00e1v\u00e1 svou integritu pro sv\u00e9 nejlep\u0161\u00ed fungov\u00e1n\u00ed a zdrav\u00ed.<\/p>\n<h2>Slo\u017eky pro odstran\u011bn\u00ed such\u00e9 poko\u017eky<\/h2>\n<p>K<strong>yselina hyaluronov\u00e1 s r\u016fznou molekulovou hmotnost\u00ed:<\/strong> Hydrata\u010dn\u00ed l\u00e1tka, kter\u00e1 dok\u00e1\u017ee dod\u00e1vat pleti vodu z atmosf\u00e9ry, zvy\u0161uje schopnost pleti zadr\u017eovat vodu a zanech\u00e1v\u00e1 ji hydratovanou a s \u017e\u00e1douc\u00edm objemem. Vytv\u00e1\u0159\u00ed takzvanou hydrata\u010dn\u00ed bari\u00e9ru a pom\u00e1h\u00e1 vyhlazovat a zjem\u0148ovat poko\u017eku. Dok\u00e1\u017ee zadr\u017eet a\u017e tis\u00edcin\u00e1sobek sv\u00e9 hmotnosti ve vod\u011b.<\/p>\n<p>P<strong>\u0159irozen\u011b hydrata\u010dn\u00ed faktory:<\/strong> Sodium PCA, glycerin, mo\u010dovina, proteiny, cukry, 15 r\u016fzn\u00fdch aminokyselin, kyselina ml\u00e9\u010dn\u00e1 a kreatin. To v\u0161e jsou p\u0159irozen\u00e9 slo\u017eky v poko\u017ece, kter\u00e9 na sebe v\u00e1\u017eou vlhkost pro optim\u00e1ln\u00ed hydrataci.<\/p>\n<p>M<strong>ucholapka ol\u0161olist\u00e1<\/strong>: Mucholapka ol\u0161olist\u00e1 poch\u00e1z\u00ed z les\u016f z\u00e1padn\u00ed Kanady. Jej\u00ed plody jsou p\u0159\u00edmo nabit\u00e9 siln\u00fdmi antioxidanty zvan\u00fdmi antokyany. \u00da\u010dinn\u00e9 l\u00e1tky v drobn\u00fdch bobul\u00edch dok\u00e1\u017e\u00ed blokovat \u010dinnost enzymu zodpov\u011bdn\u00e9ho za rozklad kyseliny hyaluronov\u00e9. V d\u016fsledku toho se p\u0159i lok\u00e1ln\u00ed aplikaci extraktu z mu\u0161k\u00e1tov\u00e9ho kv\u011btu vytvo\u0159\u00ed v horn\u00edch vrstv\u00e1ch poko\u017eky z\u00e1sob\u00e1rna kyseliny hyaluronov\u00e9.<\/p>\n<p>S<strong>\u00f3jov\u00fd extrakt:<\/strong> Tento p\u0159\u00edrodn\u00ed siln\u00fd antioxidant stimuluje vlastn\u00ed produkci kyseliny hyaluronov\u00e9 a zvy\u0161uje synt\u00e9zu<a href=\"https:\/\/zkeshop.sk\/?s=kolagen&amp;post_type=product\">kolagenu<\/a>, \u010d\u00edm\u017e dod\u00e1v\u00e1 pleti hydrataci a mladistv\u00fd vzhled.<\/p>\n<p>V<strong>itamin B5<\/strong>: Vitamin B5, zn\u00e1m\u00fd tak\u00e9 jako panthenol, je \u00fa\u010dinn\u00e1 hydrata\u010dn\u00ed l\u00e1tka, kter\u00e1 k sob\u011b p\u0159itahuje vlhkost, a dod\u00e1v\u00e1 tak poko\u017ece jemnost a pru\u017enost. Krom\u011b toho napom\u00e1h\u00e1 synt\u00e9ze lipidov\u00fdch molekul, kter\u00e9 tvo\u0159\u00ed ochrannou ko\u017en\u00ed bari\u00e9ru. T\u00edm pom\u00e1h\u00e1 poko\u017ece udr\u017eet si hydrataci.<\/p>\n<p>B<strong>iosacharidov\u00e1 guma<\/strong>: Biosacharidov\u00e1 guma je p\u0159irozen\u011b se vyskytuj\u00edc\u00ed cukr, kter\u00fd m\u00e1 dlouhou line\u00e1rn\u00ed strukturu. Na poko\u017ece vytv\u00e1\u0159\u00ed propustn\u00fd film, kter\u00fd spolu s kyselinou hyaluronovou synergicky zvy\u0161uje hydrataci poko\u017eky.<\/p>\n<h2>S\u00e9rum ide\u00e1ln\u00ed pro:<\/h2>\n<ul>\n<li>Zv\u00fd\u0161en\u00ed hydratace poko\u017eky<\/li>\n<li>zm\u00edrn\u011bn\u00ed podr\u00e1\u017ed\u011bn\u00ed a zpomalen\u00ed st\u00e1rnut\u00ed pleti p\u0159i aplikaci kyseliny retinov\u00e9 nebo AHA kyselin.<\/li>\n<li>Intenzivn\u00ed hydratace pro problematickou ple\u0165 se sklonem k ucp\u00e1v\u00e1n\u00ed p\u00f3r\u016f<\/li>\n<li>Zv\u00fd\u0161en\u00ed \u00fa\u010dinku dermokosmetick\u00fdch o\u0161et\u0159en\u00ed, jako je mezoterapie, IPL, injek\u010dn\u00ed v\u00fdpln\u011b, chemick\u00fd peeling, laserov\u00e9 omlazen\u00ed, dermabraze atd.<\/li>\n<\/ul>\n<h2>6 kapek osv\u011b\u017euje a hydratuje ple\u0165<\/h2>\n<ul>\n<li>R\u00e1no a ve\u010der po vy\u010di\u0161t\u011bn\u00ed pleti naneste 6 kapek HYDR8 B5 INTENSE p\u0159\u00edmo na ple\u0165 a rovnom\u011brn\u011b rozet\u0159ete po cel\u00e9m obli\u010deji, krku a dekoltu. P\u0159ed pou\u017eit\u00edm dal\u0161\u00edho produktu Medik8 nechte vst\u0159ebat.<\/li>\n<li>Balen\u00ed o objemu 30 ml vysta\u010d\u00ed a\u017e na 100 aplikac\u00ed.<\/li>\n<\/ul>\n<h2>Kombinujte s dal\u0161\u00edmi produkty Medik8<\/h2>\n<p>Pro dosa\u017een\u00ed nejlep\u0161\u00edho \u00fa\u010dinku a omlazen\u00ed pleti aplikujte r\u00e1no HYDR8 B5 INTENSE a pot\u00e9 denn\u00ed kr\u00e9m s vitaminem C a UV ochranou DAILY RADIANCE VITAMIN C. V p\u0159\u00edpad\u011b velmi such\u00e9 a po\u0161kozen\u00e9 pleti m\u016f\u017eete p\u0159idat tak\u00e9 intenzivn\u00ed regenera\u010dn\u00ed kr\u00e9m ULTIMATE RECOVERY INTENSE.<\/p>\n<p>Ve\u010der kombinujte bu\u010f s CRYSTAL RETINAL 6 retin\u00e1ln\u00edm s\u00e9rem a no\u010dn\u00edm kr\u00e9mem ADVANCED NIGHT RESTORE, nebo s nejsiln\u011bj\u0161\u00edm p\u0159\u00edpravkem proti st\u00e1rnut\u00ed R-RETINOATE INTENSE od Medik8.<\/p>\n<\/div>\n","protected":false},"excerpt":{"rendered":"<h5 class=\"eshop-product-detail__subtitle\">Intenzivn\u00ed gelov\u00e9 hydrata\u010dn\u00ed s\u00e9rum<\/h5>\n<div class=\"eshop-product-detail__perex\">\n<p>Nejobl\u00edben\u011bj\u0161\u00ed hydrata\u010dn\u00ed s\u00e9rum Medik8 HYDR8 B5 nyn\u00ed ve verzi INTENSE pro je\u0161t\u011b intenzivn\u011bj\u0161\u00ed hydrataci a obnovu pleti, kter\u00e1 obsahuje p\u0159irozen\u011b hydrata\u010dn\u00ed faktory a komplex \u00fa\u010dinn\u00fdch l\u00e1tek, kter\u00e9 posiluj\u00ed vlastn\u00ed produkty kyseliny hyaluronov\u00e9.<\/p>\n<\/div>\n","protected":false},"featured_media":14450,"comment_status":"open","ping_status":"closed","template":"","meta":[],"product_brand":[],"product_cat":[179,206,200,208,185,87,188],"product_tag":[159],"class_list":{"0":"post-15059","1":"product","2":"type-product","3":"status-publish","4":"has-post-thumbnail","6":"product_cat-citliva-plet-cs","7":"product_cat-den-cs","8":"product_cat-medik8-cs","9":"product_cat-noc-cs","10":"product_cat-normalni-plet","11":"product_cat-pletova-kosmetika","12":"product_cat-sucha-plet-cs","13":"product_tag-medik8","15":"first","16":"instock","17":"taxable","18":"shipping-taxable","19":"purchasable","20":"product-type-simple"},"yoast_head":"<!-- This site is optimized with the Yoast SEO Premium plugin v27.3 (Yoast SEO v27.3) - https:\/\/yoast.com\/product\/yoast-seo-premium-wordpress\/ -->\n<title>Medik 8 Hydr8 B5 Intense - ZK company<\/title>\n<meta name=\"description\" content=\"Nejobl\u00edben\u011bj\u0161\u00ed hydrata\u010dn\u00ed s\u00e9rum HYDR8 B5 INTENSE pro je\u0161t\u011b intenzivn\u011bj\u0161\u00ed hydrataci a obnovu pleti s p\u0159irozen\u011b hydrata\u010dn\u00edmi faktory.\" \/>\n<meta name=\"robots\" content=\"index, follow, max-snippet:-1, max-image-preview:large, max-video-preview:-1\" \/>\n<link rel=\"canonical\" href=\"https:\/\/zkeshop.sk\/cs\/produkt\/medik-8-hydr8-b5-intense\/\" \/>\n<meta property=\"og:locale\" content=\"cs_CZ\" \/>\n<meta property=\"og:type\" content=\"article\" \/>\n<meta property=\"og:title\" content=\"Medik 8 Hydr8 B5 Intense\" \/>\n<meta property=\"og:description\" content=\"Nejobl\u00edben\u011bj\u0161\u00ed hydrata\u010dn\u00ed s\u00e9rum HYDR8 B5 INTENSE pro je\u0161t\u011b intenzivn\u011bj\u0161\u00ed hydrataci a obnovu pleti s p\u0159irozen\u011b hydrata\u010dn\u00edmi faktory.\" \/>\n<meta property=\"og:url\" content=\"https:\/\/zkeshop.sk\/cs\/produkt\/medik-8-hydr8-b5-intense\/\" \/>\n<meta property=\"og:site_name\" content=\"ZK company\" \/>\n<meta property=\"article:modified_time\" content=\"2025-05-06T12:51:11+00:00\" \/>\n<meta property=\"og:image\" content=\"https:\/\/zkeshop.sk\/wp-content\/uploads\/2025\/01\/Copy-of-Hydr8-B5-Intense-B-1024x1024.png\" \/>\n\t<meta property=\"og:image:width\" content=\"1024\" \/>\n\t<meta property=\"og:image:height\" content=\"1024\" \/>\n\t<meta property=\"og:image:type\" content=\"image\/png\" \/>\n<meta name=\"twitter:card\" content=\"summary_large_image\" \/>\n<meta name=\"twitter:label1\" content=\"Cena\" \/>\n\t<meta name=\"twitter:data1\" content=\"69,00&nbsp;&euro;\" \/>\n\t<meta name=\"twitter:label2\" content=\"Dostupnost\" \/>\n\t<meta name=\"twitter:data2\" content=\"Skladem\" \/>\n<script type=\"application\/ld+json\" class=\"yoast-schema-graph\">{\"@context\":\"https:\\\/\\\/schema.org\",\"@graph\":[{\"@type\":\"WebPage\",\"@id\":\"https:\\\/\\\/zkeshop.sk\\\/cs\\\/produkt\\\/medik-8-hydr8-b5-intense\\\/\",\"url\":\"https:\\\/\\\/zkeshop.sk\\\/cs\\\/produkt\\\/medik-8-hydr8-b5-intense\\\/\",\"name\":\"Medik 8 Hydr8 B5 Intense - ZK company\",\"isPartOf\":{\"@id\":\"https:\\\/\\\/zkeshop.sk\\\/#website\"},\"primaryImageOfPage\":{\"@id\":\"https:\\\/\\\/zkeshop.sk\\\/cs\\\/produkt\\\/medik-8-hydr8-b5-intense\\\/#primaryimage\"},\"image\":{\"@id\":\"https:\\\/\\\/zkeshop.sk\\\/cs\\\/produkt\\\/medik-8-hydr8-b5-intense\\\/#primaryimage\"},\"thumbnailUrl\":\"https:\\\/\\\/zkeshop.sk\\\/wp-content\\\/uploads\\\/2025\\\/01\\\/Copy-of-Hydr8-B5-Intense-B.png\",\"datePublished\":\"2025-01-14T17:22:44+00:00\",\"dateModified\":\"2025-05-06T12:51:11+00:00\",\"description\":\"Nejobl\u00edben\u011bj\u0161\u00ed hydrata\u010dn\u00ed s\u00e9rum HYDR8 B5 INTENSE pro je\u0161t\u011b intenzivn\u011bj\u0161\u00ed hydrataci a obnovu pleti s p\u0159irozen\u011b hydrata\u010dn\u00edmi faktory.\",\"breadcrumb\":{\"@id\":\"https:\\\/\\\/zkeshop.sk\\\/cs\\\/produkt\\\/medik-8-hydr8-b5-intense\\\/#breadcrumb\"},\"inLanguage\":\"cs\",\"potentialAction\":[{\"@type\":\"ReadAction\",\"target\":[\"https:\\\/\\\/zkeshop.sk\\\/cs\\\/produkt\\\/medik-8-hydr8-b5-intense\\\/\"]}]},{\"@type\":\"ImageObject\",\"inLanguage\":\"cs\",\"@id\":\"https:\\\/\\\/zkeshop.sk\\\/cs\\\/produkt\\\/medik-8-hydr8-b5-intense\\\/#primaryimage\",\"url\":\"https:\\\/\\\/zkeshop.sk\\\/wp-content\\\/uploads\\\/2025\\\/01\\\/Copy-of-Hydr8-B5-Intense-B.png\",\"contentUrl\":\"https:\\\/\\\/zkeshop.sk\\\/wp-content\\\/uploads\\\/2025\\\/01\\\/Copy-of-Hydr8-B5-Intense-B.png\",\"width\":2000,\"height\":2000,\"caption\":\"Najob\u013e\u00fabenej\u0161ie hydrata\u010dn\u00e9 s\u00e9rum HYDR8 B5 INTENSE na e\u0161te intenz\u00edvnej\u0161iu hydrat\u00e1ciu a obnovu pleti s obsahom prirodzene zvlh\u010duj\u00facich faktorov\"},{\"@type\":\"BreadcrumbList\",\"@id\":\"https:\\\/\\\/zkeshop.sk\\\/cs\\\/produkt\\\/medik-8-hydr8-b5-intense\\\/#breadcrumb\",\"itemListElement\":[{\"@type\":\"ListItem\",\"position\":1,\"name\":\"Dom\u016f\",\"item\":\"https:\\\/\\\/zkeshop.sk\\\/\"},{\"@type\":\"ListItem\",\"position\":2,\"name\":\"Obchod\",\"item\":\"https:\\\/\\\/zkeshop.sk\\\/obchod\\\/\"},{\"@type\":\"ListItem\",\"position\":3,\"name\":\"Medik 8 Hydr8 B5 Intense\"}]},{\"@type\":\"WebSite\",\"@id\":\"https:\\\/\\\/zkeshop.sk\\\/#website\",\"url\":\"https:\\\/\\\/zkeshop.sk\\\/\",\"name\":\"ZK company\",\"description\":\"Kvalitn\u00e1 kozmetika pre ka\u017edodenn\u00e9 pou\u017eitie\",\"potentialAction\":[{\"@type\":\"SearchAction\",\"target\":{\"@type\":\"EntryPoint\",\"urlTemplate\":\"https:\\\/\\\/zkeshop.sk\\\/?s={search_term_string}\"},\"query-input\":{\"@type\":\"PropertyValueSpecification\",\"valueRequired\":true,\"valueName\":\"search_term_string\"}}],\"inLanguage\":\"cs\"}]}<\/script>\n<meta property=\"product:price:amount\" content=\"69.00\" \/>\n<meta property=\"product:price:currency\" content=\"EUR\" \/>\n<meta property=\"og:availability\" content=\"instock\" \/>\n<meta property=\"product:availability\" content=\"instock\" \/>\n<meta property=\"product:condition\" content=\"new\" \/>\n<!-- \/ Yoast SEO Premium plugin. -->","yoast_head_json":{"title":"Medik 8 Hydr8 B5 Intense - ZK company","description":"Nejobl\u00edben\u011bj\u0161\u00ed hydrata\u010dn\u00ed s\u00e9rum HYDR8 B5 INTENSE pro je\u0161t\u011b intenzivn\u011bj\u0161\u00ed hydrataci a obnovu pleti s p\u0159irozen\u011b hydrata\u010dn\u00edmi faktory.","robots":{"index":"index","follow":"follow","max-snippet":"max-snippet:-1","max-image-preview":"max-image-preview:large","max-video-preview":"max-video-preview:-1"},"canonical":"https:\/\/zkeshop.sk\/cs\/produkt\/medik-8-hydr8-b5-intense\/","og_locale":"cs_CZ","og_type":"article","og_title":"Medik 8 Hydr8 B5 Intense","og_description":"Nejobl\u00edben\u011bj\u0161\u00ed hydrata\u010dn\u00ed s\u00e9rum HYDR8 B5 INTENSE pro je\u0161t\u011b intenzivn\u011bj\u0161\u00ed hydrataci a obnovu pleti s p\u0159irozen\u011b hydrata\u010dn\u00edmi faktory.","og_url":"https:\/\/zkeshop.sk\/cs\/produkt\/medik-8-hydr8-b5-intense\/","og_site_name":"ZK company","article_modified_time":"2025-05-06T12:51:11+00:00","og_image":[{"width":1024,"height":1024,"url":"https:\/\/zkeshop.sk\/wp-content\/uploads\/2025\/01\/Copy-of-Hydr8-B5-Intense-B-1024x1024.png","type":"image\/png"}],"twitter_card":"summary_large_image","twitter_misc":{"Cena":"69,00&nbsp;&euro;","Dostupnost":"Skladem"},"schema":{"@context":"https:\/\/schema.org","@graph":[{"@type":"WebPage","@id":"https:\/\/zkeshop.sk\/cs\/produkt\/medik-8-hydr8-b5-intense\/","url":"https:\/\/zkeshop.sk\/cs\/produkt\/medik-8-hydr8-b5-intense\/","name":"Medik 8 Hydr8 B5 Intense - ZK company","isPartOf":{"@id":"https:\/\/zkeshop.sk\/#website"},"primaryImageOfPage":{"@id":"https:\/\/zkeshop.sk\/cs\/produkt\/medik-8-hydr8-b5-intense\/#primaryimage"},"image":{"@id":"https:\/\/zkeshop.sk\/cs\/produkt\/medik-8-hydr8-b5-intense\/#primaryimage"},"thumbnailUrl":"https:\/\/zkeshop.sk\/wp-content\/uploads\/2025\/01\/Copy-of-Hydr8-B5-Intense-B.png","datePublished":"2025-01-14T17:22:44+00:00","dateModified":"2025-05-06T12:51:11+00:00","description":"Nejobl\u00edben\u011bj\u0161\u00ed hydrata\u010dn\u00ed s\u00e9rum HYDR8 B5 INTENSE pro je\u0161t\u011b intenzivn\u011bj\u0161\u00ed hydrataci a obnovu pleti s p\u0159irozen\u011b hydrata\u010dn\u00edmi faktory.","breadcrumb":{"@id":"https:\/\/zkeshop.sk\/cs\/produkt\/medik-8-hydr8-b5-intense\/#breadcrumb"},"inLanguage":"cs","potentialAction":[{"@type":"ReadAction","target":["https:\/\/zkeshop.sk\/cs\/produkt\/medik-8-hydr8-b5-intense\/"]}]},{"@type":"ImageObject","inLanguage":"cs","@id":"https:\/\/zkeshop.sk\/cs\/produkt\/medik-8-hydr8-b5-intense\/#primaryimage","url":"https:\/\/zkeshop.sk\/wp-content\/uploads\/2025\/01\/Copy-of-Hydr8-B5-Intense-B.png","contentUrl":"https:\/\/zkeshop.sk\/wp-content\/uploads\/2025\/01\/Copy-of-Hydr8-B5-Intense-B.png","width":2000,"height":2000,"caption":"Najob\u013e\u00fabenej\u0161ie hydrata\u010dn\u00e9 s\u00e9rum HYDR8 B5 INTENSE na e\u0161te intenz\u00edvnej\u0161iu hydrat\u00e1ciu a obnovu pleti s obsahom prirodzene zvlh\u010duj\u00facich faktorov"},{"@type":"BreadcrumbList","@id":"https:\/\/zkeshop.sk\/cs\/produkt\/medik-8-hydr8-b5-intense\/#breadcrumb","itemListElement":[{"@type":"ListItem","position":1,"name":"Dom\u016f","item":"https:\/\/zkeshop.sk\/"},{"@type":"ListItem","position":2,"name":"Obchod","item":"https:\/\/zkeshop.sk\/obchod\/"},{"@type":"ListItem","position":3,"name":"Medik 8 Hydr8 B5 Intense"}]},{"@type":"WebSite","@id":"https:\/\/zkeshop.sk\/#website","url":"https:\/\/zkeshop.sk\/","name":"ZK company","description":"Kvalitn\u00e1 kozmetika pre ka\u017edodenn\u00e9 pou\u017eitie","potentialAction":[{"@type":"SearchAction","target":{"@type":"EntryPoint","urlTemplate":"https:\/\/zkeshop.sk\/?s={search_term_string}"},"query-input":{"@type":"PropertyValueSpecification","valueRequired":true,"valueName":"search_term_string"}}],"inLanguage":"cs"}]},"product_price_amount":"69.00","product_price_currency":"EUR","og_availability":"instock","product_availability":"instock","product_condition":"new"},"_links":{"self":[{"href":"https:\/\/zkeshop.sk\/cs\/wp-json\/wp\/v2\/product\/15059","targetHints":{"allow":["GET"]}}],"collection":[{"href":"https:\/\/zkeshop.sk\/cs\/wp-json\/wp\/v2\/product"}],"about":[{"href":"https:\/\/zkeshop.sk\/cs\/wp-json\/wp\/v2\/types\/product"}],"replies":[{"embeddable":true,"href":"https:\/\/zkeshop.sk\/cs\/wp-json\/wp\/v2\/comments?post=15059"}],"version-history":[{"count":0,"href":"https:\/\/zkeshop.sk\/cs\/wp-json\/wp\/v2\/product\/15059\/revisions"}],"wp:featuredmedia":[{"embeddable":true,"href":"https:\/\/zkeshop.sk\/cs\/wp-json\/wp\/v2\/media\/14450"}],"wp:attachment":[{"href":"https:\/\/zkeshop.sk\/cs\/wp-json\/wp\/v2\/media?parent=15059"}],"wp:term":[{"taxonomy":"product_brand","embeddable":true,"href":"https:\/\/zkeshop.sk\/cs\/wp-json\/wp\/v2\/product_brand?post=15059"},{"taxonomy":"product_cat","embeddable":true,"href":"https:\/\/zkeshop.sk\/cs\/wp-json\/wp\/v2\/product_cat?post=15059"},{"taxonomy":"product_tag","embeddable":true,"href":"https:\/\/zkeshop.sk\/cs\/wp-json\/wp\/v2\/product_tag?post=15059"}],"curies":[{"name":"wp","href":"https:\/\/api.w.org\/{rel}","templated":true}]}}