{"id":15061,"date":"2025-01-14T18:22:55","date_gmt":"2025-02-18T09:18:32","guid":{"rendered":"https:\/\/zkeshop.sk\/produkt\/medik-8-clarifying-foam\/"},"modified":"2025-06-16T19:15:33","modified_gmt":"2025-06-16T17:15:33","slug":"medik-8-clarifying-foam","status":"publish","type":"product","link":"https:\/\/zkeshop.sk\/cs\/produkt\/medik-8-clarifying-foam\/","title":{"rendered":"Medik 8 Clarifying Foam"},"content":{"rendered":"<h5 class=\"eshop-product-detail__subtitle\">AHA \/ BHA \u010distic\u00ed p\u011bna bez oleje pro problematickou ple\u0165<\/h5>\n<div class=\"eshop-product-detail__perex\">\n<p>Vysoce \u00fa\u010dinn\u00e1 antibakteri\u00e1ln\u00ed exfolia\u010dn\u00ed \u010distic\u00ed p\u011bna pro ple\u0165 se sklonem k akn\u00e9. \u010cist\u00ed p\u00f3ry do hloubky, pom\u00e1h\u00e1 zm\u00edrnit p\u0159\u00edznaky akn\u00e9 a sni\u017euje tvorbu ko\u017en\u00edho mazu. Mezi v\u00fdhody pat\u0159\u00ed snadn\u00e1 aplikace, p\u0159\u00edrodn\u00ed a zklid\u0148uj\u00edc\u00ed obsah, schopnost hloubkov\u00e9ho \u010di\u0161t\u011bn\u00ed.<\/p>\n<h2>Hloubkov\u00e9 \u010di\u0161t\u011bn\u00ed pleti se sklonem k akn\u00e9<\/h2>\n<p>CLARIFYING FOAM je hloubkov\u011b \u010distic\u00ed antibakteri\u00e1ln\u00ed p\u0159\u00edpravek vhodn\u00fd pro problematickou ple\u0165 s akn\u00e9. Vysok\u00e1 \u00fa\u010dinnost je zaru\u010dena obsa\u017een\u00fdmi l\u00e1tkami, a to 2 % kyseliny salicylov\u00e9 (beta hydroxykyselina) a 1 % kyseliny L-mandlov\u00e9 (alfa hydroxykyselina). P\u0159i pravideln\u00e9m pou\u017e\u00edv\u00e1n\u00ed bude va\u0161e akn\u00e9 minulost\u00ed.<\/p>\n<h2>Nabit\u00fd protiz\u00e1n\u011btliv\u00fd vzorec<\/h2>\n<p>KLARIFIKA\u010cN\u00cd P\u011aNA m\u00e1 tak\u00e9 protiz\u00e1n\u011btliv\u00fd \u00fa\u010dinek. To zaru\u010duj\u00ed slo\u017eky Tea Tree Oil, Chlorhexidine Gluconate a Vitamin B3 (Niacinamid). Vitamin B3 tak\u00e9 pom\u00e1h\u00e1 regulovat tvorbu ko\u017en\u00edho mazu, sni\u017euje v\u00fdskyt akn\u00e9 a m\u00e1 zklid\u0148uj\u00edc\u00ed \u00fa\u010dinek. Neobsahuje m\u00fddlo, sulf\u00e1ty ani parabeny, tak\u017ee je vhodn\u00fd i pro velmi citlivou ple\u0165. Tato p\u011bna nen\u00ed parf\u00e9movan\u00e1, tak\u017ee nevyvol\u00e1v\u00e1 \u017e\u00e1dn\u00e9 alergick\u00e9 reakce. P\u0159\u00edjemn\u00e1 v\u016fn\u011b je zp\u016fsobena obsahem Tea Tree Oil.<\/p>\n<h2>Sni\u017euje tvorbu pup\u00ednk\u016f<\/h2>\n<ul>\n<li>Hloubkov\u00fd \u010distic\u00ed \u00fa\u010dinek<\/li>\n<li>Denn\u00ed peeling AHA a BHA<\/li>\n<li>Obsah antibakteri\u00e1ln\u00edch slo\u017eek<\/li>\n<li>Sn\u00ed\u017een\u00ed projev\u016f akn\u00e9<\/li>\n<li>reguluje tvorbu ko\u017en\u00edho mazu, \u010d\u00edm\u017e sni\u017euje tvorbu pup\u00ednk\u016f<\/li>\n<\/ul>\n<h2>Spolehliv\u00fd dopln\u011bk p\u0159i l\u00e9\u010db\u011b akn\u00e9<\/h2>\n<ul>\n<li>\u010cistic\u00ed p\u011bna CLARIFYING FOAM nab\u00edz\u00ed snadnou a rychlou aplikaci.<\/li>\n<li>Komplexn\u00ed slo\u017een\u00ed odpov\u00eddaj\u00edc\u00edho mno\u017estv\u00ed \u00fa\u010dinn\u00fdch l\u00e1tek zaru\u010duje \u00fa\u010dinn\u00e9 v\u00fdsledky ji\u017e b\u011bhem prvn\u00edch t\u00fddn\u016f.<\/li>\n<li>Po umyt\u00ed je poko\u017eka \u010dist\u00e1 a z\u00e1rove\u0148 nen\u00ed such\u00e1.<\/li>\n<li>150 ml balen\u00ed vysta\u010d\u00ed a\u017e na 100 aplikac\u00ed. Sta\u010d\u00ed aplikovat mal\u00e9 mno\u017estv\u00ed 2x denn\u011b.<\/li>\n<li>ZKLID\u0147UJ\u00cdC\u00cd P\u011aNA m\u00e1 zklid\u0148uj\u00edc\u00ed \u00fa\u010dinek a pom\u00e1h\u00e1 p\u0159edch\u00e1zet zarudnut\u00ed poko\u017eky na posti\u017een\u00fdch m\u00edstech.<\/li>\n<\/ul>\n<h2>Pro\u010d nakupovat u n\u00e1s<\/h2>\n<p>Jako v\u00fdhradn\u00ed distributor spole\u010dnosti Medik8 p\u0159in\u00e1\u0161\u00edme na \u010desk\u00fd a slovensk\u00fd trh nov\u00e9 produkty. CLARIFYING FOAM je antibakteri\u00e1ln\u00ed exfolia\u010dn\u00ed \u010distic\u00ed p\u011bna nov\u011b vyvinut\u00e1 ve Velk\u00e9 Brit\u00e1nii a nab\u00edz\u00ed komplexn\u00ed slo\u017een\u00ed \u00fa\u010dinn\u00fdch l\u00e1tek. V\u0161echny slo\u017eky maj\u00ed prokazateln\u00fd \u00fa\u010dinek na projevy akn\u00e9 a celkov\u011b problematickou ple\u0165.<\/p>\n<h2>Ur\u010deno pro<\/h2>\n<ul>\n<li>Mu\u017ei a \u017eeny bez omezen\u00ed v\u011bku.<\/li>\n<li>V\u0161echny typy pleti, zejm\u00e9na problematick\u00e9 mastn\u00e9 typy s akn\u00e9<\/li>\n<\/ul>\n<h2>5 \u00fa\u010dinn\u00fdch l\u00e1tek proti akn\u00e9<\/h2>\n<p>N<strong>iacinamid (vitamin B3<\/strong>): M\u00e1 protiz\u00e1n\u011btliv\u00fd \u00fa\u010dinek, sni\u017euje zarudnut\u00ed a podr\u00e1\u017ed\u011bn\u00ed poko\u017eky. Zpomaluje rychlost tvorby ko\u017en\u00edho mazu a pom\u00e1h\u00e1 obnovovat poko\u017eku. Zabra\u0148uje ucp\u00e1v\u00e1n\u00ed p\u00f3r\u016f, kter\u00e9 m\u016f\u017ee zp\u016fsobit vyr\u00e1\u017eky.<\/p>\n<p>K<strong>yselina salicylov\u00e1 (beta-hydroxykyselina, BHA<\/strong>): Je jednou z nejzn\u00e1m\u011bj\u0161\u00edch l\u00e1tek pou\u017e\u00edvan\u00fdch k redukci akn\u00e9. Tato kyselina potla\u010duje sekre\u010dn\u00ed \u010dinnost mazov\u00fdch \u017el\u00e1z, \u010d\u00edm\u017e vysu\u0161uje mastn\u00fd povrch poko\u017eky. \u010cist\u00ed ucpan\u00e9 p\u00f3ry.<\/p>\n<p>C<strong>hlorhexidin glukon\u00e1t<\/strong>: Jedn\u00e1 se o antibakteri\u00e1ln\u00ed l\u00e1tku, kter\u00e1 hloubkov\u011b \u010dist\u00ed poko\u017eku. Zab\u00edj\u00ed bakterie a br\u00e1n\u00ed r\u016fstu nov\u00fdch bakteri\u00ed.<\/p>\n<p>K<strong>yselina L- mandlov\u00e1<\/strong>: Jemn\u00e1 a \u00fa\u010dinn\u00e1 alfa-hydroxidov\u00e1 kyselina, kter\u00e1 je \u010dasto p\u0159irovn\u00e1v\u00e1na ke kyselin\u011b glykolov\u00e9 d\u00edky v\u00fdsledk\u016fm, kter\u00e9 poskytuje bez negativn\u00edch vedlej\u0161\u00edch \u00fa\u010dink\u016f. Redukuje jizvy po akn\u00e9.<\/p>\n<p>T<strong>ea Tree Oil:<\/strong> M\u00e1 protiz\u00e1n\u011btliv\u00fd \u00fa\u010dinek, zabra\u0148uje tvorb\u011b nov\u00fdch bakteri\u00ed. M\u00e1 zklid\u0148uj\u00edc\u00ed \u00fa\u010dinky a d\u00edky sv\u00e9mu p\u0159\u00edrodn\u00edmu slo\u017een\u00ed p\u0159\u00edjemn\u011b von\u00ed.<\/p>\n<h2>\u010cist\u011bte si ple\u0165 dvakr\u00e1t denn\u011b<\/h2>\n<p>KLARIFIKA\u010cN\u00cd P\u011aNU lze aplikovat na celou oblast obli\u010deje krom\u011b o\u010d\u00ed a \u00fast. Doporu\u010dujeme pou\u017e\u00edvat dvakr\u00e1t denn\u011b, r\u00e1no a ve\u010der na vy\u010di\u0161t\u011bnou ple\u0165. Naneste dostate\u010dn\u00e9 mno\u017estv\u00ed p\u011bny do navlh\u010den\u00fdch dlan\u00ed a vmas\u00edrujte do oblasti obli\u010deje a krku. Pot\u00e9 ple\u0165 d\u016fkladn\u011b omyjte a osu\u0161te. Na jednu d\u00e1vku je pot\u0159eba mal\u00e9 mno\u017estv\u00ed p\u011bny (p\u0159ibli\u017en\u011b o velikosti bursk\u00e9ho o\u0159\u00ed\u0161ku).<\/p>\n<h2>Vydr\u017e\u00ed a\u017e t\u0159i m\u011bs\u00edce<\/h2>\n<p>Balen\u00ed 150 ml vysta\u010d\u00ed p\u0159ibli\u017en\u011b na 100 lok\u00e1ln\u00edch aplikac\u00ed.<\/p>\n<p>Po otev\u0159en\u00ed spot\u0159ebujte do 12 m\u011bs\u00edc\u016f.<\/p>\n<\/div>\n","protected":false},"excerpt":{"rendered":"<h5 class=\"eshop-product-detail__subtitle\">AHA \/ BHA \u010distic\u00ed p\u011bna bez oleje pro problematickou ple\u0165<\/h5>\n<div class=\"eshop-product-detail__perex\">\n<p>Vysoce \u00fa\u010dinn\u00e1 antibakteri\u00e1ln\u00ed exfolia\u010dn\u00ed \u010distic\u00ed p\u011bna pro ple\u0165 se sklonem k akn\u00e9. \u010cist\u00ed p\u00f3ry do hloubky, pom\u00e1h\u00e1 zm\u00edrnit p\u0159\u00edznaky akn\u00e9 a sni\u017euje tvorbu ko\u017en\u00edho mazu. Mezi v\u00fdhody pat\u0159\u00ed snadn\u00e1 aplikace, p\u0159\u00edrodn\u00ed a zklid\u0148uj\u00edc\u00ed obsah, schopnost hloubkov\u00e9ho \u010di\u0161t\u011bn\u00ed.<\/p>\n<\/div>\n","protected":false},"featured_media":14468,"comment_status":"open","ping_status":"closed","template":"","meta":[],"product_brand":[],"product_cat":[177,179,206,181,200,208,87],"product_tag":[159],"class_list":{"0":"post-15061","1":"product","2":"type-product","3":"status-publish","4":"has-post-thumbnail","6":"product_cat-aknozni-plet","7":"product_cat-citliva-plet-cs","8":"product_cat-den-cs","9":"product_cat-mastna-plet-cs","10":"product_cat-medik8-cs","11":"product_cat-noc-cs","12":"product_cat-pletova-kosmetika","13":"product_tag-medik8","15":"first","16":"instock","17":"taxable","18":"shipping-taxable","19":"purchasable","20":"product-type-simple"},"yoast_head":"<!-- This site is optimized with the Yoast SEO Premium plugin v27.3 (Yoast SEO v27.3) - https:\/\/yoast.com\/product\/yoast-seo-premium-wordpress\/ -->\n<title>Medik 8 Clarifying Foam - ZK company<\/title>\n<meta name=\"description\" content=\"AHA \/ BHA \u010distic\u00ed p\u011bna bez oleje pro problematickou ple\u0165. Vysoce \u00fa\u010dinn\u00e1 antibakteri\u00e1ln\u00ed exfolia\u010dn\u00ed \u010distic\u00ed p\u011bna pro ple\u0165 se sklonem k akn\u00e9.\" \/>\n<meta name=\"robots\" content=\"index, follow, max-snippet:-1, max-image-preview:large, max-video-preview:-1\" \/>\n<link rel=\"canonical\" href=\"https:\/\/zkeshop.sk\/cs\/produkt\/medik-8-clarifying-foam\/\" \/>\n<meta property=\"og:locale\" content=\"cs_CZ\" \/>\n<meta property=\"og:type\" content=\"article\" \/>\n<meta property=\"og:title\" content=\"Medik 8 Clarifying Foam\" \/>\n<meta property=\"og:description\" content=\"AHA \/ BHA \u010distic\u00ed p\u011bna bez oleje pro problematickou ple\u0165. Vysoce \u00fa\u010dinn\u00e1 antibakteri\u00e1ln\u00ed exfolia\u010dn\u00ed \u010distic\u00ed p\u011bna pro ple\u0165 se sklonem k akn\u00e9.\" \/>\n<meta property=\"og:url\" content=\"https:\/\/zkeshop.sk\/cs\/produkt\/medik-8-clarifying-foam\/\" \/>\n<meta property=\"og:site_name\" content=\"ZK company\" \/>\n<meta property=\"article:modified_time\" content=\"2025-06-16T17:15:33+00:00\" \/>\n<meta property=\"og:image\" content=\"https:\/\/zkeshop.sk\/wp-content\/uploads\/2025\/01\/Copy-of-Clarifying-Foam-B-1024x1024.png\" \/>\n\t<meta property=\"og:image:width\" content=\"1024\" \/>\n\t<meta property=\"og:image:height\" content=\"1024\" \/>\n\t<meta property=\"og:image:type\" content=\"image\/png\" \/>\n<meta name=\"twitter:card\" content=\"summary_large_image\" \/>\n<meta name=\"twitter:label1\" content=\"Cena\" \/>\n\t<meta name=\"twitter:data1\" content=\"27,00&nbsp;&euro;\" \/>\n\t<meta name=\"twitter:label2\" content=\"Dostupnost\" \/>\n\t<meta name=\"twitter:data2\" content=\"Skladem\" \/>\n<script type=\"application\/ld+json\" class=\"yoast-schema-graph\">{\"@context\":\"https:\\\/\\\/schema.org\",\"@graph\":[{\"@type\":\"WebPage\",\"@id\":\"https:\\\/\\\/zkeshop.sk\\\/cs\\\/produkt\\\/medik-8-clarifying-foam\\\/\",\"url\":\"https:\\\/\\\/zkeshop.sk\\\/cs\\\/produkt\\\/medik-8-clarifying-foam\\\/\",\"name\":\"Medik 8 Clarifying Foam - ZK company\",\"isPartOf\":{\"@id\":\"https:\\\/\\\/zkeshop.sk\\\/#website\"},\"primaryImageOfPage\":{\"@id\":\"https:\\\/\\\/zkeshop.sk\\\/cs\\\/produkt\\\/medik-8-clarifying-foam\\\/#primaryimage\"},\"image\":{\"@id\":\"https:\\\/\\\/zkeshop.sk\\\/cs\\\/produkt\\\/medik-8-clarifying-foam\\\/#primaryimage\"},\"thumbnailUrl\":\"https:\\\/\\\/zkeshop.sk\\\/wp-content\\\/uploads\\\/2025\\\/01\\\/Copy-of-Clarifying-Foam-B.png\",\"datePublished\":\"2025-02-18T09:18:32+00:00\",\"dateModified\":\"2025-06-16T17:15:33+00:00\",\"description\":\"AHA \\\/ BHA \u010distic\u00ed p\u011bna bez oleje pro problematickou ple\u0165. Vysoce \u00fa\u010dinn\u00e1 antibakteri\u00e1ln\u00ed exfolia\u010dn\u00ed \u010distic\u00ed p\u011bna pro ple\u0165 se sklonem k akn\u00e9.\",\"breadcrumb\":{\"@id\":\"https:\\\/\\\/zkeshop.sk\\\/cs\\\/produkt\\\/medik-8-clarifying-foam\\\/#breadcrumb\"},\"inLanguage\":\"cs\",\"potentialAction\":[{\"@type\":\"ReadAction\",\"target\":[\"https:\\\/\\\/zkeshop.sk\\\/cs\\\/produkt\\\/medik-8-clarifying-foam\\\/\"]}]},{\"@type\":\"ImageObject\",\"inLanguage\":\"cs\",\"@id\":\"https:\\\/\\\/zkeshop.sk\\\/cs\\\/produkt\\\/medik-8-clarifying-foam\\\/#primaryimage\",\"url\":\"https:\\\/\\\/zkeshop.sk\\\/wp-content\\\/uploads\\\/2025\\\/01\\\/Copy-of-Clarifying-Foam-B.png\",\"contentUrl\":\"https:\\\/\\\/zkeshop.sk\\\/wp-content\\\/uploads\\\/2025\\\/01\\\/Copy-of-Clarifying-Foam-B.png\",\"width\":2000,\"height\":2000,\"caption\":\"AHA \\\/ BHA \u010distiaca pena bez obsahu oleja pre problematick\u00fa poko\u017eku. Vysoko-\u00fa\u010dinn\u00e1 antibakteri\u00e1lna exfolia\u010dn\u00e1 \u010distiaca pena pre akn\u00f3znu poko\u017eku.\"},{\"@type\":\"BreadcrumbList\",\"@id\":\"https:\\\/\\\/zkeshop.sk\\\/cs\\\/produkt\\\/medik-8-clarifying-foam\\\/#breadcrumb\",\"itemListElement\":[{\"@type\":\"ListItem\",\"position\":1,\"name\":\"Dom\u016f\",\"item\":\"https:\\\/\\\/zkeshop.sk\\\/\"},{\"@type\":\"ListItem\",\"position\":2,\"name\":\"Obchod\",\"item\":\"https:\\\/\\\/zkeshop.sk\\\/obchod\\\/\"},{\"@type\":\"ListItem\",\"position\":3,\"name\":\"Medik 8 Clarifying Foam\"}]},{\"@type\":\"WebSite\",\"@id\":\"https:\\\/\\\/zkeshop.sk\\\/#website\",\"url\":\"https:\\\/\\\/zkeshop.sk\\\/\",\"name\":\"ZK company\",\"description\":\"Kvalitn\u00e1 kozmetika pre ka\u017edodenn\u00e9 pou\u017eitie\",\"potentialAction\":[{\"@type\":\"SearchAction\",\"target\":{\"@type\":\"EntryPoint\",\"urlTemplate\":\"https:\\\/\\\/zkeshop.sk\\\/?s={search_term_string}\"},\"query-input\":{\"@type\":\"PropertyValueSpecification\",\"valueRequired\":true,\"valueName\":\"search_term_string\"}}],\"inLanguage\":\"cs\"}]}<\/script>\n<meta property=\"product:price:amount\" content=\"27.00\" \/>\n<meta property=\"product:price:currency\" content=\"EUR\" \/>\n<meta property=\"og:availability\" content=\"instock\" \/>\n<meta property=\"product:availability\" content=\"instock\" \/>\n<meta property=\"product:condition\" content=\"new\" \/>\n<!-- \/ Yoast SEO Premium plugin. -->","yoast_head_json":{"title":"Medik 8 Clarifying Foam - ZK company","description":"AHA \/ BHA \u010distic\u00ed p\u011bna bez oleje pro problematickou ple\u0165. Vysoce \u00fa\u010dinn\u00e1 antibakteri\u00e1ln\u00ed exfolia\u010dn\u00ed \u010distic\u00ed p\u011bna pro ple\u0165 se sklonem k akn\u00e9.","robots":{"index":"index","follow":"follow","max-snippet":"max-snippet:-1","max-image-preview":"max-image-preview:large","max-video-preview":"max-video-preview:-1"},"canonical":"https:\/\/zkeshop.sk\/cs\/produkt\/medik-8-clarifying-foam\/","og_locale":"cs_CZ","og_type":"article","og_title":"Medik 8 Clarifying Foam","og_description":"AHA \/ BHA \u010distic\u00ed p\u011bna bez oleje pro problematickou ple\u0165. Vysoce \u00fa\u010dinn\u00e1 antibakteri\u00e1ln\u00ed exfolia\u010dn\u00ed \u010distic\u00ed p\u011bna pro ple\u0165 se sklonem k akn\u00e9.","og_url":"https:\/\/zkeshop.sk\/cs\/produkt\/medik-8-clarifying-foam\/","og_site_name":"ZK company","article_modified_time":"2025-06-16T17:15:33+00:00","og_image":[{"width":1024,"height":1024,"url":"https:\/\/zkeshop.sk\/wp-content\/uploads\/2025\/01\/Copy-of-Clarifying-Foam-B-1024x1024.png","type":"image\/png"}],"twitter_card":"summary_large_image","twitter_misc":{"Cena":"27,00&nbsp;&euro;","Dostupnost":"Skladem"},"schema":{"@context":"https:\/\/schema.org","@graph":[{"@type":"WebPage","@id":"https:\/\/zkeshop.sk\/cs\/produkt\/medik-8-clarifying-foam\/","url":"https:\/\/zkeshop.sk\/cs\/produkt\/medik-8-clarifying-foam\/","name":"Medik 8 Clarifying Foam - ZK company","isPartOf":{"@id":"https:\/\/zkeshop.sk\/#website"},"primaryImageOfPage":{"@id":"https:\/\/zkeshop.sk\/cs\/produkt\/medik-8-clarifying-foam\/#primaryimage"},"image":{"@id":"https:\/\/zkeshop.sk\/cs\/produkt\/medik-8-clarifying-foam\/#primaryimage"},"thumbnailUrl":"https:\/\/zkeshop.sk\/wp-content\/uploads\/2025\/01\/Copy-of-Clarifying-Foam-B.png","datePublished":"2025-02-18T09:18:32+00:00","dateModified":"2025-06-16T17:15:33+00:00","description":"AHA \/ BHA \u010distic\u00ed p\u011bna bez oleje pro problematickou ple\u0165. Vysoce \u00fa\u010dinn\u00e1 antibakteri\u00e1ln\u00ed exfolia\u010dn\u00ed \u010distic\u00ed p\u011bna pro ple\u0165 se sklonem k akn\u00e9.","breadcrumb":{"@id":"https:\/\/zkeshop.sk\/cs\/produkt\/medik-8-clarifying-foam\/#breadcrumb"},"inLanguage":"cs","potentialAction":[{"@type":"ReadAction","target":["https:\/\/zkeshop.sk\/cs\/produkt\/medik-8-clarifying-foam\/"]}]},{"@type":"ImageObject","inLanguage":"cs","@id":"https:\/\/zkeshop.sk\/cs\/produkt\/medik-8-clarifying-foam\/#primaryimage","url":"https:\/\/zkeshop.sk\/wp-content\/uploads\/2025\/01\/Copy-of-Clarifying-Foam-B.png","contentUrl":"https:\/\/zkeshop.sk\/wp-content\/uploads\/2025\/01\/Copy-of-Clarifying-Foam-B.png","width":2000,"height":2000,"caption":"AHA \/ BHA \u010distiaca pena bez obsahu oleja pre problematick\u00fa poko\u017eku. Vysoko-\u00fa\u010dinn\u00e1 antibakteri\u00e1lna exfolia\u010dn\u00e1 \u010distiaca pena pre akn\u00f3znu poko\u017eku."},{"@type":"BreadcrumbList","@id":"https:\/\/zkeshop.sk\/cs\/produkt\/medik-8-clarifying-foam\/#breadcrumb","itemListElement":[{"@type":"ListItem","position":1,"name":"Dom\u016f","item":"https:\/\/zkeshop.sk\/"},{"@type":"ListItem","position":2,"name":"Obchod","item":"https:\/\/zkeshop.sk\/obchod\/"},{"@type":"ListItem","position":3,"name":"Medik 8 Clarifying Foam"}]},{"@type":"WebSite","@id":"https:\/\/zkeshop.sk\/#website","url":"https:\/\/zkeshop.sk\/","name":"ZK company","description":"Kvalitn\u00e1 kozmetika pre ka\u017edodenn\u00e9 pou\u017eitie","potentialAction":[{"@type":"SearchAction","target":{"@type":"EntryPoint","urlTemplate":"https:\/\/zkeshop.sk\/?s={search_term_string}"},"query-input":{"@type":"PropertyValueSpecification","valueRequired":true,"valueName":"search_term_string"}}],"inLanguage":"cs"}]},"product_price_amount":"27.00","product_price_currency":"EUR","og_availability":"instock","product_availability":"instock","product_condition":"new"},"_links":{"self":[{"href":"https:\/\/zkeshop.sk\/cs\/wp-json\/wp\/v2\/product\/15061","targetHints":{"allow":["GET"]}}],"collection":[{"href":"https:\/\/zkeshop.sk\/cs\/wp-json\/wp\/v2\/product"}],"about":[{"href":"https:\/\/zkeshop.sk\/cs\/wp-json\/wp\/v2\/types\/product"}],"replies":[{"embeddable":true,"href":"https:\/\/zkeshop.sk\/cs\/wp-json\/wp\/v2\/comments?post=15061"}],"version-history":[{"count":0,"href":"https:\/\/zkeshop.sk\/cs\/wp-json\/wp\/v2\/product\/15061\/revisions"}],"wp:featuredmedia":[{"embeddable":true,"href":"https:\/\/zkeshop.sk\/cs\/wp-json\/wp\/v2\/media\/14468"}],"wp:attachment":[{"href":"https:\/\/zkeshop.sk\/cs\/wp-json\/wp\/v2\/media?parent=15061"}],"wp:term":[{"taxonomy":"product_brand","embeddable":true,"href":"https:\/\/zkeshop.sk\/cs\/wp-json\/wp\/v2\/product_brand?post=15061"},{"taxonomy":"product_cat","embeddable":true,"href":"https:\/\/zkeshop.sk\/cs\/wp-json\/wp\/v2\/product_cat?post=15061"},{"taxonomy":"product_tag","embeddable":true,"href":"https:\/\/zkeshop.sk\/cs\/wp-json\/wp\/v2\/product_tag?post=15061"}],"curies":[{"name":"wp","href":"https:\/\/api.w.org\/{rel}","templated":true}]}}