{"id":15062,"date":"2025-01-29T14:41:17","date_gmt":"2025-02-18T09:18:32","guid":{"rendered":"https:\/\/zkeshop.sk\/produkt\/medik-8-total-moisture-denni-krem-na-oblicej\/"},"modified":"2025-05-06T14:33:37","modified_gmt":"2025-05-06T12:33:37","slug":"medik-8-total-moisture-denni-krem-na-oblicej","status":"publish","type":"product","link":"https:\/\/zkeshop.sk\/cs\/produkt\/medik-8-total-moisture-denni-krem-na-oblicej\/","title":{"rendered":"Medik 8 Total Moisture Denn\u00ed kr\u00e9m na obli\u010dej"},"content":{"rendered":"<h5 class=\"eshop-product-detail__subtitle\">Kr\u00e9m pro ka\u017edodenn\u00ed hydrataci<\/h5>\n<div class=\"eshop-product-detail__perex\">\n<p>TOTAL MOISTURE DAILY FACIAL CREAM od Medik8 hydratuje v\u0161echny vrstvy poko\u017eky, posiluje ko\u017en\u00ed bari\u00e9ru a podporuje zdrav\u00fd ko\u017en\u00ed mikrobiom. Pou\u017e\u00edvejte jej pro \u0161\u0165avnatou, sv\u011b\u017e\u00ed a silnou ple\u0165. R\u00e1no, ve\u010der nebo kdykoli, kdy va\u0161e ple\u0165 vykazuje zn\u00e1mky dehydratace.<\/p>\n<h2>Hydrata\u010dn\u00ed kr\u00e9m r\u00e1no a ve\u010der<\/h2>\n<p>TOTAL MOISTURE DAILY FACIAL CREAM od Medik8 je lehk\u00fd hydrata\u010dn\u00ed kr\u00e9m pro rann\u00ed a ve\u010dern\u00ed p\u00e9\u010di o ple\u0165. Vy\u017eivuje ple\u0165 a zanech\u00e1v\u00e1 ji jemnou, hladkou a hloubkov\u011b hydratovanou. Podle spot\u0159ebitelsk\u00e9 studie o kr\u00e9mu a\u017e 96 % \u00fa\u010dastn\u00edk\u016f uvedlo, \u017ee m\u00e1 v\u00fd\u017eivnou texturu* a dod\u00e1v\u00e1 pleti zdrav\u00fd lesk, ani\u017e by na n\u00ed zanech\u00e1val pocit mastnoty.<\/p>\n<h2>\u00da\u010dinky poc\u00edt\u00edte okam\u017eit\u011b po aplikaci<\/h2>\n<p>Ihned po aplikaci je ple\u0165 hydratovan\u00e1 a vypnut\u00e1 d\u00edky optimalizovan\u00e9mu pom\u011bru v\u00edcemolekul\u00e1rn\u00ed kyseliny hyaluronov\u00e9 a ceramid\u016f. Do 1 hodiny po aplikaci se zlep\u0161uje zdrav\u00ed pleti d\u00edky jedine\u010dn\u00e9mu obsahu prebiotick\u00fdch peptid\u016f, kter\u00e9 podporuj\u00ed ko\u017en\u00ed bari\u00e9ru.<\/p>\n<h2>Kr\u00e9m pro v\u0161echny typy pleti<\/h2>\n<p>DENN\u00cd KR\u00c9M NA OBLI\u010cEJ TOTAL MOISTURE je vhodn\u00fd pro v\u0161echny typy pleti, v\u010detn\u011b citliv\u00e9, mastn\u00e9 a velmi such\u00e9 nebo dehydrovan\u00e9. Nekomedogenn\u00ed slo\u017een\u00ed a lehk\u00e1 textura zaji\u0161\u0165uj\u00ed dokonal\u00e9 vst\u0159eb\u00e1n\u00ed do poko\u017eky. Pono\u0159te se do hloubkov\u00e9 hydratace a podpo\u0159te zdrav\u00ed ko\u017en\u00ed bari\u00e9ry.<\/p>\n<h2>Kr\u00e9m pro jemnou, pru\u017enou a zdravou poko\u017eku<\/h2>\n<ul>\n<li>Okam\u017eit\u011b a dlouhodob\u011b zvy\u0161uje hydrataci i v nejhlub\u0161\u00edch vrstv\u00e1ch poko\u017eky.<\/li>\n<li>Zlep\u0161uje pru\u017enost poko\u017eky ihned po aplikaci<\/li>\n<li>Zanech\u00e1v\u00e1 poko\u017eku zjemn\u011bnou a vyhlazenou<\/li>\n<li>Posiluje ko\u017en\u00ed bari\u00e9ru a zlep\u0161uje jej\u00ed fungov\u00e1n\u00ed<\/li>\n<li>Obnovuje rovnov\u00e1hu ko\u017en\u00edho mikrobiomu<\/li>\n<li>Dod\u00e1v\u00e1 pleti sv\u011b\u017e\u00ed jas a zdrav\u00fd vzhled b\u011bhem 1 hodiny<\/li>\n<li>Neucp\u00e1v\u00e1 p\u00f3ry<\/li>\n<li>Je ide\u00e1ln\u00ed jako podkladov\u00e1 b\u00e1ze pod make-up a SPF.<\/li>\n<\/ul>\n<h2>V\u00fdsledky potvrzuj\u00ed studie<\/h2>\n<ul>\n<li>Klinicky ov\u011b\u0159en\u00e1 hydratace po dobu 100 hodin*<\/li>\n<li>K okam\u017eit\u00e9mu vyhlazen\u00ed poko\u017eky a zjemn\u011bn\u00ed jej\u00ed pru\u017enosti sta\u010d\u00ed 1 pou\u017eit\u00ed**<\/li>\n<li>O 55 % lep\u0161\u00ed hydratace pleti*<\/li>\n<li>O 30 % lep\u0161\u00ed fungov\u00e1n\u00ed ochrann\u00e9 ko\u017en\u00ed bari\u00e9ry*<\/li>\n<li>100 % \u00fa\u010dastn\u00edk\u016f studie se shodlo, \u017ee jejich poko\u017eka je m\u00e9n\u011b such\u00e1 a m\u00e9n\u011b strnul\u00e1**.<\/li>\n<\/ul>\n<p><i>*Dok\u00e1z\u00e1no v nez\u00e1visl\u00e9 klinick\u00e9 studii, v n\u00ed\u017e denn\u00ed kr\u00e9m TOTAL MOISTURE DAILY FACIAL CREAM pou\u017e\u00edvalo 33 \u00fa\u010dastn\u00edk\u016f po dobu 2 t\u00fddn\u016f.<\/i><br \/>\n<i>**Dok\u00e1z\u00e1no v nez\u00e1visl\u00e9 klinick\u00e9 studii, v n\u00ed\u017e 35 \u00fa\u010dastn\u00edk\u016f pou\u017e\u00edvalo denn\u011b po dobu 4 t\u00fddn\u016f kr\u00e9m TOTAL MOISTURE DAILY FACIAL CREAM.<\/i><\/p>\n<h2>Aktivn\u00ed slo\u017eky pro pru\u017enou a hydratovanou poko\u017eku<\/h2>\n<p>P<strong>rebiotick\u00e9 peptidy<\/strong>: Pom\u00e1haj\u00ed udr\u017eovat rovnov\u00e1hu ko\u017en\u00edho mikrobiomu a obnovuj\u00ed a posiluj\u00ed ko\u017en\u00ed bari\u00e9ru. D\u00edky tomu stimuluj\u00ed vnit\u0159n\u00ed obranyschopnost poko\u017eky proti dehydrataci a po\u0161kozen\u00ed vn\u011bj\u0161\u00edmi stresory.<\/p>\n<p>V<strong>\u00edcemolekul\u00e1rn\u00ed kyselina hyaluronov\u00e1<\/strong>: Kyselina hyaluronov\u00e1 m\u00e1 schopnost p\u0159itahovat a zadr\u017eovat vodu &#8211; v\u00edce ne\u017e tis\u00edcin\u00e1sobek sv\u00e9 vlastn\u00ed hmotnosti. Pom\u00e1h\u00e1 hydratovat horn\u00ed vrstvy poko\u017eky t\u00edm, \u017ee do nich p\u0159itahuje vlhkost ze spodn\u00edch vrstev. D\u00edky tomu je ple\u0165 pru\u017en\u00e1 a viditeln\u011b hydratovan\u00e1 a vy\u017eiven\u00e1.<\/p>\n<p>C<strong>eramidy a lipidy<\/strong>: Ceramidy, skvalan a vitamin E se p\u0159irozen\u011b vyskytuj\u00ed v ko\u017en\u00ed bari\u00e9\u0159e. T\u00edm, \u017ee napodobuj\u00ed jej\u00ed p\u0159irozen\u00e9 fungov\u00e1n\u00ed, celkov\u011b posiluj\u00ed a obnovuj\u00ed poko\u017eku. V d\u016fsledku toho tak\u00e9 minimalizuj\u00ed vysu\u0161ov\u00e1n\u00ed.<\/p>\n<\/div>\n","protected":false},"excerpt":{"rendered":"<h5 class=\"eshop-product-detail__subtitle\">Kr\u00e9m pro ka\u017edodenn\u00ed hydrataci<\/h5>\n<div class=\"eshop-product-detail__perex\">\n<p>TOTAL MOISTURE DAILY FACIAL CREAM od Medik8 hydratuje v\u0161echny vrstvy poko\u017eky, posiluje ko\u017en\u00ed bari\u00e9ru a podporuje zdrav\u00fd ko\u017en\u00ed mikrobiom. Pou\u017e\u00edvejte jej pro \u0161\u0165avnatou, sv\u011b\u017e\u00ed a silnou ple\u0165. R\u00e1no, ve\u010der nebo kdykoli, kdy va\u0161e ple\u0165 vykazuje zn\u00e1mky dehydratace.<\/p>\n<\/div>\n","protected":false},"featured_media":14668,"comment_status":"open","ping_status":"closed","template":"","meta":[],"product_brand":[],"product_cat":[179,206,181,200,185,87,188],"product_tag":[159],"class_list":{"0":"post-15062","1":"product","2":"type-product","3":"status-publish","4":"has-post-thumbnail","6":"product_cat-citliva-plet-cs","7":"product_cat-den-cs","8":"product_cat-mastna-plet-cs","9":"product_cat-medik8-cs","10":"product_cat-normalni-plet","11":"product_cat-pletova-kosmetika","12":"product_cat-sucha-plet-cs","13":"product_tag-medik8","15":"first","16":"instock","17":"taxable","18":"shipping-taxable","19":"purchasable","20":"product-type-simple"},"yoast_head":"<!-- This site is optimized with the Yoast SEO Premium plugin v27.3 (Yoast SEO v27.3) - https:\/\/yoast.com\/product\/yoast-seo-premium-wordpress\/ -->\n<title>Medik 8 Total Moisture Denn\u00ed kr\u00e9m na obli\u010dej - ZK company<\/title>\n<meta name=\"description\" content=\"TOTAL MOISTURE DENN\u00cd KR\u00c9M NA OBLI\u010cEJ Hydrata\u010dn\u00ed kr\u00e9m Pou\u017e\u00edvejte r\u00e1no, ve\u010der nebo kdykoli, kdy va\u0161e ple\u0165 vykazuje zn\u00e1mky dehydratace.\" \/>\n<meta name=\"robots\" content=\"index, follow, max-snippet:-1, max-image-preview:large, max-video-preview:-1\" \/>\n<link rel=\"canonical\" href=\"https:\/\/zkeshop.sk\/cs\/produkt\/medik-8-total-moisture-denni-krem-na-oblicej\/\" \/>\n<meta property=\"og:locale\" content=\"cs_CZ\" \/>\n<meta property=\"og:type\" content=\"article\" \/>\n<meta property=\"og:title\" content=\"Medik 8 Total Moisture Denn\u00ed kr\u00e9m na obli\u010dej\" \/>\n<meta property=\"og:description\" content=\"TOTAL MOISTURE DENN\u00cd KR\u00c9M NA OBLI\u010cEJ Hydrata\u010dn\u00ed kr\u00e9m Pou\u017e\u00edvejte r\u00e1no, ve\u010der nebo kdykoli, kdy va\u0161e ple\u0165 vykazuje zn\u00e1mky dehydratace.\" \/>\n<meta property=\"og:url\" content=\"https:\/\/zkeshop.sk\/cs\/produkt\/medik-8-total-moisture-denni-krem-na-oblicej\/\" \/>\n<meta property=\"og:site_name\" content=\"ZK company\" \/>\n<meta property=\"article:modified_time\" content=\"2025-05-06T12:33:37+00:00\" \/>\n<meta property=\"og:image\" content=\"https:\/\/zkeshop.sk\/wp-content\/uploads\/2025\/01\/Copy-of-20231117-Total-Moisture-Facial-Cream-Cutout-ROW-2000-x-2000.png\" \/>\n\t<meta property=\"og:image:width\" content=\"2000\" \/>\n\t<meta property=\"og:image:height\" content=\"2000\" \/>\n\t<meta property=\"og:image:type\" content=\"image\/png\" \/>\n<meta name=\"twitter:card\" content=\"summary_large_image\" \/>\n<meta name=\"twitter:label1\" content=\"Cena\" \/>\n\t<meta name=\"twitter:data1\" content=\"55,00&nbsp;&euro;\" \/>\n\t<meta name=\"twitter:label2\" content=\"Dostupnost\" \/>\n\t<meta name=\"twitter:data2\" content=\"Skladem\" \/>\n<script type=\"application\/ld+json\" class=\"yoast-schema-graph\">{\"@context\":\"https:\\\/\\\/schema.org\",\"@graph\":[{\"@type\":\"WebPage\",\"@id\":\"https:\\\/\\\/zkeshop.sk\\\/cs\\\/produkt\\\/medik-8-total-moisture-denni-krem-na-oblicej\\\/\",\"url\":\"https:\\\/\\\/zkeshop.sk\\\/cs\\\/produkt\\\/medik-8-total-moisture-denni-krem-na-oblicej\\\/\",\"name\":\"Medik 8 Total Moisture Denn\u00ed kr\u00e9m na obli\u010dej - ZK company\",\"isPartOf\":{\"@id\":\"https:\\\/\\\/zkeshop.sk\\\/#website\"},\"primaryImageOfPage\":{\"@id\":\"https:\\\/\\\/zkeshop.sk\\\/cs\\\/produkt\\\/medik-8-total-moisture-denni-krem-na-oblicej\\\/#primaryimage\"},\"image\":{\"@id\":\"https:\\\/\\\/zkeshop.sk\\\/cs\\\/produkt\\\/medik-8-total-moisture-denni-krem-na-oblicej\\\/#primaryimage\"},\"thumbnailUrl\":\"https:\\\/\\\/zkeshop.sk\\\/wp-content\\\/uploads\\\/2025\\\/01\\\/Copy-of-20231117-Total-Moisture-Facial-Cream-Cutout-ROW-2000-x-2000.png\",\"datePublished\":\"2025-02-18T09:18:32+00:00\",\"dateModified\":\"2025-05-06T12:33:37+00:00\",\"description\":\"TOTAL MOISTURE DENN\u00cd KR\u00c9M NA OBLI\u010cEJ Hydrata\u010dn\u00ed kr\u00e9m Pou\u017e\u00edvejte r\u00e1no, ve\u010der nebo kdykoli, kdy va\u0161e ple\u0165 vykazuje zn\u00e1mky dehydratace.\",\"breadcrumb\":{\"@id\":\"https:\\\/\\\/zkeshop.sk\\\/cs\\\/produkt\\\/medik-8-total-moisture-denni-krem-na-oblicej\\\/#breadcrumb\"},\"inLanguage\":\"cs\",\"potentialAction\":[{\"@type\":\"ReadAction\",\"target\":[\"https:\\\/\\\/zkeshop.sk\\\/cs\\\/produkt\\\/medik-8-total-moisture-denni-krem-na-oblicej\\\/\"]}]},{\"@type\":\"ImageObject\",\"inLanguage\":\"cs\",\"@id\":\"https:\\\/\\\/zkeshop.sk\\\/cs\\\/produkt\\\/medik-8-total-moisture-denni-krem-na-oblicej\\\/#primaryimage\",\"url\":\"https:\\\/\\\/zkeshop.sk\\\/wp-content\\\/uploads\\\/2025\\\/01\\\/Copy-of-20231117-Total-Moisture-Facial-Cream-Cutout-ROW-2000-x-2000.png\",\"contentUrl\":\"https:\\\/\\\/zkeshop.sk\\\/wp-content\\\/uploads\\\/2025\\\/01\\\/Copy-of-20231117-Total-Moisture-Facial-Cream-Cutout-ROW-2000-x-2000.png\",\"width\":2000,\"height\":2000,\"caption\":\"Hydrata\u010dn\u00fd kr\u00e9m TOTAL MOISTURE DAILY FACIAL CREAM od Medik8 pre h\u013abkov\u00fa hydrat\u00e1ciu a zdrav\u00fd jas pleti. Posil\u0148uje ko\u017en\u00fa bari\u00e9ru, podporuje mikrobi\u00f3m pleti.\"},{\"@type\":\"BreadcrumbList\",\"@id\":\"https:\\\/\\\/zkeshop.sk\\\/cs\\\/produkt\\\/medik-8-total-moisture-denni-krem-na-oblicej\\\/#breadcrumb\",\"itemListElement\":[{\"@type\":\"ListItem\",\"position\":1,\"name\":\"Dom\u016f\",\"item\":\"https:\\\/\\\/zkeshop.sk\\\/\"},{\"@type\":\"ListItem\",\"position\":2,\"name\":\"Obchod\",\"item\":\"https:\\\/\\\/zkeshop.sk\\\/obchod\\\/\"},{\"@type\":\"ListItem\",\"position\":3,\"name\":\"Medik 8 Total Moisture Denn\u00ed kr\u00e9m na obli\u010dej\"}]},{\"@type\":\"WebSite\",\"@id\":\"https:\\\/\\\/zkeshop.sk\\\/#website\",\"url\":\"https:\\\/\\\/zkeshop.sk\\\/\",\"name\":\"ZK company\",\"description\":\"Kvalitn\u00e1 kozmetika pre ka\u017edodenn\u00e9 pou\u017eitie\",\"potentialAction\":[{\"@type\":\"SearchAction\",\"target\":{\"@type\":\"EntryPoint\",\"urlTemplate\":\"https:\\\/\\\/zkeshop.sk\\\/?s={search_term_string}\"},\"query-input\":{\"@type\":\"PropertyValueSpecification\",\"valueRequired\":true,\"valueName\":\"search_term_string\"}}],\"inLanguage\":\"cs\"}]}<\/script>\n<meta property=\"product:price:amount\" content=\"55.00\" \/>\n<meta property=\"product:price:currency\" content=\"EUR\" \/>\n<meta property=\"og:availability\" content=\"instock\" \/>\n<meta property=\"product:availability\" content=\"instock\" \/>\n<meta property=\"product:condition\" content=\"new\" \/>\n<!-- \/ Yoast SEO Premium plugin. -->","yoast_head_json":{"title":"Medik 8 Total Moisture Denn\u00ed kr\u00e9m na obli\u010dej - ZK company","description":"TOTAL MOISTURE DENN\u00cd KR\u00c9M NA OBLI\u010cEJ Hydrata\u010dn\u00ed kr\u00e9m Pou\u017e\u00edvejte r\u00e1no, ve\u010der nebo kdykoli, kdy va\u0161e ple\u0165 vykazuje zn\u00e1mky dehydratace.","robots":{"index":"index","follow":"follow","max-snippet":"max-snippet:-1","max-image-preview":"max-image-preview:large","max-video-preview":"max-video-preview:-1"},"canonical":"https:\/\/zkeshop.sk\/cs\/produkt\/medik-8-total-moisture-denni-krem-na-oblicej\/","og_locale":"cs_CZ","og_type":"article","og_title":"Medik 8 Total Moisture Denn\u00ed kr\u00e9m na obli\u010dej","og_description":"TOTAL MOISTURE DENN\u00cd KR\u00c9M NA OBLI\u010cEJ Hydrata\u010dn\u00ed kr\u00e9m Pou\u017e\u00edvejte r\u00e1no, ve\u010der nebo kdykoli, kdy va\u0161e ple\u0165 vykazuje zn\u00e1mky dehydratace.","og_url":"https:\/\/zkeshop.sk\/cs\/produkt\/medik-8-total-moisture-denni-krem-na-oblicej\/","og_site_name":"ZK company","article_modified_time":"2025-05-06T12:33:37+00:00","og_image":[{"width":2000,"height":2000,"url":"https:\/\/zkeshop.sk\/wp-content\/uploads\/2025\/01\/Copy-of-20231117-Total-Moisture-Facial-Cream-Cutout-ROW-2000-x-2000.png","type":"image\/png"}],"twitter_card":"summary_large_image","twitter_misc":{"Cena":"55,00&nbsp;&euro;","Dostupnost":"Skladem"},"schema":{"@context":"https:\/\/schema.org","@graph":[{"@type":"WebPage","@id":"https:\/\/zkeshop.sk\/cs\/produkt\/medik-8-total-moisture-denni-krem-na-oblicej\/","url":"https:\/\/zkeshop.sk\/cs\/produkt\/medik-8-total-moisture-denni-krem-na-oblicej\/","name":"Medik 8 Total Moisture Denn\u00ed kr\u00e9m na obli\u010dej - ZK company","isPartOf":{"@id":"https:\/\/zkeshop.sk\/#website"},"primaryImageOfPage":{"@id":"https:\/\/zkeshop.sk\/cs\/produkt\/medik-8-total-moisture-denni-krem-na-oblicej\/#primaryimage"},"image":{"@id":"https:\/\/zkeshop.sk\/cs\/produkt\/medik-8-total-moisture-denni-krem-na-oblicej\/#primaryimage"},"thumbnailUrl":"https:\/\/zkeshop.sk\/wp-content\/uploads\/2025\/01\/Copy-of-20231117-Total-Moisture-Facial-Cream-Cutout-ROW-2000-x-2000.png","datePublished":"2025-02-18T09:18:32+00:00","dateModified":"2025-05-06T12:33:37+00:00","description":"TOTAL MOISTURE DENN\u00cd KR\u00c9M NA OBLI\u010cEJ Hydrata\u010dn\u00ed kr\u00e9m Pou\u017e\u00edvejte r\u00e1no, ve\u010der nebo kdykoli, kdy va\u0161e ple\u0165 vykazuje zn\u00e1mky dehydratace.","breadcrumb":{"@id":"https:\/\/zkeshop.sk\/cs\/produkt\/medik-8-total-moisture-denni-krem-na-oblicej\/#breadcrumb"},"inLanguage":"cs","potentialAction":[{"@type":"ReadAction","target":["https:\/\/zkeshop.sk\/cs\/produkt\/medik-8-total-moisture-denni-krem-na-oblicej\/"]}]},{"@type":"ImageObject","inLanguage":"cs","@id":"https:\/\/zkeshop.sk\/cs\/produkt\/medik-8-total-moisture-denni-krem-na-oblicej\/#primaryimage","url":"https:\/\/zkeshop.sk\/wp-content\/uploads\/2025\/01\/Copy-of-20231117-Total-Moisture-Facial-Cream-Cutout-ROW-2000-x-2000.png","contentUrl":"https:\/\/zkeshop.sk\/wp-content\/uploads\/2025\/01\/Copy-of-20231117-Total-Moisture-Facial-Cream-Cutout-ROW-2000-x-2000.png","width":2000,"height":2000,"caption":"Hydrata\u010dn\u00fd kr\u00e9m TOTAL MOISTURE DAILY FACIAL CREAM od Medik8 pre h\u013abkov\u00fa hydrat\u00e1ciu a zdrav\u00fd jas pleti. Posil\u0148uje ko\u017en\u00fa bari\u00e9ru, podporuje mikrobi\u00f3m pleti."},{"@type":"BreadcrumbList","@id":"https:\/\/zkeshop.sk\/cs\/produkt\/medik-8-total-moisture-denni-krem-na-oblicej\/#breadcrumb","itemListElement":[{"@type":"ListItem","position":1,"name":"Dom\u016f","item":"https:\/\/zkeshop.sk\/"},{"@type":"ListItem","position":2,"name":"Obchod","item":"https:\/\/zkeshop.sk\/obchod\/"},{"@type":"ListItem","position":3,"name":"Medik 8 Total Moisture Denn\u00ed kr\u00e9m na obli\u010dej"}]},{"@type":"WebSite","@id":"https:\/\/zkeshop.sk\/#website","url":"https:\/\/zkeshop.sk\/","name":"ZK company","description":"Kvalitn\u00e1 kozmetika pre ka\u017edodenn\u00e9 pou\u017eitie","potentialAction":[{"@type":"SearchAction","target":{"@type":"EntryPoint","urlTemplate":"https:\/\/zkeshop.sk\/?s={search_term_string}"},"query-input":{"@type":"PropertyValueSpecification","valueRequired":true,"valueName":"search_term_string"}}],"inLanguage":"cs"}]},"product_price_amount":"55.00","product_price_currency":"EUR","og_availability":"instock","product_availability":"instock","product_condition":"new"},"_links":{"self":[{"href":"https:\/\/zkeshop.sk\/cs\/wp-json\/wp\/v2\/product\/15062","targetHints":{"allow":["GET"]}}],"collection":[{"href":"https:\/\/zkeshop.sk\/cs\/wp-json\/wp\/v2\/product"}],"about":[{"href":"https:\/\/zkeshop.sk\/cs\/wp-json\/wp\/v2\/types\/product"}],"replies":[{"embeddable":true,"href":"https:\/\/zkeshop.sk\/cs\/wp-json\/wp\/v2\/comments?post=15062"}],"version-history":[{"count":0,"href":"https:\/\/zkeshop.sk\/cs\/wp-json\/wp\/v2\/product\/15062\/revisions"}],"wp:featuredmedia":[{"embeddable":true,"href":"https:\/\/zkeshop.sk\/cs\/wp-json\/wp\/v2\/media\/14668"}],"wp:attachment":[{"href":"https:\/\/zkeshop.sk\/cs\/wp-json\/wp\/v2\/media?parent=15062"}],"wp:term":[{"taxonomy":"product_brand","embeddable":true,"href":"https:\/\/zkeshop.sk\/cs\/wp-json\/wp\/v2\/product_brand?post=15062"},{"taxonomy":"product_cat","embeddable":true,"href":"https:\/\/zkeshop.sk\/cs\/wp-json\/wp\/v2\/product_cat?post=15062"},{"taxonomy":"product_tag","embeddable":true,"href":"https:\/\/zkeshop.sk\/cs\/wp-json\/wp\/v2\/product_tag?post=15062"}],"curies":[{"name":"wp","href":"https:\/\/api.w.org\/{rel}","templated":true}]}}